{"id":1014,"date":"2015-02-10T06:35:14","date_gmt":"2015-02-10T04:35:14","guid":{"rendered":"http:\/\/www.grupnexus.com\/servicios-al-cliente\/amplitud-horaria\/"},"modified":"2023-08-24T19:38:32","modified_gmt":"2023-08-24T17:38:32","slug":"amplitud-horaria","status":"publish","type":"page","link":"https:\/\/grupnexus.com\/es\/servicios-al-cliente\/amplitud-horaria\/","title":{"rendered":"Amplitud horaria"},"content":{"rendered":"\t\t<h2 class=\"text-divider-double\">\t\t\t\nAmplitud horaria\t\t<\/h2>\t\t<div class=\"sep\"><\/div>\t\n<div class=\"row \"><div class=\"wpv-grid grid-1-2  wpv-first-level first unextended\" style=\"padding-top:0px;padding-bottom:0px\" id=\"wpv-column-fdafa187bbacec6fec6f44682bf5924c\" ><p><a href=\"https:\/\/grupnexus.com\/wp-content\/uploads\/SERVEIS_Horari.jpg\"><img loading=\"lazy\" class=\"alignleft wp-image-23911 size-full\" src=\"https:\/\/grupnexus.com\/wp-content\/uploads\/SERVEIS_Horari.jpg\" alt=\"SERVEIS_Horari\" width=\"400\" height=\"267\" srcset=\"https:\/\/grupnexus.com\/wp-content\/uploads\/SERVEIS_Horari.jpg 400w, https:\/\/grupnexus.com\/wp-content\/uploads\/SERVEIS_Horari-300x200.jpg 300w\" sizes=\"(max-width: 400px) 100vw, 400px\" \/><\/a><\/div>\n<div class=\"wpv-grid grid-1-2  wpv-first-level unextended\" style=\"padding-top:0px;padding-bottom:0px\" id=\"wpv-column-d098671c53ca133a678fae7be1559af4\" ><p>De lunes a viernes: de 9 a 21 h (ininterrumpidamente)<\/p>\n<p>S\u00e1bados cerrado<\/div><\/div>\n<div class=\"sep\"><\/div>\n<div class=\"row \"><div class=\"wpv-grid grid-1-1  wpv-first-level first unextended\" style=\"padding-top:0px;padding-bottom:0px\" id=\"wpv-column-61e2820246d4c7a6a882cadeed0c4e78\" ><p style=\"text-align: center;\"><div class=\"push\" style='height:5px'><\/div>\n<h3 style=\"text-align: center;\">Conoce el resto de ventajas \u00a0 <a href=\"\/es\/servicios-al-cliente\/\" target=\"_self\" style='font-size: 18px;' class=\"button vamtam-button accent1  button-border hover-accent1 \"><span class=\"btext\">Servicios al cliente \u2192<\/span><\/a><\/h3><\/div><\/div>\n","protected":false},"excerpt":{"rendered":"<p>De lunes a viernes: de 9 a 21 h (ininterrumpidamente) S\u00e1bados cerrado Conoce el resto de ventajas \u00a0<\/p>\n","protected":false},"author":5,"featured_media":0,"parent":8988,"menu_order":0,"comment_status":"closed","ping_status":"closed","template":"","meta":[],"yoast_head":"<!-- This site is optimized with the Yoast SEO plugin v18.6 - https:\/\/yoast.com\/wordpress\/plugins\/seo\/ -->\n<title>Amplitud horaria - Cl\u00ednica Nexus<\/title>\n<meta name=\"robots\" content=\"index, follow, max-snippet:-1, max-image-preview:large, max-video-preview:-1\" \/>\n<link rel=\"canonical\" href=\"https:\/\/grupnexus.com\/es\/servicios-al-cliente\/amplitud-horaria\/\" \/>\n<meta property=\"og:locale\" content=\"es_ES\" \/>\n<meta property=\"og:type\" content=\"article\" \/>\n<meta property=\"og:title\" content=\"Amplitud horaria - Cl\u00ednica Nexus\" \/>\n<meta property=\"og:description\" content=\"De lunes a viernes: de 9 a 21 h (ininterrumpidamente) S\u00e1bados cerrado Conoce el resto de ventajas \u00a0\" \/>\n<meta property=\"og:url\" content=\"https:\/\/grupnexus.com\/es\/servicios-al-cliente\/amplitud-horaria\/\" \/>\n<meta property=\"og:site_name\" content=\"Cl\u00ednica Nexus\" \/>\n<meta property=\"article:modified_time\" content=\"2023-08-24T17:38:32+00:00\" \/>\n<meta property=\"og:image\" content=\"https:\/\/grupnexus.com\/wp-content\/uploads\/SERVEIS_Horari.jpg\" \/>\n<meta name=\"twitter:card\" content=\"summary\" \/>\n<meta name=\"twitter:label1\" content=\"Tiempo de lectura\" \/>\n\t<meta name=\"twitter:data1\" content=\"1 minuto\" \/>\n<script type=\"application\/ld+json\" class=\"yoast-schema-graph\">{\"@context\":\"https:\/\/schema.org\",\"@graph\":[{\"@type\":\"WebSite\",\"@id\":\"https:\/\/grupnexus.com\/es\/#website\",\"url\":\"https:\/\/grupnexus.com\/es\/\",\"name\":\"Cl\u00ednica Nexus\",\"description\":\"L\u00edders en Medicina Est\u00e8tica Avan\u00e7ada\",\"potentialAction\":[{\"@type\":\"SearchAction\",\"target\":{\"@type\":\"EntryPoint\",\"urlTemplate\":\"https:\/\/grupnexus.com\/es\/?s={search_term_string}\"},\"query-input\":\"required name=search_term_string\"}],\"inLanguage\":\"es\"},{\"@type\":\"ImageObject\",\"@id\":\"https:\/\/grupnexus.com\/es\/servicios-al-cliente\/amplitud-horaria\/#primaryimage\",\"inLanguage\":\"es\",\"url\":\"https:\/\/grupnexus.com\/wp-content\/uploads\/SERVEIS_Horari.jpg\",\"contentUrl\":\"https:\/\/grupnexus.com\/wp-content\/uploads\/SERVEIS_Horari.jpg\",\"width\":400,\"height\":267},{\"@type\":\"WebPage\",\"@id\":\"https:\/\/grupnexus.com\/es\/servicios-al-cliente\/amplitud-horaria\/#webpage\",\"url\":\"https:\/\/grupnexus.com\/es\/servicios-al-cliente\/amplitud-horaria\/\",\"name\":\"Amplitud horaria - Cl\u00ednica Nexus\",\"isPartOf\":{\"@id\":\"https:\/\/grupnexus.com\/es\/#website\"},\"primaryImageOfPage\":{\"@id\":\"https:\/\/grupnexus.com\/es\/servicios-al-cliente\/amplitud-horaria\/#primaryimage\"},\"datePublished\":\"2015-02-10T04:35:14+00:00\",\"dateModified\":\"2023-08-24T17:38:32+00:00\",\"breadcrumb\":{\"@id\":\"https:\/\/grupnexus.com\/es\/servicios-al-cliente\/amplitud-horaria\/#breadcrumb\"},\"inLanguage\":\"es\",\"potentialAction\":[{\"@type\":\"ReadAction\",\"target\":[\"https:\/\/grupnexus.com\/es\/servicios-al-cliente\/amplitud-horaria\/\"]}]},{\"@type\":\"BreadcrumbList\",\"@id\":\"https:\/\/grupnexus.com\/es\/servicios-al-cliente\/amplitud-horaria\/#breadcrumb\",\"itemListElement\":[{\"@type\":\"ListItem\",\"position\":1,\"name\":\"Portada\",\"item\":\"https:\/\/grupnexus.com\/es\/\"},{\"@type\":\"ListItem\",\"position\":2,\"name\":\"Novedades, ofertas y promociones&#8230;\",\"item\":\"https:\/\/grupnexus.com\/es\/servicios-al-cliente\/\"},{\"@type\":\"ListItem\",\"position\":3,\"name\":\"Amplitud horaria\"}]}]}<\/script>\n<!-- \/ Yoast SEO plugin. -->","yoast_head_json":{"title":"Amplitud horaria - Cl\u00ednica Nexus","robots":{"index":"index","follow":"follow","max-snippet":"max-snippet:-1","max-image-preview":"max-image-preview:large","max-video-preview":"max-video-preview:-1"},"canonical":"https:\/\/grupnexus.com\/es\/servicios-al-cliente\/amplitud-horaria\/","og_locale":"es_ES","og_type":"article","og_title":"Amplitud horaria - Cl\u00ednica Nexus","og_description":"De lunes a viernes: de 9 a 21 h (ininterrumpidamente) S\u00e1bados cerrado Conoce el resto de ventajas \u00a0","og_url":"https:\/\/grupnexus.com\/es\/servicios-al-cliente\/amplitud-horaria\/","og_site_name":"Cl\u00ednica Nexus","article_modified_time":"2023-08-24T17:38:32+00:00","og_image":[{"url":"https:\/\/grupnexus.com\/wp-content\/uploads\/SERVEIS_Horari.jpg"}],"twitter_card":"summary","twitter_misc":{"Tiempo de lectura":"1 minuto"},"schema":{"@context":"https:\/\/schema.org","@graph":[{"@type":"WebSite","@id":"https:\/\/grupnexus.com\/es\/#website","url":"https:\/\/grupnexus.com\/es\/","name":"Cl\u00ednica Nexus","description":"L\u00edders en Medicina Est\u00e8tica Avan\u00e7ada","potentialAction":[{"@type":"SearchAction","target":{"@type":"EntryPoint","urlTemplate":"https:\/\/grupnexus.com\/es\/?s={search_term_string}"},"query-input":"required name=search_term_string"}],"inLanguage":"es"},{"@type":"ImageObject","@id":"https:\/\/grupnexus.com\/es\/servicios-al-cliente\/amplitud-horaria\/#primaryimage","inLanguage":"es","url":"https:\/\/grupnexus.com\/wp-content\/uploads\/SERVEIS_Horari.jpg","contentUrl":"https:\/\/grupnexus.com\/wp-content\/uploads\/SERVEIS_Horari.jpg","width":400,"height":267},{"@type":"WebPage","@id":"https:\/\/grupnexus.com\/es\/servicios-al-cliente\/amplitud-horaria\/#webpage","url":"https:\/\/grupnexus.com\/es\/servicios-al-cliente\/amplitud-horaria\/","name":"Amplitud horaria - Cl\u00ednica Nexus","isPartOf":{"@id":"https:\/\/grupnexus.com\/es\/#website"},"primaryImageOfPage":{"@id":"https:\/\/grupnexus.com\/es\/servicios-al-cliente\/amplitud-horaria\/#primaryimage"},"datePublished":"2015-02-10T04:35:14+00:00","dateModified":"2023-08-24T17:38:32+00:00","breadcrumb":{"@id":"https:\/\/grupnexus.com\/es\/servicios-al-cliente\/amplitud-horaria\/#breadcrumb"},"inLanguage":"es","potentialAction":[{"@type":"ReadAction","target":["https:\/\/grupnexus.com\/es\/servicios-al-cliente\/amplitud-horaria\/"]}]},{"@type":"BreadcrumbList","@id":"https:\/\/grupnexus.com\/es\/servicios-al-cliente\/amplitud-horaria\/#breadcrumb","itemListElement":[{"@type":"ListItem","position":1,"name":"Portada","item":"https:\/\/grupnexus.com\/es\/"},{"@type":"ListItem","position":2,"name":"Novedades, ofertas y promociones&#8230;","item":"https:\/\/grupnexus.com\/es\/servicios-al-cliente\/"},{"@type":"ListItem","position":3,"name":"Amplitud horaria"}]}]}},"_links":{"self":[{"href":"https:\/\/grupnexus.com\/es\/wp-json\/wp\/v2\/pages\/1014"}],"collection":[{"href":"https:\/\/grupnexus.com\/es\/wp-json\/wp\/v2\/pages"}],"about":[{"href":"https:\/\/grupnexus.com\/es\/wp-json\/wp\/v2\/types\/page"}],"author":[{"embeddable":true,"href":"https:\/\/grupnexus.com\/es\/wp-json\/wp\/v2\/users\/5"}],"replies":[{"embeddable":true,"href":"https:\/\/grupnexus.com\/es\/wp-json\/wp\/v2\/comments?post=1014"}],"version-history":[{"count":5,"href":"https:\/\/grupnexus.com\/es\/wp-json\/wp\/v2\/pages\/1014\/revisions"}],"predecessor-version":[{"id":53133,"href":"https:\/\/grupnexus.com\/es\/wp-json\/wp\/v2\/pages\/1014\/revisions\/53133"}],"up":[{"embeddable":true,"href":"https:\/\/grupnexus.com\/es\/wp-json\/wp\/v2\/pages\/8988"}],"wp:attachment":[{"href":"https:\/\/grupnexus.com\/es\/wp-json\/wp\/v2\/media?parent=1014"}],"curies":[{"name":"wp","href":"https:\/\/api.w.org\/{rel}","templated":true}]}}