{"id":1017,"date":"2015-02-10T06:21:59","date_gmt":"2015-02-10T05:21:59","guid":{"rendered":"http:\/\/www.grupnexus.com\/servicios-al-cliente\/facilitats-de-pagament-financament-mida\/"},"modified":"2021-07-22T09:48:35","modified_gmt":"2021-07-22T07:48:35","slug":"facilidades-de-pago-financiacion-a-medida","status":"publish","type":"page","link":"https:\/\/grupnexus.com\/es\/servicios-al-cliente\/facilidades-de-pago-financiacion-a-medida\/","title":{"rendered":"Facilidades de pago: financiaci\u00f3n a medida"},"content":{"rendered":"\t\t<h2 class=\"text-divider-double\">\t\t\t\nFacilidades de pago: financiaci\u00f3n a medida\t\t<\/h2>\t\t<div class=\"sep\"><\/div>\t\n<div class=\"row \"><div class=\"wpv-grid grid-1-3  wpv-first-level first unextended\" style=\"padding-top:0px;padding-bottom:0px\" id=\"wpv-column-90cec84fcbd75564afa7c59c06deb49d\" ><p><img class=\"aligncenter wp-image-24144 size-full\" src=\"https:\/\/grupnexus.com\/wp-content\/uploads\/2021\/07\/logo-medicina-financiada.png\" alt=\"\" \/><\/div>\n<div class=\"wpv-grid grid-2-3  wpv-first-level unextended\" style=\"padding-top:0px;padding-bottom:0px\" id=\"wpv-column-a9f217256f5a909d1ab6471b3df934f8\" ><p>A trav\u00e9s de Tu Medicina Financiada, tienes la posibilidad de escoger la cuota que m\u00e1s se adapte a tus necesidades.<\/p>\n<p>Calcula una simulaci\u00f3n sin compormiso desde el bot\u00f3n situado en el margen inferior derecho, con respuesta inmediata.<\/p>\n<ul>\n<li>Financiaci\u00f3n desde 3 hasta 60 meses<\/li>\n<li>Financiaci\u00f3n desde 500\u20ac hasta 21.000\u20ac<\/li>\n<li>Respuesta inmediata<\/li>\n<\/ul><\/div><\/div>\n<div class=\"sep\"><\/div>\n<div class=\"row \"><div class=\"wpv-grid grid-1-1  wpv-first-level first unextended\" style=\"padding-top:0px;padding-bottom:0px\" id=\"wpv-column-93e1952a66811059ad1f5e7a46b9a257\" ><p style=\"text-align: center;\"><div class=\"push\" style='height:5px'><\/div>\n<h3 style=\"text-align: center;\">Conoce el resto de ventajas \u00a0 <a href=\"\/es\/servicios-al-cliente\/\" target=\"_self\" style='font-size: 18px;' class=\"button vamtam-button accent1  button-border hover-accent1 \"><span class=\"btext\">Servicios al cliente \u2192<\/span><\/a><\/h3><\/div><\/div>\n","protected":false},"excerpt":{"rendered":"<p>A trav\u00e9s de Tu Medicina Financiada, tienes la posibilidad de escoger la cuota que m\u00e1s se adapte a tus necesidades. Calcula una simulaci\u00f3n sin compormiso desde el bot\u00f3n situado en el margen inferior derecho, con respuesta inmediata. Financiaci\u00f3n desde 3 hasta 60 meses Financiaci\u00f3n desde 500\u20ac hasta 21.000\u20ac Respuesta inmediata Conoce el resto de ventajas&#8230;<\/p>\n","protected":false},"author":5,"featured_media":0,"parent":8988,"menu_order":0,"comment_status":"closed","ping_status":"closed","template":"","meta":[],"yoast_head":"<!-- This site is optimized with the Yoast SEO plugin v18.6 - https:\/\/yoast.com\/wordpress\/plugins\/seo\/ -->\n<title>Facilidades de pago: financiaci\u00f3n a medida - Cl\u00ednica Nexus<\/title>\n<meta name=\"robots\" content=\"index, follow, max-snippet:-1, max-image-preview:large, max-video-preview:-1\" \/>\n<link rel=\"canonical\" href=\"https:\/\/grupnexus.com\/es\/servicios-al-cliente\/facilidades-de-pago-financiacion-a-medida\/\" \/>\n<meta property=\"og:locale\" content=\"es_ES\" \/>\n<meta property=\"og:type\" content=\"article\" \/>\n<meta property=\"og:title\" content=\"Facilidades de pago: financiaci\u00f3n a medida - Cl\u00ednica Nexus\" \/>\n<meta property=\"og:description\" content=\"A trav\u00e9s de Tu Medicina Financiada, tienes la posibilidad de escoger la cuota que m\u00e1s se adapte a tus necesidades. Calcula una simulaci\u00f3n sin compormiso desde el bot\u00f3n situado en el margen inferior derecho, con respuesta inmediata. Financiaci\u00f3n desde 3 hasta 60 meses Financiaci\u00f3n desde 500\u20ac hasta 21.000\u20ac Respuesta inmediata Conoce el resto de ventajas...\" \/>\n<meta property=\"og:url\" content=\"https:\/\/grupnexus.com\/es\/servicios-al-cliente\/facilidades-de-pago-financiacion-a-medida\/\" \/>\n<meta property=\"og:site_name\" content=\"Cl\u00ednica Nexus\" \/>\n<meta property=\"article:modified_time\" content=\"2021-07-22T07:48:35+00:00\" \/>\n<meta property=\"og:image\" content=\"https:\/\/grupnexus.com\/wp-content\/uploads\/2021\/07\/logo-medicina-financiada.png\" \/>\n<meta name=\"twitter:card\" content=\"summary\" \/>\n<meta name=\"twitter:label1\" content=\"Tiempo de lectura\" \/>\n\t<meta name=\"twitter:data1\" content=\"1 minuto\" \/>\n<script type=\"application\/ld+json\" class=\"yoast-schema-graph\">{\"@context\":\"https:\/\/schema.org\",\"@graph\":[{\"@type\":\"WebSite\",\"@id\":\"https:\/\/grupnexus.com\/es\/#website\",\"url\":\"https:\/\/grupnexus.com\/es\/\",\"name\":\"Cl\u00ednica Nexus\",\"description\":\"L\u00edders en Medicina Est\u00e8tica Avan\u00e7ada\",\"potentialAction\":[{\"@type\":\"SearchAction\",\"target\":{\"@type\":\"EntryPoint\",\"urlTemplate\":\"https:\/\/grupnexus.com\/es\/?s={search_term_string}\"},\"query-input\":\"required name=search_term_string\"}],\"inLanguage\":\"es\"},{\"@type\":\"ImageObject\",\"@id\":\"https:\/\/grupnexus.com\/es\/servicios-al-cliente\/facilidades-de-pago-financiacion-a-medida\/#primaryimage\",\"inLanguage\":\"es\",\"url\":\"https:\/\/grupnexus.com\/wp-content\/uploads\/2021\/07\/logo-medicina-financiada.png\",\"contentUrl\":\"https:\/\/grupnexus.com\/wp-content\/uploads\/2021\/07\/logo-medicina-financiada.png\",\"width\":179,\"height\":47},{\"@type\":\"WebPage\",\"@id\":\"https:\/\/grupnexus.com\/es\/servicios-al-cliente\/facilidades-de-pago-financiacion-a-medida\/#webpage\",\"url\":\"https:\/\/grupnexus.com\/es\/servicios-al-cliente\/facilidades-de-pago-financiacion-a-medida\/\",\"name\":\"Facilidades de pago: financiaci\u00f3n a medida - Cl\u00ednica Nexus\",\"isPartOf\":{\"@id\":\"https:\/\/grupnexus.com\/es\/#website\"},\"primaryImageOfPage\":{\"@id\":\"https:\/\/grupnexus.com\/es\/servicios-al-cliente\/facilidades-de-pago-financiacion-a-medida\/#primaryimage\"},\"datePublished\":\"2015-02-10T05:21:59+00:00\",\"dateModified\":\"2021-07-22T07:48:35+00:00\",\"breadcrumb\":{\"@id\":\"https:\/\/grupnexus.com\/es\/servicios-al-cliente\/facilidades-de-pago-financiacion-a-medida\/#breadcrumb\"},\"inLanguage\":\"es\",\"potentialAction\":[{\"@type\":\"ReadAction\",\"target\":[\"https:\/\/grupnexus.com\/es\/servicios-al-cliente\/facilidades-de-pago-financiacion-a-medida\/\"]}]},{\"@type\":\"BreadcrumbList\",\"@id\":\"https:\/\/grupnexus.com\/es\/servicios-al-cliente\/facilidades-de-pago-financiacion-a-medida\/#breadcrumb\",\"itemListElement\":[{\"@type\":\"ListItem\",\"position\":1,\"name\":\"Portada\",\"item\":\"https:\/\/grupnexus.com\/es\/\"},{\"@type\":\"ListItem\",\"position\":2,\"name\":\"Novedades, ofertas y promociones&#8230;\",\"item\":\"https:\/\/grupnexus.com\/es\/servicios-al-cliente\/\"},{\"@type\":\"ListItem\",\"position\":3,\"name\":\"Facilidades de pago: financiaci\u00f3n a medida\"}]}]}<\/script>\n<!-- \/ Yoast SEO plugin. -->","yoast_head_json":{"title":"Facilidades de pago: financiaci\u00f3n a medida - Cl\u00ednica Nexus","robots":{"index":"index","follow":"follow","max-snippet":"max-snippet:-1","max-image-preview":"max-image-preview:large","max-video-preview":"max-video-preview:-1"},"canonical":"https:\/\/grupnexus.com\/es\/servicios-al-cliente\/facilidades-de-pago-financiacion-a-medida\/","og_locale":"es_ES","og_type":"article","og_title":"Facilidades de pago: financiaci\u00f3n a medida - Cl\u00ednica Nexus","og_description":"A trav\u00e9s de Tu Medicina Financiada, tienes la posibilidad de escoger la cuota que m\u00e1s se adapte a tus necesidades. Calcula una simulaci\u00f3n sin compormiso desde el bot\u00f3n situado en el margen inferior derecho, con respuesta inmediata. Financiaci\u00f3n desde 3 hasta 60 meses Financiaci\u00f3n desde 500\u20ac hasta 21.000\u20ac Respuesta inmediata Conoce el resto de ventajas...","og_url":"https:\/\/grupnexus.com\/es\/servicios-al-cliente\/facilidades-de-pago-financiacion-a-medida\/","og_site_name":"Cl\u00ednica Nexus","article_modified_time":"2021-07-22T07:48:35+00:00","og_image":[{"url":"https:\/\/grupnexus.com\/wp-content\/uploads\/2021\/07\/logo-medicina-financiada.png"}],"twitter_card":"summary","twitter_misc":{"Tiempo de lectura":"1 minuto"},"schema":{"@context":"https:\/\/schema.org","@graph":[{"@type":"WebSite","@id":"https:\/\/grupnexus.com\/es\/#website","url":"https:\/\/grupnexus.com\/es\/","name":"Cl\u00ednica Nexus","description":"L\u00edders en Medicina Est\u00e8tica Avan\u00e7ada","potentialAction":[{"@type":"SearchAction","target":{"@type":"EntryPoint","urlTemplate":"https:\/\/grupnexus.com\/es\/?s={search_term_string}"},"query-input":"required name=search_term_string"}],"inLanguage":"es"},{"@type":"ImageObject","@id":"https:\/\/grupnexus.com\/es\/servicios-al-cliente\/facilidades-de-pago-financiacion-a-medida\/#primaryimage","inLanguage":"es","url":"https:\/\/grupnexus.com\/wp-content\/uploads\/2021\/07\/logo-medicina-financiada.png","contentUrl":"https:\/\/grupnexus.com\/wp-content\/uploads\/2021\/07\/logo-medicina-financiada.png","width":179,"height":47},{"@type":"WebPage","@id":"https:\/\/grupnexus.com\/es\/servicios-al-cliente\/facilidades-de-pago-financiacion-a-medida\/#webpage","url":"https:\/\/grupnexus.com\/es\/servicios-al-cliente\/facilidades-de-pago-financiacion-a-medida\/","name":"Facilidades de pago: financiaci\u00f3n a medida - Cl\u00ednica Nexus","isPartOf":{"@id":"https:\/\/grupnexus.com\/es\/#website"},"primaryImageOfPage":{"@id":"https:\/\/grupnexus.com\/es\/servicios-al-cliente\/facilidades-de-pago-financiacion-a-medida\/#primaryimage"},"datePublished":"2015-02-10T05:21:59+00:00","dateModified":"2021-07-22T07:48:35+00:00","breadcrumb":{"@id":"https:\/\/grupnexus.com\/es\/servicios-al-cliente\/facilidades-de-pago-financiacion-a-medida\/#breadcrumb"},"inLanguage":"es","potentialAction":[{"@type":"ReadAction","target":["https:\/\/grupnexus.com\/es\/servicios-al-cliente\/facilidades-de-pago-financiacion-a-medida\/"]}]},{"@type":"BreadcrumbList","@id":"https:\/\/grupnexus.com\/es\/servicios-al-cliente\/facilidades-de-pago-financiacion-a-medida\/#breadcrumb","itemListElement":[{"@type":"ListItem","position":1,"name":"Portada","item":"https:\/\/grupnexus.com\/es\/"},{"@type":"ListItem","position":2,"name":"Novedades, ofertas y promociones&#8230;","item":"https:\/\/grupnexus.com\/es\/servicios-al-cliente\/"},{"@type":"ListItem","position":3,"name":"Facilidades de pago: financiaci\u00f3n a medida"}]}]}},"_links":{"self":[{"href":"https:\/\/grupnexus.com\/es\/wp-json\/wp\/v2\/pages\/1017"}],"collection":[{"href":"https:\/\/grupnexus.com\/es\/wp-json\/wp\/v2\/pages"}],"about":[{"href":"https:\/\/grupnexus.com\/es\/wp-json\/wp\/v2\/types\/page"}],"author":[{"embeddable":true,"href":"https:\/\/grupnexus.com\/es\/wp-json\/wp\/v2\/users\/5"}],"replies":[{"embeddable":true,"href":"https:\/\/grupnexus.com\/es\/wp-json\/wp\/v2\/comments?post=1017"}],"version-history":[{"count":5,"href":"https:\/\/grupnexus.com\/es\/wp-json\/wp\/v2\/pages\/1017\/revisions"}],"predecessor-version":[{"id":47996,"href":"https:\/\/grupnexus.com\/es\/wp-json\/wp\/v2\/pages\/1017\/revisions\/47996"}],"up":[{"embeddable":true,"href":"https:\/\/grupnexus.com\/es\/wp-json\/wp\/v2\/pages\/8988"}],"wp:attachment":[{"href":"https:\/\/grupnexus.com\/es\/wp-json\/wp\/v2\/media?parent=1017"}],"curies":[{"name":"wp","href":"https:\/\/api.w.org\/{rel}","templated":true}]}}