{"id":102,"date":"2015-01-21T07:52:50","date_gmt":"2015-01-21T06:52:50","guid":{"rendered":"http:\/\/www.grupnexus.com\/pagina-inical-2\/"},"modified":"2015-03-30T09:45:01","modified_gmt":"2015-03-30T08:45:01","slug":"pagina-inical","status":"publish","type":"page","link":"https:\/\/grupnexus.com\/es\/pagina-inical\/","title":{"rendered":"P\u00e1gina inicial"},"content":{"rendered":"<p>[et_pb_section fullwidth=\u00bboff\u00bb specialty=\u00bboff\u00bb][et_pb_row][et_pb_column type=\u00bb4_4&#8243;][et_pb_text admin_label=\u00bbText\u00bb background_layout=\u00bblight\u00bb text_orientation=\u00bbleft\u00bb][cycloneslider id=\u00bbmainslider-es\u00bb][\/et_pb_text][et_pb_text admin_label=\u00bbText\u00bb background_layout=\u00bblight\u00bb text_orientation=\u00bbleft\u00bb module_id=\u00bbbunner\u00bb]<\/p>\n<p><a title=\"OZO NEXUS - Ozonoter\u00e0pia M\u00e8dica\" href=\"http:\/\/ozonexus.info\/\" target=\"_blank\"><img loading=\"lazy\" class=\"alignnone size-thumbnail wp-image-1392\" src=\"https:\/\/grupnexus.com\/wp-content\/uploads\/bombolla-150x150.png\" alt=\"bombolla\" width=\"150\" height=\"150\" data-id=\"1392\" srcset=\"https:\/\/grupnexus.com\/wp-content\/uploads\/bombolla-150x150.png 150w, https:\/\/grupnexus.com\/wp-content\/uploads\/bombolla-100x100.png 100w, https:\/\/grupnexus.com\/wp-content\/uploads\/bombolla-45x45.png 45w, https:\/\/grupnexus.com\/wp-content\/uploads\/bombolla.png 220w\" sizes=\"(max-width: 150px) 100vw, 150px\" \/><\/a><\/p>\n<p>[\/et_pb_text][\/et_pb_column][\/et_pb_row][\/et_pb_section][et_pb_section][et_pb_row][et_pb_column type=\u00bb4_4&#8243;][et_pb_text admin_label=\u00bbText t\u00edtol\u00bb background_layout=\u00bblight\u00bb text_orientation=\u00bbleft\u00bb module_class=\u00bbtitolblau\u00bb]<a title=\"Publicaciones\" href=\"https:\/\/grupnexus.com\/es\/publicaciones\/\">Publicaciones<\/a>[\/et_pb_text][et_pb_blog admin_label=\u00bbPublicacions\u00bb fullwidth=\u00bboff\u00bb posts_number=\u00bb3&#8243; include_categories=\u00bb4&#8243; meta_date=\u00bbM j, Y\u00bb show_thumbnail=\u00bbon\u00bb show_content=\u00bbon\u00bb show_more=\u00bboff\u00bb show_author=\u00bboff\u00bb show_date=\u00bboff\u00bb show_categories=\u00bboff\u00bb show_pagination=\u00bboff\u00bb background_layout=\u00bblight\u00bb module_id=\u00bbpublicacions_home\u00bb \/][\/et_pb_column][\/et_pb_row][et_pb_row][et_pb_column type=\u00bb4_4&#8243;][et_pb_signup admin_label=\u00bbSubscribe\u00bb provider=\u00bbmailchimp\u00bb mailchimp_list=\u00bbe8ae33c8d5&#8243; aweber_list=\u00bbnone\u00bb title=\u00bbLista de correo\u00bb button_text=\u00bbSuscribirme\u00bb use_background_color=\u00bbon\u00bb background_color=\u00bb#00bcf8&#8243; background_layout=\u00bbdark\u00bb text_orientation=\u00bbleft\u00bb]<\/p>\n<p>Para estar al d\u00eda en lo \u00faltimo en medicina est\u00e9tica y tratamientos<\/p>\n<p>[\/et_pb_signup][\/et_pb_column][\/et_pb_row][et_pb_row][et_pb_column type=\u00bb1_3&#8243;][et_pb_text admin_label=\u00bbText t\u00edtol\u00bb background_layout=\u00bblight\u00bb text_orientation=\u00bbleft\u00bb module_class=\u00bbtitolblau\u00bb]<\/p>\n<p><a title=\"Not\u00edcias\" href=\"https:\/\/grupnexus.com\/es\/noticias\/\">Actividades y noticias<\/a><\/p>\n<p>[\/et_pb_text][et_pb_text admin_label=\u00bbRecent Post Widget Extended\u00bb background_layout=\u00bblight\u00bb text_orientation=\u00bbleft\u00bb][rpwe limit=\u00bb3&#8243; taxonomy=\u00bbcategory=1,5&#8243; excerpt=\u00bbfalse\u00bb length=\u00bb125&#8243; thumb_height=\u00bb90&#8243; thumb_width=\u00bb90&#8243; readmore=\u00bbtrue\u00bb readmore_text=\u00bbLlegir m\u00e9s \u00bb\u00bb][\/et_pb_text][\/et_pb_column][et_pb_column type=\u00bb1_3&#8243;][et_pb_text admin_label=\u00bbText t\u00edtol\u00bb background_layout=\u00bblight\u00bb text_orientation=\u00bbleft\u00bb module_class=\u00bbtitolblau\u00bb]<\/p>\n<p>Redes sociales<\/p>\n<p>[\/et_pb_text][et_pb_social_media_follow admin_label=\u00bbSocial Media Follow\u00bb link_shape=\u00bbrounded_rectangle\u00bb background_layout=\u00bblight\u00bb url_new_window=\u00bbon\u00bb follow_button=\u00bboff\u00bb][et_pb_social_media_follow_network social_network=\u00bbfacebook\u00bb url=\u00bbhttp:\/\/www.facebook.com\/NexusGroupLleida\u00bb bg_color=\u00bb#3b5998&#8243;]facebook[\/et_pb_social_media_follow_network][et_pb_social_media_follow_network social_network=\u00bbtwitter\u00bb url=\u00bbhttp:\/\/www.twitter.com\/NexusGroup2&#8243; bg_color=\u00bb#00aced\u00bb]Twitter[\/et_pb_social_media_follow_network][et_pb_social_media_follow_network social_network=\u00bbrss\u00bb url=\u00bbhttps:\/\/grupnexus.com\/feed\u00bb bg_color=\u00bb#ff8a3c\u00bb]RSS[\/et_pb_social_media_follow_network][et_pb_social_media_follow_network social_network=\u00bbpinterest\u00bb url=\u00bbhttp:\/\/pinterest.com\/nexusgroup\u00bb bg_color=\u00bb#cb2027&#8243;]Pinterest[\/et_pb_social_media_follow_network][et_pb_social_media_follow_network social_network=\u00bblinkedin\u00bb url=\u00bbhttp:\/\/www.linkedin.com\/company\/nexusgrup\/\u00bb bg_color=\u00bb#007bb6&#8243;]LinkedIn[\/et_pb_social_media_follow_network][et_pb_social_media_follow_network social_network=\u00bbyoutube\u00bb url=\u00bbhttp:\/\/www.youtube.com\/user\/nexusgrouplleida\u00bb bg_color=\u00bb#a82400&#8243;]Youtube[\/et_pb_social_media_follow_network][et_pb_social_media_follow_network social_network=\u00bbgoogle-plus\u00bb url=\u00bbhttps:\/\/plus.google.com\/103780861933438967480&#8243; bg_color=\u00bb#dd4b39&#8243;]Google+[\/et_pb_social_media_follow_network][\/et_pb_social_media_follow][et_pb_text admin_label=\u00bbText t\u00edtol\u00bb background_layout=\u00bblight\u00bb text_orientation=\u00bbleft\u00bb module_class=\u00bbtitolblau\u00bb]<\/p>\n<p>Contacto<\/p>\n<p>[\/et_pb_text][et_pb_text admin_label=\u00bbText\u00bb background_layout=\u00bblight\u00bb text_orientation=\u00bbleft\u00bb]<\/p>\n<p><strong>NEXUS<\/strong><\/p>\n<p>C\/Segri\u00e0, 26-30 \u00b7 Pg. Ronda, 74-76<br \/>\n25006 LLEIDA<br \/>\nTel\u00e9fono: 973 279 810<br \/>\n<a href=\"mailto:info@grupnexus.com\">info@grupnexus.com<\/a><\/p>\n<p>&nbsp;<\/p>\n<a href=\"https:\/\/grupnexus.com\/es\/contacte-con-nosotros\/\" class=\"button vamtam-button   button-filled hover-accent1 \"><span class='icon shortcode  ' style=''>&#58145;<\/span><span class=\"btext\">Contacte con nosotros<\/span><\/a>[\/et_pb_text][\/et_pb_column][et_pb_column type=\u00bb1_3&#8243;][et_pb_text admin_label=\u00bbText t\u00edtol\u00bb background_layout=\u00bblight\u00bb text_orientation=\u00bbleft\u00bb module_class=\u00bbtitolblau\u00bb]<\/p>\n<p>Trabaje con nosotros<\/p>\n<p>[\/et_pb_text][et_pb_image admin_label=\u00bbImage\u00bb src=\u00bbhttps:\/\/grupnexus.com\/wp-content\/uploads\/GRUPNEXUS2.jpg\u00bb show_in_lightbox=\u00bboff\u00bb url_new_window=\u00bboff\u00bb animation=\u00bbleft\u00bb sticky=\u00bboff\u00bb \/][et_pb_text admin_label=\u00bbText\u00bb background_layout=\u00bblight\u00bb text_orientation=\u00bbleft\u00bb]<a href=\"https:\/\/grupnexus.com\/es\/trabaje-con-nosotros\/\" class=\"button vamtam-button   button-filled hover-accent1 \"><span class='icon shortcode  ' style=''>&#57883;<\/span><span class=\"btext\">\u00a0Forma parte de Nexus<\/span><\/a>[\/et_pb_text][\/et_pb_column][\/et_pb_row][\/et_pb_section]<\/p>\n","protected":false},"excerpt":{"rendered":"<p>[et_pb_section fullwidth=\u00bboff\u00bb specialty=\u00bboff\u00bb][et_pb_row][et_pb_column type=\u00bb4_4&#8243;][et_pb_text admin_label=\u00bbText\u00bb background_layout=\u00bblight\u00bb text_orientation=\u00bbleft\u00bb][cycloneslider id=\u00bbmainslider-es\u00bb][\/et_pb_text][et_pb_text admin_label=\u00bbText\u00bb background_layout=\u00bblight\u00bb text_orientation=\u00bbleft\u00bb module_id=\u00bbbunner\u00bb] [\/et_pb_text][\/et_pb_column][\/et_pb_row][\/et_pb_section][et_pb_section][et_pb_row][et_pb_column type=\u00bb4_4&#8243;][et_pb_text admin_label=\u00bbText t\u00edtol\u00bb background_layout=\u00bblight\u00bb text_orientation=\u00bbleft\u00bb module_class=\u00bbtitolblau\u00bb]Publicaciones[\/et_pb_text][et_pb_blog admin_label=\u00bbPublicacions\u00bb fullwidth=\u00bboff\u00bb posts_number=\u00bb3&#8243; include_categories=\u00bb4&#8243; meta_date=\u00bbM j, Y\u00bb show_thumbnail=\u00bbon\u00bb show_content=\u00bbon\u00bb show_more=\u00bboff\u00bb show_author=\u00bboff\u00bb show_date=\u00bboff\u00bb show_categories=\u00bboff\u00bb show_pagination=\u00bboff\u00bb background_layout=\u00bblight\u00bb module_id=\u00bbpublicacions_home\u00bb \/][\/et_pb_column][\/et_pb_row][et_pb_row][et_pb_column type=\u00bb4_4&#8243;][et_pb_signup admin_label=\u00bbSubscribe\u00bb provider=\u00bbmailchimp\u00bb mailchimp_list=\u00bbe8ae33c8d5&#8243; aweber_list=\u00bbnone\u00bb title=\u00bbLista de correo\u00bb button_text=\u00bbSuscribirme\u00bb use_background_color=\u00bbon\u00bb background_color=\u00bb#00bcf8&#8243; background_layout=\u00bbdark\u00bb text_orientation=\u00bbleft\u00bb] Para estar al d\u00eda en lo&#8230;<\/p>\n","protected":false},"author":5,"featured_media":0,"parent":0,"menu_order":0,"comment_status":"open","ping_status":"open","template":"","meta":[],"yoast_head":"<!-- This site is optimized with the Yoast SEO plugin v18.6 - https:\/\/yoast.com\/wordpress\/plugins\/seo\/ -->\n<title>P\u00e1gina inicial - Cl\u00ednica Nexus<\/title>\n<meta name=\"robots\" content=\"index, follow, max-snippet:-1, max-image-preview:large, max-video-preview:-1\" \/>\n<link rel=\"canonical\" href=\"https:\/\/grupnexus.com\/es\/pagina-inical\/\" \/>\n<meta property=\"og:locale\" content=\"es_ES\" \/>\n<meta property=\"og:type\" content=\"article\" \/>\n<meta property=\"og:title\" content=\"P\u00e1gina inicial - Cl\u00ednica Nexus\" \/>\n<meta property=\"og:description\" content=\"[et_pb_section fullwidth=\u00bboff\u00bb specialty=\u00bboff\u00bb][et_pb_row][et_pb_column type=\u00bb4_4&#8243;][et_pb_text admin_label=\u00bbText\u00bb background_layout=\u00bblight\u00bb text_orientation=\u00bbleft\u00bb][cycloneslider id=\u00bbmainslider-es\u00bb][\/et_pb_text][et_pb_text admin_label=\u00bbText\u00bb background_layout=\u00bblight\u00bb text_orientation=\u00bbleft\u00bb module_id=\u00bbbunner\u00bb] [\/et_pb_text][\/et_pb_column][\/et_pb_row][\/et_pb_section][et_pb_section][et_pb_row][et_pb_column type=\u00bb4_4&#8243;][et_pb_text admin_label=\u00bbText t\u00edtol\u00bb background_layout=\u00bblight\u00bb text_orientation=\u00bbleft\u00bb module_class=\u00bbtitolblau\u00bb]Publicaciones[\/et_pb_text][et_pb_blog admin_label=\u00bbPublicacions\u00bb fullwidth=\u00bboff\u00bb posts_number=\u00bb3&#8243; include_categories=\u00bb4&#8243; meta_date=\u00bbM j, Y\u00bb show_thumbnail=\u00bbon\u00bb show_content=\u00bbon\u00bb show_more=\u00bboff\u00bb show_author=\u00bboff\u00bb show_date=\u00bboff\u00bb show_categories=\u00bboff\u00bb show_pagination=\u00bboff\u00bb background_layout=\u00bblight\u00bb module_id=\u00bbpublicacions_home\u00bb \/][\/et_pb_column][\/et_pb_row][et_pb_row][et_pb_column type=\u00bb4_4&#8243;][et_pb_signup admin_label=\u00bbSubscribe\u00bb provider=\u00bbmailchimp\u00bb mailchimp_list=\u00bbe8ae33c8d5&#8243; aweber_list=\u00bbnone\u00bb title=\u00bbLista de correo\u00bb button_text=\u00bbSuscribirme\u00bb use_background_color=\u00bbon\u00bb background_color=\u00bb#00bcf8&#8243; background_layout=\u00bbdark\u00bb text_orientation=\u00bbleft\u00bb] Para estar al d\u00eda en lo...\" \/>\n<meta property=\"og:url\" content=\"https:\/\/grupnexus.com\/es\/pagina-inical\/\" \/>\n<meta property=\"og:site_name\" content=\"Cl\u00ednica Nexus\" \/>\n<meta property=\"article:modified_time\" content=\"2015-03-30T08:45:01+00:00\" \/>\n<meta property=\"og:image\" content=\"https:\/\/grupnexus.com\/wp-content\/uploads\/bombolla-150x150.png\" \/>\n<meta name=\"twitter:card\" content=\"summary\" \/>\n<meta name=\"twitter:label1\" content=\"Tiempo de lectura\" \/>\n\t<meta name=\"twitter:data1\" content=\"3 minutos\" \/>\n<script type=\"application\/ld+json\" class=\"yoast-schema-graph\">{\"@context\":\"https:\/\/schema.org\",\"@graph\":[{\"@type\":\"WebSite\",\"@id\":\"https:\/\/grupnexus.com\/es\/#website\",\"url\":\"https:\/\/grupnexus.com\/es\/\",\"name\":\"Cl\u00ednica Nexus\",\"description\":\"L\u00edders en Medicina Est\u00e8tica Avan\u00e7ada\",\"potentialAction\":[{\"@type\":\"SearchAction\",\"target\":{\"@type\":\"EntryPoint\",\"urlTemplate\":\"https:\/\/grupnexus.com\/es\/?s={search_term_string}\"},\"query-input\":\"required name=search_term_string\"}],\"inLanguage\":\"es\"},{\"@type\":\"ImageObject\",\"@id\":\"https:\/\/grupnexus.com\/es\/pagina-inical\/#primaryimage\",\"inLanguage\":\"es\",\"url\":\"https:\/\/grupnexus.com\/wp-content\/uploads\/bombolla.png\",\"contentUrl\":\"https:\/\/grupnexus.com\/wp-content\/uploads\/bombolla.png\",\"width\":220,\"height\":221},{\"@type\":\"WebPage\",\"@id\":\"https:\/\/grupnexus.com\/es\/pagina-inical\/#webpage\",\"url\":\"https:\/\/grupnexus.com\/es\/pagina-inical\/\",\"name\":\"P\u00e1gina inicial - Cl\u00ednica Nexus\",\"isPartOf\":{\"@id\":\"https:\/\/grupnexus.com\/es\/#website\"},\"primaryImageOfPage\":{\"@id\":\"https:\/\/grupnexus.com\/es\/pagina-inical\/#primaryimage\"},\"datePublished\":\"2015-01-21T06:52:50+00:00\",\"dateModified\":\"2015-03-30T08:45:01+00:00\",\"breadcrumb\":{\"@id\":\"https:\/\/grupnexus.com\/es\/pagina-inical\/#breadcrumb\"},\"inLanguage\":\"es\",\"potentialAction\":[{\"@type\":\"ReadAction\",\"target\":[\"https:\/\/grupnexus.com\/es\/pagina-inical\/\"]}]},{\"@type\":\"BreadcrumbList\",\"@id\":\"https:\/\/grupnexus.com\/es\/pagina-inical\/#breadcrumb\",\"itemListElement\":[{\"@type\":\"ListItem\",\"position\":1,\"name\":\"Portada\",\"item\":\"https:\/\/grupnexus.com\/es\/\"},{\"@type\":\"ListItem\",\"position\":2,\"name\":\"P\u00e1gina inicial\"}]}]}<\/script>\n<!-- \/ Yoast SEO plugin. -->","yoast_head_json":{"title":"P\u00e1gina inicial - Cl\u00ednica Nexus","robots":{"index":"index","follow":"follow","max-snippet":"max-snippet:-1","max-image-preview":"max-image-preview:large","max-video-preview":"max-video-preview:-1"},"canonical":"https:\/\/grupnexus.com\/es\/pagina-inical\/","og_locale":"es_ES","og_type":"article","og_title":"P\u00e1gina inicial - Cl\u00ednica Nexus","og_description":"[et_pb_section fullwidth=\u00bboff\u00bb specialty=\u00bboff\u00bb][et_pb_row][et_pb_column type=\u00bb4_4&#8243;][et_pb_text admin_label=\u00bbText\u00bb background_layout=\u00bblight\u00bb text_orientation=\u00bbleft\u00bb][cycloneslider id=\u00bbmainslider-es\u00bb][\/et_pb_text][et_pb_text admin_label=\u00bbText\u00bb background_layout=\u00bblight\u00bb text_orientation=\u00bbleft\u00bb module_id=\u00bbbunner\u00bb] [\/et_pb_text][\/et_pb_column][\/et_pb_row][\/et_pb_section][et_pb_section][et_pb_row][et_pb_column type=\u00bb4_4&#8243;][et_pb_text admin_label=\u00bbText t\u00edtol\u00bb background_layout=\u00bblight\u00bb text_orientation=\u00bbleft\u00bb module_class=\u00bbtitolblau\u00bb]Publicaciones[\/et_pb_text][et_pb_blog admin_label=\u00bbPublicacions\u00bb fullwidth=\u00bboff\u00bb posts_number=\u00bb3&#8243; include_categories=\u00bb4&#8243; meta_date=\u00bbM j, Y\u00bb show_thumbnail=\u00bbon\u00bb show_content=\u00bbon\u00bb show_more=\u00bboff\u00bb show_author=\u00bboff\u00bb show_date=\u00bboff\u00bb show_categories=\u00bboff\u00bb show_pagination=\u00bboff\u00bb background_layout=\u00bblight\u00bb module_id=\u00bbpublicacions_home\u00bb \/][\/et_pb_column][\/et_pb_row][et_pb_row][et_pb_column type=\u00bb4_4&#8243;][et_pb_signup admin_label=\u00bbSubscribe\u00bb provider=\u00bbmailchimp\u00bb mailchimp_list=\u00bbe8ae33c8d5&#8243; aweber_list=\u00bbnone\u00bb title=\u00bbLista de correo\u00bb button_text=\u00bbSuscribirme\u00bb use_background_color=\u00bbon\u00bb background_color=\u00bb#00bcf8&#8243; background_layout=\u00bbdark\u00bb text_orientation=\u00bbleft\u00bb] Para estar al d\u00eda en lo...","og_url":"https:\/\/grupnexus.com\/es\/pagina-inical\/","og_site_name":"Cl\u00ednica Nexus","article_modified_time":"2015-03-30T08:45:01+00:00","og_image":[{"url":"https:\/\/grupnexus.com\/wp-content\/uploads\/bombolla-150x150.png"}],"twitter_card":"summary","twitter_misc":{"Tiempo de lectura":"3 minutos"},"schema":{"@context":"https:\/\/schema.org","@graph":[{"@type":"WebSite","@id":"https:\/\/grupnexus.com\/es\/#website","url":"https:\/\/grupnexus.com\/es\/","name":"Cl\u00ednica Nexus","description":"L\u00edders en Medicina Est\u00e8tica Avan\u00e7ada","potentialAction":[{"@type":"SearchAction","target":{"@type":"EntryPoint","urlTemplate":"https:\/\/grupnexus.com\/es\/?s={search_term_string}"},"query-input":"required name=search_term_string"}],"inLanguage":"es"},{"@type":"ImageObject","@id":"https:\/\/grupnexus.com\/es\/pagina-inical\/#primaryimage","inLanguage":"es","url":"https:\/\/grupnexus.com\/wp-content\/uploads\/bombolla.png","contentUrl":"https:\/\/grupnexus.com\/wp-content\/uploads\/bombolla.png","width":220,"height":221},{"@type":"WebPage","@id":"https:\/\/grupnexus.com\/es\/pagina-inical\/#webpage","url":"https:\/\/grupnexus.com\/es\/pagina-inical\/","name":"P\u00e1gina inicial - Cl\u00ednica Nexus","isPartOf":{"@id":"https:\/\/grupnexus.com\/es\/#website"},"primaryImageOfPage":{"@id":"https:\/\/grupnexus.com\/es\/pagina-inical\/#primaryimage"},"datePublished":"2015-01-21T06:52:50+00:00","dateModified":"2015-03-30T08:45:01+00:00","breadcrumb":{"@id":"https:\/\/grupnexus.com\/es\/pagina-inical\/#breadcrumb"},"inLanguage":"es","potentialAction":[{"@type":"ReadAction","target":["https:\/\/grupnexus.com\/es\/pagina-inical\/"]}]},{"@type":"BreadcrumbList","@id":"https:\/\/grupnexus.com\/es\/pagina-inical\/#breadcrumb","itemListElement":[{"@type":"ListItem","position":1,"name":"Portada","item":"https:\/\/grupnexus.com\/es\/"},{"@type":"ListItem","position":2,"name":"P\u00e1gina inicial"}]}]}},"_links":{"self":[{"href":"https:\/\/grupnexus.com\/es\/wp-json\/wp\/v2\/pages\/102"}],"collection":[{"href":"https:\/\/grupnexus.com\/es\/wp-json\/wp\/v2\/pages"}],"about":[{"href":"https:\/\/grupnexus.com\/es\/wp-json\/wp\/v2\/types\/page"}],"author":[{"embeddable":true,"href":"https:\/\/grupnexus.com\/es\/wp-json\/wp\/v2\/users\/5"}],"replies":[{"embeddable":true,"href":"https:\/\/grupnexus.com\/es\/wp-json\/wp\/v2\/comments?post=102"}],"version-history":[{"count":0,"href":"https:\/\/grupnexus.com\/es\/wp-json\/wp\/v2\/pages\/102\/revisions"}],"wp:attachment":[{"href":"https:\/\/grupnexus.com\/es\/wp-json\/wp\/v2\/media?parent=102"}],"curies":[{"name":"wp","href":"https:\/\/api.w.org\/{rel}","templated":true}]}}