{"id":1053,"date":"2015-02-06T07:54:32","date_gmt":"2015-02-06T06:54:32","guid":{"rendered":"http:\/\/www.grupnexus.com\/tractaments\/cirurgia-estetica\/"},"modified":"2019-11-22T13:40:50","modified_gmt":"2019-11-22T11:40:50","slug":"cirugia-estetica","status":"publish","type":"page","link":"https:\/\/grupnexus.com\/es\/tratamientos\/cirugia-estetica\/","title":{"rendered":"Cirug\u00eda est\u00e9tica"},"content":{"rendered":"<div class=\"row \"><div class=\"wpv-grid grid-3-4  wpv-first-level first unextended\" style=\"padding-top:0px;padding-bottom:0px\" id=\"wpv-column-4ce6030c219dd9de97b406ae4929b114\" >\t\t<h2 class=\"text-divider-double\">\t\t\t\nCirug\u00eda est\u00e9tica\t\t<\/h2>\t\t<div class=\"sep\"><\/div>\t<\/div>\n<div class=\"wpv-grid grid-1-4  wpv-first-level unextended\" style=\"padding-top:0px;padding-bottom:0px\" id=\"wpv-column-fc677aa5ea9f0ffb5798824209dbc2f8\" ><div class=\"push\" style='height:44px'><\/div>\n<!-- Widget Shortcode --><div id=\"search-11\" class=\"widget widget_search widget-shortcode area-wpv_sidebar-tractament-est-facial-cat-left \"><form role=\"search\" method=\"get\" class=\"searchform clearfix\" action=\"https:\/\/grupnexus.com\/es\/\">\n\t<label for=\"search-text-widget\" class=\"visuallyhidden\">Search for:<\/label>\n\t<input id=\"search-text-widget\" type=\"text\" value=\"\" name=\"s\" placeholder=\"Buscar\" required=\"required\" \/>\n\t<input type=\"submit\" value=\"Buscar\" \/>\n\t\t\t<input type=\"hidden\" name=\"lang\" value=\"es\"\/>\n\t<\/form><\/div><!-- \/Widget Shortcode --><\/div><\/div>\n<div class=\"row \"><div class=\"wpv-grid grid-1-4  wpv-first-level first unextended\" style=\"padding-top:0px;padding-bottom:0px\" id=\"wpv-column-c5fc6d99e6f9f53ee2c7a257b902f445\" ><!-- Widget Shortcode --><div id=\"nav_menu-21\" class=\"widget widget_nav_menu widget-shortcode area-wpv_sidebar-tratamientos-es-left \"><h2 class=\"widgettitle\">Tratamientos<\/h2><div class=\"menu-menu-tratamientos-es-container\"><ul id=\"menu-menu-tratamientos-es\" class=\"menu\"><li id=\"menu-item-9584\" class=\"menu-item menu-item-type-post_type menu-item-object-page menu-item-9584\"><a href=\"https:\/\/grupnexus.com\/es\/tratamientos\/medicina-estetica-facial\/\">Medicina est\u00e9tica facial<\/a><\/li>\n<li id=\"menu-item-9583\" class=\"menu-item menu-item-type-post_type menu-item-object-page menu-item-9583\"><a href=\"https:\/\/grupnexus.com\/es\/tratamientos\/medicina-estetica-corporal\/\">Medicina est\u00e9tica corporal<\/a><\/li>\n<li id=\"menu-item-9667\" class=\"menu-item menu-item-type-post_type menu-item-object-page menu-item-9667\"><a href=\"https:\/\/grupnexus.com\/es\/tratamientos\/plataforma-laser\/\">Plataforma l\u00e1ser<\/a><\/li>\n<li id=\"menu-item-9578\" class=\"menu-item menu-item-type-post_type menu-item-object-page menu-item-9578\"><a href=\"https:\/\/grupnexus.com\/es\/tratamientos\/cirugia-estetica\/\">Cirug\u00eda est\u00e9tica<\/a><\/li>\n<li id=\"menu-item-9581\" class=\"menu-item menu-item-type-post_type menu-item-object-page menu-item-9581\"><a href=\"https:\/\/grupnexus.com\/es\/tratamientos\/medicina-antiaging\/\">Medicina Antiaging Preventiva<\/a><\/li>\n<li id=\"menu-item-9582\" class=\"menu-item menu-item-type-post_type menu-item-object-page menu-item-9582\"><a href=\"https:\/\/grupnexus.com\/es\/tratamientos\/medicina-biologica\/\">Medicina biol\u00f3gica<\/a><\/li>\n<li id=\"menu-item-9580\" class=\"menu-item menu-item-type-post_type menu-item-object-page menu-item-9580\"><a href=\"https:\/\/grupnexus.com\/es\/tratamientos\/estetica-avanzada\/\">Est\u00e9tica avanzada<\/a><\/li>\n<\/ul><\/div><\/div><!-- \/Widget Shortcode --><\/div>\n<div class=\"wpv-grid grid-3-4  wpv-first-level unextended\" style=\"padding-top:0px;padding-bottom:0px\" id=\"wpv-column-fd44321ee562025b99e175eb7677aaf3\" ><p style=\"text-align: center;\"><img loading=\"lazy\" class=\"aligncenter size-full wp-image-577\" src=\"\/wp-content\/uploads\/Tractaments_Cirurgia.jpg\" alt=\"Tratamientoss Cirurgia\" width=\"628\" height=\"463\" srcset=\"https:\/\/grupnexus.com\/wp-content\/uploads\/Tractaments_Cirurgia.jpg 628w, https:\/\/grupnexus.com\/wp-content\/uploads\/Tractaments_Cirurgia-510x376.jpg 510w, https:\/\/grupnexus.com\/wp-content\/uploads\/Tractaments_Cirurgia-300x221.jpg 300w\" sizes=\"(max-width: 628px) 100vw, 628px\" \/><\/p>\n<div class=\"row \"><div class=\"wpv-grid grid-1-1  first unextended\" style=\"padding-top:0px;padding-bottom:0px\" id=\"wpv-column-28b5011c6757ae5f033b6739aa6e4789\" ><h3>Cirug\u00eda est\u00e9tica\u00a0\u2013 Segura y calificada<\/h3>\n<p>Nuestro equipo de cirujanos est\u00e9ticos, pl\u00e1sticos y reparadores cuentan con una extensa experiencia en su \u00e1mbito, est\u00e1n altamente cualificados y especializados, han obtenido reconocimientos a su profesionalidad y como referentes que son, imparten conferencias y talleres pr\u00e1cticos, dirigidos a profesionales m\u00e9dicos y asistenciales, en el \u00e1mbito internacional.<\/p>\n<p>La Unidad de Cirug\u00eda Est\u00e9tica de Nexus Biom\u00e9dico se divide en dos \u00e1reas de intervenci\u00f3n:<\/p>\n<h3>FACIAL<\/h3>\n<ul>\n<li style=\"list-style-type: none;\">\n<ul>\n<li><strong>Facial<\/strong>\n<ul>\n<li>Lipol\u00e1ser de papada<\/li>\n<li>Radiofrecuencia Inmode Facetite<\/li>\n<li>Lifting de cara y cuello<\/li>\n<li>Elevaci\u00f3n de cejas<\/li>\n<li>Lipofilling cara<\/li>\n<li>Cirug\u00eda de p\u00e1rpados (Blefaroplastia)<\/li>\n<li>Bolas de Bichat<\/li>\n<\/ul>\n<\/li>\n<li><strong>Orejas<\/strong>\n<ul>\n<li>Otoplastia (Correcci\u00f3n orejas prominente)<\/li>\n<li>Lobuloplastia (Correcci\u00f3n de l\u00f3bulos rasgados)<\/li>\n<\/ul>\n<\/li>\n<li><strong>Nariz<\/strong>\n<ul>\n<li>Rinoplastia<\/li>\n<\/ul>\n<\/li>\n<li><strong>Labios<\/strong>\n<ul>\n<li>Acortamiento de labio superior<\/li>\n<\/ul>\n<\/li>\n<li><strong>Cuero Cabelludo<\/strong>\n<ul>\n<li>Trasplante capilar<\/li>\n<\/ul>\n<\/li>\n<\/ul>\n<\/li>\n<\/ul>\n<h3>CORPORAL<\/h3>\n<ul>\n<li style=\"list-style-type: none;\">\n<ul>\n<li><strong>Contorno Corporal<\/strong>\n<ul>\n<li>Liposucci\u00f3n y lipoescultura l\u00e1ser<\/li>\n<li>Lipoescultura RF Inmode Bodytite<\/li>\n<li>Reducci\u00f3n de abdomen (Abdominoplastia)<\/li>\n<li>Lifting de brazos<\/li>\n<li>Lifting de muslos<\/li>\n<li>Lipofilling corporal<\/li>\n<li>Cirug\u00eda de la obesidad<\/li>\n<\/ul>\n<\/li>\n<li><strong>Mamas \u2013 Pecho<\/strong>\n<ul>\n<li>Aumento de mamas (Mamoplastia de aumento)<\/li>\n<li>Elevaci\u00f3n de mamas (Mastopexia)<\/li>\n<li>Reducci\u00f3n de mamas<\/li>\n<li>Reducci\u00f3n de pecho (Ginecomastia)<\/li>\n<\/ul>\n<\/li>\n<li><strong>Gl\u00fateos<\/strong>\n<ul>\n<li>Lipoescultura l\u00e1ser de gl\u00fateos<\/li>\n<li>Aumento de gl\u00fateos<\/li>\n<\/ul>\n<\/li>\n<li><strong>Cirug\u00eda \u00edntima <\/strong>\n<ul>\n<li>Cirug\u00eda \u00edntima<\/li>\n<\/ul>\n<\/li>\n<\/ul>\n<\/li>\n<\/ul><\/div><\/div><\/div><\/div>\n<div class=\"sep\"><\/div>\n<div class=\"row \"><div class=\"wpv-grid grid-1-1  wpv-first-level first unextended\" style=\"padding-top:0px;padding-bottom:0px\" id=\"wpv-column-a4015b1d726b0aaf5a323563b5777af6\" ><p><strong><span class=\"buscar\">Quiz\u00e1 estaba buscando:<\/span><\/strong><br \/>\n<span class=\"paraules\">Cirug\u00eda est\u00e9tica Lleida, aumento de senos Lleida, mamoplastia Lleida, reconstrucci\u00f3n mamaria Lleida, rinoplastia Lleida, operar nariz Lleida, operar pechos Lleida, liposucci\u00f3n Lleida, lifting facial Lleida<\/span><\/div><\/div>\n","protected":false},"excerpt":{"rendered":"<p>Cirug\u00eda est\u00e9tica\u00a0\u2013 Segura y calificada Nuestro equipo de cirujanos est\u00e9ticos, pl\u00e1sticos y reparadores cuentan con una extensa experiencia en su \u00e1mbito, est\u00e1n altamente cualificados y especializados, han obtenido reconocimientos a su profesionalidad y como referentes que son, imparten conferencias y talleres pr\u00e1cticos, dirigidos a profesionales m\u00e9dicos y asistenciales, en el \u00e1mbito internacional. La Unidad de&#8230;<\/p>\n","protected":false},"author":5,"featured_media":0,"parent":1021,"menu_order":0,"comment_status":"closed","ping_status":"closed","template":"","meta":[],"yoast_head":"<!-- This site is optimized with the Yoast SEO plugin v18.6 - https:\/\/yoast.com\/wordpress\/plugins\/seo\/ -->\n<title>Cirug\u00eda est\u00e9tica Lleida<\/title>\n<meta name=\"description\" content=\"Nexus centro especializado en cirug\u00eda est\u00e9tica facial y de cuello, est\u00e9tica corporal y cirug\u00eda pl\u00e1stica y reparadora.\" \/>\n<meta name=\"robots\" content=\"index, follow, max-snippet:-1, max-image-preview:large, max-video-preview:-1\" \/>\n<link rel=\"canonical\" href=\"https:\/\/grupnexus.com\/es\/tratamientos\/cirugia-estetica\/\" \/>\n<meta property=\"og:locale\" content=\"es_ES\" \/>\n<meta property=\"og:type\" content=\"article\" \/>\n<meta property=\"og:title\" content=\"Cirug\u00eda est\u00e9tica Lleida\" \/>\n<meta property=\"og:description\" content=\"Nexus centro especializado en cirug\u00eda est\u00e9tica facial y de cuello, est\u00e9tica corporal y cirug\u00eda pl\u00e1stica y reparadora.\" \/>\n<meta property=\"og:url\" content=\"https:\/\/grupnexus.com\/es\/tratamientos\/cirugia-estetica\/\" \/>\n<meta property=\"og:site_name\" content=\"Cl\u00ednica Nexus\" \/>\n<meta property=\"article:modified_time\" content=\"2019-11-22T11:40:50+00:00\" \/>\n<meta property=\"og:image\" content=\"https:\/\/grupnexus.com\/wp-content\/uploads\/Tractaments_Cirurgia.jpg\" \/>\n<meta name=\"twitter:card\" content=\"summary\" \/>\n<meta name=\"twitter:label1\" content=\"Tiempo de lectura\" \/>\n\t<meta name=\"twitter:data1\" content=\"3 minutos\" \/>\n<script type=\"application\/ld+json\" class=\"yoast-schema-graph\">{\"@context\":\"https:\/\/schema.org\",\"@graph\":[{\"@type\":\"WebSite\",\"@id\":\"https:\/\/grupnexus.com\/es\/#website\",\"url\":\"https:\/\/grupnexus.com\/es\/\",\"name\":\"Cl\u00ednica Nexus\",\"description\":\"L\u00edders en Medicina Est\u00e8tica Avan\u00e7ada\",\"potentialAction\":[{\"@type\":\"SearchAction\",\"target\":{\"@type\":\"EntryPoint\",\"urlTemplate\":\"https:\/\/grupnexus.com\/es\/?s={search_term_string}\"},\"query-input\":\"required name=search_term_string\"}],\"inLanguage\":\"es\"},{\"@type\":\"WebPage\",\"@id\":\"https:\/\/grupnexus.com\/es\/tratamientos\/cirugia-estetica\/#webpage\",\"url\":\"https:\/\/grupnexus.com\/es\/tratamientos\/cirugia-estetica\/\",\"name\":\"Cirug\u00eda est\u00e9tica Lleida\",\"isPartOf\":{\"@id\":\"https:\/\/grupnexus.com\/es\/#website\"},\"datePublished\":\"2015-02-06T06:54:32+00:00\",\"dateModified\":\"2019-11-22T11:40:50+00:00\",\"description\":\"Nexus centro especializado en cirug\u00eda est\u00e9tica facial y de cuello, est\u00e9tica corporal y cirug\u00eda pl\u00e1stica y reparadora.\",\"breadcrumb\":{\"@id\":\"https:\/\/grupnexus.com\/es\/tratamientos\/cirugia-estetica\/#breadcrumb\"},\"inLanguage\":\"es\",\"potentialAction\":[{\"@type\":\"ReadAction\",\"target\":[\"https:\/\/grupnexus.com\/es\/tratamientos\/cirugia-estetica\/\"]}]},{\"@type\":\"BreadcrumbList\",\"@id\":\"https:\/\/grupnexus.com\/es\/tratamientos\/cirugia-estetica\/#breadcrumb\",\"itemListElement\":[{\"@type\":\"ListItem\",\"position\":1,\"name\":\"Portada\",\"item\":\"https:\/\/grupnexus.com\/es\/\"},{\"@type\":\"ListItem\",\"position\":2,\"name\":\"Tratamientos\",\"item\":\"https:\/\/grupnexus.com\/es\/tratamientos\/\"},{\"@type\":\"ListItem\",\"position\":3,\"name\":\"Cirug\u00eda est\u00e9tica\"}]}]}<\/script>\n<!-- \/ Yoast SEO plugin. -->","yoast_head_json":{"title":"Cirug\u00eda est\u00e9tica Lleida","description":"Nexus centro especializado en cirug\u00eda est\u00e9tica facial y de cuello, est\u00e9tica corporal y cirug\u00eda pl\u00e1stica y reparadora.","robots":{"index":"index","follow":"follow","max-snippet":"max-snippet:-1","max-image-preview":"max-image-preview:large","max-video-preview":"max-video-preview:-1"},"canonical":"https:\/\/grupnexus.com\/es\/tratamientos\/cirugia-estetica\/","og_locale":"es_ES","og_type":"article","og_title":"Cirug\u00eda est\u00e9tica Lleida","og_description":"Nexus centro especializado en cirug\u00eda est\u00e9tica facial y de cuello, est\u00e9tica corporal y cirug\u00eda pl\u00e1stica y reparadora.","og_url":"https:\/\/grupnexus.com\/es\/tratamientos\/cirugia-estetica\/","og_site_name":"Cl\u00ednica Nexus","article_modified_time":"2019-11-22T11:40:50+00:00","og_image":[{"url":"https:\/\/grupnexus.com\/wp-content\/uploads\/Tractaments_Cirurgia.jpg"}],"twitter_card":"summary","twitter_misc":{"Tiempo de lectura":"3 minutos"},"schema":{"@context":"https:\/\/schema.org","@graph":[{"@type":"WebSite","@id":"https:\/\/grupnexus.com\/es\/#website","url":"https:\/\/grupnexus.com\/es\/","name":"Cl\u00ednica Nexus","description":"L\u00edders en Medicina Est\u00e8tica Avan\u00e7ada","potentialAction":[{"@type":"SearchAction","target":{"@type":"EntryPoint","urlTemplate":"https:\/\/grupnexus.com\/es\/?s={search_term_string}"},"query-input":"required name=search_term_string"}],"inLanguage":"es"},{"@type":"WebPage","@id":"https:\/\/grupnexus.com\/es\/tratamientos\/cirugia-estetica\/#webpage","url":"https:\/\/grupnexus.com\/es\/tratamientos\/cirugia-estetica\/","name":"Cirug\u00eda est\u00e9tica Lleida","isPartOf":{"@id":"https:\/\/grupnexus.com\/es\/#website"},"datePublished":"2015-02-06T06:54:32+00:00","dateModified":"2019-11-22T11:40:50+00:00","description":"Nexus centro especializado en cirug\u00eda est\u00e9tica facial y de cuello, est\u00e9tica corporal y cirug\u00eda pl\u00e1stica y reparadora.","breadcrumb":{"@id":"https:\/\/grupnexus.com\/es\/tratamientos\/cirugia-estetica\/#breadcrumb"},"inLanguage":"es","potentialAction":[{"@type":"ReadAction","target":["https:\/\/grupnexus.com\/es\/tratamientos\/cirugia-estetica\/"]}]},{"@type":"BreadcrumbList","@id":"https:\/\/grupnexus.com\/es\/tratamientos\/cirugia-estetica\/#breadcrumb","itemListElement":[{"@type":"ListItem","position":1,"name":"Portada","item":"https:\/\/grupnexus.com\/es\/"},{"@type":"ListItem","position":2,"name":"Tratamientos","item":"https:\/\/grupnexus.com\/es\/tratamientos\/"},{"@type":"ListItem","position":3,"name":"Cirug\u00eda est\u00e9tica"}]}]}},"_links":{"self":[{"href":"https:\/\/grupnexus.com\/es\/wp-json\/wp\/v2\/pages\/1053"}],"collection":[{"href":"https:\/\/grupnexus.com\/es\/wp-json\/wp\/v2\/pages"}],"about":[{"href":"https:\/\/grupnexus.com\/es\/wp-json\/wp\/v2\/types\/page"}],"author":[{"embeddable":true,"href":"https:\/\/grupnexus.com\/es\/wp-json\/wp\/v2\/users\/5"}],"replies":[{"embeddable":true,"href":"https:\/\/grupnexus.com\/es\/wp-json\/wp\/v2\/comments?post=1053"}],"version-history":[{"count":2,"href":"https:\/\/grupnexus.com\/es\/wp-json\/wp\/v2\/pages\/1053\/revisions"}],"predecessor-version":[{"id":41141,"href":"https:\/\/grupnexus.com\/es\/wp-json\/wp\/v2\/pages\/1053\/revisions\/41141"}],"up":[{"embeddable":true,"href":"https:\/\/grupnexus.com\/es\/wp-json\/wp\/v2\/pages\/1021"}],"wp:attachment":[{"href":"https:\/\/grupnexus.com\/es\/wp-json\/wp\/v2\/media?parent=1053"}],"curies":[{"name":"wp","href":"https:\/\/api.w.org\/{rel}","templated":true}]}}