{"id":1055,"date":"2015-02-06T07:55:13","date_gmt":"2015-02-06T06:55:13","guid":{"rendered":"http:\/\/www.grupnexus.com\/tractaments\/estetica-avancada\/"},"modified":"2020-07-14T09:59:25","modified_gmt":"2020-07-14T07:59:25","slug":"estetica-avanzada","status":"publish","type":"page","link":"https:\/\/grupnexus.com\/es\/tratamientos\/estetica-avanzada\/","title":{"rendered":"Est\u00e9tica avanzada"},"content":{"rendered":"<div class=\"row \"><div class=\"wpv-grid grid-3-4  wpv-first-level first unextended\" style=\"padding-top:0px;padding-bottom:0px\" id=\"wpv-column-f6ab45e798493de235efa8af41d7cb58\" >\t\t<h2 class=\"text-divider-double\">\t\t\t\nEst\u00e9tica avanzada\t\t<\/h2>\t\t<div class=\"sep\"><\/div>\t<\/div>\n<div class=\"wpv-grid grid-1-4  wpv-first-level unextended\" style=\"padding-top:0px;padding-bottom:0px\" id=\"wpv-column-f79bdb514177c6d491cdb75504e0d5a3\" ><div class=\"push\" style='height:44px'><\/div>\n<!-- Widget Shortcode --><div id=\"search-11\" class=\"widget widget_search widget-shortcode area-wpv_sidebar-tractament-est-facial-cat-left \"><form role=\"search\" method=\"get\" class=\"searchform clearfix\" action=\"https:\/\/grupnexus.com\/es\/\">\n\t<label for=\"search-text-widget\" class=\"visuallyhidden\">Search for:<\/label>\n\t<input id=\"search-text-widget\" type=\"text\" value=\"\" name=\"s\" placeholder=\"Buscar\" required=\"required\" \/>\n\t<input type=\"submit\" value=\"Buscar\" \/>\n\t\t\t<input type=\"hidden\" name=\"lang\" value=\"es\"\/>\n\t<\/form><\/div><!-- \/Widget Shortcode --><\/div><\/div>\n<div class=\"row \"><div class=\"wpv-grid grid-1-1  wpv-first-level first unextended\" style=\"padding-top:0px;padding-bottom:0px\" id=\"wpv-column-f6df551b6a970e71b942431c58ecf44a\" ><div class=\"row \"><div class=\"wpv-grid grid-1-3  first unextended animation-fade-in animated-active\" style=\"padding-top:0px;padding-bottom:0px\" id=\"wpv-column-7a283c76b32c2ca1120234011f437515\" ><div class=\"services clearfix fullimage has-image has-icon has-button \" style=\"text-align:center;\">\n\t<div class=\"services-inside\">\n\t\t\t\t\t\t\t\t\t<div class=\"thumbnail\">\n\t\t\t\t\t\t\t\t\t\t\t<a href=\"\/es\/tratamientos\/estetica-avanzada\/packs-faciales\/\" title=\"PACKS FACIALES\" class=\"has-border\">\n\t\t\t\t\t\t\t\t\t\t\t\t\t\t\t\t\t\t<img width=\"1000\" height=\"667\" src=\"https:\/\/grupnexus.com\/wp-content\/uploads\/Tractaments_EsteticaAvan\u00e7ada.jpg\" class=\"attachment-full size-full\" alt=\"\" loading=\"lazy\" srcset=\"https:\/\/grupnexus.com\/wp-content\/uploads\/Tractaments_EsteticaAvan\u00e7ada.jpg 1000w, https:\/\/grupnexus.com\/wp-content\/uploads\/Tractaments_EsteticaAvan\u00e7ada-510x340.jpg 510w, https:\/\/grupnexus.com\/wp-content\/uploads\/Tractaments_EsteticaAvan\u00e7ada-300x200.jpg 300w\" sizes=\"(max-width: 1000px) 100vw, 1000px\" \/>\t\t\t\t\t\t\t\t\t\t\t\t\t\t\t\t\t<\/a>\n\t\t\t\t\t\t\t\t\t<\/div>\n\t\t\t\t\t\t\t\t\t<div class=\"sep-2\"><\/div>\n\t\t\t\t\t\t\t\t\t\t\t\t\t\t<h3 class=\"services-title\">\n\t\t\t\t\t\t\t\t\t<a href=\"\/es\/tratamientos\/estetica-avanzada\/packs-faciales\/\" title=\"PACKS FACIALES\">PACKS FACIALES<\/a>\n\t\t\t\t\t\t\t<\/h3>\n\t\t\t\t\t\t\t<div class=\"services-content\">\n<\/div>\n\t\t\t\t\t<\/div>\n<\/div>\n<\/div>\n<div class=\"wpv-grid grid-1-3  unextended animation-fade-in animated-active\" style=\"padding-top:0px;padding-bottom:0px\" id=\"wpv-column-858e12db457a15f2aa4f03912da55fac\" ><div class=\"services clearfix fullimage has-image has-icon has-button \" style=\"text-align:center;\">\n\t<div class=\"services-inside\">\n\t\t\t\t\t\t\t\t\t<div class=\"thumbnail\">\n\t\t\t\t\t\t\t\t\t\t\t<a href=\"\/es\/tratamientos\/estetica-avanzada\/dermocosmetica\/\" title=\"DERMOCOSM\u00c9TICA\" class=\"has-border\">\n\t\t\t\t\t\t\t\t\t\t\t\t\t\t\t\t\t\t<img width=\"800\" height=\"530\" src=\"https:\/\/grupnexus.com\/wp-content\/uploads\/Tractaments_EsteticaAvancada_Dermocosmetica.jpg\" class=\"attachment-full size-full\" alt=\"\" loading=\"lazy\" srcset=\"https:\/\/grupnexus.com\/wp-content\/uploads\/Tractaments_EsteticaAvancada_Dermocosmetica.jpg 800w, https:\/\/grupnexus.com\/wp-content\/uploads\/Tractaments_EsteticaAvancada_Dermocosmetica-510x338.jpg 510w, https:\/\/grupnexus.com\/wp-content\/uploads\/Tractaments_EsteticaAvancada_Dermocosmetica-300x199.jpg 300w\" sizes=\"(max-width: 800px) 100vw, 800px\" \/>\t\t\t\t\t\t\t\t\t\t\t\t\t\t\t\t\t<\/a>\n\t\t\t\t\t\t\t\t\t<\/div>\n\t\t\t\t\t\t\t\t\t<div class=\"sep-2\"><\/div>\n\t\t\t\t\t\t\t\t\t\t\t\t\t\t<h3 class=\"services-title\">\n\t\t\t\t\t\t\t\t\t<a href=\"\/es\/tratamientos\/estetica-avanzada\/dermocosmetica\/\" title=\"DERMOCOSM\u00c9TICA\">DERMOCOSM\u00c9TICA<\/a>\n\t\t\t\t\t\t\t<\/h3>\n\t\t\t\t\t\t\t<div class=\"services-content\">\n<\/div>\n\t\t\t\t\t<\/div>\n<\/div>\n<\/div>\n<div class=\"wpv-grid grid-1-3  unextended animation-fade-in animated-active\" style=\"padding-top:0px;padding-bottom:0px\" id=\"wpv-column-44c85048b1016d5d931baeaed23c371f\" ><div class=\"services clearfix fullimage has-image has-icon has-button \" style=\"text-align:center;\">\n\t<div class=\"services-inside\">\n\t\t\t\t\t\t\t\t\t<div class=\"thumbnail\">\n\t\t\t\t\t\t\t\t\t\t\t<a href=\"\/es\/tratamientos\/estetica-avanzada\/energia-vital\/\" title=\"ENERGIA VITAL\" class=\"has-border\">\n\t\t\t\t\t\t\t\t\t\t\t\t\t\t\t\t\t\t<img width=\"1200\" height=\"800\" src=\"https:\/\/grupnexus.com\/wp-content\/uploads\/2019\/02\/energia-vital.jpg\" class=\"attachment-full size-full\" alt=\"\" loading=\"lazy\" srcset=\"https:\/\/grupnexus.com\/wp-content\/uploads\/2019\/02\/energia-vital.jpg 1200w, https:\/\/grupnexus.com\/wp-content\/uploads\/2019\/02\/energia-vital-510x340.jpg 510w, https:\/\/grupnexus.com\/wp-content\/uploads\/2019\/02\/energia-vital-300x200.jpg 300w, https:\/\/grupnexus.com\/wp-content\/uploads\/2019\/02\/energia-vital-768x512.jpg 768w, https:\/\/grupnexus.com\/wp-content\/uploads\/2019\/02\/energia-vital-1024x683.jpg 1024w, https:\/\/grupnexus.com\/wp-content\/uploads\/2019\/02\/energia-vital-1140x760.jpg 1140w, https:\/\/grupnexus.com\/wp-content\/uploads\/2019\/02\/energia-vital-555x370.jpg 555w, https:\/\/grupnexus.com\/wp-content\/uploads\/2019\/02\/energia-vital-360x240.jpg 360w, https:\/\/grupnexus.com\/wp-content\/uploads\/2019\/02\/energia-vital-262x175.jpg 262w\" sizes=\"(max-width: 1200px) 100vw, 1200px\" \/>\t\t\t\t\t\t\t\t\t\t\t\t\t\t\t\t\t<\/a>\n\t\t\t\t\t\t\t\t\t<\/div>\n\t\t\t\t\t\t\t\t\t<div class=\"sep-2\"><\/div>\n\t\t\t\t\t\t\t\t\t\t\t\t\t\t<h3 class=\"services-title\">\n\t\t\t\t\t\t\t\t\t<a href=\"\/es\/tratamientos\/estetica-avanzada\/energia-vital\/\" title=\"ENERGIA VITAL\">ENERGIA VITAL<\/a>\n\t\t\t\t\t\t\t<\/h3>\n\t\t\t\t\t\t\t<div class=\"services-content\">\n<\/div>\n\t\t\t\t\t<\/div>\n<\/div>\n<\/div><\/div><\/div><\/div>\n<div class=\"row \"><div class=\"wpv-grid grid-1-1  wpv-first-level first unextended\" style=\"padding-top:0px;padding-bottom:0px\" id=\"wpv-column-82c64374ff764e13054ae1de319b5aa7\" ><div class=\"row \"><div class=\"wpv-grid grid-1-3  first unextended animation-fade-in animated-active\" style=\"padding-top:0px;padding-bottom:0px\" id=\"wpv-column-23997d75bcd83501ded2ea6f96aa7f02\" ><div class=\"services clearfix fullimage has-image has-icon has-button \" style=\"text-align:center;\">\n\t<div class=\"services-inside\">\n\t\t\t\t\t\t\t\t\t<div class=\"thumbnail\">\n\t\t\t\t\t\t\t\t\t\t\t<a href=\"\/es\/tratamientos\/estetica-avanzada\/spa-termal\/\" title=\"SPA-TERMAL\" class=\"has-border\">\n\t\t\t\t\t\t\t\t\t\t\t\t\t\t\t\t\t\t<img width=\"628\" height=\"463\" src=\"https:\/\/grupnexus.com\/wp-content\/uploads\/Tractaments_EsteticaAvancada_SpaTermal.jpg\" class=\"attachment-full size-full\" alt=\"\" loading=\"lazy\" srcset=\"https:\/\/grupnexus.com\/wp-content\/uploads\/Tractaments_EsteticaAvancada_SpaTermal.jpg 628w, https:\/\/grupnexus.com\/wp-content\/uploads\/Tractaments_EsteticaAvancada_SpaTermal-510x376.jpg 510w, https:\/\/grupnexus.com\/wp-content\/uploads\/Tractaments_EsteticaAvancada_SpaTermal-300x221.jpg 300w\" sizes=\"(max-width: 628px) 100vw, 628px\" \/>\t\t\t\t\t\t\t\t\t\t\t\t\t\t\t\t\t<\/a>\n\t\t\t\t\t\t\t\t\t<\/div>\n\t\t\t\t\t\t\t\t\t<div class=\"sep-2\"><\/div>\n\t\t\t\t\t\t\t\t\t\t\t\t\t\t<h3 class=\"services-title\">\n\t\t\t\t\t\t\t\t\t<a href=\"\/es\/tratamientos\/estetica-avanzada\/spa-termal\/\" title=\"SPA-TERMAL\">SPA-TERMAL<\/a>\n\t\t\t\t\t\t\t<\/h3>\n\t\t\t\t\t\t\t<div class=\"services-content\">\n<\/div>\n\t\t\t\t\t<\/div>\n<\/div>\n<\/div>\n<div class=\"wpv-grid grid-1-3  unextended animation-fade-in animated-active\" style=\"padding-top:0px;padding-bottom:0px\" id=\"wpv-column-2b65d9d93970995999be488e2bf1a60d\" ><div class=\"services clearfix fullimage has-image has-icon has-button \" style=\"text-align:center;\">\n\t<div class=\"services-inside\">\n\t\t\t\t\t\t\t\t\t<div class=\"thumbnail\">\n\t\t\t\t\t\t\t\t\t\t\t<a href=\"\/es\/tratamientos\/estetica-avanzada\/packs-corporales\/\" title=\"PACKS CORPORALES\" class=\"has-border\">\n\t\t\t\t\t\t\t\t\t\t\t\t\t\t\t\t\t\t<img width=\"1102\" height=\"787\" src=\"https:\/\/grupnexus.com\/wp-content\/uploads\/2018\/09\/Clinica-nexus-Estetica-Packs-corporals.jpg\" class=\"attachment-full size-full\" alt=\"\" loading=\"lazy\" srcset=\"https:\/\/grupnexus.com\/wp-content\/uploads\/2018\/09\/Clinica-nexus-Estetica-Packs-corporals.jpg 1102w, https:\/\/grupnexus.com\/wp-content\/uploads\/2018\/09\/Clinica-nexus-Estetica-Packs-corporals-510x364.jpg 510w, https:\/\/grupnexus.com\/wp-content\/uploads\/2018\/09\/Clinica-nexus-Estetica-Packs-corporals-300x214.jpg 300w, https:\/\/grupnexus.com\/wp-content\/uploads\/2018\/09\/Clinica-nexus-Estetica-Packs-corporals-768x548.jpg 768w, https:\/\/grupnexus.com\/wp-content\/uploads\/2018\/09\/Clinica-nexus-Estetica-Packs-corporals-1024x731.jpg 1024w, https:\/\/grupnexus.com\/wp-content\/uploads\/2018\/09\/Clinica-nexus-Estetica-Packs-corporals-555x396.jpg 555w, https:\/\/grupnexus.com\/wp-content\/uploads\/2018\/09\/Clinica-nexus-Estetica-Packs-corporals-360x257.jpg 360w, https:\/\/grupnexus.com\/wp-content\/uploads\/2018\/09\/Clinica-nexus-Estetica-Packs-corporals-262x187.jpg 262w\" sizes=\"(max-width: 1102px) 100vw, 1102px\" \/>\t\t\t\t\t\t\t\t\t\t\t\t\t\t\t\t\t<\/a>\n\t\t\t\t\t\t\t\t\t<\/div>\n\t\t\t\t\t\t\t\t\t<div class=\"sep-2\"><\/div>\n\t\t\t\t\t\t\t\t\t\t\t\t\t\t<h3 class=\"services-title\">\n\t\t\t\t\t\t\t\t\t<a href=\"\/es\/tratamientos\/estetica-avanzada\/packs-corporales\/\" title=\"PACKS CORPORALES\">PACKS CORPORALES<\/a>\n\t\t\t\t\t\t\t<\/h3>\n\t\t\t\t\t\t\t<div class=\"services-content\">\n<\/div>\n\t\t\t\t\t<\/div>\n<\/div>\n<\/div>\n<div class=\"wpv-grid grid-1-3  unextended animation-fade-in animated-active\" style=\"padding-top:0px;padding-bottom:0px\" id=\"wpv-column-8d6fdf1fab6235ebbead6f6bac7a877c\" ><div class=\"services clearfix fullimage has-image has-icon has-button \" style=\"text-align:center;\">\n\t<div class=\"services-inside\">\n\t\t\t\t\t\t\t\t\t<div class=\"thumbnail\">\n\t\t\t\t\t\t\t\t\t\t\t<a href=\"\/es\/tratamientos\/estetica-avanzada\/bb-glow\/\" title=\"BB GLOW MAQUILLAJE SEMIPERMANENTE\" class=\"has-border\">\n\t\t\t\t\t\t\t\t\t\t\t\t\t\t\t\t\t\t<img width=\"600\" height=\"400\" src=\"https:\/\/grupnexus.com\/wp-content\/uploads\/2019\/07\/108457378_s-2.jpg\" class=\"attachment-full size-full\" alt=\"\" loading=\"lazy\" srcset=\"https:\/\/grupnexus.com\/wp-content\/uploads\/2019\/07\/108457378_s-2.jpg 600w, https:\/\/grupnexus.com\/wp-content\/uploads\/2019\/07\/108457378_s-2-510x340.jpg 510w, https:\/\/grupnexus.com\/wp-content\/uploads\/2019\/07\/108457378_s-2-300x200.jpg 300w, https:\/\/grupnexus.com\/wp-content\/uploads\/2019\/07\/108457378_s-2-555x370.jpg 555w, https:\/\/grupnexus.com\/wp-content\/uploads\/2019\/07\/108457378_s-2-360x240.jpg 360w, https:\/\/grupnexus.com\/wp-content\/uploads\/2019\/07\/108457378_s-2-262x175.jpg 262w\" sizes=\"(max-width: 600px) 100vw, 600px\" \/>\t\t\t\t\t\t\t\t\t\t\t\t\t\t\t\t\t<\/a>\n\t\t\t\t\t\t\t\t\t<\/div>\n\t\t\t\t\t\t\t\t\t<div class=\"sep-2\"><\/div>\n\t\t\t\t\t\t\t\t\t\t\t\t\t\t<h3 class=\"services-title\">\n\t\t\t\t\t\t\t\t\t<a href=\"\/es\/tratamientos\/estetica-avanzada\/bb-glow\/\" title=\"BB GLOW MAQUILLAJE SEMIPERMANENTE\">BB GLOW MAQUILLAJE SEMIPERMANENTE<\/a>\n\t\t\t\t\t\t\t<\/h3>\n\t\t\t\t\t\t\t<div class=\"services-content\">\n<\/div>\n\t\t\t\t\t<\/div>\n<\/div>\n<\/div><\/div><\/div><\/div>\n<div class=\"sep\"><\/div>\n<div class=\"row \"><div class=\"wpv-grid grid-1-1  wpv-first-level first unextended\" style=\"padding-top:0px;padding-bottom:0px\" id=\"wpv-column-dcae2b7bafab9362804b917af273be89\" ><p><strong><span class=\"buscar\">Quiz\u00e1 estaba buscando:<\/span><\/strong><br \/>\n<span class=\"paraules\">Centro est\u00e9tica Lleida, medicina est\u00e9tica Lleida, Tratamientos est\u00e9ticos Lleida.<\/span><\/div><\/div>\n","protected":false},"excerpt":{"rendered":"<p>Quiz\u00e1 estaba buscando: Centro est\u00e9tica Lleida, medicina est\u00e9tica Lleida, Tratamientos est\u00e9ticos Lleida.<\/p>\n","protected":false},"author":5,"featured_media":0,"parent":1021,"menu_order":0,"comment_status":"closed","ping_status":"closed","template":"","meta":[],"yoast_head":"<!-- This site is optimized with the Yoast SEO plugin v18.6 - https:\/\/yoast.com\/wordpress\/plugins\/seo\/ -->\n<title>Est\u00e9tica avanzada Lleida<\/title>\n<meta name=\"description\" content=\"En Nexus contamos con las mejores f\u00f3rmulas innovadoras de est\u00e9tica avanzada. Descubre nuestros packs.\" \/>\n<meta name=\"robots\" content=\"index, follow, max-snippet:-1, max-image-preview:large, max-video-preview:-1\" \/>\n<link rel=\"canonical\" href=\"https:\/\/grupnexus.com\/es\/tratamientos\/estetica-avanzada\/\" \/>\n<meta property=\"og:locale\" content=\"es_ES\" \/>\n<meta property=\"og:type\" content=\"article\" \/>\n<meta property=\"og:title\" content=\"Est\u00e9tica avanzada Lleida\" \/>\n<meta property=\"og:description\" content=\"En Nexus contamos con las mejores f\u00f3rmulas innovadoras de est\u00e9tica avanzada. Descubre nuestros packs.\" \/>\n<meta property=\"og:url\" content=\"https:\/\/grupnexus.com\/es\/tratamientos\/estetica-avanzada\/\" \/>\n<meta property=\"og:site_name\" content=\"Cl\u00ednica Nexus\" \/>\n<meta property=\"article:modified_time\" content=\"2020-07-14T07:59:25+00:00\" \/>\n<meta name=\"twitter:card\" content=\"summary\" \/>\n<meta name=\"twitter:label1\" content=\"Tiempo de lectura\" \/>\n\t<meta name=\"twitter:data1\" content=\"3 minutos\" \/>\n<script type=\"application\/ld+json\" class=\"yoast-schema-graph\">{\"@context\":\"https:\/\/schema.org\",\"@graph\":[{\"@type\":\"WebSite\",\"@id\":\"https:\/\/grupnexus.com\/es\/#website\",\"url\":\"https:\/\/grupnexus.com\/es\/\",\"name\":\"Cl\u00ednica Nexus\",\"description\":\"L\u00edders en Medicina Est\u00e8tica Avan\u00e7ada\",\"potentialAction\":[{\"@type\":\"SearchAction\",\"target\":{\"@type\":\"EntryPoint\",\"urlTemplate\":\"https:\/\/grupnexus.com\/es\/?s={search_term_string}\"},\"query-input\":\"required name=search_term_string\"}],\"inLanguage\":\"es\"},{\"@type\":\"WebPage\",\"@id\":\"https:\/\/grupnexus.com\/es\/tratamientos\/estetica-avanzada\/#webpage\",\"url\":\"https:\/\/grupnexus.com\/es\/tratamientos\/estetica-avanzada\/\",\"name\":\"Est\u00e9tica avanzada Lleida\",\"isPartOf\":{\"@id\":\"https:\/\/grupnexus.com\/es\/#website\"},\"datePublished\":\"2015-02-06T06:55:13+00:00\",\"dateModified\":\"2020-07-14T07:59:25+00:00\",\"description\":\"En Nexus contamos con las mejores f\u00f3rmulas innovadoras de est\u00e9tica avanzada. Descubre nuestros packs.\",\"breadcrumb\":{\"@id\":\"https:\/\/grupnexus.com\/es\/tratamientos\/estetica-avanzada\/#breadcrumb\"},\"inLanguage\":\"es\",\"potentialAction\":[{\"@type\":\"ReadAction\",\"target\":[\"https:\/\/grupnexus.com\/es\/tratamientos\/estetica-avanzada\/\"]}]},{\"@type\":\"BreadcrumbList\",\"@id\":\"https:\/\/grupnexus.com\/es\/tratamientos\/estetica-avanzada\/#breadcrumb\",\"itemListElement\":[{\"@type\":\"ListItem\",\"position\":1,\"name\":\"Portada\",\"item\":\"https:\/\/grupnexus.com\/es\/\"},{\"@type\":\"ListItem\",\"position\":2,\"name\":\"Tratamientos\",\"item\":\"https:\/\/grupnexus.com\/es\/tratamientos\/\"},{\"@type\":\"ListItem\",\"position\":3,\"name\":\"Est\u00e9tica avanzada\"}]}]}<\/script>\n<!-- \/ Yoast SEO plugin. -->","yoast_head_json":{"title":"Est\u00e9tica avanzada Lleida","description":"En Nexus contamos con las mejores f\u00f3rmulas innovadoras de est\u00e9tica avanzada. Descubre nuestros packs.","robots":{"index":"index","follow":"follow","max-snippet":"max-snippet:-1","max-image-preview":"max-image-preview:large","max-video-preview":"max-video-preview:-1"},"canonical":"https:\/\/grupnexus.com\/es\/tratamientos\/estetica-avanzada\/","og_locale":"es_ES","og_type":"article","og_title":"Est\u00e9tica avanzada Lleida","og_description":"En Nexus contamos con las mejores f\u00f3rmulas innovadoras de est\u00e9tica avanzada. Descubre nuestros packs.","og_url":"https:\/\/grupnexus.com\/es\/tratamientos\/estetica-avanzada\/","og_site_name":"Cl\u00ednica Nexus","article_modified_time":"2020-07-14T07:59:25+00:00","twitter_card":"summary","twitter_misc":{"Tiempo de lectura":"3 minutos"},"schema":{"@context":"https:\/\/schema.org","@graph":[{"@type":"WebSite","@id":"https:\/\/grupnexus.com\/es\/#website","url":"https:\/\/grupnexus.com\/es\/","name":"Cl\u00ednica Nexus","description":"L\u00edders en Medicina Est\u00e8tica Avan\u00e7ada","potentialAction":[{"@type":"SearchAction","target":{"@type":"EntryPoint","urlTemplate":"https:\/\/grupnexus.com\/es\/?s={search_term_string}"},"query-input":"required name=search_term_string"}],"inLanguage":"es"},{"@type":"WebPage","@id":"https:\/\/grupnexus.com\/es\/tratamientos\/estetica-avanzada\/#webpage","url":"https:\/\/grupnexus.com\/es\/tratamientos\/estetica-avanzada\/","name":"Est\u00e9tica avanzada Lleida","isPartOf":{"@id":"https:\/\/grupnexus.com\/es\/#website"},"datePublished":"2015-02-06T06:55:13+00:00","dateModified":"2020-07-14T07:59:25+00:00","description":"En Nexus contamos con las mejores f\u00f3rmulas innovadoras de est\u00e9tica avanzada. Descubre nuestros packs.","breadcrumb":{"@id":"https:\/\/grupnexus.com\/es\/tratamientos\/estetica-avanzada\/#breadcrumb"},"inLanguage":"es","potentialAction":[{"@type":"ReadAction","target":["https:\/\/grupnexus.com\/es\/tratamientos\/estetica-avanzada\/"]}]},{"@type":"BreadcrumbList","@id":"https:\/\/grupnexus.com\/es\/tratamientos\/estetica-avanzada\/#breadcrumb","itemListElement":[{"@type":"ListItem","position":1,"name":"Portada","item":"https:\/\/grupnexus.com\/es\/"},{"@type":"ListItem","position":2,"name":"Tratamientos","item":"https:\/\/grupnexus.com\/es\/tratamientos\/"},{"@type":"ListItem","position":3,"name":"Est\u00e9tica avanzada"}]}]}},"_links":{"self":[{"href":"https:\/\/grupnexus.com\/es\/wp-json\/wp\/v2\/pages\/1055"}],"collection":[{"href":"https:\/\/grupnexus.com\/es\/wp-json\/wp\/v2\/pages"}],"about":[{"href":"https:\/\/grupnexus.com\/es\/wp-json\/wp\/v2\/types\/page"}],"author":[{"embeddable":true,"href":"https:\/\/grupnexus.com\/es\/wp-json\/wp\/v2\/users\/5"}],"replies":[{"embeddable":true,"href":"https:\/\/grupnexus.com\/es\/wp-json\/wp\/v2\/comments?post=1055"}],"version-history":[{"count":6,"href":"https:\/\/grupnexus.com\/es\/wp-json\/wp\/v2\/pages\/1055\/revisions"}],"predecessor-version":[{"id":29065,"href":"https:\/\/grupnexus.com\/es\/wp-json\/wp\/v2\/pages\/1055\/revisions\/29065"}],"up":[{"embeddable":true,"href":"https:\/\/grupnexus.com\/es\/wp-json\/wp\/v2\/pages\/1021"}],"wp:attachment":[{"href":"https:\/\/grupnexus.com\/es\/wp-json\/wp\/v2\/media?parent=1055"}],"curies":[{"name":"wp","href":"https:\/\/api.w.org\/{rel}","templated":true}]}}