{"id":1057,"date":"2015-02-06T07:53:31","date_gmt":"2015-02-06T06:53:31","guid":{"rendered":"http:\/\/www.grupnexus.com\/tractaments\/medicina-biologica\/"},"modified":"2020-07-23T10:16:52","modified_gmt":"2020-07-23T08:16:52","slug":"medicina-biologica","status":"publish","type":"page","link":"https:\/\/grupnexus.com\/es\/tratamientos\/medicina-biologica\/","title":{"rendered":"Medicina biol\u00f3gica"},"content":{"rendered":"<div class=\"row \"><div class=\"wpv-grid grid-3-4  wpv-first-level first unextended\" style=\"padding-top:0px;padding-bottom:0px\" id=\"wpv-column-6b9c546ba392da0bcf2e351e6c462fe8\" >\t\t<h2 class=\"text-divider-double\">\t\t\t\nMedicina biol\u00f3gica\t\t<\/h2>\t\t<div class=\"sep\"><\/div>\t<\/div>\n<div class=\"wpv-grid grid-1-4  wpv-first-level unextended\" style=\"padding-top:0px;padding-bottom:0px\" id=\"wpv-column-a0e4941816ff68ae48cd13b793c1c330\" ><div class=\"push\" style='height:44px'><\/div>\n<!-- Widget Shortcode --><div id=\"search-11\" class=\"widget widget_search widget-shortcode area-wpv_sidebar-tractament-est-facial-cat-left \"><form role=\"search\" method=\"get\" class=\"searchform clearfix\" action=\"https:\/\/grupnexus.com\/es\/\">\n\t<label for=\"search-text-widget\" class=\"visuallyhidden\">Search for:<\/label>\n\t<input id=\"search-text-widget\" type=\"text\" value=\"\" name=\"s\" placeholder=\"Buscar\" required=\"required\" \/>\n\t<input type=\"submit\" value=\"Buscar\" \/>\n\t\t\t<input type=\"hidden\" name=\"lang\" value=\"es\"\/>\n\t<\/form><\/div><!-- \/Widget Shortcode --><\/div><\/div>\n<div class=\"row \"><div class=\"wpv-grid grid-1-4  wpv-first-level first unextended\" style=\"padding-top:0px;padding-bottom:0px\" id=\"wpv-column-8636b59f13cd8d2f4af98f26ae0c7a5d\" ><!-- Widget Shortcode --><div id=\"nav_menu-21\" class=\"widget widget_nav_menu widget-shortcode area-wpv_sidebar-tratamientos-es-left \"><h2 class=\"widgettitle\">Tratamientos<\/h2><div class=\"menu-menu-tratamientos-es-container\"><ul id=\"menu-menu-tratamientos-es\" class=\"menu\"><li id=\"menu-item-9584\" class=\"menu-item menu-item-type-post_type menu-item-object-page menu-item-9584\"><a href=\"https:\/\/grupnexus.com\/es\/tratamientos\/medicina-estetica-facial\/\">Medicina est\u00e9tica facial<\/a><\/li>\n<li id=\"menu-item-9583\" class=\"menu-item menu-item-type-post_type menu-item-object-page menu-item-9583\"><a href=\"https:\/\/grupnexus.com\/es\/tratamientos\/medicina-estetica-corporal\/\">Medicina est\u00e9tica corporal<\/a><\/li>\n<li id=\"menu-item-9667\" class=\"menu-item menu-item-type-post_type menu-item-object-page menu-item-9667\"><a href=\"https:\/\/grupnexus.com\/es\/tratamientos\/plataforma-laser\/\">Plataforma l\u00e1ser<\/a><\/li>\n<li id=\"menu-item-9578\" class=\"menu-item menu-item-type-post_type menu-item-object-page menu-item-9578\"><a href=\"https:\/\/grupnexus.com\/es\/tratamientos\/cirugia-estetica\/\">Cirug\u00eda est\u00e9tica<\/a><\/li>\n<li id=\"menu-item-9581\" class=\"menu-item menu-item-type-post_type menu-item-object-page menu-item-9581\"><a href=\"https:\/\/grupnexus.com\/es\/tratamientos\/medicina-antiaging\/\">Medicina Antiaging Preventiva<\/a><\/li>\n<li id=\"menu-item-9582\" class=\"menu-item menu-item-type-post_type menu-item-object-page menu-item-9582\"><a href=\"https:\/\/grupnexus.com\/es\/tratamientos\/medicina-biologica\/\">Medicina biol\u00f3gica<\/a><\/li>\n<li id=\"menu-item-9580\" class=\"menu-item menu-item-type-post_type menu-item-object-page menu-item-9580\"><a href=\"https:\/\/grupnexus.com\/es\/tratamientos\/estetica-avanzada\/\">Est\u00e9tica avanzada<\/a><\/li>\n<\/ul><\/div><\/div><!-- \/Widget Shortcode --><\/div>\n<div class=\"wpv-grid grid-3-4  wpv-first-level unextended\" style=\"padding-top:0px;padding-bottom:0px\" id=\"wpv-column-d5edc0efbea6b0b983188a95dac0212b\" ><p style=\"text-align: center;\"><img loading=\"lazy\" class=\"size-full wp-image-573 alignleft\" src=\"\/wp-content\/uploads\/Tractaments_MedicinaBiologica.jpg\" alt=\"Tratamientos Medicina Biologica Lleida\" width=\"628\" height=\"463\" srcset=\"https:\/\/grupnexus.com\/wp-content\/uploads\/Tractaments_MedicinaBiologica.jpg 628w, https:\/\/grupnexus.com\/wp-content\/uploads\/Tractaments_MedicinaBiologica-510x376.jpg 510w, https:\/\/grupnexus.com\/wp-content\/uploads\/Tractaments_MedicinaBiologica-300x221.jpg 300w\" sizes=\"(max-width: 628px) 100vw, 628px\" \/><\/p>\n<div class=\"row \"><div class=\"wpv-grid grid-1-1  first unextended\" style=\"padding-top:0px;padding-bottom:0px\" id=\"wpv-column-68539d4a2a7ed58444d68c369fb72374\" ><p>Nexus Biom\u00e8dic, siempre a la vanguardia de los tratamientos l\u00edderes en medicina est\u00e9tica, incorpora en su abanico terap\u00e9utico ciertos tratamientos propios de la medicina biol\u00f3gica no solo para mejorar los problemas est\u00e9ticos, sino tambi\u00e9n para eliminar o contrarrestar las causas responsables. Nace, as\u00ed, el concepto de bioest\u00e9tica, una disciplina preventiva y curativa con la que se intenta no solo paliar los inestetismos, sino tambi\u00e9n curarlos y prevenirlos actuando sobre las alteraciones funcionales de base que los originan. Esta actuaci\u00f3n va siempre ligada a la propia fisiolog\u00eda, para que sea el organismo quien regule estas alteraciones funcionales causantes del problema.<\/p>\n<div class=\"hr\">\n<hr \/>\n<\/div>\n<div class=\"hr\">En\u00a0<strong>Nexus Biom\u00e8dic<\/strong>, somos aut\u00e9nticos\u00a0<strong>pioneros<\/strong>\u00a0en este campo y disponemos de <strong>la mejor aparatologia<\/strong>\u00a0para su aplicaci\u00f3n.<\/div>\n<p>Para ampliar la informaci\u00f3n, pod\u00e9is visitar la nueva web especializada en ozonoterapia,\u00a0<strong>Ozonexus<\/strong>.<\/p>\n<h3>Oxigenoterapia<\/h3>\n<p>Est\u00e1 cient\u00edficamente probado que el ox\u00edgeno aporta vitalidad a las c\u00e9lulas y ayuda a eliminar los radicales libres, adem\u00e1s de afirmar y rejuvenecer la piel, ya que estimula la formaci\u00f3n de col\u00e1geno.<\/p>\n<p>Para conseguir unos resultados m\u00e1ximos, es fundamental un protocolo de tratamiento personalizado, una t\u00e9cnica adecuada y experiencia en su aplicaci\u00f3n.<\/p>\n<p>En Nexus Biom\u00e8dic, adem\u00e1s del tratamiento t\u00f3pico, efectuamos un tratamiento por inhalaci\u00f3n complementario que mejora sus resultados. A pesar de que no tiene ninguna contraindicaci\u00f3n, es necesario llevarlo a cabo bajo supervisi\u00f3n m\u00e9dica. Puede aplicarse a todo tipo de pieles y en cualquier parte del cuerpo, tanto en hombres como en mujeres.<\/p>\n<h3>Carboxiterapia<\/h3>\n<p>La aplicaci\u00f3n subcut\u00e1nea de di\u00f3xido de carbono es una de las mejores terapias para <strong>combatir la celulitis, la flacidez y los c\u00famulos de grasa localizada<\/strong>.<\/p>\n<p>A parte de su efecto lipol\u00edtico, el CO<sub>2<\/sub> mejora la oxigenaci\u00f3n y la microcirculaci\u00f3n, ya que aumenta la cantidad y velocidad del flujo sangu\u00edneo de la zona tratada.<\/p>\n<p>Como en la oxigenoterapia, para conseguir los resultados deseados es necesaria una t\u00e9cnica espec\u00edfica y complementarla con otros tratamientos protocolizados por nosotros. Hay que realizar diversas sesiones, no tiene efectos secundarios y el paciente puede reincorporarse inmediatamente a sus actividades cotidianas.<\/p>\n<h3>Ozonoterapia<\/h3>\n<p>En la nueva unidad de ozonoterapia m\u00e9dica de Nexus Biom\u00e8dic aprovechamos a fondo todas las virtudes que proporcionan los m\u00faltiples y diversos tratamientos que se pueden realizar con este gas.<\/p>\n<p>Principales propiedades del ozono:<\/p>\n<ul>\n<li>Aumenta el n\u00famero de hemat\u00edes y la cantidad de ox\u00edgeno que transportan y proporciona una gran oxigenaci\u00f3n a todos los \u00f3rganos y tejidos.<\/li>\n<li>Flexibiliza la membrana de los gl\u00f3bulos rojos, mejora la microcirculaci\u00f3n a nivel capilar, facilita la circulaci\u00f3n perif\u00e9rica o distal y evita la formaci\u00f3n de trombosis y embolias.<\/li>\n<li>Potente acci\u00f3n desinfectante, act\u00faa contra bacterias, virus y hongos. Potente efecto analg\u00e9sico y antiinflamatorio.<\/li>\n<li>Efecto inmunomodulador y de aumento de las defensas en general, tanto en enfermedades agudas como cr\u00f3nicas.<\/li>\n<li>Efecto antitumoral, de gran utilidad como tratamiento coadyuvante del c\u00e1ncer.<\/li>\n<li>Efecto antial\u00e9rgico.<\/li>\n<li>Estimula la revitalizaci\u00f3n de los tejidos, como la piel y las mucosas.<\/li>\n<li>Acci\u00f3n energ\u00e9tica, act\u00faa contra la fatiga y el cansancio.<\/li>\n<li>Aumenta la producci\u00f3n de sustancias protectoras antioxidantes capaces de neutralizar el efecto nocivo de los radicales libres.<\/li>\n<li>Mejora notablemente la acci\u00f3n desintoxicante del h\u00edgado.<\/li>\n<li>Reduce los niveles sangu\u00edneos de colesterol, triglic\u00e9ridos y \u00e1cido \u00farico.<\/li>\n<li>Regula el ciclo de sue\u00f1o.<\/li>\n<li>Mejora el estado depresivo.<\/li>\n<\/ul>\n<h3>Ozonoterapia anti-aging<\/h3>\n<p>La ozonoterapia es <strong>el tratamiento anti-aging m\u00e1s potente<\/strong>\u00a0que se conoce, especialmente en su forma de administraci\u00f3n endovenosa,\u00a0<strong>que ofrece en exclusiva en Lleida Nexus Biom\u00e8dic<\/strong>.<\/p>\n<ul>\n<li>Oxigena intensamente todas las c\u00e9lulas del organismo y mejora el funcionamiento de todos los \u00f3rganos y tejidos.<\/li>\n<li>Desintoxica a fondo el organismo.<\/li>\n<li>Disminuye el cansancio f\u00edsico y el estr\u00e9s.<\/li>\n<li>Mejora todas las funciones org\u00e1nicas y, en definitiva, proporciona, a nivel sist\u00e9mico, los efectos beneficiosos propios del ozono.<\/li>\n<\/ul>\n<p>M\u00e1s informaci\u00f3n <a href=\"http:\/\/www.ozonexus.info\" target=\"_blank\" rel=\"noopener noreferrer\">en nuestra web ozonexus.info<\/a><\/div><\/div><\/div><\/div>\n<div class=\"sep\"><\/div>\n<div class=\"row \"><div class=\"wpv-grid grid-1-1  wpv-first-level first unextended\" style=\"padding-top:0px;padding-bottom:0px\" id=\"wpv-column-78e23bba13a4b50081df956f347b566e\" ><p><strong><span class=\"buscar\">Quiz\u00e1 estaba buscando:<\/span><\/strong><br \/>\n<span class=\"paraules\">Bioest\u00e9tica Lleida, ozonoterapia Lleida, oxigenoterapia Lleida, carboxiterapia Lleida, anti-aging Lleida, reducir grasa localizada Lleida<\/span><\/div><\/div>\n","protected":false},"excerpt":{"rendered":"<p>Nexus Biom\u00e8dic, siempre a la vanguardia de los tratamientos l\u00edderes en medicina est\u00e9tica, incorpora en su abanico terap\u00e9utico ciertos tratamientos propios de la medicina biol\u00f3gica no solo para mejorar los problemas est\u00e9ticos, sino tambi\u00e9n para eliminar o contrarrestar las causas responsables. Nace, as\u00ed, el concepto de bioest\u00e9tica, una disciplina preventiva y curativa con la que&#8230;<\/p>\n","protected":false},"author":5,"featured_media":0,"parent":1021,"menu_order":0,"comment_status":"closed","ping_status":"closed","template":"","meta":[],"yoast_head":"<!-- This site is optimized with the Yoast SEO plugin v18.6 - https:\/\/yoast.com\/wordpress\/plugins\/seo\/ -->\n<title>Medicina biol\u00f3gica Lleida, Nexus biomedic<\/title>\n<meta name=\"description\" content=\"En Nexus Biom\u00e9dic, somos aut\u00e9nticos pioneros en este campo y disponemos de la mejor aparatolog\u00eda.\" \/>\n<meta name=\"robots\" content=\"index, follow, max-snippet:-1, max-image-preview:large, max-video-preview:-1\" \/>\n<link rel=\"canonical\" href=\"https:\/\/grupnexus.com\/es\/tratamientos\/medicina-biologica\/\" \/>\n<meta property=\"og:locale\" content=\"es_ES\" \/>\n<meta property=\"og:type\" content=\"article\" \/>\n<meta property=\"og:title\" content=\"Medicina biol\u00f3gica Lleida, Nexus biomedic\" \/>\n<meta property=\"og:description\" content=\"En Nexus Biom\u00e9dic, somos aut\u00e9nticos pioneros en este campo y disponemos de la mejor aparatolog\u00eda.\" \/>\n<meta property=\"og:url\" content=\"https:\/\/grupnexus.com\/es\/tratamientos\/medicina-biologica\/\" \/>\n<meta property=\"og:site_name\" content=\"Cl\u00ednica Nexus\" \/>\n<meta property=\"article:modified_time\" content=\"2020-07-23T08:16:52+00:00\" \/>\n<meta property=\"og:image\" content=\"https:\/\/grupnexus.com\/wp-content\/uploads\/Tractaments_MedicinaBiologica.jpg\" \/>\n<meta name=\"twitter:card\" content=\"summary\" \/>\n<meta name=\"twitter:label1\" content=\"Tiempo de lectura\" \/>\n\t<meta name=\"twitter:data1\" content=\"5 minutos\" \/>\n<script type=\"application\/ld+json\" class=\"yoast-schema-graph\">{\"@context\":\"https:\/\/schema.org\",\"@graph\":[{\"@type\":\"WebSite\",\"@id\":\"https:\/\/grupnexus.com\/es\/#website\",\"url\":\"https:\/\/grupnexus.com\/es\/\",\"name\":\"Cl\u00ednica Nexus\",\"description\":\"L\u00edders en Medicina Est\u00e8tica Avan\u00e7ada\",\"potentialAction\":[{\"@type\":\"SearchAction\",\"target\":{\"@type\":\"EntryPoint\",\"urlTemplate\":\"https:\/\/grupnexus.com\/es\/?s={search_term_string}\"},\"query-input\":\"required name=search_term_string\"}],\"inLanguage\":\"es\"},{\"@type\":\"WebPage\",\"@id\":\"https:\/\/grupnexus.com\/es\/tratamientos\/medicina-biologica\/#webpage\",\"url\":\"https:\/\/grupnexus.com\/es\/tratamientos\/medicina-biologica\/\",\"name\":\"Medicina biol\u00f3gica Lleida, Nexus biomedic\",\"isPartOf\":{\"@id\":\"https:\/\/grupnexus.com\/es\/#website\"},\"datePublished\":\"2015-02-06T06:53:31+00:00\",\"dateModified\":\"2020-07-23T08:16:52+00:00\",\"description\":\"En Nexus Biom\u00e9dic, somos aut\u00e9nticos pioneros en este campo y disponemos de la mejor aparatolog\u00eda.\",\"breadcrumb\":{\"@id\":\"https:\/\/grupnexus.com\/es\/tratamientos\/medicina-biologica\/#breadcrumb\"},\"inLanguage\":\"es\",\"potentialAction\":[{\"@type\":\"ReadAction\",\"target\":[\"https:\/\/grupnexus.com\/es\/tratamientos\/medicina-biologica\/\"]}]},{\"@type\":\"BreadcrumbList\",\"@id\":\"https:\/\/grupnexus.com\/es\/tratamientos\/medicina-biologica\/#breadcrumb\",\"itemListElement\":[{\"@type\":\"ListItem\",\"position\":1,\"name\":\"Portada\",\"item\":\"https:\/\/grupnexus.com\/es\/\"},{\"@type\":\"ListItem\",\"position\":2,\"name\":\"Tratamientos\",\"item\":\"https:\/\/grupnexus.com\/es\/tratamientos\/\"},{\"@type\":\"ListItem\",\"position\":3,\"name\":\"Medicina biol\u00f3gica\"}]}]}<\/script>\n<!-- \/ Yoast SEO plugin. -->","yoast_head_json":{"title":"Medicina biol\u00f3gica Lleida, Nexus biomedic","description":"En Nexus Biom\u00e9dic, somos aut\u00e9nticos pioneros en este campo y disponemos de la mejor aparatolog\u00eda.","robots":{"index":"index","follow":"follow","max-snippet":"max-snippet:-1","max-image-preview":"max-image-preview:large","max-video-preview":"max-video-preview:-1"},"canonical":"https:\/\/grupnexus.com\/es\/tratamientos\/medicina-biologica\/","og_locale":"es_ES","og_type":"article","og_title":"Medicina biol\u00f3gica Lleida, Nexus biomedic","og_description":"En Nexus Biom\u00e9dic, somos aut\u00e9nticos pioneros en este campo y disponemos de la mejor aparatolog\u00eda.","og_url":"https:\/\/grupnexus.com\/es\/tratamientos\/medicina-biologica\/","og_site_name":"Cl\u00ednica Nexus","article_modified_time":"2020-07-23T08:16:52+00:00","og_image":[{"url":"https:\/\/grupnexus.com\/wp-content\/uploads\/Tractaments_MedicinaBiologica.jpg"}],"twitter_card":"summary","twitter_misc":{"Tiempo de lectura":"5 minutos"},"schema":{"@context":"https:\/\/schema.org","@graph":[{"@type":"WebSite","@id":"https:\/\/grupnexus.com\/es\/#website","url":"https:\/\/grupnexus.com\/es\/","name":"Cl\u00ednica Nexus","description":"L\u00edders en Medicina Est\u00e8tica Avan\u00e7ada","potentialAction":[{"@type":"SearchAction","target":{"@type":"EntryPoint","urlTemplate":"https:\/\/grupnexus.com\/es\/?s={search_term_string}"},"query-input":"required name=search_term_string"}],"inLanguage":"es"},{"@type":"WebPage","@id":"https:\/\/grupnexus.com\/es\/tratamientos\/medicina-biologica\/#webpage","url":"https:\/\/grupnexus.com\/es\/tratamientos\/medicina-biologica\/","name":"Medicina biol\u00f3gica Lleida, Nexus biomedic","isPartOf":{"@id":"https:\/\/grupnexus.com\/es\/#website"},"datePublished":"2015-02-06T06:53:31+00:00","dateModified":"2020-07-23T08:16:52+00:00","description":"En Nexus Biom\u00e9dic, somos aut\u00e9nticos pioneros en este campo y disponemos de la mejor aparatolog\u00eda.","breadcrumb":{"@id":"https:\/\/grupnexus.com\/es\/tratamientos\/medicina-biologica\/#breadcrumb"},"inLanguage":"es","potentialAction":[{"@type":"ReadAction","target":["https:\/\/grupnexus.com\/es\/tratamientos\/medicina-biologica\/"]}]},{"@type":"BreadcrumbList","@id":"https:\/\/grupnexus.com\/es\/tratamientos\/medicina-biologica\/#breadcrumb","itemListElement":[{"@type":"ListItem","position":1,"name":"Portada","item":"https:\/\/grupnexus.com\/es\/"},{"@type":"ListItem","position":2,"name":"Tratamientos","item":"https:\/\/grupnexus.com\/es\/tratamientos\/"},{"@type":"ListItem","position":3,"name":"Medicina biol\u00f3gica"}]}]}},"_links":{"self":[{"href":"https:\/\/grupnexus.com\/es\/wp-json\/wp\/v2\/pages\/1057"}],"collection":[{"href":"https:\/\/grupnexus.com\/es\/wp-json\/wp\/v2\/pages"}],"about":[{"href":"https:\/\/grupnexus.com\/es\/wp-json\/wp\/v2\/types\/page"}],"author":[{"embeddable":true,"href":"https:\/\/grupnexus.com\/es\/wp-json\/wp\/v2\/users\/5"}],"replies":[{"embeddable":true,"href":"https:\/\/grupnexus.com\/es\/wp-json\/wp\/v2\/comments?post=1057"}],"version-history":[{"count":1,"href":"https:\/\/grupnexus.com\/es\/wp-json\/wp\/v2\/pages\/1057\/revisions"}],"predecessor-version":[{"id":45139,"href":"https:\/\/grupnexus.com\/es\/wp-json\/wp\/v2\/pages\/1057\/revisions\/45139"}],"up":[{"embeddable":true,"href":"https:\/\/grupnexus.com\/es\/wp-json\/wp\/v2\/pages\/1021"}],"wp:attachment":[{"href":"https:\/\/grupnexus.com\/es\/wp-json\/wp\/v2\/media?parent=1057"}],"curies":[{"name":"wp","href":"https:\/\/api.w.org\/{rel}","templated":true}]}}