{"id":1075,"date":"2015-02-06T08:30:18","date_gmt":"2015-02-06T07:30:18","guid":{"rendered":"http:\/\/www.grupnexus.com\/tractaments\/estetica-avanzada\/dermocosmetica\/"},"modified":"2022-03-07T13:48:18","modified_gmt":"2022-03-07T11:48:18","slug":"dermocosmetica","status":"publish","type":"page","link":"https:\/\/grupnexus.com\/es\/tratamientos\/estetica-avanzada\/dermocosmetica\/","title":{"rendered":"Dermocosm\u00e9tica"},"content":{"rendered":"<div class=\"row \"><div class=\"wpv-grid grid-3-4  wpv-first-level first unextended\" style=\"padding-top:0px;padding-bottom:0px\" id=\"wpv-column-850e5dcb2580b69b3cdd6da38266028c\" >\t\t<h2 class=\"text-divider-double\">\t\t\t\nDermocosm\u00e9tica\t\t<\/h2>\t\t<div class=\"sep\"><\/div>\t<\/div>\n<div class=\"wpv-grid grid-1-4  wpv-first-level unextended\" style=\"padding-top:0px;padding-bottom:0px\" id=\"wpv-column-47e40b340276cfe1db396b47d74a92b8\" ><div class=\"push\" style='height:44px'><\/div>\n<!-- Widget Shortcode --><div id=\"search-11\" class=\"widget widget_search widget-shortcode area-wpv_sidebar-tractament-est-facial-cat-left \"><form role=\"search\" method=\"get\" class=\"searchform clearfix\" action=\"https:\/\/grupnexus.com\/es\/\">\n\t<label for=\"search-text-widget\" class=\"visuallyhidden\">Search for:<\/label>\n\t<input id=\"search-text-widget\" type=\"text\" value=\"\" name=\"s\" placeholder=\"Buscar\" required=\"required\" \/>\n\t<input type=\"submit\" value=\"Buscar\" \/>\n\t\t\t<input type=\"hidden\" name=\"lang\" value=\"es\"\/>\n\t<\/form><\/div><!-- \/Widget Shortcode --><\/div><\/div>\n<div class=\"row \"><div class=\"wpv-grid grid-1-4  wpv-first-level first unextended\" style=\"padding-top:0px;padding-bottom:0px\" id=\"wpv-column-f5ce41ccccc19ba14f44c26d2f2a32da\" ><!-- Widget Shortcode --><div id=\"nav_menu-14\" class=\"widget widget_nav_menu widget-shortcode area-wpv_sidebar-tractaments-estetica-avancada-cat-left \"><h2 class=\"widgettitle\">Est\u00e9tica avanzada<\/h2><div class=\"menu-tractaments-med-est-avan-es-container\"><ul id=\"menu-tractaments-med-est-avan-es\" class=\"menu\"><li id=\"menu-item-9613\" class=\"menu-item menu-item-type-post_type menu-item-object-page menu-item-9613\"><a href=\"https:\/\/grupnexus.com\/es\/tratamientos\/estetica-avanzada\/dermocosmetica\/\">Dermocosm\u00e9tica<\/a><\/li>\n<li id=\"menu-item-9614\" class=\"menu-item menu-item-type-post_type menu-item-object-page menu-item-9614\"><a href=\"https:\/\/grupnexus.com\/es\/tratamientos\/estetica-avanzada\/energia-vital\/\">Energ\u00eda vital<\/a><\/li>\n<li id=\"menu-item-9616\" class=\"menu-item menu-item-type-post_type menu-item-object-page menu-item-9616\"><a href=\"https:\/\/grupnexus.com\/es\/tratamientos\/estetica-avanzada\/packs-corporales\/\">Packs corporales<\/a><\/li>\n<li id=\"menu-item-9617\" class=\"menu-item menu-item-type-post_type menu-item-object-page menu-item-9617\"><a href=\"https:\/\/grupnexus.com\/es\/tratamientos\/estetica-avanzada\/packs-faciales\/\">Packs faciales<\/a><\/li>\n<li id=\"menu-item-9618\" class=\"menu-item menu-item-type-post_type menu-item-object-page menu-item-9618\"><a href=\"https:\/\/grupnexus.com\/es\/tratamientos\/estetica-avanzada\/spa-termal\/\">Spa-termal<\/a><\/li>\n<\/ul><\/div><\/div><!-- \/Widget Shortcode --><\/div>\n<div class=\"wpv-grid grid-3-4  wpv-first-level unextended\" style=\"padding-top:0px;padding-bottom:0px\" id=\"wpv-column-226e60ddd37646213b478f4d1dce5154\" ><div class=\"row \"><div class=\"wpv-grid grid-1-1  first unextended\" style=\"padding-top:0px;padding-bottom:0px\" id=\"wpv-column-78512c09ba3896022db0e6fdc189a37e\" ><h3>Dermocosm\u00e9tica \u2013 Productos exclusivos de primeras marcas<\/h3>\n<p>Nexus dispone de una l\u00ednea exclusiva propia, <strong>Nexline<\/strong>, creada a partir de un largo y laborioso estudio, pensada para que sea un complemento excelente en todos los tratamientos de Nexus. Por ello, <strong>Nexline<\/strong> incorpora en sus productos <strong>la mejor selecci\u00f3n de principios activos para potenciar los efectos de los tratamientos realizados en Nexus.<\/strong><\/p>\n<p>Adem\u00e1s, en Nexus Bioest\u00e8tic solo encontrar\u00e1s cosm\u00e9tica facial y corporal y tratamientos cosm\u00e9ticos de primeras y reconocidas marcas internacionales, cosm\u00e9tica espa\u00f1ola, americana, italiana y francesa pioneras en todo tipo de tratamientos de belleza y del cuerpo. Y con todo el asesoramiento profesional gratuito.<\/p>\n<ul>\n<li>Biologique Recherche<\/li>\n<li><a href=\"https:\/\/grupnexus.com\/es\/oxygenetix-revolucion-cosmetica-que-cuida-trata-y-cubre\/\">Oxygenetix<\/a><\/li>\n<li><a href=\"\/es\/otro-sol-otra-fotoproteccion-con-heliocare\/\">Heliocare<\/a><\/li>\n<li><a href=\"\/es\/cosmetica-zo-skin\/\">Zo Skin Health by Zein Obagi<\/a><\/li>\n<li><a href=\"\/es\/dermaceutic-7-acciones-esenciales-para-el-cuidado-de-tu-piel\/\">Dermaceutic<\/a><\/li>\n<li><a href=\"https:\/\/grupnexus.com\/es\/rituales-de-belleza-efecto-wow\/\">AllSkin Med<\/a><\/li>\n<\/ul><\/div><\/div>\n<p><img loading=\"lazy\" class=\"alignleft size-full wp-image-614\" src=\"\/wp-content\/uploads\/Tractaments_EsteticaAvancada_Dermocosmetica.jpg\" alt=\"Dermocosm\u00e9tica\" width=\"800\" height=\"530\" srcset=\"https:\/\/grupnexus.com\/wp-content\/uploads\/Tractaments_EsteticaAvancada_Dermocosmetica.jpg 800w, https:\/\/grupnexus.com\/wp-content\/uploads\/Tractaments_EsteticaAvancada_Dermocosmetica-510x338.jpg 510w, https:\/\/grupnexus.com\/wp-content\/uploads\/Tractaments_EsteticaAvancada_Dermocosmetica-300x199.jpg 300w\" sizes=\"(max-width: 800px) 100vw, 800px\" \/><\/div><\/div>\n<div class=\"sep\"><\/div>\n<div class=\"row \"><div class=\"wpv-grid grid-1-1  wpv-first-level first unextended\" style=\"padding-top:0px;padding-bottom:0px\" id=\"wpv-column-f122744312974e1fb6a9593170c817c8\" ><p><strong><span class=\"buscar\">Quiz\u00e1 estaba buscando:<\/span><\/strong><br \/>\n<span class=\"paraules\">Dermocosm\u00e9tica Lleida, cosm\u00e9tica facial Lleida, cosm\u00e9tica corporal Lleida,<\/span><\/div><\/div>\n","protected":false},"excerpt":{"rendered":"<p>Dermocosm\u00e9tica \u2013 Productos exclusivos de primeras marcas Nexus dispone de una l\u00ednea exclusiva propia, Nexline, creada a partir de un largo y laborioso estudio, pensada para que sea un complemento excelente en todos los tratamientos de Nexus. Por ello, Nexline incorpora en sus productos la mejor selecci\u00f3n de principios activos para potenciar los efectos de&#8230;<\/p>\n","protected":false},"author":5,"featured_media":0,"parent":1055,"menu_order":0,"comment_status":"closed","ping_status":"closed","template":"","meta":[],"yoast_head":"<!-- This site is optimized with the Yoast SEO plugin v18.6 - https:\/\/yoast.com\/wordpress\/plugins\/seo\/ -->\n<title>Dermocosm\u00e9tica Lleida, cosm\u00e9tica facial<\/title>\n<meta name=\"description\" content=\"Nexus dispone de una l\u00ednea exclusiva propia, Nexline, creada a partir de un largo y laborioso estudio para los tratamientos que necesitas.\" \/>\n<meta name=\"robots\" content=\"index, follow, max-snippet:-1, max-image-preview:large, max-video-preview:-1\" \/>\n<link rel=\"canonical\" href=\"https:\/\/grupnexus.com\/es\/tratamientos\/estetica-avanzada\/dermocosmetica\/\" \/>\n<meta property=\"og:locale\" content=\"es_ES\" \/>\n<meta property=\"og:type\" content=\"article\" \/>\n<meta property=\"og:title\" content=\"Dermocosm\u00e9tica Lleida, cosm\u00e9tica facial\" \/>\n<meta property=\"og:description\" content=\"Nexus dispone de una l\u00ednea exclusiva propia, Nexline, creada a partir de un largo y laborioso estudio para los tratamientos que necesitas.\" \/>\n<meta property=\"og:url\" content=\"https:\/\/grupnexus.com\/es\/tratamientos\/estetica-avanzada\/dermocosmetica\/\" \/>\n<meta property=\"og:site_name\" content=\"Cl\u00ednica Nexus\" \/>\n<meta property=\"article:modified_time\" content=\"2022-03-07T11:48:18+00:00\" \/>\n<meta property=\"og:image\" content=\"https:\/\/grupnexus.com\/wp-content\/uploads\/Tractaments_EsteticaAvancada_Dermocosmetica.jpg\" \/>\n<meta name=\"twitter:card\" content=\"summary\" \/>\n<meta name=\"twitter:label1\" content=\"Tiempo de lectura\" \/>\n\t<meta name=\"twitter:data1\" content=\"2 minutos\" \/>\n<script type=\"application\/ld+json\" class=\"yoast-schema-graph\">{\"@context\":\"https:\/\/schema.org\",\"@graph\":[{\"@type\":\"WebSite\",\"@id\":\"https:\/\/grupnexus.com\/es\/#website\",\"url\":\"https:\/\/grupnexus.com\/es\/\",\"name\":\"Cl\u00ednica Nexus\",\"description\":\"L\u00edders en Medicina Est\u00e8tica Avan\u00e7ada\",\"potentialAction\":[{\"@type\":\"SearchAction\",\"target\":{\"@type\":\"EntryPoint\",\"urlTemplate\":\"https:\/\/grupnexus.com\/es\/?s={search_term_string}\"},\"query-input\":\"required name=search_term_string\"}],\"inLanguage\":\"es\"},{\"@type\":\"WebPage\",\"@id\":\"https:\/\/grupnexus.com\/es\/tratamientos\/estetica-avanzada\/dermocosmetica\/#webpage\",\"url\":\"https:\/\/grupnexus.com\/es\/tratamientos\/estetica-avanzada\/dermocosmetica\/\",\"name\":\"Dermocosm\u00e9tica Lleida, cosm\u00e9tica facial\",\"isPartOf\":{\"@id\":\"https:\/\/grupnexus.com\/es\/#website\"},\"datePublished\":\"2015-02-06T07:30:18+00:00\",\"dateModified\":\"2022-03-07T11:48:18+00:00\",\"description\":\"Nexus dispone de una l\u00ednea exclusiva propia, Nexline, creada a partir de un largo y laborioso estudio para los tratamientos que necesitas.\",\"breadcrumb\":{\"@id\":\"https:\/\/grupnexus.com\/es\/tratamientos\/estetica-avanzada\/dermocosmetica\/#breadcrumb\"},\"inLanguage\":\"es\",\"potentialAction\":[{\"@type\":\"ReadAction\",\"target\":[\"https:\/\/grupnexus.com\/es\/tratamientos\/estetica-avanzada\/dermocosmetica\/\"]}]},{\"@type\":\"BreadcrumbList\",\"@id\":\"https:\/\/grupnexus.com\/es\/tratamientos\/estetica-avanzada\/dermocosmetica\/#breadcrumb\",\"itemListElement\":[{\"@type\":\"ListItem\",\"position\":1,\"name\":\"Portada\",\"item\":\"https:\/\/grupnexus.com\/es\/\"},{\"@type\":\"ListItem\",\"position\":2,\"name\":\"Tratamientos\",\"item\":\"https:\/\/grupnexus.com\/es\/tratamientos\/\"},{\"@type\":\"ListItem\",\"position\":3,\"name\":\"Est\u00e9tica avanzada\",\"item\":\"https:\/\/grupnexus.com\/es\/tratamientos\/estetica-avanzada\/\"},{\"@type\":\"ListItem\",\"position\":4,\"name\":\"Dermocosm\u00e9tica\"}]}]}<\/script>\n<!-- \/ Yoast SEO plugin. -->","yoast_head_json":{"title":"Dermocosm\u00e9tica Lleida, cosm\u00e9tica facial","description":"Nexus dispone de una l\u00ednea exclusiva propia, Nexline, creada a partir de un largo y laborioso estudio para los tratamientos que necesitas.","robots":{"index":"index","follow":"follow","max-snippet":"max-snippet:-1","max-image-preview":"max-image-preview:large","max-video-preview":"max-video-preview:-1"},"canonical":"https:\/\/grupnexus.com\/es\/tratamientos\/estetica-avanzada\/dermocosmetica\/","og_locale":"es_ES","og_type":"article","og_title":"Dermocosm\u00e9tica Lleida, cosm\u00e9tica facial","og_description":"Nexus dispone de una l\u00ednea exclusiva propia, Nexline, creada a partir de un largo y laborioso estudio para los tratamientos que necesitas.","og_url":"https:\/\/grupnexus.com\/es\/tratamientos\/estetica-avanzada\/dermocosmetica\/","og_site_name":"Cl\u00ednica Nexus","article_modified_time":"2022-03-07T11:48:18+00:00","og_image":[{"url":"https:\/\/grupnexus.com\/wp-content\/uploads\/Tractaments_EsteticaAvancada_Dermocosmetica.jpg"}],"twitter_card":"summary","twitter_misc":{"Tiempo de lectura":"2 minutos"},"schema":{"@context":"https:\/\/schema.org","@graph":[{"@type":"WebSite","@id":"https:\/\/grupnexus.com\/es\/#website","url":"https:\/\/grupnexus.com\/es\/","name":"Cl\u00ednica Nexus","description":"L\u00edders en Medicina Est\u00e8tica Avan\u00e7ada","potentialAction":[{"@type":"SearchAction","target":{"@type":"EntryPoint","urlTemplate":"https:\/\/grupnexus.com\/es\/?s={search_term_string}"},"query-input":"required name=search_term_string"}],"inLanguage":"es"},{"@type":"WebPage","@id":"https:\/\/grupnexus.com\/es\/tratamientos\/estetica-avanzada\/dermocosmetica\/#webpage","url":"https:\/\/grupnexus.com\/es\/tratamientos\/estetica-avanzada\/dermocosmetica\/","name":"Dermocosm\u00e9tica Lleida, cosm\u00e9tica facial","isPartOf":{"@id":"https:\/\/grupnexus.com\/es\/#website"},"datePublished":"2015-02-06T07:30:18+00:00","dateModified":"2022-03-07T11:48:18+00:00","description":"Nexus dispone de una l\u00ednea exclusiva propia, Nexline, creada a partir de un largo y laborioso estudio para los tratamientos que necesitas.","breadcrumb":{"@id":"https:\/\/grupnexus.com\/es\/tratamientos\/estetica-avanzada\/dermocosmetica\/#breadcrumb"},"inLanguage":"es","potentialAction":[{"@type":"ReadAction","target":["https:\/\/grupnexus.com\/es\/tratamientos\/estetica-avanzada\/dermocosmetica\/"]}]},{"@type":"BreadcrumbList","@id":"https:\/\/grupnexus.com\/es\/tratamientos\/estetica-avanzada\/dermocosmetica\/#breadcrumb","itemListElement":[{"@type":"ListItem","position":1,"name":"Portada","item":"https:\/\/grupnexus.com\/es\/"},{"@type":"ListItem","position":2,"name":"Tratamientos","item":"https:\/\/grupnexus.com\/es\/tratamientos\/"},{"@type":"ListItem","position":3,"name":"Est\u00e9tica avanzada","item":"https:\/\/grupnexus.com\/es\/tratamientos\/estetica-avanzada\/"},{"@type":"ListItem","position":4,"name":"Dermocosm\u00e9tica"}]}]}},"_links":{"self":[{"href":"https:\/\/grupnexus.com\/es\/wp-json\/wp\/v2\/pages\/1075"}],"collection":[{"href":"https:\/\/grupnexus.com\/es\/wp-json\/wp\/v2\/pages"}],"about":[{"href":"https:\/\/grupnexus.com\/es\/wp-json\/wp\/v2\/types\/page"}],"author":[{"embeddable":true,"href":"https:\/\/grupnexus.com\/es\/wp-json\/wp\/v2\/users\/5"}],"replies":[{"embeddable":true,"href":"https:\/\/grupnexus.com\/es\/wp-json\/wp\/v2\/comments?post=1075"}],"version-history":[{"count":12,"href":"https:\/\/grupnexus.com\/es\/wp-json\/wp\/v2\/pages\/1075\/revisions"}],"predecessor-version":[{"id":55006,"href":"https:\/\/grupnexus.com\/es\/wp-json\/wp\/v2\/pages\/1075\/revisions\/55006"}],"up":[{"embeddable":true,"href":"https:\/\/grupnexus.com\/es\/wp-json\/wp\/v2\/pages\/1055"}],"wp:attachment":[{"href":"https:\/\/grupnexus.com\/es\/wp-json\/wp\/v2\/media?parent=1075"}],"curies":[{"name":"wp","href":"https:\/\/api.w.org\/{rel}","templated":true}]}}