{"id":1078,"date":"2015-02-06T08:29:27","date_gmt":"2015-02-06T07:29:27","guid":{"rendered":"http:\/\/www.grupnexus.com\/tractaments\/estetica-avanzada\/packs-corporals\/"},"modified":"2020-07-23T10:23:01","modified_gmt":"2020-07-23T08:23:01","slug":"packs-corporales","status":"publish","type":"page","link":"https:\/\/grupnexus.com\/es\/tratamientos\/estetica-avanzada\/packs-corporales\/","title":{"rendered":"Packs corporales"},"content":{"rendered":"<div class=\"row \"><div class=\"wpv-grid grid-3-4  wpv-first-level first unextended\" style=\"padding-top:0px;padding-bottom:0px\" id=\"wpv-column-46a1939c60786fb0b6df22fb36e2b7cd\" >\t\t<h2 class=\"text-divider-double\">\t\t\t\nPacks corporales\t\t<\/h2>\t\t<div class=\"sep\"><\/div>\t<\/div>\n<div class=\"wpv-grid grid-1-4  wpv-first-level unextended\" style=\"padding-top:0px;padding-bottom:0px\" id=\"wpv-column-9a81c553a28e5eed9c3bec4b02ab5166\" ><div class=\"push\" style='height:44px'><\/div>\n<!-- Widget Shortcode --><div id=\"search-11\" class=\"widget widget_search widget-shortcode area-wpv_sidebar-tractament-est-facial-cat-left \"><form role=\"search\" method=\"get\" class=\"searchform clearfix\" action=\"https:\/\/grupnexus.com\/es\/\">\n\t<label for=\"search-text-widget\" class=\"visuallyhidden\">Search for:<\/label>\n\t<input id=\"search-text-widget\" type=\"text\" value=\"\" name=\"s\" placeholder=\"Buscar\" required=\"required\" \/>\n\t<input type=\"submit\" value=\"Buscar\" \/>\n\t\t\t<input type=\"hidden\" name=\"lang\" value=\"es\"\/>\n\t<\/form><\/div><!-- \/Widget Shortcode --><\/div><\/div>\n<div class=\"row \"><div class=\"wpv-grid grid-1-4  wpv-first-level first unextended\" style=\"padding-top:0px;padding-bottom:0px\" id=\"wpv-column-bb38f6bd820ec592c650479399d5d194\" ><!-- Widget Shortcode --><div id=\"nav_menu-14\" class=\"widget widget_nav_menu widget-shortcode area-wpv_sidebar-tractaments-estetica-avancada-cat-left \"><h2 class=\"widgettitle\">Est\u00e9tica avanzada<\/h2><div class=\"menu-tractaments-med-est-avan-es-container\"><ul id=\"menu-tractaments-med-est-avan-es\" class=\"menu\"><li id=\"menu-item-9613\" class=\"menu-item menu-item-type-post_type menu-item-object-page menu-item-9613\"><a href=\"https:\/\/grupnexus.com\/es\/tratamientos\/estetica-avanzada\/dermocosmetica\/\">Dermocosm\u00e9tica<\/a><\/li>\n<li id=\"menu-item-9614\" class=\"menu-item menu-item-type-post_type menu-item-object-page menu-item-9614\"><a href=\"https:\/\/grupnexus.com\/es\/tratamientos\/estetica-avanzada\/energia-vital\/\">Energ\u00eda vital<\/a><\/li>\n<li id=\"menu-item-9616\" class=\"menu-item menu-item-type-post_type menu-item-object-page menu-item-9616\"><a href=\"https:\/\/grupnexus.com\/es\/tratamientos\/estetica-avanzada\/packs-corporales\/\">Packs corporales<\/a><\/li>\n<li id=\"menu-item-9617\" class=\"menu-item menu-item-type-post_type menu-item-object-page menu-item-9617\"><a href=\"https:\/\/grupnexus.com\/es\/tratamientos\/estetica-avanzada\/packs-faciales\/\">Packs faciales<\/a><\/li>\n<li id=\"menu-item-9618\" class=\"menu-item menu-item-type-post_type menu-item-object-page menu-item-9618\"><a href=\"https:\/\/grupnexus.com\/es\/tratamientos\/estetica-avanzada\/spa-termal\/\">Spa-termal<\/a><\/li>\n<\/ul><\/div><\/div><!-- \/Widget Shortcode --><\/div>\n<div class=\"wpv-grid grid-3-4  wpv-first-level unextended\" style=\"padding-top:0px;padding-bottom:0px\" id=\"wpv-column-17e9bdf762e022ca0fea6d7797f62d35\" ><p><img loading=\"lazy\" class=\"size-large wp-image-17431 alignnone\" src=\"https:\/\/grupnexus.com\/wp-content\/uploads\/2018\/09\/Clinica-nexus-Estetica-Packs-corporals-1024x731.jpg\" alt=\"\" width=\"1024\" height=\"731\" srcset=\"https:\/\/grupnexus.com\/wp-content\/uploads\/2018\/09\/Clinica-nexus-Estetica-Packs-corporals-1024x731.jpg 1024w, https:\/\/grupnexus.com\/wp-content\/uploads\/2018\/09\/Clinica-nexus-Estetica-Packs-corporals-510x364.jpg 510w, https:\/\/grupnexus.com\/wp-content\/uploads\/2018\/09\/Clinica-nexus-Estetica-Packs-corporals-300x214.jpg 300w, https:\/\/grupnexus.com\/wp-content\/uploads\/2018\/09\/Clinica-nexus-Estetica-Packs-corporals-768x548.jpg 768w, https:\/\/grupnexus.com\/wp-content\/uploads\/2018\/09\/Clinica-nexus-Estetica-Packs-corporals-555x396.jpg 555w, https:\/\/grupnexus.com\/wp-content\/uploads\/2018\/09\/Clinica-nexus-Estetica-Packs-corporals-360x257.jpg 360w, https:\/\/grupnexus.com\/wp-content\/uploads\/2018\/09\/Clinica-nexus-Estetica-Packs-corporals-262x187.jpg 262w, https:\/\/grupnexus.com\/wp-content\/uploads\/2018\/09\/Clinica-nexus-Estetica-Packs-corporals.jpg 1102w\" sizes=\"(max-width: 1024px) 100vw, 1024px\" \/><\/p>\n<p><span class=\"notranslate\">Una f\u00f3rmula innovadora y personalizada para cuidar y mejorar la belleza y el bienestar. <strong>Los packs y tratamientos corporales de Nexus Bioest\u00e8tic est\u00e1n dise\u00f1ados para adaptarse a diferentes ocasiones y necesidades.<\/strong><\/span><\/p>\n<h3><span class=\"notranslate\">Tratamiento Spa-antiestr\u00e9s<\/span><\/h3>\n<p><span class=\"notranslate\">Thalasso SPA con programas personalizados<\/span><br \/>\n<span class=\"notranslate\">Balneoterapia<\/span><br \/>\n<span class=\"notranslate\">Exfoliaci\u00f3n integral con sales minerales<\/span><br \/>\n<span class=\"notranslate\">Fangoterapia y Algoterapia<\/span><br \/>\n<span class=\"notranslate\">Chocolaterapia y canelaterapia<\/span><br \/>\n<span class=\"notranslate\">Masaje con aceites esenciales<\/span><br \/>\n<span class=\"notranslate\">Masaje Hot Stones (piedras calientes volc\u00e1nicas)<\/span><br \/>\n<span class=\"notranslate\">Masaje Bright Stones (piedras de colores)<\/span><\/p>\n<h3><span class=\"notranslate\">Quiromasaje<\/span><\/h3>\n<p><span class=\"notranslate\">Terap\u00e9utico (zonas contracturadas)<\/span><br \/>\n<span class=\"notranslate\">Relajante (con aceites esenciales)<\/span><br \/>\n<span class=\"notranslate\">Tonificante (con yogur)<\/span><br \/>\n<span class=\"notranslate\">Drenaje linf\u00e1tico manual<\/span><br \/>\n<span class=\"notranslate\">Circulatorio<\/span><br \/>\n<span class=\"notranslate\">Deportivo<\/span><br \/>\n<span class=\"notranslate\">Shiatsu<\/span><br \/>\n<span class=\"notranslate\">Reiki<\/span><br \/>\n<span class=\"notranslate\">Lipomassage<\/span><br \/>\n<span class=\"notranslate\">Para embarazadas<\/span><\/p>\n<h3><span class=\"notranslate\">Tratamiento de la celulitis y adiposidades localizadas<\/span><\/h3>\n<p><span class=\"notranslate\">Mesoterapia convencional o virtual (Hydrofor)<\/span><br \/>\n<span class=\"notranslate\">Carboxiterapia<\/span><br \/>\n<span class=\"notranslate\">Lipomassage con t\u00e9cnica endermologie<\/span><br \/>\n<span class=\"notranslate\">Velasmooth<\/span><br \/>\n<span class=\"notranslate\">Ultrasonidos<\/span><br \/>\n<span class=\"notranslate\">Presoterapia m\u00e9dica<\/span><br \/>\n<span class=\"notranslate\">Plataforma vibratoria<\/span><br \/>\n<span class=\"notranslate\">Exfoliaci\u00f3n corporal con termosudaci\u00f3<\/span><br \/>\n<span class=\"notranslate\">Tratamientos de algas<\/span><br \/>\n<span class=\"notranslate\">Fangoterapia: fangos calientes, reductores, y desintoxicantes<\/span><br \/>\n<span class=\"notranslate\">Chocolaterapia y canelaterapia<\/span><br \/>\n<span class=\"notranslate\">Red, blue &amp; Green Star&#8230;<\/span><\/div><\/div>\n<div class=\"sep\"><\/div>\n<div class=\"row \"><div class=\"wpv-grid grid-1-1  wpv-first-level first unextended\" style=\"padding-top:0px;padding-bottom:0px\" id=\"wpv-column-1dcf472fb20a4689d752067d0db2d93d\" ><p><strong><span class=\"buscar\">Quiz\u00e1 estaba buscando:<\/span><\/strong><br \/>\n<span class=\"paraules\">Tratamiento antiestr\u00e9s Lleida, quiromasaje Lleida, Tratamiento celulitis Lleida, grasa localizada Lleida, lipomassatge Lleida, tratamiento de algas Lleida,<\/span><\/div><\/div>\n","protected":false},"excerpt":{"rendered":"<p>Una f\u00f3rmula innovadora y personalizada para cuidar y mejorar la belleza y el bienestar. Los packs y tratamientos corporales de Nexus Bioest\u00e8tic est\u00e1n dise\u00f1ados para adaptarse a diferentes ocasiones y necesidades. Tratamiento Spa-antiestr\u00e9s Thalasso SPA con programas personalizados Balneoterapia Exfoliaci\u00f3n integral con sales minerales Fangoterapia y Algoterapia Chocolaterapia y canelaterapia Masaje con aceites esenciales Masaje&#8230;<\/p>\n","protected":false},"author":5,"featured_media":0,"parent":1055,"menu_order":0,"comment_status":"closed","ping_status":"closed","template":"","meta":[],"yoast_head":"<!-- This site is optimized with the Yoast SEO plugin v18.6 - https:\/\/yoast.com\/wordpress\/plugins\/seo\/ -->\n<title>Tratamientos est\u00e9ticos corporales Lleida<\/title>\n<meta name=\"description\" content=\"Los packs y tratamientos corporales de Nexus Bioest\u00e8tic estan personalizados y dise\u00f1ados para cuidar y mejorar la belleza y el bienestar.\" \/>\n<meta name=\"robots\" content=\"index, follow, max-snippet:-1, max-image-preview:large, max-video-preview:-1\" \/>\n<link rel=\"canonical\" href=\"https:\/\/grupnexus.com\/es\/tratamientos\/estetica-avanzada\/packs-corporales\/\" \/>\n<meta property=\"og:locale\" content=\"es_ES\" \/>\n<meta property=\"og:type\" content=\"article\" \/>\n<meta property=\"og:title\" content=\"Tratamientos est\u00e9ticos corporales Lleida\" \/>\n<meta property=\"og:description\" content=\"Los packs y tratamientos corporales de Nexus Bioest\u00e8tic estan personalizados y dise\u00f1ados para cuidar y mejorar la belleza y el bienestar.\" \/>\n<meta property=\"og:url\" content=\"https:\/\/grupnexus.com\/es\/tratamientos\/estetica-avanzada\/packs-corporales\/\" \/>\n<meta property=\"og:site_name\" content=\"Cl\u00ednica Nexus\" \/>\n<meta property=\"article:modified_time\" content=\"2020-07-23T08:23:01+00:00\" \/>\n<meta property=\"og:image\" content=\"https:\/\/grupnexus.com\/wp-content\/uploads\/2018\/09\/Clinica-nexus-Estetica-Packs-corporals-1024x731.jpg\" \/>\n<meta name=\"twitter:card\" content=\"summary\" \/>\n<meta name=\"twitter:label1\" content=\"Tiempo de lectura\" \/>\n\t<meta name=\"twitter:data1\" content=\"2 minutos\" \/>\n<script type=\"application\/ld+json\" class=\"yoast-schema-graph\">{\"@context\":\"https:\/\/schema.org\",\"@graph\":[{\"@type\":\"WebSite\",\"@id\":\"https:\/\/grupnexus.com\/es\/#website\",\"url\":\"https:\/\/grupnexus.com\/es\/\",\"name\":\"Cl\u00ednica Nexus\",\"description\":\"L\u00edders en Medicina Est\u00e8tica Avan\u00e7ada\",\"potentialAction\":[{\"@type\":\"SearchAction\",\"target\":{\"@type\":\"EntryPoint\",\"urlTemplate\":\"https:\/\/grupnexus.com\/es\/?s={search_term_string}\"},\"query-input\":\"required name=search_term_string\"}],\"inLanguage\":\"es\"},{\"@type\":\"ImageObject\",\"@id\":\"https:\/\/grupnexus.com\/es\/tratamientos\/estetica-avanzada\/packs-corporales\/#primaryimage\",\"inLanguage\":\"es\",\"url\":\"https:\/\/grupnexus.com\/wp-content\/uploads\/2018\/09\/Clinica-nexus-Estetica-Packs-corporals.jpg\",\"contentUrl\":\"https:\/\/grupnexus.com\/wp-content\/uploads\/2018\/09\/Clinica-nexus-Estetica-Packs-corporals.jpg\",\"width\":1102,\"height\":787},{\"@type\":\"WebPage\",\"@id\":\"https:\/\/grupnexus.com\/es\/tratamientos\/estetica-avanzada\/packs-corporales\/#webpage\",\"url\":\"https:\/\/grupnexus.com\/es\/tratamientos\/estetica-avanzada\/packs-corporales\/\",\"name\":\"Tratamientos est\u00e9ticos corporales Lleida\",\"isPartOf\":{\"@id\":\"https:\/\/grupnexus.com\/es\/#website\"},\"primaryImageOfPage\":{\"@id\":\"https:\/\/grupnexus.com\/es\/tratamientos\/estetica-avanzada\/packs-corporales\/#primaryimage\"},\"datePublished\":\"2015-02-06T07:29:27+00:00\",\"dateModified\":\"2020-07-23T08:23:01+00:00\",\"description\":\"Los packs y tratamientos corporales de Nexus Bioest\u00e8tic estan personalizados y dise\u00f1ados para cuidar y mejorar la belleza y el bienestar.\",\"breadcrumb\":{\"@id\":\"https:\/\/grupnexus.com\/es\/tratamientos\/estetica-avanzada\/packs-corporales\/#breadcrumb\"},\"inLanguage\":\"es\",\"potentialAction\":[{\"@type\":\"ReadAction\",\"target\":[\"https:\/\/grupnexus.com\/es\/tratamientos\/estetica-avanzada\/packs-corporales\/\"]}]},{\"@type\":\"BreadcrumbList\",\"@id\":\"https:\/\/grupnexus.com\/es\/tratamientos\/estetica-avanzada\/packs-corporales\/#breadcrumb\",\"itemListElement\":[{\"@type\":\"ListItem\",\"position\":1,\"name\":\"Portada\",\"item\":\"https:\/\/grupnexus.com\/es\/\"},{\"@type\":\"ListItem\",\"position\":2,\"name\":\"Tratamientos\",\"item\":\"https:\/\/grupnexus.com\/es\/tratamientos\/\"},{\"@type\":\"ListItem\",\"position\":3,\"name\":\"Est\u00e9tica avanzada\",\"item\":\"https:\/\/grupnexus.com\/es\/tratamientos\/estetica-avanzada\/\"},{\"@type\":\"ListItem\",\"position\":4,\"name\":\"Packs corporales\"}]}]}<\/script>\n<!-- \/ Yoast SEO plugin. -->","yoast_head_json":{"title":"Tratamientos est\u00e9ticos corporales Lleida","description":"Los packs y tratamientos corporales de Nexus Bioest\u00e8tic estan personalizados y dise\u00f1ados para cuidar y mejorar la belleza y el bienestar.","robots":{"index":"index","follow":"follow","max-snippet":"max-snippet:-1","max-image-preview":"max-image-preview:large","max-video-preview":"max-video-preview:-1"},"canonical":"https:\/\/grupnexus.com\/es\/tratamientos\/estetica-avanzada\/packs-corporales\/","og_locale":"es_ES","og_type":"article","og_title":"Tratamientos est\u00e9ticos corporales Lleida","og_description":"Los packs y tratamientos corporales de Nexus Bioest\u00e8tic estan personalizados y dise\u00f1ados para cuidar y mejorar la belleza y el bienestar.","og_url":"https:\/\/grupnexus.com\/es\/tratamientos\/estetica-avanzada\/packs-corporales\/","og_site_name":"Cl\u00ednica Nexus","article_modified_time":"2020-07-23T08:23:01+00:00","og_image":[{"url":"https:\/\/grupnexus.com\/wp-content\/uploads\/2018\/09\/Clinica-nexus-Estetica-Packs-corporals-1024x731.jpg"}],"twitter_card":"summary","twitter_misc":{"Tiempo de lectura":"2 minutos"},"schema":{"@context":"https:\/\/schema.org","@graph":[{"@type":"WebSite","@id":"https:\/\/grupnexus.com\/es\/#website","url":"https:\/\/grupnexus.com\/es\/","name":"Cl\u00ednica Nexus","description":"L\u00edders en Medicina Est\u00e8tica Avan\u00e7ada","potentialAction":[{"@type":"SearchAction","target":{"@type":"EntryPoint","urlTemplate":"https:\/\/grupnexus.com\/es\/?s={search_term_string}"},"query-input":"required name=search_term_string"}],"inLanguage":"es"},{"@type":"ImageObject","@id":"https:\/\/grupnexus.com\/es\/tratamientos\/estetica-avanzada\/packs-corporales\/#primaryimage","inLanguage":"es","url":"https:\/\/grupnexus.com\/wp-content\/uploads\/2018\/09\/Clinica-nexus-Estetica-Packs-corporals.jpg","contentUrl":"https:\/\/grupnexus.com\/wp-content\/uploads\/2018\/09\/Clinica-nexus-Estetica-Packs-corporals.jpg","width":1102,"height":787},{"@type":"WebPage","@id":"https:\/\/grupnexus.com\/es\/tratamientos\/estetica-avanzada\/packs-corporales\/#webpage","url":"https:\/\/grupnexus.com\/es\/tratamientos\/estetica-avanzada\/packs-corporales\/","name":"Tratamientos est\u00e9ticos corporales Lleida","isPartOf":{"@id":"https:\/\/grupnexus.com\/es\/#website"},"primaryImageOfPage":{"@id":"https:\/\/grupnexus.com\/es\/tratamientos\/estetica-avanzada\/packs-corporales\/#primaryimage"},"datePublished":"2015-02-06T07:29:27+00:00","dateModified":"2020-07-23T08:23:01+00:00","description":"Los packs y tratamientos corporales de Nexus Bioest\u00e8tic estan personalizados y dise\u00f1ados para cuidar y mejorar la belleza y el bienestar.","breadcrumb":{"@id":"https:\/\/grupnexus.com\/es\/tratamientos\/estetica-avanzada\/packs-corporales\/#breadcrumb"},"inLanguage":"es","potentialAction":[{"@type":"ReadAction","target":["https:\/\/grupnexus.com\/es\/tratamientos\/estetica-avanzada\/packs-corporales\/"]}]},{"@type":"BreadcrumbList","@id":"https:\/\/grupnexus.com\/es\/tratamientos\/estetica-avanzada\/packs-corporales\/#breadcrumb","itemListElement":[{"@type":"ListItem","position":1,"name":"Portada","item":"https:\/\/grupnexus.com\/es\/"},{"@type":"ListItem","position":2,"name":"Tratamientos","item":"https:\/\/grupnexus.com\/es\/tratamientos\/"},{"@type":"ListItem","position":3,"name":"Est\u00e9tica avanzada","item":"https:\/\/grupnexus.com\/es\/tratamientos\/estetica-avanzada\/"},{"@type":"ListItem","position":4,"name":"Packs corporales"}]}]}},"_links":{"self":[{"href":"https:\/\/grupnexus.com\/es\/wp-json\/wp\/v2\/pages\/1078"}],"collection":[{"href":"https:\/\/grupnexus.com\/es\/wp-json\/wp\/v2\/pages"}],"about":[{"href":"https:\/\/grupnexus.com\/es\/wp-json\/wp\/v2\/types\/page"}],"author":[{"embeddable":true,"href":"https:\/\/grupnexus.com\/es\/wp-json\/wp\/v2\/users\/5"}],"replies":[{"embeddable":true,"href":"https:\/\/grupnexus.com\/es\/wp-json\/wp\/v2\/comments?post=1078"}],"version-history":[{"count":2,"href":"https:\/\/grupnexus.com\/es\/wp-json\/wp\/v2\/pages\/1078\/revisions"}],"predecessor-version":[{"id":17435,"href":"https:\/\/grupnexus.com\/es\/wp-json\/wp\/v2\/pages\/1078\/revisions\/17435"}],"up":[{"embeddable":true,"href":"https:\/\/grupnexus.com\/es\/wp-json\/wp\/v2\/pages\/1055"}],"wp:attachment":[{"href":"https:\/\/grupnexus.com\/es\/wp-json\/wp\/v2\/media?parent=1078"}],"curies":[{"name":"wp","href":"https:\/\/api.w.org\/{rel}","templated":true}]}}