{"id":1080,"date":"2015-02-06T08:30:04","date_gmt":"2015-02-06T07:30:04","guid":{"rendered":"http:\/\/www.grupnexus.com\/tractaments\/estetica-avanzada\/spa-termal\/"},"modified":"2016-01-21T23:47:53","modified_gmt":"2016-01-21T21:47:53","slug":"spa-termal","status":"publish","type":"page","link":"https:\/\/grupnexus.com\/es\/tratamientos\/estetica-avanzada\/spa-termal\/","title":{"rendered":"Spa-termal"},"content":{"rendered":"<div class=\"row \"><div class=\"wpv-grid grid-3-4  wpv-first-level first unextended\" style=\"padding-top:0px;padding-bottom:0px\" id=\"wpv-column-7ace34e73b58935a4808ac6f30c9936f\" >\t\t<h2 class=\"text-divider-double\">\t\t\t\nSpa-termal\t\t<\/h2>\t\t<div class=\"sep\"><\/div>\t<\/div>\n<div class=\"wpv-grid grid-1-4  wpv-first-level unextended\" style=\"padding-top:0px;padding-bottom:0px\" id=\"wpv-column-308b77c153ed2ada51ca9d1e5b199fd9\" ><div class=\"push\" style='height:44px'><\/div>\n<!-- Widget Shortcode --><div id=\"search-11\" class=\"widget widget_search widget-shortcode area-wpv_sidebar-tractament-est-facial-cat-left \"><form role=\"search\" method=\"get\" class=\"searchform clearfix\" action=\"https:\/\/grupnexus.com\/es\/\">\n\t<label for=\"search-text-widget\" class=\"visuallyhidden\">Search for:<\/label>\n\t<input id=\"search-text-widget\" type=\"text\" value=\"\" name=\"s\" placeholder=\"Buscar\" required=\"required\" \/>\n\t<input type=\"submit\" value=\"Buscar\" \/>\n\t\t\t<input type=\"hidden\" name=\"lang\" value=\"es\"\/>\n\t<\/form><\/div><!-- \/Widget Shortcode --><\/div><\/div>\n<div class=\"row \"><div class=\"wpv-grid grid-1-4  wpv-first-level first unextended\" style=\"padding-top:0px;padding-bottom:0px\" id=\"wpv-column-06c7db1297beefde2494bf4c14580e5a\" ><!-- Widget Shortcode --><div id=\"nav_menu-14\" class=\"widget widget_nav_menu widget-shortcode area-wpv_sidebar-tractaments-estetica-avancada-cat-left \"><h2 class=\"widgettitle\">Est\u00e9tica avanzada<\/h2><div class=\"menu-tractaments-med-est-avan-es-container\"><ul id=\"menu-tractaments-med-est-avan-es\" class=\"menu\"><li id=\"menu-item-9613\" class=\"menu-item menu-item-type-post_type menu-item-object-page menu-item-9613\"><a href=\"https:\/\/grupnexus.com\/es\/tratamientos\/estetica-avanzada\/dermocosmetica\/\">Dermocosm\u00e9tica<\/a><\/li>\n<li id=\"menu-item-9614\" class=\"menu-item menu-item-type-post_type menu-item-object-page menu-item-9614\"><a href=\"https:\/\/grupnexus.com\/es\/tratamientos\/estetica-avanzada\/energia-vital\/\">Energ\u00eda vital<\/a><\/li>\n<li id=\"menu-item-9616\" class=\"menu-item menu-item-type-post_type menu-item-object-page menu-item-9616\"><a href=\"https:\/\/grupnexus.com\/es\/tratamientos\/estetica-avanzada\/packs-corporales\/\">Packs corporales<\/a><\/li>\n<li id=\"menu-item-9617\" class=\"menu-item menu-item-type-post_type menu-item-object-page menu-item-9617\"><a href=\"https:\/\/grupnexus.com\/es\/tratamientos\/estetica-avanzada\/packs-faciales\/\">Packs faciales<\/a><\/li>\n<li id=\"menu-item-9618\" class=\"menu-item menu-item-type-post_type menu-item-object-page menu-item-9618\"><a href=\"https:\/\/grupnexus.com\/es\/tratamientos\/estetica-avanzada\/spa-termal\/\">Spa-termal<\/a><\/li>\n<\/ul><\/div><\/div><!-- \/Widget Shortcode --><\/div>\n<div class=\"wpv-grid grid-3-4  wpv-first-level unextended\" style=\"padding-top:0px;padding-bottom:0px\" id=\"wpv-column-0ec2207810f83a09c1e8491086a79e65\" ><p><img loading=\"lazy\" class=\"alignleft size-full wp-image-613\" src=\"\/wp-content\/uploads\/Tractaments_EsteticaAvancada_SpaTermal.jpg\" alt=\"Spa Termal\" width=\"628\" height=\"463\" srcset=\"https:\/\/grupnexus.com\/wp-content\/uploads\/Tractaments_EsteticaAvancada_SpaTermal.jpg 628w, https:\/\/grupnexus.com\/wp-content\/uploads\/Tractaments_EsteticaAvancada_SpaTermal-510x376.jpg 510w, https:\/\/grupnexus.com\/wp-content\/uploads\/Tractaments_EsteticaAvancada_SpaTermal-300x221.jpg 300w\" sizes=\"(max-width: 628px) 100vw, 628px\" \/><\/p>\n<div class=\"row \"><div class=\"wpv-grid grid-1-1  first unextended\" style=\"padding-top:0px;padding-bottom:0px\" id=\"wpv-column-60a94e6a923553eab9794b6ef27abbde\" ><h3>Spa termal Nexus Bioest\u00e8tic<\/h3>\n<p>En el nuevo mundo spa termal de Nexus Bioest\u00e8tic podemos combinar cada tratamiento con las distintas fases:<\/p>\n<ul>\n<li>Vapor (ba\u00f1o turco)<\/li>\n<li>Aire caliente (sauna)<\/li>\n<li>Nebulizaci\u00f3n<\/li>\n<li>Ducha Vichy<\/li>\n<li>Cromoterapia<\/li>\n<li>Aromaterapia<\/li>\n<li>Musicoterapia<\/li>\n<\/ul>\n<p>Trasladamos cuerpo y mente al fascinante mundo del agua, donde se funden belleza y placer, e incluimos en cada tratamiento programas personalizados en los que fusionamos los tratamientos de bienestar con tratamientos para combatir los sintetismos de la silueta.<\/p>\n<h3>Programas spa termal:<\/h3>\n<ul>\n<li>Exfoliante<\/li>\n<li>Desintoxicante<\/li>\n<li>Drenante<\/li>\n<li>Remineralizante<\/li>\n<li>Reductor<\/li>\n<li>Oxigenante<\/li>\n<li>Hidratante<\/li>\n<li>Tonificante<\/li>\n<\/ul>\n<p>Todos realizados con la alta cosm\u00e9tica Thalmer, productos thalasso spa que incluyen, entre sus activos, agua de mar, algas, plancton y portadores de ox\u00edgeno capaces de recuperar la piel y dotarla de frescor y vitalidad.<\/p>\n<p><strong>Aconsejado para todos aquellos que busquen una eficacia y funcionalidad excepcionales, as\u00ed como la recuperaci\u00f3n del equilibrio.<\/strong><\/div><\/div><\/div><\/div>\n<div class=\"sep\"><\/div>\n<div class=\"row \"><div class=\"wpv-grid grid-1-1  wpv-first-level first unextended\" style=\"padding-top:0px;padding-bottom:0px\" id=\"wpv-column-5105922d042e929544d40f0c2bf47bdf\" ><p><strong><span class=\"buscar\">Quiz\u00e1 estaba buscando:<\/span><\/strong><br \/>\n<span class=\"paraules\">Spa Lleida, ba\u00f1o turco Lleida, nebulizaci\u00f3n Lleida, Cromoterapia Lleida, musicoterapia Lleida, tratamientos spa Lleida, bienestar Lleida, belleza Lleida<\/span><\/div><\/div>\n","protected":false},"excerpt":{"rendered":"<p>Spa termal Nexus Bioest\u00e8tic En el nuevo mundo spa termal de Nexus Bioest\u00e8tic podemos combinar cada tratamiento con las distintas fases: Vapor (ba\u00f1o turco) Aire caliente (sauna) Nebulizaci\u00f3n Ducha Vichy Cromoterapia Aromaterapia Musicoterapia Trasladamos cuerpo y mente al fascinante mundo del agua, donde se funden belleza y placer, e incluimos en cada tratamiento programas personalizados&#8230;<\/p>\n","protected":false},"author":5,"featured_media":0,"parent":1055,"menu_order":0,"comment_status":"closed","ping_status":"closed","template":"","meta":[],"yoast_head":"<!-- This site is optimized with the Yoast SEO plugin v18.6 - https:\/\/yoast.com\/wordpress\/plugins\/seo\/ -->\n<title>Spa Termal Lleida<\/title>\n<meta name=\"description\" content=\"El nuevo mundo Spa-termal de Nexus Bioest\u00e9tic podemos combinar cada tratamiento con diferentes fases: vapor, sauna, nebulizaci\u00f3n, cromoterapia, etc.\" \/>\n<meta name=\"robots\" content=\"index, follow, max-snippet:-1, max-image-preview:large, max-video-preview:-1\" \/>\n<link rel=\"canonical\" href=\"https:\/\/grupnexus.com\/es\/tratamientos\/estetica-avanzada\/spa-termal\/\" \/>\n<meta property=\"og:locale\" content=\"es_ES\" \/>\n<meta property=\"og:type\" content=\"article\" \/>\n<meta property=\"og:title\" content=\"Spa Termal Lleida\" \/>\n<meta property=\"og:description\" content=\"El nuevo mundo Spa-termal de Nexus Bioest\u00e9tic podemos combinar cada tratamiento con diferentes fases: vapor, sauna, nebulizaci\u00f3n, cromoterapia, etc.\" \/>\n<meta property=\"og:url\" content=\"https:\/\/grupnexus.com\/es\/tratamientos\/estetica-avanzada\/spa-termal\/\" \/>\n<meta property=\"og:site_name\" content=\"Cl\u00ednica Nexus\" \/>\n<meta property=\"article:modified_time\" content=\"2016-01-21T21:47:53+00:00\" \/>\n<meta property=\"og:image\" content=\"https:\/\/grupnexus.com\/wp-content\/uploads\/Tractaments_EsteticaAvancada_SpaTermal.jpg\" \/>\n<meta name=\"twitter:card\" content=\"summary\" \/>\n<meta name=\"twitter:label1\" content=\"Tiempo de lectura\" \/>\n\t<meta name=\"twitter:data1\" content=\"3 minutos\" \/>\n<script type=\"application\/ld+json\" class=\"yoast-schema-graph\">{\"@context\":\"https:\/\/schema.org\",\"@graph\":[{\"@type\":\"WebSite\",\"@id\":\"https:\/\/grupnexus.com\/es\/#website\",\"url\":\"https:\/\/grupnexus.com\/es\/\",\"name\":\"Cl\u00ednica Nexus\",\"description\":\"L\u00edders en Medicina Est\u00e8tica Avan\u00e7ada\",\"potentialAction\":[{\"@type\":\"SearchAction\",\"target\":{\"@type\":\"EntryPoint\",\"urlTemplate\":\"https:\/\/grupnexus.com\/es\/?s={search_term_string}\"},\"query-input\":\"required name=search_term_string\"}],\"inLanguage\":\"es\"},{\"@type\":\"WebPage\",\"@id\":\"https:\/\/grupnexus.com\/es\/tratamientos\/estetica-avanzada\/spa-termal\/#webpage\",\"url\":\"https:\/\/grupnexus.com\/es\/tratamientos\/estetica-avanzada\/spa-termal\/\",\"name\":\"Spa Termal Lleida\",\"isPartOf\":{\"@id\":\"https:\/\/grupnexus.com\/es\/#website\"},\"datePublished\":\"2015-02-06T07:30:04+00:00\",\"dateModified\":\"2016-01-21T21:47:53+00:00\",\"description\":\"El nuevo mundo Spa-termal de Nexus Bioest\u00e9tic podemos combinar cada tratamiento con diferentes fases: vapor, sauna, nebulizaci\u00f3n, cromoterapia, etc.\",\"breadcrumb\":{\"@id\":\"https:\/\/grupnexus.com\/es\/tratamientos\/estetica-avanzada\/spa-termal\/#breadcrumb\"},\"inLanguage\":\"es\",\"potentialAction\":[{\"@type\":\"ReadAction\",\"target\":[\"https:\/\/grupnexus.com\/es\/tratamientos\/estetica-avanzada\/spa-termal\/\"]}]},{\"@type\":\"BreadcrumbList\",\"@id\":\"https:\/\/grupnexus.com\/es\/tratamientos\/estetica-avanzada\/spa-termal\/#breadcrumb\",\"itemListElement\":[{\"@type\":\"ListItem\",\"position\":1,\"name\":\"Portada\",\"item\":\"https:\/\/grupnexus.com\/es\/\"},{\"@type\":\"ListItem\",\"position\":2,\"name\":\"Tratamientos\",\"item\":\"https:\/\/grupnexus.com\/es\/tratamientos\/\"},{\"@type\":\"ListItem\",\"position\":3,\"name\":\"Est\u00e9tica avanzada\",\"item\":\"https:\/\/grupnexus.com\/es\/tratamientos\/estetica-avanzada\/\"},{\"@type\":\"ListItem\",\"position\":4,\"name\":\"Spa-termal\"}]}]}<\/script>\n<!-- \/ Yoast SEO plugin. -->","yoast_head_json":{"title":"Spa Termal Lleida","description":"El nuevo mundo Spa-termal de Nexus Bioest\u00e9tic podemos combinar cada tratamiento con diferentes fases: vapor, sauna, nebulizaci\u00f3n, cromoterapia, etc.","robots":{"index":"index","follow":"follow","max-snippet":"max-snippet:-1","max-image-preview":"max-image-preview:large","max-video-preview":"max-video-preview:-1"},"canonical":"https:\/\/grupnexus.com\/es\/tratamientos\/estetica-avanzada\/spa-termal\/","og_locale":"es_ES","og_type":"article","og_title":"Spa Termal Lleida","og_description":"El nuevo mundo Spa-termal de Nexus Bioest\u00e9tic podemos combinar cada tratamiento con diferentes fases: vapor, sauna, nebulizaci\u00f3n, cromoterapia, etc.","og_url":"https:\/\/grupnexus.com\/es\/tratamientos\/estetica-avanzada\/spa-termal\/","og_site_name":"Cl\u00ednica Nexus","article_modified_time":"2016-01-21T21:47:53+00:00","og_image":[{"url":"https:\/\/grupnexus.com\/wp-content\/uploads\/Tractaments_EsteticaAvancada_SpaTermal.jpg"}],"twitter_card":"summary","twitter_misc":{"Tiempo de lectura":"3 minutos"},"schema":{"@context":"https:\/\/schema.org","@graph":[{"@type":"WebSite","@id":"https:\/\/grupnexus.com\/es\/#website","url":"https:\/\/grupnexus.com\/es\/","name":"Cl\u00ednica Nexus","description":"L\u00edders en Medicina Est\u00e8tica Avan\u00e7ada","potentialAction":[{"@type":"SearchAction","target":{"@type":"EntryPoint","urlTemplate":"https:\/\/grupnexus.com\/es\/?s={search_term_string}"},"query-input":"required name=search_term_string"}],"inLanguage":"es"},{"@type":"WebPage","@id":"https:\/\/grupnexus.com\/es\/tratamientos\/estetica-avanzada\/spa-termal\/#webpage","url":"https:\/\/grupnexus.com\/es\/tratamientos\/estetica-avanzada\/spa-termal\/","name":"Spa Termal Lleida","isPartOf":{"@id":"https:\/\/grupnexus.com\/es\/#website"},"datePublished":"2015-02-06T07:30:04+00:00","dateModified":"2016-01-21T21:47:53+00:00","description":"El nuevo mundo Spa-termal de Nexus Bioest\u00e9tic podemos combinar cada tratamiento con diferentes fases: vapor, sauna, nebulizaci\u00f3n, cromoterapia, etc.","breadcrumb":{"@id":"https:\/\/grupnexus.com\/es\/tratamientos\/estetica-avanzada\/spa-termal\/#breadcrumb"},"inLanguage":"es","potentialAction":[{"@type":"ReadAction","target":["https:\/\/grupnexus.com\/es\/tratamientos\/estetica-avanzada\/spa-termal\/"]}]},{"@type":"BreadcrumbList","@id":"https:\/\/grupnexus.com\/es\/tratamientos\/estetica-avanzada\/spa-termal\/#breadcrumb","itemListElement":[{"@type":"ListItem","position":1,"name":"Portada","item":"https:\/\/grupnexus.com\/es\/"},{"@type":"ListItem","position":2,"name":"Tratamientos","item":"https:\/\/grupnexus.com\/es\/tratamientos\/"},{"@type":"ListItem","position":3,"name":"Est\u00e9tica avanzada","item":"https:\/\/grupnexus.com\/es\/tratamientos\/estetica-avanzada\/"},{"@type":"ListItem","position":4,"name":"Spa-termal"}]}]}},"_links":{"self":[{"href":"https:\/\/grupnexus.com\/es\/wp-json\/wp\/v2\/pages\/1080"}],"collection":[{"href":"https:\/\/grupnexus.com\/es\/wp-json\/wp\/v2\/pages"}],"about":[{"href":"https:\/\/grupnexus.com\/es\/wp-json\/wp\/v2\/types\/page"}],"author":[{"embeddable":true,"href":"https:\/\/grupnexus.com\/es\/wp-json\/wp\/v2\/users\/5"}],"replies":[{"embeddable":true,"href":"https:\/\/grupnexus.com\/es\/wp-json\/wp\/v2\/comments?post=1080"}],"version-history":[{"count":1,"href":"https:\/\/grupnexus.com\/es\/wp-json\/wp\/v2\/pages\/1080\/revisions"}],"predecessor-version":[{"id":29062,"href":"https:\/\/grupnexus.com\/es\/wp-json\/wp\/v2\/pages\/1080\/revisions\/29062"}],"up":[{"embeddable":true,"href":"https:\/\/grupnexus.com\/es\/wp-json\/wp\/v2\/pages\/1055"}],"wp:attachment":[{"href":"https:\/\/grupnexus.com\/es\/wp-json\/wp\/v2\/media?parent=1080"}],"curies":[{"name":"wp","href":"https:\/\/api.w.org\/{rel}","templated":true}]}}