{"id":1088,"date":"2015-02-06T08:01:25","date_gmt":"2015-02-06T07:01:25","guid":{"rendered":"http:\/\/www.grupnexus.com\/tractaments\/medicina-estetica-corporal\/adipositats-localitzades-remodelacio-corporal\/"},"modified":"2022-11-23T15:51:50","modified_gmt":"2022-11-23T13:51:50","slug":"adipositados-localizados-y-remodelacion-corporal","status":"publish","type":"page","link":"https:\/\/grupnexus.com\/es\/tratamientos\/medicina-estetica-corporal\/adipositados-localizados-y-remodelacion-corporal\/","title":{"rendered":"Adipositados localizados y remodelaci\u00f3n corporal"},"content":{"rendered":"<div class=\"row \"><div class=\"wpv-grid grid-3-4  wpv-first-level first unextended\" style=\"padding-top:0px;padding-bottom:0px\" id=\"wpv-column-6996160ee3fad34579cfccb1a209cdf4\" >\t\t<h2 class=\"text-divider-double\">\t\t\t\nAdipositados localizados y remodelaci\u00f3n corporal\t\t<\/h2>\t\t<div class=\"sep\"><\/div>\t<\/div>\n<div class=\"wpv-grid grid-1-4  wpv-first-level unextended\" style=\"padding-top:0px;padding-bottom:0px\" id=\"wpv-column-bad955e70ff67120fd094e5163afda31\" ><div class=\"push\" style='height:44px'><\/div>\n<!-- Widget Shortcode --><div id=\"search-11\" class=\"widget widget_search widget-shortcode area-wpv_sidebar-tractament-est-facial-cat-left \"><form role=\"search\" method=\"get\" class=\"searchform clearfix\" action=\"https:\/\/grupnexus.com\/es\/\">\n\t<label for=\"search-text-widget\" class=\"visuallyhidden\">Search for:<\/label>\n\t<input id=\"search-text-widget\" type=\"text\" value=\"\" name=\"s\" placeholder=\"Buscar\" required=\"required\" \/>\n\t<input type=\"submit\" value=\"Buscar\" \/>\n\t\t\t<input type=\"hidden\" name=\"lang\" value=\"es\"\/>\n\t<\/form><\/div><!-- \/Widget Shortcode --><\/div><\/div>\n<div class=\"row \"><div class=\"wpv-grid grid-1-4  wpv-first-level first unextended\" style=\"padding-top:0px;padding-bottom:0px\" id=\"wpv-column-da27bed214adadd58e98d23fdbadfafa\" ><!-- Widget Shortcode --><div id=\"nav_menu-15\" class=\"widget widget_nav_menu widget-shortcode area-wpv_sidebar-tractament-est-corporal-cat-left \"><h2 class=\"widgettitle\">Medicina est\u00e9tica corporal<\/h2><div class=\"menu-tratamientos-med-estet-corp-es-container\"><ul id=\"menu-tratamientos-med-estet-corp-es\" class=\"menu\"><li id=\"menu-item-9600\" class=\"menu-item menu-item-type-post_type menu-item-object-page menu-item-9600\"><a href=\"https:\/\/grupnexus.com\/es\/tratamientos\/medicina-estetica-corporal\/adipositados-localizados-y-remodelacion-corporal\/\">Adipositados localizados y remodelaci\u00f3n corporal<\/a><\/li>\n<li id=\"menu-item-9601\" class=\"menu-item menu-item-type-post_type menu-item-object-page menu-item-9601\"><a href=\"https:\/\/grupnexus.com\/es\/tratamientos\/medicina-estetica-corporal\/celulitis\/\">Celulitis<\/a><\/li>\n<li id=\"menu-item-9602\" class=\"menu-item menu-item-type-post_type menu-item-object-page menu-item-9602\"><a href=\"https:\/\/grupnexus.com\/es\/tratamientos\/medicina-estetica-corporal\/cicatrices\/\">Cicatrices<\/a><\/li>\n<li id=\"menu-item-9603\" class=\"menu-item menu-item-type-post_type menu-item-object-page menu-item-9603\"><a href=\"https:\/\/grupnexus.com\/es\/tratamientos\/medicina-estetica-corporal\/estrias\/\">Estr\u00edas<\/a><\/li>\n<li id=\"menu-item-9604\" class=\"menu-item menu-item-type-post_type menu-item-object-page menu-item-9604\"><a href=\"https:\/\/grupnexus.com\/es\/tratamientos\/medicina-estetica-corporal\/flacidez\/\">Flacidez<\/a><\/li>\n<li id=\"menu-item-9605\" class=\"menu-item menu-item-type-post_type menu-item-object-page menu-item-9605\"><a href=\"https:\/\/grupnexus.com\/es\/tratamientos\/medicina-estetica-corporal\/hipersudoracion\/\">Hipersudoraci\u00f3n<\/a><\/li>\n<li id=\"menu-item-9606\" class=\"menu-item menu-item-type-post_type menu-item-object-page menu-item-9606\"><a href=\"https:\/\/grupnexus.com\/es\/tratamientos\/medicina-estetica-corporal\/varices\/\">Varices<\/a><\/li>\n<\/ul><\/div><\/div><!-- \/Widget Shortcode --><\/div>\n<div class=\"wpv-grid grid-3-4  wpv-first-level unextended\" style=\"padding-top:0px;padding-bottom:0px\" id=\"wpv-column-90395baee00ecdbe90714aef20e121bf\" ><p><img class=\"aligncenter wp-image-51604 size-full\" src=\"https:\/\/i0.wp.com\/grupnexus.com\/wp-content\/uploads\/Tractaments_MedicinaEsteticaCorporal_Adiposats.jpg\" alt=\"\" \/><\/p>\n<div class=\"row \"><div class=\"wpv-grid grid-1-1  first unextended\" style=\"padding-top:0px;padding-bottom:0px\" id=\"wpv-column-0ef7f091dcbd0c5a98cd5080c7f1a55b\" ><h3>Crioadip\u00f3lisis Cooltech Def<\/h3>\n<p>T\u00e9cnica con la que destruimos las c\u00e9lulas grasas o adipocitos mediante la congelaci\u00f3n de \u00e9stas y posterior eliminaci\u00f3n del propio metabolismo.<br \/>\nEs un tratamiento indicado en caso de c\u00famulos de grasa localizados en zonas como el abdomen, los gl\u00fateos, los flancos, la espalda, los muslos, los brazos o el ment\u00f3n.<\/p>\n<h3>Ultrashape<\/h3>\n<p>Ultrashape es el primer y \u00fanico equipo m\u00e9dico que mediante una tecnolog\u00eda de vanguardia permite una remodelaci\u00f3n no quir\u00fargica del contorno corporal. Se basa en la aplicaci\u00f3n de un haz de ultrasonidos focalizados que destruyen selectivamente las c\u00e9lulas grasas (adipocitos) por vibraci\u00f3n, sin da\u00f1ar los tejidos de alrededor. El procedimiento est\u00e1 guiado por un sistema inform\u00e1tico y videogr\u00e1fico que calcula la dimensi\u00f3n de la zona a tratar y el n\u00famero de pulsos necesarios, garantizando as\u00ed la precisi\u00f3n y homogeneidad del tratamiento en el \u00e1rea en cuesti\u00f3n.<\/p>\n<p>Ultrashape estar\u00eda indicado, pues, en aquellas personas, tanto hombres como mujeres, con normopeso o sobrepeso ligero-moderado, que deseen eliminar el exceso de grasa localizada (que no se elimina ni con dieta ni ejercicio) sin recurrir a la cirug\u00eda ( liposucci\u00f3n).<\/p>\n<p>Las principales ventajas de Ultrashape son las siguientes:<\/p>\n<ul>\n<li>No requiere anestesia<\/li>\n<li>No requiere infiltraci\u00f3n<\/li>\n<li>Es indoloro<\/li>\n<li>No produce hinchaz\u00f3n ni hematomas posteriores<\/li>\n<li>Gracias al control en tiempo real de la grasa tratada en cada punto, no se producen irregularidades.<\/li>\n<li>No requiere el uso de fajas posteriormente al tratamiento<\/li>\n<li>No produce dolor posterior ni otros efectos secundarios<\/li>\n<li>Permite la reincorporaci\u00f3n inmediata a las actividades cotidianas sin ning\u00fan tipo de convalecencia.<\/li>\n<\/ul>\n<h3>Adipocitolisis por intralipoterapia<\/h3>\n<p>La adipocitolisis, es un tratamiento en el que, mediante la t\u00e9cnica de la intralipoterapia, se inyecta directamente en el tejido adiposo una soluci\u00f3n detergente que rompe el adipocito, la c\u00e9lula que almacena la grasa. Adem\u00e1s, la tumescencia que esta sustancia produce en el tejido adiposo, permite que la aplicaci\u00f3n posterior de ultrasonidos externos aumente su eficacia para producir una microcavitaci\u00f3n efectiva en este tejido, y por tanto, que ambas juntas consigan un efecto sin\u00e9rgico que no tiene parang\u00f3n con el resto de t\u00e9cnicas no quir\u00fargicas actuales para este fin, y que cuenta con la ventaja adicional de evitar la flacidez posterior y mejorar el aspecto y la textura de la piel.<\/p>\n<p>Son necesarias generalmente varias sesiones, variables seg\u00fan cada caso, para lograr resultados comparables a la liposucci\u00f3n, si bien desde la primera de ellas ya se objetiva la disminuci\u00f3n del c\u00famulo de grasa en cuesti\u00f3n. El tratamiento es muy poco molesto, perfectamente tolerado y no requiere ning\u00fan tipo de convalecencia. Adem\u00e1s, al ser la sustancia inyectada un derivado del \u00e1cido desoxic\u00f3lico, un componente fisiol\u00f3gico de la bilis, los efectos secundarios son pr\u00e1cticamente inexistentes y, de producirse, son leves (calor, enrojecimiento, prurito\u2026), locales y de poca duraci\u00f3n.<\/p>\n<h3>Otros<\/h3>\n<ul>\n<li>Lipolaser<\/li>\n<li>Cavitaci\u00f3n<\/li>\n<li>Velashape<\/li>\n<li>Icoone<\/li>\n<li>Presoterapia<\/li>\n<li>Sistema linf\u00e1tico manual<\/li>\n<li>Plataforma vibratoria<\/li>\n<\/ul>\n<h3>Narl<\/h3>\n<p>Recientes avances en el campo de los ultrasonidos, han conducido a desarrollar esta tecnolog\u00eda, cuyo nombre deriva del t\u00e9rmino ingl\u00e9s NorAdrenaline ReLease (liberaci\u00f3n de noradrenalina). Mediante la estimulaci\u00f3n de la secreci\u00f3n de esta hormona por parte del sistema nervioso simp\u00e1tico, se logra meter en marcha una lip\u00f3lisis natural que conduce a la reducci\u00f3n de los c\u00famulos de grasa presentes en las zonas tratadas. Muy indicada por la reducci\u00f3n de la grasa intraabdominal. El tratamiento es totalmente indoloro, inocuo y sin convalecencia. Se realiza en varias sesiones y, a fin de maximizar sus resultados, se complementa posteriormente con ejercicio en Plataforma Vibratoria.<\/p>\n<h3>Mesoterapia<\/h3>\n<p>La mesoterapia corporal es una t\u00e9cnica inyectable intrad\u00e9rmica con el fin de obtener un efecto terap\u00e9utico local, regional y\/o a distancia. En este caso, se inyectan soluciones biol\u00f3gicas lipol\u00edticas con el fin de reducir los c\u00famulos de grasa subcut\u00e1neos si bien, dependen de cada caso en concreto, se individualiza su tratamiento y al mismo tiempo la composici\u00f3n del c\u00f3ctel terap\u00e9utico a emplear.<\/p>\n<p>Permite combinarla sin problemas con otras t\u00e9cnicas y tratamientos para el mismo fin.<\/p>\n<h3>Carboxiterapia<\/h3>\n<p>Es un tratamiento en el que, mediante un equipo espec\u00edfico, se inyecta CO2 de forma subcut\u00e1nea a trav\u00e9s de una aguja muy fina. Este gas fisiol\u00f3gico tiene, entre otros, un efecto lipol\u00edtico sobre el tejido adiposo local, lo que favorece la destrucci\u00f3n de grasa acumulada en el \u00e1rea tratada.<\/p>\n<p>La carboxiterapia es un m\u00e9todo muy seguro y de alta eficacia que permite ser combinada con otros tratamientos y es, adem\u00e1s de gran utilidad como coadyuvante antes y despu\u00e9s de una lipoescultura.<\/p>\n<p>El tratamiento se lleva a cabo en varias sesiones y no comporta ninguna convalecencia. Es especialmente eficaz en el tratamiento de ciertas zonas como doble ment\u00f3n, cara trasera de brazos, caras anteriores y posteriores de piernas y gl\u00fateos.<\/div><\/div><\/div><\/div>\n<div class=\"sep\"><\/div>\n<div class=\"row \"><div class=\"wpv-grid grid-1-1  wpv-first-level first unextended\" style=\"padding-top:0px;padding-bottom:0px\" id=\"wpv-column-4ed7572415c8354839d01f2543c6610c\" ><p><strong><span class=\"buscar\">Quiz\u00e1 estaba buscando:<\/span><\/strong><br \/>\n<span class=\"paraules\">Remodelaci\u00f3n corporal Lleida, Ultrashape Lleida, eliminar grasa localizada Lleida, lipol\u00e1ser Lleida, cavitaci\u00f3n Lleida, velashape Lleida, Icoone Lleida, presoterapia Lleida, sistema linf\u00e1tico manual Lleida, plataforma vibratoria Lleida, Narl Lleida, reducci\u00f3n grasa Lleida, carboxiterapia Lleida, adelgazamiento Lleida<\/span><\/div><\/div>\n","protected":false},"excerpt":{"rendered":"<p>Crioadip\u00f3lisis Cooltech Def T\u00e9cnica con la que destruimos las c\u00e9lulas grasas o adipocitos mediante la congelaci\u00f3n de \u00e9stas y posterior eliminaci\u00f3n del propio metabolismo. Es un tratamiento indicado en caso de c\u00famulos de grasa localizados en zonas como el abdomen, los gl\u00fateos, los flancos, la espalda, los muslos, los brazos o el ment\u00f3n. Ultrashape Ultrashape&#8230;<\/p>\n","protected":false},"author":5,"featured_media":0,"parent":1058,"menu_order":0,"comment_status":"closed","ping_status":"closed","template":"","meta":[],"yoast_head":"<!-- This site is optimized with the Yoast SEO plugin v18.6 - https:\/\/yoast.com\/wordpress\/plugins\/seo\/ -->\n<title>Medicina est\u00e9tica corporal Lleida<\/title>\n<meta name=\"description\" content=\"En Nexus trabajamos con tecnolog\u00eda de vanguardia para remodelar tu cuerpo. Ultrashape, adipocitolisi, Narl, etc.\" \/>\n<meta name=\"robots\" content=\"index, follow, max-snippet:-1, max-image-preview:large, max-video-preview:-1\" \/>\n<link rel=\"canonical\" href=\"https:\/\/grupnexus.com\/es\/tratamientos\/medicina-estetica-corporal\/adipositados-localizados-y-remodelacion-corporal\/\" \/>\n<meta property=\"og:locale\" content=\"es_ES\" \/>\n<meta property=\"og:type\" content=\"article\" \/>\n<meta property=\"og:title\" content=\"Medicina est\u00e9tica corporal Lleida\" \/>\n<meta property=\"og:description\" content=\"En Nexus trabajamos con tecnolog\u00eda de vanguardia para remodelar tu cuerpo. Ultrashape, adipocitolisi, Narl, etc.\" \/>\n<meta property=\"og:url\" content=\"https:\/\/grupnexus.com\/es\/tratamientos\/medicina-estetica-corporal\/adipositados-localizados-y-remodelacion-corporal\/\" \/>\n<meta property=\"og:site_name\" content=\"Cl\u00ednica Nexus\" \/>\n<meta property=\"article:modified_time\" content=\"2022-11-23T13:51:50+00:00\" \/>\n<meta property=\"og:image\" content=\"https:\/\/i0.wp.com\/grupnexus.com\/wp-content\/uploads\/Tractaments_MedicinaEsteticaCorporal_Adiposats.jpg\" \/>\n<meta name=\"twitter:card\" content=\"summary\" \/>\n<meta name=\"twitter:label1\" content=\"Tiempo de lectura\" \/>\n\t<meta name=\"twitter:data1\" content=\"6 minutos\" \/>\n<script type=\"application\/ld+json\" class=\"yoast-schema-graph\">{\"@context\":\"https:\/\/schema.org\",\"@graph\":[{\"@type\":\"WebSite\",\"@id\":\"https:\/\/grupnexus.com\/es\/#website\",\"url\":\"https:\/\/grupnexus.com\/es\/\",\"name\":\"Cl\u00ednica Nexus\",\"description\":\"L\u00edders en Medicina Est\u00e8tica Avan\u00e7ada\",\"potentialAction\":[{\"@type\":\"SearchAction\",\"target\":{\"@type\":\"EntryPoint\",\"urlTemplate\":\"https:\/\/grupnexus.com\/es\/?s={search_term_string}\"},\"query-input\":\"required name=search_term_string\"}],\"inLanguage\":\"es\"},{\"@type\":\"ImageObject\",\"@id\":\"https:\/\/grupnexus.com\/es\/tratamientos\/medicina-estetica-corporal\/adipositados-localizados-y-remodelacion-corporal\/#primaryimage\",\"inLanguage\":\"es\",\"url\":\"https:\/\/i0.wp.com\/grupnexus.com\/wp-content\/uploads\/Tractaments_MedicinaEsteticaCorporal_Adiposats.jpg\",\"contentUrl\":\"https:\/\/i0.wp.com\/grupnexus.com\/wp-content\/uploads\/Tractaments_MedicinaEsteticaCorporal_Adiposats.jpg\"},{\"@type\":\"WebPage\",\"@id\":\"https:\/\/grupnexus.com\/es\/tratamientos\/medicina-estetica-corporal\/adipositados-localizados-y-remodelacion-corporal\/#webpage\",\"url\":\"https:\/\/grupnexus.com\/es\/tratamientos\/medicina-estetica-corporal\/adipositados-localizados-y-remodelacion-corporal\/\",\"name\":\"Medicina est\u00e9tica corporal Lleida\",\"isPartOf\":{\"@id\":\"https:\/\/grupnexus.com\/es\/#website\"},\"primaryImageOfPage\":{\"@id\":\"https:\/\/grupnexus.com\/es\/tratamientos\/medicina-estetica-corporal\/adipositados-localizados-y-remodelacion-corporal\/#primaryimage\"},\"datePublished\":\"2015-02-06T07:01:25+00:00\",\"dateModified\":\"2022-11-23T13:51:50+00:00\",\"description\":\"En Nexus trabajamos con tecnolog\u00eda de vanguardia para remodelar tu cuerpo. Ultrashape, adipocitolisi, Narl, etc.\",\"breadcrumb\":{\"@id\":\"https:\/\/grupnexus.com\/es\/tratamientos\/medicina-estetica-corporal\/adipositados-localizados-y-remodelacion-corporal\/#breadcrumb\"},\"inLanguage\":\"es\",\"potentialAction\":[{\"@type\":\"ReadAction\",\"target\":[\"https:\/\/grupnexus.com\/es\/tratamientos\/medicina-estetica-corporal\/adipositados-localizados-y-remodelacion-corporal\/\"]}]},{\"@type\":\"BreadcrumbList\",\"@id\":\"https:\/\/grupnexus.com\/es\/tratamientos\/medicina-estetica-corporal\/adipositados-localizados-y-remodelacion-corporal\/#breadcrumb\",\"itemListElement\":[{\"@type\":\"ListItem\",\"position\":1,\"name\":\"Portada\",\"item\":\"https:\/\/grupnexus.com\/es\/\"},{\"@type\":\"ListItem\",\"position\":2,\"name\":\"Tratamientos\",\"item\":\"https:\/\/grupnexus.com\/es\/tratamientos\/\"},{\"@type\":\"ListItem\",\"position\":3,\"name\":\"Medicina est\u00e9tica corporal\",\"item\":\"https:\/\/grupnexus.com\/es\/tratamientos\/medicina-estetica-corporal\/\"},{\"@type\":\"ListItem\",\"position\":4,\"name\":\"Adipositados localizados y remodelaci\u00f3n corporal\"}]}]}<\/script>\n<!-- \/ Yoast SEO plugin. -->","yoast_head_json":{"title":"Medicina est\u00e9tica corporal Lleida","description":"En Nexus trabajamos con tecnolog\u00eda de vanguardia para remodelar tu cuerpo. Ultrashape, adipocitolisi, Narl, etc.","robots":{"index":"index","follow":"follow","max-snippet":"max-snippet:-1","max-image-preview":"max-image-preview:large","max-video-preview":"max-video-preview:-1"},"canonical":"https:\/\/grupnexus.com\/es\/tratamientos\/medicina-estetica-corporal\/adipositados-localizados-y-remodelacion-corporal\/","og_locale":"es_ES","og_type":"article","og_title":"Medicina est\u00e9tica corporal Lleida","og_description":"En Nexus trabajamos con tecnolog\u00eda de vanguardia para remodelar tu cuerpo. Ultrashape, adipocitolisi, Narl, etc.","og_url":"https:\/\/grupnexus.com\/es\/tratamientos\/medicina-estetica-corporal\/adipositados-localizados-y-remodelacion-corporal\/","og_site_name":"Cl\u00ednica Nexus","article_modified_time":"2022-11-23T13:51:50+00:00","og_image":[{"url":"https:\/\/i0.wp.com\/grupnexus.com\/wp-content\/uploads\/Tractaments_MedicinaEsteticaCorporal_Adiposats.jpg"}],"twitter_card":"summary","twitter_misc":{"Tiempo de lectura":"6 minutos"},"schema":{"@context":"https:\/\/schema.org","@graph":[{"@type":"WebSite","@id":"https:\/\/grupnexus.com\/es\/#website","url":"https:\/\/grupnexus.com\/es\/","name":"Cl\u00ednica Nexus","description":"L\u00edders en Medicina Est\u00e8tica Avan\u00e7ada","potentialAction":[{"@type":"SearchAction","target":{"@type":"EntryPoint","urlTemplate":"https:\/\/grupnexus.com\/es\/?s={search_term_string}"},"query-input":"required name=search_term_string"}],"inLanguage":"es"},{"@type":"ImageObject","@id":"https:\/\/grupnexus.com\/es\/tratamientos\/medicina-estetica-corporal\/adipositados-localizados-y-remodelacion-corporal\/#primaryimage","inLanguage":"es","url":"https:\/\/i0.wp.com\/grupnexus.com\/wp-content\/uploads\/Tractaments_MedicinaEsteticaCorporal_Adiposats.jpg","contentUrl":"https:\/\/i0.wp.com\/grupnexus.com\/wp-content\/uploads\/Tractaments_MedicinaEsteticaCorporal_Adiposats.jpg"},{"@type":"WebPage","@id":"https:\/\/grupnexus.com\/es\/tratamientos\/medicina-estetica-corporal\/adipositados-localizados-y-remodelacion-corporal\/#webpage","url":"https:\/\/grupnexus.com\/es\/tratamientos\/medicina-estetica-corporal\/adipositados-localizados-y-remodelacion-corporal\/","name":"Medicina est\u00e9tica corporal Lleida","isPartOf":{"@id":"https:\/\/grupnexus.com\/es\/#website"},"primaryImageOfPage":{"@id":"https:\/\/grupnexus.com\/es\/tratamientos\/medicina-estetica-corporal\/adipositados-localizados-y-remodelacion-corporal\/#primaryimage"},"datePublished":"2015-02-06T07:01:25+00:00","dateModified":"2022-11-23T13:51:50+00:00","description":"En Nexus trabajamos con tecnolog\u00eda de vanguardia para remodelar tu cuerpo. Ultrashape, adipocitolisi, Narl, etc.","breadcrumb":{"@id":"https:\/\/grupnexus.com\/es\/tratamientos\/medicina-estetica-corporal\/adipositados-localizados-y-remodelacion-corporal\/#breadcrumb"},"inLanguage":"es","potentialAction":[{"@type":"ReadAction","target":["https:\/\/grupnexus.com\/es\/tratamientos\/medicina-estetica-corporal\/adipositados-localizados-y-remodelacion-corporal\/"]}]},{"@type":"BreadcrumbList","@id":"https:\/\/grupnexus.com\/es\/tratamientos\/medicina-estetica-corporal\/adipositados-localizados-y-remodelacion-corporal\/#breadcrumb","itemListElement":[{"@type":"ListItem","position":1,"name":"Portada","item":"https:\/\/grupnexus.com\/es\/"},{"@type":"ListItem","position":2,"name":"Tratamientos","item":"https:\/\/grupnexus.com\/es\/tratamientos\/"},{"@type":"ListItem","position":3,"name":"Medicina est\u00e9tica corporal","item":"https:\/\/grupnexus.com\/es\/tratamientos\/medicina-estetica-corporal\/"},{"@type":"ListItem","position":4,"name":"Adipositados localizados y remodelaci\u00f3n corporal"}]}]}},"_links":{"self":[{"href":"https:\/\/grupnexus.com\/es\/wp-json\/wp\/v2\/pages\/1088"}],"collection":[{"href":"https:\/\/grupnexus.com\/es\/wp-json\/wp\/v2\/pages"}],"about":[{"href":"https:\/\/grupnexus.com\/es\/wp-json\/wp\/v2\/types\/page"}],"author":[{"embeddable":true,"href":"https:\/\/grupnexus.com\/es\/wp-json\/wp\/v2\/users\/5"}],"replies":[{"embeddable":true,"href":"https:\/\/grupnexus.com\/es\/wp-json\/wp\/v2\/comments?post=1088"}],"version-history":[{"count":6,"href":"https:\/\/grupnexus.com\/es\/wp-json\/wp\/v2\/pages\/1088\/revisions"}],"predecessor-version":[{"id":51620,"href":"https:\/\/grupnexus.com\/es\/wp-json\/wp\/v2\/pages\/1088\/revisions\/51620"}],"up":[{"embeddable":true,"href":"https:\/\/grupnexus.com\/es\/wp-json\/wp\/v2\/pages\/1058"}],"wp:attachment":[{"href":"https:\/\/grupnexus.com\/es\/wp-json\/wp\/v2\/media?parent=1088"}],"curies":[{"name":"wp","href":"https:\/\/api.w.org\/{rel}","templated":true}]}}