{"id":1089,"date":"2015-02-06T08:01:39","date_gmt":"2015-02-06T07:01:39","guid":{"rendered":"http:\/\/www.grupnexus.com\/tractaments\/medicina-estetica-corporal\/cel%c2%b7lulitis\/"},"modified":"2020-09-28T10:42:06","modified_gmt":"2020-09-28T08:42:06","slug":"celulitis","status":"publish","type":"page","link":"https:\/\/grupnexus.com\/es\/tratamientos\/medicina-estetica-corporal\/celulitis\/","title":{"rendered":"Celulitis"},"content":{"rendered":"<div class=\"row \"><div class=\"wpv-grid grid-3-4  wpv-first-level first unextended\" style=\"padding-top:0px;padding-bottom:0px\" id=\"wpv-column-b7d41134eb53808f0f6590146cf832d0\" >\t\t<h2 class=\"text-divider-double\">\t\t\t\nCelulitis\t\t<\/h2>\t\t<div class=\"sep\"><\/div>\t<\/div>\n<div class=\"wpv-grid grid-1-4  wpv-first-level unextended\" style=\"padding-top:0px;padding-bottom:0px\" id=\"wpv-column-8b7df28e134fa68c87baef4db497152b\" ><div class=\"push\" style='height:44px'><\/div>\n<!-- Widget Shortcode --><div id=\"search-11\" class=\"widget widget_search widget-shortcode area-wpv_sidebar-tractament-est-facial-cat-left \"><form role=\"search\" method=\"get\" class=\"searchform clearfix\" action=\"https:\/\/grupnexus.com\/es\/\">\n\t<label for=\"search-text-widget\" class=\"visuallyhidden\">Search for:<\/label>\n\t<input id=\"search-text-widget\" type=\"text\" value=\"\" name=\"s\" placeholder=\"Buscar\" required=\"required\" \/>\n\t<input type=\"submit\" value=\"Buscar\" \/>\n\t\t\t<input type=\"hidden\" name=\"lang\" value=\"es\"\/>\n\t<\/form><\/div><!-- \/Widget Shortcode --><\/div><\/div>\n<div class=\"row \"><div class=\"wpv-grid grid-1-4  wpv-first-level first unextended\" style=\"padding-top:0px;padding-bottom:0px\" id=\"wpv-column-ba236796e56f893e441c3f26b9c84922\" ><!-- Widget Shortcode --><div id=\"nav_menu-15\" class=\"widget widget_nav_menu widget-shortcode area-wpv_sidebar-tractament-est-corporal-cat-left \"><h2 class=\"widgettitle\">Medicina est\u00e8tica corporal<\/h2><div class=\"menu-tratamientos-med-estet-corp-es-container\"><ul id=\"menu-tratamientos-med-estet-corp-es\" class=\"menu\"><li id=\"menu-item-9600\" class=\"menu-item menu-item-type-post_type menu-item-object-page menu-item-9600\"><a href=\"https:\/\/grupnexus.com\/es\/tratamientos\/medicina-estetica-corporal\/adipositados-localizados-y-remodelacion-corporal\/\">Adipositados localizados y remodelaci\u00f3n corporal<\/a><\/li>\n<li id=\"menu-item-9601\" class=\"menu-item menu-item-type-post_type menu-item-object-page menu-item-9601\"><a href=\"https:\/\/grupnexus.com\/es\/tratamientos\/medicina-estetica-corporal\/celulitis\/\">Celulitis<\/a><\/li>\n<li id=\"menu-item-9602\" class=\"menu-item menu-item-type-post_type menu-item-object-page menu-item-9602\"><a href=\"https:\/\/grupnexus.com\/es\/tratamientos\/medicina-estetica-corporal\/cicatrices\/\">Cicatrices<\/a><\/li>\n<li id=\"menu-item-9603\" class=\"menu-item menu-item-type-post_type menu-item-object-page menu-item-9603\"><a href=\"https:\/\/grupnexus.com\/es\/tratamientos\/medicina-estetica-corporal\/estrias\/\">Estr\u00edas<\/a><\/li>\n<li id=\"menu-item-9604\" class=\"menu-item menu-item-type-post_type menu-item-object-page menu-item-9604\"><a href=\"https:\/\/grupnexus.com\/es\/tratamientos\/medicina-estetica-corporal\/flacidez\/\">Flacidez<\/a><\/li>\n<li id=\"menu-item-9605\" class=\"menu-item menu-item-type-post_type menu-item-object-page menu-item-9605\"><a href=\"https:\/\/grupnexus.com\/es\/tratamientos\/medicina-estetica-corporal\/hipersudoracion\/\">Hipersudoraci\u00f3n<\/a><\/li>\n<li id=\"menu-item-9606\" class=\"menu-item menu-item-type-post_type menu-item-object-page menu-item-9606\"><a href=\"https:\/\/grupnexus.com\/es\/tratamientos\/medicina-estetica-corporal\/varices\/\">Varices<\/a><\/li>\n<\/ul><\/div><\/div><!-- \/Widget Shortcode --><\/div>\n<div class=\"wpv-grid grid-3-4  wpv-first-level unextended\" style=\"padding-top:0px;padding-bottom:0px\" id=\"wpv-column-c370aed182b075edd41fcf62e1becc6f\" ><p><img loading=\"lazy\" class=\"alignleft size-full wp-image-601\" src=\"\/wp-content\/uploads\/Tractaments_MedicinaEsteticaCorporal_Celulitis.jpg\" alt=\"Celulitis\" width=\"675\" height=\"338\" srcset=\"https:\/\/grupnexus.com\/wp-content\/uploads\/Tractaments_MedicinaEsteticaCorporal_Celulitis.jpg 675w, https:\/\/grupnexus.com\/wp-content\/uploads\/Tractaments_MedicinaEsteticaCorporal_Celulitis-510x255.jpg 510w, https:\/\/grupnexus.com\/wp-content\/uploads\/Tractaments_MedicinaEsteticaCorporal_Celulitis-300x150.jpg 300w\" sizes=\"(max-width: 675px) 100vw, 675px\" \/><\/p>\n<div class=\"row \"><div class=\"wpv-grid grid-1-1  first unextended\" style=\"padding-top:0px;padding-bottom:0px\" id=\"wpv-column-b413947ca1eaf1b80c0dc61a26cd28cc\" ><p><strong>La celulitis<\/strong> es la apariencia irregular de la piel, cuando forma unas peque\u00f1as depresiones o hoyuelos, similar a la piel de naranja, y surge debido a la inflamaci\u00f3n del tejido celular que se encuentra bajo la piel.<\/p>\n<p>Puede que la sufras a pesar de ser joven y\/o estar delgada, no siempre va acompa\u00f1ada de sobrepeso. Esto se debe a que viene causada por factores hormonales, alteraciones linf\u00e1ticas y mala circulaci\u00f3n, y por supuesto tambi\u00e9n, por c\u00famulos de grasa localizada.<\/p>\n<p>Mayoritariamente afecta a las mujeres, y se diferencian varios grados y tipos.<\/p>\n<p>Consulta aqu\u00ed <a href=\"https:\/\/grupnexus.com\/tot-el-que-cal-saber-sobre-la-cellulitis-i\/\">todo lo que hay que saber sobre la celulitis<\/a> (qu\u00e9 es, causas de la aparici\u00f3n, como evitarla y tipo)<\/p>\n<p>&nbsp;<\/p>\n<h2>TRATAMIENTOS PARA COMBATIR LA CELULITIS:<\/h2>\n<p>En Cl\u00ednica Nexus disponemos del m\u00e1s extenso abanico en tecnolog\u00eda para tratar todo tipo de celulitis.<\/p>\n<p>&nbsp;<\/p>\n<h3>Carboxiterapia<\/h3>\n<p>Es un tratamiento en el que, mediante un <a href=\"https:\/\/grupnexus.com\/es\/grupo-nexus\/aparatologia\/carboxiterapia-dioxage\/\">equipo espec\u00edfico<\/a>, se inyecta CO2 de forma subcut\u00e1nea a trav\u00e9s de una aguja muy fina. Este gas fisiol\u00f3gico tiene, entre otros, un efecto lipol\u00edtico directo sobre el tejido adiposo local, lo que favorece la destrucci\u00f3n de grasa acumulada en el \u00e1rea tratada.<\/p>\n<p>La <a href=\"https:\/\/grupnexus.com\/es\/carboxiterapia-criolipolisis-testimonio-chary\/\">carboxiterapia<\/a> es un m\u00e9todo muy seguro y de alta eficacia que permite ser combinada con otros tratamientos y es, adem\u00e1s, de gran utilidad como coadyuvante antes y despu\u00e9s de una lipoescultura.<\/p>\n<p>El tratamiento se lleva a cabo en varias sesiones y no conlleva ninguna convalecencia. Es especialmente eficaz en el tratamiento de ciertas zonas como doble ment\u00f3n, cara posterior de brazos y caras anteriores y posteriores de piernas y gl\u00fateos.<\/p>\n<p>Puedes hacer la reserva de tu <strong>tratamiento de Carboxiterapia<\/strong> ahora mismo, haciendo <a href=\"https:\/\/grupnexus.com\/es\/producte\/carboxiterapia-tratamiento-para-la-celulitis-i-flacidez-pack-10-sesiones\/\">clic aqu\u00ed.<\/a><\/p>\n<h3>Ozonoterapia<\/h3>\n<p>Tanto por su acci\u00f3n directa sobre el tejido adiposo como por la mejora que induce sobre la circulaci\u00f3n y oxigenaci\u00f3n de los tejidos tratados, la inyecci\u00f3n local de ozono y\/o la aplicaci\u00f3n sobre la zona de aceites ozonizados, son un tratamiento de primera l\u00ednea para combatir esta alteraci\u00f3n dermoest\u00e9tica, y uno de los tratamientos m\u00e1s efectivos tanto en solitario como combinado con otras terapias.<\/p>\n<p>\u00bfQuieres saber m\u00e1s sobre la <strong>ozonoterapia<\/strong>? <a href=\"https:\/\/ozonexus.info\/ozonoterapia\/generalitats\/\">Clica aqu\u00ed.<\/a><\/p>\n<h3>Mesoterapia<\/h3>\n<p>La <strong>mesoterapia corporal<\/strong> es una t\u00e9cnica inyectable intrad\u00e9rmica con el fin de obtener un efecto terap\u00e9utico local, regional y\/o a distancia. En este caso, se inyectan soluciones biol\u00f3gicas lipol\u00edticas con el fin de reducir los c\u00famulos de grasa subcut\u00e1neos si bien, dependiendo de cada caso en concreto, se individualiza el tratamiento y al mismo tiempo la composici\u00f3n del c\u00f3ctel terap\u00e9utico a emplear.<\/p>\n<p>Permite combinarse sin problemas con otras t\u00e9cnicas y tratamientos para el mismo fin. Y puede ser manual o <a href=\"https:\/\/grupnexus.com\/es\/grupo-nexus\/aparatologia\/concerto-inyector-electronico-para-mesoterapia-y-carboxiterapia\/\">mec\u00e1nica.<\/a><\/p>\n<h3>Ondas de choque<\/h3>\n<p>Las ondas ac\u00fasticas pulsantes tratan la celulitis y tonifican el cuerpo a la vez. En Cl\u00ednica Nexus contamos con uno de los mejores equipos del sector, <a href=\"https:\/\/grupnexus.com\/es\/grupo-nexus\/aparatologia\/d-actor-100-ondas-de-choque\/\">D-Actor\u00ae<\/a>, destacado en los medios (revista y programa televisivo <a href=\"https:\/\/grupnexus.com\/es\/storzmedical\/\">Saber Vivir<\/a>). D-Actor\u00ae adem\u00e1s incide en la flacidez y el drenaje, favoreciendo unos resultados extraordinarios en sesiones de tan s\u00f3lo 30 minutos.<\/p>\n<h3>Endermologie + radiofrecuencia + infrarrojos<\/h3>\n<p>Si la celulitis est\u00e1 muy localizada en una zona en concreto, con <a href=\"https:\/\/grupnexus.com\/es\/grupo-nexus\/aparatologia\/velashape-iii\/\">Velashape III<\/a>, adem\u00e1s de tratar la celulitis, se remodela el cuerpo (combate la grasa localizada) y se reafirma el contorno corporal (<strong>combate la flacidez<\/strong>) en una misma sesi\u00f3n.<\/p>\n<h3>Endermologie<\/h3>\n<p>Mediante el masaje aspirativo o vacumterapia de <a href=\"https:\/\/grupnexus.com\/es\/grupo-nexus\/aparatologia\/icoone\/\">Icoone<\/a> se normaliza el tejido conjuntivo, se favorece el drenaje linf\u00e1tico y se reactiva el flujo sangu\u00edneo.<\/p>\n<h3>Radiofrecuencia<\/h3>\n<p>Ofrece resultados visibles desde la primera sesi\u00f3n, <a href=\"https:\/\/grupnexus.com\/es\/grupo-nexus\/aparatologia\/venusfreeze\/\">Venusfreeze,<\/a> con la innovadora tecnolog\u00eda MP2, reduce la grasa y aumenta la s\u00edntesis del col\u00e1geno, consiguiendo una piel m\u00e1s firme y tersa.<\/p>\n<h3>Utracavitaci\u00f3n<\/h3>\n<p>Los ultrasonidos de <a href=\"https:\/\/grupnexus.com\/es\/grupo-nexus\/aparatologia\/novashape-ultracavitacion-medica\/\">Novashape<\/a> son un m\u00e9todo tambi\u00e9n indoloro, que promueve la eliminaci\u00f3n de las c\u00e9lulas adiposas de manera natural. El tratamiento siempre se acompa\u00f1a de un masaje linf\u00e1tico o una sesi\u00f3n de presoterapia para favorecer de manera m\u00e1s r\u00e1pida esta eliminaci\u00f3n de grasa.<\/p>\n<h3>Presoterapia<\/h3>\n<p>Como su nombre indica, la <a href=\"https:\/\/grupnexus.com\/es\/grupo-nexus\/aparatologia\/presoterapia-medica-ballancer\/\">presoterapia<\/a> es la t\u00e9cnica o terapia que trabaja haciendo presiones ascendentes y descendentes que mejoran la circulaci\u00f3n y oxigenaci\u00f3n sobre todo de las piernas y abdomen, aunque, consecuentemente mejora la oxigenaci\u00f3n de todo el cuerpo.<\/p>\n<blockquote><p>La combinaci\u00f3n de estos tratamientos con aparatolog\u00eda, sumada a unos buenos h\u00e1bitos alimentarios, deporte, cosm\u00e9tica y nutricosm\u00e9tica espec\u00edfica para cada tipo de celulitis, son nuestros <a href=\"https:\/\/grupnexus.com\/es\/tratamientos-360-para-cada-tipo-de-celulitis\/\">Tratamientos 360\u00b0\u00a0<\/a><\/p><\/blockquote><\/div><\/div><\/div><\/div>\n<div class=\"sep\"><\/div>\n<div class=\"row \"><div class=\"wpv-grid grid-1-1  wpv-first-level first unextended\" style=\"padding-top:0px;padding-bottom:0px\" id=\"wpv-column-7e0aa293fad52222f691f6aae5c5b210\" ><p><strong><span class=\"buscar\">Quiz\u00e1 estaba buscando:<\/span><\/strong><br \/>\n<span class=\"paraules\">Eliminar celulitis Lleida, tratamiento celulitis Lleida, ozonoterapia Lleida, presoterapia Lleida, Carboxiterapia Lleida, reducir celulitis Lleida, celulitis Lleida<\/span><\/div><\/div>\n","protected":false},"excerpt":{"rendered":"<p>La celulitis es la apariencia irregular de la piel, cuando forma unas peque\u00f1as depresiones o hoyuelos, similar a la piel de naranja, y surge debido a la inflamaci\u00f3n del tejido celular que se encuentra bajo la piel. Puede que la sufras a pesar de ser joven y\/o estar delgada, no siempre va acompa\u00f1ada de sobrepeso&#8230;.<\/p>\n","protected":false},"author":5,"featured_media":0,"parent":1058,"menu_order":0,"comment_status":"closed","ping_status":"closed","template":"","meta":[],"yoast_head":"<!-- This site is optimized with the Yoast SEO plugin v18.6 - https:\/\/yoast.com\/wordpress\/plugins\/seo\/ -->\n<title>Eliminaci\u00f3n celulitis Lleida<\/title>\n<meta name=\"description\" content=\"En Nexus conseguir\u00e1s los resultados que deseas para eliminar la celulitis. Mesoterapia, Carboxiterapia, Ozonoterapia, etc.\" \/>\n<meta name=\"robots\" content=\"index, follow, max-snippet:-1, max-image-preview:large, max-video-preview:-1\" \/>\n<link rel=\"canonical\" href=\"https:\/\/grupnexus.com\/es\/tratamientos\/medicina-estetica-corporal\/celulitis\/\" \/>\n<meta property=\"og:locale\" content=\"es_ES\" \/>\n<meta property=\"og:type\" content=\"article\" \/>\n<meta property=\"og:title\" content=\"Eliminaci\u00f3n celulitis Lleida\" \/>\n<meta property=\"og:description\" content=\"En Nexus conseguir\u00e1s los resultados que deseas para eliminar la celulitis. Mesoterapia, Carboxiterapia, Ozonoterapia, etc.\" \/>\n<meta property=\"og:url\" content=\"https:\/\/grupnexus.com\/es\/tratamientos\/medicina-estetica-corporal\/celulitis\/\" \/>\n<meta property=\"og:site_name\" content=\"Cl\u00ednica Nexus\" \/>\n<meta property=\"article:modified_time\" content=\"2020-09-28T08:42:06+00:00\" \/>\n<meta property=\"og:image\" content=\"https:\/\/grupnexus.com\/wp-content\/uploads\/Tractaments_MedicinaEsteticaCorporal_Celulitis.jpg\" \/>\n<meta name=\"twitter:card\" content=\"summary\" \/>\n<meta name=\"twitter:label1\" content=\"Tiempo de lectura\" \/>\n\t<meta name=\"twitter:data1\" content=\"6 minutos\" \/>\n<script type=\"application\/ld+json\" class=\"yoast-schema-graph\">{\"@context\":\"https:\/\/schema.org\",\"@graph\":[{\"@type\":\"WebSite\",\"@id\":\"https:\/\/grupnexus.com\/es\/#website\",\"url\":\"https:\/\/grupnexus.com\/es\/\",\"name\":\"Cl\u00ednica Nexus\",\"description\":\"L\u00edders en Medicina Est\u00e8tica Avan\u00e7ada\",\"potentialAction\":[{\"@type\":\"SearchAction\",\"target\":{\"@type\":\"EntryPoint\",\"urlTemplate\":\"https:\/\/grupnexus.com\/es\/?s={search_term_string}\"},\"query-input\":\"required name=search_term_string\"}],\"inLanguage\":\"es\"},{\"@type\":\"WebPage\",\"@id\":\"https:\/\/grupnexus.com\/es\/tratamientos\/medicina-estetica-corporal\/celulitis\/#webpage\",\"url\":\"https:\/\/grupnexus.com\/es\/tratamientos\/medicina-estetica-corporal\/celulitis\/\",\"name\":\"Eliminaci\u00f3n celulitis Lleida\",\"isPartOf\":{\"@id\":\"https:\/\/grupnexus.com\/es\/#website\"},\"datePublished\":\"2015-02-06T07:01:39+00:00\",\"dateModified\":\"2020-09-28T08:42:06+00:00\",\"description\":\"En Nexus conseguir\u00e1s los resultados que deseas para eliminar la celulitis. Mesoterapia, Carboxiterapia, Ozonoterapia, etc.\",\"breadcrumb\":{\"@id\":\"https:\/\/grupnexus.com\/es\/tratamientos\/medicina-estetica-corporal\/celulitis\/#breadcrumb\"},\"inLanguage\":\"es\",\"potentialAction\":[{\"@type\":\"ReadAction\",\"target\":[\"https:\/\/grupnexus.com\/es\/tratamientos\/medicina-estetica-corporal\/celulitis\/\"]}]},{\"@type\":\"BreadcrumbList\",\"@id\":\"https:\/\/grupnexus.com\/es\/tratamientos\/medicina-estetica-corporal\/celulitis\/#breadcrumb\",\"itemListElement\":[{\"@type\":\"ListItem\",\"position\":1,\"name\":\"Portada\",\"item\":\"https:\/\/grupnexus.com\/es\/\"},{\"@type\":\"ListItem\",\"position\":2,\"name\":\"Tratamientos\",\"item\":\"https:\/\/grupnexus.com\/es\/tratamientos\/\"},{\"@type\":\"ListItem\",\"position\":3,\"name\":\"Medicina est\u00e9tica corporal\",\"item\":\"https:\/\/grupnexus.com\/es\/tratamientos\/medicina-estetica-corporal\/\"},{\"@type\":\"ListItem\",\"position\":4,\"name\":\"Celulitis\"}]}]}<\/script>\n<!-- \/ Yoast SEO plugin. -->","yoast_head_json":{"title":"Eliminaci\u00f3n celulitis Lleida","description":"En Nexus conseguir\u00e1s los resultados que deseas para eliminar la celulitis. Mesoterapia, Carboxiterapia, Ozonoterapia, etc.","robots":{"index":"index","follow":"follow","max-snippet":"max-snippet:-1","max-image-preview":"max-image-preview:large","max-video-preview":"max-video-preview:-1"},"canonical":"https:\/\/grupnexus.com\/es\/tratamientos\/medicina-estetica-corporal\/celulitis\/","og_locale":"es_ES","og_type":"article","og_title":"Eliminaci\u00f3n celulitis Lleida","og_description":"En Nexus conseguir\u00e1s los resultados que deseas para eliminar la celulitis. Mesoterapia, Carboxiterapia, Ozonoterapia, etc.","og_url":"https:\/\/grupnexus.com\/es\/tratamientos\/medicina-estetica-corporal\/celulitis\/","og_site_name":"Cl\u00ednica Nexus","article_modified_time":"2020-09-28T08:42:06+00:00","og_image":[{"url":"https:\/\/grupnexus.com\/wp-content\/uploads\/Tractaments_MedicinaEsteticaCorporal_Celulitis.jpg"}],"twitter_card":"summary","twitter_misc":{"Tiempo de lectura":"6 minutos"},"schema":{"@context":"https:\/\/schema.org","@graph":[{"@type":"WebSite","@id":"https:\/\/grupnexus.com\/es\/#website","url":"https:\/\/grupnexus.com\/es\/","name":"Cl\u00ednica Nexus","description":"L\u00edders en Medicina Est\u00e8tica Avan\u00e7ada","potentialAction":[{"@type":"SearchAction","target":{"@type":"EntryPoint","urlTemplate":"https:\/\/grupnexus.com\/es\/?s={search_term_string}"},"query-input":"required name=search_term_string"}],"inLanguage":"es"},{"@type":"WebPage","@id":"https:\/\/grupnexus.com\/es\/tratamientos\/medicina-estetica-corporal\/celulitis\/#webpage","url":"https:\/\/grupnexus.com\/es\/tratamientos\/medicina-estetica-corporal\/celulitis\/","name":"Eliminaci\u00f3n celulitis Lleida","isPartOf":{"@id":"https:\/\/grupnexus.com\/es\/#website"},"datePublished":"2015-02-06T07:01:39+00:00","dateModified":"2020-09-28T08:42:06+00:00","description":"En Nexus conseguir\u00e1s los resultados que deseas para eliminar la celulitis. Mesoterapia, Carboxiterapia, Ozonoterapia, etc.","breadcrumb":{"@id":"https:\/\/grupnexus.com\/es\/tratamientos\/medicina-estetica-corporal\/celulitis\/#breadcrumb"},"inLanguage":"es","potentialAction":[{"@type":"ReadAction","target":["https:\/\/grupnexus.com\/es\/tratamientos\/medicina-estetica-corporal\/celulitis\/"]}]},{"@type":"BreadcrumbList","@id":"https:\/\/grupnexus.com\/es\/tratamientos\/medicina-estetica-corporal\/celulitis\/#breadcrumb","itemListElement":[{"@type":"ListItem","position":1,"name":"Portada","item":"https:\/\/grupnexus.com\/es\/"},{"@type":"ListItem","position":2,"name":"Tratamientos","item":"https:\/\/grupnexus.com\/es\/tratamientos\/"},{"@type":"ListItem","position":3,"name":"Medicina est\u00e9tica corporal","item":"https:\/\/grupnexus.com\/es\/tratamientos\/medicina-estetica-corporal\/"},{"@type":"ListItem","position":4,"name":"Celulitis"}]}]}},"_links":{"self":[{"href":"https:\/\/grupnexus.com\/es\/wp-json\/wp\/v2\/pages\/1089"}],"collection":[{"href":"https:\/\/grupnexus.com\/es\/wp-json\/wp\/v2\/pages"}],"about":[{"href":"https:\/\/grupnexus.com\/es\/wp-json\/wp\/v2\/types\/page"}],"author":[{"embeddable":true,"href":"https:\/\/grupnexus.com\/es\/wp-json\/wp\/v2\/users\/5"}],"replies":[{"embeddable":true,"href":"https:\/\/grupnexus.com\/es\/wp-json\/wp\/v2\/comments?post=1089"}],"version-history":[{"count":3,"href":"https:\/\/grupnexus.com\/es\/wp-json\/wp\/v2\/pages\/1089\/revisions"}],"predecessor-version":[{"id":45525,"href":"https:\/\/grupnexus.com\/es\/wp-json\/wp\/v2\/pages\/1089\/revisions\/45525"}],"up":[{"embeddable":true,"href":"https:\/\/grupnexus.com\/es\/wp-json\/wp\/v2\/pages\/1058"}],"wp:attachment":[{"href":"https:\/\/grupnexus.com\/es\/wp-json\/wp\/v2\/media?parent=1089"}],"curies":[{"name":"wp","href":"https:\/\/api.w.org\/{rel}","templated":true}]}}