{"id":1091,"date":"2015-02-06T08:01:58","date_gmt":"2015-02-06T07:01:58","guid":{"rendered":"http:\/\/www.grupnexus.com\/tractaments\/medicina-estetica-corporal\/estries\/"},"modified":"2016-01-22T00:13:26","modified_gmt":"2016-01-21T22:13:26","slug":"estrias","status":"publish","type":"page","link":"https:\/\/grupnexus.com\/es\/tratamientos\/medicina-estetica-corporal\/estrias\/","title":{"rendered":"Estr\u00edas"},"content":{"rendered":"<div class=\"row \"><div class=\"wpv-grid grid-3-4  wpv-first-level first unextended\" style=\"padding-top:0px;padding-bottom:0px\" id=\"wpv-column-27ef3148697e3b26a9a0a1051c9cbbea\" >\t\t<h2 class=\"text-divider-double\">\t\t\t\nEstr\u00edas\t\t<\/h2>\t\t<div class=\"sep\"><\/div>\t<\/div>\n<div class=\"wpv-grid grid-1-4  wpv-first-level unextended\" style=\"padding-top:0px;padding-bottom:0px\" id=\"wpv-column-9206c9624106c580bfdb2b4960adbdf7\" ><div class=\"push\" style='height:44px'><\/div>\n<!-- Widget Shortcode --><div id=\"search-11\" class=\"widget widget_search widget-shortcode area-wpv_sidebar-tractament-est-facial-cat-left \"><form role=\"search\" method=\"get\" class=\"searchform clearfix\" action=\"https:\/\/grupnexus.com\/es\/\">\n\t<label for=\"search-text-widget\" class=\"visuallyhidden\">Search for:<\/label>\n\t<input id=\"search-text-widget\" type=\"text\" value=\"\" name=\"s\" placeholder=\"Buscar\" required=\"required\" \/>\n\t<input type=\"submit\" value=\"Buscar\" \/>\n\t\t\t<input type=\"hidden\" name=\"lang\" value=\"es\"\/>\n\t<\/form><\/div><!-- \/Widget Shortcode --><\/div><\/div>\n<div class=\"row \"><div class=\"wpv-grid grid-1-4  wpv-first-level first unextended\" style=\"padding-top:0px;padding-bottom:0px\" id=\"wpv-column-cf84d0946decf9329093cdf166f5e553\" ><!-- Widget Shortcode --><div id=\"nav_menu-15\" class=\"widget widget_nav_menu widget-shortcode area-wpv_sidebar-tractament-est-corporal-cat-left \"><h2 class=\"widgettitle\">Medicina est\u00e9tica corporal<\/h2><div class=\"menu-tratamientos-med-estet-corp-es-container\"><ul id=\"menu-tratamientos-med-estet-corp-es\" class=\"menu\"><li id=\"menu-item-9600\" class=\"menu-item menu-item-type-post_type menu-item-object-page menu-item-9600\"><a href=\"https:\/\/grupnexus.com\/es\/tratamientos\/medicina-estetica-corporal\/adipositados-localizados-y-remodelacion-corporal\/\">Adipositados localizados y remodelaci\u00f3n corporal<\/a><\/li>\n<li id=\"menu-item-9601\" class=\"menu-item menu-item-type-post_type menu-item-object-page menu-item-9601\"><a href=\"https:\/\/grupnexus.com\/es\/tratamientos\/medicina-estetica-corporal\/celulitis\/\">Celulitis<\/a><\/li>\n<li id=\"menu-item-9602\" class=\"menu-item menu-item-type-post_type menu-item-object-page menu-item-9602\"><a href=\"https:\/\/grupnexus.com\/es\/tratamientos\/medicina-estetica-corporal\/cicatrices\/\">Cicatrices<\/a><\/li>\n<li id=\"menu-item-9603\" class=\"menu-item menu-item-type-post_type menu-item-object-page menu-item-9603\"><a href=\"https:\/\/grupnexus.com\/es\/tratamientos\/medicina-estetica-corporal\/estrias\/\">Estr\u00edas<\/a><\/li>\n<li id=\"menu-item-9604\" class=\"menu-item menu-item-type-post_type menu-item-object-page menu-item-9604\"><a href=\"https:\/\/grupnexus.com\/es\/tratamientos\/medicina-estetica-corporal\/flacidez\/\">Flacidez<\/a><\/li>\n<li id=\"menu-item-9605\" class=\"menu-item menu-item-type-post_type menu-item-object-page menu-item-9605\"><a href=\"https:\/\/grupnexus.com\/es\/tratamientos\/medicina-estetica-corporal\/hipersudoracion\/\">Hipersudoraci\u00f3n<\/a><\/li>\n<li id=\"menu-item-9606\" class=\"menu-item menu-item-type-post_type menu-item-object-page menu-item-9606\"><a href=\"https:\/\/grupnexus.com\/es\/tratamientos\/medicina-estetica-corporal\/varices\/\">Varices<\/a><\/li>\n<\/ul><\/div><\/div><!-- \/Widget Shortcode --><\/div>\n<div class=\"wpv-grid grid-3-4  wpv-first-level unextended\" style=\"padding-top:0px;padding-bottom:0px\" id=\"wpv-column-55560f6a0f253fad8f5734fcf554e8d8\" ><p><img loading=\"lazy\" class=\"alignleft wp-image-602 size-full\" src=\"\/wp-content\/uploads\/Tractaments_MedicinaEsteticaCorporal_Estries.jpg\" alt=\"Estr\u00edas\" width=\"700\" height=\"360\" srcset=\"https:\/\/grupnexus.com\/wp-content\/uploads\/Tractaments_MedicinaEsteticaCorporal_Estries.jpg 700w, https:\/\/grupnexus.com\/wp-content\/uploads\/Tractaments_MedicinaEsteticaCorporal_Estries-510x262.jpg 510w, https:\/\/grupnexus.com\/wp-content\/uploads\/Tractaments_MedicinaEsteticaCorporal_Estries-300x154.jpg 300w\" sizes=\"(max-width: 700px) 100vw, 700px\" \/><\/p>\n<div class=\"row \"><div class=\"wpv-grid grid-1-1  first unextended\" style=\"padding-top:0px;padding-bottom:0px\" id=\"wpv-column-9db6355181f44f38f0c4f969e7707852\" ><h3>Mesoterapia<\/h3>\n<p>La mesoterapia corporal es una t\u00e9cnica inyectable intrad\u00e9rmica con la finalidad de obtener un efecto terap\u00e9utico local, regional y\/o a distancia. En este caso, se inyectan soluciones biol\u00f3gicas revitalizantes cut\u00e1neas con la finalidad de reducir la longitud y el ancho de la estr\u00eda. Dependiendo de cada caso en concreto, y sobre todo del tipo de estr\u00eda, se individualiza su tratamiento y a su vez la composici\u00f3n del c\u00f3ctel terap\u00e9utico a usar.<\/p>\n<p>Permite combinarla sin problemas con otras t\u00e9cnicas y tratamientos para el mismo fin.<\/p>\n<h3>Carboxiterapia<\/h3>\n<p>Es un tratamiento en el que, mediante un equipo espec\u00edfico, se inyecta CO<sub>2<\/sub> de forma subcut\u00e1nea a trav\u00e9s de una aguja muy fina. Mediante este gas fisiol\u00f3gico conseguimos el desenganche cut\u00e1neo de la zona para que vuelva a cicatrizar en condiciones \u00f3ptimas de oxigenaci\u00f3n. Mejora todo tipo de estr\u00edas: j\u00f3venes, antiguas, blancas, rojas\u2026<\/p>\n<p>La carboxiterapia es un m\u00e9todo muy seguro y de alta eficacia que permite ser combinado con otros tratamientos. Se lleva a cabo en varias sesiones y no conlleva convalecencia. Es especialmente eficaz en el tratamiento de ciertas zonas, como doble ment\u00f3n, cara posterior de brazos, caras anteriores y posteriores de piernas y gl\u00fateos.<\/p>\n<h3>Ozonoterapia<\/h3>\n<p>Tanto por su acci\u00f3n directa sobre la estr\u00eda como por la mejora que induce sobre la circulaci\u00f3n y oxigenaci\u00f3n de los tejidos tratados, la inyecci\u00f3n local de ozono y\/o la aplicaci\u00f3n sobre la zona de aceites ozonizados son un tratamiento de primera l\u00ednea para combatir esta alteraci\u00f3n dermoest\u00e9tica y uno de los tratamientos m\u00e1s efectivos tanto en solitario como combinado con otras terapias.<\/p>\n<h3>PRP<\/h3>\n<p>El Plasma Rico en Factores de Crecimiento es una innovadora y efectiva t\u00e9cnica para revitalizar y regenerar la piel mediante la infiltraci\u00f3n de los factores de crecimiento epid\u00e9rmico propios presentes en la sangre. En la patolog\u00eda que nos ocupa produce una atenuaci\u00f3n general de las estr\u00edas, una mejora del tono y textura de la piel y, en consecuencia, una notable mejora de su aspecto. Los resultados se aprecian ya des de la primera sesi\u00f3n.<\/p>\n<h3>Peelings<\/h3>\n<p>Permiten la renovaci\u00f3n de la superficie cut\u00e1nea hasta un determinado nivel de profundidad, seg\u00fan la situaci\u00f3n del problema a tratar. Para mejorar la textura y la calidad de la piel se utilizan peelings superficiales que, aparte de un notable resultado, no ocasionan casi ning\u00fan efecto secundario ni convalecencia. Como todos estos tratamientos, permite combinarlo con otros para optimizar los resultados.<\/p>\n<h3>Tratamientos dermoest\u00e9ticos personalizados<\/h3>\n<p>Porque en las alteraciones dermoest\u00e9ticas tampoco hay dos pacientes iguales, para optimizar la relaci\u00f3n calidad-precio de nuestros tratamientos y maximizar sus resultados efectuamos siempre previamente un diagn\u00f3stico cuidadoso de las caracter\u00edsticas intr\u00ednsecas de cada caso y dise\u00f1amos a medida el pack de tratamiento m\u00e1s adecuado para lograr los m\u00e1ximos resultados. Esta filosof\u00eda de actuaci\u00f3n es especialmente relevante en el caso de las estr\u00edas, ya que, al precisar inexorablemente del concurso de varias terapias a la vez, hay que confeccionar un programa de tratamiento altamente individualizado gracias al hecho de disponer del arsenal terap\u00e9utico m\u00e1s amplio y, sobre todo, de un personal altamente calificado y experimentado.<\/div><\/div><\/div><\/div>\n<div class=\"sep\"><\/div>\n<div class=\"row \"><div class=\"wpv-grid grid-1-1  wpv-first-level first unextended\" style=\"padding-top:0px;padding-bottom:0px\" id=\"wpv-column-cf7d142c1204b8b568ff0308821c2a05\" ><p><strong><span class=\"buscar\">Quiz\u00e1 estaba buscando:<\/span><\/strong><br \/>\n<span class=\"paraules\">Eliminar estr\u00edas Lleida, reducir estr\u00edas Lleida, PRFG Lleida, tratamiento antiestr\u00edas Lleida, ozonoterapia Lleida, carboxiterapia Lleida<\/span><\/div><\/div>\n","protected":false},"excerpt":{"rendered":"<p>Mesoterapia La mesoterapia corporal es una t\u00e9cnica inyectable intrad\u00e9rmica con la finalidad de obtener un efecto terap\u00e9utico local, regional y\/o a distancia. En este caso, se inyectan soluciones biol\u00f3gicas revitalizantes cut\u00e1neas con la finalidad de reducir la longitud y el ancho de la estr\u00eda. Dependiendo de cada caso en concreto, y sobre todo del tipo&#8230;<\/p>\n","protected":false},"author":5,"featured_media":0,"parent":1058,"menu_order":0,"comment_status":"closed","ping_status":"closed","template":"","meta":[],"yoast_head":"<!-- This site is optimized with the Yoast SEO plugin v18.6 - https:\/\/yoast.com\/wordpress\/plugins\/seo\/ -->\n<title>Eliminaci\u00f3n estr\u00edas Lleida<\/title>\n<meta name=\"description\" content=\"En Nexus conseguir\u00e1s los resultados que deseas para eliminar las estr\u00edas. Mesoterapia, Carboxiterapia, Oxzonoterapia, PRP, etc.\" \/>\n<meta name=\"robots\" content=\"index, follow, max-snippet:-1, max-image-preview:large, max-video-preview:-1\" \/>\n<link rel=\"canonical\" href=\"https:\/\/grupnexus.com\/es\/tratamientos\/medicina-estetica-corporal\/estrias\/\" \/>\n<meta property=\"og:locale\" content=\"es_ES\" \/>\n<meta property=\"og:type\" content=\"article\" \/>\n<meta property=\"og:title\" content=\"Eliminaci\u00f3n estr\u00edas Lleida\" \/>\n<meta property=\"og:description\" content=\"En Nexus conseguir\u00e1s los resultados que deseas para eliminar las estr\u00edas. Mesoterapia, Carboxiterapia, Oxzonoterapia, PRP, etc.\" \/>\n<meta property=\"og:url\" content=\"https:\/\/grupnexus.com\/es\/tratamientos\/medicina-estetica-corporal\/estrias\/\" \/>\n<meta property=\"og:site_name\" content=\"Cl\u00ednica Nexus\" \/>\n<meta property=\"article:modified_time\" content=\"2016-01-21T22:13:26+00:00\" \/>\n<meta property=\"og:image\" content=\"https:\/\/grupnexus.com\/wp-content\/uploads\/Tractaments_MedicinaEsteticaCorporal_Estries.jpg\" \/>\n<meta name=\"twitter:card\" content=\"summary\" \/>\n<meta name=\"twitter:label1\" content=\"Tiempo de lectura\" \/>\n\t<meta name=\"twitter:data1\" content=\"5 minutos\" \/>\n<script type=\"application\/ld+json\" class=\"yoast-schema-graph\">{\"@context\":\"https:\/\/schema.org\",\"@graph\":[{\"@type\":\"WebSite\",\"@id\":\"https:\/\/grupnexus.com\/es\/#website\",\"url\":\"https:\/\/grupnexus.com\/es\/\",\"name\":\"Cl\u00ednica Nexus\",\"description\":\"L\u00edders en Medicina Est\u00e8tica Avan\u00e7ada\",\"potentialAction\":[{\"@type\":\"SearchAction\",\"target\":{\"@type\":\"EntryPoint\",\"urlTemplate\":\"https:\/\/grupnexus.com\/es\/?s={search_term_string}\"},\"query-input\":\"required name=search_term_string\"}],\"inLanguage\":\"es\"},{\"@type\":\"WebPage\",\"@id\":\"https:\/\/grupnexus.com\/es\/tratamientos\/medicina-estetica-corporal\/estrias\/#webpage\",\"url\":\"https:\/\/grupnexus.com\/es\/tratamientos\/medicina-estetica-corporal\/estrias\/\",\"name\":\"Eliminaci\u00f3n estr\u00edas Lleida\",\"isPartOf\":{\"@id\":\"https:\/\/grupnexus.com\/es\/#website\"},\"datePublished\":\"2015-02-06T07:01:58+00:00\",\"dateModified\":\"2016-01-21T22:13:26+00:00\",\"description\":\"En Nexus conseguir\u00e1s los resultados que deseas para eliminar las estr\u00edas. Mesoterapia, Carboxiterapia, Oxzonoterapia, PRP, etc.\",\"breadcrumb\":{\"@id\":\"https:\/\/grupnexus.com\/es\/tratamientos\/medicina-estetica-corporal\/estrias\/#breadcrumb\"},\"inLanguage\":\"es\",\"potentialAction\":[{\"@type\":\"ReadAction\",\"target\":[\"https:\/\/grupnexus.com\/es\/tratamientos\/medicina-estetica-corporal\/estrias\/\"]}]},{\"@type\":\"BreadcrumbList\",\"@id\":\"https:\/\/grupnexus.com\/es\/tratamientos\/medicina-estetica-corporal\/estrias\/#breadcrumb\",\"itemListElement\":[{\"@type\":\"ListItem\",\"position\":1,\"name\":\"Portada\",\"item\":\"https:\/\/grupnexus.com\/es\/\"},{\"@type\":\"ListItem\",\"position\":2,\"name\":\"Tratamientos\",\"item\":\"https:\/\/grupnexus.com\/es\/tratamientos\/\"},{\"@type\":\"ListItem\",\"position\":3,\"name\":\"Medicina est\u00e9tica corporal\",\"item\":\"https:\/\/grupnexus.com\/es\/tratamientos\/medicina-estetica-corporal\/\"},{\"@type\":\"ListItem\",\"position\":4,\"name\":\"Estr\u00edas\"}]}]}<\/script>\n<!-- \/ Yoast SEO plugin. -->","yoast_head_json":{"title":"Eliminaci\u00f3n estr\u00edas Lleida","description":"En Nexus conseguir\u00e1s los resultados que deseas para eliminar las estr\u00edas. Mesoterapia, Carboxiterapia, Oxzonoterapia, PRP, etc.","robots":{"index":"index","follow":"follow","max-snippet":"max-snippet:-1","max-image-preview":"max-image-preview:large","max-video-preview":"max-video-preview:-1"},"canonical":"https:\/\/grupnexus.com\/es\/tratamientos\/medicina-estetica-corporal\/estrias\/","og_locale":"es_ES","og_type":"article","og_title":"Eliminaci\u00f3n estr\u00edas Lleida","og_description":"En Nexus conseguir\u00e1s los resultados que deseas para eliminar las estr\u00edas. Mesoterapia, Carboxiterapia, Oxzonoterapia, PRP, etc.","og_url":"https:\/\/grupnexus.com\/es\/tratamientos\/medicina-estetica-corporal\/estrias\/","og_site_name":"Cl\u00ednica Nexus","article_modified_time":"2016-01-21T22:13:26+00:00","og_image":[{"url":"https:\/\/grupnexus.com\/wp-content\/uploads\/Tractaments_MedicinaEsteticaCorporal_Estries.jpg"}],"twitter_card":"summary","twitter_misc":{"Tiempo de lectura":"5 minutos"},"schema":{"@context":"https:\/\/schema.org","@graph":[{"@type":"WebSite","@id":"https:\/\/grupnexus.com\/es\/#website","url":"https:\/\/grupnexus.com\/es\/","name":"Cl\u00ednica Nexus","description":"L\u00edders en Medicina Est\u00e8tica Avan\u00e7ada","potentialAction":[{"@type":"SearchAction","target":{"@type":"EntryPoint","urlTemplate":"https:\/\/grupnexus.com\/es\/?s={search_term_string}"},"query-input":"required name=search_term_string"}],"inLanguage":"es"},{"@type":"WebPage","@id":"https:\/\/grupnexus.com\/es\/tratamientos\/medicina-estetica-corporal\/estrias\/#webpage","url":"https:\/\/grupnexus.com\/es\/tratamientos\/medicina-estetica-corporal\/estrias\/","name":"Eliminaci\u00f3n estr\u00edas Lleida","isPartOf":{"@id":"https:\/\/grupnexus.com\/es\/#website"},"datePublished":"2015-02-06T07:01:58+00:00","dateModified":"2016-01-21T22:13:26+00:00","description":"En Nexus conseguir\u00e1s los resultados que deseas para eliminar las estr\u00edas. Mesoterapia, Carboxiterapia, Oxzonoterapia, PRP, etc.","breadcrumb":{"@id":"https:\/\/grupnexus.com\/es\/tratamientos\/medicina-estetica-corporal\/estrias\/#breadcrumb"},"inLanguage":"es","potentialAction":[{"@type":"ReadAction","target":["https:\/\/grupnexus.com\/es\/tratamientos\/medicina-estetica-corporal\/estrias\/"]}]},{"@type":"BreadcrumbList","@id":"https:\/\/grupnexus.com\/es\/tratamientos\/medicina-estetica-corporal\/estrias\/#breadcrumb","itemListElement":[{"@type":"ListItem","position":1,"name":"Portada","item":"https:\/\/grupnexus.com\/es\/"},{"@type":"ListItem","position":2,"name":"Tratamientos","item":"https:\/\/grupnexus.com\/es\/tratamientos\/"},{"@type":"ListItem","position":3,"name":"Medicina est\u00e9tica corporal","item":"https:\/\/grupnexus.com\/es\/tratamientos\/medicina-estetica-corporal\/"},{"@type":"ListItem","position":4,"name":"Estr\u00edas"}]}]}},"_links":{"self":[{"href":"https:\/\/grupnexus.com\/es\/wp-json\/wp\/v2\/pages\/1091"}],"collection":[{"href":"https:\/\/grupnexus.com\/es\/wp-json\/wp\/v2\/pages"}],"about":[{"href":"https:\/\/grupnexus.com\/es\/wp-json\/wp\/v2\/types\/page"}],"author":[{"embeddable":true,"href":"https:\/\/grupnexus.com\/es\/wp-json\/wp\/v2\/users\/5"}],"replies":[{"embeddable":true,"href":"https:\/\/grupnexus.com\/es\/wp-json\/wp\/v2\/comments?post=1091"}],"version-history":[{"count":0,"href":"https:\/\/grupnexus.com\/es\/wp-json\/wp\/v2\/pages\/1091\/revisions"}],"up":[{"embeddable":true,"href":"https:\/\/grupnexus.com\/es\/wp-json\/wp\/v2\/pages\/1058"}],"wp:attachment":[{"href":"https:\/\/grupnexus.com\/es\/wp-json\/wp\/v2\/media?parent=1091"}],"curies":[{"name":"wp","href":"https:\/\/api.w.org\/{rel}","templated":true}]}}