{"id":1093,"date":"2015-02-06T08:02:49","date_gmt":"2015-02-06T07:02:49","guid":{"rendered":"http:\/\/www.grupnexus.com\/tractaments\/medicina-estetica-corporal\/hipersudoracio\/"},"modified":"2022-05-13T13:09:38","modified_gmt":"2022-05-13T11:09:38","slug":"hipersudoracion","status":"publish","type":"page","link":"https:\/\/grupnexus.com\/es\/tratamientos\/medicina-estetica-corporal\/hipersudoracion\/","title":{"rendered":"Hipersudoraci\u00f3n"},"content":{"rendered":"<div class=\"row \"><div class=\"wpv-grid grid-3-4  wpv-first-level first unextended\" style=\"padding-top:0px;padding-bottom:0px\" id=\"wpv-column-e8299f45ac0f2188291ee74d1e0fdafc\" >\t\t<h2 class=\"text-divider-double\">\t\t\t\nHipersudoraci\u00f3n<br \/>\n\t\t<\/h2>\t\t<div class=\"sep\"><\/div>\t<\/div>\n<div class=\"wpv-grid grid-1-4  wpv-first-level unextended\" style=\"padding-top:0px;padding-bottom:0px\" id=\"wpv-column-3af8784c1a58b413ee5c799ebad1a490\" ><div class=\"push\" style='height:44px'><\/div>\n<!-- Widget Shortcode --><div id=\"search-11\" class=\"widget widget_search widget-shortcode area-wpv_sidebar-tractament-est-facial-cat-left \"><form role=\"search\" method=\"get\" class=\"searchform clearfix\" action=\"https:\/\/grupnexus.com\/es\/\">\n\t<label for=\"search-text-widget\" class=\"visuallyhidden\">Search for:<\/label>\n\t<input id=\"search-text-widget\" type=\"text\" value=\"\" name=\"s\" placeholder=\"Buscar\" required=\"required\" \/>\n\t<input type=\"submit\" value=\"Buscar\" \/>\n\t\t\t<input type=\"hidden\" name=\"lang\" value=\"es\"\/>\n\t<\/form><\/div><!-- \/Widget Shortcode --><\/div><\/div>\n<div class=\"row \"><div class=\"wpv-grid grid-1-4  wpv-first-level first unextended\" style=\"padding-top:0px;padding-bottom:0px\" id=\"wpv-column-4b2c826fa1599d758b3ff31772221c8d\" ><!-- Widget Shortcode --><div id=\"nav_menu-15\" class=\"widget widget_nav_menu widget-shortcode area-wpv_sidebar-tractament-est-corporal-cat-left \"><h2 class=\"widgettitle\">Medicina est\u00e9tica corporal<\/h2><div class=\"menu-tratamientos-med-estet-corp-es-container\"><ul id=\"menu-tratamientos-med-estet-corp-es\" class=\"menu\"><li id=\"menu-item-9600\" class=\"menu-item menu-item-type-post_type menu-item-object-page menu-item-9600\"><a href=\"https:\/\/grupnexus.com\/es\/tratamientos\/medicina-estetica-corporal\/adipositados-localizados-y-remodelacion-corporal\/\">Adipositados localizados y remodelaci\u00f3n corporal<\/a><\/li>\n<li id=\"menu-item-9601\" class=\"menu-item menu-item-type-post_type menu-item-object-page menu-item-9601\"><a href=\"https:\/\/grupnexus.com\/es\/tratamientos\/medicina-estetica-corporal\/celulitis\/\">Celulitis<\/a><\/li>\n<li id=\"menu-item-9602\" class=\"menu-item menu-item-type-post_type menu-item-object-page menu-item-9602\"><a href=\"https:\/\/grupnexus.com\/es\/tratamientos\/medicina-estetica-corporal\/cicatrices\/\">Cicatrices<\/a><\/li>\n<li id=\"menu-item-9603\" class=\"menu-item menu-item-type-post_type menu-item-object-page menu-item-9603\"><a href=\"https:\/\/grupnexus.com\/es\/tratamientos\/medicina-estetica-corporal\/estrias\/\">Estr\u00edas<\/a><\/li>\n<li id=\"menu-item-9604\" class=\"menu-item menu-item-type-post_type menu-item-object-page menu-item-9604\"><a href=\"https:\/\/grupnexus.com\/es\/tratamientos\/medicina-estetica-corporal\/flacidez\/\">Flacidez<\/a><\/li>\n<li id=\"menu-item-9605\" class=\"menu-item menu-item-type-post_type menu-item-object-page menu-item-9605\"><a href=\"https:\/\/grupnexus.com\/es\/tratamientos\/medicina-estetica-corporal\/hipersudoracion\/\">Hipersudoraci\u00f3n<\/a><\/li>\n<li id=\"menu-item-9606\" class=\"menu-item menu-item-type-post_type menu-item-object-page menu-item-9606\"><a href=\"https:\/\/grupnexus.com\/es\/tratamientos\/medicina-estetica-corporal\/varices\/\">Varices<\/a><\/li>\n<\/ul><\/div><\/div><!-- \/Widget Shortcode --><\/div>\n<div class=\"wpv-grid grid-3-4  wpv-first-level unextended\" style=\"padding-top:0px;padding-bottom:0px\" id=\"wpv-column-5d07bc1499a7936c657c808dea728831\" ><p><img loading=\"lazy\" class=\"alignleft size-full wp-image-605\" src=\"\/wp-content\/uploads\/Tractaments_MedicinaEsteticaCorporal_Hipersudoracio.jpg\" alt=\"Hipersudoraci\u00f3n\" width=\"600\" height=\"400\" srcset=\"https:\/\/grupnexus.com\/wp-content\/uploads\/Tractaments_MedicinaEsteticaCorporal_Hipersudoracio.jpg 600w, https:\/\/grupnexus.com\/wp-content\/uploads\/Tractaments_MedicinaEsteticaCorporal_Hipersudoracio-510x340.jpg 510w, https:\/\/grupnexus.com\/wp-content\/uploads\/Tractaments_MedicinaEsteticaCorporal_Hipersudoracio-300x200.jpg 300w\" sizes=\"(max-width: 600px) 100vw, 600px\" \/><\/p>\n<div class=\"row \"><div class=\"wpv-grid grid-1-1  first unextended\" style=\"padding-top:0px;padding-bottom:0px\" id=\"wpv-column-9c06153678d0035e55ad9aedda12b511\" ><p>Ambos t\u00e9rminos hacen referencia al exceso de sudoraci\u00f3n causada por una hiperactividad de las gl\u00e1ndulas sudor\u00edparas. Si bien t\u00edpicamente afecta principalmente a axilas, palmas de las manos y plantas de los pies, esta tambi\u00e9n se puede producir en otras \u00e1reas tanto faciales como corporales.<\/p>\n<p>Uno de los mejores tratamientos que hay para eliminar esta hipersudoraci\u00f3n, y hoy por hoy la \u00fanica soluci\u00f3n no quir\u00fargica es la Prote\u00edna natural purificada. Es un tratamiento ambulatorio muy bien tolerado, r\u00e1pido, seguro y de gran eficacia que permite retornar a las actividades cotidianas de manera inmediata.<\/div><\/div><\/div><\/div>\n<div class=\"sep\"><\/div>\n<div class=\"row \"><div class=\"wpv-grid grid-1-1  wpv-first-level first unextended\" style=\"padding-top:0px;padding-bottom:0px\" id=\"wpv-column-bdd7cc75d384400f4db4017340d60cfc\" ><p><strong><span class=\"buscar\">Quiz\u00e1 estaba buscando:<\/span><\/strong><br \/>\n<span class=\"paraules\">Hipersudoraci\u00f3n Lleida, eliminar sudor axilas Lleida, tratamiento sudor manos Lleida<\/span><\/div><\/div>\n","protected":false},"excerpt":{"rendered":"<p>Ambos t\u00e9rminos hacen referencia al exceso de sudoraci\u00f3n causada por una hiperactividad de las gl\u00e1ndulas sudor\u00edparas. Si bien t\u00edpicamente afecta principalmente a axilas, palmas de las manos y plantas de los pies, esta tambi\u00e9n se puede producir en otras \u00e1reas tanto faciales como corporales. Uno de los mejores tratamientos que hay para eliminar esta hipersudoraci\u00f3n,&#8230;<\/p>\n","protected":false},"author":5,"featured_media":0,"parent":1058,"menu_order":0,"comment_status":"closed","ping_status":"closed","template":"","meta":[],"yoast_head":"<!-- This site is optimized with the Yoast SEO plugin v18.6 - https:\/\/yoast.com\/wordpress\/plugins\/seo\/ -->\n<title>Tratamiento hipersudoraci\u00f3n Lleida<\/title>\n<meta name=\"description\" content=\"Elimina la hipersudoraci\u00f3n con Nexus. Tratamiento r\u00e1pido y eficaz.\" \/>\n<meta name=\"robots\" content=\"index, follow, max-snippet:-1, max-image-preview:large, max-video-preview:-1\" \/>\n<link rel=\"canonical\" href=\"https:\/\/grupnexus.com\/es\/tratamientos\/medicina-estetica-corporal\/hipersudoracion\/\" \/>\n<meta property=\"og:locale\" content=\"es_ES\" \/>\n<meta property=\"og:type\" content=\"article\" \/>\n<meta property=\"og:title\" content=\"Tratamiento hipersudoraci\u00f3n Lleida\" \/>\n<meta property=\"og:description\" content=\"Elimina la hipersudoraci\u00f3n con Nexus. Tratamiento r\u00e1pido y eficaz.\" \/>\n<meta property=\"og:url\" content=\"https:\/\/grupnexus.com\/es\/tratamientos\/medicina-estetica-corporal\/hipersudoracion\/\" \/>\n<meta property=\"og:site_name\" content=\"Cl\u00ednica Nexus\" \/>\n<meta property=\"article:modified_time\" content=\"2022-05-13T11:09:38+00:00\" \/>\n<meta name=\"twitter:card\" content=\"summary\" \/>\n<meta name=\"twitter:label1\" content=\"Tiempo de lectura\" \/>\n\t<meta name=\"twitter:data1\" content=\"2 minutos\" \/>\n<script type=\"application\/ld+json\" class=\"yoast-schema-graph\">{\"@context\":\"https:\/\/schema.org\",\"@graph\":[{\"@type\":\"WebSite\",\"@id\":\"https:\/\/grupnexus.com\/es\/#website\",\"url\":\"https:\/\/grupnexus.com\/es\/\",\"name\":\"Cl\u00ednica Nexus\",\"description\":\"L\u00edders en Medicina Est\u00e8tica Avan\u00e7ada\",\"potentialAction\":[{\"@type\":\"SearchAction\",\"target\":{\"@type\":\"EntryPoint\",\"urlTemplate\":\"https:\/\/grupnexus.com\/es\/?s={search_term_string}\"},\"query-input\":\"required name=search_term_string\"}],\"inLanguage\":\"es\"},{\"@type\":\"WebPage\",\"@id\":\"https:\/\/grupnexus.com\/es\/tratamientos\/medicina-estetica-corporal\/hipersudoracion\/#webpage\",\"url\":\"https:\/\/grupnexus.com\/es\/tratamientos\/medicina-estetica-corporal\/hipersudoracion\/\",\"name\":\"Tratamiento hipersudoraci\u00f3n Lleida\",\"isPartOf\":{\"@id\":\"https:\/\/grupnexus.com\/es\/#website\"},\"datePublished\":\"2015-02-06T07:02:49+00:00\",\"dateModified\":\"2022-05-13T11:09:38+00:00\",\"description\":\"Elimina la hipersudoraci\u00f3n con Nexus. Tratamiento r\u00e1pido y eficaz.\",\"breadcrumb\":{\"@id\":\"https:\/\/grupnexus.com\/es\/tratamientos\/medicina-estetica-corporal\/hipersudoracion\/#breadcrumb\"},\"inLanguage\":\"es\",\"potentialAction\":[{\"@type\":\"ReadAction\",\"target\":[\"https:\/\/grupnexus.com\/es\/tratamientos\/medicina-estetica-corporal\/hipersudoracion\/\"]}]},{\"@type\":\"BreadcrumbList\",\"@id\":\"https:\/\/grupnexus.com\/es\/tratamientos\/medicina-estetica-corporal\/hipersudoracion\/#breadcrumb\",\"itemListElement\":[{\"@type\":\"ListItem\",\"position\":1,\"name\":\"Portada\",\"item\":\"https:\/\/grupnexus.com\/es\/\"},{\"@type\":\"ListItem\",\"position\":2,\"name\":\"Tratamientos\",\"item\":\"https:\/\/grupnexus.com\/es\/tratamientos\/\"},{\"@type\":\"ListItem\",\"position\":3,\"name\":\"Medicina est\u00e9tica corporal\",\"item\":\"https:\/\/grupnexus.com\/es\/tratamientos\/medicina-estetica-corporal\/\"},{\"@type\":\"ListItem\",\"position\":4,\"name\":\"Hipersudoraci\u00f3n\"}]}]}<\/script>\n<!-- \/ Yoast SEO plugin. -->","yoast_head_json":{"title":"Tratamiento hipersudoraci\u00f3n Lleida","description":"Elimina la hipersudoraci\u00f3n con Nexus. Tratamiento r\u00e1pido y eficaz.","robots":{"index":"index","follow":"follow","max-snippet":"max-snippet:-1","max-image-preview":"max-image-preview:large","max-video-preview":"max-video-preview:-1"},"canonical":"https:\/\/grupnexus.com\/es\/tratamientos\/medicina-estetica-corporal\/hipersudoracion\/","og_locale":"es_ES","og_type":"article","og_title":"Tratamiento hipersudoraci\u00f3n Lleida","og_description":"Elimina la hipersudoraci\u00f3n con Nexus. Tratamiento r\u00e1pido y eficaz.","og_url":"https:\/\/grupnexus.com\/es\/tratamientos\/medicina-estetica-corporal\/hipersudoracion\/","og_site_name":"Cl\u00ednica Nexus","article_modified_time":"2022-05-13T11:09:38+00:00","twitter_card":"summary","twitter_misc":{"Tiempo de lectura":"2 minutos"},"schema":{"@context":"https:\/\/schema.org","@graph":[{"@type":"WebSite","@id":"https:\/\/grupnexus.com\/es\/#website","url":"https:\/\/grupnexus.com\/es\/","name":"Cl\u00ednica Nexus","description":"L\u00edders en Medicina Est\u00e8tica Avan\u00e7ada","potentialAction":[{"@type":"SearchAction","target":{"@type":"EntryPoint","urlTemplate":"https:\/\/grupnexus.com\/es\/?s={search_term_string}"},"query-input":"required name=search_term_string"}],"inLanguage":"es"},{"@type":"WebPage","@id":"https:\/\/grupnexus.com\/es\/tratamientos\/medicina-estetica-corporal\/hipersudoracion\/#webpage","url":"https:\/\/grupnexus.com\/es\/tratamientos\/medicina-estetica-corporal\/hipersudoracion\/","name":"Tratamiento hipersudoraci\u00f3n Lleida","isPartOf":{"@id":"https:\/\/grupnexus.com\/es\/#website"},"datePublished":"2015-02-06T07:02:49+00:00","dateModified":"2022-05-13T11:09:38+00:00","description":"Elimina la hipersudoraci\u00f3n con Nexus. Tratamiento r\u00e1pido y eficaz.","breadcrumb":{"@id":"https:\/\/grupnexus.com\/es\/tratamientos\/medicina-estetica-corporal\/hipersudoracion\/#breadcrumb"},"inLanguage":"es","potentialAction":[{"@type":"ReadAction","target":["https:\/\/grupnexus.com\/es\/tratamientos\/medicina-estetica-corporal\/hipersudoracion\/"]}]},{"@type":"BreadcrumbList","@id":"https:\/\/grupnexus.com\/es\/tratamientos\/medicina-estetica-corporal\/hipersudoracion\/#breadcrumb","itemListElement":[{"@type":"ListItem","position":1,"name":"Portada","item":"https:\/\/grupnexus.com\/es\/"},{"@type":"ListItem","position":2,"name":"Tratamientos","item":"https:\/\/grupnexus.com\/es\/tratamientos\/"},{"@type":"ListItem","position":3,"name":"Medicina est\u00e9tica corporal","item":"https:\/\/grupnexus.com\/es\/tratamientos\/medicina-estetica-corporal\/"},{"@type":"ListItem","position":4,"name":"Hipersudoraci\u00f3n"}]}]}},"_links":{"self":[{"href":"https:\/\/grupnexus.com\/es\/wp-json\/wp\/v2\/pages\/1093"}],"collection":[{"href":"https:\/\/grupnexus.com\/es\/wp-json\/wp\/v2\/pages"}],"about":[{"href":"https:\/\/grupnexus.com\/es\/wp-json\/wp\/v2\/types\/page"}],"author":[{"embeddable":true,"href":"https:\/\/grupnexus.com\/es\/wp-json\/wp\/v2\/users\/5"}],"replies":[{"embeddable":true,"href":"https:\/\/grupnexus.com\/es\/wp-json\/wp\/v2\/comments?post=1093"}],"version-history":[{"count":2,"href":"https:\/\/grupnexus.com\/es\/wp-json\/wp\/v2\/pages\/1093\/revisions"}],"predecessor-version":[{"id":50460,"href":"https:\/\/grupnexus.com\/es\/wp-json\/wp\/v2\/pages\/1093\/revisions\/50460"}],"up":[{"embeddable":true,"href":"https:\/\/grupnexus.com\/es\/wp-json\/wp\/v2\/pages\/1058"}],"wp:attachment":[{"href":"https:\/\/grupnexus.com\/es\/wp-json\/wp\/v2\/media?parent=1093"}],"curies":[{"name":"wp","href":"https:\/\/api.w.org\/{rel}","templated":true}]}}