{"id":1094,"date":"2015-02-06T08:02:33","date_gmt":"2015-02-06T07:02:33","guid":{"rendered":"http:\/\/www.grupnexus.com\/tractaments\/medicina-estetica-corporal\/varius\/"},"modified":"2020-01-20T13:00:12","modified_gmt":"2020-01-20T11:00:12","slug":"varices","status":"publish","type":"page","link":"https:\/\/grupnexus.com\/es\/tratamientos\/medicina-estetica-corporal\/varices\/","title":{"rendered":"Varices"},"content":{"rendered":"<div class=\"row \"><div class=\"wpv-grid grid-3-4  wpv-first-level first unextended\" style=\"padding-top:0px;padding-bottom:0px\" id=\"wpv-column-9b7de5c2d4ba06991b5095e95a3226e0\" >\t\t<h2 class=\"text-divider-double\">\t\t\t\nVarices\t\t<\/h2>\t\t<div class=\"sep\"><\/div>\t<\/div>\n<div class=\"wpv-grid grid-1-4  wpv-first-level unextended\" style=\"padding-top:0px;padding-bottom:0px\" id=\"wpv-column-a6a630a75847a2316cabda2586571b55\" ><div class=\"push\" style='height:44px'><\/div>\n<!-- Widget Shortcode --><div id=\"search-11\" class=\"widget widget_search widget-shortcode area-wpv_sidebar-tractament-est-facial-cat-left \"><form role=\"search\" method=\"get\" class=\"searchform clearfix\" action=\"https:\/\/grupnexus.com\/es\/\">\n\t<label for=\"search-text-widget\" class=\"visuallyhidden\">Search for:<\/label>\n\t<input id=\"search-text-widget\" type=\"text\" value=\"\" name=\"s\" placeholder=\"Buscar\" required=\"required\" \/>\n\t<input type=\"submit\" value=\"Buscar\" \/>\n\t\t\t<input type=\"hidden\" name=\"lang\" value=\"es\"\/>\n\t<\/form><\/div><!-- \/Widget Shortcode --><\/div><\/div>\n<div class=\"row \"><div class=\"wpv-grid grid-1-4  wpv-first-level first unextended\" style=\"padding-top:0px;padding-bottom:0px\" id=\"wpv-column-02c5cc7906c293e6618562fbb957283a\" ><!-- Widget Shortcode --><div id=\"nav_menu-15\" class=\"widget widget_nav_menu widget-shortcode area-wpv_sidebar-tractament-est-corporal-cat-left \"><h2 class=\"widgettitle\">Medicina est\u00e9tica corporal<\/h2><div class=\"menu-tratamientos-med-estet-corp-es-container\"><ul id=\"menu-tratamientos-med-estet-corp-es\" class=\"menu\"><li id=\"menu-item-9600\" class=\"menu-item menu-item-type-post_type menu-item-object-page menu-item-9600\"><a href=\"https:\/\/grupnexus.com\/es\/tratamientos\/medicina-estetica-corporal\/adipositados-localizados-y-remodelacion-corporal\/\">Adipositados localizados y remodelaci\u00f3n corporal<\/a><\/li>\n<li id=\"menu-item-9601\" class=\"menu-item menu-item-type-post_type menu-item-object-page menu-item-9601\"><a href=\"https:\/\/grupnexus.com\/es\/tratamientos\/medicina-estetica-corporal\/celulitis\/\">Celulitis<\/a><\/li>\n<li id=\"menu-item-9602\" class=\"menu-item menu-item-type-post_type menu-item-object-page menu-item-9602\"><a href=\"https:\/\/grupnexus.com\/es\/tratamientos\/medicina-estetica-corporal\/cicatrices\/\">Cicatrices<\/a><\/li>\n<li id=\"menu-item-9603\" class=\"menu-item menu-item-type-post_type menu-item-object-page menu-item-9603\"><a href=\"https:\/\/grupnexus.com\/es\/tratamientos\/medicina-estetica-corporal\/estrias\/\">Estr\u00edas<\/a><\/li>\n<li id=\"menu-item-9604\" class=\"menu-item menu-item-type-post_type menu-item-object-page menu-item-9604\"><a href=\"https:\/\/grupnexus.com\/es\/tratamientos\/medicina-estetica-corporal\/flacidez\/\">Flacidez<\/a><\/li>\n<li id=\"menu-item-9605\" class=\"menu-item menu-item-type-post_type menu-item-object-page menu-item-9605\"><a href=\"https:\/\/grupnexus.com\/es\/tratamientos\/medicina-estetica-corporal\/hipersudoracion\/\">Hipersudoraci\u00f3n<\/a><\/li>\n<li id=\"menu-item-9606\" class=\"menu-item menu-item-type-post_type menu-item-object-page menu-item-9606\"><a href=\"https:\/\/grupnexus.com\/es\/tratamientos\/medicina-estetica-corporal\/varices\/\">Varices<\/a><\/li>\n<\/ul><\/div><\/div><!-- \/Widget Shortcode --><\/div>\n<div class=\"wpv-grid grid-3-4  wpv-first-level unextended\" style=\"padding-top:0px;padding-bottom:0px\" id=\"wpv-column-8495994a4cfb058a58453c1e57b0d6a0\" ><p><img loading=\"lazy\" class=\"alignleft size-full wp-image-604\" src=\"\/wp-content\/uploads\/Tractaments_MedicinaEsteticaCorporal_Varius.jpg\" alt=\"Varices\" width=\"1000\" height=\"667\" srcset=\"https:\/\/grupnexus.com\/wp-content\/uploads\/Tractaments_MedicinaEsteticaCorporal_Varius.jpg 1000w, https:\/\/grupnexus.com\/wp-content\/uploads\/Tractaments_MedicinaEsteticaCorporal_Varius-510x340.jpg 510w, https:\/\/grupnexus.com\/wp-content\/uploads\/Tractaments_MedicinaEsteticaCorporal_Varius-300x200.jpg 300w\" sizes=\"(max-width: 1000px) 100vw, 1000px\" \/><\/p>\n<div class=\"row \"><div class=\"wpv-grid grid-1-1  first unextended\" style=\"padding-top:0px;padding-bottom:0px\" id=\"wpv-column-a1fd9fc94cec61bae6b9b55fe887af3f\" ><h3>Terapia fotodin\u00e1mica de varices<\/h3>\n<p><strong>Con este nombre se describe un nuevo procedimiento para el tratamiento de las varicosidades de las extremidades inferiores que combina la escleroterapia qu\u00edmica tradicional y el l\u00e1ser de Neodimi-Yag de 1.064 nm de longitud de onda<\/strong>. Este nuevo procedimiento se basa en que, mediante la inyecci\u00f3n previa de espuma de polidocanol (la sustancia generalmente usada en la escleroterapia qu\u00edmica), se induce una transformaci\u00f3n bioqu\u00edmica de la hemoglobina sangu\u00ednea (incrementando su conversi\u00f3n a metahemoglobina y protoporfirina IX), lo que conlleva un cambio en sus caracter\u00edsticas \u00f3pticas y de conductividad, que se traducen en un incremento en la absorci\u00f3n de la energ\u00eda transmitida por el l\u00e1ser aplicado posteriormente hasta 29 veces superior. Es decir, mediante la inyecci\u00f3n previa de esta espuma en una concentraci\u00f3n y caracter\u00edsticas determinadas, conseguimos una optimizaci\u00f3n del efecto fotot\u00e9rmico en la emisi\u00f3n posterior del l\u00e1ser de Neodimi-Yag, al mejorar la captaci\u00f3n de energ\u00eda por la sangre y la transmisi\u00f3n de calor a lo largo del vaso. El resultado final se refleja en unos mejores resultados versus las t\u00e9cnicas cl\u00e1sicas aisladas, una menor incidencia de fracasos y efectos secundarios, una disminuci\u00f3n de las sesiones necesarias para lograr unos resultados \u00f3ptimos y la posibilidad de tratar vasos superiores a los 5 mm de di\u00e1metro, hecho hasta ahora poco viable en tratamientos exclusivamente con terapias fotolum\u00ednicas.<\/p>\n<p><strong>El procedimiento, adem\u00e1s, es totalmente ambulatorio y no incapacita al paciente para su actividad normal.<\/strong>No requiere ning\u00fan tipo de anestesia (o como m\u00e1ximo t\u00f3pica) y su tolerancia es excelente. Posteriormente al tratamiento solo hay que aplicar una crema antiinflamatoria durante unos d\u00edas y llevar unas medias el\u00e1sticas de compresi\u00f3n mediana durante unas 4 semanas.<b> <\/b><strong>Como es obvio, solo un m\u00e9dico entrenado con esta t\u00e9cnica puede proporcionarle los resultados esperados, previa historia cl\u00ednica y exploraci\u00f3n vascular pertinente.<\/strong><\/p>\n<p><strong>El tratamiento se estructura en varias sesiones (unas 4 de media) y el intervalo entre ellas es de aproximadamente unos 2 meses.<\/strong> En un seguimiento practicado durante 2 a\u00f1os a 150 pacientes tratados con esta t\u00e9cnica, no se ha presentado ning\u00fan caso de recidiva.<\/p>\n<p>En resumen, gracias a esta t\u00e9cnica que combina la esclerosis qu\u00edmica y el l\u00e1ser se ha conseguido mejorar sustancialmente en todos los \u00e1mbitos los resultados que hasta ahora se consegu\u00edan con cada una de estas por separado, erigi\u00e9ndose como una terapia de primer orden, en los casos indicados, para el tratamiento de las varices de las extremidades inferiores.<\/p>\n<p>Un cliente de Cl\u00ednica Nexus, avala los resultados de la terapia fotodin\u00e1mica para el <a href=\"https:\/\/grupnexus.com\/es\/tratamiento-lesiones-vasculares-testimoniocarlosmayorga\/\">tratamientos de las varices.\u00a0<\/a><\/p>\n<div class=\" et_pb_row_inner et_pb_row_inner_0\">\n<div class=\"et_pb_column et_pb_column_4_4 et_pb_column_inner et_pb_column_inner_0\">\n<div class=\"et_pb_module et-waypoint et_pb_image et_pb_animation_fade_in et_pb_image_1 et_always_center_on_mobile et-animated\"><a class=\"et_pb_lightbox_image\" title=\"\" href=\"\/wp-content\/uploads\/VARIUS.png\"><img loading=\"lazy\" class=\"alignnone\" src=\"http:\/\/i2.wp.com\/www.grupnexus.com\/wp-content\/uploads\/VARIUS.png?w=1080\" alt=\"\" width=\"398\" height=\"206\" \/><\/a><\/div>\n<\/div>\n<\/div>\n<div class=\" et_pb_row_inner et_pb_row_inner_1\"><\/div><\/div><\/div><\/div><\/div>\n<div class=\"sep\"><\/div>\n<div class=\"row \"><div class=\"wpv-grid grid-1-1  wpv-first-level first unextended\" style=\"padding-top:0px;padding-bottom:0px\" id=\"wpv-column-1bbb92adb27361db453dc5a76ac16240\" ><p><strong><span class=\"buscar\">Quiz\u00e1 estaba buscando:<\/span><\/strong><br \/>\n<span class=\"paraules\">Eliminar varices Lleida, tratamiento varices Lleida, terapia fotodin\u00e1mica Lleida<\/span><\/div><\/div>\n","protected":false},"excerpt":{"rendered":"<p>Terapia fotodin\u00e1mica de varices Con este nombre se describe un nuevo procedimiento para el tratamiento de las varicosidades de las extremidades inferiores que combina la escleroterapia qu\u00edmica tradicional y el l\u00e1ser de Neodimi-Yag de 1.064 nm de longitud de onda. Este nuevo procedimiento se basa en que, mediante la inyecci\u00f3n previa de espuma de polidocanol&#8230;<\/p>\n","protected":false},"author":5,"featured_media":0,"parent":1058,"menu_order":0,"comment_status":"closed","ping_status":"closed","template":"","meta":[],"yoast_head":"<!-- This site is optimized with the Yoast SEO plugin v18.6 - https:\/\/yoast.com\/wordpress\/plugins\/seo\/ -->\n<title>Eliminaci\u00f3n varices Lleida<\/title>\n<meta name=\"description\" content=\"En Nexus trabajamos con la terapia fotodin\u00e1mica para varices para tratar esta patolog\u00eda.\" \/>\n<meta name=\"robots\" content=\"index, follow, max-snippet:-1, max-image-preview:large, max-video-preview:-1\" \/>\n<link rel=\"canonical\" href=\"https:\/\/grupnexus.com\/es\/tratamientos\/medicina-estetica-corporal\/varices\/\" \/>\n<meta property=\"og:locale\" content=\"es_ES\" \/>\n<meta property=\"og:type\" content=\"article\" \/>\n<meta property=\"og:title\" content=\"Eliminaci\u00f3n varices Lleida\" \/>\n<meta property=\"og:description\" content=\"En Nexus trabajamos con la terapia fotodin\u00e1mica para varices para tratar esta patolog\u00eda.\" \/>\n<meta property=\"og:url\" content=\"https:\/\/grupnexus.com\/es\/tratamientos\/medicina-estetica-corporal\/varices\/\" \/>\n<meta property=\"og:site_name\" content=\"Cl\u00ednica Nexus\" \/>\n<meta property=\"article:modified_time\" content=\"2020-01-20T11:00:12+00:00\" \/>\n<meta property=\"og:image\" content=\"https:\/\/grupnexus.com\/wp-content\/uploads\/Tractaments_MedicinaEsteticaCorporal_Varius.jpg\" \/>\n<meta name=\"twitter:card\" content=\"summary\" \/>\n<meta name=\"twitter:label1\" content=\"Tiempo de lectura\" \/>\n\t<meta name=\"twitter:data1\" content=\"4 minutos\" \/>\n<script type=\"application\/ld+json\" class=\"yoast-schema-graph\">{\"@context\":\"https:\/\/schema.org\",\"@graph\":[{\"@type\":\"WebSite\",\"@id\":\"https:\/\/grupnexus.com\/es\/#website\",\"url\":\"https:\/\/grupnexus.com\/es\/\",\"name\":\"Cl\u00ednica Nexus\",\"description\":\"L\u00edders en Medicina Est\u00e8tica Avan\u00e7ada\",\"potentialAction\":[{\"@type\":\"SearchAction\",\"target\":{\"@type\":\"EntryPoint\",\"urlTemplate\":\"https:\/\/grupnexus.com\/es\/?s={search_term_string}\"},\"query-input\":\"required name=search_term_string\"}],\"inLanguage\":\"es\"},{\"@type\":\"ImageObject\",\"@id\":\"https:\/\/grupnexus.com\/es\/tratamientos\/medicina-estetica-corporal\/varices\/#primaryimage\",\"inLanguage\":\"es\",\"url\":\"http:\/\/i2.wp.com\/www.grupnexus.com\/wp-content\/uploads\/VARIUS.png?w=1080\",\"contentUrl\":\"http:\/\/i2.wp.com\/www.grupnexus.com\/wp-content\/uploads\/VARIUS.png?w=1080\"},{\"@type\":\"WebPage\",\"@id\":\"https:\/\/grupnexus.com\/es\/tratamientos\/medicina-estetica-corporal\/varices\/#webpage\",\"url\":\"https:\/\/grupnexus.com\/es\/tratamientos\/medicina-estetica-corporal\/varices\/\",\"name\":\"Eliminaci\u00f3n varices Lleida\",\"isPartOf\":{\"@id\":\"https:\/\/grupnexus.com\/es\/#website\"},\"primaryImageOfPage\":{\"@id\":\"https:\/\/grupnexus.com\/es\/tratamientos\/medicina-estetica-corporal\/varices\/#primaryimage\"},\"datePublished\":\"2015-02-06T07:02:33+00:00\",\"dateModified\":\"2020-01-20T11:00:12+00:00\",\"description\":\"En Nexus trabajamos con la terapia fotodin\u00e1mica para varices para tratar esta patolog\u00eda.\",\"breadcrumb\":{\"@id\":\"https:\/\/grupnexus.com\/es\/tratamientos\/medicina-estetica-corporal\/varices\/#breadcrumb\"},\"inLanguage\":\"es\",\"potentialAction\":[{\"@type\":\"ReadAction\",\"target\":[\"https:\/\/grupnexus.com\/es\/tratamientos\/medicina-estetica-corporal\/varices\/\"]}]},{\"@type\":\"BreadcrumbList\",\"@id\":\"https:\/\/grupnexus.com\/es\/tratamientos\/medicina-estetica-corporal\/varices\/#breadcrumb\",\"itemListElement\":[{\"@type\":\"ListItem\",\"position\":1,\"name\":\"Portada\",\"item\":\"https:\/\/grupnexus.com\/es\/\"},{\"@type\":\"ListItem\",\"position\":2,\"name\":\"Tratamientos\",\"item\":\"https:\/\/grupnexus.com\/es\/tratamientos\/\"},{\"@type\":\"ListItem\",\"position\":3,\"name\":\"Medicina est\u00e9tica corporal\",\"item\":\"https:\/\/grupnexus.com\/es\/tratamientos\/medicina-estetica-corporal\/\"},{\"@type\":\"ListItem\",\"position\":4,\"name\":\"Varices\"}]}]}<\/script>\n<!-- \/ Yoast SEO plugin. -->","yoast_head_json":{"title":"Eliminaci\u00f3n varices Lleida","description":"En Nexus trabajamos con la terapia fotodin\u00e1mica para varices para tratar esta patolog\u00eda.","robots":{"index":"index","follow":"follow","max-snippet":"max-snippet:-1","max-image-preview":"max-image-preview:large","max-video-preview":"max-video-preview:-1"},"canonical":"https:\/\/grupnexus.com\/es\/tratamientos\/medicina-estetica-corporal\/varices\/","og_locale":"es_ES","og_type":"article","og_title":"Eliminaci\u00f3n varices Lleida","og_description":"En Nexus trabajamos con la terapia fotodin\u00e1mica para varices para tratar esta patolog\u00eda.","og_url":"https:\/\/grupnexus.com\/es\/tratamientos\/medicina-estetica-corporal\/varices\/","og_site_name":"Cl\u00ednica Nexus","article_modified_time":"2020-01-20T11:00:12+00:00","og_image":[{"url":"https:\/\/grupnexus.com\/wp-content\/uploads\/Tractaments_MedicinaEsteticaCorporal_Varius.jpg"}],"twitter_card":"summary","twitter_misc":{"Tiempo de lectura":"4 minutos"},"schema":{"@context":"https:\/\/schema.org","@graph":[{"@type":"WebSite","@id":"https:\/\/grupnexus.com\/es\/#website","url":"https:\/\/grupnexus.com\/es\/","name":"Cl\u00ednica Nexus","description":"L\u00edders en Medicina Est\u00e8tica Avan\u00e7ada","potentialAction":[{"@type":"SearchAction","target":{"@type":"EntryPoint","urlTemplate":"https:\/\/grupnexus.com\/es\/?s={search_term_string}"},"query-input":"required name=search_term_string"}],"inLanguage":"es"},{"@type":"ImageObject","@id":"https:\/\/grupnexus.com\/es\/tratamientos\/medicina-estetica-corporal\/varices\/#primaryimage","inLanguage":"es","url":"http:\/\/i2.wp.com\/www.grupnexus.com\/wp-content\/uploads\/VARIUS.png?w=1080","contentUrl":"http:\/\/i2.wp.com\/www.grupnexus.com\/wp-content\/uploads\/VARIUS.png?w=1080"},{"@type":"WebPage","@id":"https:\/\/grupnexus.com\/es\/tratamientos\/medicina-estetica-corporal\/varices\/#webpage","url":"https:\/\/grupnexus.com\/es\/tratamientos\/medicina-estetica-corporal\/varices\/","name":"Eliminaci\u00f3n varices Lleida","isPartOf":{"@id":"https:\/\/grupnexus.com\/es\/#website"},"primaryImageOfPage":{"@id":"https:\/\/grupnexus.com\/es\/tratamientos\/medicina-estetica-corporal\/varices\/#primaryimage"},"datePublished":"2015-02-06T07:02:33+00:00","dateModified":"2020-01-20T11:00:12+00:00","description":"En Nexus trabajamos con la terapia fotodin\u00e1mica para varices para tratar esta patolog\u00eda.","breadcrumb":{"@id":"https:\/\/grupnexus.com\/es\/tratamientos\/medicina-estetica-corporal\/varices\/#breadcrumb"},"inLanguage":"es","potentialAction":[{"@type":"ReadAction","target":["https:\/\/grupnexus.com\/es\/tratamientos\/medicina-estetica-corporal\/varices\/"]}]},{"@type":"BreadcrumbList","@id":"https:\/\/grupnexus.com\/es\/tratamientos\/medicina-estetica-corporal\/varices\/#breadcrumb","itemListElement":[{"@type":"ListItem","position":1,"name":"Portada","item":"https:\/\/grupnexus.com\/es\/"},{"@type":"ListItem","position":2,"name":"Tratamientos","item":"https:\/\/grupnexus.com\/es\/tratamientos\/"},{"@type":"ListItem","position":3,"name":"Medicina est\u00e9tica corporal","item":"https:\/\/grupnexus.com\/es\/tratamientos\/medicina-estetica-corporal\/"},{"@type":"ListItem","position":4,"name":"Varices"}]}]}},"_links":{"self":[{"href":"https:\/\/grupnexus.com\/es\/wp-json\/wp\/v2\/pages\/1094"}],"collection":[{"href":"https:\/\/grupnexus.com\/es\/wp-json\/wp\/v2\/pages"}],"about":[{"href":"https:\/\/grupnexus.com\/es\/wp-json\/wp\/v2\/types\/page"}],"author":[{"embeddable":true,"href":"https:\/\/grupnexus.com\/es\/wp-json\/wp\/v2\/users\/5"}],"replies":[{"embeddable":true,"href":"https:\/\/grupnexus.com\/es\/wp-json\/wp\/v2\/comments?post=1094"}],"version-history":[{"count":2,"href":"https:\/\/grupnexus.com\/es\/wp-json\/wp\/v2\/pages\/1094\/revisions"}],"predecessor-version":[{"id":42817,"href":"https:\/\/grupnexus.com\/es\/wp-json\/wp\/v2\/pages\/1094\/revisions\/42817"}],"up":[{"embeddable":true,"href":"https:\/\/grupnexus.com\/es\/wp-json\/wp\/v2\/pages\/1058"}],"wp:attachment":[{"href":"https:\/\/grupnexus.com\/es\/wp-json\/wp\/v2\/media?parent=1094"}],"curies":[{"name":"wp","href":"https:\/\/api.w.org\/{rel}","templated":true}]}}