{"id":1121,"date":"2015-02-06T07:57:01","date_gmt":"2015-02-06T06:57:01","guid":{"rendered":"http:\/\/www.grupnexus.com\/tractaments\/medicina-estetica-facial\/arrugues\/"},"modified":"2024-02-19T17:58:44","modified_gmt":"2024-02-19T15:58:44","slug":"arrugas","status":"publish","type":"page","link":"https:\/\/grupnexus.com\/es\/tratamientos\/medicina-estetica-facial\/arrugas\/","title":{"rendered":"Arrugas"},"content":{"rendered":"<div class=\"row \"><div class=\"wpv-grid grid-3-4  wpv-first-level first unextended\" style=\"padding-top:0px;padding-bottom:0px\" id=\"wpv-column-e2bae3adc9e860bab004f46ac32d541b\" >\t\t<h2 class=\"text-divider-double\">\t\t\t\nArrugas\t\t<\/h2>\t\t<div class=\"sep\"><\/div>\t<\/div>\n<div class=\"wpv-grid grid-1-4  wpv-first-level unextended\" style=\"padding-top:0px;padding-bottom:0px\" id=\"wpv-column-8a88a221d74fa8dd97fc7899124883b7\" ><div class=\"push\" style='height:44px'><\/div>\n<!-- Widget Shortcode --><div id=\"search-11\" class=\"widget widget_search widget-shortcode area-wpv_sidebar-tractament-est-facial-cat-left \"><form role=\"search\" method=\"get\" class=\"searchform clearfix\" action=\"https:\/\/grupnexus.com\/es\/\">\n\t<label for=\"search-text-widget\" class=\"visuallyhidden\">Search for:<\/label>\n\t<input id=\"search-text-widget\" type=\"text\" value=\"\" name=\"s\" placeholder=\"Buscar\" required=\"required\" \/>\n\t<input type=\"submit\" value=\"Buscar\" \/>\n\t\t\t<input type=\"hidden\" name=\"lang\" value=\"es\"\/>\n\t<\/form><\/div><!-- \/Widget Shortcode --><\/div><\/div>\n<div class=\"row \"><div class=\"wpv-grid grid-1-4  wpv-first-level first unextended\" style=\"padding-top:0px;padding-bottom:0px\" id=\"wpv-column-ea50f69f11e40521f617cdb3cc451ab7\" ><!-- Widget Shortcode --><div id=\"nav_menu-16\" class=\"widget widget_nav_menu widget-shortcode area-wpv_sidebar-tractament-est-facial-cat-left \"><h2 class=\"widgettitle\">Medicina est\u00e9tica facial<\/h2><div class=\"menu-tratamientos-med-estetica-fac-es-container\"><ul id=\"menu-tratamientos-med-estetica-fac-es\" class=\"menu\"><li id=\"menu-item-9589\" class=\"menu-item menu-item-type-post_type menu-item-object-page menu-item-9589\"><a href=\"https:\/\/grupnexus.com\/es\/tratamientos\/medicina-estetica-facial\/acne\/\">Acn\u00e9<\/a><\/li>\n<li id=\"menu-item-9590\" class=\"menu-item menu-item-type-post_type menu-item-object-page menu-item-9590\"><a href=\"https:\/\/grupnexus.com\/es\/tratamientos\/medicina-estetica-facial\/arrugas\/\">Arrugas<\/a><\/li>\n<li id=\"menu-item-9591\" class=\"menu-item menu-item-type-post_type menu-item-object-page menu-item-9591\"><a href=\"https:\/\/grupnexus.com\/es\/tratamientos\/medicina-estetica-facial\/cicatrices\/\">Cicatrices<\/a><\/li>\n<li id=\"menu-item-9592\" class=\"menu-item menu-item-type-post_type menu-item-object-page menu-item-9592\"><a href=\"https:\/\/grupnexus.com\/es\/tratamientos\/medicina-estetica-facial\/consulta-dermoestetica\/\">Consulta dermoest\u00e9tica<\/a><\/li>\n<li id=\"menu-item-9593\" class=\"menu-item menu-item-type-post_type menu-item-object-page menu-item-9593\"><a href=\"https:\/\/grupnexus.com\/es\/tratamientos\/medicina-estetica-facial\/envejecimiento-cutaneo\/\">Envejecimiento cut\u00e1neo<\/a><\/li>\n<li id=\"menu-item-9594\" class=\"menu-item menu-item-type-post_type menu-item-object-page menu-item-9594\"><a href=\"https:\/\/grupnexus.com\/es\/tratamientos\/medicina-estetica-facial\/flacidez\/\">Flacidez<\/a><\/li>\n<li id=\"menu-item-9595\" class=\"menu-item menu-item-type-post_type menu-item-object-page menu-item-9595\"><a href=\"https:\/\/grupnexus.com\/es\/tratamientos\/medicina-estetica-facial\/lesiones-dermatologicas\/\">Lesiones dermatol\u00f3gicas<\/a><\/li>\n<li id=\"menu-item-9597\" class=\"menu-item menu-item-type-post_type menu-item-object-page menu-item-9597\"><a href=\"https:\/\/grupnexus.com\/es\/tratamientos\/medicina-estetica-facial\/mejora-textura-y-luminosidad-de-piel\/\">Mejora textura y luminosidad de piel<\/a><\/li>\n<li id=\"menu-item-9588\" class=\"menu-item menu-item-type-post_type menu-item-object-page menu-item-9588\"><a href=\"https:\/\/grupnexus.com\/es\/tratamientos\/medicina-estetica-facial\/poro-dilatado\/\">Poro dilatado<\/a><\/li>\n<li id=\"menu-item-9598\" class=\"menu-item menu-item-type-post_type menu-item-object-page menu-item-9598\"><a href=\"https:\/\/grupnexus.com\/es\/tratamientos\/medicina-estetica-facial\/reestructuracion-volumenes\/\">Reestructuraci\u00f3n vol\u00famenes<\/a><\/li>\n<li id=\"menu-item-9596\" class=\"menu-item menu-item-type-post_type menu-item-object-page menu-item-9596\"><a href=\"https:\/\/grupnexus.com\/es\/tratamientos\/medicina-estetica-facial\/manchas\/\">Manchas<\/a><\/li>\n<li id=\"menu-item-9599\" class=\"menu-item menu-item-type-post_type menu-item-object-page menu-item-9599\"><a href=\"https:\/\/grupnexus.com\/es\/tratamientos\/medicina-estetica-facial\/tratamientos-combinados\/\">Tratamientos combinados<\/a><\/li>\n<\/ul><\/div><\/div><!-- \/Widget Shortcode --><\/div>\n<div class=\"wpv-grid grid-3-4  wpv-first-level unextended\" style=\"padding-top:0px;padding-bottom:0px\" id=\"wpv-column-295cbc3e2d8bd3cc5c966fa0c6b66d66\" ><p><img loading=\"lazy\" class=\"alignleft wp-image-585 size-full\" src=\"\/wp-content\/uploads\/Tractaments_MedicinaEsteticaFacial_Arrugues.jpeg\" alt=\"Medicina est\u00e9tica facial Lleida\" width=\"510\" height=\"285\" \/><\/p>\n<div class=\"row \"><div class=\"wpv-grid grid-1-1  first unextended\" style=\"padding-top:0px;padding-bottom:0px\" id=\"wpv-column-4060d5e6ddab2bdfb88c00a38e679726\" ><h3>Implantes<\/h3>\n<p>Consiste en la inyecci\u00f3n de una sustancia biocompatible en el interior de la arruga con la finalidad de minorarla o eliminarla. Esta t\u00e9cnica se utiliza, b\u00e1sicamente, para las indicaciones siguientes:<\/p>\n<ul>\n<li>Eliminaci\u00f3n de arrugas faciales.<\/li>\n<li>Perfilado y aumento de volumen y carnosidad de labios.<\/li>\n<li>Aumento del volumen de determinadas \u00e1reas faciales, como p\u00f3mulos o ment\u00f3n.<\/li>\n<li>Correcci\u00f3n de ciertos tipos de cicatrices.<\/li>\n<li>Correcci\u00f3n de surcos nasogenianos profundos y comisuras labiales marcadas.<\/li>\n<li>Asimetr\u00edas faciales.<\/li>\n<li>Atrofias faciales.<\/li>\n<\/ul>\n<p>Hay una gran variedad de sustancias para esta finalidad dependiendo de la zona o tipo de arruga a inyectar, y de la durabilidad deseada. Todos los implantes que utilizamos disponen de una alta compatibilidad y seguridad, no requieren test de alergia previo y, adem\u00e1s, ofrecen la posibilidad de combinarlos con otras t\u00e9cnicas antienvejecimiento.<\/p>\n<h3>Prote\u00edna natural purificada<\/h3>\n<p>Consiste en infiltraciones que relajan los m\u00fasculos faciales. Es el tratamiento ideal para las arrugas de expresi\u00f3n como, por ejemplo, las del entrecejo, ya que las aten\u00faa notablemente o las elimina, y prev\u00e9, adem\u00e1s, que aparezcan de nuevas. Paralelamente, aporta luminosidad a la zona tratada y, si se inyecta correctamente, la expresi\u00f3n facial natural se mantiene intacta.<\/p>\n<p>Es un tratamiento muy seguro cuando se aplica en condiciones higi\u00e9nico-sanitarias adecuadas, y cuando lo realizan manos expertas, sus resultados son excepcionales.<\/p>\n<p>Otro factor crucial para lograr estos magn\u00edficos resultados es utilizar una prote\u00edna de calidad. En Nexus tendr\u00e1 la seguridad de que s\u00f3lo utilizamos las tres aprobadas por las autoridades sanitarias, que indicamos e individualizamos seg\u00fan cada caso en particular.<\/p>\n<h3>Peelings<\/h3>\n<p>Permiten la renovaci\u00f3n de la superficie cut\u00e1nea hasta un determinado nivel de profundidad, seg\u00fan la situaci\u00f3n del problema a tratar.<\/p>\n<p>Los peelings qu\u00edmicos est\u00e1n especialmente indicados para los tratamientos de da\u00f1os solares leves, acn\u00e9, eliminaci\u00f3n de manchas en la piel y arrugas. En Nexus disponemos en exclusiva de un amplio abanico de estos, formulados por el laboratorio de referencia mundial en este \u00e1mbito, y los personalizamos para cada caso en particular.<\/p>\n<p>Uno de los peelings m\u00e1s\u00a0interesantes para el tratamiento de arrugas es, sin duda, y por sus resultados espectaculares, el peeling al fenol. Es un peeling para producir una exfoliaci\u00f3n profunda y est\u00e1 especialmente indicado en:<\/p>\n<ul>\n<li>Tratamiento de la piel fotoenvejecida, con da\u00f1o act\u00ednico manifiesto.<\/li>\n<li>Correcci\u00f3n de arrugas medianas y profundas.<\/li>\n<li>Algunos tipos de cicatrices.<\/li>\n<li>Melasmas.<\/li>\n<\/ul>\n<h3>L\u00e1ser<\/h3>\n<p>Tanto en la vertiente ablativa como no ablativa, disponemos de una amplia gama de l\u00e1seres, equipos de IPL M\u00e9dico y sistemas LED que nos permiten seleccionar la aparatolog\u00eda m\u00e1s adecuada, sola o combinada, para cada caso en particular. Especialmente destacables en este \u00e1mbito son:<\/p>\n<ul>\n<li>El l\u00e1ser de CO2<\/li>\n<li>El l\u00e1ser de Erbio<\/li>\n<\/ul>\n<p>Mediante estos sistemas que Nexus tiene en exclusiva en Lleida, se consiguen mejorar todas las caracter\u00edsticas de la piel, eliminar arrugas y manchas y, en definitiva, todas las se\u00f1ales que el sol y el paso del tiempo dejan en nuestra piel. Sola o en combinaci\u00f3n con alguno de los tratamientos anteriores, permiten lograr excelentes resultados.<\/p>\n<p>Para el tratamiento de arrugas finas y como preventivo de su aparici\u00f3n, se utilizan los equipos de IPL M\u00e9dico y de Fototerapia LED M\u00e9dica<\/div><\/div><\/div><\/div>\n<div class=\"sep\"><\/div>\n<div class=\"row \"><div class=\"wpv-grid grid-1-1  wpv-first-level first unextended\" style=\"padding-top:0px;padding-bottom:0px\" id=\"wpv-column-a705160b52ebb524ae841cc418a3c99e\" ><p><strong><span class=\"buscar\">Quiz\u00e1 estaba buscando:<\/span><\/strong><br \/>\n<span class=\"paraules\">Eliminaci\u00f3n arrugas Lleida, l\u00e1ser CO2 Lleida, l\u00e1ser erbio Lleida, peelings qu\u00edmicos Lleida<\/span><\/div><\/div>\n","protected":false},"excerpt":{"rendered":"<p>Implantes Consiste en la inyecci\u00f3n de una sustancia biocompatible en el interior de la arruga con la finalidad de minorarla o eliminarla. Esta t\u00e9cnica se utiliza, b\u00e1sicamente, para las indicaciones siguientes: Eliminaci\u00f3n de arrugas faciales. Perfilado y aumento de volumen y carnosidad de labios. Aumento del volumen de determinadas \u00e1reas faciales, como p\u00f3mulos o ment\u00f3n&#8230;.<\/p>\n","protected":false},"author":5,"featured_media":0,"parent":1059,"menu_order":0,"comment_status":"closed","ping_status":"closed","template":"","meta":[],"yoast_head":"<!-- This site is optimized with the Yoast SEO plugin v18.6 - https:\/\/yoast.com\/wordpress\/plugins\/seo\/ -->\n<title>Tratamiento arrugas Lleida<\/title>\n<meta name=\"description\" content=\"Nexus centro especializado en eliminaci\u00f3n de arrugas faciales, infiltraciones de arrugues-i-neuromoduladors y tratamientos en l\u00e1ser.\" \/>\n<meta name=\"robots\" content=\"index, follow, max-snippet:-1, max-image-preview:large, max-video-preview:-1\" \/>\n<link rel=\"canonical\" href=\"https:\/\/grupnexus.com\/es\/tratamientos\/medicina-estetica-facial\/arrugas\/\" \/>\n<meta property=\"og:locale\" content=\"es_ES\" \/>\n<meta property=\"og:type\" content=\"article\" \/>\n<meta property=\"og:title\" content=\"Tratamiento arrugas Lleida\" \/>\n<meta property=\"og:description\" content=\"Nexus centro especializado en eliminaci\u00f3n de arrugas faciales, infiltraciones de arrugues-i-neuromoduladors y tratamientos en l\u00e1ser.\" \/>\n<meta property=\"og:url\" content=\"https:\/\/grupnexus.com\/es\/tratamientos\/medicina-estetica-facial\/arrugas\/\" \/>\n<meta property=\"og:site_name\" content=\"Cl\u00ednica Nexus\" \/>\n<meta property=\"article:modified_time\" content=\"2024-02-19T15:58:44+00:00\" \/>\n<meta name=\"twitter:card\" content=\"summary\" \/>\n<meta name=\"twitter:label1\" content=\"Tiempo de lectura\" \/>\n\t<meta name=\"twitter:data1\" content=\"4 minutos\" \/>\n<script type=\"application\/ld+json\" class=\"yoast-schema-graph\">{\"@context\":\"https:\/\/schema.org\",\"@graph\":[{\"@type\":\"WebSite\",\"@id\":\"https:\/\/grupnexus.com\/es\/#website\",\"url\":\"https:\/\/grupnexus.com\/es\/\",\"name\":\"Cl\u00ednica Nexus\",\"description\":\"L\u00edders en Medicina Est\u00e8tica Avan\u00e7ada\",\"potentialAction\":[{\"@type\":\"SearchAction\",\"target\":{\"@type\":\"EntryPoint\",\"urlTemplate\":\"https:\/\/grupnexus.com\/es\/?s={search_term_string}\"},\"query-input\":\"required name=search_term_string\"}],\"inLanguage\":\"es\"},{\"@type\":\"WebPage\",\"@id\":\"https:\/\/grupnexus.com\/es\/tratamientos\/medicina-estetica-facial\/arrugas\/#webpage\",\"url\":\"https:\/\/grupnexus.com\/es\/tratamientos\/medicina-estetica-facial\/arrugas\/\",\"name\":\"Tratamiento arrugas Lleida\",\"isPartOf\":{\"@id\":\"https:\/\/grupnexus.com\/es\/#website\"},\"datePublished\":\"2015-02-06T06:57:01+00:00\",\"dateModified\":\"2024-02-19T15:58:44+00:00\",\"description\":\"Nexus centro especializado en eliminaci\u00f3n de arrugas faciales, infiltraciones de arrugues-i-neuromoduladors y tratamientos en l\u00e1ser.\",\"breadcrumb\":{\"@id\":\"https:\/\/grupnexus.com\/es\/tratamientos\/medicina-estetica-facial\/arrugas\/#breadcrumb\"},\"inLanguage\":\"es\",\"potentialAction\":[{\"@type\":\"ReadAction\",\"target\":[\"https:\/\/grupnexus.com\/es\/tratamientos\/medicina-estetica-facial\/arrugas\/\"]}]},{\"@type\":\"BreadcrumbList\",\"@id\":\"https:\/\/grupnexus.com\/es\/tratamientos\/medicina-estetica-facial\/arrugas\/#breadcrumb\",\"itemListElement\":[{\"@type\":\"ListItem\",\"position\":1,\"name\":\"Portada\",\"item\":\"https:\/\/grupnexus.com\/es\/\"},{\"@type\":\"ListItem\",\"position\":2,\"name\":\"Tratamientos\",\"item\":\"https:\/\/grupnexus.com\/es\/tratamientos\/\"},{\"@type\":\"ListItem\",\"position\":3,\"name\":\"Medicina est\u00e9tica facial\",\"item\":\"https:\/\/grupnexus.com\/es\/tratamientos\/medicina-estetica-facial\/\"},{\"@type\":\"ListItem\",\"position\":4,\"name\":\"Arrugas\"}]}]}<\/script>\n<!-- \/ Yoast SEO plugin. -->","yoast_head_json":{"title":"Tratamiento arrugas Lleida","description":"Nexus centro especializado en eliminaci\u00f3n de arrugas faciales, infiltraciones de arrugues-i-neuromoduladors y tratamientos en l\u00e1ser.","robots":{"index":"index","follow":"follow","max-snippet":"max-snippet:-1","max-image-preview":"max-image-preview:large","max-video-preview":"max-video-preview:-1"},"canonical":"https:\/\/grupnexus.com\/es\/tratamientos\/medicina-estetica-facial\/arrugas\/","og_locale":"es_ES","og_type":"article","og_title":"Tratamiento arrugas Lleida","og_description":"Nexus centro especializado en eliminaci\u00f3n de arrugas faciales, infiltraciones de arrugues-i-neuromoduladors y tratamientos en l\u00e1ser.","og_url":"https:\/\/grupnexus.com\/es\/tratamientos\/medicina-estetica-facial\/arrugas\/","og_site_name":"Cl\u00ednica Nexus","article_modified_time":"2024-02-19T15:58:44+00:00","twitter_card":"summary","twitter_misc":{"Tiempo de lectura":"4 minutos"},"schema":{"@context":"https:\/\/schema.org","@graph":[{"@type":"WebSite","@id":"https:\/\/grupnexus.com\/es\/#website","url":"https:\/\/grupnexus.com\/es\/","name":"Cl\u00ednica Nexus","description":"L\u00edders en Medicina Est\u00e8tica Avan\u00e7ada","potentialAction":[{"@type":"SearchAction","target":{"@type":"EntryPoint","urlTemplate":"https:\/\/grupnexus.com\/es\/?s={search_term_string}"},"query-input":"required name=search_term_string"}],"inLanguage":"es"},{"@type":"WebPage","@id":"https:\/\/grupnexus.com\/es\/tratamientos\/medicina-estetica-facial\/arrugas\/#webpage","url":"https:\/\/grupnexus.com\/es\/tratamientos\/medicina-estetica-facial\/arrugas\/","name":"Tratamiento arrugas Lleida","isPartOf":{"@id":"https:\/\/grupnexus.com\/es\/#website"},"datePublished":"2015-02-06T06:57:01+00:00","dateModified":"2024-02-19T15:58:44+00:00","description":"Nexus centro especializado en eliminaci\u00f3n de arrugas faciales, infiltraciones de arrugues-i-neuromoduladors y tratamientos en l\u00e1ser.","breadcrumb":{"@id":"https:\/\/grupnexus.com\/es\/tratamientos\/medicina-estetica-facial\/arrugas\/#breadcrumb"},"inLanguage":"es","potentialAction":[{"@type":"ReadAction","target":["https:\/\/grupnexus.com\/es\/tratamientos\/medicina-estetica-facial\/arrugas\/"]}]},{"@type":"BreadcrumbList","@id":"https:\/\/grupnexus.com\/es\/tratamientos\/medicina-estetica-facial\/arrugas\/#breadcrumb","itemListElement":[{"@type":"ListItem","position":1,"name":"Portada","item":"https:\/\/grupnexus.com\/es\/"},{"@type":"ListItem","position":2,"name":"Tratamientos","item":"https:\/\/grupnexus.com\/es\/tratamientos\/"},{"@type":"ListItem","position":3,"name":"Medicina est\u00e9tica facial","item":"https:\/\/grupnexus.com\/es\/tratamientos\/medicina-estetica-facial\/"},{"@type":"ListItem","position":4,"name":"Arrugas"}]}]}},"_links":{"self":[{"href":"https:\/\/grupnexus.com\/es\/wp-json\/wp\/v2\/pages\/1121"}],"collection":[{"href":"https:\/\/grupnexus.com\/es\/wp-json\/wp\/v2\/pages"}],"about":[{"href":"https:\/\/grupnexus.com\/es\/wp-json\/wp\/v2\/types\/page"}],"author":[{"embeddable":true,"href":"https:\/\/grupnexus.com\/es\/wp-json\/wp\/v2\/users\/5"}],"replies":[{"embeddable":true,"href":"https:\/\/grupnexus.com\/es\/wp-json\/wp\/v2\/comments?post=1121"}],"version-history":[{"count":3,"href":"https:\/\/grupnexus.com\/es\/wp-json\/wp\/v2\/pages\/1121\/revisions"}],"predecessor-version":[{"id":50379,"href":"https:\/\/grupnexus.com\/es\/wp-json\/wp\/v2\/pages\/1121\/revisions\/50379"}],"up":[{"embeddable":true,"href":"https:\/\/grupnexus.com\/es\/wp-json\/wp\/v2\/pages\/1059"}],"wp:attachment":[{"href":"https:\/\/grupnexus.com\/es\/wp-json\/wp\/v2\/media?parent=1121"}],"curies":[{"name":"wp","href":"https:\/\/api.w.org\/{rel}","templated":true}]}}