{"id":1124,"date":"2015-02-06T07:56:01","date_gmt":"2015-02-06T06:56:01","guid":{"rendered":"http:\/\/www.grupnexus.com\/tractaments\/medicina-estetica-facial\/envelliment-cutani\/"},"modified":"2016-08-18T11:57:43","modified_gmt":"2016-08-18T09:57:43","slug":"envejecimiento-cutaneo","status":"publish","type":"page","link":"https:\/\/grupnexus.com\/es\/tratamientos\/medicina-estetica-facial\/envejecimiento-cutaneo\/","title":{"rendered":"Envejecimiento cut\u00e1neo"},"content":{"rendered":"<div class=\"row \"><div class=\"wpv-grid grid-3-4  wpv-first-level first unextended\" style=\"padding-top:0px;padding-bottom:0px\" id=\"wpv-column-12b9ed08b3f07b386e0b23a2569d4ea2\" >\t\t<h2 class=\"text-divider-double\">\t\t\t\nEnvejecimiento cut\u00e1neo\t\t<\/h2>\t\t<div class=\"sep\"><\/div>\t<\/div>\n<div class=\"wpv-grid grid-1-4  wpv-first-level unextended\" style=\"padding-top:0px;padding-bottom:0px\" id=\"wpv-column-5278b91401afc6b7da37202b4c0ef68d\" ><div class=\"push\" style='height:44px'><\/div>\n<!-- Widget Shortcode --><div id=\"search-11\" class=\"widget widget_search widget-shortcode area-wpv_sidebar-tractament-est-facial-cat-left \"><form role=\"search\" method=\"get\" class=\"searchform clearfix\" action=\"https:\/\/grupnexus.com\/es\/\">\n\t<label for=\"search-text-widget\" class=\"visuallyhidden\">Search for:<\/label>\n\t<input id=\"search-text-widget\" type=\"text\" value=\"\" name=\"s\" placeholder=\"Buscar\" required=\"required\" \/>\n\t<input type=\"submit\" value=\"Buscar\" \/>\n\t\t\t<input type=\"hidden\" name=\"lang\" value=\"es\"\/>\n\t<\/form><\/div><!-- \/Widget Shortcode --><\/div><\/div>\n<div class=\"row \"><div class=\"wpv-grid grid-1-4  wpv-first-level first unextended\" style=\"padding-top:0px;padding-bottom:0px\" id=\"wpv-column-27e9d4ab39197d426c7538bb7b966f91\" ><!-- Widget Shortcode --><div id=\"nav_menu-16\" class=\"widget widget_nav_menu widget-shortcode area-wpv_sidebar-tractament-est-facial-cat-left \"><h2 class=\"widgettitle\">Medicina est\u00e9tica facial<\/h2><div class=\"menu-tratamientos-med-estetica-fac-es-container\"><ul id=\"menu-tratamientos-med-estetica-fac-es\" class=\"menu\"><li id=\"menu-item-9589\" class=\"menu-item menu-item-type-post_type menu-item-object-page menu-item-9589\"><a href=\"https:\/\/grupnexus.com\/es\/tratamientos\/medicina-estetica-facial\/acne\/\">Acn\u00e9<\/a><\/li>\n<li id=\"menu-item-9590\" class=\"menu-item menu-item-type-post_type menu-item-object-page menu-item-9590\"><a href=\"https:\/\/grupnexus.com\/es\/tratamientos\/medicina-estetica-facial\/arrugas\/\">Arrugas<\/a><\/li>\n<li id=\"menu-item-9591\" class=\"menu-item menu-item-type-post_type menu-item-object-page menu-item-9591\"><a href=\"https:\/\/grupnexus.com\/es\/tratamientos\/medicina-estetica-facial\/cicatrices\/\">Cicatrices<\/a><\/li>\n<li id=\"menu-item-9592\" class=\"menu-item menu-item-type-post_type menu-item-object-page menu-item-9592\"><a href=\"https:\/\/grupnexus.com\/es\/tratamientos\/medicina-estetica-facial\/consulta-dermoestetica\/\">Consulta dermoest\u00e9tica<\/a><\/li>\n<li id=\"menu-item-9593\" class=\"menu-item menu-item-type-post_type menu-item-object-page menu-item-9593\"><a href=\"https:\/\/grupnexus.com\/es\/tratamientos\/medicina-estetica-facial\/envejecimiento-cutaneo\/\">Envejecimiento cut\u00e1neo<\/a><\/li>\n<li id=\"menu-item-9594\" class=\"menu-item menu-item-type-post_type menu-item-object-page menu-item-9594\"><a href=\"https:\/\/grupnexus.com\/es\/tratamientos\/medicina-estetica-facial\/flacidez\/\">Flacidez<\/a><\/li>\n<li id=\"menu-item-9595\" class=\"menu-item menu-item-type-post_type menu-item-object-page menu-item-9595\"><a href=\"https:\/\/grupnexus.com\/es\/tratamientos\/medicina-estetica-facial\/lesiones-dermatologicas\/\">Lesiones dermatol\u00f3gicas<\/a><\/li>\n<li id=\"menu-item-9597\" class=\"menu-item menu-item-type-post_type menu-item-object-page menu-item-9597\"><a href=\"https:\/\/grupnexus.com\/es\/tratamientos\/medicina-estetica-facial\/mejora-textura-y-luminosidad-de-piel\/\">Mejora textura y luminosidad de piel<\/a><\/li>\n<li id=\"menu-item-9588\" class=\"menu-item menu-item-type-post_type menu-item-object-page menu-item-9588\"><a href=\"https:\/\/grupnexus.com\/es\/tratamientos\/medicina-estetica-facial\/poro-dilatado\/\">Poro dilatado<\/a><\/li>\n<li id=\"menu-item-9598\" class=\"menu-item menu-item-type-post_type menu-item-object-page menu-item-9598\"><a href=\"https:\/\/grupnexus.com\/es\/tratamientos\/medicina-estetica-facial\/reestructuracion-volumenes\/\">Reestructuraci\u00f3n vol\u00famenes<\/a><\/li>\n<li id=\"menu-item-9596\" class=\"menu-item menu-item-type-post_type menu-item-object-page menu-item-9596\"><a href=\"https:\/\/grupnexus.com\/es\/tratamientos\/medicina-estetica-facial\/manchas\/\">Manchas<\/a><\/li>\n<li id=\"menu-item-9599\" class=\"menu-item menu-item-type-post_type menu-item-object-page menu-item-9599\"><a href=\"https:\/\/grupnexus.com\/es\/tratamientos\/medicina-estetica-facial\/tratamientos-combinados\/\">Tratamientos combinados<\/a><\/li>\n<\/ul><\/div><\/div><!-- \/Widget Shortcode --><\/div>\n<div class=\"wpv-grid grid-3-4  wpv-first-level unextended\" style=\"padding-top:0px;padding-bottom:0px\" id=\"wpv-column-81b0ba0b9de87baf082a627be6d5a2aa\" ><p><img loading=\"lazy\" class=\"alignleft wp-image-584 \" src=\"https:\/\/grupnexus.com\/wp-content\/uploads\/Tractaments_MedicinaEsteticaFacial_EnvellimentCutani-e1453077030215.jpeg\" alt=\"Envejecimiento cut\u00e1neo Lleida\" width=\"479\" height=\"295\" srcset=\"https:\/\/grupnexus.com\/wp-content\/uploads\/Tractaments_MedicinaEsteticaFacial_EnvellimentCutani-e1453077030215.jpeg 422w, https:\/\/grupnexus.com\/wp-content\/uploads\/Tractaments_MedicinaEsteticaFacial_EnvellimentCutani-e1453077030215-300x185.jpeg 300w, https:\/\/grupnexus.com\/wp-content\/uploads\/Tractaments_MedicinaEsteticaFacial_EnvellimentCutani-e1453077030215-360x222.jpeg 360w, https:\/\/grupnexus.com\/wp-content\/uploads\/Tractaments_MedicinaEsteticaFacial_EnvellimentCutani-e1453077030215-262x161.jpeg 262w\" sizes=\"(max-width: 479px) 100vw, 479px\" \/><\/p>\n<div class=\"row \"><div class=\"wpv-grid grid-1-1  first unextended\" style=\"padding-top:0px;padding-bottom:0px\" id=\"wpv-column-4231f4463982fd47bf0dd9bb7dedfbc7\" ><h3>Mesoterapia<\/h3>\n<p>La mesoterapia facial es una t\u00e9cnica de rejuvenecimiento que tonifica y revitaliza el rostro, el cuello y el escote mediante peque\u00f1as infiltraciones de soluciones biol\u00f3gicas a dosis muy bajas.<\/p>\n<p>Estas soluciones contienen vitaminas, amino\u00e1cidos y minerales que act\u00faan estimulando distintos procesos metab\u00f3licos de la piel.<\/p>\n<p>Permite combinarla sin problemas con otras t\u00e9cnicas y tratamientos antienvejecimiento cut\u00e1neo.<\/p>\n<h3>Biorrevitalizaci\u00f3n<\/h3>\n<p>La biorrevitalizaci\u00f3n rejuvenece la piel, la hidrata y mejora su tono y elasticidad. Esto se consigue mediante microinyecciones d\u00e9rmicas de \u00e1cido hialur\u00f3nico, que, aparte de su poder antioxidante, estimula tambi\u00e9n la producci\u00f3n de col\u00e1geno y elastina. Con esta t\u00e9cnica se puede tratar la piel envejecida de la cara, el cuello, el escote y las manos. Especialmente indicada en personas que toman mucho el sol y\/o fumadores.<\/p>\n<p>Por sus efectos casi inmediatos, Nexus ha dise\u00f1ado un\u00a0tratamiento \u201cFlash\u201d basado en esta t\u00e9cnica.<\/p>\n<h3>Implantes<\/h3>\n<p>Esta t\u00e9cnica se utiliza, b\u00e1sicamente, para las indicaciones siguientes:<\/p>\n<ul>\n<li>Eliminaci\u00f3n de arrugas faciales.<\/li>\n<li>Perfilado, aumento de volumen y carnosidad de labios.<\/li>\n<li>Aumento del volumen de determinadas \u00e1reas faciales, como p\u00f3mulos o ment\u00f3n.<\/li>\n<li>Correcci\u00f3n de ciertos tipos de cicatrices.<\/li>\n<li>Correcci\u00f3n de surcos nasogenianos profundos y comisuras labiales marcadas.<\/li>\n<li>Asimetr\u00edas faciales.<\/li>\n<li>Atrofias faciales.<\/li>\n<\/ul>\n<p>Nuestros implantes disponen de una alta compatibilidad y seguridad, no requieren test de alergia previo y ofrecen la posibilidad de combinarlos con otras t\u00e9cnicas antienvejecimiento.<\/p>\n<h3>PRP<\/h3>\n<p>El Plasma Rico en Factores de Crecimiento es una innovadora y efectiva t\u00e9cnica para rejuvenecer la piel mediante la infiltraci\u00f3n de los factores de crecimiento epid\u00e9rmico propios que est\u00e1n presentes en la sangre. Produce una atenuaci\u00f3n general de las arrugas, una mejora del tono y la textura de la piel, y, a su vez, un notable efecto lifting. Los resultados se aprecian ya a las 24 horas y van en aumento en los d\u00edas posteriores y en el transcurso de las sesiones.<\/p>\n<p>Muy indicado a partir de los 35 a\u00f1os preventivamente, y a partir de los 45 con finalidad regenerativa y correctiva.<\/p>\n<h3>Peelings<\/h3>\n<p>Permiten la renovaci\u00f3n de la superficie cut\u00e1nea hasta un determinado nivel de profundidad, seg\u00fan la situaci\u00f3n del problema a tratar.<\/p>\n<p>Los peelings qu\u00edmicos est\u00e1n especialmente indicados para los tratamientos de da\u00f1os solares leves, acn\u00e9, eliminaci\u00f3n de manchas en la piel y arrugas.<\/p>\n<ul>\n<li>Peeling despigmentante: es de gran eficacia en todo tipo de manchas mel\u00e1nicas, ya que las mejora en un 95% de los casos.<\/li>\n<li>Peeling por desecaci\u00f3n: renovaci\u00f3n integral de la capa epid\u00e9rmica. Mejora la calidad y la textura de la piel. Disminuye y elimina cicatrices.<\/li>\n<li>Peeling al fenol: peeling para producir una exfoliaci\u00f3n profunda. Especialmente indicado en:\n<ul>\n<li>Tratamiento de la piel fotoenvejecida, con da\u00f1o act\u00ednico manifiesto.<\/li>\n<li>Correcci\u00f3n de arrugas medianas y profundas.<\/li>\n<li>Algunos tipos de cicatrices.<\/li>\n<li>Melasmas.<\/li>\n<\/ul>\n<\/li>\n<\/ul>\n<h3>Fototerapia<\/h3>\n<p>Tanto en la vertiente ablativa como no ablativa, disponemos de una amplia gama de l\u00e1seres, equipos de IPL M\u00e9dico y sistemas LED que nos permiten seleccionar la aparatolog\u00eda m\u00e1s adecuada, sola o combinada, para cada caso en particular. Especialmente destacable en este \u00e1mbito es nuestro tratamiento exclusivo con Fototerapia LED y Terapia Fotodin\u00e1mica (TFD) para el acn\u00e9.<\/p>\n<p>Mediante estos sistemas se consigue mejorar todas las caracter\u00edsticas de la piel, eliminar arrugas y manchas y, en definitiva, todas las se\u00f1ales que el sol y el paso del tiempo dejan en nuestra piel. Sola o en combinaci\u00f3n con alguno de los tratamientos anteriores, permiten lograr excelentes resultados.<\/div><\/div><\/div><\/div>\n<div class=\"sep\"><\/div>\n<div class=\"row \"><div class=\"wpv-grid grid-1-1  wpv-first-level first unextended\" style=\"padding-top:0px;padding-bottom:0px\" id=\"wpv-column-a3679711c75996627f87d3282e13b686\" ><p><strong><span class=\"buscar\">Quiz\u00e1 estaba buscando:<\/span><\/strong><br \/>\n<span class=\"paraules\">Mesoterapia facial Lleida, Biorevitalizaci\u00f3n Lleida, tratamientos \u00e1cido hialur\u00f3nico Lleida, eliminaci\u00f3n arrugas faciales Lleida, tonificar rostro Lleida, PRP Lleida, lifting Lleida, Peeling Lleida, fototerapia LED Lleida, tratamiento antienvejecimiento Lleida<\/span><\/div><\/div>\n","protected":false},"excerpt":{"rendered":"<p>Mesoterapia La mesoterapia facial es una t\u00e9cnica de rejuvenecimiento que tonifica y revitaliza el rostro, el cuello y el escote mediante peque\u00f1as infiltraciones de soluciones biol\u00f3gicas a dosis muy bajas. Estas soluciones contienen vitaminas, amino\u00e1cidos y minerales que act\u00faan estimulando distintos procesos metab\u00f3licos de la piel. Permite combinarla sin problemas con otras t\u00e9cnicas y tratamientos&#8230;<\/p>\n","protected":false},"author":5,"featured_media":0,"parent":1059,"menu_order":0,"comment_status":"closed","ping_status":"closed","template":"","meta":[],"yoast_head":"<!-- This site is optimized with the Yoast SEO plugin v18.6 - https:\/\/yoast.com\/wordpress\/plugins\/seo\/ -->\n<title>\u00c1cido Hialur\u00f3nico Lleida<\/title>\n<meta name=\"description\" content=\"Mesoterapia facial y Biorrevitalizaci\u00f3n para rejuvenecer tu piel. Tratamientos con \u00e1cido hialur\u00f3nico en Nexus.\" \/>\n<meta name=\"robots\" content=\"index, follow, max-snippet:-1, max-image-preview:large, max-video-preview:-1\" \/>\n<link rel=\"canonical\" href=\"https:\/\/grupnexus.com\/es\/tratamientos\/medicina-estetica-facial\/envejecimiento-cutaneo\/\" \/>\n<meta property=\"og:locale\" content=\"es_ES\" \/>\n<meta property=\"og:type\" content=\"article\" \/>\n<meta property=\"og:title\" content=\"\u00c1cido Hialur\u00f3nico Lleida\" \/>\n<meta property=\"og:description\" content=\"Mesoterapia facial y Biorrevitalizaci\u00f3n para rejuvenecer tu piel. Tratamientos con \u00e1cido hialur\u00f3nico en Nexus.\" \/>\n<meta property=\"og:url\" content=\"https:\/\/grupnexus.com\/es\/tratamientos\/medicina-estetica-facial\/envejecimiento-cutaneo\/\" \/>\n<meta property=\"og:site_name\" content=\"Cl\u00ednica Nexus\" \/>\n<meta property=\"article:modified_time\" content=\"2016-08-18T09:57:43+00:00\" \/>\n<meta property=\"og:image\" content=\"https:\/\/grupnexus.com\/wp-content\/uploads\/Tractaments_MedicinaEsteticaFacial_EnvellimentCutani-e1453077030215.jpeg\" \/>\n<meta name=\"twitter:card\" content=\"summary\" \/>\n<meta name=\"twitter:label1\" content=\"Tiempo de lectura\" \/>\n\t<meta name=\"twitter:data1\" content=\"5 minutos\" \/>\n<script type=\"application\/ld+json\" class=\"yoast-schema-graph\">{\"@context\":\"https:\/\/schema.org\",\"@graph\":[{\"@type\":\"WebSite\",\"@id\":\"https:\/\/grupnexus.com\/es\/#website\",\"url\":\"https:\/\/grupnexus.com\/es\/\",\"name\":\"Cl\u00ednica Nexus\",\"description\":\"L\u00edders en Medicina Est\u00e8tica Avan\u00e7ada\",\"potentialAction\":[{\"@type\":\"SearchAction\",\"target\":{\"@type\":\"EntryPoint\",\"urlTemplate\":\"https:\/\/grupnexus.com\/es\/?s={search_term_string}\"},\"query-input\":\"required name=search_term_string\"}],\"inLanguage\":\"es\"},{\"@type\":\"ImageObject\",\"@id\":\"https:\/\/grupnexus.com\/es\/tratamientos\/medicina-estetica-facial\/envejecimiento-cutaneo\/#primaryimage\",\"inLanguage\":\"es\",\"url\":\"https:\/\/grupnexus.com\/wp-content\/uploads\/Tractaments_MedicinaEsteticaFacial_EnvellimentCutani-e1453077030215.jpeg\",\"contentUrl\":\"https:\/\/grupnexus.com\/wp-content\/uploads\/Tractaments_MedicinaEsteticaFacial_EnvellimentCutani-e1453077030215.jpeg\",\"width\":422,\"height\":260},{\"@type\":\"WebPage\",\"@id\":\"https:\/\/grupnexus.com\/es\/tratamientos\/medicina-estetica-facial\/envejecimiento-cutaneo\/#webpage\",\"url\":\"https:\/\/grupnexus.com\/es\/tratamientos\/medicina-estetica-facial\/envejecimiento-cutaneo\/\",\"name\":\"\u00c1cido Hialur\u00f3nico Lleida\",\"isPartOf\":{\"@id\":\"https:\/\/grupnexus.com\/es\/#website\"},\"primaryImageOfPage\":{\"@id\":\"https:\/\/grupnexus.com\/es\/tratamientos\/medicina-estetica-facial\/envejecimiento-cutaneo\/#primaryimage\"},\"datePublished\":\"2015-02-06T06:56:01+00:00\",\"dateModified\":\"2016-08-18T09:57:43+00:00\",\"description\":\"Mesoterapia facial y Biorrevitalizaci\u00f3n para rejuvenecer tu piel. Tratamientos con \u00e1cido hialur\u00f3nico en Nexus.\",\"breadcrumb\":{\"@id\":\"https:\/\/grupnexus.com\/es\/tratamientos\/medicina-estetica-facial\/envejecimiento-cutaneo\/#breadcrumb\"},\"inLanguage\":\"es\",\"potentialAction\":[{\"@type\":\"ReadAction\",\"target\":[\"https:\/\/grupnexus.com\/es\/tratamientos\/medicina-estetica-facial\/envejecimiento-cutaneo\/\"]}]},{\"@type\":\"BreadcrumbList\",\"@id\":\"https:\/\/grupnexus.com\/es\/tratamientos\/medicina-estetica-facial\/envejecimiento-cutaneo\/#breadcrumb\",\"itemListElement\":[{\"@type\":\"ListItem\",\"position\":1,\"name\":\"Portada\",\"item\":\"https:\/\/grupnexus.com\/es\/\"},{\"@type\":\"ListItem\",\"position\":2,\"name\":\"Tratamientos\",\"item\":\"https:\/\/grupnexus.com\/es\/tratamientos\/\"},{\"@type\":\"ListItem\",\"position\":3,\"name\":\"Medicina est\u00e9tica facial\",\"item\":\"https:\/\/grupnexus.com\/es\/tratamientos\/medicina-estetica-facial\/\"},{\"@type\":\"ListItem\",\"position\":4,\"name\":\"Envejecimiento cut\u00e1neo\"}]}]}<\/script>\n<!-- \/ Yoast SEO plugin. -->","yoast_head_json":{"title":"\u00c1cido Hialur\u00f3nico Lleida","description":"Mesoterapia facial y Biorrevitalizaci\u00f3n para rejuvenecer tu piel. Tratamientos con \u00e1cido hialur\u00f3nico en Nexus.","robots":{"index":"index","follow":"follow","max-snippet":"max-snippet:-1","max-image-preview":"max-image-preview:large","max-video-preview":"max-video-preview:-1"},"canonical":"https:\/\/grupnexus.com\/es\/tratamientos\/medicina-estetica-facial\/envejecimiento-cutaneo\/","og_locale":"es_ES","og_type":"article","og_title":"\u00c1cido Hialur\u00f3nico Lleida","og_description":"Mesoterapia facial y Biorrevitalizaci\u00f3n para rejuvenecer tu piel. Tratamientos con \u00e1cido hialur\u00f3nico en Nexus.","og_url":"https:\/\/grupnexus.com\/es\/tratamientos\/medicina-estetica-facial\/envejecimiento-cutaneo\/","og_site_name":"Cl\u00ednica Nexus","article_modified_time":"2016-08-18T09:57:43+00:00","og_image":[{"url":"https:\/\/grupnexus.com\/wp-content\/uploads\/Tractaments_MedicinaEsteticaFacial_EnvellimentCutani-e1453077030215.jpeg"}],"twitter_card":"summary","twitter_misc":{"Tiempo de lectura":"5 minutos"},"schema":{"@context":"https:\/\/schema.org","@graph":[{"@type":"WebSite","@id":"https:\/\/grupnexus.com\/es\/#website","url":"https:\/\/grupnexus.com\/es\/","name":"Cl\u00ednica Nexus","description":"L\u00edders en Medicina Est\u00e8tica Avan\u00e7ada","potentialAction":[{"@type":"SearchAction","target":{"@type":"EntryPoint","urlTemplate":"https:\/\/grupnexus.com\/es\/?s={search_term_string}"},"query-input":"required name=search_term_string"}],"inLanguage":"es"},{"@type":"ImageObject","@id":"https:\/\/grupnexus.com\/es\/tratamientos\/medicina-estetica-facial\/envejecimiento-cutaneo\/#primaryimage","inLanguage":"es","url":"https:\/\/grupnexus.com\/wp-content\/uploads\/Tractaments_MedicinaEsteticaFacial_EnvellimentCutani-e1453077030215.jpeg","contentUrl":"https:\/\/grupnexus.com\/wp-content\/uploads\/Tractaments_MedicinaEsteticaFacial_EnvellimentCutani-e1453077030215.jpeg","width":422,"height":260},{"@type":"WebPage","@id":"https:\/\/grupnexus.com\/es\/tratamientos\/medicina-estetica-facial\/envejecimiento-cutaneo\/#webpage","url":"https:\/\/grupnexus.com\/es\/tratamientos\/medicina-estetica-facial\/envejecimiento-cutaneo\/","name":"\u00c1cido Hialur\u00f3nico Lleida","isPartOf":{"@id":"https:\/\/grupnexus.com\/es\/#website"},"primaryImageOfPage":{"@id":"https:\/\/grupnexus.com\/es\/tratamientos\/medicina-estetica-facial\/envejecimiento-cutaneo\/#primaryimage"},"datePublished":"2015-02-06T06:56:01+00:00","dateModified":"2016-08-18T09:57:43+00:00","description":"Mesoterapia facial y Biorrevitalizaci\u00f3n para rejuvenecer tu piel. Tratamientos con \u00e1cido hialur\u00f3nico en Nexus.","breadcrumb":{"@id":"https:\/\/grupnexus.com\/es\/tratamientos\/medicina-estetica-facial\/envejecimiento-cutaneo\/#breadcrumb"},"inLanguage":"es","potentialAction":[{"@type":"ReadAction","target":["https:\/\/grupnexus.com\/es\/tratamientos\/medicina-estetica-facial\/envejecimiento-cutaneo\/"]}]},{"@type":"BreadcrumbList","@id":"https:\/\/grupnexus.com\/es\/tratamientos\/medicina-estetica-facial\/envejecimiento-cutaneo\/#breadcrumb","itemListElement":[{"@type":"ListItem","position":1,"name":"Portada","item":"https:\/\/grupnexus.com\/es\/"},{"@type":"ListItem","position":2,"name":"Tratamientos","item":"https:\/\/grupnexus.com\/es\/tratamientos\/"},{"@type":"ListItem","position":3,"name":"Medicina est\u00e9tica facial","item":"https:\/\/grupnexus.com\/es\/tratamientos\/medicina-estetica-facial\/"},{"@type":"ListItem","position":4,"name":"Envejecimiento cut\u00e1neo"}]}]}},"_links":{"self":[{"href":"https:\/\/grupnexus.com\/es\/wp-json\/wp\/v2\/pages\/1124"}],"collection":[{"href":"https:\/\/grupnexus.com\/es\/wp-json\/wp\/v2\/pages"}],"about":[{"href":"https:\/\/grupnexus.com\/es\/wp-json\/wp\/v2\/types\/page"}],"author":[{"embeddable":true,"href":"https:\/\/grupnexus.com\/es\/wp-json\/wp\/v2\/users\/5"}],"replies":[{"embeddable":true,"href":"https:\/\/grupnexus.com\/es\/wp-json\/wp\/v2\/comments?post=1124"}],"version-history":[{"count":0,"href":"https:\/\/grupnexus.com\/es\/wp-json\/wp\/v2\/pages\/1124\/revisions"}],"up":[{"embeddable":true,"href":"https:\/\/grupnexus.com\/es\/wp-json\/wp\/v2\/pages\/1059"}],"wp:attachment":[{"href":"https:\/\/grupnexus.com\/es\/wp-json\/wp\/v2\/media?parent=1124"}],"curies":[{"name":"wp","href":"https:\/\/api.w.org\/{rel}","templated":true}]}}