{"id":1125,"date":"2015-02-06T07:57:14","date_gmt":"2015-02-06T06:57:14","guid":{"rendered":"http:\/\/www.grupnexus.com\/tractaments\/medicina-estetica-facial\/flacciditat\/"},"modified":"2019-11-05T12:28:46","modified_gmt":"2019-11-05T10:28:46","slug":"flacidez","status":"publish","type":"page","link":"https:\/\/grupnexus.com\/es\/tratamientos\/medicina-estetica-facial\/flacidez\/","title":{"rendered":"Flacidez"},"content":{"rendered":"<div class=\"row \"><div class=\"wpv-grid grid-3-4  wpv-first-level first unextended\" style=\"padding-top:0px;padding-bottom:0px\" id=\"wpv-column-e08bf09cde6b1c22e8111523650ef58a\" >\t\t<h2 class=\"text-divider-double\">\t\t\t\nFlacidez\t\t<\/h2>\t\t<div class=\"sep\"><\/div>\t<\/div>\n<div class=\"wpv-grid grid-1-4  wpv-first-level unextended\" style=\"padding-top:0px;padding-bottom:0px\" id=\"wpv-column-06eff08012b3cd9e88ed428abaf17781\" ><div class=\"push\" style='height:44px'><\/div>\n<!-- Widget Shortcode --><div id=\"search-11\" class=\"widget widget_search widget-shortcode area-wpv_sidebar-tractament-est-facial-cat-left \"><form role=\"search\" method=\"get\" class=\"searchform clearfix\" action=\"https:\/\/grupnexus.com\/es\/\">\n\t<label for=\"search-text-widget\" class=\"visuallyhidden\">Search for:<\/label>\n\t<input id=\"search-text-widget\" type=\"text\" value=\"\" name=\"s\" placeholder=\"Buscar\" required=\"required\" \/>\n\t<input type=\"submit\" value=\"Buscar\" \/>\n\t\t\t<input type=\"hidden\" name=\"lang\" value=\"es\"\/>\n\t<\/form><\/div><!-- \/Widget Shortcode --><\/div><\/div>\n<div class=\"row \"><div class=\"wpv-grid grid-1-4  wpv-first-level first unextended\" style=\"padding-top:0px;padding-bottom:0px\" id=\"wpv-column-4f471f12818218c1fe39b1c1fdb563fa\" ><!-- Widget Shortcode --><div id=\"nav_menu-16\" class=\"widget widget_nav_menu widget-shortcode area-wpv_sidebar-tractament-est-facial-cat-left \"><h2 class=\"widgettitle\">Medicina est\u00e9tica facial<\/h2><div class=\"menu-tratamientos-med-estetica-fac-es-container\"><ul id=\"menu-tratamientos-med-estetica-fac-es\" class=\"menu\"><li id=\"menu-item-9589\" class=\"menu-item menu-item-type-post_type menu-item-object-page menu-item-9589\"><a href=\"https:\/\/grupnexus.com\/es\/tratamientos\/medicina-estetica-facial\/acne\/\">Acn\u00e9<\/a><\/li>\n<li id=\"menu-item-9590\" class=\"menu-item menu-item-type-post_type menu-item-object-page menu-item-9590\"><a href=\"https:\/\/grupnexus.com\/es\/tratamientos\/medicina-estetica-facial\/arrugas\/\">Arrugas<\/a><\/li>\n<li id=\"menu-item-9591\" class=\"menu-item menu-item-type-post_type menu-item-object-page menu-item-9591\"><a href=\"https:\/\/grupnexus.com\/es\/tratamientos\/medicina-estetica-facial\/cicatrices\/\">Cicatrices<\/a><\/li>\n<li id=\"menu-item-9592\" class=\"menu-item menu-item-type-post_type menu-item-object-page menu-item-9592\"><a href=\"https:\/\/grupnexus.com\/es\/tratamientos\/medicina-estetica-facial\/consulta-dermoestetica\/\">Consulta dermoest\u00e9tica<\/a><\/li>\n<li id=\"menu-item-9593\" class=\"menu-item menu-item-type-post_type menu-item-object-page menu-item-9593\"><a href=\"https:\/\/grupnexus.com\/es\/tratamientos\/medicina-estetica-facial\/envejecimiento-cutaneo\/\">Envejecimiento cut\u00e1neo<\/a><\/li>\n<li id=\"menu-item-9594\" class=\"menu-item menu-item-type-post_type menu-item-object-page menu-item-9594\"><a href=\"https:\/\/grupnexus.com\/es\/tratamientos\/medicina-estetica-facial\/flacidez\/\">Flacidez<\/a><\/li>\n<li id=\"menu-item-9595\" class=\"menu-item menu-item-type-post_type menu-item-object-page menu-item-9595\"><a href=\"https:\/\/grupnexus.com\/es\/tratamientos\/medicina-estetica-facial\/lesiones-dermatologicas\/\">Lesiones dermatol\u00f3gicas<\/a><\/li>\n<li id=\"menu-item-9597\" class=\"menu-item menu-item-type-post_type menu-item-object-page menu-item-9597\"><a href=\"https:\/\/grupnexus.com\/es\/tratamientos\/medicina-estetica-facial\/mejora-textura-y-luminosidad-de-piel\/\">Mejora textura y luminosidad de piel<\/a><\/li>\n<li id=\"menu-item-9588\" class=\"menu-item menu-item-type-post_type menu-item-object-page menu-item-9588\"><a href=\"https:\/\/grupnexus.com\/es\/tratamientos\/medicina-estetica-facial\/poro-dilatado\/\">Poro dilatado<\/a><\/li>\n<li id=\"menu-item-9598\" class=\"menu-item menu-item-type-post_type menu-item-object-page menu-item-9598\"><a href=\"https:\/\/grupnexus.com\/es\/tratamientos\/medicina-estetica-facial\/reestructuracion-volumenes\/\">Reestructuraci\u00f3n vol\u00famenes<\/a><\/li>\n<li id=\"menu-item-9596\" class=\"menu-item menu-item-type-post_type menu-item-object-page menu-item-9596\"><a href=\"https:\/\/grupnexus.com\/es\/tratamientos\/medicina-estetica-facial\/manchas\/\">Manchas<\/a><\/li>\n<li id=\"menu-item-9599\" class=\"menu-item menu-item-type-post_type menu-item-object-page menu-item-9599\"><a href=\"https:\/\/grupnexus.com\/es\/tratamientos\/medicina-estetica-facial\/tratamientos-combinados\/\">Tratamientos combinados<\/a><\/li>\n<\/ul><\/div><\/div><!-- \/Widget Shortcode --><\/div>\n<div class=\"wpv-grid grid-3-4  wpv-first-level unextended\" style=\"padding-top:0px;padding-bottom:0px\" id=\"wpv-column-c265a746b09c5dbc832b0e624bba1e93\" ><p><img loading=\"lazy\" class=\"alignleft size-full wp-image-586\" src=\"\/wp-content\/uploads\/Tractaments_MedicinaEsteticaFacial_Flacciditat.jpg\" alt=\"Flacidez\" width=\"650\" height=\"400\" srcset=\"https:\/\/grupnexus.com\/wp-content\/uploads\/Tractaments_MedicinaEsteticaFacial_Flacciditat.jpg 650w, https:\/\/grupnexus.com\/wp-content\/uploads\/Tractaments_MedicinaEsteticaFacial_Flacciditat-510x314.jpg 510w, https:\/\/grupnexus.com\/wp-content\/uploads\/Tractaments_MedicinaEsteticaFacial_Flacciditat-300x185.jpg 300w\" sizes=\"(max-width: 650px) 100vw, 650px\" \/><\/p>\n<div class=\"row \"><div class=\"wpv-grid grid-1-1  first unextended\" style=\"padding-top:0px;padding-bottom:0px\" id=\"wpv-column-725e0fa62fd8bdbd5f761c474fdb1a37\" ><h3>Mesoterapia<\/h3>\n<p>La mesoterapia facial es una t\u00e9cnica de rejuvenecimiento que tonifica y revitaliza el rostro, el cuello y el escote mediante peque\u00f1as infiltraciones de soluciones biol\u00f3gicas a dosis muy bajas.<\/p>\n<p>Estas soluciones contienen vitaminas, amino\u00e1cidos y minerales que act\u00faan estimulando distintos procesos metab\u00f3licos de la piel.<\/p>\n<p>Permite combinarla sin problemas con otras t\u00e9cnicas y tratamientos antienvejecimiento cut\u00e1neo.<\/p>\n<h3>Biorevitalizaci\u00f3n<\/h3>\n<p>Para una piel excelente.<\/p>\n<p>La biorevitalizaci\u00f3n rejuvenece la piel, la hidrata y mejora su tono y elasticidad. Con esta t\u00e9cnica se puede tratar la piel envejecida de la cara, el cuello, el escote y las manos.<\/p>\n<h3>Atlean<br \/>\nThermage<br \/>\nFototerapia<\/h3>\n<p>Tanto en la vertiente ablativa como no ablativa, disponemos de una amplia gama de l\u00e1seres, equipos de IPL M\u00e9dico y sistemas LED que nos permiten seleccionar la aparatolog\u00eda m\u00e1s adecuada, sola o combinada, para cada caso en particular. Especialmente destacable en este \u00e1mbito es nuestro tratamiento exclusivo con Fototerapia LED y Terapia Fotodin\u00e1mica (TFD) para el acn\u00e9.<\/p>\n<p>Mediante estos sistemas se consigue mejorar todas las caracter\u00edsticas de la piel, eliminar arrugas y manchas y, en definitiva, todas las se\u00f1ales que el sol y el paso del tiempo dejan en nuestra piel. Sola o en combinaci\u00f3n con alguno de los tratamientos anteriores, permiten lograr excelentes resultados.<\/p>\n<h3>Hidroxiapatita C\u00e1lcica<\/h3>\n<p>La HC o Hidroxiapatita C\u00e1lcica es uno de los grandes avances de la medicina est\u00e9tica para reposicionar vol\u00famenes del rostro y conseguir un aspecto terso, firme y m\u00e1s joven.<\/p>\n<p>Estimulay genera el col\u00e1geno natural, y retrae los tejidos provocando un lifting inmediato y duradero de la zona tratada, sin necesidad de cirug\u00eda.<\/p>\n<p><a href=\"https:\/\/grupnexus.com\/es\/biorestauracion-hc-antiflacidez-facial-i-corporal\/\" target=\"_blank\" rel=\"noopener noreferrer\">M\u00e1s informaci\u00f3n<\/a><\/div><\/div><\/div><\/div>\n<div class=\"sep\"><\/div>\n<div class=\"row \"><div class=\"wpv-grid grid-1-1  wpv-first-level first unextended\" style=\"padding-top:0px;padding-bottom:0px\" id=\"wpv-column-51b45fbca57875e43e4b682fe2c14963\" ><p><strong><span class=\"buscar\">Quiz\u00e1 estaba buscando:<\/span><\/strong><br \/>\n<span class=\"paraules\">Mejorar elasticidad piel Lleida, tonificar cara Lleida, hilos tensores Lleida, tratamiento antienvejecimiento Lleida, fototerapia Lleida, eliminar arrugas cara Lleida, eliminar manchas cara Lleida<\/span><\/div><\/div>\n","protected":false},"excerpt":{"rendered":"<p>Mesoterapia La mesoterapia facial es una t\u00e9cnica de rejuvenecimiento que tonifica y revitaliza el rostro, el cuello y el escote mediante peque\u00f1as infiltraciones de soluciones biol\u00f3gicas a dosis muy bajas. Estas soluciones contienen vitaminas, amino\u00e1cidos y minerales que act\u00faan estimulando distintos procesos metab\u00f3licos de la piel. Permite combinarla sin problemas con otras t\u00e9cnicas y tratamientos&#8230;<\/p>\n","protected":false},"author":5,"featured_media":0,"parent":1059,"menu_order":0,"comment_status":"closed","ping_status":"closed","template":"","meta":[],"yoast_head":"<!-- This site is optimized with the Yoast SEO plugin v18.6 - https:\/\/yoast.com\/wordpress\/plugins\/seo\/ -->\n<title>Hilos tensores y flacidez facial Lleida<\/title>\n<meta name=\"description\" content=\"Mesoterapia facial y Biorevitalizaci\u00f3n para mejorar el tono y la elasticidad de tu piel. Rejuvenece en Nexus.\" \/>\n<meta name=\"robots\" content=\"index, follow, max-snippet:-1, max-image-preview:large, max-video-preview:-1\" \/>\n<link rel=\"canonical\" href=\"https:\/\/grupnexus.com\/es\/tratamientos\/medicina-estetica-facial\/flacidez\/\" \/>\n<meta property=\"og:locale\" content=\"es_ES\" \/>\n<meta property=\"og:type\" content=\"article\" \/>\n<meta property=\"og:title\" content=\"Hilos tensores y flacidez facial Lleida\" \/>\n<meta property=\"og:description\" content=\"Mesoterapia facial y Biorevitalizaci\u00f3n para mejorar el tono y la elasticidad de tu piel. Rejuvenece en Nexus.\" \/>\n<meta property=\"og:url\" content=\"https:\/\/grupnexus.com\/es\/tratamientos\/medicina-estetica-facial\/flacidez\/\" \/>\n<meta property=\"og:site_name\" content=\"Cl\u00ednica Nexus\" \/>\n<meta property=\"article:modified_time\" content=\"2019-11-05T10:28:46+00:00\" \/>\n<meta property=\"og:image\" content=\"https:\/\/grupnexus.com\/wp-content\/uploads\/Tractaments_MedicinaEsteticaFacial_Flacciditat.jpg\" \/>\n<meta name=\"twitter:card\" content=\"summary\" \/>\n<meta name=\"twitter:label1\" content=\"Tiempo de lectura\" \/>\n\t<meta name=\"twitter:data1\" content=\"3 minutos\" \/>\n<script type=\"application\/ld+json\" class=\"yoast-schema-graph\">{\"@context\":\"https:\/\/schema.org\",\"@graph\":[{\"@type\":\"WebSite\",\"@id\":\"https:\/\/grupnexus.com\/es\/#website\",\"url\":\"https:\/\/grupnexus.com\/es\/\",\"name\":\"Cl\u00ednica Nexus\",\"description\":\"L\u00edders en Medicina Est\u00e8tica Avan\u00e7ada\",\"potentialAction\":[{\"@type\":\"SearchAction\",\"target\":{\"@type\":\"EntryPoint\",\"urlTemplate\":\"https:\/\/grupnexus.com\/es\/?s={search_term_string}\"},\"query-input\":\"required name=search_term_string\"}],\"inLanguage\":\"es\"},{\"@type\":\"WebPage\",\"@id\":\"https:\/\/grupnexus.com\/es\/tratamientos\/medicina-estetica-facial\/flacidez\/#webpage\",\"url\":\"https:\/\/grupnexus.com\/es\/tratamientos\/medicina-estetica-facial\/flacidez\/\",\"name\":\"Hilos tensores y flacidez facial Lleida\",\"isPartOf\":{\"@id\":\"https:\/\/grupnexus.com\/es\/#website\"},\"datePublished\":\"2015-02-06T06:57:14+00:00\",\"dateModified\":\"2019-11-05T10:28:46+00:00\",\"description\":\"Mesoterapia facial y Biorevitalizaci\u00f3n para mejorar el tono y la elasticidad de tu piel. Rejuvenece en Nexus.\",\"breadcrumb\":{\"@id\":\"https:\/\/grupnexus.com\/es\/tratamientos\/medicina-estetica-facial\/flacidez\/#breadcrumb\"},\"inLanguage\":\"es\",\"potentialAction\":[{\"@type\":\"ReadAction\",\"target\":[\"https:\/\/grupnexus.com\/es\/tratamientos\/medicina-estetica-facial\/flacidez\/\"]}]},{\"@type\":\"BreadcrumbList\",\"@id\":\"https:\/\/grupnexus.com\/es\/tratamientos\/medicina-estetica-facial\/flacidez\/#breadcrumb\",\"itemListElement\":[{\"@type\":\"ListItem\",\"position\":1,\"name\":\"Portada\",\"item\":\"https:\/\/grupnexus.com\/es\/\"},{\"@type\":\"ListItem\",\"position\":2,\"name\":\"Tratamientos\",\"item\":\"https:\/\/grupnexus.com\/es\/tratamientos\/\"},{\"@type\":\"ListItem\",\"position\":3,\"name\":\"Medicina est\u00e9tica facial\",\"item\":\"https:\/\/grupnexus.com\/es\/tratamientos\/medicina-estetica-facial\/\"},{\"@type\":\"ListItem\",\"position\":4,\"name\":\"Flacidez\"}]}]}<\/script>\n<!-- \/ Yoast SEO plugin. -->","yoast_head_json":{"title":"Hilos tensores y flacidez facial Lleida","description":"Mesoterapia facial y Biorevitalizaci\u00f3n para mejorar el tono y la elasticidad de tu piel. Rejuvenece en Nexus.","robots":{"index":"index","follow":"follow","max-snippet":"max-snippet:-1","max-image-preview":"max-image-preview:large","max-video-preview":"max-video-preview:-1"},"canonical":"https:\/\/grupnexus.com\/es\/tratamientos\/medicina-estetica-facial\/flacidez\/","og_locale":"es_ES","og_type":"article","og_title":"Hilos tensores y flacidez facial Lleida","og_description":"Mesoterapia facial y Biorevitalizaci\u00f3n para mejorar el tono y la elasticidad de tu piel. Rejuvenece en Nexus.","og_url":"https:\/\/grupnexus.com\/es\/tratamientos\/medicina-estetica-facial\/flacidez\/","og_site_name":"Cl\u00ednica Nexus","article_modified_time":"2019-11-05T10:28:46+00:00","og_image":[{"url":"https:\/\/grupnexus.com\/wp-content\/uploads\/Tractaments_MedicinaEsteticaFacial_Flacciditat.jpg"}],"twitter_card":"summary","twitter_misc":{"Tiempo de lectura":"3 minutos"},"schema":{"@context":"https:\/\/schema.org","@graph":[{"@type":"WebSite","@id":"https:\/\/grupnexus.com\/es\/#website","url":"https:\/\/grupnexus.com\/es\/","name":"Cl\u00ednica Nexus","description":"L\u00edders en Medicina Est\u00e8tica Avan\u00e7ada","potentialAction":[{"@type":"SearchAction","target":{"@type":"EntryPoint","urlTemplate":"https:\/\/grupnexus.com\/es\/?s={search_term_string}"},"query-input":"required name=search_term_string"}],"inLanguage":"es"},{"@type":"WebPage","@id":"https:\/\/grupnexus.com\/es\/tratamientos\/medicina-estetica-facial\/flacidez\/#webpage","url":"https:\/\/grupnexus.com\/es\/tratamientos\/medicina-estetica-facial\/flacidez\/","name":"Hilos tensores y flacidez facial Lleida","isPartOf":{"@id":"https:\/\/grupnexus.com\/es\/#website"},"datePublished":"2015-02-06T06:57:14+00:00","dateModified":"2019-11-05T10:28:46+00:00","description":"Mesoterapia facial y Biorevitalizaci\u00f3n para mejorar el tono y la elasticidad de tu piel. Rejuvenece en Nexus.","breadcrumb":{"@id":"https:\/\/grupnexus.com\/es\/tratamientos\/medicina-estetica-facial\/flacidez\/#breadcrumb"},"inLanguage":"es","potentialAction":[{"@type":"ReadAction","target":["https:\/\/grupnexus.com\/es\/tratamientos\/medicina-estetica-facial\/flacidez\/"]}]},{"@type":"BreadcrumbList","@id":"https:\/\/grupnexus.com\/es\/tratamientos\/medicina-estetica-facial\/flacidez\/#breadcrumb","itemListElement":[{"@type":"ListItem","position":1,"name":"Portada","item":"https:\/\/grupnexus.com\/es\/"},{"@type":"ListItem","position":2,"name":"Tratamientos","item":"https:\/\/grupnexus.com\/es\/tratamientos\/"},{"@type":"ListItem","position":3,"name":"Medicina est\u00e9tica facial","item":"https:\/\/grupnexus.com\/es\/tratamientos\/medicina-estetica-facial\/"},{"@type":"ListItem","position":4,"name":"Flacidez"}]}]}},"_links":{"self":[{"href":"https:\/\/grupnexus.com\/es\/wp-json\/wp\/v2\/pages\/1125"}],"collection":[{"href":"https:\/\/grupnexus.com\/es\/wp-json\/wp\/v2\/pages"}],"about":[{"href":"https:\/\/grupnexus.com\/es\/wp-json\/wp\/v2\/types\/page"}],"author":[{"embeddable":true,"href":"https:\/\/grupnexus.com\/es\/wp-json\/wp\/v2\/users\/5"}],"replies":[{"embeddable":true,"href":"https:\/\/grupnexus.com\/es\/wp-json\/wp\/v2\/comments?post=1125"}],"version-history":[{"count":1,"href":"https:\/\/grupnexus.com\/es\/wp-json\/wp\/v2\/pages\/1125\/revisions"}],"predecessor-version":[{"id":40293,"href":"https:\/\/grupnexus.com\/es\/wp-json\/wp\/v2\/pages\/1125\/revisions\/40293"}],"up":[{"embeddable":true,"href":"https:\/\/grupnexus.com\/es\/wp-json\/wp\/v2\/pages\/1059"}],"wp:attachment":[{"href":"https:\/\/grupnexus.com\/es\/wp-json\/wp\/v2\/media?parent=1125"}],"curies":[{"name":"wp","href":"https:\/\/api.w.org\/{rel}","templated":true}]}}