{"id":1126,"date":"2015-02-06T08:00:34","date_gmt":"2015-02-06T07:00:34","guid":{"rendered":"http:\/\/www.grupnexus.com\/tractaments\/medicina-estetica-facial\/lesions-dermatologiques\/"},"modified":"2016-01-22T01:55:56","modified_gmt":"2016-01-21T23:55:56","slug":"lesiones-dermatologicas","status":"publish","type":"page","link":"https:\/\/grupnexus.com\/es\/tratamientos\/medicina-estetica-facial\/lesiones-dermatologicas\/","title":{"rendered":"Lesiones dermatol\u00f3gicas"},"content":{"rendered":"<div class=\"row \"><div class=\"wpv-grid grid-3-4  wpv-first-level first unextended\" style=\"padding-top:0px;padding-bottom:0px\" id=\"wpv-column-76b8bb13d2423fc2273b63366fbec740\" >\t\t<h2 class=\"text-divider-double\">\t\t\t\nLesiones dermatol\u00f3gicas\t\t<\/h2>\t\t<div class=\"sep\"><\/div>\t<\/div>\n<div class=\"wpv-grid grid-1-4  wpv-first-level unextended\" style=\"padding-top:0px;padding-bottom:0px\" id=\"wpv-column-c357a6f735277021d025527c89fc41b6\" ><div class=\"push\" style='height:44px'><\/div>\n<!-- Widget Shortcode --><div id=\"search-11\" class=\"widget widget_search widget-shortcode area-wpv_sidebar-tractament-est-facial-cat-left \"><form role=\"search\" method=\"get\" class=\"searchform clearfix\" action=\"https:\/\/grupnexus.com\/es\/\">\n\t<label for=\"search-text-widget\" class=\"visuallyhidden\">Search for:<\/label>\n\t<input id=\"search-text-widget\" type=\"text\" value=\"\" name=\"s\" placeholder=\"Buscar\" required=\"required\" \/>\n\t<input type=\"submit\" value=\"Buscar\" \/>\n\t\t\t<input type=\"hidden\" name=\"lang\" value=\"es\"\/>\n\t<\/form><\/div><!-- \/Widget Shortcode --><\/div><\/div>\n<div class=\"row \"><div class=\"wpv-grid grid-1-4  wpv-first-level first unextended\" style=\"padding-top:0px;padding-bottom:0px\" id=\"wpv-column-0cb9f8068521785723716585712580a4\" ><!-- Widget Shortcode --><div id=\"nav_menu-16\" class=\"widget widget_nav_menu widget-shortcode area-wpv_sidebar-tractament-est-facial-cat-left \"><h2 class=\"widgettitle\">Medicina est\u00e9tica facial<\/h2><div class=\"menu-tratamientos-med-estetica-fac-es-container\"><ul id=\"menu-tratamientos-med-estetica-fac-es\" class=\"menu\"><li id=\"menu-item-9589\" class=\"menu-item menu-item-type-post_type menu-item-object-page menu-item-9589\"><a href=\"https:\/\/grupnexus.com\/es\/tratamientos\/medicina-estetica-facial\/acne\/\">Acn\u00e9<\/a><\/li>\n<li id=\"menu-item-9590\" class=\"menu-item menu-item-type-post_type menu-item-object-page menu-item-9590\"><a href=\"https:\/\/grupnexus.com\/es\/tratamientos\/medicina-estetica-facial\/arrugas\/\">Arrugas<\/a><\/li>\n<li id=\"menu-item-9591\" class=\"menu-item menu-item-type-post_type menu-item-object-page menu-item-9591\"><a href=\"https:\/\/grupnexus.com\/es\/tratamientos\/medicina-estetica-facial\/cicatrices\/\">Cicatrices<\/a><\/li>\n<li id=\"menu-item-9592\" class=\"menu-item menu-item-type-post_type menu-item-object-page menu-item-9592\"><a href=\"https:\/\/grupnexus.com\/es\/tratamientos\/medicina-estetica-facial\/consulta-dermoestetica\/\">Consulta dermoest\u00e9tica<\/a><\/li>\n<li id=\"menu-item-9593\" class=\"menu-item menu-item-type-post_type menu-item-object-page menu-item-9593\"><a href=\"https:\/\/grupnexus.com\/es\/tratamientos\/medicina-estetica-facial\/envejecimiento-cutaneo\/\">Envejecimiento cut\u00e1neo<\/a><\/li>\n<li id=\"menu-item-9594\" class=\"menu-item menu-item-type-post_type menu-item-object-page menu-item-9594\"><a href=\"https:\/\/grupnexus.com\/es\/tratamientos\/medicina-estetica-facial\/flacidez\/\">Flacidez<\/a><\/li>\n<li id=\"menu-item-9595\" class=\"menu-item menu-item-type-post_type menu-item-object-page menu-item-9595\"><a href=\"https:\/\/grupnexus.com\/es\/tratamientos\/medicina-estetica-facial\/lesiones-dermatologicas\/\">Lesiones dermatol\u00f3gicas<\/a><\/li>\n<li id=\"menu-item-9597\" class=\"menu-item menu-item-type-post_type menu-item-object-page menu-item-9597\"><a href=\"https:\/\/grupnexus.com\/es\/tratamientos\/medicina-estetica-facial\/mejora-textura-y-luminosidad-de-piel\/\">Mejora textura y luminosidad de piel<\/a><\/li>\n<li id=\"menu-item-9588\" class=\"menu-item menu-item-type-post_type menu-item-object-page menu-item-9588\"><a href=\"https:\/\/grupnexus.com\/es\/tratamientos\/medicina-estetica-facial\/poro-dilatado\/\">Poro dilatado<\/a><\/li>\n<li id=\"menu-item-9598\" class=\"menu-item menu-item-type-post_type menu-item-object-page menu-item-9598\"><a href=\"https:\/\/grupnexus.com\/es\/tratamientos\/medicina-estetica-facial\/reestructuracion-volumenes\/\">Reestructuraci\u00f3n vol\u00famenes<\/a><\/li>\n<li id=\"menu-item-9596\" class=\"menu-item menu-item-type-post_type menu-item-object-page menu-item-9596\"><a href=\"https:\/\/grupnexus.com\/es\/tratamientos\/medicina-estetica-facial\/manchas\/\">Manchas<\/a><\/li>\n<li id=\"menu-item-9599\" class=\"menu-item menu-item-type-post_type menu-item-object-page menu-item-9599\"><a href=\"https:\/\/grupnexus.com\/es\/tratamientos\/medicina-estetica-facial\/tratamientos-combinados\/\">Tratamientos combinados<\/a><\/li>\n<\/ul><\/div><\/div><!-- \/Widget Shortcode --><\/div>\n<div class=\"wpv-grid grid-3-4  wpv-first-level unextended\" style=\"padding-top:0px;padding-bottom:0px\" id=\"wpv-column-567f9dd68efd16cd7a507969592a954b\" ><p><img loading=\"lazy\" class=\"alignleft size-full wp-image-595\" src=\"\/wp-content\/uploads\/Tractaments_MedicinaEsteticaFacial_LesionsDerm.jpg\" alt=\"Medicina est\u00e9tica facial\" width=\"600\" height=\"400\" srcset=\"https:\/\/grupnexus.com\/wp-content\/uploads\/Tractaments_MedicinaEsteticaFacial_LesionsDerm.jpg 600w, https:\/\/grupnexus.com\/wp-content\/uploads\/Tractaments_MedicinaEsteticaFacial_LesionsDerm-510x340.jpg 510w, https:\/\/grupnexus.com\/wp-content\/uploads\/Tractaments_MedicinaEsteticaFacial_LesionsDerm-300x200.jpg 300w\" sizes=\"(max-width: 600px) 100vw, 600px\" \/><\/p>\n<div class=\"row \"><div class=\"wpv-grid grid-1-1  first unextended\" style=\"padding-top:0px;padding-bottom:0px\" id=\"wpv-column-c81073881e2ee99d7f87a6a9e2912b23\" ><h3>L\u00e1ser<\/h3>\n<p>Elimina las imperfecciones de la piel.<\/p>\n<p>Mediante la combinaci\u00f3n de un amplio abanico de l\u00e1seres, tratamos, de la manera menos traum\u00e1tica y m\u00e1s est\u00e9tica posible, todo tipo de lesiones dermatol\u00f3gicas benignas, como verrugas, nevus, xantelasmas\u2026<\/p>\n<p>Cabe mencionar especialmente el tratamiento de las cicatrices y queloides con fototerapia l\u00e1ser, sola o combinada con \u00a0t\u00e9cnicas de relleno tisular para mejorar su aspecto.<\/p>\n<p>Gracias a este amplio abanico del que dispone Nexus, podemos individualizar el tratamiento en cada caso.<\/div><\/div><\/div><\/div>\n<div class=\"sep\"><\/div>\n<div class=\"row \"><div class=\"wpv-grid grid-1-1  wpv-first-level first unextended\" style=\"padding-top:0px;padding-bottom:0px\" id=\"wpv-column-10d2539e7dab550f02af31548eb40431\" ><p><strong><span class=\"buscar\">Quiz\u00e1 estaba buscando:<\/span><\/strong><br \/>\n<span class=\"paraules\">Tratamiento l\u00e1ser Lleida, eliminar pecas Lleida, eliminar manchas piel Lleida, eliminar verrugas Lleida, eliminar nevus Lleida<\/span><\/div><\/div>\n","protected":false},"excerpt":{"rendered":"<p>L\u00e1ser Elimina las imperfecciones de la piel. Mediante la combinaci\u00f3n de un amplio abanico de l\u00e1seres, tratamos, de la manera menos traum\u00e1tica y m\u00e1s est\u00e9tica posible, todo tipo de lesiones dermatol\u00f3gicas benignas, como verrugas, nevus, xantelasmas\u2026 Cabe mencionar especialmente el tratamiento de las cicatrices y queloides con fototerapia l\u00e1ser, sola o combinada con \u00a0t\u00e9cnicas de&#8230;<\/p>\n","protected":false},"author":5,"featured_media":0,"parent":1059,"menu_order":0,"comment_status":"closed","ping_status":"closed","template":"","meta":[],"yoast_head":"<!-- This site is optimized with the Yoast SEO plugin v18.6 - https:\/\/yoast.com\/wordpress\/plugins\/seo\/ -->\n<title>Eliminaci\u00f3n imperfecciones piel Lleida<\/title>\n<meta name=\"description\" content=\"Mediante la combinaci\u00f3n de l\u00e1seres, en Nexus tratamos todo tipo de lesiones dermatol\u00f3gicas.\" \/>\n<meta name=\"robots\" content=\"index, follow, max-snippet:-1, max-image-preview:large, max-video-preview:-1\" \/>\n<link rel=\"canonical\" href=\"https:\/\/grupnexus.com\/es\/tratamientos\/medicina-estetica-facial\/lesiones-dermatologicas\/\" \/>\n<meta property=\"og:locale\" content=\"es_ES\" \/>\n<meta property=\"og:type\" content=\"article\" \/>\n<meta property=\"og:title\" content=\"Eliminaci\u00f3n imperfecciones piel Lleida\" \/>\n<meta property=\"og:description\" content=\"Mediante la combinaci\u00f3n de l\u00e1seres, en Nexus tratamos todo tipo de lesiones dermatol\u00f3gicas.\" \/>\n<meta property=\"og:url\" content=\"https:\/\/grupnexus.com\/es\/tratamientos\/medicina-estetica-facial\/lesiones-dermatologicas\/\" \/>\n<meta property=\"og:site_name\" content=\"Cl\u00ednica Nexus\" \/>\n<meta property=\"article:modified_time\" content=\"2016-01-21T23:55:56+00:00\" \/>\n<meta property=\"og:image\" content=\"https:\/\/grupnexus.com\/wp-content\/uploads\/Tractaments_MedicinaEsteticaFacial_LesionsDerm.jpg\" \/>\n<meta name=\"twitter:card\" content=\"summary\" \/>\n<meta name=\"twitter:label1\" content=\"Tiempo de lectura\" \/>\n\t<meta name=\"twitter:data1\" content=\"2 minutos\" \/>\n<script type=\"application\/ld+json\" class=\"yoast-schema-graph\">{\"@context\":\"https:\/\/schema.org\",\"@graph\":[{\"@type\":\"WebSite\",\"@id\":\"https:\/\/grupnexus.com\/es\/#website\",\"url\":\"https:\/\/grupnexus.com\/es\/\",\"name\":\"Cl\u00ednica Nexus\",\"description\":\"L\u00edders en Medicina Est\u00e8tica Avan\u00e7ada\",\"potentialAction\":[{\"@type\":\"SearchAction\",\"target\":{\"@type\":\"EntryPoint\",\"urlTemplate\":\"https:\/\/grupnexus.com\/es\/?s={search_term_string}\"},\"query-input\":\"required name=search_term_string\"}],\"inLanguage\":\"es\"},{\"@type\":\"WebPage\",\"@id\":\"https:\/\/grupnexus.com\/es\/tratamientos\/medicina-estetica-facial\/lesiones-dermatologicas\/#webpage\",\"url\":\"https:\/\/grupnexus.com\/es\/tratamientos\/medicina-estetica-facial\/lesiones-dermatologicas\/\",\"name\":\"Eliminaci\u00f3n imperfecciones piel Lleida\",\"isPartOf\":{\"@id\":\"https:\/\/grupnexus.com\/es\/#website\"},\"datePublished\":\"2015-02-06T07:00:34+00:00\",\"dateModified\":\"2016-01-21T23:55:56+00:00\",\"description\":\"Mediante la combinaci\u00f3n de l\u00e1seres, en Nexus tratamos todo tipo de lesiones dermatol\u00f3gicas.\",\"breadcrumb\":{\"@id\":\"https:\/\/grupnexus.com\/es\/tratamientos\/medicina-estetica-facial\/lesiones-dermatologicas\/#breadcrumb\"},\"inLanguage\":\"es\",\"potentialAction\":[{\"@type\":\"ReadAction\",\"target\":[\"https:\/\/grupnexus.com\/es\/tratamientos\/medicina-estetica-facial\/lesiones-dermatologicas\/\"]}]},{\"@type\":\"BreadcrumbList\",\"@id\":\"https:\/\/grupnexus.com\/es\/tratamientos\/medicina-estetica-facial\/lesiones-dermatologicas\/#breadcrumb\",\"itemListElement\":[{\"@type\":\"ListItem\",\"position\":1,\"name\":\"Portada\",\"item\":\"https:\/\/grupnexus.com\/es\/\"},{\"@type\":\"ListItem\",\"position\":2,\"name\":\"Tratamientos\",\"item\":\"https:\/\/grupnexus.com\/es\/tratamientos\/\"},{\"@type\":\"ListItem\",\"position\":3,\"name\":\"Medicina est\u00e9tica facial\",\"item\":\"https:\/\/grupnexus.com\/es\/tratamientos\/medicina-estetica-facial\/\"},{\"@type\":\"ListItem\",\"position\":4,\"name\":\"Lesiones dermatol\u00f3gicas\"}]}]}<\/script>\n<!-- \/ Yoast SEO plugin. -->","yoast_head_json":{"title":"Eliminaci\u00f3n imperfecciones piel Lleida","description":"Mediante la combinaci\u00f3n de l\u00e1seres, en Nexus tratamos todo tipo de lesiones dermatol\u00f3gicas.","robots":{"index":"index","follow":"follow","max-snippet":"max-snippet:-1","max-image-preview":"max-image-preview:large","max-video-preview":"max-video-preview:-1"},"canonical":"https:\/\/grupnexus.com\/es\/tratamientos\/medicina-estetica-facial\/lesiones-dermatologicas\/","og_locale":"es_ES","og_type":"article","og_title":"Eliminaci\u00f3n imperfecciones piel Lleida","og_description":"Mediante la combinaci\u00f3n de l\u00e1seres, en Nexus tratamos todo tipo de lesiones dermatol\u00f3gicas.","og_url":"https:\/\/grupnexus.com\/es\/tratamientos\/medicina-estetica-facial\/lesiones-dermatologicas\/","og_site_name":"Cl\u00ednica Nexus","article_modified_time":"2016-01-21T23:55:56+00:00","og_image":[{"url":"https:\/\/grupnexus.com\/wp-content\/uploads\/Tractaments_MedicinaEsteticaFacial_LesionsDerm.jpg"}],"twitter_card":"summary","twitter_misc":{"Tiempo de lectura":"2 minutos"},"schema":{"@context":"https:\/\/schema.org","@graph":[{"@type":"WebSite","@id":"https:\/\/grupnexus.com\/es\/#website","url":"https:\/\/grupnexus.com\/es\/","name":"Cl\u00ednica Nexus","description":"L\u00edders en Medicina Est\u00e8tica Avan\u00e7ada","potentialAction":[{"@type":"SearchAction","target":{"@type":"EntryPoint","urlTemplate":"https:\/\/grupnexus.com\/es\/?s={search_term_string}"},"query-input":"required name=search_term_string"}],"inLanguage":"es"},{"@type":"WebPage","@id":"https:\/\/grupnexus.com\/es\/tratamientos\/medicina-estetica-facial\/lesiones-dermatologicas\/#webpage","url":"https:\/\/grupnexus.com\/es\/tratamientos\/medicina-estetica-facial\/lesiones-dermatologicas\/","name":"Eliminaci\u00f3n imperfecciones piel Lleida","isPartOf":{"@id":"https:\/\/grupnexus.com\/es\/#website"},"datePublished":"2015-02-06T07:00:34+00:00","dateModified":"2016-01-21T23:55:56+00:00","description":"Mediante la combinaci\u00f3n de l\u00e1seres, en Nexus tratamos todo tipo de lesiones dermatol\u00f3gicas.","breadcrumb":{"@id":"https:\/\/grupnexus.com\/es\/tratamientos\/medicina-estetica-facial\/lesiones-dermatologicas\/#breadcrumb"},"inLanguage":"es","potentialAction":[{"@type":"ReadAction","target":["https:\/\/grupnexus.com\/es\/tratamientos\/medicina-estetica-facial\/lesiones-dermatologicas\/"]}]},{"@type":"BreadcrumbList","@id":"https:\/\/grupnexus.com\/es\/tratamientos\/medicina-estetica-facial\/lesiones-dermatologicas\/#breadcrumb","itemListElement":[{"@type":"ListItem","position":1,"name":"Portada","item":"https:\/\/grupnexus.com\/es\/"},{"@type":"ListItem","position":2,"name":"Tratamientos","item":"https:\/\/grupnexus.com\/es\/tratamientos\/"},{"@type":"ListItem","position":3,"name":"Medicina est\u00e9tica facial","item":"https:\/\/grupnexus.com\/es\/tratamientos\/medicina-estetica-facial\/"},{"@type":"ListItem","position":4,"name":"Lesiones dermatol\u00f3gicas"}]}]}},"_links":{"self":[{"href":"https:\/\/grupnexus.com\/es\/wp-json\/wp\/v2\/pages\/1126"}],"collection":[{"href":"https:\/\/grupnexus.com\/es\/wp-json\/wp\/v2\/pages"}],"about":[{"href":"https:\/\/grupnexus.com\/es\/wp-json\/wp\/v2\/types\/page"}],"author":[{"embeddable":true,"href":"https:\/\/grupnexus.com\/es\/wp-json\/wp\/v2\/users\/5"}],"replies":[{"embeddable":true,"href":"https:\/\/grupnexus.com\/es\/wp-json\/wp\/v2\/comments?post=1126"}],"version-history":[{"count":0,"href":"https:\/\/grupnexus.com\/es\/wp-json\/wp\/v2\/pages\/1126\/revisions"}],"up":[{"embeddable":true,"href":"https:\/\/grupnexus.com\/es\/wp-json\/wp\/v2\/pages\/1059"}],"wp:attachment":[{"href":"https:\/\/grupnexus.com\/es\/wp-json\/wp\/v2\/media?parent=1126"}],"curies":[{"name":"wp","href":"https:\/\/api.w.org\/{rel}","templated":true}]}}