{"id":1129,"date":"2015-02-06T07:59:01","date_gmt":"2015-02-06T06:59:01","guid":{"rendered":"http:\/\/www.grupnexus.com\/tractaments\/medicina-estetica-facial\/reestructuracio-volums\/"},"modified":"2019-12-09T12:31:25","modified_gmt":"2019-12-09T10:31:25","slug":"reestructuracion-volumenes","status":"publish","type":"page","link":"https:\/\/grupnexus.com\/es\/tratamientos\/medicina-estetica-facial\/reestructuracion-volumenes\/","title":{"rendered":"Reestructuraci\u00f3n vol\u00famenes"},"content":{"rendered":"<div class=\"row \"><div class=\"wpv-grid grid-3-4  wpv-first-level first unextended\" style=\"padding-top:0px;padding-bottom:0px\" id=\"wpv-column-33809481a06123eed566c80923ebc43e\" >\t\t<h2 class=\"text-divider-double\">\t\t\t\nReestructuraci\u00f3n vol\u00famenes\t\t<\/h2>\t\t<div class=\"sep\"><\/div>\t<\/div>\n<div class=\"wpv-grid grid-1-4  wpv-first-level unextended\" style=\"padding-top:0px;padding-bottom:0px\" id=\"wpv-column-ae6c2e4295f37ea1c3ff40f1380a7ae2\" ><div class=\"push\" style='height:44px'><\/div>\n<!-- Widget Shortcode --><div id=\"search-11\" class=\"widget widget_search widget-shortcode area-wpv_sidebar-tractament-est-facial-cat-left \"><form role=\"search\" method=\"get\" class=\"searchform clearfix\" action=\"https:\/\/grupnexus.com\/es\/\">\n\t<label for=\"search-text-widget\" class=\"visuallyhidden\">Search for:<\/label>\n\t<input id=\"search-text-widget\" type=\"text\" value=\"\" name=\"s\" placeholder=\"Buscar\" required=\"required\" \/>\n\t<input type=\"submit\" value=\"Buscar\" \/>\n\t\t\t<input type=\"hidden\" name=\"lang\" value=\"es\"\/>\n\t<\/form><\/div><!-- \/Widget Shortcode --><\/div><\/div>\n<div class=\"row \"><div class=\"wpv-grid grid-1-4  wpv-first-level first unextended\" style=\"padding-top:0px;padding-bottom:0px\" id=\"wpv-column-41dc16342e83dcca1594526a4d4c48d3\" ><!-- Widget Shortcode --><div id=\"nav_menu-16\" class=\"widget widget_nav_menu widget-shortcode area-wpv_sidebar-tractament-est-facial-cat-left \"><h2 class=\"widgettitle\">Medicina est\u00e9tica facial<\/h2><div class=\"menu-tratamientos-med-estetica-fac-es-container\"><ul id=\"menu-tratamientos-med-estetica-fac-es\" class=\"menu\"><li id=\"menu-item-9589\" class=\"menu-item menu-item-type-post_type menu-item-object-page menu-item-9589\"><a href=\"https:\/\/grupnexus.com\/es\/tratamientos\/medicina-estetica-facial\/acne\/\">Acn\u00e9<\/a><\/li>\n<li id=\"menu-item-9590\" class=\"menu-item menu-item-type-post_type menu-item-object-page menu-item-9590\"><a href=\"https:\/\/grupnexus.com\/es\/tratamientos\/medicina-estetica-facial\/arrugas\/\">Arrugas<\/a><\/li>\n<li id=\"menu-item-9591\" class=\"menu-item menu-item-type-post_type menu-item-object-page menu-item-9591\"><a href=\"https:\/\/grupnexus.com\/es\/tratamientos\/medicina-estetica-facial\/cicatrices\/\">Cicatrices<\/a><\/li>\n<li id=\"menu-item-9592\" class=\"menu-item menu-item-type-post_type menu-item-object-page menu-item-9592\"><a href=\"https:\/\/grupnexus.com\/es\/tratamientos\/medicina-estetica-facial\/consulta-dermoestetica\/\">Consulta dermoest\u00e9tica<\/a><\/li>\n<li id=\"menu-item-9593\" class=\"menu-item menu-item-type-post_type menu-item-object-page menu-item-9593\"><a href=\"https:\/\/grupnexus.com\/es\/tratamientos\/medicina-estetica-facial\/envejecimiento-cutaneo\/\">Envejecimiento cut\u00e1neo<\/a><\/li>\n<li id=\"menu-item-9594\" class=\"menu-item menu-item-type-post_type menu-item-object-page menu-item-9594\"><a href=\"https:\/\/grupnexus.com\/es\/tratamientos\/medicina-estetica-facial\/flacidez\/\">Flacidez<\/a><\/li>\n<li id=\"menu-item-9595\" class=\"menu-item menu-item-type-post_type menu-item-object-page menu-item-9595\"><a href=\"https:\/\/grupnexus.com\/es\/tratamientos\/medicina-estetica-facial\/lesiones-dermatologicas\/\">Lesiones dermatol\u00f3gicas<\/a><\/li>\n<li id=\"menu-item-9597\" class=\"menu-item menu-item-type-post_type menu-item-object-page menu-item-9597\"><a href=\"https:\/\/grupnexus.com\/es\/tratamientos\/medicina-estetica-facial\/mejora-textura-y-luminosidad-de-piel\/\">Mejora textura y luminosidad de piel<\/a><\/li>\n<li id=\"menu-item-9588\" class=\"menu-item menu-item-type-post_type menu-item-object-page menu-item-9588\"><a href=\"https:\/\/grupnexus.com\/es\/tratamientos\/medicina-estetica-facial\/poro-dilatado\/\">Poro dilatado<\/a><\/li>\n<li id=\"menu-item-9598\" class=\"menu-item menu-item-type-post_type menu-item-object-page menu-item-9598\"><a href=\"https:\/\/grupnexus.com\/es\/tratamientos\/medicina-estetica-facial\/reestructuracion-volumenes\/\">Reestructuraci\u00f3n vol\u00famenes<\/a><\/li>\n<li id=\"menu-item-9596\" class=\"menu-item menu-item-type-post_type menu-item-object-page menu-item-9596\"><a href=\"https:\/\/grupnexus.com\/es\/tratamientos\/medicina-estetica-facial\/manchas\/\">Manchas<\/a><\/li>\n<li id=\"menu-item-9599\" class=\"menu-item menu-item-type-post_type menu-item-object-page menu-item-9599\"><a href=\"https:\/\/grupnexus.com\/es\/tratamientos\/medicina-estetica-facial\/tratamientos-combinados\/\">Tratamientos combinados<\/a><\/li>\n<\/ul><\/div><\/div><!-- \/Widget Shortcode --><\/div>\n<div class=\"wpv-grid grid-3-4  wpv-first-level unextended\" style=\"padding-top:0px;padding-bottom:0px\" id=\"wpv-column-9fc2bbcd6090da75e93c651132aaef29\" ><p><img loading=\"lazy\" class=\"alignleft size-full wp-image-589\" src=\"\/wp-content\/uploads\/Tractaments_MedicinaEsteticaFacial_Volulms.jpg\" alt=\"Reestructuraci\u00f3n vol\u00famenes\" width=\"628\" height=\"463\" srcset=\"https:\/\/grupnexus.com\/wp-content\/uploads\/Tractaments_MedicinaEsteticaFacial_Volulms.jpg 628w, https:\/\/grupnexus.com\/wp-content\/uploads\/Tractaments_MedicinaEsteticaFacial_Volulms-510x376.jpg 510w, https:\/\/grupnexus.com\/wp-content\/uploads\/Tractaments_MedicinaEsteticaFacial_Volulms-300x221.jpg 300w\" sizes=\"(max-width: 628px) 100vw, 628px\" \/><\/p>\n<div class=\"row \"><div class=\"wpv-grid grid-1-1  first unextended\" style=\"padding-top:0px;padding-bottom:0px\" id=\"wpv-column-212bcaa35edda6881ea6552f176d63a2\" ><h3><a href=\"https:\/\/grupnexus.com\/es\/biorestauracion-hc-antiflacidez-facial-i-corporal\/\">Biorestauraci\u00f3n con HC<\/a><\/h3>\n<p>La HC o Hidroxiapatita C\u00e1lcica es uno de los grandes avances de la medicina est\u00e9tica para reposicionar vol\u00famenes del rostro y conseguir un aspecto terso, firme y m\u00e1s joven.<\/p>\n<h3>Bioplastia<\/h3>\n<h3>Mesoplastia<\/h3>\n<p>Rejuvenece el rostro sin cirug\u00eda.<\/p>\n<p>En solo una sesi\u00f3n, la t\u00e9cnica de rejuvenecimiento cut\u00e1neo mesoplastia facial permite una revitalizaci\u00f3n general de la piel de la cara, el cuello y el escote de manera natural mediante una rehidrataci\u00f3n de las capas m\u00e1s profundas de la piel, as\u00ed como una estimulaci\u00f3n de la formaci\u00f3n de col\u00e1geno.<\/p>\n<p>Resultados inmediatos en solo una hora:<\/p>\n<ul>\n<li>Las peque\u00f1as arrugas se eliminan.<\/li>\n<li>La piel se tensa creando un efecto lifting.<\/li>\n<li>Se previene la flacidez.<\/li>\n<li>Se retardan los signos de envejecimiento.<\/li>\n<li>Mejora la calidad de la piel y se consigue un aspecto m\u00e1s homog\u00e9neo y luminoso.<\/li>\n<\/ul>\n<h3>Implantes<\/h3>\n<p>Esta t\u00e9cnica se utiliza, b\u00e1sicamente, para las indicaciones siguientes:<\/p>\n<ul>\n<li>Eliminaci\u00f3n de arrugas faciales.<\/li>\n<li>Perfilado, aumento de volumen y carnosidad de labios.<\/li>\n<li>Aumento del volumen de determinadas \u00e1reas faciales, como p\u00f3mulos o ment\u00f3n.<\/li>\n<li>Correcci\u00f3n de ciertos tipos de cicatrices.<\/li>\n<li>Correcci\u00f3n de surcos nasogenianos profundos y comisuras labiales marcadas.<\/li>\n<li>Asimetr\u00edas faciales.<\/li>\n<li>Atrofias faciales.<\/li>\n<\/ul>\n<p>Nuestros implantes disponen de una alta compatibilidad y seguridad, no requieren test de alergia previo y ofrecen la posibilidad de combinarlos con otras t\u00e9cnicas antienvejecimiento.<\/div><\/div><\/div><\/div>\n<div class=\"sep\"><\/div>\n<div class=\"row \"><div class=\"wpv-grid grid-1-1  wpv-first-level first unextended\" style=\"padding-top:0px;padding-bottom:0px\" id=\"wpv-column-f2469af678d87f30083fb794a58eccdf\" ><p><strong><span class=\"buscar\">Quiz\u00e1 estaba buscando:<\/span><\/strong><br \/>\n<span class=\"paraules\">Mesoplastia Lleida, tratamientos faciales sin cirug\u00eda Lleida, prevenir flacidez Lleida, lifting l\u00edquido Lleida, PRFG Lleida, Bioplastia Lleida, eliminaci\u00f3n cicatrices Lleida<\/span><\/div><\/div>\n","protected":false},"excerpt":{"rendered":"<p>Biorestauraci\u00f3n con HC La HC o Hidroxiapatita C\u00e1lcica es uno de los grandes avances de la medicina est\u00e9tica para reposicionar vol\u00famenes del rostro y conseguir un aspecto terso, firme y m\u00e1s joven. Bioplastia Mesoplastia Rejuvenece el rostro sin cirug\u00eda. En solo una sesi\u00f3n, la t\u00e9cnica de rejuvenecimiento cut\u00e1neo mesoplastia facial permite una revitalizaci\u00f3n general de&#8230;<\/p>\n","protected":false},"author":5,"featured_media":0,"parent":1059,"menu_order":0,"comment_status":"closed","ping_status":"closed","template":"","meta":[],"yoast_head":"<!-- This site is optimized with the Yoast SEO plugin v18.6 - https:\/\/yoast.com\/wordpress\/plugins\/seo\/ -->\n<title>Rejuvenecimiento rostro Lleida<\/title>\n<meta name=\"description\" content=\"En Nexus conseguir\u00e1s los resultados que deseas con tratamientos sin cirug\u00eda. Desc\u00fabrelos ahora.\" \/>\n<meta name=\"robots\" content=\"index, follow, max-snippet:-1, max-image-preview:large, max-video-preview:-1\" \/>\n<link rel=\"canonical\" href=\"https:\/\/grupnexus.com\/es\/tratamientos\/medicina-estetica-facial\/reestructuracion-volumenes\/\" \/>\n<meta property=\"og:locale\" content=\"es_ES\" \/>\n<meta property=\"og:type\" content=\"article\" \/>\n<meta property=\"og:title\" content=\"Rejuvenecimiento rostro Lleida\" \/>\n<meta property=\"og:description\" content=\"En Nexus conseguir\u00e1s los resultados que deseas con tratamientos sin cirug\u00eda. Desc\u00fabrelos ahora.\" \/>\n<meta property=\"og:url\" content=\"https:\/\/grupnexus.com\/es\/tratamientos\/medicina-estetica-facial\/reestructuracion-volumenes\/\" \/>\n<meta property=\"og:site_name\" content=\"Cl\u00ednica Nexus\" \/>\n<meta property=\"article:modified_time\" content=\"2019-12-09T10:31:25+00:00\" \/>\n<meta property=\"og:image\" content=\"https:\/\/grupnexus.com\/wp-content\/uploads\/Tractaments_MedicinaEsteticaFacial_Volulms.jpg\" \/>\n<meta name=\"twitter:card\" content=\"summary\" \/>\n<meta name=\"twitter:label1\" content=\"Tiempo de lectura\" \/>\n\t<meta name=\"twitter:data1\" content=\"3 minutos\" \/>\n<script type=\"application\/ld+json\" class=\"yoast-schema-graph\">{\"@context\":\"https:\/\/schema.org\",\"@graph\":[{\"@type\":\"WebSite\",\"@id\":\"https:\/\/grupnexus.com\/es\/#website\",\"url\":\"https:\/\/grupnexus.com\/es\/\",\"name\":\"Cl\u00ednica Nexus\",\"description\":\"L\u00edders en Medicina Est\u00e8tica Avan\u00e7ada\",\"potentialAction\":[{\"@type\":\"SearchAction\",\"target\":{\"@type\":\"EntryPoint\",\"urlTemplate\":\"https:\/\/grupnexus.com\/es\/?s={search_term_string}\"},\"query-input\":\"required name=search_term_string\"}],\"inLanguage\":\"es\"},{\"@type\":\"WebPage\",\"@id\":\"https:\/\/grupnexus.com\/es\/tratamientos\/medicina-estetica-facial\/reestructuracion-volumenes\/#webpage\",\"url\":\"https:\/\/grupnexus.com\/es\/tratamientos\/medicina-estetica-facial\/reestructuracion-volumenes\/\",\"name\":\"Rejuvenecimiento rostro Lleida\",\"isPartOf\":{\"@id\":\"https:\/\/grupnexus.com\/es\/#website\"},\"datePublished\":\"2015-02-06T06:59:01+00:00\",\"dateModified\":\"2019-12-09T10:31:25+00:00\",\"description\":\"En Nexus conseguir\u00e1s los resultados que deseas con tratamientos sin cirug\u00eda. Desc\u00fabrelos ahora.\",\"breadcrumb\":{\"@id\":\"https:\/\/grupnexus.com\/es\/tratamientos\/medicina-estetica-facial\/reestructuracion-volumenes\/#breadcrumb\"},\"inLanguage\":\"es\",\"potentialAction\":[{\"@type\":\"ReadAction\",\"target\":[\"https:\/\/grupnexus.com\/es\/tratamientos\/medicina-estetica-facial\/reestructuracion-volumenes\/\"]}]},{\"@type\":\"BreadcrumbList\",\"@id\":\"https:\/\/grupnexus.com\/es\/tratamientos\/medicina-estetica-facial\/reestructuracion-volumenes\/#breadcrumb\",\"itemListElement\":[{\"@type\":\"ListItem\",\"position\":1,\"name\":\"Portada\",\"item\":\"https:\/\/grupnexus.com\/es\/\"},{\"@type\":\"ListItem\",\"position\":2,\"name\":\"Tratamientos\",\"item\":\"https:\/\/grupnexus.com\/es\/tratamientos\/\"},{\"@type\":\"ListItem\",\"position\":3,\"name\":\"Medicina est\u00e9tica facial\",\"item\":\"https:\/\/grupnexus.com\/es\/tratamientos\/medicina-estetica-facial\/\"},{\"@type\":\"ListItem\",\"position\":4,\"name\":\"Reestructuraci\u00f3n vol\u00famenes\"}]}]}<\/script>\n<!-- \/ Yoast SEO plugin. -->","yoast_head_json":{"title":"Rejuvenecimiento rostro Lleida","description":"En Nexus conseguir\u00e1s los resultados que deseas con tratamientos sin cirug\u00eda. Desc\u00fabrelos ahora.","robots":{"index":"index","follow":"follow","max-snippet":"max-snippet:-1","max-image-preview":"max-image-preview:large","max-video-preview":"max-video-preview:-1"},"canonical":"https:\/\/grupnexus.com\/es\/tratamientos\/medicina-estetica-facial\/reestructuracion-volumenes\/","og_locale":"es_ES","og_type":"article","og_title":"Rejuvenecimiento rostro Lleida","og_description":"En Nexus conseguir\u00e1s los resultados que deseas con tratamientos sin cirug\u00eda. Desc\u00fabrelos ahora.","og_url":"https:\/\/grupnexus.com\/es\/tratamientos\/medicina-estetica-facial\/reestructuracion-volumenes\/","og_site_name":"Cl\u00ednica Nexus","article_modified_time":"2019-12-09T10:31:25+00:00","og_image":[{"url":"https:\/\/grupnexus.com\/wp-content\/uploads\/Tractaments_MedicinaEsteticaFacial_Volulms.jpg"}],"twitter_card":"summary","twitter_misc":{"Tiempo de lectura":"3 minutos"},"schema":{"@context":"https:\/\/schema.org","@graph":[{"@type":"WebSite","@id":"https:\/\/grupnexus.com\/es\/#website","url":"https:\/\/grupnexus.com\/es\/","name":"Cl\u00ednica Nexus","description":"L\u00edders en Medicina Est\u00e8tica Avan\u00e7ada","potentialAction":[{"@type":"SearchAction","target":{"@type":"EntryPoint","urlTemplate":"https:\/\/grupnexus.com\/es\/?s={search_term_string}"},"query-input":"required name=search_term_string"}],"inLanguage":"es"},{"@type":"WebPage","@id":"https:\/\/grupnexus.com\/es\/tratamientos\/medicina-estetica-facial\/reestructuracion-volumenes\/#webpage","url":"https:\/\/grupnexus.com\/es\/tratamientos\/medicina-estetica-facial\/reestructuracion-volumenes\/","name":"Rejuvenecimiento rostro Lleida","isPartOf":{"@id":"https:\/\/grupnexus.com\/es\/#website"},"datePublished":"2015-02-06T06:59:01+00:00","dateModified":"2019-12-09T10:31:25+00:00","description":"En Nexus conseguir\u00e1s los resultados que deseas con tratamientos sin cirug\u00eda. Desc\u00fabrelos ahora.","breadcrumb":{"@id":"https:\/\/grupnexus.com\/es\/tratamientos\/medicina-estetica-facial\/reestructuracion-volumenes\/#breadcrumb"},"inLanguage":"es","potentialAction":[{"@type":"ReadAction","target":["https:\/\/grupnexus.com\/es\/tratamientos\/medicina-estetica-facial\/reestructuracion-volumenes\/"]}]},{"@type":"BreadcrumbList","@id":"https:\/\/grupnexus.com\/es\/tratamientos\/medicina-estetica-facial\/reestructuracion-volumenes\/#breadcrumb","itemListElement":[{"@type":"ListItem","position":1,"name":"Portada","item":"https:\/\/grupnexus.com\/es\/"},{"@type":"ListItem","position":2,"name":"Tratamientos","item":"https:\/\/grupnexus.com\/es\/tratamientos\/"},{"@type":"ListItem","position":3,"name":"Medicina est\u00e9tica facial","item":"https:\/\/grupnexus.com\/es\/tratamientos\/medicina-estetica-facial\/"},{"@type":"ListItem","position":4,"name":"Reestructuraci\u00f3n vol\u00famenes"}]}]}},"_links":{"self":[{"href":"https:\/\/grupnexus.com\/es\/wp-json\/wp\/v2\/pages\/1129"}],"collection":[{"href":"https:\/\/grupnexus.com\/es\/wp-json\/wp\/v2\/pages"}],"about":[{"href":"https:\/\/grupnexus.com\/es\/wp-json\/wp\/v2\/types\/page"}],"author":[{"embeddable":true,"href":"https:\/\/grupnexus.com\/es\/wp-json\/wp\/v2\/users\/5"}],"replies":[{"embeddable":true,"href":"https:\/\/grupnexus.com\/es\/wp-json\/wp\/v2\/comments?post=1129"}],"version-history":[{"count":1,"href":"https:\/\/grupnexus.com\/es\/wp-json\/wp\/v2\/pages\/1129\/revisions"}],"predecessor-version":[{"id":41677,"href":"https:\/\/grupnexus.com\/es\/wp-json\/wp\/v2\/pages\/1129\/revisions\/41677"}],"up":[{"embeddable":true,"href":"https:\/\/grupnexus.com\/es\/wp-json\/wp\/v2\/pages\/1059"}],"wp:attachment":[{"href":"https:\/\/grupnexus.com\/es\/wp-json\/wp\/v2\/media?parent=1129"}],"curies":[{"name":"wp","href":"https:\/\/api.w.org\/{rel}","templated":true}]}}