{"id":11483,"date":"2016-11-23T03:59:45","date_gmt":"2016-11-23T01:59:45","guid":{"rendered":"http:\/\/www.grupnexus.com\/es\/tratamientos\/packs\/"},"modified":"2020-07-17T09:55:07","modified_gmt":"2020-07-17T07:55:07","slug":"packs","status":"publish","type":"page","link":"https:\/\/grupnexus.com\/es\/tratamientos\/packs\/","title":{"rendered":"Packs"},"content":{"rendered":"<div class=\"row \"><div class=\"wpv-grid grid-3-4  wpv-first-level first unextended\" style=\"padding-top:0px;padding-bottom:0px\" id=\"wpv-column-2b004e5dba64fbbc476dc3046c4fe816\" >\t\t<h2 class=\"text-divider-double\">\t\t\t\nPacks\t\t<\/h2>\t\t<div class=\"sep\"><\/div>\t<\/div>\n<div class=\"wpv-grid grid-1-4  wpv-first-level unextended\" style=\"padding-top:0px;padding-bottom:0px\" id=\"wpv-column-29cbb11389918c357cfb4bbd1cc3bf12\" ><div class=\"push\" style='height:44px'><\/div>\n<!-- Widget Shortcode --><div id=\"search-11\" class=\"widget widget_search widget-shortcode area-wpv_sidebar-tractament-est-facial-cat-left \"><form role=\"search\" method=\"get\" class=\"searchform clearfix\" action=\"https:\/\/grupnexus.com\/es\/\">\n\t<label for=\"search-text-widget\" class=\"visuallyhidden\">Search for:<\/label>\n\t<input id=\"search-text-widget\" type=\"text\" value=\"\" name=\"s\" placeholder=\"Buscar\" required=\"required\" \/>\n\t<input type=\"submit\" value=\"Buscar\" \/>\n\t\t\t<input type=\"hidden\" name=\"lang\" value=\"es\"\/>\n\t<\/form><\/div><!-- \/Widget Shortcode --><\/div><\/div>\n<div class=\"row \"><div class=\"wpv-grid grid-1-3  wpv-first-level first unextended\" style=\"padding-top:0px;padding-bottom:0px\" id=\"wpv-column-8ca3165fa989146fa107e8726434c3fc\" ><div class=\"services clearfix fullimage has-image has-icon has-button \" style=\"text-align:center;\">\n\t<div class=\"services-inside\">\n\t\t\t\t\t\t\t\t\t<div class=\"thumbnail\">\n\t\t\t\t\t\t\t\t\t\t\t<a href=\"\/es\/tratamientos\/packs\/packs-novios\" title=\"PACKS NOVIOS\" class=\"has-border\">\n\t\t\t\t\t\t\t\t\t\t\t\t\t\t\t\t\t\t<img width=\"1665\" height=\"1205\" src=\"https:\/\/grupnexus.com\/wp-content\/uploads\/packs-nuvis-3.jpg\" class=\"attachment-full size-full\" alt=\"\" loading=\"lazy\" srcset=\"https:\/\/grupnexus.com\/wp-content\/uploads\/packs-nuvis-3.jpg 1665w, https:\/\/grupnexus.com\/wp-content\/uploads\/packs-nuvis-3-510x369.jpg 510w, https:\/\/grupnexus.com\/wp-content\/uploads\/packs-nuvis-3-300x217.jpg 300w, https:\/\/grupnexus.com\/wp-content\/uploads\/packs-nuvis-3-768x556.jpg 768w, https:\/\/grupnexus.com\/wp-content\/uploads\/packs-nuvis-3-1024x741.jpg 1024w, https:\/\/grupnexus.com\/wp-content\/uploads\/packs-nuvis-3-1140x825.jpg 1140w, https:\/\/grupnexus.com\/wp-content\/uploads\/packs-nuvis-3-555x402.jpg 555w, https:\/\/grupnexus.com\/wp-content\/uploads\/packs-nuvis-3-360x261.jpg 360w, https:\/\/grupnexus.com\/wp-content\/uploads\/packs-nuvis-3-262x190.jpg 262w\" sizes=\"(max-width: 1665px) 100vw, 1665px\" \/>\t\t\t\t\t\t\t\t\t\t\t\t\t\t\t\t\t<\/a>\n\t\t\t\t\t\t\t\t\t<\/div>\n\t\t\t\t\t\t\t\t\t<div class=\"sep-2\"><\/div>\n\t\t\t\t\t\t\t\t\t\t\t\t\t\t<h3 class=\"services-title\">\n\t\t\t\t\t\t\t\t\t<a href=\"\/es\/tratamientos\/packs\/packs-novios\" title=\"PACKS NOVIOS\">PACKS NOVIOS<\/a>\n\t\t\t\t\t\t\t<\/h3>\n\t\t\t\t\t\t\t<div class=\"services-content\">\n<\/div>\n\t\t\t\t\t<\/div>\n<\/div>\n<\/div>\n<div class=\"wpv-grid grid-1-3  wpv-first-level unextended\" style=\"padding-top:0px;padding-bottom:0px\" id=\"wpv-column-49f4364b17fb9c34a0a810ee0232111e\" ><div class=\"services clearfix fullimage has-image has-icon has-button \" style=\"text-align:center;\">\n\t<div class=\"services-inside\">\n\t\t\t\t\t\t\t\t\t<div class=\"thumbnail\">\n\t\t\t\t\t\t\t\t\t\t\t<a href=\"\/es\/tratamientos\/packs\/packs-rituales\/\" title=\"PACKS RITUALES PARA SEDUCIR\" class=\"has-border\">\n\t\t\t\t\t\t\t\t\t\t\t\t\t\t\t\t\t\t<img width=\"1200\" height=\"867\" src=\"https:\/\/grupnexus.com\/wp-content\/uploads\/2018\/02\/web-packs-rituals-per-seduir-1.jpg\" class=\"attachment-full size-full\" alt=\"\" loading=\"lazy\" srcset=\"https:\/\/grupnexus.com\/wp-content\/uploads\/2018\/02\/web-packs-rituals-per-seduir-1.jpg 1200w, https:\/\/grupnexus.com\/wp-content\/uploads\/2018\/02\/web-packs-rituals-per-seduir-1-510x368.jpg 510w, https:\/\/grupnexus.com\/wp-content\/uploads\/2018\/02\/web-packs-rituals-per-seduir-1-300x217.jpg 300w, https:\/\/grupnexus.com\/wp-content\/uploads\/2018\/02\/web-packs-rituals-per-seduir-1-768x555.jpg 768w, https:\/\/grupnexus.com\/wp-content\/uploads\/2018\/02\/web-packs-rituals-per-seduir-1-1024x740.jpg 1024w, https:\/\/grupnexus.com\/wp-content\/uploads\/2018\/02\/web-packs-rituals-per-seduir-1-1140x824.jpg 1140w, https:\/\/grupnexus.com\/wp-content\/uploads\/2018\/02\/web-packs-rituals-per-seduir-1-555x401.jpg 555w, https:\/\/grupnexus.com\/wp-content\/uploads\/2018\/02\/web-packs-rituals-per-seduir-1-360x260.jpg 360w, https:\/\/grupnexus.com\/wp-content\/uploads\/2018\/02\/web-packs-rituals-per-seduir-1-262x189.jpg 262w\" sizes=\"(max-width: 1200px) 100vw, 1200px\" \/>\t\t\t\t\t\t\t\t\t\t\t\t\t\t\t\t\t<\/a>\n\t\t\t\t\t\t\t\t\t<\/div>\n\t\t\t\t\t\t\t\t\t<div class=\"sep-2\"><\/div>\n\t\t\t\t\t\t\t\t\t\t\t\t\t\t<h3 class=\"services-title\">\n\t\t\t\t\t\t\t\t\t<a href=\"\/es\/tratamientos\/packs\/packs-rituales\/\" title=\"PACKS RITUALES PARA SEDUCIR\">PACKS RITUALES PARA SEDUCIR<\/a>\n\t\t\t\t\t\t\t<\/h3>\n\t\t\t\t\t\t\t<div class=\"services-content\">\n<\/div>\n\t\t\t\t\t<\/div>\n<\/div>\n<\/div>\n<div class=\"wpv-grid grid-1-3  wpv-first-level unextended\" style=\"padding-top:0px;padding-bottom:0px\" id=\"wpv-column-414e55fdbc7d6f558f742f1de45bfca3\" ><div class=\"services clearfix fullimage has-image has-icon has-button \" style=\"text-align:center;\">\n\t<div class=\"services-inside\">\n\t\t\t\t\t\t\t\t\t<div class=\"thumbnail\">\n\t\t\t\t\t\t\t\t\t\t\t<a href=\"\/es\/tratamientos\/packs\/tratamientos-remodelantes\" title=\"TRATAMIENTOS REMODELANTES\" class=\"has-border\">\n\t\t\t\t\t\t\t\t\t\t\t\t\t\t\t\t\t\t<img width=\"1200\" height=\"867\" src=\"https:\/\/grupnexus.com\/wp-content\/uploads\/2018\/02\/packs-remodelants.jpg\" class=\"attachment-full size-full\" alt=\"\" loading=\"lazy\" srcset=\"https:\/\/grupnexus.com\/wp-content\/uploads\/2018\/02\/packs-remodelants.jpg 1200w, https:\/\/grupnexus.com\/wp-content\/uploads\/2018\/02\/packs-remodelants-510x368.jpg 510w, https:\/\/grupnexus.com\/wp-content\/uploads\/2018\/02\/packs-remodelants-300x217.jpg 300w, https:\/\/grupnexus.com\/wp-content\/uploads\/2018\/02\/packs-remodelants-768x555.jpg 768w, https:\/\/grupnexus.com\/wp-content\/uploads\/2018\/02\/packs-remodelants-1024x740.jpg 1024w, https:\/\/grupnexus.com\/wp-content\/uploads\/2018\/02\/packs-remodelants-1140x824.jpg 1140w, https:\/\/grupnexus.com\/wp-content\/uploads\/2018\/02\/packs-remodelants-555x401.jpg 555w, https:\/\/grupnexus.com\/wp-content\/uploads\/2018\/02\/packs-remodelants-360x260.jpg 360w, https:\/\/grupnexus.com\/wp-content\/uploads\/2018\/02\/packs-remodelants-262x189.jpg 262w\" sizes=\"(max-width: 1200px) 100vw, 1200px\" \/>\t\t\t\t\t\t\t\t\t\t\t\t\t\t\t\t\t<\/a>\n\t\t\t\t\t\t\t\t\t<\/div>\n\t\t\t\t\t\t\t\t\t<div class=\"sep-2\"><\/div>\n\t\t\t\t\t\t\t\t\t\t\t\t\t\t<h3 class=\"services-title\">\n\t\t\t\t\t\t\t\t\t<a href=\"\/es\/tratamientos\/packs\/tratamientos-remodelantes\" title=\"TRATAMIENTOS REMODELANTES\">TRATAMIENTOS REMODELANTES<\/a>\n\t\t\t\t\t\t\t<\/h3>\n\t\t\t\t\t\t\t<div class=\"services-content\">\n<\/div>\n\t\t\t\t\t<\/div>\n<\/div>\n<\/div><\/div>\n<div class=\"row \"><div class=\"wpv-grid grid-1-3  wpv-first-level first unextended\" style=\"padding-top:0px;padding-bottom:0px\" id=\"wpv-column-19e3cf4191366ba8fe23d945718fc5ba\" ><div class=\"services clearfix fullimage has-image has-icon has-button \" style=\"text-align:center;\">\n\t<div class=\"services-inside\">\n\t\t\t\t\t\t\t\t\t<div class=\"thumbnail\">\n\t\t\t\t\t\t\t\t\t\t\t<a href=\"\/es\/tratamientos\/packs\/pack-especial-esdevenimientos\" title=\"PACK ESPECIAL EVENTOS\" class=\"has-border\">\n\t\t\t\t\t\t\t\t\t\t\t\t\t\t\t\t\t\t<img width=\"1000\" height=\"666\" src=\"https:\/\/grupnexus.com\/wp-content\/uploads\/2018\/12\/Nexus-packs-Especial-esdeveniments-69469955_s.jpg\" class=\"attachment-full size-full\" alt=\"\" loading=\"lazy\" srcset=\"https:\/\/grupnexus.com\/wp-content\/uploads\/2018\/12\/Nexus-packs-Especial-esdeveniments-69469955_s.jpg 1000w, https:\/\/grupnexus.com\/wp-content\/uploads\/2018\/12\/Nexus-packs-Especial-esdeveniments-69469955_s-510x340.jpg 510w, https:\/\/grupnexus.com\/wp-content\/uploads\/2018\/12\/Nexus-packs-Especial-esdeveniments-69469955_s-300x200.jpg 300w, https:\/\/grupnexus.com\/wp-content\/uploads\/2018\/12\/Nexus-packs-Especial-esdeveniments-69469955_s-768x511.jpg 768w, https:\/\/grupnexus.com\/wp-content\/uploads\/2018\/12\/Nexus-packs-Especial-esdeveniments-69469955_s-555x370.jpg 555w, https:\/\/grupnexus.com\/wp-content\/uploads\/2018\/12\/Nexus-packs-Especial-esdeveniments-69469955_s-360x240.jpg 360w, https:\/\/grupnexus.com\/wp-content\/uploads\/2018\/12\/Nexus-packs-Especial-esdeveniments-69469955_s-262x175.jpg 262w\" sizes=\"(max-width: 1000px) 100vw, 1000px\" \/>\t\t\t\t\t\t\t\t\t\t\t\t\t\t\t\t\t<\/a>\n\t\t\t\t\t\t\t\t\t<\/div>\n\t\t\t\t\t\t\t\t\t<div class=\"sep-2\"><\/div>\n\t\t\t\t\t\t\t\t\t\t\t\t\t\t<h3 class=\"services-title\">\n\t\t\t\t\t\t\t\t\t<a href=\"\/es\/tratamientos\/packs\/pack-especial-esdevenimientos\" title=\"PACK ESPECIAL EVENTOS\">PACK ESPECIAL EVENTOS<\/a>\n\t\t\t\t\t\t\t<\/h3>\n\t\t\t\t\t\t\t<div class=\"services-content\">\n<\/div>\n\t\t\t\t\t<\/div>\n<\/div>\n<\/div><\/div>\n<div class=\"sep\"><\/div>\n","protected":false},"excerpt":{"rendered":"","protected":false},"author":5,"featured_media":0,"parent":1021,"menu_order":0,"comment_status":"closed","ping_status":"closed","template":"","meta":[],"yoast_head":"<!-- This site is optimized with the Yoast SEO plugin v18.6 - https:\/\/yoast.com\/wordpress\/plugins\/seo\/ -->\n<title>Packs - Cl\u00ednica Nexus<\/title>\n<meta name=\"robots\" content=\"index, follow, max-snippet:-1, max-image-preview:large, max-video-preview:-1\" \/>\n<link rel=\"canonical\" href=\"https:\/\/grupnexus.com\/es\/tratamientos\/packs\/\" \/>\n<meta property=\"og:locale\" content=\"es_ES\" \/>\n<meta property=\"og:type\" content=\"article\" \/>\n<meta property=\"og:title\" content=\"Packs - Cl\u00ednica Nexus\" \/>\n<meta property=\"og:url\" content=\"https:\/\/grupnexus.com\/es\/tratamientos\/packs\/\" \/>\n<meta property=\"og:site_name\" content=\"Cl\u00ednica Nexus\" \/>\n<meta property=\"article:modified_time\" content=\"2020-07-17T07:55:07+00:00\" \/>\n<meta name=\"twitter:card\" content=\"summary\" \/>\n<meta name=\"twitter:label1\" content=\"Tiempo de lectura\" \/>\n\t<meta name=\"twitter:data1\" content=\"2 minutos\" \/>\n<script type=\"application\/ld+json\" class=\"yoast-schema-graph\">{\"@context\":\"https:\/\/schema.org\",\"@graph\":[{\"@type\":\"WebSite\",\"@id\":\"https:\/\/grupnexus.com\/es\/#website\",\"url\":\"https:\/\/grupnexus.com\/es\/\",\"name\":\"Cl\u00ednica Nexus\",\"description\":\"L\u00edders en Medicina Est\u00e8tica Avan\u00e7ada\",\"potentialAction\":[{\"@type\":\"SearchAction\",\"target\":{\"@type\":\"EntryPoint\",\"urlTemplate\":\"https:\/\/grupnexus.com\/es\/?s={search_term_string}\"},\"query-input\":\"required name=search_term_string\"}],\"inLanguage\":\"es\"},{\"@type\":\"WebPage\",\"@id\":\"https:\/\/grupnexus.com\/es\/tratamientos\/packs\/#webpage\",\"url\":\"https:\/\/grupnexus.com\/es\/tratamientos\/packs\/\",\"name\":\"Packs - Cl\u00ednica Nexus\",\"isPartOf\":{\"@id\":\"https:\/\/grupnexus.com\/es\/#website\"},\"datePublished\":\"2016-11-23T01:59:45+00:00\",\"dateModified\":\"2020-07-17T07:55:07+00:00\",\"breadcrumb\":{\"@id\":\"https:\/\/grupnexus.com\/es\/tratamientos\/packs\/#breadcrumb\"},\"inLanguage\":\"es\",\"potentialAction\":[{\"@type\":\"ReadAction\",\"target\":[\"https:\/\/grupnexus.com\/es\/tratamientos\/packs\/\"]}]},{\"@type\":\"BreadcrumbList\",\"@id\":\"https:\/\/grupnexus.com\/es\/tratamientos\/packs\/#breadcrumb\",\"itemListElement\":[{\"@type\":\"ListItem\",\"position\":1,\"name\":\"Portada\",\"item\":\"https:\/\/grupnexus.com\/es\/\"},{\"@type\":\"ListItem\",\"position\":2,\"name\":\"Tratamientos\",\"item\":\"https:\/\/grupnexus.com\/es\/tratamientos\/\"},{\"@type\":\"ListItem\",\"position\":3,\"name\":\"Packs\"}]}]}<\/script>\n<!-- \/ Yoast SEO plugin. -->","yoast_head_json":{"title":"Packs - Cl\u00ednica Nexus","robots":{"index":"index","follow":"follow","max-snippet":"max-snippet:-1","max-image-preview":"max-image-preview:large","max-video-preview":"max-video-preview:-1"},"canonical":"https:\/\/grupnexus.com\/es\/tratamientos\/packs\/","og_locale":"es_ES","og_type":"article","og_title":"Packs - Cl\u00ednica Nexus","og_url":"https:\/\/grupnexus.com\/es\/tratamientos\/packs\/","og_site_name":"Cl\u00ednica Nexus","article_modified_time":"2020-07-17T07:55:07+00:00","twitter_card":"summary","twitter_misc":{"Tiempo de lectura":"2 minutos"},"schema":{"@context":"https:\/\/schema.org","@graph":[{"@type":"WebSite","@id":"https:\/\/grupnexus.com\/es\/#website","url":"https:\/\/grupnexus.com\/es\/","name":"Cl\u00ednica Nexus","description":"L\u00edders en Medicina Est\u00e8tica Avan\u00e7ada","potentialAction":[{"@type":"SearchAction","target":{"@type":"EntryPoint","urlTemplate":"https:\/\/grupnexus.com\/es\/?s={search_term_string}"},"query-input":"required name=search_term_string"}],"inLanguage":"es"},{"@type":"WebPage","@id":"https:\/\/grupnexus.com\/es\/tratamientos\/packs\/#webpage","url":"https:\/\/grupnexus.com\/es\/tratamientos\/packs\/","name":"Packs - Cl\u00ednica Nexus","isPartOf":{"@id":"https:\/\/grupnexus.com\/es\/#website"},"datePublished":"2016-11-23T01:59:45+00:00","dateModified":"2020-07-17T07:55:07+00:00","breadcrumb":{"@id":"https:\/\/grupnexus.com\/es\/tratamientos\/packs\/#breadcrumb"},"inLanguage":"es","potentialAction":[{"@type":"ReadAction","target":["https:\/\/grupnexus.com\/es\/tratamientos\/packs\/"]}]},{"@type":"BreadcrumbList","@id":"https:\/\/grupnexus.com\/es\/tratamientos\/packs\/#breadcrumb","itemListElement":[{"@type":"ListItem","position":1,"name":"Portada","item":"https:\/\/grupnexus.com\/es\/"},{"@type":"ListItem","position":2,"name":"Tratamientos","item":"https:\/\/grupnexus.com\/es\/tratamientos\/"},{"@type":"ListItem","position":3,"name":"Packs"}]}]}},"_links":{"self":[{"href":"https:\/\/grupnexus.com\/es\/wp-json\/wp\/v2\/pages\/11483"}],"collection":[{"href":"https:\/\/grupnexus.com\/es\/wp-json\/wp\/v2\/pages"}],"about":[{"href":"https:\/\/grupnexus.com\/es\/wp-json\/wp\/v2\/types\/page"}],"author":[{"embeddable":true,"href":"https:\/\/grupnexus.com\/es\/wp-json\/wp\/v2\/users\/5"}],"replies":[{"embeddable":true,"href":"https:\/\/grupnexus.com\/es\/wp-json\/wp\/v2\/comments?post=11483"}],"version-history":[{"count":9,"href":"https:\/\/grupnexus.com\/es\/wp-json\/wp\/v2\/pages\/11483\/revisions"}],"predecessor-version":[{"id":45129,"href":"https:\/\/grupnexus.com\/es\/wp-json\/wp\/v2\/pages\/11483\/revisions\/45129"}],"up":[{"embeddable":true,"href":"https:\/\/grupnexus.com\/es\/wp-json\/wp\/v2\/pages\/1021"}],"wp:attachment":[{"href":"https:\/\/grupnexus.com\/es\/wp-json\/wp\/v2\/media?parent=11483"}],"curies":[{"name":"wp","href":"https:\/\/api.w.org\/{rel}","templated":true}]}}