{"id":11491,"date":"2016-11-23T04:04:08","date_gmt":"2016-11-23T02:04:08","guid":{"rendered":"http:\/\/www.grupnexus.com\/es\/tratamientos\/packs\/packs-nuvis\/"},"modified":"2024-04-19T13:11:57","modified_gmt":"2024-04-19T11:11:57","slug":"packs-novios","status":"publish","type":"page","link":"https:\/\/grupnexus.com\/es\/tratamientos\/packs\/packs-novios\/","title":{"rendered":"Packs novios"},"content":{"rendered":"<div class=\"row \"><div class=\"wpv-grid grid-3-4  wpv-first-level first unextended\" style=\"padding-top:0px;padding-bottom:0px\" id=\"wpv-column-8e6a95f83852285160b83a650949b076\" >\t\t<h2 class=\"text-divider-double\">\t\t\t\nPacks Novios\t\t<\/h2>\t\t<div class=\"sep\"><\/div>\t<\/div>\n<div class=\"wpv-grid grid-1-4  wpv-first-level unextended\" style=\"padding-top:0px;padding-bottom:0px\" id=\"wpv-column-eb9e16f69cdfbf8cf48f8b81ab52e736\" ><div class=\"push\" style='height:44px'><\/div>\n<!-- Widget Shortcode --><div id=\"search-11\" class=\"widget widget_search widget-shortcode area-wpv_sidebar-tractament-est-facial-cat-left \"><form role=\"search\" method=\"get\" class=\"searchform clearfix\" action=\"https:\/\/grupnexus.com\/es\/\">\n\t<label for=\"search-text-widget\" class=\"visuallyhidden\">Search for:<\/label>\n\t<input id=\"search-text-widget\" type=\"text\" value=\"\" name=\"s\" placeholder=\"Buscar\" required=\"required\" \/>\n\t<input type=\"submit\" value=\"Buscar\" \/>\n\t\t\t<input type=\"hidden\" name=\"lang\" value=\"es\"\/>\n\t<\/form><\/div><!-- \/Widget Shortcode --><\/div><\/div>\n<div class=\"row \"><div class=\"wpv-grid grid-1-4  wpv-first-level first unextended\" style=\"padding-top:0px;padding-bottom:0px\" id=\"wpv-column-c86c57d020d81d1f8ce8de94191a018c\" ><!-- Widget Shortcode --><div id=\"nav_menu-19\" class=\"widget widget_nav_menu widget-shortcode area-wpv_sidebar-tractaments-cat-left \"><h2 class=\"widgettitle\">Tratamientos<\/h2><div class=\"menu-menu-tratamientos-es-container\"><ul id=\"menu-menu-tratamientos-es\" class=\"menu\"><li id=\"menu-item-9584\" class=\"menu-item menu-item-type-post_type menu-item-object-page menu-item-9584\"><a href=\"https:\/\/grupnexus.com\/es\/tratamientos\/medicina-estetica-facial\/\">Medicina est\u00e9tica facial<\/a><\/li>\n<li id=\"menu-item-9583\" class=\"menu-item menu-item-type-post_type menu-item-object-page menu-item-9583\"><a href=\"https:\/\/grupnexus.com\/es\/tratamientos\/medicina-estetica-corporal\/\">Medicina est\u00e9tica corporal<\/a><\/li>\n<li id=\"menu-item-9667\" class=\"menu-item menu-item-type-post_type menu-item-object-page menu-item-9667\"><a href=\"https:\/\/grupnexus.com\/es\/tratamientos\/plataforma-laser\/\">Plataforma l\u00e1ser<\/a><\/li>\n<li id=\"menu-item-9578\" class=\"menu-item menu-item-type-post_type menu-item-object-page menu-item-9578\"><a href=\"https:\/\/grupnexus.com\/es\/tratamientos\/cirugia-estetica\/\">Cirug\u00eda est\u00e9tica<\/a><\/li>\n<li id=\"menu-item-9581\" class=\"menu-item menu-item-type-post_type menu-item-object-page menu-item-9581\"><a href=\"https:\/\/grupnexus.com\/es\/tratamientos\/medicina-antiaging\/\">Medicina Antiaging Preventiva<\/a><\/li>\n<li id=\"menu-item-9582\" class=\"menu-item menu-item-type-post_type menu-item-object-page menu-item-9582\"><a href=\"https:\/\/grupnexus.com\/es\/tratamientos\/medicina-biologica\/\">Medicina biol\u00f3gica<\/a><\/li>\n<li id=\"menu-item-9580\" class=\"menu-item menu-item-type-post_type menu-item-object-page menu-item-9580\"><a href=\"https:\/\/grupnexus.com\/es\/tratamientos\/estetica-avanzada\/\">Est\u00e9tica avanzada<\/a><\/li>\n<\/ul><\/div><\/div><!-- \/Widget Shortcode --><\/div>\n<div class=\"wpv-grid grid-3-4  wpv-first-level unextended\" style=\"padding-top:0px;padding-bottom:0px\" id=\"wpv-column-657f5ab901fcde49c0f0c2cdeecd2f24\" ><div class=\"row \"><div class=\"wpv-grid grid-1-1  first unextended animation-fade-in animated-active\" style=\"padding-top:0px;padding-bottom:0px\" id=\"wpv-column-0af3493287556797440800bd2e8496b0\" ><h2>TRATAMIENTOS M\u00c9DICO-EST\u00c9TICOS ESPEC\u00cdFICOS PARA BODAS<\/h2>\n<p>La organizaci\u00f3n de cualquier tipo de evento, sobre todo una boda, requiere anticipaci\u00f3n, organizaci\u00f3n y cuidar de muchos detalles, esto supone estr\u00e9s que, sumados a los nervios y emoci\u00f3n, dan como resultado cansancio, incluso a algunas personas ansiedad por comer.<\/p>\n<p>Por este motivo, tambi\u00e9n hay que a\u00f1adir a la lista de tareas que se elabora con antelaci\u00f3n (reservar restaurante, enviar invitaciones, vestido &#8230;) la visita con el asesor o asesora en belleza, salud y bienestar. En Cl\u00ednica Nexus ofrecemos toda la atenci\u00f3n necesaria y procedimientos a seguir para que el d\u00eda del evento los anfitriones est\u00e9n m\u00e1s espectaculares que nunca, habiendo disfrutado del proceso.<\/p>\n<blockquote><p>Diferentes programas m\u00e9dico-est\u00e9ticos (a partir de 150 \u20ac) dirigidos a los novios, a las madres de los novios, a las personas invitadas &#8230; incluyen tanto tratamientos faciales, como corporales: reductores, detox, oxigenantes o antienvejecimiento.<\/p><\/blockquote>\n<p>Estos son una gu\u00eda, a\u00fan as\u00ed, se valorar\u00e1 en cada caso las necesidades y casu\u00edsticas en una primera visita informativa gratuita.<\/p>\n<p><img loading=\"lazy\" class=\"aligncenter size-large wp-image-25334\" src=\"https:\/\/grupnexus.com\/wp-content\/uploads\/2018\/11\/Novios_CAST-724x1024.jpg\" alt=\"pack novios\" width=\"724\" height=\"1024\" srcset=\"https:\/\/grupnexus.com\/wp-content\/uploads\/2018\/11\/Novios_CAST-724x1024.jpg 724w, https:\/\/grupnexus.com\/wp-content\/uploads\/2018\/11\/Novios_CAST-510x721.jpg 510w, https:\/\/grupnexus.com\/wp-content\/uploads\/2018\/11\/Novios_CAST-212x300.jpg 212w, https:\/\/grupnexus.com\/wp-content\/uploads\/2018\/11\/Novios_CAST-768x1086.jpg 768w, https:\/\/grupnexus.com\/wp-content\/uploads\/2018\/11\/Novios_CAST-543x768.jpg 543w, https:\/\/grupnexus.com\/wp-content\/uploads\/2018\/11\/Novios_CAST-555x785.jpg 555w, https:\/\/grupnexus.com\/wp-content\/uploads\/2018\/11\/Novios_CAST-360x509.jpg 360w, https:\/\/grupnexus.com\/wp-content\/uploads\/2018\/11\/Novios_CAST-262x371.jpg 262w, https:\/\/grupnexus.com\/wp-content\/uploads\/2018\/11\/Novios_CAST.jpg 794w\" sizes=\"(max-width: 724px) 100vw, 724px\" \/><\/p>\n<p><img loading=\"lazy\" class=\"aligncenter size-large wp-image-25335\" src=\"https:\/\/grupnexus.com\/wp-content\/uploads\/2018\/11\/Reductor_CAST-724x1024.jpg\" alt=\"pack reductor\" width=\"724\" height=\"1024\" srcset=\"https:\/\/grupnexus.com\/wp-content\/uploads\/2018\/11\/Reductor_CAST-724x1024.jpg 724w, https:\/\/grupnexus.com\/wp-content\/uploads\/2018\/11\/Reductor_CAST-510x721.jpg 510w, https:\/\/grupnexus.com\/wp-content\/uploads\/2018\/11\/Reductor_CAST-212x300.jpg 212w, https:\/\/grupnexus.com\/wp-content\/uploads\/2018\/11\/Reductor_CAST-768x1086.jpg 768w, https:\/\/grupnexus.com\/wp-content\/uploads\/2018\/11\/Reductor_CAST-543x768.jpg 543w, https:\/\/grupnexus.com\/wp-content\/uploads\/2018\/11\/Reductor_CAST-555x785.jpg 555w, https:\/\/grupnexus.com\/wp-content\/uploads\/2018\/11\/Reductor_CAST-360x509.jpg 360w, https:\/\/grupnexus.com\/wp-content\/uploads\/2018\/11\/Reductor_CAST-262x371.jpg 262w, https:\/\/grupnexus.com\/wp-content\/uploads\/2018\/11\/Reductor_CAST.jpg 794w\" sizes=\"(max-width: 724px) 100vw, 724px\" \/><\/p>\n<p><img loading=\"lazy\" class=\"aligncenter size-large wp-image-25336\" src=\"https:\/\/grupnexus.com\/wp-content\/uploads\/2018\/11\/Madre_novios_CAST-724x1024.jpg\" alt=\"pack madre novios\" width=\"724\" height=\"1024\" srcset=\"https:\/\/grupnexus.com\/wp-content\/uploads\/2018\/11\/Madre_novios_CAST-724x1024.jpg 724w, https:\/\/grupnexus.com\/wp-content\/uploads\/2018\/11\/Madre_novios_CAST-510x721.jpg 510w, https:\/\/grupnexus.com\/wp-content\/uploads\/2018\/11\/Madre_novios_CAST-212x300.jpg 212w, https:\/\/grupnexus.com\/wp-content\/uploads\/2018\/11\/Madre_novios_CAST-768x1086.jpg 768w, https:\/\/grupnexus.com\/wp-content\/uploads\/2018\/11\/Madre_novios_CAST-543x768.jpg 543w, https:\/\/grupnexus.com\/wp-content\/uploads\/2018\/11\/Madre_novios_CAST-555x785.jpg 555w, https:\/\/grupnexus.com\/wp-content\/uploads\/2018\/11\/Madre_novios_CAST-360x509.jpg 360w, https:\/\/grupnexus.com\/wp-content\/uploads\/2018\/11\/Madre_novios_CAST-262x371.jpg 262w, https:\/\/grupnexus.com\/wp-content\/uploads\/2018\/11\/Madre_novios_CAST.jpg 794w\" sizes=\"(max-width: 724px) 100vw, 724px\" \/><\/p>\n<p>&nbsp;<\/p>\n<p style=\"text-align: center;\"><a href=\"\/wp-content\/uploads\/2018\/11\/Programas_6_meses_boda_CAST.pdf\"><strong>Descargar los packs aqu\u00ed<\/strong><\/a><\/p>\n<p>&nbsp;<\/div><\/div><\/div><\/div>\n<div class=\"sep\"><\/div>\n<div class=\"row \"><div class=\"wpv-grid grid-1-1  wpv-first-level first unextended\" style=\"padding-top:0px;padding-bottom:0px\" id=\"wpv-column-1b1edda93bed7022049b74d9eb21443f\" ><p><strong><span class=\"buscar\">Quiz\u00e1s estabas buscando:<\/span><\/strong><br \/>\n<span class=\"paraules\">Pack Novios<\/span><\/div><\/div>\n","protected":false},"excerpt":{"rendered":"<p>TRATAMIENTOS M\u00c9DICO-EST\u00c9TICOS ESPEC\u00cdFICOS PARA BODAS La organizaci\u00f3n de cualquier tipo de evento, sobre todo una boda, requiere anticipaci\u00f3n, organizaci\u00f3n y cuidar de muchos detalles, esto supone estr\u00e9s que, sumados a los nervios y emoci\u00f3n, dan como resultado cansancio, incluso a algunas personas ansiedad por comer. Por este motivo, tambi\u00e9n hay que a\u00f1adir a la lista&#8230;<\/p>\n","protected":false},"author":5,"featured_media":0,"parent":11483,"menu_order":0,"comment_status":"closed","ping_status":"closed","template":"","meta":[],"yoast_head":"<!-- This site is optimized with the Yoast SEO plugin v18.6 - https:\/\/yoast.com\/wordpress\/plugins\/seo\/ -->\n<title>Packs novios - Cl\u00ednica Nexus<\/title>\n<meta name=\"robots\" content=\"index, follow, max-snippet:-1, max-image-preview:large, max-video-preview:-1\" \/>\n<link rel=\"canonical\" href=\"https:\/\/grupnexus.com\/es\/tratamientos\/packs\/packs-novios\/\" \/>\n<meta property=\"og:locale\" content=\"es_ES\" \/>\n<meta property=\"og:type\" content=\"article\" \/>\n<meta property=\"og:title\" content=\"Packs novios - Cl\u00ednica Nexus\" \/>\n<meta property=\"og:description\" content=\"TRATAMIENTOS M\u00c9DICO-EST\u00c9TICOS ESPEC\u00cdFICOS PARA BODAS La organizaci\u00f3n de cualquier tipo de evento, sobre todo una boda, requiere anticipaci\u00f3n, organizaci\u00f3n y cuidar de muchos detalles, esto supone estr\u00e9s que, sumados a los nervios y emoci\u00f3n, dan como resultado cansancio, incluso a algunas personas ansiedad por comer. Por este motivo, tambi\u00e9n hay que a\u00f1adir a la lista...\" \/>\n<meta property=\"og:url\" content=\"https:\/\/grupnexus.com\/es\/tratamientos\/packs\/packs-novios\/\" \/>\n<meta property=\"og:site_name\" content=\"Cl\u00ednica Nexus\" \/>\n<meta property=\"article:modified_time\" content=\"2024-04-19T11:11:57+00:00\" \/>\n<meta property=\"og:image\" content=\"https:\/\/grupnexus.com\/wp-content\/uploads\/2018\/11\/Novios_CAST-724x1024.jpg\" \/>\n<meta name=\"twitter:card\" content=\"summary\" \/>\n<meta name=\"twitter:label1\" content=\"Tiempo de lectura\" \/>\n\t<meta name=\"twitter:data1\" content=\"2 minutos\" \/>\n<script type=\"application\/ld+json\" class=\"yoast-schema-graph\">{\"@context\":\"https:\/\/schema.org\",\"@graph\":[{\"@type\":\"WebSite\",\"@id\":\"https:\/\/grupnexus.com\/es\/#website\",\"url\":\"https:\/\/grupnexus.com\/es\/\",\"name\":\"Cl\u00ednica Nexus\",\"description\":\"L\u00edders en Medicina Est\u00e8tica Avan\u00e7ada\",\"potentialAction\":[{\"@type\":\"SearchAction\",\"target\":{\"@type\":\"EntryPoint\",\"urlTemplate\":\"https:\/\/grupnexus.com\/es\/?s={search_term_string}\"},\"query-input\":\"required name=search_term_string\"}],\"inLanguage\":\"es\"},{\"@type\":\"ImageObject\",\"@id\":\"https:\/\/grupnexus.com\/es\/tratamientos\/packs\/packs-novios\/#primaryimage\",\"inLanguage\":\"es\",\"url\":\"https:\/\/grupnexus.com\/wp-content\/uploads\/2018\/11\/Novios_CAST.jpg\",\"contentUrl\":\"https:\/\/grupnexus.com\/wp-content\/uploads\/2018\/11\/Novios_CAST.jpg\",\"width\":794,\"height\":1123,\"caption\":\"pack novios\"},{\"@type\":\"WebPage\",\"@id\":\"https:\/\/grupnexus.com\/es\/tratamientos\/packs\/packs-novios\/#webpage\",\"url\":\"https:\/\/grupnexus.com\/es\/tratamientos\/packs\/packs-novios\/\",\"name\":\"Packs novios - Cl\u00ednica Nexus\",\"isPartOf\":{\"@id\":\"https:\/\/grupnexus.com\/es\/#website\"},\"primaryImageOfPage\":{\"@id\":\"https:\/\/grupnexus.com\/es\/tratamientos\/packs\/packs-novios\/#primaryimage\"},\"datePublished\":\"2016-11-23T02:04:08+00:00\",\"dateModified\":\"2024-04-19T11:11:57+00:00\",\"breadcrumb\":{\"@id\":\"https:\/\/grupnexus.com\/es\/tratamientos\/packs\/packs-novios\/#breadcrumb\"},\"inLanguage\":\"es\",\"potentialAction\":[{\"@type\":\"ReadAction\",\"target\":[\"https:\/\/grupnexus.com\/es\/tratamientos\/packs\/packs-novios\/\"]}]},{\"@type\":\"BreadcrumbList\",\"@id\":\"https:\/\/grupnexus.com\/es\/tratamientos\/packs\/packs-novios\/#breadcrumb\",\"itemListElement\":[{\"@type\":\"ListItem\",\"position\":1,\"name\":\"Portada\",\"item\":\"https:\/\/grupnexus.com\/es\/\"},{\"@type\":\"ListItem\",\"position\":2,\"name\":\"Tratamientos\",\"item\":\"https:\/\/grupnexus.com\/es\/tratamientos\/\"},{\"@type\":\"ListItem\",\"position\":3,\"name\":\"Packs\",\"item\":\"https:\/\/grupnexus.com\/es\/tratamientos\/packs\/\"},{\"@type\":\"ListItem\",\"position\":4,\"name\":\"Packs novios\"}]}]}<\/script>\n<!-- \/ Yoast SEO plugin. -->","yoast_head_json":{"title":"Packs novios - Cl\u00ednica Nexus","robots":{"index":"index","follow":"follow","max-snippet":"max-snippet:-1","max-image-preview":"max-image-preview:large","max-video-preview":"max-video-preview:-1"},"canonical":"https:\/\/grupnexus.com\/es\/tratamientos\/packs\/packs-novios\/","og_locale":"es_ES","og_type":"article","og_title":"Packs novios - Cl\u00ednica Nexus","og_description":"TRATAMIENTOS M\u00c9DICO-EST\u00c9TICOS ESPEC\u00cdFICOS PARA BODAS La organizaci\u00f3n de cualquier tipo de evento, sobre todo una boda, requiere anticipaci\u00f3n, organizaci\u00f3n y cuidar de muchos detalles, esto supone estr\u00e9s que, sumados a los nervios y emoci\u00f3n, dan como resultado cansancio, incluso a algunas personas ansiedad por comer. Por este motivo, tambi\u00e9n hay que a\u00f1adir a la lista...","og_url":"https:\/\/grupnexus.com\/es\/tratamientos\/packs\/packs-novios\/","og_site_name":"Cl\u00ednica Nexus","article_modified_time":"2024-04-19T11:11:57+00:00","og_image":[{"url":"https:\/\/grupnexus.com\/wp-content\/uploads\/2018\/11\/Novios_CAST-724x1024.jpg"}],"twitter_card":"summary","twitter_misc":{"Tiempo de lectura":"2 minutos"},"schema":{"@context":"https:\/\/schema.org","@graph":[{"@type":"WebSite","@id":"https:\/\/grupnexus.com\/es\/#website","url":"https:\/\/grupnexus.com\/es\/","name":"Cl\u00ednica Nexus","description":"L\u00edders en Medicina Est\u00e8tica Avan\u00e7ada","potentialAction":[{"@type":"SearchAction","target":{"@type":"EntryPoint","urlTemplate":"https:\/\/grupnexus.com\/es\/?s={search_term_string}"},"query-input":"required name=search_term_string"}],"inLanguage":"es"},{"@type":"ImageObject","@id":"https:\/\/grupnexus.com\/es\/tratamientos\/packs\/packs-novios\/#primaryimage","inLanguage":"es","url":"https:\/\/grupnexus.com\/wp-content\/uploads\/2018\/11\/Novios_CAST.jpg","contentUrl":"https:\/\/grupnexus.com\/wp-content\/uploads\/2018\/11\/Novios_CAST.jpg","width":794,"height":1123,"caption":"pack novios"},{"@type":"WebPage","@id":"https:\/\/grupnexus.com\/es\/tratamientos\/packs\/packs-novios\/#webpage","url":"https:\/\/grupnexus.com\/es\/tratamientos\/packs\/packs-novios\/","name":"Packs novios - Cl\u00ednica Nexus","isPartOf":{"@id":"https:\/\/grupnexus.com\/es\/#website"},"primaryImageOfPage":{"@id":"https:\/\/grupnexus.com\/es\/tratamientos\/packs\/packs-novios\/#primaryimage"},"datePublished":"2016-11-23T02:04:08+00:00","dateModified":"2024-04-19T11:11:57+00:00","breadcrumb":{"@id":"https:\/\/grupnexus.com\/es\/tratamientos\/packs\/packs-novios\/#breadcrumb"},"inLanguage":"es","potentialAction":[{"@type":"ReadAction","target":["https:\/\/grupnexus.com\/es\/tratamientos\/packs\/packs-novios\/"]}]},{"@type":"BreadcrumbList","@id":"https:\/\/grupnexus.com\/es\/tratamientos\/packs\/packs-novios\/#breadcrumb","itemListElement":[{"@type":"ListItem","position":1,"name":"Portada","item":"https:\/\/grupnexus.com\/es\/"},{"@type":"ListItem","position":2,"name":"Tratamientos","item":"https:\/\/grupnexus.com\/es\/tratamientos\/"},{"@type":"ListItem","position":3,"name":"Packs","item":"https:\/\/grupnexus.com\/es\/tratamientos\/packs\/"},{"@type":"ListItem","position":4,"name":"Packs novios"}]}]}},"_links":{"self":[{"href":"https:\/\/grupnexus.com\/es\/wp-json\/wp\/v2\/pages\/11491"}],"collection":[{"href":"https:\/\/grupnexus.com\/es\/wp-json\/wp\/v2\/pages"}],"about":[{"href":"https:\/\/grupnexus.com\/es\/wp-json\/wp\/v2\/types\/page"}],"author":[{"embeddable":true,"href":"https:\/\/grupnexus.com\/es\/wp-json\/wp\/v2\/users\/5"}],"replies":[{"embeddable":true,"href":"https:\/\/grupnexus.com\/es\/wp-json\/wp\/v2\/comments?post=11491"}],"version-history":[{"count":6,"href":"https:\/\/grupnexus.com\/es\/wp-json\/wp\/v2\/pages\/11491\/revisions"}],"predecessor-version":[{"id":54968,"href":"https:\/\/grupnexus.com\/es\/wp-json\/wp\/v2\/pages\/11491\/revisions\/54968"}],"up":[{"embeddable":true,"href":"https:\/\/grupnexus.com\/es\/wp-json\/wp\/v2\/pages\/11483"}],"wp:attachment":[{"href":"https:\/\/grupnexus.com\/es\/wp-json\/wp\/v2\/media?parent=11491"}],"curies":[{"name":"wp","href":"https:\/\/api.w.org\/{rel}","templated":true}]}}