{"id":11913,"date":"2017-02-03T12:56:50","date_gmt":"2017-02-03T10:56:50","guid":{"rendered":"http:\/\/www.grupnexus.com\/?page_id=11913\/"},"modified":"2017-04-04T14:53:53","modified_gmt":"2017-04-04T12:53:53","slug":"eliminacion-tatuajes","status":"publish","type":"page","link":"https:\/\/grupnexus.com\/es\/landing\/eliminacion-tatuajes\/","title":{"rendered":"Eliminaci\u00f3n de tatuajes"},"content":{"rendered":"<div class=\"row \"><div class=\"wpv-grid grid-2-3  wpv-first-level first unextended\" style=\"padding-top:0px;padding-bottom:0px\" id=\"wpv-column-35e17a11708ea16d8de120719857683d\" ><div class=\"row \"><div class=\"wpv-grid grid-1-1  first unextended animation-from-left animated-active\" style=\"padding-top:0px;padding-bottom:0px\" id=\"wpv-column-56a952d05f38af0cc38bdddf322196c1\" ><div class=\"push\" style='height:30px'><\/div>\n<h1 style=\"padding-left: 10%; margin-top: 15px; color: #124577;\">PiCOSURE\u00ae LA NUEVA ERA PARA LA ELIMINACI\u00d3N DE TATUAJES<\/h1>\n<div style=\"padding: 0% 10% 10% 10%;\">\n<div class=\"push\" style='height:10px'><\/div>\n<p style=\"text-align: left; color: #35b5e6; font-size: 2em; line-height: 1em; font-weight: 600; padding-top: 0px; margin-top: 0px;\">Escoge\u00a0seguridad m\u00e9dica <span style=\"color: #162e4d;\">y<\/span><br \/>\n<span style=\"color: #162e4d;\">profesionales experimentados<\/span><\/p>\n<a href=\"tel:\/\/973279810\" target=\"_self\" style='font-size: 18px;' class=\"button vamtam-button accent1  button-border hover-accent1  alignleft\"><span class='icon shortcode  ' style=''>&#57490;<\/span><span class=\"btext\">Ll\u00e1manos al 973 279 810<\/span><\/a>\n<br clear=\"all\" \/><div class=\"push\" style='height:20px'><\/div>\n<p>&#8211; Mayor eficacia<br \/>\n&#8211; Menos sesiones<br \/>\n&#8211; Menos doloroso<br \/>\n&#8211;\u00a0Total tolerabilidad<br \/>\n&#8211;\u00a0No deja cicatrices<br \/>\n&#8211;\u00a0Eliminaci\u00f3n de tatuajes de todos los colores<br \/>\n&#8211;\u00a0Eliminaci\u00f3n de tatuajes residuales y recalcitrantes<\/p>\n<\/div><\/div><\/div>\n<div class=\"row \"><div class=\"wpv-grid grid-1-1  first unextended animation-from-left animated-active\" style=\"padding-top:0px;padding-bottom:0px\" id=\"wpv-column-e1008ae38b006df32fb82bcb8acf1001\" ><p style=\"text-align: center; color: #35b5e6; font-size: 3em; line-height: 1em; font-weight: 600; padding-top: 0px; margin-top: 0px;\">20% de descuento<\/p>\n<p style=\"text-align: center; color: #162e4d; font-size: 2em; line-height: 1em; font-weight: 600; padding-top: 0px; margin-top: 0px;\">Con\u00a0la contrataci\u00f3n de un<br \/>\nPack personalizado de 4 sesiones<\/p>\n<div class=\"push\" style='height:10px'><\/div>\n<h3 style=\"text-align: center;\"><strong>Ll\u00e1manos ahora al 973279810! Promoci\u00f3n limitada<\/strong><\/h3><\/div><\/div><\/div>\n<div class=\"wpv-grid grid-1-3  wpv-first-level unextended\" style=\"padding-top:0px;padding-bottom:0px\" id=\"wpv-column-4dcc6b4b4539c1e655d21c92c880bfec\" ><p><img loading=\"lazy\" class=\"aligncenter wp-image-11222 \" src=\"https:\/\/grupnexus.com\/wp-content\/uploads\/picosure-clinica-nexus-566x1024.png\" alt=\"picosure-clinica-nexus\" width=\"435\" height=\"787\" \/><\/div><\/div>\n<div class=\"push\" ><\/div>\n<div class=\"row \"><div class=\"wpv-grid grid-2-3  wpv-first-level first unextended\" style=\"padding-top:0px;padding-bottom:10px\" id=\"wpv-column-8b871563b9794b930ff693fc41d68fbb\" ><div class=\"row \"><div class=\"wpv-grid grid-1-1  first unextended animation-zoom-in animated-active\" style=\"padding-top:0px;padding-bottom:0px\" id=\"wpv-column-6202ea29a707813c1928957648ffbd6a\" ><p style=\"text-align: center; color: #162e4d; font-size: 2em; line-height: 1em; font-weight: 600; padding-top: 35px; margin-top: 0px;\">Primera visita informativa gratuita<\/p>\n<p><strong><img loading=\"lazy\" class=\"aligncenter wp-image-10434 size-medium\" src=\"https:\/\/grupnexus.com\/wp-content\/uploads\/20-anos-por-ti-300x300.png\" alt=\"\" width=\"300\" height=\"300\" srcset=\"https:\/\/grupnexus.com\/wp-content\/uploads\/20-anos-por-ti-300x300.png 300w, https:\/\/grupnexus.com\/wp-content\/uploads\/20-anos-por-ti-400x400.png 400w, https:\/\/grupnexus.com\/wp-content\/uploads\/20-anos-por-ti-100x100.png 100w, https:\/\/grupnexus.com\/wp-content\/uploads\/20-anos-por-ti-510x510.png 510w, https:\/\/grupnexus.com\/wp-content\/uploads\/20-anos-por-ti-150x150.png 150w, https:\/\/grupnexus.com\/wp-content\/uploads\/20-anos-por-ti-768x768.png 768w, https:\/\/grupnexus.com\/wp-content\/uploads\/20-anos-por-ti-60x60.png 60w, https:\/\/grupnexus.com\/wp-content\/uploads\/20-anos-por-ti-43x43.png 43w, https:\/\/grupnexus.com\/wp-content\/uploads\/20-anos-por-ti-555x555.png 555w, https:\/\/grupnexus.com\/wp-content\/uploads\/20-anos-por-ti-360x360.png 360w, https:\/\/grupnexus.com\/wp-content\/uploads\/20-anos-por-ti-262x262.png 262w, https:\/\/grupnexus.com\/wp-content\/uploads\/20-anos-por-ti.png 1000w\" sizes=\"(max-width: 300px) 100vw, 300px\" \/><\/strong><\/div><\/div><\/div>\n<div class=\"wpv-grid grid-1-3  wpv-first-level unextended\" style=\"padding-top:0px;padding-bottom:10px\" id=\"wpv-column-1bdd8999bbc41c0908d27241d59ac84a\" ><div class=\"row \"><div class=\"wpv-grid grid-1-1  first unextended animation-from-right animated-active\" style=\"padding-top:0px;padding-bottom:0px\" id=\"wpv-column-1ba1f6a510098572635f04474f0d5a42\" ><div class=\"push\" style='height:30px'><\/div>\n<h2>Solicita m\u00e1s\u00a0informaci\u00f3n&#8230;<\/h2><\/div><\/div>\n<div class=\"row \"><div class=\"wpv-grid grid-1-1  first unextended animation-from-right animated-active\" style=\"padding-top:0px;padding-bottom:0px\" id=\"wpv-column-cfaa0fe8fa1144c8d3f5754b5c740c15\" ><p><div role=\"form\" class=\"wpcf7\" id=\"wpcf7-f11938-o1\" lang=\"es-ES\" dir=\"ltr\">\n<div class=\"screen-reader-response\"><p role=\"status\" aria-live=\"polite\" aria-atomic=\"true\"><\/p> <ul><\/ul><\/div>\n<form action=\"\/es\/wp-json\/wp\/v2\/pages\/11913#wpcf7-f11938-o1\" method=\"post\" class=\"wpcf7-form init\" novalidate=\"novalidate\" data-status=\"init\">\n<div style=\"display: none;\">\n<input type=\"hidden\" name=\"_wpcf7\" value=\"11938\" \/>\n<input type=\"hidden\" name=\"_wpcf7_version\" value=\"5.5.6\" \/>\n<input type=\"hidden\" name=\"_wpcf7_locale\" value=\"es_ES\" \/>\n<input type=\"hidden\" name=\"_wpcf7_unit_tag\" value=\"wpcf7-f11938-o1\" \/>\n<input type=\"hidden\" name=\"_wpcf7_container_post\" value=\"0\" \/>\n<input type=\"hidden\" name=\"_wpcf7_posted_data_hash\" value=\"\" \/>\n<input type=\"hidden\" name=\"_wpcf7_recaptcha_response\" value=\"\" \/>\n<\/div>\n<p><span class=\"wpcf7-form-control-wrap your-name\"><input type=\"text\" name=\"your-name\" value=\"\" size=\"40\" class=\"wpcf7-form-control wpcf7-text wpcf7-validates-as-required\" aria-required=\"true\" aria-invalid=\"false\" placeholder=\"Nombre\" \/><\/span> <\/p>\n<p><span class=\"wpcf7-form-control-wrap your-email\"><input type=\"email\" name=\"your-email\" value=\"\" size=\"40\" class=\"wpcf7-form-control wpcf7-text wpcf7-email wpcf7-validates-as-required wpcf7-validates-as-email\" aria-required=\"true\" aria-invalid=\"false\" placeholder=\"email\" \/><\/span> <\/p>\n<p><span class=\"wpcf7-form-control-wrap your-telf\"><input type=\"tel\" name=\"your-telf\" value=\"\" size=\"40\" class=\"wpcf7-form-control wpcf7-text wpcf7-tel wpcf7-validates-as-tel\" aria-invalid=\"false\" placeholder=\"Tel\u00e9fono\" \/><\/span><\/p>\n<p><span class=\"wpcf7-form-control-wrap horari\"><select name=\"horari\" class=\"wpcf7-form-control wpcf7-select\" aria-invalid=\"false\"><option value=\"Llamar de 9:00 a 10:00\">Llamar de 9:00 a 10:00<\/option><option value=\"Llamar de 10:00 a 11:00\">Llamar de 10:00 a 11:00<\/option><option value=\"Llamar de 11:00 a 12:00\">Llamar de 11:00 a 12:00<\/option><option value=\"Llamar de 12:00 a 13:00\">Llamar de 12:00 a 13:00<\/option><option value=\"Llamar de 13:00 a 14:00\">Llamar de 13:00 a 14:00<\/option><option value=\"Llamar de 14:00 a 15:00\">Llamar de 14:00 a 15:00<\/option><option value=\"Llamar de 15:00 a 16:00\">Llamar de 15:00 a 16:00<\/option><option value=\"Llamar de 17:00 a 18:00\">Llamar de 17:00 a 18:00<\/option><option value=\"Llamar de 18:00 a 19:00\">Llamar de 18:00 a 19:00<\/option><option value=\"Llamar de 19:00 a 20:00\">Llamar de 19:00 a 20:00<\/option><\/select><\/span><\/p>\n<p><span class=\"wpcf7-form-control-wrap your-message\"><textarea name=\"your-message\" cols=\"40\" rows=\"10\" class=\"wpcf7-form-control wpcf7-textarea\" aria-invalid=\"false\" placeholder=\"Mensaje\"><\/textarea><\/span> <\/p>\n<p><input type=\"submit\" value=\"Enviar\" class=\"wpcf7-form-control has-spinner wpcf7-submit\" \/><\/p>\n<input type='hidden' class='wpcf7-pum' value='{\"closepopup\":false,\"closedelay\":0,\"openpopup\":false,\"openpopup_id\":0}' \/><div class=\"wpcf7-response-output\" aria-hidden=\"true\"><\/div><\/form><\/div><\/div><\/div><\/div><\/div>\n<div class=\"push\" style='height:5px'><\/div>\n<div class=\"row \"><div class=\"wpv-grid grid-1-1  wpv-first-level first unextended\" style=\"padding-top:0px;padding-bottom:10px\" id=\"wpv-column-977949d50bb947009f18c5d3ec114c99\" ><div class=\"row \"><div class=\"wpv-grid grid-1-3  first unextended\" style=\"padding-top:0px;padding-bottom:0px\" id=\"wpv-column-5f4e49678b5183fe93373245a361b0c0\" ><p><img loading=\"lazy\" class=\"aligncenter size-full wp-image-12161\" src=\"https:\/\/grupnexus.com\/wp-content\/uploads\/2017\/03\/picosure-landing-1-600.jpg\" alt=\"\" width=\"1067\" height=\"600\" srcset=\"https:\/\/grupnexus.com\/wp-content\/uploads\/2017\/03\/picosure-landing-1-600.jpg 1067w, https:\/\/grupnexus.com\/wp-content\/uploads\/2017\/03\/picosure-landing-1-600-510x287.jpg 510w, https:\/\/grupnexus.com\/wp-content\/uploads\/2017\/03\/picosure-landing-1-600-300x169.jpg 300w, https:\/\/grupnexus.com\/wp-content\/uploads\/2017\/03\/picosure-landing-1-600-1024x576.jpg 1024w, https:\/\/grupnexus.com\/wp-content\/uploads\/2017\/03\/picosure-landing-1-600-768x432.jpg 768w, https:\/\/grupnexus.com\/wp-content\/uploads\/2017\/03\/picosure-landing-1-600-555x312.jpg 555w, https:\/\/grupnexus.com\/wp-content\/uploads\/2017\/03\/picosure-landing-1-600-360x202.jpg 360w, https:\/\/grupnexus.com\/wp-content\/uploads\/2017\/03\/picosure-landing-1-600-262x147.jpg 262w\" sizes=\"(max-width: 1067px) 100vw, 1067px\" \/><\/div>\n<div class=\"wpv-grid grid-1-3  unextended\" style=\"padding-top:0px;padding-bottom:0px\" id=\"wpv-column-c5f38e65e5c0d88d94f01cd1f09278ee\" ><p><img loading=\"lazy\" class=\"aligncenter size-full wp-image-12154\" src=\"https:\/\/grupnexus.com\/wp-content\/uploads\/2017\/03\/picosure-landing-2-600.jpg\" alt=\"\" width=\"1067\" height=\"600\" srcset=\"https:\/\/grupnexus.com\/wp-content\/uploads\/2017\/03\/picosure-landing-2-600.jpg 1067w, https:\/\/grupnexus.com\/wp-content\/uploads\/2017\/03\/picosure-landing-2-600-510x287.jpg 510w, https:\/\/grupnexus.com\/wp-content\/uploads\/2017\/03\/picosure-landing-2-600-300x169.jpg 300w, https:\/\/grupnexus.com\/wp-content\/uploads\/2017\/03\/picosure-landing-2-600-1024x576.jpg 1024w, https:\/\/grupnexus.com\/wp-content\/uploads\/2017\/03\/picosure-landing-2-600-768x432.jpg 768w, https:\/\/grupnexus.com\/wp-content\/uploads\/2017\/03\/picosure-landing-2-600-555x312.jpg 555w, https:\/\/grupnexus.com\/wp-content\/uploads\/2017\/03\/picosure-landing-2-600-360x202.jpg 360w, https:\/\/grupnexus.com\/wp-content\/uploads\/2017\/03\/picosure-landing-2-600-262x147.jpg 262w\" sizes=\"(max-width: 1067px) 100vw, 1067px\" \/><\/div>\n<div class=\"wpv-grid grid-1-4  unextended\" style=\"padding-top:0px;padding-bottom:0px\" id=\"wpv-column-c0e31323b3b7fc2b6887f50dd044982d\" ><p><img loading=\"lazy\" class=\"aligncenter size-full wp-image-12169\" src=\"https:\/\/grupnexus.com\/wp-content\/uploads\/2017\/03\/3.Clinica-Nexus-PicoSure-Eliminacion-de-tatuajes.jpg\" alt=\"\" width=\"400\" height=\"300\" srcset=\"https:\/\/grupnexus.com\/wp-content\/uploads\/2017\/03\/3.Clinica-Nexus-PicoSure-Eliminacion-de-tatuajes.jpg 400w, https:\/\/grupnexus.com\/wp-content\/uploads\/2017\/03\/3.Clinica-Nexus-PicoSure-Eliminacion-de-tatuajes-300x225.jpg 300w, https:\/\/grupnexus.com\/wp-content\/uploads\/2017\/03\/3.Clinica-Nexus-PicoSure-Eliminacion-de-tatuajes-360x270.jpg 360w, https:\/\/grupnexus.com\/wp-content\/uploads\/2017\/03\/3.Clinica-Nexus-PicoSure-Eliminacion-de-tatuajes-262x197.jpg 262w\" sizes=\"(max-width: 400px) 100vw, 400px\" \/><\/div><\/div><\/div><\/div>\n<div class=\"row \"><div class=\"wpv-grid grid-1-1  wpv-first-level first unextended\" style=\"padding-top:0px;padding-bottom:10px\" id=\"wpv-column-b85f283eced9604c7c2c7c25028f35e1\" ><p class=\"textcenter\"><a href=\"\/es\/servicios-al-cliente\" target=\"_self\" style='font-size: 18px;' class=\"button vamtam-button accent1  button-border hover-accent1 \"><span class='icon shortcode  ' style=''>&#57506;<\/span><span class=\"btext\">Conoce todas nuestras ventajas \u2192<\/span><\/a><\/p>\n<div class=\"push\" style='height:20px'><\/div><\/div><\/div>\n","protected":false},"excerpt":{"rendered":"<p>PiCOSURE\u00ae LA NUEVA ERA PARA LA ELIMINACI\u00d3N DE TATUAJES Escoge\u00a0seguridad m\u00e9dica y profesionales experimentados &#8211; Mayor eficacia &#8211; Menos sesiones &#8211; Menos doloroso &#8211;\u00a0Total tolerabilidad &#8211;\u00a0No deja cicatrices &#8211;\u00a0Eliminaci\u00f3n de tatuajes de todos los colores &#8211;\u00a0Eliminaci\u00f3n de tatuajes residuales y recalcitrantes 20% de descuento Con\u00a0la contrataci\u00f3n de un Pack personalizado de 4 sesiones Ll\u00e1manos ahora&#8230;<\/p>\n","protected":false},"author":5,"featured_media":0,"parent":10292,"menu_order":0,"comment_status":"closed","ping_status":"closed","template":"","meta":[],"yoast_head":"<!-- This site is optimized with the Yoast SEO plugin v18.6 - https:\/\/yoast.com\/wordpress\/plugins\/seo\/ -->\n<title>Eliminaci\u00f3n de tatuajes - Cl\u00ednica Nexus<\/title>\n<meta name=\"description\" content=\"Escoge\u00a0seguridad m\u00e9dica y profesionales experimentados\" \/>\n<meta name=\"robots\" content=\"index, follow, max-snippet:-1, max-image-preview:large, max-video-preview:-1\" \/>\n<link rel=\"canonical\" href=\"https:\/\/grupnexus.com\/es\/landing\/eliminacion-tatuajes\/\" \/>\n<meta property=\"og:locale\" content=\"es_ES\" \/>\n<meta property=\"og:type\" content=\"article\" \/>\n<meta property=\"og:title\" content=\"Eliminaci\u00f3n de tatuajes - Cl\u00ednica Nexus\" \/>\n<meta property=\"og:description\" content=\"Escoge\u00a0seguridad m\u00e9dica y profesionales experimentados\" \/>\n<meta property=\"og:url\" content=\"https:\/\/grupnexus.com\/es\/landing\/eliminacion-tatuajes\/\" \/>\n<meta property=\"og:site_name\" content=\"Cl\u00ednica Nexus\" \/>\n<meta property=\"article:modified_time\" content=\"2017-04-04T12:53:53+00:00\" \/>\n<meta property=\"og:image\" content=\"https:\/\/grupnexus.com\/wp-content\/uploads\/picosure-clinica-nexus-566x1024.png\" \/>\n<meta name=\"twitter:card\" content=\"summary\" \/>\n<meta name=\"twitter:label1\" content=\"Tiempo de lectura\" \/>\n\t<meta name=\"twitter:data1\" content=\"3 minutos\" \/>\n<script type=\"application\/ld+json\" class=\"yoast-schema-graph\">{\"@context\":\"https:\/\/schema.org\",\"@graph\":[{\"@type\":\"WebSite\",\"@id\":\"https:\/\/grupnexus.com\/es\/#website\",\"url\":\"https:\/\/grupnexus.com\/es\/\",\"name\":\"Cl\u00ednica Nexus\",\"description\":\"L\u00edders en Medicina Est\u00e8tica Avan\u00e7ada\",\"potentialAction\":[{\"@type\":\"SearchAction\",\"target\":{\"@type\":\"EntryPoint\",\"urlTemplate\":\"https:\/\/grupnexus.com\/es\/?s={search_term_string}\"},\"query-input\":\"required name=search_term_string\"}],\"inLanguage\":\"es\"},{\"@type\":\"ImageObject\",\"@id\":\"https:\/\/grupnexus.com\/es\/landing\/eliminacion-tatuajes\/#primaryimage\",\"inLanguage\":\"es\",\"url\":\"https:\/\/grupnexus.com\/wp-content\/uploads\/picosure-clinica-nexus-566x1024.png\",\"contentUrl\":\"https:\/\/grupnexus.com\/wp-content\/uploads\/picosure-clinica-nexus-566x1024.png\"},{\"@type\":\"WebPage\",\"@id\":\"https:\/\/grupnexus.com\/es\/landing\/eliminacion-tatuajes\/#webpage\",\"url\":\"https:\/\/grupnexus.com\/es\/landing\/eliminacion-tatuajes\/\",\"name\":\"Eliminaci\u00f3n de tatuajes - Cl\u00ednica Nexus\",\"isPartOf\":{\"@id\":\"https:\/\/grupnexus.com\/es\/#website\"},\"primaryImageOfPage\":{\"@id\":\"https:\/\/grupnexus.com\/es\/landing\/eliminacion-tatuajes\/#primaryimage\"},\"datePublished\":\"2017-02-03T10:56:50+00:00\",\"dateModified\":\"2017-04-04T12:53:53+00:00\",\"description\":\"Escoge\u00a0seguridad m\u00e9dica y profesionales experimentados\",\"breadcrumb\":{\"@id\":\"https:\/\/grupnexus.com\/es\/landing\/eliminacion-tatuajes\/#breadcrumb\"},\"inLanguage\":\"es\",\"potentialAction\":[{\"@type\":\"ReadAction\",\"target\":[\"https:\/\/grupnexus.com\/es\/landing\/eliminacion-tatuajes\/\"]}]},{\"@type\":\"BreadcrumbList\",\"@id\":\"https:\/\/grupnexus.com\/es\/landing\/eliminacion-tatuajes\/#breadcrumb\",\"itemListElement\":[{\"@type\":\"ListItem\",\"position\":1,\"name\":\"Portada\",\"item\":\"https:\/\/grupnexus.com\/es\/\"},{\"@type\":\"ListItem\",\"position\":2,\"name\":\"landing\",\"item\":\"https:\/\/grupnexus.com\/es\/landing\/\"},{\"@type\":\"ListItem\",\"position\":3,\"name\":\"Eliminaci\u00f3n de tatuajes\"}]}]}<\/script>\n<!-- \/ Yoast SEO plugin. -->","yoast_head_json":{"title":"Eliminaci\u00f3n de tatuajes - Cl\u00ednica Nexus","description":"Escoge\u00a0seguridad m\u00e9dica y profesionales experimentados","robots":{"index":"index","follow":"follow","max-snippet":"max-snippet:-1","max-image-preview":"max-image-preview:large","max-video-preview":"max-video-preview:-1"},"canonical":"https:\/\/grupnexus.com\/es\/landing\/eliminacion-tatuajes\/","og_locale":"es_ES","og_type":"article","og_title":"Eliminaci\u00f3n de tatuajes - Cl\u00ednica Nexus","og_description":"Escoge\u00a0seguridad m\u00e9dica y profesionales experimentados","og_url":"https:\/\/grupnexus.com\/es\/landing\/eliminacion-tatuajes\/","og_site_name":"Cl\u00ednica Nexus","article_modified_time":"2017-04-04T12:53:53+00:00","og_image":[{"url":"https:\/\/grupnexus.com\/wp-content\/uploads\/picosure-clinica-nexus-566x1024.png"}],"twitter_card":"summary","twitter_misc":{"Tiempo de lectura":"3 minutos"},"schema":{"@context":"https:\/\/schema.org","@graph":[{"@type":"WebSite","@id":"https:\/\/grupnexus.com\/es\/#website","url":"https:\/\/grupnexus.com\/es\/","name":"Cl\u00ednica Nexus","description":"L\u00edders en Medicina Est\u00e8tica Avan\u00e7ada","potentialAction":[{"@type":"SearchAction","target":{"@type":"EntryPoint","urlTemplate":"https:\/\/grupnexus.com\/es\/?s={search_term_string}"},"query-input":"required name=search_term_string"}],"inLanguage":"es"},{"@type":"ImageObject","@id":"https:\/\/grupnexus.com\/es\/landing\/eliminacion-tatuajes\/#primaryimage","inLanguage":"es","url":"https:\/\/grupnexus.com\/wp-content\/uploads\/picosure-clinica-nexus-566x1024.png","contentUrl":"https:\/\/grupnexus.com\/wp-content\/uploads\/picosure-clinica-nexus-566x1024.png"},{"@type":"WebPage","@id":"https:\/\/grupnexus.com\/es\/landing\/eliminacion-tatuajes\/#webpage","url":"https:\/\/grupnexus.com\/es\/landing\/eliminacion-tatuajes\/","name":"Eliminaci\u00f3n de tatuajes - Cl\u00ednica Nexus","isPartOf":{"@id":"https:\/\/grupnexus.com\/es\/#website"},"primaryImageOfPage":{"@id":"https:\/\/grupnexus.com\/es\/landing\/eliminacion-tatuajes\/#primaryimage"},"datePublished":"2017-02-03T10:56:50+00:00","dateModified":"2017-04-04T12:53:53+00:00","description":"Escoge\u00a0seguridad m\u00e9dica y profesionales experimentados","breadcrumb":{"@id":"https:\/\/grupnexus.com\/es\/landing\/eliminacion-tatuajes\/#breadcrumb"},"inLanguage":"es","potentialAction":[{"@type":"ReadAction","target":["https:\/\/grupnexus.com\/es\/landing\/eliminacion-tatuajes\/"]}]},{"@type":"BreadcrumbList","@id":"https:\/\/grupnexus.com\/es\/landing\/eliminacion-tatuajes\/#breadcrumb","itemListElement":[{"@type":"ListItem","position":1,"name":"Portada","item":"https:\/\/grupnexus.com\/es\/"},{"@type":"ListItem","position":2,"name":"landing","item":"https:\/\/grupnexus.com\/es\/landing\/"},{"@type":"ListItem","position":3,"name":"Eliminaci\u00f3n de tatuajes"}]}]}},"_links":{"self":[{"href":"https:\/\/grupnexus.com\/es\/wp-json\/wp\/v2\/pages\/11913"}],"collection":[{"href":"https:\/\/grupnexus.com\/es\/wp-json\/wp\/v2\/pages"}],"about":[{"href":"https:\/\/grupnexus.com\/es\/wp-json\/wp\/v2\/types\/page"}],"author":[{"embeddable":true,"href":"https:\/\/grupnexus.com\/es\/wp-json\/wp\/v2\/users\/5"}],"replies":[{"embeddable":true,"href":"https:\/\/grupnexus.com\/es\/wp-json\/wp\/v2\/comments?post=11913"}],"version-history":[{"count":2,"href":"https:\/\/grupnexus.com\/es\/wp-json\/wp\/v2\/pages\/11913\/revisions"}],"predecessor-version":[{"id":12356,"href":"https:\/\/grupnexus.com\/es\/wp-json\/wp\/v2\/pages\/11913\/revisions\/12356"}],"up":[{"embeddable":true,"href":"https:\/\/grupnexus.com\/es\/wp-json\/wp\/v2\/pages\/10292"}],"wp:attachment":[{"href":"https:\/\/grupnexus.com\/es\/wp-json\/wp\/v2\/media?parent=11913"}],"curies":[{"name":"wp","href":"https:\/\/api.w.org\/{rel}","templated":true}]}}