{"id":12061,"date":"2017-03-10T17:25:27","date_gmt":"2017-03-10T15:25:27","guid":{"rendered":"http:\/\/www.grupnexus.com\/landing\/fotorejuveniment\/"},"modified":"2017-04-25T16:29:47","modified_gmt":"2017-04-25T14:29:47","slug":"fotorrejuvenecimiento","status":"publish","type":"page","link":"https:\/\/grupnexus.com\/es\/landing\/fotorrejuvenecimiento\/","title":{"rendered":"Fotorrejuvenecimiento"},"content":{"rendered":"<div class=\"row \"><div class=\"wpv-grid grid-2-3  wpv-first-level first unextended\" style=\"padding-top:0px;padding-bottom:0px\" id=\"wpv-column-3a38a1ef21a86eeac10c867bae1eb5eb\" ><div class=\"row \"><div class=\"wpv-grid grid-1-1  first unextended animation-from-left animated-active\" style=\"padding-top:0px;padding-bottom:0px\" id=\"wpv-column-767bd9a2a3eef79d8b5ef30d0770a48d\" ><div class=\"push\" style='height:30px'><\/div>\n<h1 style=\"padding-left: 10%; margin-top: 15px; color: #124577;\">FOTORREJUVENECIMIENTO FACIAL CON LA TECNOLOG\u00cdA L\u00c1SER DE PICOSURE\u00ae<\/h1>\n<div style=\"padding: 0% 10% 10% 10%;\">\n<div class=\"push\" style='height:10px'><\/div>\n<p style=\"text-align: left; color: #35b5e6; font-size: 2em; line-height: 1em; font-weight: 600; padding-top: 0px; margin-top: 0px;\">Escoge seguridad m\u00e9dica,<br \/>\n<span style=\"color: #162e4d;\">profesionales experimentados y tecnolog\u00eda l\u00edder<\/span><\/p>\n<a href=\"tel:\/\/973279810\" target=\"_self\" style='font-size: 18px;' class=\"button vamtam-button accent1  button-border hover-accent1  alignleft\"><span class='icon shortcode  ' style=''>&#57490;<\/span><span class=\"btext\">Ll\u00e1manos al 973 279 810<\/span><\/a>\n<br clear=\"all\" \/><div class=\"push\" style='height:20px'><\/div>\n<p>\u00a1Qu\u00edtate a\u00f1os en un \u00fanico tratamiento! Picosure\u00ae es el mejor tratamiento para la revitalizaci\u00f3n de la piel y reducir los signos no deseados del envejecimiento en la cara: arrugas periorbitales (patas de gallo), arrugas peribucales (alrededor de la boca), l\u00edneas de expresi\u00f3n, arrugas faciales y arrugas de fumadores.<\/p>\n<ul>\n<li>\u00a0M\u00e1xima reducci\u00f3n de arrugas.<\/li>\n<li>Aspecto m\u00e1s joven.<\/li>\n<li>Sin convalecencia.<\/li>\n<li>Resultados naturales y sostenibles en el tiempo.<\/li>\n<\/ul>\n<\/div><\/div><\/div>\n<div class=\"row \"><div class=\"wpv-grid grid-1-1  first unextended animation-from-left animated-active\" style=\"padding-top:0px;padding-bottom:0px\" id=\"wpv-column-bd173c1913ed985dabf57d59e10a6a26\" ><p style=\"text-align: center; color: #35b5e6; font-size: 3em; line-height: 1em; font-weight: 600; padding-top: 0px; margin-top: 0px;\">20% de\u00a0descuento<\/p>\n<p style=\"text-align: center; color: #162e4d; font-size: 2em; line-height: 1em; font-weight: 600; padding-top: 0px; margin-top: 0px;\">Packs personalizados<\/p>\n<div class=\"push\" style='height:10px'><\/div>\n<p style=\"text-align: center; color: #162e4d; font-size: 2em; line-height: 1em; font-weight: 600; padding-top: 0px; margin-top: 0px;\">REJUVENECIMIENTO FACIAL<\/p>\n<div class=\"push\" style='height:10px'><\/div>\n<h3 style=\"text-align: center;\"><strong>Ll\u00e1manos\u00a0al 973279810! Promoci\u00f3n limitada<\/strong><\/h3><\/div><\/div><\/div>\n<div class=\"wpv-grid grid-1-3  wpv-first-level unextended\" style=\"padding-top:0px;padding-bottom:0px\" id=\"wpv-column-c40e0551e720b476b847ba0490a5b87c\" ><p><img loading=\"lazy\" class=\"aligncenter wp-image-11222 \" src=\"https:\/\/grupnexus.com\/wp-content\/uploads\/picosure-clinica-nexus-566x1024.png\" alt=\"picosure-clinica-nexus\" width=\"435\" height=\"787\" \/><\/div><\/div>\n<div class=\"push\" ><\/div>\n<div class=\"row \"><div class=\"wpv-grid grid-2-3  wpv-first-level first unextended\" style=\"padding-top:0px;padding-bottom:10px\" id=\"wpv-column-a069329b1c94906efee4809f477035c3\" ><div class=\"row \"><div class=\"wpv-grid grid-1-1  first unextended animation-zoom-in animated-active\" style=\"padding-top:0px;padding-bottom:0px\" id=\"wpv-column-5f6c7dc1c461c1e4677348692c5c2cc7\" ><p style=\"text-align: center; color: #162e4d; font-size: 2em; line-height: 1em; font-weight: 600; padding-top: 35px; margin-top: 0px;\">Primera visita informativa gratuita<\/p>\n<p><strong><img loading=\"lazy\" class=\"aligncenter wp-image-10434 size-medium\" src=\"https:\/\/grupnexus.com\/wp-content\/uploads\/20-anos-por-ti-300x300.png\" width=\"300\" height=\"300\" srcset=\"https:\/\/grupnexus.com\/wp-content\/uploads\/20-anos-por-ti-300x300.png 300w, https:\/\/grupnexus.com\/wp-content\/uploads\/20-anos-por-ti-400x400.png 400w, https:\/\/grupnexus.com\/wp-content\/uploads\/20-anos-por-ti-100x100.png 100w, https:\/\/grupnexus.com\/wp-content\/uploads\/20-anos-por-ti-510x510.png 510w, https:\/\/grupnexus.com\/wp-content\/uploads\/20-anos-por-ti-150x150.png 150w, https:\/\/grupnexus.com\/wp-content\/uploads\/20-anos-por-ti-768x768.png 768w, https:\/\/grupnexus.com\/wp-content\/uploads\/20-anos-por-ti-60x60.png 60w, https:\/\/grupnexus.com\/wp-content\/uploads\/20-anos-por-ti-43x43.png 43w, https:\/\/grupnexus.com\/wp-content\/uploads\/20-anos-por-ti-555x555.png 555w, https:\/\/grupnexus.com\/wp-content\/uploads\/20-anos-por-ti-360x360.png 360w, https:\/\/grupnexus.com\/wp-content\/uploads\/20-anos-por-ti-262x262.png 262w, https:\/\/grupnexus.com\/wp-content\/uploads\/20-anos-por-ti.png 1000w\" sizes=\"(max-width: 300px) 100vw, 300px\" \/><\/strong><\/div><\/div><\/div>\n<div class=\"wpv-grid grid-1-3  wpv-first-level unextended\" style=\"padding-top:0px;padding-bottom:10px\" id=\"wpv-column-f213f69a20600e156dd78bb9a5a9b6b6\" ><div class=\"row \"><div class=\"wpv-grid grid-1-1  first unextended animation-from-right animated-active\" style=\"padding-top:0px;padding-bottom:0px\" id=\"wpv-column-d79358f3217e88ee9c0b31a3755d5b4e\" ><div class=\"push\" style='height:30px'><\/div>\n<h2>Solicita m\u00e1s informaci\u00f3n&#8230;<\/h2><\/div><\/div>\n<div class=\"row \"><div class=\"wpv-grid grid-1-1  first unextended animation-from-right animated-active\" style=\"padding-top:0px;padding-bottom:0px\" id=\"wpv-column-73056faeecdf164c29c2be38dcd3eacd\" ><p><div role=\"form\" class=\"wpcf7\" id=\"wpcf7-f12049-o1\" lang=\"es-ES\" dir=\"ltr\">\n<div class=\"screen-reader-response\"><p role=\"status\" aria-live=\"polite\" aria-atomic=\"true\"><\/p> <ul><\/ul><\/div>\n<form action=\"\/es\/wp-json\/wp\/v2\/pages\/12061#wpcf7-f12049-o1\" method=\"post\" class=\"wpcf7-form init\" novalidate=\"novalidate\" data-status=\"init\">\n<div style=\"display: none;\">\n<input type=\"hidden\" name=\"_wpcf7\" value=\"12049\" \/>\n<input type=\"hidden\" name=\"_wpcf7_version\" value=\"5.5.6\" \/>\n<input type=\"hidden\" name=\"_wpcf7_locale\" value=\"es_ES\" \/>\n<input type=\"hidden\" name=\"_wpcf7_unit_tag\" value=\"wpcf7-f12049-o1\" \/>\n<input type=\"hidden\" name=\"_wpcf7_container_post\" value=\"0\" \/>\n<input type=\"hidden\" name=\"_wpcf7_posted_data_hash\" value=\"\" \/>\n<input type=\"hidden\" name=\"_wpcf7_recaptcha_response\" value=\"\" \/>\n<\/div>\n<p><span class=\"wpcf7-form-control-wrap your-name\"><input type=\"text\" name=\"your-name\" value=\"\" size=\"40\" class=\"wpcf7-form-control wpcf7-text wpcf7-validates-as-required\" aria-required=\"true\" aria-invalid=\"false\" placeholder=\"Nombre\" \/><\/span> <\/p>\n<p><span class=\"wpcf7-form-control-wrap your-email\"><input type=\"email\" name=\"your-email\" value=\"\" size=\"40\" class=\"wpcf7-form-control wpcf7-text wpcf7-email wpcf7-validates-as-required wpcf7-validates-as-email\" aria-required=\"true\" aria-invalid=\"false\" placeholder=\"email\" \/><\/span> <\/p>\n<p><span class=\"wpcf7-form-control-wrap your-telf\"><input type=\"tel\" name=\"your-telf\" value=\"\" size=\"40\" class=\"wpcf7-form-control wpcf7-text wpcf7-tel wpcf7-validates-as-tel\" aria-invalid=\"false\" placeholder=\"Tel\u00e9fono\" \/><\/span><\/p>\n<p><span class=\"wpcf7-form-control-wrap horari\"><select name=\"horari\" class=\"wpcf7-form-control wpcf7-select\" aria-invalid=\"false\"><option value=\"Llamar de 9:00 a 10:00\">Llamar de 9:00 a 10:00<\/option><option value=\"Llamar de 10:00 a 11:00\">Llamar de 10:00 a 11:00<\/option><option value=\"Llamar de 11:00 a 12:00\">Llamar de 11:00 a 12:00<\/option><option value=\"Llamar de 12:00 a 13:00\">Llamar de 12:00 a 13:00<\/option><option value=\"Llamar de 13:00 a 14:00\">Llamar de 13:00 a 14:00<\/option><option value=\"Llamar de 14:00 a 15:00\">Llamar de 14:00 a 15:00<\/option><option value=\"Llamar de 15:00 a 16:00\">Llamar de 15:00 a 16:00<\/option><option value=\"Llamar de 17:00 a 18:00\">Llamar de 17:00 a 18:00<\/option><option value=\"Llamar de 18:00 a 19:00\">Llamar de 18:00 a 19:00<\/option><option value=\"Llamar de 19:00 a 20:00\">Llamar de 19:00 a 20:00<\/option><\/select><\/span><\/p>\n<p><span class=\"wpcf7-form-control-wrap your-message\"><textarea name=\"your-message\" cols=\"40\" rows=\"10\" class=\"wpcf7-form-control wpcf7-textarea\" aria-invalid=\"false\" placeholder=\"Mensaje\"><\/textarea><\/span> <\/p>\n<p><input type=\"submit\" value=\"Enviar\" class=\"wpcf7-form-control has-spinner wpcf7-submit\" \/><\/p>\n<input type='hidden' class='wpcf7-pum' value='{\"closepopup\":false,\"closedelay\":0,\"openpopup\":false,\"openpopup_id\":0}' \/><div class=\"wpcf7-response-output\" aria-hidden=\"true\"><\/div><\/form><\/div><\/div><\/div><\/div><\/div>\n<div class=\"push\" style='height:5px'><\/div>\n<div class=\"row \"><div class=\"wpv-grid grid-1-1  wpv-first-level first unextended\" style=\"padding-top:0px;padding-bottom:10px\" id=\"wpv-column-b8dd857f0daded463f91c9205f2ed28b\" ><div class=\"row \"><div class=\"wpv-grid grid-1-3  first unextended\" style=\"padding-top:0px;padding-bottom:0px\" id=\"wpv-column-2883ebfd1e69e8b26ae7ff7dfaf99065\" ><p><img class=\"alignnone\" src=\"https:\/\/grupnexus.com\/wp-content\/uploads\/2017\/03\/1.re250.jpg\" height=\"250\" \/><\/div>\n<div class=\"wpv-grid grid-1-3  unextended\" style=\"padding-top:0px;padding-bottom:0px\" id=\"wpv-column-ddd800ad64674317c65d01bbcaa47bb1\" ><p><img class=\"alignnone\" src=\"https:\/\/grupnexus.com\/wp-content\/uploads\/2017\/03\/2.re250.jpg\" height=\"250\" \/><\/div>\n<div class=\"wpv-grid grid-1-3  unextended\" style=\"padding-top:0px;padding-bottom:0px\" id=\"wpv-column-7b37410bda44ff2ec5f339c28b514d6f\" ><p><img class=\"alignnone size-full\" src=\"https:\/\/grupnexus.com\/wp-content\/uploads\/2017\/03\/3.re250.jpg\" height=\"250\" \/><\/div><\/div><\/div><\/div>\n<div class=\"row \"><div class=\"wpv-grid grid-1-1  wpv-first-level first unextended\" style=\"padding-top:0px;padding-bottom:10px\" id=\"wpv-column-2567bd0ad2cbeed0e58faa28225e9c51\" ><p class=\"textcenter\"><a href=\"\/es\/servicios-al-cliente\" target=\"_self\" style='font-size: 18px;' class=\"button vamtam-button accent1  button-border hover-accent1 \"><span class='icon shortcode  ' style=''>&#57506;<\/span><span class=\"btext\">Conoce todas nuestras ventajas \u2192<\/span><\/a><\/p>\n<div class=\"push\" style='height:20px'><\/div><\/div><\/div>\n","protected":false},"excerpt":{"rendered":"<p>FOTORREJUVENECIMIENTO FACIAL CON LA TECNOLOG\u00cdA L\u00c1SER DE PICOSURE\u00ae Escoge seguridad m\u00e9dica, profesionales experimentados y tecnolog\u00eda l\u00edder \u00a1Qu\u00edtate a\u00f1os en un \u00fanico tratamiento! Picosure\u00ae es el mejor tratamiento para la revitalizaci\u00f3n de la piel y reducir los signos no deseados del envejecimiento en la cara: arrugas periorbitales (patas de gallo), arrugas peribucales (alrededor de la boca),&#8230;<\/p>\n","protected":false},"author":5,"featured_media":0,"parent":10292,"menu_order":0,"comment_status":"closed","ping_status":"closed","template":"","meta":[],"yoast_head":"<!-- This site is optimized with the Yoast SEO plugin v18.6 - https:\/\/yoast.com\/wordpress\/plugins\/seo\/ -->\n<title>Fotorrejuvenecimiento facial - Clinica Nexus<\/title>\n<meta name=\"description\" content=\"Con la tecnolog\u00eda l\u00e1ser de PICOSURE\u00ae\" \/>\n<meta name=\"robots\" content=\"index, follow, max-snippet:-1, max-image-preview:large, max-video-preview:-1\" \/>\n<link rel=\"canonical\" href=\"https:\/\/grupnexus.com\/es\/landing\/fotorrejuvenecimiento\/\" \/>\n<meta property=\"og:locale\" content=\"es_ES\" \/>\n<meta property=\"og:type\" content=\"article\" \/>\n<meta property=\"og:title\" content=\"Fotorrejuvenecimiento facial - Clinica Nexus\" \/>\n<meta property=\"og:description\" content=\"Con la tecnolog\u00eda l\u00e1ser de PICOSURE\u00ae\" \/>\n<meta property=\"og:url\" content=\"https:\/\/grupnexus.com\/es\/landing\/fotorrejuvenecimiento\/\" \/>\n<meta property=\"og:site_name\" content=\"Cl\u00ednica Nexus\" \/>\n<meta property=\"article:modified_time\" content=\"2017-04-25T14:29:47+00:00\" \/>\n<meta property=\"og:image\" content=\"https:\/\/grupnexus.com\/wp-content\/uploads\/picosure-clinica-nexus-566x1024.png\" \/>\n<meta name=\"twitter:card\" content=\"summary\" \/>\n<meta name=\"twitter:label1\" content=\"Tiempo de lectura\" \/>\n\t<meta name=\"twitter:data1\" content=\"3 minutos\" \/>\n<script type=\"application\/ld+json\" class=\"yoast-schema-graph\">{\"@context\":\"https:\/\/schema.org\",\"@graph\":[{\"@type\":\"WebSite\",\"@id\":\"https:\/\/grupnexus.com\/es\/#website\",\"url\":\"https:\/\/grupnexus.com\/es\/\",\"name\":\"Cl\u00ednica Nexus\",\"description\":\"L\u00edders en Medicina Est\u00e8tica Avan\u00e7ada\",\"potentialAction\":[{\"@type\":\"SearchAction\",\"target\":{\"@type\":\"EntryPoint\",\"urlTemplate\":\"https:\/\/grupnexus.com\/es\/?s={search_term_string}\"},\"query-input\":\"required name=search_term_string\"}],\"inLanguage\":\"es\"},{\"@type\":\"ImageObject\",\"@id\":\"https:\/\/grupnexus.com\/es\/landing\/fotorrejuvenecimiento\/#primaryimage\",\"inLanguage\":\"es\",\"url\":\"https:\/\/grupnexus.com\/wp-content\/uploads\/picosure-clinica-nexus-566x1024.png\",\"contentUrl\":\"https:\/\/grupnexus.com\/wp-content\/uploads\/picosure-clinica-nexus-566x1024.png\"},{\"@type\":\"WebPage\",\"@id\":\"https:\/\/grupnexus.com\/es\/landing\/fotorrejuvenecimiento\/#webpage\",\"url\":\"https:\/\/grupnexus.com\/es\/landing\/fotorrejuvenecimiento\/\",\"name\":\"Fotorrejuvenecimiento facial - Clinica Nexus\",\"isPartOf\":{\"@id\":\"https:\/\/grupnexus.com\/es\/#website\"},\"primaryImageOfPage\":{\"@id\":\"https:\/\/grupnexus.com\/es\/landing\/fotorrejuvenecimiento\/#primaryimage\"},\"datePublished\":\"2017-03-10T15:25:27+00:00\",\"dateModified\":\"2017-04-25T14:29:47+00:00\",\"description\":\"Con la tecnolog\u00eda l\u00e1ser de PICOSURE\u00ae\",\"breadcrumb\":{\"@id\":\"https:\/\/grupnexus.com\/es\/landing\/fotorrejuvenecimiento\/#breadcrumb\"},\"inLanguage\":\"es\",\"potentialAction\":[{\"@type\":\"ReadAction\",\"target\":[\"https:\/\/grupnexus.com\/es\/landing\/fotorrejuvenecimiento\/\"]}]},{\"@type\":\"BreadcrumbList\",\"@id\":\"https:\/\/grupnexus.com\/es\/landing\/fotorrejuvenecimiento\/#breadcrumb\",\"itemListElement\":[{\"@type\":\"ListItem\",\"position\":1,\"name\":\"Portada\",\"item\":\"https:\/\/grupnexus.com\/es\/\"},{\"@type\":\"ListItem\",\"position\":2,\"name\":\"landing\",\"item\":\"https:\/\/grupnexus.com\/es\/landing\/\"},{\"@type\":\"ListItem\",\"position\":3,\"name\":\"Fotorrejuvenecimiento\"}]}]}<\/script>\n<!-- \/ Yoast SEO plugin. -->","yoast_head_json":{"title":"Fotorrejuvenecimiento facial - Clinica Nexus","description":"Con la tecnolog\u00eda l\u00e1ser de PICOSURE\u00ae","robots":{"index":"index","follow":"follow","max-snippet":"max-snippet:-1","max-image-preview":"max-image-preview:large","max-video-preview":"max-video-preview:-1"},"canonical":"https:\/\/grupnexus.com\/es\/landing\/fotorrejuvenecimiento\/","og_locale":"es_ES","og_type":"article","og_title":"Fotorrejuvenecimiento facial - Clinica Nexus","og_description":"Con la tecnolog\u00eda l\u00e1ser de PICOSURE\u00ae","og_url":"https:\/\/grupnexus.com\/es\/landing\/fotorrejuvenecimiento\/","og_site_name":"Cl\u00ednica Nexus","article_modified_time":"2017-04-25T14:29:47+00:00","og_image":[{"url":"https:\/\/grupnexus.com\/wp-content\/uploads\/picosure-clinica-nexus-566x1024.png"}],"twitter_card":"summary","twitter_misc":{"Tiempo de lectura":"3 minutos"},"schema":{"@context":"https:\/\/schema.org","@graph":[{"@type":"WebSite","@id":"https:\/\/grupnexus.com\/es\/#website","url":"https:\/\/grupnexus.com\/es\/","name":"Cl\u00ednica Nexus","description":"L\u00edders en Medicina Est\u00e8tica Avan\u00e7ada","potentialAction":[{"@type":"SearchAction","target":{"@type":"EntryPoint","urlTemplate":"https:\/\/grupnexus.com\/es\/?s={search_term_string}"},"query-input":"required name=search_term_string"}],"inLanguage":"es"},{"@type":"ImageObject","@id":"https:\/\/grupnexus.com\/es\/landing\/fotorrejuvenecimiento\/#primaryimage","inLanguage":"es","url":"https:\/\/grupnexus.com\/wp-content\/uploads\/picosure-clinica-nexus-566x1024.png","contentUrl":"https:\/\/grupnexus.com\/wp-content\/uploads\/picosure-clinica-nexus-566x1024.png"},{"@type":"WebPage","@id":"https:\/\/grupnexus.com\/es\/landing\/fotorrejuvenecimiento\/#webpage","url":"https:\/\/grupnexus.com\/es\/landing\/fotorrejuvenecimiento\/","name":"Fotorrejuvenecimiento facial - Clinica Nexus","isPartOf":{"@id":"https:\/\/grupnexus.com\/es\/#website"},"primaryImageOfPage":{"@id":"https:\/\/grupnexus.com\/es\/landing\/fotorrejuvenecimiento\/#primaryimage"},"datePublished":"2017-03-10T15:25:27+00:00","dateModified":"2017-04-25T14:29:47+00:00","description":"Con la tecnolog\u00eda l\u00e1ser de PICOSURE\u00ae","breadcrumb":{"@id":"https:\/\/grupnexus.com\/es\/landing\/fotorrejuvenecimiento\/#breadcrumb"},"inLanguage":"es","potentialAction":[{"@type":"ReadAction","target":["https:\/\/grupnexus.com\/es\/landing\/fotorrejuvenecimiento\/"]}]},{"@type":"BreadcrumbList","@id":"https:\/\/grupnexus.com\/es\/landing\/fotorrejuvenecimiento\/#breadcrumb","itemListElement":[{"@type":"ListItem","position":1,"name":"Portada","item":"https:\/\/grupnexus.com\/es\/"},{"@type":"ListItem","position":2,"name":"landing","item":"https:\/\/grupnexus.com\/es\/landing\/"},{"@type":"ListItem","position":3,"name":"Fotorrejuvenecimiento"}]}]}},"_links":{"self":[{"href":"https:\/\/grupnexus.com\/es\/wp-json\/wp\/v2\/pages\/12061"}],"collection":[{"href":"https:\/\/grupnexus.com\/es\/wp-json\/wp\/v2\/pages"}],"about":[{"href":"https:\/\/grupnexus.com\/es\/wp-json\/wp\/v2\/types\/page"}],"author":[{"embeddable":true,"href":"https:\/\/grupnexus.com\/es\/wp-json\/wp\/v2\/users\/5"}],"replies":[{"embeddable":true,"href":"https:\/\/grupnexus.com\/es\/wp-json\/wp\/v2\/comments?post=12061"}],"version-history":[{"count":3,"href":"https:\/\/grupnexus.com\/es\/wp-json\/wp\/v2\/pages\/12061\/revisions"}],"predecessor-version":[{"id":12598,"href":"https:\/\/grupnexus.com\/es\/wp-json\/wp\/v2\/pages\/12061\/revisions\/12598"}],"up":[{"embeddable":true,"href":"https:\/\/grupnexus.com\/es\/wp-json\/wp\/v2\/pages\/10292"}],"wp:attachment":[{"href":"https:\/\/grupnexus.com\/es\/wp-json\/wp\/v2\/media?parent=12061"}],"curies":[{"name":"wp","href":"https:\/\/api.w.org\/{rel}","templated":true}]}}