{"id":12073,"date":"2017-03-15T18:36:12","date_gmt":"2017-03-15T16:36:12","guid":{"rendered":"http:\/\/www.grupnexus.com\/?page_id=12073\/"},"modified":"2024-04-19T13:05:54","modified_gmt":"2024-04-19T11:05:54","slug":"varices","status":"publish","type":"page","link":"https:\/\/grupnexus.com\/es\/landing\/varices\/","title":{"rendered":"Varices"},"content":{"rendered":"<div class=\"row \"><div class=\"wpv-grid grid-2-3  wpv-first-level first unextended\" style=\"padding-top:0px;padding-bottom:0px\" id=\"wpv-column-502a13081c99813b678e5f9e430a6a24\" ><div class=\"row \"><div class=\"wpv-grid grid-1-1  first unextended animation-from-left animated-active\" style=\"padding-top:0px;padding-bottom:0px\" id=\"wpv-column-fade4f67d60e1e4ca5d0af442ac70b8d\" ><div class=\"push\" style='height:30px'><\/div>\n<h1 style=\"padding-left: 10%; margin-top: 15px; color: #124577;\">ELIMINACI\u00d3N DE VARICES CON EL SISTEMA L\u00c1SER VASCULAR CYNERGY&#x2122;<\/h1>\n<div style=\"padding: 0% 10% 10% 10%;\">\n<div class=\"push\" style='height:10px'><\/div>\n<p style=\"text-align: left; color: #35b5e6; font-size: 2em; line-height: 1em; font-weight: 600; padding-top: 0px; margin-top: 0px;\">Escoge seguridad m\u00e9dica, <span style=\"color: #162e4d;\"><br \/>\nprofesionales experimentados y tecnolog\u00eda l\u00edder<\/span><\/p>\n<a href=\"tel:\/\/973279810\" target=\"_self\" style='font-size: 18px;' class=\"button vamtam-button accent1  button-border hover-accent1  alignleft\"><span class='icon shortcode  ' style=''>&#57490;<\/span><span class=\"btext\">Ll\u00e1manos al 973 279 810<\/span><\/a>\n<br clear=\"all\" \/><div class=\"push\" style='height:20px'><\/div>\n<p>El L\u00e1ser vascular CynergyTM es la mejor opci\u00f3n para eliminar todo tipo de lesiones vasculares: telangiectasias, ara\u00f1as vasculares, hemangiomas, manchas de vino de oporto y ros\u00e1cea.<\/p>\n<ul>\n<li>La plataforma l\u00e1ser vascular m\u00e1s evolucionada del mundo<\/li>\n<li>Tecnolog\u00eda avanzada de doble longitud de onda secuencial Multiplex&#x2122;<\/li>\n<li>L\u00e1ser colorante pulsado de 585 nm y l\u00e1ser Nd: Yag de 1064 nm<\/li>\n<li>Uso eficaz y seguro, incluso en tratamientos pedi\u00e1tricos<\/li>\n<li>Sin convalecencia<\/li>\n<li>Excelentes resultados<\/li>\n<\/ul>\n<\/div><\/div><\/div>\n<div class=\"row \"><div class=\"wpv-grid grid-1-1  first unextended animation-from-left animated-active\" style=\"padding-top:0px;padding-bottom:0px\" id=\"wpv-column-fa87722d85fdbe1b932cbe43d018b6a2\" ><p style=\"text-align: center; color: #162e4d; font-size: 2em; line-height: 1em; font-weight: 600; padding-top: 0px; margin-top: 0px;\">Packs personalizados<\/p>\n<div class=\"push\" style='height:10px'><\/div>\n<p style=\"text-align: center; color: #162e4d; font-size: 2em; line-height: 1em; font-weight: 600; padding-top: 0px; margin-top: 0px;\">TERAPIA FOTODIN\u00c1MICA\u00a0VARICES<\/p>\n<div class=\"push\" style='height:10px'><\/div>\n<h3 style=\"text-align: center;\"><strong>Ll\u00e1manos\u00a0al 973279810! Promoci\u00f3n limitada<\/strong><\/h3><\/div><\/div><\/div>\n<div class=\"wpv-grid grid-1-3  wpv-first-level unextended\" style=\"padding-top:0px;padding-bottom:0px\" id=\"wpv-column-62753a96f26a8f25313a59bc5715a819\" ><p><img class=\"aligncenter wp-image-11222 size-full\" src=\"https:\/\/grupnexus.com\/wp-content\/uploads\/2017\/03\/varices-landing-cynergy.jpg\" alt=\"L\u00e1ser Vascular Cynergy\" \/><\/div><\/div>\n<div class=\"push\" ><\/div>\n<div class=\"row \"><div class=\"wpv-grid grid-2-3  wpv-first-level first unextended\" style=\"padding-top:0px;padding-bottom:10px\" id=\"wpv-column-e86748d4efb31551200a01395ada0f0e\" ><div class=\"row \"><div class=\"wpv-grid grid-1-1  first unextended animation-zoom-in animated-active\" style=\"padding-top:0px;padding-bottom:0px\" id=\"wpv-column-8ec312ee0276c730fc349b413f06da42\" ><p style=\"text-align: center; color: #162e4d; font-size: 2em; line-height: 1em; font-weight: 600; padding-top: 35px; margin-top: 0px;\">Primera visita informativa gratuita<\/p>\n<p><strong><img loading=\"lazy\" class=\"aligncenter wp-image-10434 size-medium\" src=\"https:\/\/grupnexus.com\/wp-content\/uploads\/20-anos-por-ti-300x300.png\" width=\"300\" height=\"300\" srcset=\"https:\/\/grupnexus.com\/wp-content\/uploads\/20-anos-por-ti-300x300.png 300w, https:\/\/grupnexus.com\/wp-content\/uploads\/20-anos-por-ti-400x400.png 400w, https:\/\/grupnexus.com\/wp-content\/uploads\/20-anos-por-ti-100x100.png 100w, https:\/\/grupnexus.com\/wp-content\/uploads\/20-anos-por-ti-510x510.png 510w, https:\/\/grupnexus.com\/wp-content\/uploads\/20-anos-por-ti-150x150.png 150w, https:\/\/grupnexus.com\/wp-content\/uploads\/20-anos-por-ti-768x768.png 768w, https:\/\/grupnexus.com\/wp-content\/uploads\/20-anos-por-ti-60x60.png 60w, https:\/\/grupnexus.com\/wp-content\/uploads\/20-anos-por-ti-43x43.png 43w, https:\/\/grupnexus.com\/wp-content\/uploads\/20-anos-por-ti-555x555.png 555w, https:\/\/grupnexus.com\/wp-content\/uploads\/20-anos-por-ti-360x360.png 360w, https:\/\/grupnexus.com\/wp-content\/uploads\/20-anos-por-ti-262x262.png 262w, https:\/\/grupnexus.com\/wp-content\/uploads\/20-anos-por-ti.png 1000w\" sizes=\"(max-width: 300px) 100vw, 300px\" \/><\/strong><\/div><\/div><\/div>\n<div class=\"wpv-grid grid-1-3  wpv-first-level unextended\" style=\"padding-top:0px;padding-bottom:10px\" id=\"wpv-column-6f51553f685168a5821bd7739ee8216b\" ><div class=\"row \"><div class=\"wpv-grid grid-1-1  first unextended animation-from-right animated-active\" style=\"padding-top:0px;padding-bottom:0px\" id=\"wpv-column-309f4d944ea82c964a53ba230756017f\" ><div class=\"push\" style='height:30px'><\/div>\n<h2>Solicita m\u00e1s informaci\u00f3n&#8230;<\/h2><\/div><\/div>\n<div class=\"row \"><div class=\"wpv-grid grid-1-1  first unextended animation-from-right animated-active\" style=\"padding-top:0px;padding-bottom:0px\" id=\"wpv-column-610a061c12a416cfb79bba4d02453e76\" ><p><div role=\"form\" class=\"wpcf7\" id=\"wpcf7-f12071-o1\" lang=\"es-ES\" dir=\"ltr\">\n<div class=\"screen-reader-response\"><p role=\"status\" aria-live=\"polite\" aria-atomic=\"true\"><\/p> <ul><\/ul><\/div>\n<form action=\"\/es\/wp-json\/wp\/v2\/pages\/12073#wpcf7-f12071-o1\" method=\"post\" class=\"wpcf7-form init\" novalidate=\"novalidate\" data-status=\"init\">\n<div style=\"display: none;\">\n<input type=\"hidden\" name=\"_wpcf7\" value=\"12071\" \/>\n<input type=\"hidden\" name=\"_wpcf7_version\" value=\"5.5.6\" \/>\n<input type=\"hidden\" name=\"_wpcf7_locale\" value=\"es_ES\" \/>\n<input type=\"hidden\" name=\"_wpcf7_unit_tag\" value=\"wpcf7-f12071-o1\" \/>\n<input type=\"hidden\" name=\"_wpcf7_container_post\" value=\"0\" \/>\n<input type=\"hidden\" name=\"_wpcf7_posted_data_hash\" value=\"\" \/>\n<input type=\"hidden\" name=\"_wpcf7_recaptcha_response\" value=\"\" \/>\n<\/div>\n<p><span class=\"wpcf7-form-control-wrap your-name\"><input type=\"text\" name=\"your-name\" value=\"\" size=\"40\" class=\"wpcf7-form-control wpcf7-text wpcf7-validates-as-required\" aria-required=\"true\" aria-invalid=\"false\" placeholder=\"Nombre\" \/><\/span> <\/p>\n<p><span class=\"wpcf7-form-control-wrap your-email\"><input type=\"email\" name=\"your-email\" value=\"\" size=\"40\" class=\"wpcf7-form-control wpcf7-text wpcf7-email wpcf7-validates-as-required wpcf7-validates-as-email\" aria-required=\"true\" aria-invalid=\"false\" placeholder=\"email\" \/><\/span> <\/p>\n<p><span class=\"wpcf7-form-control-wrap your-telf\"><input type=\"tel\" name=\"your-telf\" value=\"\" size=\"40\" class=\"wpcf7-form-control wpcf7-text wpcf7-tel wpcf7-validates-as-tel\" aria-invalid=\"false\" placeholder=\"Tel\u00e9fono\" \/><\/span><\/p>\n<p><span class=\"wpcf7-form-control-wrap horari\"><select name=\"horari\" class=\"wpcf7-form-control wpcf7-select\" aria-invalid=\"false\"><option value=\"Llamar de 9:00 a 10:00\">Llamar de 9:00 a 10:00<\/option><option value=\"Llamar de 10:00 a 11:00\">Llamar de 10:00 a 11:00<\/option><option value=\"Llamar de 11:00 a 12:00\">Llamar de 11:00 a 12:00<\/option><option value=\"Llamar de 12:00 a 13:00\">Llamar de 12:00 a 13:00<\/option><option value=\"Llamar de 13:00 a 14:00\">Llamar de 13:00 a 14:00<\/option><option value=\"Llamar de 14:00 a 15:00\">Llamar de 14:00 a 15:00<\/option><option value=\"Llamar de 15:00 a 16:00\">Llamar de 15:00 a 16:00<\/option><option value=\"Llamar de 17:00 a 18:00\">Llamar de 17:00 a 18:00<\/option><option value=\"Llamar de 18:00 a 19:00\">Llamar de 18:00 a 19:00<\/option><option value=\"Llamar de 19:00 a 20:00\">Llamar de 19:00 a 20:00<\/option><\/select><\/span><\/p>\n<p><span class=\"wpcf7-form-control-wrap your-message\"><textarea name=\"your-message\" cols=\"40\" rows=\"10\" class=\"wpcf7-form-control wpcf7-textarea\" aria-invalid=\"false\" placeholder=\"Mensaje\"><\/textarea><\/span> <\/p>\n<p><input type=\"submit\" value=\"Enviar\" class=\"wpcf7-form-control has-spinner wpcf7-submit\" \/><\/p>\n<input type='hidden' class='wpcf7-pum' value='{\"closepopup\":false,\"closedelay\":0,\"openpopup\":false,\"openpopup_id\":0}' \/><div class=\"wpcf7-response-output\" aria-hidden=\"true\"><\/div><\/form><\/div><\/div><\/div><\/div><\/div>\n<div class=\"push\" style='height:5px'><\/div>\n<div class=\"row \"><div class=\"wpv-grid grid-1-1  wpv-first-level first unextended\" style=\"padding-top:0px;padding-bottom:10px\" id=\"wpv-column-a49ca2b0431017b4e4831edacd825e71\" ><p><img loading=\"lazy\" class=\"alignleft size-full wp-image-12161\" src=\"https:\/\/grupnexus.com\/wp-content\/uploads\/2017\/04\/1.variusb.jpg\" alt=\"\" width=\"443\" height=\"250\" \/><\/p>\n<p><img loading=\"lazy\" class=\"alignleft size-full wp-image-12169\" src=\"https:\/\/grupnexus.com\/wp-content\/uploads\/2017\/04\/3.BA_Icon_MaxG_M_Sincliar_nosevein_Pre_Post1Tx_b.jpg\" alt=\"\" width=\"300\" height=\"250\" \/><\/p>\n<p><img loading=\"lazy\" class=\"alignleft size-full wp-image-12154\" src=\"https:\/\/grupnexus.com\/wp-content\/uploads\/2017\/04\/2.Cynergy_Goldman_Rosacea_Post3tx_b.jpg\" alt=\"\" width=\"300\" height=\"250\" \/><\/div><\/div>\n<div class=\"row \"><div class=\"wpv-grid grid-1-1  wpv-first-level first unextended\" style=\"padding-top:0px;padding-bottom:10px\" id=\"wpv-column-21a965e2736632d9504de6fb4ab03dd9\" ><p class=\"textcenter\"><a href=\"\/es\/servicios-al-cliente\" target=\"_self\" style='font-size: 18px;' class=\"button vamtam-button accent1  button-border hover-accent1 \"><span class='icon shortcode  ' style=''>&#57506;<\/span><span class=\"btext\">Conoce todas nuestras ventajas \u2192<\/span><\/a><\/p>\n<div class=\"push\" style='height:20px'><\/div><\/div><\/div>\n","protected":false},"excerpt":{"rendered":"<p>ELIMINACI\u00d3N DE VARICES CON EL SISTEMA L\u00c1SER VASCULAR CYNERGY&#x2122; Escoge seguridad m\u00e9dica, profesionales experimentados y tecnolog\u00eda l\u00edder El L\u00e1ser vascular CynergyTM es la mejor opci\u00f3n para eliminar todo tipo de lesiones vasculares: telangiectasias, ara\u00f1as vasculares, hemangiomas, manchas de vino de oporto y ros\u00e1cea. La plataforma l\u00e1ser vascular m\u00e1s evolucionada del mundo Tecnolog\u00eda avanzada de doble&#8230;<\/p>\n","protected":false},"author":5,"featured_media":0,"parent":10292,"menu_order":0,"comment_status":"closed","ping_status":"closed","template":"","meta":[],"yoast_head":"<!-- This site is optimized with the Yoast SEO plugin v18.6 - https:\/\/yoast.com\/wordpress\/plugins\/seo\/ -->\n<title>Eliminaci\u00f3n de varices - Cl\u00ednica Nexus<\/title>\n<meta name=\"description\" content=\"Con la tecnolog\u00eda l\u00e1ser vascular CYNERGY&#x2122;\" \/>\n<meta name=\"robots\" content=\"index, follow, max-snippet:-1, max-image-preview:large, max-video-preview:-1\" \/>\n<link rel=\"canonical\" href=\"https:\/\/grupnexus.com\/es\/landing\/varices\/\" \/>\n<meta property=\"og:locale\" content=\"es_ES\" \/>\n<meta property=\"og:type\" content=\"article\" \/>\n<meta property=\"og:title\" content=\"Eliminaci\u00f3n de varices - Cl\u00ednica Nexus\" \/>\n<meta property=\"og:description\" content=\"Con la tecnolog\u00eda l\u00e1ser vascular CYNERGY&#x2122;\" \/>\n<meta property=\"og:url\" content=\"https:\/\/grupnexus.com\/es\/landing\/varices\/\" \/>\n<meta property=\"og:site_name\" content=\"Cl\u00ednica Nexus\" \/>\n<meta property=\"article:modified_time\" content=\"2024-04-19T11:05:54+00:00\" \/>\n<meta property=\"og:image\" content=\"https:\/\/grupnexus.com\/wp-content\/uploads\/2017\/03\/varices-landing-cynergy.jpg\" \/>\n<meta name=\"twitter:card\" content=\"summary\" \/>\n<meta name=\"twitter:label1\" content=\"Tiempo de lectura\" \/>\n\t<meta name=\"twitter:data1\" content=\"3 minutos\" \/>\n<script type=\"application\/ld+json\" class=\"yoast-schema-graph\">{\"@context\":\"https:\/\/schema.org\",\"@graph\":[{\"@type\":\"WebSite\",\"@id\":\"https:\/\/grupnexus.com\/es\/#website\",\"url\":\"https:\/\/grupnexus.com\/es\/\",\"name\":\"Cl\u00ednica Nexus\",\"description\":\"L\u00edders en Medicina Est\u00e8tica Avan\u00e7ada\",\"potentialAction\":[{\"@type\":\"SearchAction\",\"target\":{\"@type\":\"EntryPoint\",\"urlTemplate\":\"https:\/\/grupnexus.com\/es\/?s={search_term_string}\"},\"query-input\":\"required name=search_term_string\"}],\"inLanguage\":\"es\"},{\"@type\":\"ImageObject\",\"@id\":\"https:\/\/grupnexus.com\/es\/landing\/varices\/#primaryimage\",\"inLanguage\":\"es\",\"url\":\"https:\/\/grupnexus.com\/wp-content\/uploads\/2017\/03\/varices-landing-cynergy.jpg\",\"contentUrl\":\"https:\/\/grupnexus.com\/wp-content\/uploads\/2017\/03\/varices-landing-cynergy.jpg\",\"width\":646,\"height\":900},{\"@type\":\"WebPage\",\"@id\":\"https:\/\/grupnexus.com\/es\/landing\/varices\/#webpage\",\"url\":\"https:\/\/grupnexus.com\/es\/landing\/varices\/\",\"name\":\"Eliminaci\u00f3n de varices - Cl\u00ednica Nexus\",\"isPartOf\":{\"@id\":\"https:\/\/grupnexus.com\/es\/#website\"},\"primaryImageOfPage\":{\"@id\":\"https:\/\/grupnexus.com\/es\/landing\/varices\/#primaryimage\"},\"datePublished\":\"2017-03-15T16:36:12+00:00\",\"dateModified\":\"2024-04-19T11:05:54+00:00\",\"description\":\"Con la tecnolog\u00eda l\u00e1ser vascular CYNERGY&#x2122;\",\"breadcrumb\":{\"@id\":\"https:\/\/grupnexus.com\/es\/landing\/varices\/#breadcrumb\"},\"inLanguage\":\"es\",\"potentialAction\":[{\"@type\":\"ReadAction\",\"target\":[\"https:\/\/grupnexus.com\/es\/landing\/varices\/\"]}]},{\"@type\":\"BreadcrumbList\",\"@id\":\"https:\/\/grupnexus.com\/es\/landing\/varices\/#breadcrumb\",\"itemListElement\":[{\"@type\":\"ListItem\",\"position\":1,\"name\":\"Portada\",\"item\":\"https:\/\/grupnexus.com\/es\/\"},{\"@type\":\"ListItem\",\"position\":2,\"name\":\"landing\",\"item\":\"https:\/\/grupnexus.com\/es\/landing\/\"},{\"@type\":\"ListItem\",\"position\":3,\"name\":\"Varices\"}]}]}<\/script>\n<!-- \/ Yoast SEO plugin. -->","yoast_head_json":{"title":"Eliminaci\u00f3n de varices - Cl\u00ednica Nexus","description":"Con la tecnolog\u00eda l\u00e1ser vascular CYNERGY&#x2122;","robots":{"index":"index","follow":"follow","max-snippet":"max-snippet:-1","max-image-preview":"max-image-preview:large","max-video-preview":"max-video-preview:-1"},"canonical":"https:\/\/grupnexus.com\/es\/landing\/varices\/","og_locale":"es_ES","og_type":"article","og_title":"Eliminaci\u00f3n de varices - Cl\u00ednica Nexus","og_description":"Con la tecnolog\u00eda l\u00e1ser vascular CYNERGY&#x2122;","og_url":"https:\/\/grupnexus.com\/es\/landing\/varices\/","og_site_name":"Cl\u00ednica Nexus","article_modified_time":"2024-04-19T11:05:54+00:00","og_image":[{"url":"https:\/\/grupnexus.com\/wp-content\/uploads\/2017\/03\/varices-landing-cynergy.jpg"}],"twitter_card":"summary","twitter_misc":{"Tiempo de lectura":"3 minutos"},"schema":{"@context":"https:\/\/schema.org","@graph":[{"@type":"WebSite","@id":"https:\/\/grupnexus.com\/es\/#website","url":"https:\/\/grupnexus.com\/es\/","name":"Cl\u00ednica Nexus","description":"L\u00edders en Medicina Est\u00e8tica Avan\u00e7ada","potentialAction":[{"@type":"SearchAction","target":{"@type":"EntryPoint","urlTemplate":"https:\/\/grupnexus.com\/es\/?s={search_term_string}"},"query-input":"required name=search_term_string"}],"inLanguage":"es"},{"@type":"ImageObject","@id":"https:\/\/grupnexus.com\/es\/landing\/varices\/#primaryimage","inLanguage":"es","url":"https:\/\/grupnexus.com\/wp-content\/uploads\/2017\/03\/varices-landing-cynergy.jpg","contentUrl":"https:\/\/grupnexus.com\/wp-content\/uploads\/2017\/03\/varices-landing-cynergy.jpg","width":646,"height":900},{"@type":"WebPage","@id":"https:\/\/grupnexus.com\/es\/landing\/varices\/#webpage","url":"https:\/\/grupnexus.com\/es\/landing\/varices\/","name":"Eliminaci\u00f3n de varices - Cl\u00ednica Nexus","isPartOf":{"@id":"https:\/\/grupnexus.com\/es\/#website"},"primaryImageOfPage":{"@id":"https:\/\/grupnexus.com\/es\/landing\/varices\/#primaryimage"},"datePublished":"2017-03-15T16:36:12+00:00","dateModified":"2024-04-19T11:05:54+00:00","description":"Con la tecnolog\u00eda l\u00e1ser vascular CYNERGY&#x2122;","breadcrumb":{"@id":"https:\/\/grupnexus.com\/es\/landing\/varices\/#breadcrumb"},"inLanguage":"es","potentialAction":[{"@type":"ReadAction","target":["https:\/\/grupnexus.com\/es\/landing\/varices\/"]}]},{"@type":"BreadcrumbList","@id":"https:\/\/grupnexus.com\/es\/landing\/varices\/#breadcrumb","itemListElement":[{"@type":"ListItem","position":1,"name":"Portada","item":"https:\/\/grupnexus.com\/es\/"},{"@type":"ListItem","position":2,"name":"landing","item":"https:\/\/grupnexus.com\/es\/landing\/"},{"@type":"ListItem","position":3,"name":"Varices"}]}]}},"_links":{"self":[{"href":"https:\/\/grupnexus.com\/es\/wp-json\/wp\/v2\/pages\/12073"}],"collection":[{"href":"https:\/\/grupnexus.com\/es\/wp-json\/wp\/v2\/pages"}],"about":[{"href":"https:\/\/grupnexus.com\/es\/wp-json\/wp\/v2\/types\/page"}],"author":[{"embeddable":true,"href":"https:\/\/grupnexus.com\/es\/wp-json\/wp\/v2\/users\/5"}],"replies":[{"embeddable":true,"href":"https:\/\/grupnexus.com\/es\/wp-json\/wp\/v2\/comments?post=12073"}],"version-history":[{"count":9,"href":"https:\/\/grupnexus.com\/es\/wp-json\/wp\/v2\/pages\/12073\/revisions"}],"predecessor-version":[{"id":54966,"href":"https:\/\/grupnexus.com\/es\/wp-json\/wp\/v2\/pages\/12073\/revisions\/54966"}],"up":[{"embeddable":true,"href":"https:\/\/grupnexus.com\/es\/wp-json\/wp\/v2\/pages\/10292"}],"wp:attachment":[{"href":"https:\/\/grupnexus.com\/es\/wp-json\/wp\/v2\/media?parent=12073"}],"curies":[{"name":"wp","href":"https:\/\/api.w.org\/{rel}","templated":true}]}}