{"id":14653,"date":"2018-02-09T11:15:29","date_gmt":"2018-02-09T09:15:29","guid":{"rendered":"http:\/\/www.grupnexus.com\/?page_id=14653\/"},"modified":"2018-02-13T11:45:28","modified_gmt":"2018-02-13T09:45:28","slug":"packs-rituales","status":"publish","type":"page","link":"https:\/\/grupnexus.com\/es\/tratamientos\/packs\/packs-rituales\/","title":{"rendered":"Rituales para seducir"},"content":{"rendered":"<div class=\"row \"><div class=\"wpv-grid grid-3-4  wpv-first-level first unextended\" style=\"padding-top:0px;padding-bottom:0px\" id=\"wpv-column-f854929d5456cc5441e6ce4925a96b16\" >\t\t<h2 class=\"text-divider-double\">\t\t\t\nPacks Rituales para seducir\t\t<\/h2>\t\t<div class=\"sep\"><\/div>\t<\/div>\n<div class=\"wpv-grid grid-1-4  wpv-first-level unextended\" style=\"padding-top:0px;padding-bottom:0px\" id=\"wpv-column-5e71f7ce856257b92bfbdc3a1f91a315\" ><div class=\"push\" style='height:44px'><\/div>\n<!-- Widget Shortcode --><div id=\"search-11\" class=\"widget widget_search widget-shortcode area-wpv_sidebar-tractament-est-facial-cat-left \"><form role=\"search\" method=\"get\" class=\"searchform clearfix\" action=\"https:\/\/grupnexus.com\/es\/\">\n\t<label for=\"search-text-widget\" class=\"visuallyhidden\">Search for:<\/label>\n\t<input id=\"search-text-widget\" type=\"text\" value=\"\" name=\"s\" placeholder=\"Buscar\" required=\"required\" \/>\n\t<input type=\"submit\" value=\"Buscar\" \/>\n\t\t\t<input type=\"hidden\" name=\"lang\" value=\"es\"\/>\n\t<\/form><\/div><!-- \/Widget Shortcode --><\/div><\/div>\n<div class=\"row \"><div class=\"wpv-grid grid-1-4  wpv-first-level first unextended\" style=\"padding-top:0px;padding-bottom:0px\" id=\"wpv-column-ac56c661b59eae787bfc5d93bff62201\" ><!-- Widget Shortcode --><div id=\"nav_menu-19\" class=\"widget widget_nav_menu widget-shortcode area-wpv_sidebar-tractaments-cat-left \"><h2 class=\"widgettitle\">Tratamientos<\/h2><div class=\"menu-menu-tratamientos-es-container\"><ul id=\"menu-menu-tratamientos-es\" class=\"menu\"><li id=\"menu-item-9584\" class=\"menu-item menu-item-type-post_type menu-item-object-page menu-item-9584\"><a href=\"https:\/\/grupnexus.com\/es\/tratamientos\/medicina-estetica-facial\/\">Medicina est\u00e9tica facial<\/a><\/li>\n<li id=\"menu-item-9583\" class=\"menu-item menu-item-type-post_type menu-item-object-page menu-item-9583\"><a href=\"https:\/\/grupnexus.com\/es\/tratamientos\/medicina-estetica-corporal\/\">Medicina est\u00e9tica corporal<\/a><\/li>\n<li id=\"menu-item-9667\" class=\"menu-item menu-item-type-post_type menu-item-object-page menu-item-9667\"><a href=\"https:\/\/grupnexus.com\/es\/tratamientos\/plataforma-laser\/\">Plataforma l\u00e1ser<\/a><\/li>\n<li id=\"menu-item-9578\" class=\"menu-item menu-item-type-post_type menu-item-object-page menu-item-9578\"><a href=\"https:\/\/grupnexus.com\/es\/tratamientos\/cirugia-estetica\/\">Cirug\u00eda est\u00e9tica<\/a><\/li>\n<li id=\"menu-item-9581\" class=\"menu-item menu-item-type-post_type menu-item-object-page menu-item-9581\"><a href=\"https:\/\/grupnexus.com\/es\/tratamientos\/medicina-antiaging\/\">Medicina Antiaging Preventiva<\/a><\/li>\n<li id=\"menu-item-9582\" class=\"menu-item menu-item-type-post_type menu-item-object-page menu-item-9582\"><a href=\"https:\/\/grupnexus.com\/es\/tratamientos\/medicina-biologica\/\">Medicina biol\u00f3gica<\/a><\/li>\n<li id=\"menu-item-9580\" class=\"menu-item menu-item-type-post_type menu-item-object-page menu-item-9580\"><a href=\"https:\/\/grupnexus.com\/es\/tratamientos\/estetica-avanzada\/\">Est\u00e9tica avanzada<\/a><\/li>\n<\/ul><\/div><\/div><!-- \/Widget Shortcode --><\/div>\n<div class=\"wpv-grid grid-3-4  wpv-first-level unextended\" style=\"padding-top:0px;padding-bottom:0px\" id=\"wpv-column-845059a75e7960abf46b38a591f7f2a2\" ><div class=\"row \"><div class=\"wpv-grid grid-1-1  first unextended animation-fade-in animated-active\" style=\"padding-top:0px;padding-bottom:0px\" id=\"wpv-column-a8ed823638a6c5e6374fc028d5669d5f\" ><p>&nbsp;<\/p>\n<blockquote><p>Packs especialmente dise\u00f1ados para que cuando los regales, enamore a\u00fan m\u00e1s de ti, ya sea \u00e9l o ella. O para que los disfrutes t\u00fa, con el objetivo de seducirlo o seducirla.<br \/>\nO simplemente d\u00e9jate seducirte por ellos. Te apasiona!<\/p>\n<p>Todos los rituales se inician con la <strong>degustaci\u00f3n de una infusi\u00f3n<\/strong> que evoque a la calma y el equilibrio cuerpo-mente. Se personaliza la aromaterapia para un mayor resultado. Y siempre se acompa\u00f1a de <strong>m\u00fasica terap\u00e9utica<\/strong> para potenciar los efectos del tratamiento.<\/p><\/blockquote>\n<p>&nbsp;<\/p>\n<p><img loading=\"lazy\" class=\"aligncenter wp-image-14814 size-large\" src=\"https:\/\/grupnexus.com\/wp-content\/uploads\/2018\/02\/web-rituales-para-seducir_sensorial_cast-1-1024x713.jpg\" alt=\"ritual sensorial\" width=\"1024\" height=\"713\" \/><\/div><\/div>\n<div class=\"row \"><div class=\"wpv-grid grid-1-1  first unextended animation-fade-in animated-active\" style=\"padding-top:0px;padding-bottom:0px\" id=\"wpv-column-1e558ca2a34820627f150a8aba8d662c\" ><p><img loading=\"lazy\" class=\"aligncenter wp-image-14815 size-large\" src=\"https:\/\/grupnexus.com\/wp-content\/uploads\/2018\/02\/web-rituales-para-seducir_harmonia_cast-1-1024x713.jpg\" alt=\"ritual harmonia\" width=\"1024\" height=\"713\" srcset=\"https:\/\/grupnexus.com\/wp-content\/uploads\/2018\/02\/web-rituales-para-seducir_harmonia_cast-1-1024x713.jpg 1024w, https:\/\/grupnexus.com\/wp-content\/uploads\/2018\/02\/web-rituales-para-seducir_harmonia_cast-1-510x355.jpg 510w, https:\/\/grupnexus.com\/wp-content\/uploads\/2018\/02\/web-rituales-para-seducir_harmonia_cast-1-300x209.jpg 300w, https:\/\/grupnexus.com\/wp-content\/uploads\/2018\/02\/web-rituales-para-seducir_harmonia_cast-1-768x534.jpg 768w, https:\/\/grupnexus.com\/wp-content\/uploads\/2018\/02\/web-rituales-para-seducir_harmonia_cast-1-1140x793.jpg 1140w, https:\/\/grupnexus.com\/wp-content\/uploads\/2018\/02\/web-rituales-para-seducir_harmonia_cast-1-555x386.jpg 555w, https:\/\/grupnexus.com\/wp-content\/uploads\/2018\/02\/web-rituales-para-seducir_harmonia_cast-1-360x251.jpg 360w, https:\/\/grupnexus.com\/wp-content\/uploads\/2018\/02\/web-rituales-para-seducir_harmonia_cast-1-262x182.jpg 262w, https:\/\/grupnexus.com\/wp-content\/uploads\/2018\/02\/web-rituales-para-seducir_harmonia_cast-1.jpg 1200w\" sizes=\"(max-width: 1024px) 100vw, 1024px\" \/><\/div><\/div>\n<div class=\"row \"><div class=\"wpv-grid grid-1-1  first unextended animation-fade-in animated-active\" style=\"padding-top:0px;padding-bottom:0px\" id=\"wpv-column-c94a385cc9113ac4dadd477e303b81d4\" ><p><img loading=\"lazy\" class=\"aligncenter wp-image-14816 size-large\" src=\"https:\/\/grupnexus.com\/wp-content\/uploads\/2018\/02\/web-rituales-para-seducir_energetico_cast-1-1024x708.jpg\" alt=\"ritual energetico\" width=\"1024\" height=\"708\" srcset=\"https:\/\/grupnexus.com\/wp-content\/uploads\/2018\/02\/web-rituales-para-seducir_energetico_cast-1-1024x708.jpg 1024w, https:\/\/grupnexus.com\/wp-content\/uploads\/2018\/02\/web-rituales-para-seducir_energetico_cast-1-510x353.jpg 510w, https:\/\/grupnexus.com\/wp-content\/uploads\/2018\/02\/web-rituales-para-seducir_energetico_cast-1-300x208.jpg 300w, https:\/\/grupnexus.com\/wp-content\/uploads\/2018\/02\/web-rituales-para-seducir_energetico_cast-1-768x531.jpg 768w, https:\/\/grupnexus.com\/wp-content\/uploads\/2018\/02\/web-rituales-para-seducir_energetico_cast-1-1140x789.jpg 1140w, https:\/\/grupnexus.com\/wp-content\/uploads\/2018\/02\/web-rituales-para-seducir_energetico_cast-1-555x384.jpg 555w, https:\/\/grupnexus.com\/wp-content\/uploads\/2018\/02\/web-rituales-para-seducir_energetico_cast-1-360x249.jpg 360w, https:\/\/grupnexus.com\/wp-content\/uploads\/2018\/02\/web-rituales-para-seducir_energetico_cast-1-262x181.jpg 262w, https:\/\/grupnexus.com\/wp-content\/uploads\/2018\/02\/web-rituales-para-seducir_energetico_cast-1.jpg 1200w\" sizes=\"(max-width: 1024px) 100vw, 1024px\" \/><\/div><\/div><\/div><\/div>\n<div class=\"sep\"><\/div>\n<div class=\"row \"><div class=\"wpv-grid grid-1-1  wpv-first-level first unextended\" style=\"padding-top:0px;padding-bottom:0px\" id=\"wpv-column-493f352d4c0b26044072d1c53690e193\" ><p><strong><span class=\"buscar\">Quiz\u00e1s estabas buscando:<\/span><\/strong><br \/>\n<span class=\"paraules\">Pack Rituales para seducir, San Valent\u00edn, pack para regalar en San Valent\u00edn, tratamientos de belleza<\/span><\/div><\/div>\n","protected":false},"excerpt":{"rendered":"<p>&nbsp; Packs especialmente dise\u00f1ados para que cuando los regales, enamore a\u00fan m\u00e1s de ti, ya sea \u00e9l o ella. O para que los disfrutes t\u00fa, con el objetivo de seducirlo o seducirla. O simplemente d\u00e9jate seducirte por ellos. Te apasiona! Todos los rituales se inician con la degustaci\u00f3n de una infusi\u00f3n que evoque a la&#8230;<\/p>\n","protected":false},"author":6,"featured_media":14659,"parent":11483,"menu_order":0,"comment_status":"closed","ping_status":"closed","template":"","meta":[],"yoast_head":"<!-- This site is optimized with the Yoast SEO plugin v18.6 - https:\/\/yoast.com\/wordpress\/plugins\/seo\/ -->\n<title>Rituales para seducir - San Valent\u00edn<\/title>\n<meta name=\"robots\" content=\"index, follow, max-snippet:-1, max-image-preview:large, max-video-preview:-1\" \/>\n<link rel=\"canonical\" href=\"https:\/\/grupnexus.com\/es\/tratamientos\/packs\/packs-rituales\/\" \/>\n<meta property=\"og:locale\" content=\"es_ES\" \/>\n<meta property=\"og:type\" content=\"article\" \/>\n<meta property=\"og:title\" content=\"Rituales para seducir - San Valent\u00edn\" \/>\n<meta property=\"og:description\" content=\"&nbsp; Packs especialmente dise\u00f1ados para que cuando los regales, enamore a\u00fan m\u00e1s de ti, ya sea \u00e9l o ella. O para que los disfrutes t\u00fa, con el objetivo de seducirlo o seducirla. O simplemente d\u00e9jate seducirte por ellos. Te apasiona! Todos los rituales se inician con la degustaci\u00f3n de una infusi\u00f3n que evoque a la...\" \/>\n<meta property=\"og:url\" content=\"https:\/\/grupnexus.com\/es\/tratamientos\/packs\/packs-rituales\/\" \/>\n<meta property=\"og:site_name\" content=\"Cl\u00ednica Nexus\" \/>\n<meta property=\"article:modified_time\" content=\"2018-02-13T09:45:28+00:00\" \/>\n<meta property=\"og:image\" content=\"https:\/\/i0.wp.com\/grupnexus.com\/wp-content\/uploads\/2018\/02\/web-packs-rituals-per-seduir.jpg?fit=1200%2C867&#038;ssl=1\" \/>\n\t<meta property=\"og:image:width\" content=\"1200\" \/>\n\t<meta property=\"og:image:height\" content=\"867\" \/>\n\t<meta property=\"og:image:type\" content=\"image\/jpeg\" \/>\n<meta name=\"twitter:card\" content=\"summary\" \/>\n<meta name=\"twitter:label1\" content=\"Tiempo de lectura\" \/>\n\t<meta name=\"twitter:data1\" content=\"2 minutos\" \/>\n<script type=\"application\/ld+json\" class=\"yoast-schema-graph\">{\"@context\":\"https:\/\/schema.org\",\"@graph\":[{\"@type\":\"WebSite\",\"@id\":\"https:\/\/grupnexus.com\/es\/#website\",\"url\":\"https:\/\/grupnexus.com\/es\/\",\"name\":\"Cl\u00ednica Nexus\",\"description\":\"L\u00edders en Medicina Est\u00e8tica Avan\u00e7ada\",\"potentialAction\":[{\"@type\":\"SearchAction\",\"target\":{\"@type\":\"EntryPoint\",\"urlTemplate\":\"https:\/\/grupnexus.com\/es\/?s={search_term_string}\"},\"query-input\":\"required name=search_term_string\"}],\"inLanguage\":\"es\"},{\"@type\":\"ImageObject\",\"@id\":\"https:\/\/grupnexus.com\/es\/tratamientos\/packs\/packs-rituales\/#primaryimage\",\"inLanguage\":\"es\",\"url\":\"https:\/\/grupnexus.com\/wp-content\/uploads\/2018\/02\/web-packs-rituals-per-seduir.jpg\",\"contentUrl\":\"https:\/\/grupnexus.com\/wp-content\/uploads\/2018\/02\/web-packs-rituals-per-seduir.jpg\",\"width\":1200,\"height\":867,\"caption\":\"rituals per seduir\"},{\"@type\":\"WebPage\",\"@id\":\"https:\/\/grupnexus.com\/es\/tratamientos\/packs\/packs-rituales\/#webpage\",\"url\":\"https:\/\/grupnexus.com\/es\/tratamientos\/packs\/packs-rituales\/\",\"name\":\"Rituales para seducir - San Valent\u00edn\",\"isPartOf\":{\"@id\":\"https:\/\/grupnexus.com\/es\/#website\"},\"primaryImageOfPage\":{\"@id\":\"https:\/\/grupnexus.com\/es\/tratamientos\/packs\/packs-rituales\/#primaryimage\"},\"datePublished\":\"2018-02-09T09:15:29+00:00\",\"dateModified\":\"2018-02-13T09:45:28+00:00\",\"breadcrumb\":{\"@id\":\"https:\/\/grupnexus.com\/es\/tratamientos\/packs\/packs-rituales\/#breadcrumb\"},\"inLanguage\":\"es\",\"potentialAction\":[{\"@type\":\"ReadAction\",\"target\":[\"https:\/\/grupnexus.com\/es\/tratamientos\/packs\/packs-rituales\/\"]}]},{\"@type\":\"BreadcrumbList\",\"@id\":\"https:\/\/grupnexus.com\/es\/tratamientos\/packs\/packs-rituales\/#breadcrumb\",\"itemListElement\":[{\"@type\":\"ListItem\",\"position\":1,\"name\":\"Portada\",\"item\":\"https:\/\/grupnexus.com\/es\/\"},{\"@type\":\"ListItem\",\"position\":2,\"name\":\"Tratamientos\",\"item\":\"https:\/\/grupnexus.com\/es\/tratamientos\/\"},{\"@type\":\"ListItem\",\"position\":3,\"name\":\"Packs\",\"item\":\"https:\/\/grupnexus.com\/es\/tratamientos\/packs\/\"},{\"@type\":\"ListItem\",\"position\":4,\"name\":\"Rituales para seducir\"}]}]}<\/script>\n<!-- \/ Yoast SEO plugin. -->","yoast_head_json":{"title":"Rituales para seducir - San Valent\u00edn","robots":{"index":"index","follow":"follow","max-snippet":"max-snippet:-1","max-image-preview":"max-image-preview:large","max-video-preview":"max-video-preview:-1"},"canonical":"https:\/\/grupnexus.com\/es\/tratamientos\/packs\/packs-rituales\/","og_locale":"es_ES","og_type":"article","og_title":"Rituales para seducir - San Valent\u00edn","og_description":"&nbsp; Packs especialmente dise\u00f1ados para que cuando los regales, enamore a\u00fan m\u00e1s de ti, ya sea \u00e9l o ella. O para que los disfrutes t\u00fa, con el objetivo de seducirlo o seducirla. O simplemente d\u00e9jate seducirte por ellos. Te apasiona! Todos los rituales se inician con la degustaci\u00f3n de una infusi\u00f3n que evoque a la...","og_url":"https:\/\/grupnexus.com\/es\/tratamientos\/packs\/packs-rituales\/","og_site_name":"Cl\u00ednica Nexus","article_modified_time":"2018-02-13T09:45:28+00:00","og_image":[{"width":1200,"height":867,"url":"https:\/\/i0.wp.com\/grupnexus.com\/wp-content\/uploads\/2018\/02\/web-packs-rituals-per-seduir.jpg?fit=1200%2C867&ssl=1","type":"image\/jpeg"}],"twitter_card":"summary","twitter_misc":{"Tiempo de lectura":"2 minutos"},"schema":{"@context":"https:\/\/schema.org","@graph":[{"@type":"WebSite","@id":"https:\/\/grupnexus.com\/es\/#website","url":"https:\/\/grupnexus.com\/es\/","name":"Cl\u00ednica Nexus","description":"L\u00edders en Medicina Est\u00e8tica Avan\u00e7ada","potentialAction":[{"@type":"SearchAction","target":{"@type":"EntryPoint","urlTemplate":"https:\/\/grupnexus.com\/es\/?s={search_term_string}"},"query-input":"required name=search_term_string"}],"inLanguage":"es"},{"@type":"ImageObject","@id":"https:\/\/grupnexus.com\/es\/tratamientos\/packs\/packs-rituales\/#primaryimage","inLanguage":"es","url":"https:\/\/grupnexus.com\/wp-content\/uploads\/2018\/02\/web-packs-rituals-per-seduir.jpg","contentUrl":"https:\/\/grupnexus.com\/wp-content\/uploads\/2018\/02\/web-packs-rituals-per-seduir.jpg","width":1200,"height":867,"caption":"rituals per seduir"},{"@type":"WebPage","@id":"https:\/\/grupnexus.com\/es\/tratamientos\/packs\/packs-rituales\/#webpage","url":"https:\/\/grupnexus.com\/es\/tratamientos\/packs\/packs-rituales\/","name":"Rituales para seducir - San Valent\u00edn","isPartOf":{"@id":"https:\/\/grupnexus.com\/es\/#website"},"primaryImageOfPage":{"@id":"https:\/\/grupnexus.com\/es\/tratamientos\/packs\/packs-rituales\/#primaryimage"},"datePublished":"2018-02-09T09:15:29+00:00","dateModified":"2018-02-13T09:45:28+00:00","breadcrumb":{"@id":"https:\/\/grupnexus.com\/es\/tratamientos\/packs\/packs-rituales\/#breadcrumb"},"inLanguage":"es","potentialAction":[{"@type":"ReadAction","target":["https:\/\/grupnexus.com\/es\/tratamientos\/packs\/packs-rituales\/"]}]},{"@type":"BreadcrumbList","@id":"https:\/\/grupnexus.com\/es\/tratamientos\/packs\/packs-rituales\/#breadcrumb","itemListElement":[{"@type":"ListItem","position":1,"name":"Portada","item":"https:\/\/grupnexus.com\/es\/"},{"@type":"ListItem","position":2,"name":"Tratamientos","item":"https:\/\/grupnexus.com\/es\/tratamientos\/"},{"@type":"ListItem","position":3,"name":"Packs","item":"https:\/\/grupnexus.com\/es\/tratamientos\/packs\/"},{"@type":"ListItem","position":4,"name":"Rituales para seducir"}]}]}},"_links":{"self":[{"href":"https:\/\/grupnexus.com\/es\/wp-json\/wp\/v2\/pages\/14653"}],"collection":[{"href":"https:\/\/grupnexus.com\/es\/wp-json\/wp\/v2\/pages"}],"about":[{"href":"https:\/\/grupnexus.com\/es\/wp-json\/wp\/v2\/types\/page"}],"author":[{"embeddable":true,"href":"https:\/\/grupnexus.com\/es\/wp-json\/wp\/v2\/users\/6"}],"replies":[{"embeddable":true,"href":"https:\/\/grupnexus.com\/es\/wp-json\/wp\/v2\/comments?post=14653"}],"version-history":[{"count":7,"href":"https:\/\/grupnexus.com\/es\/wp-json\/wp\/v2\/pages\/14653\/revisions"}],"predecessor-version":[{"id":14817,"href":"https:\/\/grupnexus.com\/es\/wp-json\/wp\/v2\/pages\/14653\/revisions\/14817"}],"up":[{"embeddable":true,"href":"https:\/\/grupnexus.com\/es\/wp-json\/wp\/v2\/pages\/11483"}],"wp:featuredmedia":[{"embeddable":true,"href":"https:\/\/grupnexus.com\/es\/wp-json\/wp\/v2\/media\/14659"}],"wp:attachment":[{"href":"https:\/\/grupnexus.com\/es\/wp-json\/wp\/v2\/media?parent=14653"}],"curies":[{"name":"wp","href":"https:\/\/api.w.org\/{rel}","templated":true}]}}