{"id":14871,"date":"2018-02-19T13:14:28","date_gmt":"2018-02-19T11:14:28","guid":{"rendered":"http:\/\/www.grupnexus.com\/?page_id=14871\/"},"modified":"2018-09-19T09:50:57","modified_gmt":"2018-09-19T07:50:57","slug":"tratamientos-remodelantes","status":"publish","type":"page","link":"https:\/\/grupnexus.com\/es\/tratamientos\/packs\/tratamientos-remodelantes\/","title":{"rendered":"Packs Tratamientos Remodelantes"},"content":{"rendered":"<div class=\"row \"><div class=\"wpv-grid grid-3-4  wpv-first-level first unextended\" style=\"padding-top:0px;padding-bottom:0px\" id=\"wpv-column-956295061f2d59c23256a447aa7686c8\" >\t\t<h2 class=\"text-divider-double\">\t\t\t\nPacks Tratamientos Remodelantes\t\t<\/h2>\t\t<div class=\"sep\"><\/div>\t<\/div>\n<div class=\"wpv-grid grid-1-4  wpv-first-level unextended\" style=\"padding-top:0px;padding-bottom:0px\" id=\"wpv-column-973ea03ee606cefb472f399c4c4a2408\" ><div class=\"push\" style='height:44px'><\/div>\n<!-- Widget Shortcode --><div id=\"search-11\" class=\"widget widget_search widget-shortcode area-wpv_sidebar-tractament-est-facial-cat-left \"><form role=\"search\" method=\"get\" class=\"searchform clearfix\" action=\"https:\/\/grupnexus.com\/es\/\">\n\t<label for=\"search-text-widget\" class=\"visuallyhidden\">Search for:<\/label>\n\t<input id=\"search-text-widget\" type=\"text\" value=\"\" name=\"s\" placeholder=\"Buscar\" required=\"required\" \/>\n\t<input type=\"submit\" value=\"Buscar\" \/>\n\t\t\t<input type=\"hidden\" name=\"lang\" value=\"es\"\/>\n\t<\/form><\/div><!-- \/Widget Shortcode --><\/div><\/div>\n<div class=\"row \"><div class=\"wpv-grid grid-1-4  wpv-first-level first unextended\" style=\"padding-top:0px;padding-bottom:0px\" id=\"wpv-column-8a5d48ddd14493a1140b3b8a27248055\" ><!-- Widget Shortcode --><div id=\"nav_menu-19\" class=\"widget widget_nav_menu widget-shortcode area-wpv_sidebar-tractaments-cat-left \"><h2 class=\"widgettitle\">Tratamientos<\/h2><div class=\"menu-menu-tratamientos-es-container\"><ul id=\"menu-menu-tratamientos-es\" class=\"menu\"><li id=\"menu-item-9584\" class=\"menu-item menu-item-type-post_type menu-item-object-page menu-item-9584\"><a href=\"https:\/\/grupnexus.com\/es\/tratamientos\/medicina-estetica-facial\/\">Medicina est\u00e9tica facial<\/a><\/li>\n<li id=\"menu-item-9583\" class=\"menu-item menu-item-type-post_type menu-item-object-page menu-item-9583\"><a href=\"https:\/\/grupnexus.com\/es\/tratamientos\/medicina-estetica-corporal\/\">Medicina est\u00e9tica corporal<\/a><\/li>\n<li id=\"menu-item-9667\" class=\"menu-item menu-item-type-post_type menu-item-object-page menu-item-9667\"><a href=\"https:\/\/grupnexus.com\/es\/tratamientos\/plataforma-laser\/\">Plataforma l\u00e1ser<\/a><\/li>\n<li id=\"menu-item-9578\" class=\"menu-item menu-item-type-post_type menu-item-object-page menu-item-9578\"><a href=\"https:\/\/grupnexus.com\/es\/tratamientos\/cirugia-estetica\/\">Cirug\u00eda est\u00e9tica<\/a><\/li>\n<li id=\"menu-item-9581\" class=\"menu-item menu-item-type-post_type menu-item-object-page menu-item-9581\"><a href=\"https:\/\/grupnexus.com\/es\/tratamientos\/medicina-antiaging\/\">Medicina Antiaging Preventiva<\/a><\/li>\n<li id=\"menu-item-9582\" class=\"menu-item menu-item-type-post_type menu-item-object-page menu-item-9582\"><a href=\"https:\/\/grupnexus.com\/es\/tratamientos\/medicina-biologica\/\">Medicina biol\u00f3gica<\/a><\/li>\n<li id=\"menu-item-9580\" class=\"menu-item menu-item-type-post_type menu-item-object-page menu-item-9580\"><a href=\"https:\/\/grupnexus.com\/es\/tratamientos\/estetica-avanzada\/\">Est\u00e9tica avanzada<\/a><\/li>\n<\/ul><\/div><\/div><!-- \/Widget Shortcode --><\/div>\n<div class=\"wpv-grid grid-3-4  wpv-first-level unextended\" style=\"padding-top:0px;padding-bottom:0px\" id=\"wpv-column-2419ad40ddab02f360eb6526a3ffc4fe\" ><div class=\"row \"><div class=\"wpv-grid grid-1-1  first unextended animation-fade-in animated-active\" style=\"padding-top:0px;padding-bottom:0px\" id=\"wpv-column-d65e43b41257f2dd6ee37c640abab2fd\" ><p><img loading=\"lazy\" class=\"aligncenter size-large wp-image-17587\" src=\"https:\/\/grupnexus.com\/wp-content\/uploads\/2018\/09\/2018-09-19-Tratamientos-expres_web-673x1024.jpg\" alt=\"tratamientos remodelantes\" width=\"673\" height=\"1024\" srcset=\"https:\/\/grupnexus.com\/wp-content\/uploads\/2018\/09\/2018-09-19-Tratamientos-expres_web-673x1024.jpg 673w, https:\/\/grupnexus.com\/wp-content\/uploads\/2018\/09\/2018-09-19-Tratamientos-expres_web-510x776.jpg 510w, https:\/\/grupnexus.com\/wp-content\/uploads\/2018\/09\/2018-09-19-Tratamientos-expres_web-197x300.jpg 197w, https:\/\/grupnexus.com\/wp-content\/uploads\/2018\/09\/2018-09-19-Tratamientos-expres_web-768x1168.jpg 768w, https:\/\/grupnexus.com\/wp-content\/uploads\/2018\/09\/2018-09-19-Tratamientos-expres_web-505x768.jpg 505w, https:\/\/grupnexus.com\/wp-content\/uploads\/2018\/09\/2018-09-19-Tratamientos-expres_web-1140x1734.jpg 1140w, https:\/\/grupnexus.com\/wp-content\/uploads\/2018\/09\/2018-09-19-Tratamientos-expres_web-555x844.jpg 555w, https:\/\/grupnexus.com\/wp-content\/uploads\/2018\/09\/2018-09-19-Tratamientos-expres_web-360x548.jpg 360w, https:\/\/grupnexus.com\/wp-content\/uploads\/2018\/09\/2018-09-19-Tratamientos-expres_web-262x398.jpg 262w, https:\/\/grupnexus.com\/wp-content\/uploads\/2018\/09\/2018-09-19-Tratamientos-expres_web.jpg 1200w\" sizes=\"(max-width: 673px) 100vw, 673px\" \/><\/div><\/div><\/div><\/div>\n<div class=\"sep\"><\/div>\n<div class=\"row \"><div class=\"wpv-grid grid-1-1  wpv-first-level first unextended\" style=\"padding-top:0px;padding-bottom:0px\" id=\"wpv-column-a2c87901425e3feb7c564620a4aaef98\" ><\/div><\/div>\n","protected":false},"excerpt":{"rendered":"","protected":false},"author":5,"featured_media":14867,"parent":11483,"menu_order":0,"comment_status":"closed","ping_status":"closed","template":"","meta":[],"yoast_head":"<!-- This site is optimized with the Yoast SEO plugin v18.6 - https:\/\/yoast.com\/wordpress\/plugins\/seo\/ -->\n<title>Packs Tratamientos Remodelantes - Cl\u00ednica Nexus<\/title>\n<meta name=\"robots\" content=\"index, follow, max-snippet:-1, max-image-preview:large, max-video-preview:-1\" \/>\n<link rel=\"canonical\" href=\"https:\/\/grupnexus.com\/es\/tratamientos\/packs\/tratamientos-remodelantes\/\" \/>\n<meta property=\"og:locale\" content=\"es_ES\" \/>\n<meta property=\"og:type\" content=\"article\" \/>\n<meta property=\"og:title\" content=\"Packs Tratamientos Remodelantes - Cl\u00ednica Nexus\" \/>\n<meta property=\"og:url\" content=\"https:\/\/grupnexus.com\/es\/tratamientos\/packs\/tratamientos-remodelantes\/\" \/>\n<meta property=\"og:site_name\" content=\"Cl\u00ednica Nexus\" \/>\n<meta property=\"article:modified_time\" content=\"2018-09-19T07:50:57+00:00\" \/>\n<meta property=\"og:image\" content=\"https:\/\/i0.wp.com\/grupnexus.com\/wp-content\/uploads\/2018\/02\/packs-remodelants.jpg?fit=1200%2C867&#038;ssl=1\" \/>\n\t<meta property=\"og:image:width\" content=\"1200\" \/>\n\t<meta property=\"og:image:height\" content=\"867\" \/>\n\t<meta property=\"og:image:type\" content=\"image\/jpeg\" \/>\n<meta name=\"twitter:card\" content=\"summary\" \/>\n<meta name=\"twitter:label1\" content=\"Tiempo de lectura\" \/>\n\t<meta name=\"twitter:data1\" content=\"2 minutos\" \/>\n<script type=\"application\/ld+json\" class=\"yoast-schema-graph\">{\"@context\":\"https:\/\/schema.org\",\"@graph\":[{\"@type\":\"WebSite\",\"@id\":\"https:\/\/grupnexus.com\/es\/#website\",\"url\":\"https:\/\/grupnexus.com\/es\/\",\"name\":\"Cl\u00ednica Nexus\",\"description\":\"L\u00edders en Medicina Est\u00e8tica Avan\u00e7ada\",\"potentialAction\":[{\"@type\":\"SearchAction\",\"target\":{\"@type\":\"EntryPoint\",\"urlTemplate\":\"https:\/\/grupnexus.com\/es\/?s={search_term_string}\"},\"query-input\":\"required name=search_term_string\"}],\"inLanguage\":\"es\"},{\"@type\":\"ImageObject\",\"@id\":\"https:\/\/grupnexus.com\/es\/tratamientos\/packs\/tratamientos-remodelantes\/#primaryimage\",\"inLanguage\":\"es\",\"url\":\"https:\/\/grupnexus.com\/wp-content\/uploads\/2018\/02\/packs-remodelants.jpg\",\"contentUrl\":\"https:\/\/grupnexus.com\/wp-content\/uploads\/2018\/02\/packs-remodelants.jpg\",\"width\":1200,\"height\":867},{\"@type\":\"WebPage\",\"@id\":\"https:\/\/grupnexus.com\/es\/tratamientos\/packs\/tratamientos-remodelantes\/#webpage\",\"url\":\"https:\/\/grupnexus.com\/es\/tratamientos\/packs\/tratamientos-remodelantes\/\",\"name\":\"Packs Tratamientos Remodelantes - Cl\u00ednica Nexus\",\"isPartOf\":{\"@id\":\"https:\/\/grupnexus.com\/es\/#website\"},\"primaryImageOfPage\":{\"@id\":\"https:\/\/grupnexus.com\/es\/tratamientos\/packs\/tratamientos-remodelantes\/#primaryimage\"},\"datePublished\":\"2018-02-19T11:14:28+00:00\",\"dateModified\":\"2018-09-19T07:50:57+00:00\",\"breadcrumb\":{\"@id\":\"https:\/\/grupnexus.com\/es\/tratamientos\/packs\/tratamientos-remodelantes\/#breadcrumb\"},\"inLanguage\":\"es\",\"potentialAction\":[{\"@type\":\"ReadAction\",\"target\":[\"https:\/\/grupnexus.com\/es\/tratamientos\/packs\/tratamientos-remodelantes\/\"]}]},{\"@type\":\"BreadcrumbList\",\"@id\":\"https:\/\/grupnexus.com\/es\/tratamientos\/packs\/tratamientos-remodelantes\/#breadcrumb\",\"itemListElement\":[{\"@type\":\"ListItem\",\"position\":1,\"name\":\"Portada\",\"item\":\"https:\/\/grupnexus.com\/es\/\"},{\"@type\":\"ListItem\",\"position\":2,\"name\":\"Tratamientos\",\"item\":\"https:\/\/grupnexus.com\/es\/tratamientos\/\"},{\"@type\":\"ListItem\",\"position\":3,\"name\":\"Packs\",\"item\":\"https:\/\/grupnexus.com\/es\/tratamientos\/packs\/\"},{\"@type\":\"ListItem\",\"position\":4,\"name\":\"Packs Tratamientos Remodelantes\"}]}]}<\/script>\n<!-- \/ Yoast SEO plugin. -->","yoast_head_json":{"title":"Packs Tratamientos Remodelantes - Cl\u00ednica Nexus","robots":{"index":"index","follow":"follow","max-snippet":"max-snippet:-1","max-image-preview":"max-image-preview:large","max-video-preview":"max-video-preview:-1"},"canonical":"https:\/\/grupnexus.com\/es\/tratamientos\/packs\/tratamientos-remodelantes\/","og_locale":"es_ES","og_type":"article","og_title":"Packs Tratamientos Remodelantes - Cl\u00ednica Nexus","og_url":"https:\/\/grupnexus.com\/es\/tratamientos\/packs\/tratamientos-remodelantes\/","og_site_name":"Cl\u00ednica Nexus","article_modified_time":"2018-09-19T07:50:57+00:00","og_image":[{"width":1200,"height":867,"url":"https:\/\/i0.wp.com\/grupnexus.com\/wp-content\/uploads\/2018\/02\/packs-remodelants.jpg?fit=1200%2C867&ssl=1","type":"image\/jpeg"}],"twitter_card":"summary","twitter_misc":{"Tiempo de lectura":"2 minutos"},"schema":{"@context":"https:\/\/schema.org","@graph":[{"@type":"WebSite","@id":"https:\/\/grupnexus.com\/es\/#website","url":"https:\/\/grupnexus.com\/es\/","name":"Cl\u00ednica Nexus","description":"L\u00edders en Medicina Est\u00e8tica Avan\u00e7ada","potentialAction":[{"@type":"SearchAction","target":{"@type":"EntryPoint","urlTemplate":"https:\/\/grupnexus.com\/es\/?s={search_term_string}"},"query-input":"required name=search_term_string"}],"inLanguage":"es"},{"@type":"ImageObject","@id":"https:\/\/grupnexus.com\/es\/tratamientos\/packs\/tratamientos-remodelantes\/#primaryimage","inLanguage":"es","url":"https:\/\/grupnexus.com\/wp-content\/uploads\/2018\/02\/packs-remodelants.jpg","contentUrl":"https:\/\/grupnexus.com\/wp-content\/uploads\/2018\/02\/packs-remodelants.jpg","width":1200,"height":867},{"@type":"WebPage","@id":"https:\/\/grupnexus.com\/es\/tratamientos\/packs\/tratamientos-remodelantes\/#webpage","url":"https:\/\/grupnexus.com\/es\/tratamientos\/packs\/tratamientos-remodelantes\/","name":"Packs Tratamientos Remodelantes - Cl\u00ednica Nexus","isPartOf":{"@id":"https:\/\/grupnexus.com\/es\/#website"},"primaryImageOfPage":{"@id":"https:\/\/grupnexus.com\/es\/tratamientos\/packs\/tratamientos-remodelantes\/#primaryimage"},"datePublished":"2018-02-19T11:14:28+00:00","dateModified":"2018-09-19T07:50:57+00:00","breadcrumb":{"@id":"https:\/\/grupnexus.com\/es\/tratamientos\/packs\/tratamientos-remodelantes\/#breadcrumb"},"inLanguage":"es","potentialAction":[{"@type":"ReadAction","target":["https:\/\/grupnexus.com\/es\/tratamientos\/packs\/tratamientos-remodelantes\/"]}]},{"@type":"BreadcrumbList","@id":"https:\/\/grupnexus.com\/es\/tratamientos\/packs\/tratamientos-remodelantes\/#breadcrumb","itemListElement":[{"@type":"ListItem","position":1,"name":"Portada","item":"https:\/\/grupnexus.com\/es\/"},{"@type":"ListItem","position":2,"name":"Tratamientos","item":"https:\/\/grupnexus.com\/es\/tratamientos\/"},{"@type":"ListItem","position":3,"name":"Packs","item":"https:\/\/grupnexus.com\/es\/tratamientos\/packs\/"},{"@type":"ListItem","position":4,"name":"Packs Tratamientos Remodelantes"}]}]}},"_links":{"self":[{"href":"https:\/\/grupnexus.com\/es\/wp-json\/wp\/v2\/pages\/14871"}],"collection":[{"href":"https:\/\/grupnexus.com\/es\/wp-json\/wp\/v2\/pages"}],"about":[{"href":"https:\/\/grupnexus.com\/es\/wp-json\/wp\/v2\/types\/page"}],"author":[{"embeddable":true,"href":"https:\/\/grupnexus.com\/es\/wp-json\/wp\/v2\/users\/5"}],"replies":[{"embeddable":true,"href":"https:\/\/grupnexus.com\/es\/wp-json\/wp\/v2\/comments?post=14871"}],"version-history":[{"count":5,"href":"https:\/\/grupnexus.com\/es\/wp-json\/wp\/v2\/pages\/14871\/revisions"}],"predecessor-version":[{"id":17596,"href":"https:\/\/grupnexus.com\/es\/wp-json\/wp\/v2\/pages\/14871\/revisions\/17596"}],"up":[{"embeddable":true,"href":"https:\/\/grupnexus.com\/es\/wp-json\/wp\/v2\/pages\/11483"}],"wp:featuredmedia":[{"embeddable":true,"href":"https:\/\/grupnexus.com\/es\/wp-json\/wp\/v2\/media\/14867"}],"wp:attachment":[{"href":"https:\/\/grupnexus.com\/es\/wp-json\/wp\/v2\/media?parent=14871"}],"curies":[{"name":"wp","href":"https:\/\/api.w.org\/{rel}","templated":true}]}}