{"id":15340,"date":"2018-05-07T12:03:23","date_gmt":"2018-05-07T10:03:23","guid":{"rendered":"https:\/\/www.grupnexus.com\/?page_id=15340\/"},"modified":"2018-05-14T11:09:01","modified_gmt":"2018-05-14T09:09:01","slug":"grasa-localizada","status":"publish","type":"page","link":"https:\/\/grupnexus.com\/es\/tratamientos\/grasa-localizada\/","title":{"rendered":"Grasa Localizada"},"content":{"rendered":"<div class=\"row \"><div class=\"wpv-grid grid-3-4  wpv-first-level first unextended\" style=\"padding-top:0px;padding-bottom:0px\" id=\"wpv-column-6110d7828f703f0fd4c4972d4276032d\" >\t\t<h2 class=\"text-divider-double\">\t\t\t\nGrasa Localizada\t\t<\/h2>\t\t<div class=\"sep\"><\/div>\t<\/div>\n<div class=\"wpv-grid grid-1-4  wpv-first-level unextended\" style=\"padding-top:0px;padding-bottom:0px\" id=\"wpv-column-d2236b6326b851b4c3fca7be42223039\" ><div class=\"push\" style='height:44px'><\/div>\n<!-- Widget Shortcode --><div id=\"search-11\" class=\"widget widget_search widget-shortcode area-wpv_sidebar-tractament-est-facial-cat-left \"><form role=\"search\" method=\"get\" class=\"searchform clearfix\" action=\"https:\/\/grupnexus.com\/es\/\">\n\t<label for=\"search-text-widget\" class=\"visuallyhidden\">Search for:<\/label>\n\t<input id=\"search-text-widget\" type=\"text\" value=\"\" name=\"s\" placeholder=\"Buscar\" required=\"required\" \/>\n\t<input type=\"submit\" value=\"Buscar\" \/>\n\t\t\t<input type=\"hidden\" name=\"lang\" value=\"es\"\/>\n\t<\/form><\/div><!-- \/Widget Shortcode --><\/div><\/div>\n<div class=\"row \"><div class=\"wpv-grid grid-1-4  wpv-first-level first unextended\" style=\"padding-top:0px;padding-bottom:0px\" id=\"wpv-column-7a88adac032e10684bdf1b4a76ce91ae\" ><!-- Widget Shortcode --><div id=\"nav_menu-21\" class=\"widget widget_nav_menu widget-shortcode area-wpv_sidebar-tratamientos-es-left \"><h2 class=\"widgettitle\">Tratamientos<\/h2><div class=\"menu-menu-tratamientos-es-container\"><ul id=\"menu-menu-tratamientos-es\" class=\"menu\"><li id=\"menu-item-9584\" class=\"menu-item menu-item-type-post_type menu-item-object-page menu-item-9584\"><a href=\"https:\/\/grupnexus.com\/es\/tratamientos\/medicina-estetica-facial\/\">Medicina est\u00e9tica facial<\/a><\/li>\n<li id=\"menu-item-9583\" class=\"menu-item menu-item-type-post_type menu-item-object-page menu-item-9583\"><a href=\"https:\/\/grupnexus.com\/es\/tratamientos\/medicina-estetica-corporal\/\">Medicina est\u00e9tica corporal<\/a><\/li>\n<li id=\"menu-item-9667\" class=\"menu-item menu-item-type-post_type menu-item-object-page menu-item-9667\"><a href=\"https:\/\/grupnexus.com\/es\/tratamientos\/plataforma-laser\/\">Plataforma l\u00e1ser<\/a><\/li>\n<li id=\"menu-item-9578\" class=\"menu-item menu-item-type-post_type menu-item-object-page menu-item-9578\"><a href=\"https:\/\/grupnexus.com\/es\/tratamientos\/cirugia-estetica\/\">Cirug\u00eda est\u00e9tica<\/a><\/li>\n<li id=\"menu-item-9581\" class=\"menu-item menu-item-type-post_type menu-item-object-page menu-item-9581\"><a href=\"https:\/\/grupnexus.com\/es\/tratamientos\/medicina-antiaging\/\">Medicina Antiaging Preventiva<\/a><\/li>\n<li id=\"menu-item-9582\" class=\"menu-item menu-item-type-post_type menu-item-object-page menu-item-9582\"><a href=\"https:\/\/grupnexus.com\/es\/tratamientos\/medicina-biologica\/\">Medicina biol\u00f3gica<\/a><\/li>\n<li id=\"menu-item-9580\" class=\"menu-item menu-item-type-post_type menu-item-object-page menu-item-9580\"><a href=\"https:\/\/grupnexus.com\/es\/tratamientos\/estetica-avanzada\/\">Est\u00e9tica avanzada<\/a><\/li>\n<\/ul><\/div><\/div><!-- \/Widget Shortcode --><\/div>\n<div class=\"wpv-grid grid-3-4  wpv-first-level unextended\" style=\"padding-top:0px;padding-bottom:0px\" id=\"wpv-column-50b7858b1483ea34608882aaaf4c1cc3\" ><p><img loading=\"lazy\" class=\"alignnone wp-image-15342 size-full\" src=\"https:\/\/grupnexus.com\/wp-content\/uploads\/2018\/05\/SculpSure_Flanks_-_color.jpg\" alt=\"\" width=\"960\" height=\"640\" srcset=\"https:\/\/grupnexus.com\/wp-content\/uploads\/2018\/05\/SculpSure_Flanks_-_color.jpg 960w, https:\/\/grupnexus.com\/wp-content\/uploads\/2018\/05\/SculpSure_Flanks_-_color-510x340.jpg 510w, https:\/\/grupnexus.com\/wp-content\/uploads\/2018\/05\/SculpSure_Flanks_-_color-300x200.jpg 300w, https:\/\/grupnexus.com\/wp-content\/uploads\/2018\/05\/SculpSure_Flanks_-_color-768x512.jpg 768w, https:\/\/grupnexus.com\/wp-content\/uploads\/2018\/05\/SculpSure_Flanks_-_color-555x370.jpg 555w, https:\/\/grupnexus.com\/wp-content\/uploads\/2018\/05\/SculpSure_Flanks_-_color-360x240.jpg 360w, https:\/\/grupnexus.com\/wp-content\/uploads\/2018\/05\/SculpSure_Flanks_-_color-262x175.jpg 262w\" sizes=\"(max-width: 960px) 100vw, 960px\" \/><\/p>\n<div class=\"row \"><div class=\"wpv-grid grid-1-1  first unextended\" style=\"padding-top:0px;padding-bottom:0px\" id=\"wpv-column-fc42b143dd32227fce7e44943a43ef4d\" ><h2 style=\"text-align: center;\">SCULPSURE, LA F\u00d3RMULA MAGISTRAL PARA MOLDEAR TU FIGURA<\/h2>\n<h3>\u00bfQu\u00e9 es SculpSure?<\/h3>\n<p>SculpSure es el primer l\u00e1ser de diodo del mundo aprobado por la FDA para tratamientos de lip\u00f3lisis no invasiva que permite eliminar la grasa localizada y persistente en flancos, abdomen, espalda y cara interna y externa de los muslos en sesiones de 25 minutos por zona.<\/p>\n<h3>\u00bfC\u00f3mo se hace el tratamiento?<\/h3>\n<p>Se selecciona y marca la zona a tratar, se colocan los adaptadores de contorno y sobre \u00e9l se pone el aplicador. \u00a0Se coloca la Lux Lotion para favorecer el contacto del aplicador con la piel. Se seleccionan los par\u00e1metros adecuados al paciente y se inicia el tratamiento.<\/p>\n<h3>\u00bfC\u00f3mo funciona SculpSure?<\/h3>\n<ol>\n<li>La longitud de onda de 1060nm tiene una alta afinidad por el tejido adiposo subcut\u00e1neo, calentando los adipocitos que se encuentran en esta zona sin da\u00f1ar la superficie de la piel.<\/li>\n<li>SculpSure eleva la temperatura de las c\u00e9lulas grasas entre 42\u00ba y 47\u00ba alterando su estructura original. Esa temperatura es la necesaria que se debe alcanzar en una liposucci\u00f3n convencional para conseguir destruir el adipocito. Gracias al sistema de enfriamiento por contacto <i>Contact Cooling&#x2122;<\/i> los tejidos circundantes no se ven afectados.<\/li>\n<li>Con el transcurso de los d\u00edas, el cuerpo elimina los adipocitos de grasa destruidos de forma natural a trav\u00e9s del sistema linf\u00e1tico.<\/li>\n<li>Las c\u00e9lulas grasas se eliminan de forma permanente y no se regeneran.<\/li>\n<\/ol>\n<h3>\u00bfCu\u00e1nto dura un tratamiento completo?<\/h3>\n<p>25 minutos en total, que se dividen en 2 fases:<\/p>\n<ul>\n<li>1\u00ba FASE: 4 minutos de calentamiento, donde el tejido alcanza la temperatura de tratamiento.<\/li>\n<li>2\u00ba FASE: 21 minutos de fase de mantenimiento de esa temperatura.<\/li>\n<\/ul>\n<p>Es un tratamiento r\u00e1pido, y sin tiempo de recuperaci\u00f3n, lo que permite que el paciente retome sus actividades diarias de forma inmediata.<\/p>\n<h4 style=\"text-align: center;\">EL PACIENTE, \u201cSUPERANDO SUS EXPECTATIVAS\u201d<\/h4>\n<h3>\u00bfCu\u00e1l es el tipo de paciente apto para este tratamiento?<\/h3>\n<p>Pacientes con un buen estado de salud con un IMC (\u00edndice de masa corporal) entre 25 y 30, con zonas bien delimitadas de tejido graso subcut\u00e1neo.<\/p>\n<p>Hay que tener en cuenta que SculpSure no es un equipo para perder peso, sino que es un equipo para remodelar el cuerpo.<\/p>\n<p>Es importante destacar tambi\u00e9n, que SculpSure se dirige a la grasa subcut\u00e1nea y no a la grasa visceral.<\/p>\n<p>Como cualquier tratamiento para remodelaci\u00f3n corporal, es importante que el paciente tenga unos h\u00e1bitos de vida saludable, con una dieta equilibrada y un m\u00ednimo de actividad f\u00edsica diaria.<\/p>\n<h3>\u00bfQu\u00e9 sienten los pacientes durante el tratamiento?<\/h3>\n<ul>\n<li>Al comenzar el tratamiento, el paciente sentir\u00e1 una sensaci\u00f3n de fr\u00edo por el sistema de enfriamiento Contact Cooling&#x2122;, que est\u00e1 conectado durante todo el tratamiento para evitar posibles da\u00f1os en la piel.<\/li>\n<li>Los 2 primeros minutos de tratamiento, el paciente empezar\u00e1 a sentir picos de m\u00e1ximo calor seguidos del enfriamiento de la piel.<\/li>\n<li>Los siguientes 23 minutos, sentir\u00e1 calidez y hormigueo. \u00a0Algunos pacientes tienen sensaci\u00f3n de presi\u00f3n en la zona tratada&#8230;\u00a1es perfectamente normal! El calor se acumula originando picos de calor profundos.<\/li>\n<\/ul>\n<h3>El tratamiento de SculpSure, \u00bfduele?<\/h3>\n<p>El umbral del dolor de cada persona es muy relativo, lo que es dif\u00edcil de determinar. No se han reportado testimonios de dolor durante el tratamiento, pero en la mayor\u00eda de las veces el paciente podr\u00eda sentir molestias por la sensaci\u00f3n c\u00edclica de calor alternado con frio.<\/p>\n<h3>\u00bfCu\u00e1ntas sesiones son necesarias?<\/h3>\n<p>El protocolo de tratamiento indica 2- 3 sesiones, espaciadas entre 4 y 6 semanas, pero puede variar dependiendo de la morfolog\u00eda del paciente. Para optimizar los resultados, se recomiendan los masajes drenantes 2 veces a la semana en el tiempo de espera entre sesi\u00f3n y sesi\u00f3n.<\/p>\n<h3>\u00bfCu\u00e1ndo se ver\u00e1n los primeros resultados?<\/h3>\n<p>Los primeros resultados se empiezan a apreciar entre la tercera y sexta semana a partir de la primera sesi\u00f3n, siendo a\u00fan m\u00e1s evidentes a partir de la semana doce.<\/p>\n<h3>Existen contraindicaciones?<\/h3>\n<p>SculpSure no se recomienda en caso de:<\/p>\n<ul>\n<li>Lesiones abiertas o heridas en la piel<\/li>\n<li>Historial de cicatrices queloideas<\/li>\n<li>Embarazo o lactancia<\/li>\n<li>Hernia abdominal<\/li>\n<li>Des\u00f3rdenes neurop\u00e1ticos: sensibilidad cut\u00e1nea reducida, neuropat\u00eda diab\u00e9tica, etc.<\/li>\n<li>Des\u00f3rdenes en la coagulaci\u00f3n o actual toma de medicaci\u00f3n anticoagulante. Incluye el uso de aspirina en cantidad de m\u00e1s de 81 mg. por d\u00eda<\/li>\n<li>Tratamiento de anticoagulantes, antiplaquetarios, trombol\u00edticos o anti-inflamatorios (dos semanas previas al tratamiento o previsi\u00f3n pr\u00f3xima de toma de los mismos)<\/li>\n<li>Inmunosupresi\u00f3n o des\u00f3rdenes de deficiencia inmune. Incluye infecci\u00f3n VIH, SIDA, o toma de medicaci\u00f3n inmunosupresora<\/li>\n<\/ul>\n<h4 style=\"text-align: center;\">CUAL ES LA DIFERENCIA DE SCULPSURE CON OTRAS TECNOLOG\u00cdAS DE REMODELACI\u00d3N CORPORAL DEL MERCADO<\/h4>\n<p>SculpSure es el primer l\u00e1ser del mercado para tratamientos de lip\u00f3lisis no invasiva por hipertermia mantenida.<\/p>\n<p>Radiofrecuencias, ultrasonidos, criolip\u00f3lisis por fr\u00edo, mesoterapia o cavitaci\u00f3n son las tecnolog\u00edas que encontramos frecuentemente en el mercado para hacer tratamientos de remodelaci\u00f3n corporal.<\/p>\n<p>Algunas de las ventajas de SculpSure frente a otros equipos de remodelaci\u00f3n corporal son:<\/p>\n<ul>\n<li>No invasivo<\/li>\n<li>No realiza succi\u00f3n<\/li>\n<li>Sin tiempo de recuperaci\u00f3n<\/li>\n<li>Sin anestesia<\/li>\n<li>Sin da\u00f1os en la dermis<\/li>\n<li>Procedimiento no quir\u00fargico<\/li>\n<li>Para todo tipo de pieles<\/li>\n<li>Sin efectos secundarios.<\/li>\n<\/ul>\n<p>SculpSure es el tratamiento de remodelaci\u00f3n corporal por excelencia en EEUU con m\u00e1s de 1.000 equipos instalados. Hace escasos d\u00edas, la SculpSure es el ganador de los Choice Awards (Spring\/Summer 2017) que organiza la revista norteamericana NewBeauty\u2019s \u00a0y ha sido el tratamiento m\u00e1s votado como \u201cBeauty Game Changer\u201d . Celebrities, presentadores y cantidad de famosos ya han pasado por las cl\u00ednicas para probarlos.<\/p>\n<h4 style=\"text-align: center;\">Nuevo tratamiento para eliminar la papada<\/h4>\n<p>Recientemente, SculpSure ha recibido la aprobaci\u00f3n de la FDA para el tratamiento de lip\u00f3lisis no invasiva para grasa localizada en la papada.<\/p>\n<p>Este tratamiento m\u00e9dico est\u00e1 indicado en personas con IMC menos o igual a 43, mientras que otros equipos del mercado est\u00e1n indicados para un IMC igual o menor a 30.<\/p>\n<p>SculpSure para papada cuenta con un \u00fanico aplicador plano y sin succi\u00f3n que consiste en un sistema de fijaciones ajustables que sujeta un umbilical de SculpSure para tratar el\u00a0\u00e1rea submental\u00a0de forma precisa y c\u00f3moda en solo 25 minutos.<\/p>\n<p>Esta nueva tecnolog\u00eda l\u00e1ser no invasiva cuenta con numerosas ventajas en comparaci\u00f3n con otras t\u00e9cnicas:<\/p>\n<ul>\n<li>El aplicador plano y sin succi\u00f3n, no genera flacidez<\/li>\n<li>Sin efectos secundarios<\/li>\n<\/ul><\/div><\/div><\/div><\/div>\n<div class=\"sep\"><\/div>\n<div class=\"row \"><div class=\"wpv-grid grid-1-1  wpv-first-level first unextended\" style=\"padding-top:0px;padding-bottom:0px\" id=\"wpv-column-e05f62187ded2617c8b3033a2f32529d\" ><p><strong><span class=\"buscar\">Quiz\u00e1 estaba buscando:<\/span><\/strong><br \/>\n<span class=\"paraules\">Eliminar grasa localizada Lleida, tratamiento grasa localizada Lleida, reducir grasa localizada Lleida, grasa localizada Lleida.<\/span><\/div><\/div>\n","protected":false},"excerpt":{"rendered":"<p>SCULPSURE, LA F\u00d3RMULA MAGISTRAL PARA MOLDEAR TU FIGURA \u00bfQu\u00e9 es SculpSure? SculpSure es el primer l\u00e1ser de diodo del mundo aprobado por la FDA para tratamientos de lip\u00f3lisis no invasiva que permite eliminar la grasa localizada y persistente en flancos, abdomen, espalda y cara interna y externa de los muslos en sesiones de 25 minutos&#8230;<\/p>\n","protected":false},"author":6,"featured_media":0,"parent":1021,"menu_order":0,"comment_status":"closed","ping_status":"closed","template":"","meta":[],"yoast_head":"<!-- This site is optimized with the Yoast SEO plugin v18.6 - https:\/\/yoast.com\/wordpress\/plugins\/seo\/ -->\n<title>Grasa Localizada - Cl\u00ednica Nexus<\/title>\n<meta name=\"description\" content=\"En Nexus conseguir\u00e1s los resultados que deseas para eliminar la celulitis. Mesoterapia, Carboxiterapia, Oxzonoterapia, etc.\" \/>\n<meta name=\"robots\" content=\"index, follow, max-snippet:-1, max-image-preview:large, max-video-preview:-1\" \/>\n<link rel=\"canonical\" href=\"https:\/\/grupnexus.com\/es\/tratamientos\/grasa-localizada\/\" \/>\n<meta property=\"og:locale\" content=\"es_ES\" \/>\n<meta property=\"og:type\" content=\"article\" \/>\n<meta property=\"og:title\" content=\"Grasa Localizada - Cl\u00ednica Nexus\" \/>\n<meta property=\"og:description\" content=\"En Nexus conseguir\u00e1s los resultados que deseas para eliminar la celulitis. Mesoterapia, Carboxiterapia, Oxzonoterapia, etc.\" \/>\n<meta property=\"og:url\" content=\"https:\/\/grupnexus.com\/es\/tratamientos\/grasa-localizada\/\" \/>\n<meta property=\"og:site_name\" content=\"Cl\u00ednica Nexus\" \/>\n<meta property=\"article:modified_time\" content=\"2018-05-14T09:09:01+00:00\" \/>\n<meta property=\"og:image\" content=\"https:\/\/grupnexus.com\/wp-content\/uploads\/2018\/05\/SculpSure_Flanks_-_color.jpg\" \/>\n<meta name=\"twitter:card\" content=\"summary\" \/>\n<meta name=\"twitter:label1\" content=\"Tiempo de lectura\" \/>\n\t<meta name=\"twitter:data1\" content=\"7 minutos\" \/>\n<script type=\"application\/ld+json\" class=\"yoast-schema-graph\">{\"@context\":\"https:\/\/schema.org\",\"@graph\":[{\"@type\":\"WebSite\",\"@id\":\"https:\/\/grupnexus.com\/es\/#website\",\"url\":\"https:\/\/grupnexus.com\/es\/\",\"name\":\"Cl\u00ednica Nexus\",\"description\":\"L\u00edders en Medicina Est\u00e8tica Avan\u00e7ada\",\"potentialAction\":[{\"@type\":\"SearchAction\",\"target\":{\"@type\":\"EntryPoint\",\"urlTemplate\":\"https:\/\/grupnexus.com\/es\/?s={search_term_string}\"},\"query-input\":\"required name=search_term_string\"}],\"inLanguage\":\"es\"},{\"@type\":\"ImageObject\",\"@id\":\"https:\/\/grupnexus.com\/es\/tratamientos\/grasa-localizada\/#primaryimage\",\"inLanguage\":\"es\",\"url\":\"https:\/\/grupnexus.com\/wp-content\/uploads\/2018\/05\/SculpSure_Flanks_-_color.jpg\",\"contentUrl\":\"https:\/\/grupnexus.com\/wp-content\/uploads\/2018\/05\/SculpSure_Flanks_-_color.jpg\",\"width\":960,\"height\":640},{\"@type\":\"WebPage\",\"@id\":\"https:\/\/grupnexus.com\/es\/tratamientos\/grasa-localizada\/#webpage\",\"url\":\"https:\/\/grupnexus.com\/es\/tratamientos\/grasa-localizada\/\",\"name\":\"Grasa Localizada - Cl\u00ednica Nexus\",\"isPartOf\":{\"@id\":\"https:\/\/grupnexus.com\/es\/#website\"},\"primaryImageOfPage\":{\"@id\":\"https:\/\/grupnexus.com\/es\/tratamientos\/grasa-localizada\/#primaryimage\"},\"datePublished\":\"2018-05-07T10:03:23+00:00\",\"dateModified\":\"2018-05-14T09:09:01+00:00\",\"description\":\"En Nexus conseguir\u00e1s los resultados que deseas para eliminar la celulitis. Mesoterapia, Carboxiterapia, Oxzonoterapia, etc.\",\"breadcrumb\":{\"@id\":\"https:\/\/grupnexus.com\/es\/tratamientos\/grasa-localizada\/#breadcrumb\"},\"inLanguage\":\"es\",\"potentialAction\":[{\"@type\":\"ReadAction\",\"target\":[\"https:\/\/grupnexus.com\/es\/tratamientos\/grasa-localizada\/\"]}]},{\"@type\":\"BreadcrumbList\",\"@id\":\"https:\/\/grupnexus.com\/es\/tratamientos\/grasa-localizada\/#breadcrumb\",\"itemListElement\":[{\"@type\":\"ListItem\",\"position\":1,\"name\":\"Portada\",\"item\":\"https:\/\/grupnexus.com\/es\/\"},{\"@type\":\"ListItem\",\"position\":2,\"name\":\"Tratamientos\",\"item\":\"https:\/\/grupnexus.com\/es\/tratamientos\/\"},{\"@type\":\"ListItem\",\"position\":3,\"name\":\"Grasa Localizada\"}]}]}<\/script>\n<!-- \/ Yoast SEO plugin. -->","yoast_head_json":{"title":"Grasa Localizada - Cl\u00ednica Nexus","description":"En Nexus conseguir\u00e1s los resultados que deseas para eliminar la celulitis. Mesoterapia, Carboxiterapia, Oxzonoterapia, etc.","robots":{"index":"index","follow":"follow","max-snippet":"max-snippet:-1","max-image-preview":"max-image-preview:large","max-video-preview":"max-video-preview:-1"},"canonical":"https:\/\/grupnexus.com\/es\/tratamientos\/grasa-localizada\/","og_locale":"es_ES","og_type":"article","og_title":"Grasa Localizada - Cl\u00ednica Nexus","og_description":"En Nexus conseguir\u00e1s los resultados que deseas para eliminar la celulitis. Mesoterapia, Carboxiterapia, Oxzonoterapia, etc.","og_url":"https:\/\/grupnexus.com\/es\/tratamientos\/grasa-localizada\/","og_site_name":"Cl\u00ednica Nexus","article_modified_time":"2018-05-14T09:09:01+00:00","og_image":[{"url":"https:\/\/grupnexus.com\/wp-content\/uploads\/2018\/05\/SculpSure_Flanks_-_color.jpg"}],"twitter_card":"summary","twitter_misc":{"Tiempo de lectura":"7 minutos"},"schema":{"@context":"https:\/\/schema.org","@graph":[{"@type":"WebSite","@id":"https:\/\/grupnexus.com\/es\/#website","url":"https:\/\/grupnexus.com\/es\/","name":"Cl\u00ednica Nexus","description":"L\u00edders en Medicina Est\u00e8tica Avan\u00e7ada","potentialAction":[{"@type":"SearchAction","target":{"@type":"EntryPoint","urlTemplate":"https:\/\/grupnexus.com\/es\/?s={search_term_string}"},"query-input":"required name=search_term_string"}],"inLanguage":"es"},{"@type":"ImageObject","@id":"https:\/\/grupnexus.com\/es\/tratamientos\/grasa-localizada\/#primaryimage","inLanguage":"es","url":"https:\/\/grupnexus.com\/wp-content\/uploads\/2018\/05\/SculpSure_Flanks_-_color.jpg","contentUrl":"https:\/\/grupnexus.com\/wp-content\/uploads\/2018\/05\/SculpSure_Flanks_-_color.jpg","width":960,"height":640},{"@type":"WebPage","@id":"https:\/\/grupnexus.com\/es\/tratamientos\/grasa-localizada\/#webpage","url":"https:\/\/grupnexus.com\/es\/tratamientos\/grasa-localizada\/","name":"Grasa Localizada - Cl\u00ednica Nexus","isPartOf":{"@id":"https:\/\/grupnexus.com\/es\/#website"},"primaryImageOfPage":{"@id":"https:\/\/grupnexus.com\/es\/tratamientos\/grasa-localizada\/#primaryimage"},"datePublished":"2018-05-07T10:03:23+00:00","dateModified":"2018-05-14T09:09:01+00:00","description":"En Nexus conseguir\u00e1s los resultados que deseas para eliminar la celulitis. Mesoterapia, Carboxiterapia, Oxzonoterapia, etc.","breadcrumb":{"@id":"https:\/\/grupnexus.com\/es\/tratamientos\/grasa-localizada\/#breadcrumb"},"inLanguage":"es","potentialAction":[{"@type":"ReadAction","target":["https:\/\/grupnexus.com\/es\/tratamientos\/grasa-localizada\/"]}]},{"@type":"BreadcrumbList","@id":"https:\/\/grupnexus.com\/es\/tratamientos\/grasa-localizada\/#breadcrumb","itemListElement":[{"@type":"ListItem","position":1,"name":"Portada","item":"https:\/\/grupnexus.com\/es\/"},{"@type":"ListItem","position":2,"name":"Tratamientos","item":"https:\/\/grupnexus.com\/es\/tratamientos\/"},{"@type":"ListItem","position":3,"name":"Grasa Localizada"}]}]}},"_links":{"self":[{"href":"https:\/\/grupnexus.com\/es\/wp-json\/wp\/v2\/pages\/15340"}],"collection":[{"href":"https:\/\/grupnexus.com\/es\/wp-json\/wp\/v2\/pages"}],"about":[{"href":"https:\/\/grupnexus.com\/es\/wp-json\/wp\/v2\/types\/page"}],"author":[{"embeddable":true,"href":"https:\/\/grupnexus.com\/es\/wp-json\/wp\/v2\/users\/6"}],"replies":[{"embeddable":true,"href":"https:\/\/grupnexus.com\/es\/wp-json\/wp\/v2\/comments?post=15340"}],"version-history":[{"count":37,"href":"https:\/\/grupnexus.com\/es\/wp-json\/wp\/v2\/pages\/15340\/revisions"}],"predecessor-version":[{"id":15395,"href":"https:\/\/grupnexus.com\/es\/wp-json\/wp\/v2\/pages\/15340\/revisions\/15395"}],"up":[{"embeddable":true,"href":"https:\/\/grupnexus.com\/es\/wp-json\/wp\/v2\/pages\/1021"}],"wp:attachment":[{"href":"https:\/\/grupnexus.com\/es\/wp-json\/wp\/v2\/media?parent=15340"}],"curies":[{"name":"wp","href":"https:\/\/api.w.org\/{rel}","templated":true}]}}