{"id":17558,"date":"2018-10-02T11:41:03","date_gmt":"2018-10-02T09:41:03","guid":{"rendered":"https:\/\/www.grupnexus.com\/?page_id=17558\/"},"modified":"2019-01-24T15:53:43","modified_gmt":"2019-01-24T13:53:43","slug":"montse-monjo","status":"publish","type":"page","link":"https:\/\/grupnexus.com\/es\/nuestro-equipo\/montse-monjo\/","title":{"rendered":"Montse Monjo"},"content":{"rendered":"<div class=\"row \"><div class=\"wpv-grid grid-1-1  wpv-first-level first unextended\" style=\"padding-top:0px;padding-bottom:0px\" id=\"wpv-column-58aad7df90a4995ba861d2d28993bd8f\" >\t\t<h2 class=\"text-divider-double\">\t\t\t\nMontse Monjo\t\t<\/h2>\t\t<div class=\"sep\"><\/div>\t<\/div><\/div>\n<div class=\"row \"><div class=\"wpv-grid grid-1-4  wpv-first-level first unextended\" style=\"padding-top:0px;padding-bottom:0px\" id=\"wpv-column-b276dd8f0f18df476e61bb5c213df465\" ><p><img loading=\"lazy\" class=\"aligncenter wp-image-14892 size-full\" src=\"https:\/\/grupnexus.com\/wp-content\/uploads\/2018\/02\/montse-monjo-flotant.jpg\" alt=\"\" width=\"646\" height=\"906\" srcset=\"https:\/\/grupnexus.com\/wp-content\/uploads\/2018\/02\/montse-monjo-flotant.jpg 646w, https:\/\/grupnexus.com\/wp-content\/uploads\/2018\/02\/montse-monjo-flotant-510x715.jpg 510w, https:\/\/grupnexus.com\/wp-content\/uploads\/2018\/02\/montse-monjo-flotant-214x300.jpg 214w, https:\/\/grupnexus.com\/wp-content\/uploads\/2018\/02\/montse-monjo-flotant-548x768.jpg 548w, https:\/\/grupnexus.com\/wp-content\/uploads\/2018\/02\/montse-monjo-flotant-555x778.jpg 555w, https:\/\/grupnexus.com\/wp-content\/uploads\/2018\/02\/montse-monjo-flotant-360x505.jpg 360w, https:\/\/grupnexus.com\/wp-content\/uploads\/2018\/02\/montse-monjo-flotant-262x367.jpg 262w\" sizes=\"(max-width: 646px) 100vw, 646px\" \/><\/div>\n<div class=\"wpv-grid grid-3-4  wpv-first-level unextended\" style=\"padding-top:0px;padding-bottom:0px\" id=\"wpv-column-22b9b331880453ffa7c9ff12be49dcb2\" ><div class=\"row \"><div class=\"wpv-grid grid-1-1  first unextended\" style=\"padding-top:0px;padding-bottom:0px\" id=\"wpv-column-1b7ed8a50831634c812184b367deee7a\" ><h3>Educaci\u00f3n y Formaci\u00f3n<\/h3>\n<p>M\u00e1ster Universitario Superior en Direcci\u00f3n y Administraci\u00f3n de Empresas (MBA Executive Master Business Administration).<br \/>\nM\u00e1ster en Belleza y Salud<br \/>\nM\u00e1ster en Est\u00e9tica Integral<br \/>\nM\u00e1ster Especialista en Dermocosm\u00e9tica.<br \/>\nT\u00e9cnica Especialista en Depilaci\u00f3n L\u00e1ser M\u00e9dica<br \/>\nT\u00e9cnica Especialista en Diagn\u00f3sticos faciales y corporales personalizados<br \/>\nT\u00e9cnica Superior Especialista en Est\u00e9tica<br \/>\nT\u00e9cnica Superior de Auxiliar de Cl\u00ednica<br \/>\nT\u00e9cnica Administrativa Grado Superior<\/p>\n<div class=\"push\" style='height:10px'><\/div>\n<h3>Experiencia Profesional<\/h3>\n<p>Directora Gerente<br \/>\nSocia <a href=\"http:\/\/www.aplleida.cat\/es\/socia\/montse-monjo-2\/\" target=\"_blank\" rel=\"noopener\">Ap! Lleida<\/a> &#8211; Asociaci\u00f3n Profesional de Empresarias.<\/div><\/div>\n<p>&nbsp;<\/div><\/div>\n<div class=\"push\" style='height:40px'><\/div>\n","protected":false},"excerpt":{"rendered":"<p>Educaci\u00f3n y Formaci\u00f3n M\u00e1ster Universitario Superior en Direcci\u00f3n y Administraci\u00f3n de Empresas (MBA Executive Master Business Administration). M\u00e1ster en Belleza y Salud M\u00e1ster en Est\u00e9tica Integral M\u00e1ster Especialista en Dermocosm\u00e9tica. T\u00e9cnica Especialista en Depilaci\u00f3n L\u00e1ser M\u00e9dica T\u00e9cnica Especialista en Diagn\u00f3sticos faciales y corporales personalizados T\u00e9cnica Superior Especialista en Est\u00e9tica T\u00e9cnica Superior de Auxiliar de Cl\u00ednica&#8230;<\/p>\n","protected":false},"author":6,"featured_media":0,"parent":14354,"menu_order":0,"comment_status":"closed","ping_status":"closed","template":"","meta":[],"yoast_head":"<!-- This site is optimized with the Yoast SEO plugin v18.6 - https:\/\/yoast.com\/wordpress\/plugins\/seo\/ -->\n<title>Montse Monjo - Cl\u00ednica Nexus<\/title>\n<meta name=\"robots\" content=\"index, follow, max-snippet:-1, max-image-preview:large, max-video-preview:-1\" \/>\n<link rel=\"canonical\" href=\"https:\/\/grupnexus.com\/es\/nuestro-equipo\/montse-monjo\/\" \/>\n<meta property=\"og:locale\" content=\"es_ES\" \/>\n<meta property=\"og:type\" content=\"article\" \/>\n<meta property=\"og:title\" content=\"Montse Monjo - Cl\u00ednica Nexus\" \/>\n<meta property=\"og:description\" content=\"Educaci\u00f3n y Formaci\u00f3n M\u00e1ster Universitario Superior en Direcci\u00f3n y Administraci\u00f3n de Empresas (MBA Executive Master Business Administration). M\u00e1ster en Belleza y Salud M\u00e1ster en Est\u00e9tica Integral M\u00e1ster Especialista en Dermocosm\u00e9tica. T\u00e9cnica Especialista en Depilaci\u00f3n L\u00e1ser M\u00e9dica T\u00e9cnica Especialista en Diagn\u00f3sticos faciales y corporales personalizados T\u00e9cnica Superior Especialista en Est\u00e9tica T\u00e9cnica Superior de Auxiliar de Cl\u00ednica...\" \/>\n<meta property=\"og:url\" content=\"https:\/\/grupnexus.com\/es\/nuestro-equipo\/montse-monjo\/\" \/>\n<meta property=\"og:site_name\" content=\"Cl\u00ednica Nexus\" \/>\n<meta property=\"article:modified_time\" content=\"2019-01-24T13:53:43+00:00\" \/>\n<meta property=\"og:image\" content=\"https:\/\/grupnexus.com\/wp-content\/uploads\/2018\/02\/montse-monjo-flotant.jpg\" \/>\n<meta name=\"twitter:card\" content=\"summary\" \/>\n<meta name=\"twitter:label1\" content=\"Tiempo de lectura\" \/>\n\t<meta name=\"twitter:data1\" content=\"2 minutos\" \/>\n<script type=\"application\/ld+json\" class=\"yoast-schema-graph\">{\"@context\":\"https:\/\/schema.org\",\"@graph\":[{\"@type\":\"WebSite\",\"@id\":\"https:\/\/grupnexus.com\/es\/#website\",\"url\":\"https:\/\/grupnexus.com\/es\/\",\"name\":\"Cl\u00ednica Nexus\",\"description\":\"L\u00edders en Medicina Est\u00e8tica Avan\u00e7ada\",\"potentialAction\":[{\"@type\":\"SearchAction\",\"target\":{\"@type\":\"EntryPoint\",\"urlTemplate\":\"https:\/\/grupnexus.com\/es\/?s={search_term_string}\"},\"query-input\":\"required name=search_term_string\"}],\"inLanguage\":\"es\"},{\"@type\":\"ImageObject\",\"@id\":\"https:\/\/grupnexus.com\/es\/nuestro-equipo\/montse-monjo\/#primaryimage\",\"inLanguage\":\"es\",\"url\":\"https:\/\/grupnexus.com\/wp-content\/uploads\/2018\/02\/montse-monjo-flotant.jpg\",\"contentUrl\":\"https:\/\/grupnexus.com\/wp-content\/uploads\/2018\/02\/montse-monjo-flotant.jpg\",\"width\":646,\"height\":906},{\"@type\":\"WebPage\",\"@id\":\"https:\/\/grupnexus.com\/es\/nuestro-equipo\/montse-monjo\/#webpage\",\"url\":\"https:\/\/grupnexus.com\/es\/nuestro-equipo\/montse-monjo\/\",\"name\":\"Montse Monjo - Cl\u00ednica Nexus\",\"isPartOf\":{\"@id\":\"https:\/\/grupnexus.com\/es\/#website\"},\"primaryImageOfPage\":{\"@id\":\"https:\/\/grupnexus.com\/es\/nuestro-equipo\/montse-monjo\/#primaryimage\"},\"datePublished\":\"2018-10-02T09:41:03+00:00\",\"dateModified\":\"2019-01-24T13:53:43+00:00\",\"breadcrumb\":{\"@id\":\"https:\/\/grupnexus.com\/es\/nuestro-equipo\/montse-monjo\/#breadcrumb\"},\"inLanguage\":\"es\",\"potentialAction\":[{\"@type\":\"ReadAction\",\"target\":[\"https:\/\/grupnexus.com\/es\/nuestro-equipo\/montse-monjo\/\"]}]},{\"@type\":\"BreadcrumbList\",\"@id\":\"https:\/\/grupnexus.com\/es\/nuestro-equipo\/montse-monjo\/#breadcrumb\",\"itemListElement\":[{\"@type\":\"ListItem\",\"position\":1,\"name\":\"Portada\",\"item\":\"https:\/\/grupnexus.com\/es\/\"},{\"@type\":\"ListItem\",\"position\":2,\"name\":\"Nuestro equipo\",\"item\":\"https:\/\/grupnexus.com\/es\/nuestro-equipo\/\"},{\"@type\":\"ListItem\",\"position\":3,\"name\":\"Montse Monjo\"}]}]}<\/script>\n<!-- \/ Yoast SEO plugin. -->","yoast_head_json":{"title":"Montse Monjo - Cl\u00ednica Nexus","robots":{"index":"index","follow":"follow","max-snippet":"max-snippet:-1","max-image-preview":"max-image-preview:large","max-video-preview":"max-video-preview:-1"},"canonical":"https:\/\/grupnexus.com\/es\/nuestro-equipo\/montse-monjo\/","og_locale":"es_ES","og_type":"article","og_title":"Montse Monjo - Cl\u00ednica Nexus","og_description":"Educaci\u00f3n y Formaci\u00f3n M\u00e1ster Universitario Superior en Direcci\u00f3n y Administraci\u00f3n de Empresas (MBA Executive Master Business Administration). M\u00e1ster en Belleza y Salud M\u00e1ster en Est\u00e9tica Integral M\u00e1ster Especialista en Dermocosm\u00e9tica. T\u00e9cnica Especialista en Depilaci\u00f3n L\u00e1ser M\u00e9dica T\u00e9cnica Especialista en Diagn\u00f3sticos faciales y corporales personalizados T\u00e9cnica Superior Especialista en Est\u00e9tica T\u00e9cnica Superior de Auxiliar de Cl\u00ednica...","og_url":"https:\/\/grupnexus.com\/es\/nuestro-equipo\/montse-monjo\/","og_site_name":"Cl\u00ednica Nexus","article_modified_time":"2019-01-24T13:53:43+00:00","og_image":[{"url":"https:\/\/grupnexus.com\/wp-content\/uploads\/2018\/02\/montse-monjo-flotant.jpg"}],"twitter_card":"summary","twitter_misc":{"Tiempo de lectura":"2 minutos"},"schema":{"@context":"https:\/\/schema.org","@graph":[{"@type":"WebSite","@id":"https:\/\/grupnexus.com\/es\/#website","url":"https:\/\/grupnexus.com\/es\/","name":"Cl\u00ednica Nexus","description":"L\u00edders en Medicina Est\u00e8tica Avan\u00e7ada","potentialAction":[{"@type":"SearchAction","target":{"@type":"EntryPoint","urlTemplate":"https:\/\/grupnexus.com\/es\/?s={search_term_string}"},"query-input":"required name=search_term_string"}],"inLanguage":"es"},{"@type":"ImageObject","@id":"https:\/\/grupnexus.com\/es\/nuestro-equipo\/montse-monjo\/#primaryimage","inLanguage":"es","url":"https:\/\/grupnexus.com\/wp-content\/uploads\/2018\/02\/montse-monjo-flotant.jpg","contentUrl":"https:\/\/grupnexus.com\/wp-content\/uploads\/2018\/02\/montse-monjo-flotant.jpg","width":646,"height":906},{"@type":"WebPage","@id":"https:\/\/grupnexus.com\/es\/nuestro-equipo\/montse-monjo\/#webpage","url":"https:\/\/grupnexus.com\/es\/nuestro-equipo\/montse-monjo\/","name":"Montse Monjo - Cl\u00ednica Nexus","isPartOf":{"@id":"https:\/\/grupnexus.com\/es\/#website"},"primaryImageOfPage":{"@id":"https:\/\/grupnexus.com\/es\/nuestro-equipo\/montse-monjo\/#primaryimage"},"datePublished":"2018-10-02T09:41:03+00:00","dateModified":"2019-01-24T13:53:43+00:00","breadcrumb":{"@id":"https:\/\/grupnexus.com\/es\/nuestro-equipo\/montse-monjo\/#breadcrumb"},"inLanguage":"es","potentialAction":[{"@type":"ReadAction","target":["https:\/\/grupnexus.com\/es\/nuestro-equipo\/montse-monjo\/"]}]},{"@type":"BreadcrumbList","@id":"https:\/\/grupnexus.com\/es\/nuestro-equipo\/montse-monjo\/#breadcrumb","itemListElement":[{"@type":"ListItem","position":1,"name":"Portada","item":"https:\/\/grupnexus.com\/es\/"},{"@type":"ListItem","position":2,"name":"Nuestro equipo","item":"https:\/\/grupnexus.com\/es\/nuestro-equipo\/"},{"@type":"ListItem","position":3,"name":"Montse Monjo"}]}]}},"_links":{"self":[{"href":"https:\/\/grupnexus.com\/es\/wp-json\/wp\/v2\/pages\/17558"}],"collection":[{"href":"https:\/\/grupnexus.com\/es\/wp-json\/wp\/v2\/pages"}],"about":[{"href":"https:\/\/grupnexus.com\/es\/wp-json\/wp\/v2\/types\/page"}],"author":[{"embeddable":true,"href":"https:\/\/grupnexus.com\/es\/wp-json\/wp\/v2\/users\/6"}],"replies":[{"embeddable":true,"href":"https:\/\/grupnexus.com\/es\/wp-json\/wp\/v2\/comments?post=17558"}],"version-history":[{"count":8,"href":"https:\/\/grupnexus.com\/es\/wp-json\/wp\/v2\/pages\/17558\/revisions"}],"predecessor-version":[{"id":20619,"href":"https:\/\/grupnexus.com\/es\/wp-json\/wp\/v2\/pages\/17558\/revisions\/20619"}],"up":[{"embeddable":true,"href":"https:\/\/grupnexus.com\/es\/wp-json\/wp\/v2\/pages\/14354"}],"wp:attachment":[{"href":"https:\/\/grupnexus.com\/es\/wp-json\/wp\/v2\/media?parent=17558"}],"curies":[{"name":"wp","href":"https:\/\/api.w.org\/{rel}","templated":true}]}}