{"id":17560,"date":"2018-10-02T11:53:50","date_gmt":"2018-10-02T09:53:50","guid":{"rendered":"https:\/\/www.grupnexus.com\/?page_id=17560\/"},"modified":"2021-10-11T09:19:11","modified_gmt":"2021-10-11T07:19:11","slug":"sandra-grau","status":"publish","type":"page","link":"https:\/\/grupnexus.com\/es\/nuestro-equipo\/sandra-grau\/","title":{"rendered":"Sandra Grau"},"content":{"rendered":"<div class=\"row \"><div class=\"wpv-grid grid-1-1  wpv-first-level first unextended\" style=\"padding-top:0px;padding-bottom:0px\" id=\"wpv-column-18c06df671673ca94bf3da110d7b3852\" >\t\t<h2 class=\"text-divider-double\">\t\t\t\nSandra Grau\t\t<\/h2>\t\t<div class=\"sep\"><\/div>\t<\/div><\/div>\n<div class=\"row \"><div class=\"wpv-grid grid-1-4  wpv-first-level first unextended\" style=\"padding-top:0px;padding-bottom:0px\" id=\"wpv-column-a6ebdf6e8c0ff0dd778bfb0eb6e1482e\" ><p><img loading=\"lazy\" class=\"aligncenter wp-image-25050 size-full\" src=\"https:\/\/grupnexus.com\/wp-content\/uploads\/2018\/05\/sandra-grau.png\" alt=\"\" width=\"473\" height=\"678\" srcset=\"https:\/\/grupnexus.com\/wp-content\/uploads\/2018\/05\/sandra-grau.png 473w, https:\/\/grupnexus.com\/wp-content\/uploads\/2018\/05\/sandra-grau-209x300.png 209w, https:\/\/grupnexus.com\/wp-content\/uploads\/2018\/05\/sandra-grau-360x516.png 360w, https:\/\/grupnexus.com\/wp-content\/uploads\/2018\/05\/sandra-grau-262x376.png 262w\" sizes=\"(max-width: 473px) 100vw, 473px\" \/><\/div>\n<div class=\"wpv-grid grid-3-4  wpv-first-level unextended\" style=\"padding-top:0px;padding-bottom:0px\" id=\"wpv-column-05be8b62f7ce14f1dac4588f80861d52\" ><div class=\"row \"><div class=\"wpv-grid grid-1-1  first unextended\" style=\"padding-top:0px;padding-bottom:0px\" id=\"wpv-column-222852f1e0879296d3e0ba89816fe0f7\" ><h3>Educaci\u00f3n y Formaci\u00f3n<\/h3>\n<p>EAE Business School.<br \/>\nPrograma superior en Direcci\u00f3n administraci\u00f3n de empresas.<br \/>\nAdministraci\u00f3n y gesti\u00f3n de empresas, general.<br \/>\nFormaci\u00f3n profesional de grado superior en Administraci\u00f3n y finanzas.<br \/>\nT\u00e9cnica Superior de Auxiliar de Cl\u00ednica.<br \/>\nT\u00e9cnica en seguridad y salud laboral.<br \/>\nLa empresa y la LOPD.<br \/>\nMarketing en Cl\u00ednicas.<br \/>\nT\u00e9cnica Superior Quiromasaje Terap\u00e9utico.<br \/>\nPersonal Branding.<br \/>\nAsesoramiento y venta de productos y servicios para la imagen personal.<\/div><\/div><\/div><\/div>\n<div class=\"push\" style='height:40px'><\/div>\n","protected":false},"excerpt":{"rendered":"<p>Educaci\u00f3n y Formaci\u00f3n EAE Business School. Programa superior en Direcci\u00f3n administraci\u00f3n de empresas. Administraci\u00f3n y gesti\u00f3n de empresas, general. Formaci\u00f3n profesional de grado superior en Administraci\u00f3n y finanzas. T\u00e9cnica Superior de Auxiliar de Cl\u00ednica. T\u00e9cnica en seguridad y salud laboral. La empresa y la LOPD. Marketing en Cl\u00ednicas. T\u00e9cnica Superior Quiromasaje Terap\u00e9utico. Personal Branding. Asesoramiento&#8230;<\/p>\n","protected":false},"author":6,"featured_media":0,"parent":14354,"menu_order":0,"comment_status":"closed","ping_status":"closed","template":"","meta":[],"yoast_head":"<!-- This site is optimized with the Yoast SEO plugin v18.6 - https:\/\/yoast.com\/wordpress\/plugins\/seo\/ -->\n<title>Sandra Grau - Cl\u00ednica Nexus<\/title>\n<meta name=\"robots\" content=\"index, follow, max-snippet:-1, max-image-preview:large, max-video-preview:-1\" \/>\n<link rel=\"canonical\" href=\"https:\/\/grupnexus.com\/es\/nuestro-equipo\/sandra-grau\/\" \/>\n<meta property=\"og:locale\" content=\"es_ES\" \/>\n<meta property=\"og:type\" content=\"article\" \/>\n<meta property=\"og:title\" content=\"Sandra Grau - Cl\u00ednica Nexus\" \/>\n<meta property=\"og:description\" content=\"Educaci\u00f3n y Formaci\u00f3n EAE Business School. Programa superior en Direcci\u00f3n administraci\u00f3n de empresas. Administraci\u00f3n y gesti\u00f3n de empresas, general. Formaci\u00f3n profesional de grado superior en Administraci\u00f3n y finanzas. T\u00e9cnica Superior de Auxiliar de Cl\u00ednica. T\u00e9cnica en seguridad y salud laboral. La empresa y la LOPD. Marketing en Cl\u00ednicas. T\u00e9cnica Superior Quiromasaje Terap\u00e9utico. Personal Branding. Asesoramiento...\" \/>\n<meta property=\"og:url\" content=\"https:\/\/grupnexus.com\/es\/nuestro-equipo\/sandra-grau\/\" \/>\n<meta property=\"og:site_name\" content=\"Cl\u00ednica Nexus\" \/>\n<meta property=\"article:modified_time\" content=\"2021-10-11T07:19:11+00:00\" \/>\n<meta property=\"og:image\" content=\"https:\/\/grupnexus.com\/wp-content\/uploads\/2018\/05\/sandra-grau.png\" \/>\n<meta name=\"twitter:card\" content=\"summary\" \/>\n<meta name=\"twitter:label1\" content=\"Tiempo de lectura\" \/>\n\t<meta name=\"twitter:data1\" content=\"2 minutos\" \/>\n<script type=\"application\/ld+json\" class=\"yoast-schema-graph\">{\"@context\":\"https:\/\/schema.org\",\"@graph\":[{\"@type\":\"WebSite\",\"@id\":\"https:\/\/grupnexus.com\/es\/#website\",\"url\":\"https:\/\/grupnexus.com\/es\/\",\"name\":\"Cl\u00ednica Nexus\",\"description\":\"L\u00edders en Medicina Est\u00e8tica Avan\u00e7ada\",\"potentialAction\":[{\"@type\":\"SearchAction\",\"target\":{\"@type\":\"EntryPoint\",\"urlTemplate\":\"https:\/\/grupnexus.com\/es\/?s={search_term_string}\"},\"query-input\":\"required name=search_term_string\"}],\"inLanguage\":\"es\"},{\"@type\":\"ImageObject\",\"@id\":\"https:\/\/grupnexus.com\/es\/nuestro-equipo\/sandra-grau\/#primaryimage\",\"inLanguage\":\"es\",\"url\":\"https:\/\/grupnexus.com\/wp-content\/uploads\/2018\/05\/sandra-grau.png\",\"contentUrl\":\"https:\/\/grupnexus.com\/wp-content\/uploads\/2018\/05\/sandra-grau.png\",\"width\":473,\"height\":678},{\"@type\":\"WebPage\",\"@id\":\"https:\/\/grupnexus.com\/es\/nuestro-equipo\/sandra-grau\/#webpage\",\"url\":\"https:\/\/grupnexus.com\/es\/nuestro-equipo\/sandra-grau\/\",\"name\":\"Sandra Grau - Cl\u00ednica Nexus\",\"isPartOf\":{\"@id\":\"https:\/\/grupnexus.com\/es\/#website\"},\"primaryImageOfPage\":{\"@id\":\"https:\/\/grupnexus.com\/es\/nuestro-equipo\/sandra-grau\/#primaryimage\"},\"datePublished\":\"2018-10-02T09:53:50+00:00\",\"dateModified\":\"2021-10-11T07:19:11+00:00\",\"breadcrumb\":{\"@id\":\"https:\/\/grupnexus.com\/es\/nuestro-equipo\/sandra-grau\/#breadcrumb\"},\"inLanguage\":\"es\",\"potentialAction\":[{\"@type\":\"ReadAction\",\"target\":[\"https:\/\/grupnexus.com\/es\/nuestro-equipo\/sandra-grau\/\"]}]},{\"@type\":\"BreadcrumbList\",\"@id\":\"https:\/\/grupnexus.com\/es\/nuestro-equipo\/sandra-grau\/#breadcrumb\",\"itemListElement\":[{\"@type\":\"ListItem\",\"position\":1,\"name\":\"Portada\",\"item\":\"https:\/\/grupnexus.com\/es\/\"},{\"@type\":\"ListItem\",\"position\":2,\"name\":\"Nuestro equipo\",\"item\":\"https:\/\/grupnexus.com\/es\/nuestro-equipo\/\"},{\"@type\":\"ListItem\",\"position\":3,\"name\":\"Sandra Grau\"}]}]}<\/script>\n<!-- \/ Yoast SEO plugin. -->","yoast_head_json":{"title":"Sandra Grau - Cl\u00ednica Nexus","robots":{"index":"index","follow":"follow","max-snippet":"max-snippet:-1","max-image-preview":"max-image-preview:large","max-video-preview":"max-video-preview:-1"},"canonical":"https:\/\/grupnexus.com\/es\/nuestro-equipo\/sandra-grau\/","og_locale":"es_ES","og_type":"article","og_title":"Sandra Grau - Cl\u00ednica Nexus","og_description":"Educaci\u00f3n y Formaci\u00f3n EAE Business School. Programa superior en Direcci\u00f3n administraci\u00f3n de empresas. Administraci\u00f3n y gesti\u00f3n de empresas, general. Formaci\u00f3n profesional de grado superior en Administraci\u00f3n y finanzas. T\u00e9cnica Superior de Auxiliar de Cl\u00ednica. T\u00e9cnica en seguridad y salud laboral. La empresa y la LOPD. Marketing en Cl\u00ednicas. T\u00e9cnica Superior Quiromasaje Terap\u00e9utico. Personal Branding. Asesoramiento...","og_url":"https:\/\/grupnexus.com\/es\/nuestro-equipo\/sandra-grau\/","og_site_name":"Cl\u00ednica Nexus","article_modified_time":"2021-10-11T07:19:11+00:00","og_image":[{"url":"https:\/\/grupnexus.com\/wp-content\/uploads\/2018\/05\/sandra-grau.png"}],"twitter_card":"summary","twitter_misc":{"Tiempo de lectura":"2 minutos"},"schema":{"@context":"https:\/\/schema.org","@graph":[{"@type":"WebSite","@id":"https:\/\/grupnexus.com\/es\/#website","url":"https:\/\/grupnexus.com\/es\/","name":"Cl\u00ednica Nexus","description":"L\u00edders en Medicina Est\u00e8tica Avan\u00e7ada","potentialAction":[{"@type":"SearchAction","target":{"@type":"EntryPoint","urlTemplate":"https:\/\/grupnexus.com\/es\/?s={search_term_string}"},"query-input":"required name=search_term_string"}],"inLanguage":"es"},{"@type":"ImageObject","@id":"https:\/\/grupnexus.com\/es\/nuestro-equipo\/sandra-grau\/#primaryimage","inLanguage":"es","url":"https:\/\/grupnexus.com\/wp-content\/uploads\/2018\/05\/sandra-grau.png","contentUrl":"https:\/\/grupnexus.com\/wp-content\/uploads\/2018\/05\/sandra-grau.png","width":473,"height":678},{"@type":"WebPage","@id":"https:\/\/grupnexus.com\/es\/nuestro-equipo\/sandra-grau\/#webpage","url":"https:\/\/grupnexus.com\/es\/nuestro-equipo\/sandra-grau\/","name":"Sandra Grau - Cl\u00ednica Nexus","isPartOf":{"@id":"https:\/\/grupnexus.com\/es\/#website"},"primaryImageOfPage":{"@id":"https:\/\/grupnexus.com\/es\/nuestro-equipo\/sandra-grau\/#primaryimage"},"datePublished":"2018-10-02T09:53:50+00:00","dateModified":"2021-10-11T07:19:11+00:00","breadcrumb":{"@id":"https:\/\/grupnexus.com\/es\/nuestro-equipo\/sandra-grau\/#breadcrumb"},"inLanguage":"es","potentialAction":[{"@type":"ReadAction","target":["https:\/\/grupnexus.com\/es\/nuestro-equipo\/sandra-grau\/"]}]},{"@type":"BreadcrumbList","@id":"https:\/\/grupnexus.com\/es\/nuestro-equipo\/sandra-grau\/#breadcrumb","itemListElement":[{"@type":"ListItem","position":1,"name":"Portada","item":"https:\/\/grupnexus.com\/es\/"},{"@type":"ListItem","position":2,"name":"Nuestro equipo","item":"https:\/\/grupnexus.com\/es\/nuestro-equipo\/"},{"@type":"ListItem","position":3,"name":"Sandra Grau"}]}]}},"_links":{"self":[{"href":"https:\/\/grupnexus.com\/es\/wp-json\/wp\/v2\/pages\/17560"}],"collection":[{"href":"https:\/\/grupnexus.com\/es\/wp-json\/wp\/v2\/pages"}],"about":[{"href":"https:\/\/grupnexus.com\/es\/wp-json\/wp\/v2\/types\/page"}],"author":[{"embeddable":true,"href":"https:\/\/grupnexus.com\/es\/wp-json\/wp\/v2\/users\/6"}],"replies":[{"embeddable":true,"href":"https:\/\/grupnexus.com\/es\/wp-json\/wp\/v2\/comments?post=17560"}],"version-history":[{"count":7,"href":"https:\/\/grupnexus.com\/es\/wp-json\/wp\/v2\/pages\/17560\/revisions"}],"predecessor-version":[{"id":48305,"href":"https:\/\/grupnexus.com\/es\/wp-json\/wp\/v2\/pages\/17560\/revisions\/48305"}],"up":[{"embeddable":true,"href":"https:\/\/grupnexus.com\/es\/wp-json\/wp\/v2\/pages\/14354"}],"wp:attachment":[{"href":"https:\/\/grupnexus.com\/es\/wp-json\/wp\/v2\/media?parent=17560"}],"curies":[{"name":"wp","href":"https:\/\/api.w.org\/{rel}","templated":true}]}}