{"id":17573,"date":"2018-10-02T11:10:42","date_gmt":"2018-10-02T09:10:42","guid":{"rendered":"https:\/\/www.grupnexus.com\/?page_id=17573\/"},"modified":"2018-10-16T09:36:03","modified_gmt":"2018-10-16T07:36:03","slug":"jordi-ingles","status":"publish","type":"page","link":"https:\/\/grupnexus.com\/es\/nuestro-equipo\/jordi-ingles\/","title":{"rendered":"Jordi Ingl\u00e9s"},"content":{"rendered":"<div class=\"row \"><div class=\"wpv-grid grid-1-1  wpv-first-level first unextended\" style=\"padding-top:0px;padding-bottom:0px\" id=\"wpv-column-12c220dba89ef668a22aa6acdc2a5669\" >\t\t<h2 class=\"text-divider-double\">\t\t\t\nJordi Ingl\u00e9s\t\t<\/h2>\t\t<div class=\"sep\"><\/div>\t<\/div><\/div>\n<div class=\"row \"><div class=\"wpv-grid grid-1-4  wpv-first-level first unextended\" style=\"padding-top:0px;padding-bottom:0px\" id=\"wpv-column-8e51cd73b99324c1884c29143d32e3c6\" ><p><img loading=\"lazy\" class=\"aligncenter wp-image-14928 size-full\" src=\"https:\/\/grupnexus.com\/wp-content\/uploads\/2018\/02\/jordi-ingles.jpeg\" alt=\"\" width=\"473\" height=\"678\" srcset=\"https:\/\/grupnexus.com\/wp-content\/uploads\/2018\/02\/jordi-ingles.jpeg 473w, https:\/\/grupnexus.com\/wp-content\/uploads\/2018\/02\/jordi-ingles-209x300.jpeg 209w, https:\/\/grupnexus.com\/wp-content\/uploads\/2018\/02\/jordi-ingles-360x516.jpeg 360w, https:\/\/grupnexus.com\/wp-content\/uploads\/2018\/02\/jordi-ingles-262x376.jpeg 262w\" sizes=\"(max-width: 473px) 100vw, 473px\" \/><\/div>\n<div class=\"wpv-grid grid-3-4  wpv-first-level unextended\" style=\"padding-top:0px;padding-bottom:0px\" id=\"wpv-column-60814f087c712d4acf32bb526a1206b7\" ><div class=\"row \"><div class=\"wpv-grid grid-1-1  first unextended\" style=\"padding-top:0px;padding-bottom:0px\" id=\"wpv-column-116ba499112e7ace58a669449edc5769\" ><h3>Educaci\u00f3n y Formaci\u00f3n<\/h3>\n<p>CFGSGA (Ciclo Formativo de Grado Superior Gesti\u00f3n Administrativa)<br \/>\nT\u00e9cnico en Contabilidad Superior<br \/>\nT\u00e9cnico Administrativo Grado Superior<br \/>\nT\u00e9cnico en Creaci\u00f3n p\u00e1ginas web<br \/>\nE.O.I (Escuela Oficial de Idiomas) Nivel Superior ingl\u00e9s<\/p>\n<div class=\"push\" style='height:10px'><\/div>\n<h3>Experiencia Professional<\/h3>\n<p>Departamento Contable<\/div><\/div>\n<p>&nbsp;<\/div><\/div>\n<div class=\"push\" style='height:40px'><\/div>\n","protected":false},"excerpt":{"rendered":"<p>Educaci\u00f3n y Formaci\u00f3n CFGSGA (Ciclo Formativo de Grado Superior Gesti\u00f3n Administrativa) T\u00e9cnico en Contabilidad Superior T\u00e9cnico Administrativo Grado Superior T\u00e9cnico en Creaci\u00f3n p\u00e1ginas web E.O.I (Escuela Oficial de Idiomas) Nivel Superior ingl\u00e9s Experiencia Professional Departamento Contable &nbsp;<\/p>\n","protected":false},"author":6,"featured_media":0,"parent":14354,"menu_order":0,"comment_status":"closed","ping_status":"closed","template":"","meta":[],"yoast_head":"<!-- This site is optimized with the Yoast SEO plugin v18.6 - https:\/\/yoast.com\/wordpress\/plugins\/seo\/ -->\n<title>Jordi Ingl\u00e9s - Cl\u00ednica Nexus<\/title>\n<meta name=\"robots\" content=\"index, follow, max-snippet:-1, max-image-preview:large, max-video-preview:-1\" \/>\n<link rel=\"canonical\" href=\"https:\/\/grupnexus.com\/es\/nuestro-equipo\/jordi-ingles\/\" \/>\n<meta property=\"og:locale\" content=\"es_ES\" \/>\n<meta property=\"og:type\" content=\"article\" \/>\n<meta property=\"og:title\" content=\"Jordi Ingl\u00e9s - Cl\u00ednica Nexus\" \/>\n<meta property=\"og:description\" content=\"Educaci\u00f3n y Formaci\u00f3n CFGSGA (Ciclo Formativo de Grado Superior Gesti\u00f3n Administrativa) T\u00e9cnico en Contabilidad Superior T\u00e9cnico Administrativo Grado Superior T\u00e9cnico en Creaci\u00f3n p\u00e1ginas web E.O.I (Escuela Oficial de Idiomas) Nivel Superior ingl\u00e9s Experiencia Professional Departamento Contable &nbsp;\" \/>\n<meta property=\"og:url\" content=\"https:\/\/grupnexus.com\/es\/nuestro-equipo\/jordi-ingles\/\" \/>\n<meta property=\"og:site_name\" content=\"Cl\u00ednica Nexus\" \/>\n<meta property=\"article:modified_time\" content=\"2018-10-16T07:36:03+00:00\" \/>\n<meta property=\"og:image\" content=\"https:\/\/grupnexus.com\/wp-content\/uploads\/2018\/02\/jordi-ingles.jpeg\" \/>\n<meta name=\"twitter:card\" content=\"summary\" \/>\n<meta name=\"twitter:label1\" content=\"Tiempo de lectura\" \/>\n\t<meta name=\"twitter:data1\" content=\"1 minuto\" \/>\n<script type=\"application\/ld+json\" class=\"yoast-schema-graph\">{\"@context\":\"https:\/\/schema.org\",\"@graph\":[{\"@type\":\"WebSite\",\"@id\":\"https:\/\/grupnexus.com\/es\/#website\",\"url\":\"https:\/\/grupnexus.com\/es\/\",\"name\":\"Cl\u00ednica Nexus\",\"description\":\"L\u00edders en Medicina Est\u00e8tica Avan\u00e7ada\",\"potentialAction\":[{\"@type\":\"SearchAction\",\"target\":{\"@type\":\"EntryPoint\",\"urlTemplate\":\"https:\/\/grupnexus.com\/es\/?s={search_term_string}\"},\"query-input\":\"required name=search_term_string\"}],\"inLanguage\":\"es\"},{\"@type\":\"ImageObject\",\"@id\":\"https:\/\/grupnexus.com\/es\/nuestro-equipo\/jordi-ingles\/#primaryimage\",\"inLanguage\":\"es\",\"url\":\"https:\/\/grupnexus.com\/wp-content\/uploads\/2018\/02\/jordi-ingles.jpeg\",\"contentUrl\":\"https:\/\/grupnexus.com\/wp-content\/uploads\/2018\/02\/jordi-ingles.jpeg\",\"width\":473,\"height\":678},{\"@type\":\"WebPage\",\"@id\":\"https:\/\/grupnexus.com\/es\/nuestro-equipo\/jordi-ingles\/#webpage\",\"url\":\"https:\/\/grupnexus.com\/es\/nuestro-equipo\/jordi-ingles\/\",\"name\":\"Jordi Ingl\u00e9s - Cl\u00ednica Nexus\",\"isPartOf\":{\"@id\":\"https:\/\/grupnexus.com\/es\/#website\"},\"primaryImageOfPage\":{\"@id\":\"https:\/\/grupnexus.com\/es\/nuestro-equipo\/jordi-ingles\/#primaryimage\"},\"datePublished\":\"2018-10-02T09:10:42+00:00\",\"dateModified\":\"2018-10-16T07:36:03+00:00\",\"breadcrumb\":{\"@id\":\"https:\/\/grupnexus.com\/es\/nuestro-equipo\/jordi-ingles\/#breadcrumb\"},\"inLanguage\":\"es\",\"potentialAction\":[{\"@type\":\"ReadAction\",\"target\":[\"https:\/\/grupnexus.com\/es\/nuestro-equipo\/jordi-ingles\/\"]}]},{\"@type\":\"BreadcrumbList\",\"@id\":\"https:\/\/grupnexus.com\/es\/nuestro-equipo\/jordi-ingles\/#breadcrumb\",\"itemListElement\":[{\"@type\":\"ListItem\",\"position\":1,\"name\":\"Portada\",\"item\":\"https:\/\/grupnexus.com\/es\/\"},{\"@type\":\"ListItem\",\"position\":2,\"name\":\"Nuestro equipo\",\"item\":\"https:\/\/grupnexus.com\/es\/nuestro-equipo\/\"},{\"@type\":\"ListItem\",\"position\":3,\"name\":\"Jordi Ingl\u00e9s\"}]}]}<\/script>\n<!-- \/ Yoast SEO plugin. -->","yoast_head_json":{"title":"Jordi Ingl\u00e9s - Cl\u00ednica Nexus","robots":{"index":"index","follow":"follow","max-snippet":"max-snippet:-1","max-image-preview":"max-image-preview:large","max-video-preview":"max-video-preview:-1"},"canonical":"https:\/\/grupnexus.com\/es\/nuestro-equipo\/jordi-ingles\/","og_locale":"es_ES","og_type":"article","og_title":"Jordi Ingl\u00e9s - Cl\u00ednica Nexus","og_description":"Educaci\u00f3n y Formaci\u00f3n CFGSGA (Ciclo Formativo de Grado Superior Gesti\u00f3n Administrativa) T\u00e9cnico en Contabilidad Superior T\u00e9cnico Administrativo Grado Superior T\u00e9cnico en Creaci\u00f3n p\u00e1ginas web E.O.I (Escuela Oficial de Idiomas) Nivel Superior ingl\u00e9s Experiencia Professional Departamento Contable &nbsp;","og_url":"https:\/\/grupnexus.com\/es\/nuestro-equipo\/jordi-ingles\/","og_site_name":"Cl\u00ednica Nexus","article_modified_time":"2018-10-16T07:36:03+00:00","og_image":[{"url":"https:\/\/grupnexus.com\/wp-content\/uploads\/2018\/02\/jordi-ingles.jpeg"}],"twitter_card":"summary","twitter_misc":{"Tiempo de lectura":"1 minuto"},"schema":{"@context":"https:\/\/schema.org","@graph":[{"@type":"WebSite","@id":"https:\/\/grupnexus.com\/es\/#website","url":"https:\/\/grupnexus.com\/es\/","name":"Cl\u00ednica Nexus","description":"L\u00edders en Medicina Est\u00e8tica Avan\u00e7ada","potentialAction":[{"@type":"SearchAction","target":{"@type":"EntryPoint","urlTemplate":"https:\/\/grupnexus.com\/es\/?s={search_term_string}"},"query-input":"required name=search_term_string"}],"inLanguage":"es"},{"@type":"ImageObject","@id":"https:\/\/grupnexus.com\/es\/nuestro-equipo\/jordi-ingles\/#primaryimage","inLanguage":"es","url":"https:\/\/grupnexus.com\/wp-content\/uploads\/2018\/02\/jordi-ingles.jpeg","contentUrl":"https:\/\/grupnexus.com\/wp-content\/uploads\/2018\/02\/jordi-ingles.jpeg","width":473,"height":678},{"@type":"WebPage","@id":"https:\/\/grupnexus.com\/es\/nuestro-equipo\/jordi-ingles\/#webpage","url":"https:\/\/grupnexus.com\/es\/nuestro-equipo\/jordi-ingles\/","name":"Jordi Ingl\u00e9s - Cl\u00ednica Nexus","isPartOf":{"@id":"https:\/\/grupnexus.com\/es\/#website"},"primaryImageOfPage":{"@id":"https:\/\/grupnexus.com\/es\/nuestro-equipo\/jordi-ingles\/#primaryimage"},"datePublished":"2018-10-02T09:10:42+00:00","dateModified":"2018-10-16T07:36:03+00:00","breadcrumb":{"@id":"https:\/\/grupnexus.com\/es\/nuestro-equipo\/jordi-ingles\/#breadcrumb"},"inLanguage":"es","potentialAction":[{"@type":"ReadAction","target":["https:\/\/grupnexus.com\/es\/nuestro-equipo\/jordi-ingles\/"]}]},{"@type":"BreadcrumbList","@id":"https:\/\/grupnexus.com\/es\/nuestro-equipo\/jordi-ingles\/#breadcrumb","itemListElement":[{"@type":"ListItem","position":1,"name":"Portada","item":"https:\/\/grupnexus.com\/es\/"},{"@type":"ListItem","position":2,"name":"Nuestro equipo","item":"https:\/\/grupnexus.com\/es\/nuestro-equipo\/"},{"@type":"ListItem","position":3,"name":"Jordi Ingl\u00e9s"}]}]}},"_links":{"self":[{"href":"https:\/\/grupnexus.com\/es\/wp-json\/wp\/v2\/pages\/17573"}],"collection":[{"href":"https:\/\/grupnexus.com\/es\/wp-json\/wp\/v2\/pages"}],"about":[{"href":"https:\/\/grupnexus.com\/es\/wp-json\/wp\/v2\/types\/page"}],"author":[{"embeddable":true,"href":"https:\/\/grupnexus.com\/es\/wp-json\/wp\/v2\/users\/6"}],"replies":[{"embeddable":true,"href":"https:\/\/grupnexus.com\/es\/wp-json\/wp\/v2\/comments?post=17573"}],"version-history":[{"count":4,"href":"https:\/\/grupnexus.com\/es\/wp-json\/wp\/v2\/pages\/17573\/revisions"}],"predecessor-version":[{"id":18300,"href":"https:\/\/grupnexus.com\/es\/wp-json\/wp\/v2\/pages\/17573\/revisions\/18300"}],"up":[{"embeddable":true,"href":"https:\/\/grupnexus.com\/es\/wp-json\/wp\/v2\/pages\/14354"}],"wp:attachment":[{"href":"https:\/\/grupnexus.com\/es\/wp-json\/wp\/v2\/media?parent=17573"}],"curies":[{"name":"wp","href":"https:\/\/api.w.org\/{rel}","templated":true}]}}