{"id":17591,"date":"2018-10-16T09:21:49","date_gmt":"2018-10-16T07:21:49","guid":{"rendered":"https:\/\/www.grupnexus.com\/?page_id=17591\/"},"modified":"2018-10-16T09:21:49","modified_gmt":"2018-10-16T07:21:49","slug":"carmen-maldonado","status":"publish","type":"page","link":"https:\/\/grupnexus.com\/es\/nuestro-equipo\/carmen-maldonado\/","title":{"rendered":"Carmen Maldonado"},"content":{"rendered":"<div class=\"row \"><div class=\"wpv-grid grid-1-1  wpv-first-level first unextended\" style=\"padding-top:0px;padding-bottom:0px\" id=\"wpv-column-4074a181859927b847f7a9ff7aed60b9\" >\t\t<h2 class=\"text-divider-double\">\t\t\t\nCarmen Maldonado\t\t<\/h2>\t\t<div class=\"sep\"><\/div>\t<\/div><\/div>\n<div class=\"row \"><div class=\"wpv-grid grid-1-4  wpv-first-level first unextended\" style=\"padding-top:0px;padding-bottom:0px\" id=\"wpv-column-46a53ff5746a74361a2b8d8514a09a7c\" ><p><img loading=\"lazy\" class=\"aligncenter wp-image-14925 size-full\" src=\"https:\/\/grupnexus.com\/wp-content\/uploads\/2018\/02\/carmen-maldonado.jpeg\" alt=\"\" width=\"473\" height=\"678\" srcset=\"https:\/\/grupnexus.com\/wp-content\/uploads\/2018\/02\/carmen-maldonado.jpeg 473w, https:\/\/grupnexus.com\/wp-content\/uploads\/2018\/02\/carmen-maldonado-209x300.jpeg 209w, https:\/\/grupnexus.com\/wp-content\/uploads\/2018\/02\/carmen-maldonado-360x516.jpeg 360w, https:\/\/grupnexus.com\/wp-content\/uploads\/2018\/02\/carmen-maldonado-262x376.jpeg 262w\" sizes=\"(max-width: 473px) 100vw, 473px\" \/><\/div>\n<div class=\"wpv-grid grid-3-4  wpv-first-level unextended\" style=\"padding-top:0px;padding-bottom:0px\" id=\"wpv-column-ca8b4b720f8bb69123e6af89e2de16cb\" ><div class=\"row \"><div class=\"wpv-grid grid-1-1  first unextended\" style=\"padding-top:0px;padding-bottom:0px\" id=\"wpv-column-e600e47d3a34e34fb08af370c0210e72\" ><h3>Educaci\u00f3n y Formaci\u00f3n<\/h3>\n<p>T\u00e9cnica Especialista en Depilaci\u00f3n L\u00e1ser M\u00e9dica<br \/>\nT\u00e9cnica Especialista en Fototerapia<br \/>\nT\u00e9cnica Superior de Auxiliar Cl\u00ednica<\/div><\/div>\n<p>&nbsp;<\/div><\/div>\n<div class=\"push\" style='height:40px'><\/div>\n","protected":false},"excerpt":{"rendered":"<p>Educaci\u00f3n y Formaci\u00f3n T\u00e9cnica Especialista en Depilaci\u00f3n L\u00e1ser M\u00e9dica T\u00e9cnica Especialista en Fototerapia T\u00e9cnica Superior de Auxiliar Cl\u00ednica &nbsp;<\/p>\n","protected":false},"author":6,"featured_media":0,"parent":14354,"menu_order":0,"comment_status":"closed","ping_status":"closed","template":"","meta":[],"yoast_head":"<!-- This site is optimized with the Yoast SEO plugin v18.6 - https:\/\/yoast.com\/wordpress\/plugins\/seo\/ -->\n<title>Carmen Maldonado - Cl\u00ednica Nexus<\/title>\n<meta name=\"robots\" content=\"index, follow, max-snippet:-1, max-image-preview:large, max-video-preview:-1\" \/>\n<link rel=\"canonical\" href=\"https:\/\/grupnexus.com\/es\/nuestro-equipo\/carmen-maldonado\/\" \/>\n<meta property=\"og:locale\" content=\"es_ES\" \/>\n<meta property=\"og:type\" content=\"article\" \/>\n<meta property=\"og:title\" content=\"Carmen Maldonado - Cl\u00ednica Nexus\" \/>\n<meta property=\"og:description\" content=\"Educaci\u00f3n y Formaci\u00f3n T\u00e9cnica Especialista en Depilaci\u00f3n L\u00e1ser M\u00e9dica T\u00e9cnica Especialista en Fototerapia T\u00e9cnica Superior de Auxiliar Cl\u00ednica &nbsp;\" \/>\n<meta property=\"og:url\" content=\"https:\/\/grupnexus.com\/es\/nuestro-equipo\/carmen-maldonado\/\" \/>\n<meta property=\"og:site_name\" content=\"Cl\u00ednica Nexus\" \/>\n<meta property=\"og:image\" content=\"https:\/\/grupnexus.com\/wp-content\/uploads\/2018\/02\/carmen-maldonado.jpeg\" \/>\n<meta name=\"twitter:card\" content=\"summary\" \/>\n<meta name=\"twitter:label1\" content=\"Tiempo de lectura\" \/>\n\t<meta name=\"twitter:data1\" content=\"1 minuto\" \/>\n<script type=\"application\/ld+json\" class=\"yoast-schema-graph\">{\"@context\":\"https:\/\/schema.org\",\"@graph\":[{\"@type\":\"WebSite\",\"@id\":\"https:\/\/grupnexus.com\/es\/#website\",\"url\":\"https:\/\/grupnexus.com\/es\/\",\"name\":\"Cl\u00ednica Nexus\",\"description\":\"L\u00edders en Medicina Est\u00e8tica Avan\u00e7ada\",\"potentialAction\":[{\"@type\":\"SearchAction\",\"target\":{\"@type\":\"EntryPoint\",\"urlTemplate\":\"https:\/\/grupnexus.com\/es\/?s={search_term_string}\"},\"query-input\":\"required name=search_term_string\"}],\"inLanguage\":\"es\"},{\"@type\":\"ImageObject\",\"@id\":\"https:\/\/grupnexus.com\/es\/nuestro-equipo\/carmen-maldonado\/#primaryimage\",\"inLanguage\":\"es\",\"url\":\"https:\/\/grupnexus.com\/wp-content\/uploads\/2018\/02\/carmen-maldonado.jpeg\",\"contentUrl\":\"https:\/\/grupnexus.com\/wp-content\/uploads\/2018\/02\/carmen-maldonado.jpeg\",\"width\":473,\"height\":678},{\"@type\":\"WebPage\",\"@id\":\"https:\/\/grupnexus.com\/es\/nuestro-equipo\/carmen-maldonado\/#webpage\",\"url\":\"https:\/\/grupnexus.com\/es\/nuestro-equipo\/carmen-maldonado\/\",\"name\":\"Carmen Maldonado - Cl\u00ednica Nexus\",\"isPartOf\":{\"@id\":\"https:\/\/grupnexus.com\/es\/#website\"},\"primaryImageOfPage\":{\"@id\":\"https:\/\/grupnexus.com\/es\/nuestro-equipo\/carmen-maldonado\/#primaryimage\"},\"datePublished\":\"2018-10-16T07:21:49+00:00\",\"dateModified\":\"2018-10-16T07:21:49+00:00\",\"breadcrumb\":{\"@id\":\"https:\/\/grupnexus.com\/es\/nuestro-equipo\/carmen-maldonado\/#breadcrumb\"},\"inLanguage\":\"es\",\"potentialAction\":[{\"@type\":\"ReadAction\",\"target\":[\"https:\/\/grupnexus.com\/es\/nuestro-equipo\/carmen-maldonado\/\"]}]},{\"@type\":\"BreadcrumbList\",\"@id\":\"https:\/\/grupnexus.com\/es\/nuestro-equipo\/carmen-maldonado\/#breadcrumb\",\"itemListElement\":[{\"@type\":\"ListItem\",\"position\":1,\"name\":\"Portada\",\"item\":\"https:\/\/grupnexus.com\/es\/\"},{\"@type\":\"ListItem\",\"position\":2,\"name\":\"Nuestro equipo\",\"item\":\"https:\/\/grupnexus.com\/es\/nuestro-equipo\/\"},{\"@type\":\"ListItem\",\"position\":3,\"name\":\"Carmen Maldonado\"}]}]}<\/script>\n<!-- \/ Yoast SEO plugin. -->","yoast_head_json":{"title":"Carmen Maldonado - Cl\u00ednica Nexus","robots":{"index":"index","follow":"follow","max-snippet":"max-snippet:-1","max-image-preview":"max-image-preview:large","max-video-preview":"max-video-preview:-1"},"canonical":"https:\/\/grupnexus.com\/es\/nuestro-equipo\/carmen-maldonado\/","og_locale":"es_ES","og_type":"article","og_title":"Carmen Maldonado - Cl\u00ednica Nexus","og_description":"Educaci\u00f3n y Formaci\u00f3n T\u00e9cnica Especialista en Depilaci\u00f3n L\u00e1ser M\u00e9dica T\u00e9cnica Especialista en Fototerapia T\u00e9cnica Superior de Auxiliar Cl\u00ednica &nbsp;","og_url":"https:\/\/grupnexus.com\/es\/nuestro-equipo\/carmen-maldonado\/","og_site_name":"Cl\u00ednica Nexus","og_image":[{"url":"https:\/\/grupnexus.com\/wp-content\/uploads\/2018\/02\/carmen-maldonado.jpeg"}],"twitter_card":"summary","twitter_misc":{"Tiempo de lectura":"1 minuto"},"schema":{"@context":"https:\/\/schema.org","@graph":[{"@type":"WebSite","@id":"https:\/\/grupnexus.com\/es\/#website","url":"https:\/\/grupnexus.com\/es\/","name":"Cl\u00ednica Nexus","description":"L\u00edders en Medicina Est\u00e8tica Avan\u00e7ada","potentialAction":[{"@type":"SearchAction","target":{"@type":"EntryPoint","urlTemplate":"https:\/\/grupnexus.com\/es\/?s={search_term_string}"},"query-input":"required name=search_term_string"}],"inLanguage":"es"},{"@type":"ImageObject","@id":"https:\/\/grupnexus.com\/es\/nuestro-equipo\/carmen-maldonado\/#primaryimage","inLanguage":"es","url":"https:\/\/grupnexus.com\/wp-content\/uploads\/2018\/02\/carmen-maldonado.jpeg","contentUrl":"https:\/\/grupnexus.com\/wp-content\/uploads\/2018\/02\/carmen-maldonado.jpeg","width":473,"height":678},{"@type":"WebPage","@id":"https:\/\/grupnexus.com\/es\/nuestro-equipo\/carmen-maldonado\/#webpage","url":"https:\/\/grupnexus.com\/es\/nuestro-equipo\/carmen-maldonado\/","name":"Carmen Maldonado - Cl\u00ednica Nexus","isPartOf":{"@id":"https:\/\/grupnexus.com\/es\/#website"},"primaryImageOfPage":{"@id":"https:\/\/grupnexus.com\/es\/nuestro-equipo\/carmen-maldonado\/#primaryimage"},"datePublished":"2018-10-16T07:21:49+00:00","dateModified":"2018-10-16T07:21:49+00:00","breadcrumb":{"@id":"https:\/\/grupnexus.com\/es\/nuestro-equipo\/carmen-maldonado\/#breadcrumb"},"inLanguage":"es","potentialAction":[{"@type":"ReadAction","target":["https:\/\/grupnexus.com\/es\/nuestro-equipo\/carmen-maldonado\/"]}]},{"@type":"BreadcrumbList","@id":"https:\/\/grupnexus.com\/es\/nuestro-equipo\/carmen-maldonado\/#breadcrumb","itemListElement":[{"@type":"ListItem","position":1,"name":"Portada","item":"https:\/\/grupnexus.com\/es\/"},{"@type":"ListItem","position":2,"name":"Nuestro equipo","item":"https:\/\/grupnexus.com\/es\/nuestro-equipo\/"},{"@type":"ListItem","position":3,"name":"Carmen Maldonado"}]}]}},"_links":{"self":[{"href":"https:\/\/grupnexus.com\/es\/wp-json\/wp\/v2\/pages\/17591"}],"collection":[{"href":"https:\/\/grupnexus.com\/es\/wp-json\/wp\/v2\/pages"}],"about":[{"href":"https:\/\/grupnexus.com\/es\/wp-json\/wp\/v2\/types\/page"}],"author":[{"embeddable":true,"href":"https:\/\/grupnexus.com\/es\/wp-json\/wp\/v2\/users\/6"}],"replies":[{"embeddable":true,"href":"https:\/\/grupnexus.com\/es\/wp-json\/wp\/v2\/comments?post=17591"}],"version-history":[{"count":3,"href":"https:\/\/grupnexus.com\/es\/wp-json\/wp\/v2\/pages\/17591\/revisions"}],"predecessor-version":[{"id":18280,"href":"https:\/\/grupnexus.com\/es\/wp-json\/wp\/v2\/pages\/17591\/revisions\/18280"}],"up":[{"embeddable":true,"href":"https:\/\/grupnexus.com\/es\/wp-json\/wp\/v2\/pages\/14354"}],"wp:attachment":[{"href":"https:\/\/grupnexus.com\/es\/wp-json\/wp\/v2\/media?parent=17591"}],"curies":[{"name":"wp","href":"https:\/\/api.w.org\/{rel}","templated":true}]}}