{"id":17949,"date":"2018-10-03T12:33:13","date_gmt":"2018-10-03T10:33:13","guid":{"rendered":"https:\/\/www.grupnexus.com\/?page_id=17949\/"},"modified":"2020-02-20T13:01:08","modified_gmt":"2020-02-20T11:01:08","slug":"pronokal","status":"publish","type":"page","link":"https:\/\/grupnexus.com\/es\/tratamientos\/dietetica-y-nutricion\/pronokal\/","title":{"rendered":"Pronokal"},"content":{"rendered":"<div class=\"row \"><div class=\"wpv-grid grid-3-4  wpv-first-level first unextended\" style=\"padding-top:0px;padding-bottom:0px\" id=\"wpv-column-0d8fe67f33b425fae3d49758cfe326eb\" >\t\t<h2 class=\"text-divider-double\">\t\t\t\nPronokal\t\t<\/h2>\t\t<div class=\"sep\"><\/div>\t<\/div>\n<div class=\"wpv-grid grid-1-4  wpv-first-level unextended\" style=\"padding-top:0px;padding-bottom:0px\" id=\"wpv-column-04d28a5cd501eff576435b7bf2fa8232\" ><div class=\"push\" style='height:44px'><\/div>\n<!-- Widget Shortcode --><div id=\"search-11\" class=\"widget widget_search widget-shortcode area-wpv_sidebar-tractament-est-facial-cat-left \"><form role=\"search\" method=\"get\" class=\"searchform clearfix\" action=\"https:\/\/grupnexus.com\/es\/\">\n\t<label for=\"search-text-widget\" class=\"visuallyhidden\">Search for:<\/label>\n\t<input id=\"search-text-widget\" type=\"text\" value=\"\" name=\"s\" placeholder=\"Buscar\" required=\"required\" \/>\n\t<input type=\"submit\" value=\"Buscar\" \/>\n\t\t\t<input type=\"hidden\" name=\"lang\" value=\"es\"\/>\n\t<\/form><\/div><!-- \/Widget Shortcode --><\/div><\/div>\n<div class=\"row \"><div class=\"wpv-grid grid-1-4  wpv-first-level first unextended\" style=\"padding-top:0px;padding-bottom:0px\" id=\"wpv-column-3df6c59c0cf7d03ca268c908bbdc487b\" ><!-- Widget Shortcode --><div id=\"nav_menu-30\" class=\"widget widget_nav_menu widget-shortcode area-nutricio-cat-left-left \"><h2 class=\"widgettitle\">Diet\u00e9tica y Nutrici\u00f3n<\/h2><div class=\"menu-tratamientos-diet-nutricion-es-container\"><ul id=\"menu-tratamientos-diet-nutricion-es\" class=\"menu\"><li id=\"menu-item-18032\" class=\"menu-item menu-item-type-post_type menu-item-object-page menu-item-18032\"><a href=\"https:\/\/grupnexus.com\/es\/tratamientos\/dietetica-y-nutricion\/programas-personalizados\/\">Programas Personalizados<\/a><\/li>\n<li id=\"menu-item-18031\" class=\"menu-item menu-item-type-post_type menu-item-object-page menu-item-18031\"><a href=\"https:\/\/grupnexus.com\/es\/tratamientos\/dietetica-y-nutricion\/estudios-previos\/\">Estudios Previos<\/a><\/li>\n<li id=\"menu-item-18030\" class=\"menu-item menu-item-type-post_type menu-item-object-page menu-item-18030\"><a href=\"https:\/\/grupnexus.com\/es\/tratamientos\/dietetica-y-nutricion\/tratamientos-360\/\">Tratamientos 360\u00ba<\/a><\/li>\n<li id=\"menu-item-18029\" class=\"menu-item menu-item-type-post_type menu-item-object-page menu-item-18029\"><a href=\"https:\/\/grupnexus.com\/es\/tratamientos\/dietetica-y-nutricion\/pronokal\/\">Pronokal<\/a><\/li>\n<li id=\"menu-item-20184\" class=\"menu-item menu-item-type-post_type menu-item-object-page menu-item-20184\"><a href=\"https:\/\/grupnexus.com\/es\/tratamientos\/dietetica-y-nutricion\/lipodieta\/\">LipoDieta<\/a><\/li>\n<\/ul><\/div><\/div><!-- \/Widget Shortcode --><\/div>\n<div class=\"wpv-grid grid-3-4  wpv-first-level unextended\" style=\"padding-top:0px;padding-bottom:0px\" id=\"wpv-column-002863b100c6bc59d52654ec3d5c7f6f\" ><div class=\"row \"><div class=\"wpv-grid grid-1-1  first unextended\" style=\"padding-top:0px;padding-bottom:0px\" id=\"wpv-column-871ef113166f73c30e651e52edecc242\" ><p><strong> NEXUS es Centro Autorizado PRONOKAL<\/strong><\/p>\n<p><img loading=\"lazy\" class=\"aligncenter size-full wp-image-26328\" src=\"https:\/\/grupnexus.com\/wp-content\/uploads\/2019\/05\/Metodo-PnK_sientete-activo.jpg\" alt=\"\" width=\"636\" height=\"470\" srcset=\"https:\/\/grupnexus.com\/wp-content\/uploads\/2019\/05\/Metodo-PnK_sientete-activo.jpg 636w, https:\/\/grupnexus.com\/wp-content\/uploads\/2019\/05\/Metodo-PnK_sientete-activo-510x377.jpg 510w, https:\/\/grupnexus.com\/wp-content\/uploads\/2019\/05\/Metodo-PnK_sientete-activo-300x222.jpg 300w, https:\/\/grupnexus.com\/wp-content\/uploads\/2019\/05\/Metodo-PnK_sientete-activo-555x410.jpg 555w, https:\/\/grupnexus.com\/wp-content\/uploads\/2019\/05\/Metodo-PnK_sientete-activo-360x266.jpg 360w, https:\/\/grupnexus.com\/wp-content\/uploads\/2019\/05\/Metodo-PnK_sientete-activo-262x194.jpg 262w\" sizes=\"(max-width: 636px) 100vw, 636px\" \/><\/p>\n<p>El M\u00e9todo Pronokal, es un programa m\u00e9dico personalizado para lograr el adelgazamiento y el mantenimiento del peso a largo plazo, que se ha convertido en el<br \/>\nreferente dentro de su g\u00e9nero. El m\u00e9todo se basa en la dieta proteinada, es decir, en la\u00a0aportaci\u00f3n de prote\u00ednas de alto valor biol\u00f3gico ajustadas a las necesidades del<br \/>\norganismo, junto con una ingesta muy baja en calor\u00edas, hidratos de carbono y casi sin grasas. De este modo se conduce al paciente hacia una cetosis controlada que conlleva una r\u00e1pida p\u00e9rdida de peso. Gracias a la administraci\u00f3n adecuada de suplementos de sodio, potasio, magnesio, calcio y vitaminas, no hay estados de carencia.<\/p>\n<p>Con el M\u00e9todo Pronokal, el paciente:<\/p>\n<ul>\n<li>Consigue su objetivo de p\u00e9rdida de peso a la hora que va adquiriendo pautas alimenticias m\u00e1s saludables<\/li>\n<li>Descubre la necesidad de incorporar la actividad f\u00edsica en su d\u00eda a d\u00eda, consiguiendo pautas, recursos y gu\u00edas para hacerlo<\/li>\n<li>Encuentra una herramienta completa y todo el apoyo posible para lograr con \u00e9xito el objetivo de la p\u00e9rdida de peso.<\/li>\n<\/ul>\n<div class=\"row \"><div class=\"wpv-grid grid-1-3  first unextended\" style=\"padding-top:0px;padding-bottom:0px\" id=\"wpv-column-665ff0142fcf6686c67862fbf194fb23\" ><div class=\"services clearfix fullimage has-image no-icon has-button \" style=\"text-align:justify;\">\n\t<div class=\"services-inside\">\n\t\t\t\t\t\t\t\t\t<div class=\"thumbnail\">\n\t\t\t\t\t\t\t\t\t\t\t<a href=\"\/es\/tratamientos\/dietetica-y-nutricion\/pronokal\/metodo-pnk-define\/\" title=\"M\u00c9TODO PNK DEFINE\" class=\"has-border\">\n\t\t\t\t\t\t\t\t\t\t\t\t\t\t\t\t\t\t<img width=\"681\" height=\"513\" src=\"https:\/\/grupnexus.com\/wp-content\/uploads\/2019\/05\/pnk-define-imagen-azul-oscuro.png\" class=\"attachment-full size-full\" alt=\"\" loading=\"lazy\" srcset=\"https:\/\/grupnexus.com\/wp-content\/uploads\/2019\/05\/pnk-define-imagen-azul-oscuro.png 681w, https:\/\/grupnexus.com\/wp-content\/uploads\/2019\/05\/pnk-define-imagen-azul-oscuro-510x384.png 510w, https:\/\/grupnexus.com\/wp-content\/uploads\/2019\/05\/pnk-define-imagen-azul-oscuro-300x226.png 300w, https:\/\/grupnexus.com\/wp-content\/uploads\/2019\/05\/pnk-define-imagen-azul-oscuro-555x418.png 555w, https:\/\/grupnexus.com\/wp-content\/uploads\/2019\/05\/pnk-define-imagen-azul-oscuro-360x271.png 360w, https:\/\/grupnexus.com\/wp-content\/uploads\/2019\/05\/pnk-define-imagen-azul-oscuro-262x197.png 262w\" sizes=\"(max-width: 681px) 100vw, 681px\" \/>\t\t\t\t\t\t\t\t\t\t\t\t\t\t\t\t\t<\/a>\n\t\t\t\t\t\t\t\t\t<\/div>\n\t\t\t\t\t\t\t\t\t\t\t\t\t\t<h3 class=\"services-title\">\n\t\t\t\t\t\t\t\t\t<a href=\"\/es\/tratamientos\/dietetica-y-nutricion\/pronokal\/metodo-pnk-define\/\" title=\"M\u00c9TODO PNK DEFINE\">M\u00c9TODO PNK DEFINE<\/a>\n\t\t\t\t\t\t\t<\/h3>\n\t\t\t\t\t\t\t<div class=\"services-content\">\n<\/div>\n\t\t\t\t\t<\/div>\n<\/div>\n<\/div>\n<div class=\"wpv-grid grid-1-3  unextended\" style=\"padding-top:0px;padding-bottom:0px\" id=\"wpv-column-e5865b46dd3b15988b42115a8c80bf44\" ><div class=\"services clearfix fullimage has-image no-icon has-button \" style=\"text-align:justify;\">\n\t<div class=\"services-inside\">\n\t\t\t\t\t\t\t\t\t<div class=\"thumbnail\">\n\t\t\t\t\t\t\t\t\t\t\t<a href=\"\/es\/tratamientos\/dietetica-y-nutricion\/pronokal\/metodo-pnk-diaprokal\/\" title=\"M\u00c9TODO PNK DIAPROKAL\" class=\"has-border\">\n\t\t\t\t\t\t\t\t\t\t\t\t\t\t\t\t\t\t<img width=\"676\" height=\"506\" src=\"https:\/\/grupnexus.com\/wp-content\/uploads\/2019\/05\/pnk-diaprokal-imagen-azul.png\" class=\"attachment-full size-full\" alt=\"\" loading=\"lazy\" srcset=\"https:\/\/grupnexus.com\/wp-content\/uploads\/2019\/05\/pnk-diaprokal-imagen-azul.png 676w, https:\/\/grupnexus.com\/wp-content\/uploads\/2019\/05\/pnk-diaprokal-imagen-azul-510x382.png 510w, https:\/\/grupnexus.com\/wp-content\/uploads\/2019\/05\/pnk-diaprokal-imagen-azul-300x225.png 300w, https:\/\/grupnexus.com\/wp-content\/uploads\/2019\/05\/pnk-diaprokal-imagen-azul-555x415.png 555w, https:\/\/grupnexus.com\/wp-content\/uploads\/2019\/05\/pnk-diaprokal-imagen-azul-360x269.png 360w, https:\/\/grupnexus.com\/wp-content\/uploads\/2019\/05\/pnk-diaprokal-imagen-azul-262x196.png 262w\" sizes=\"(max-width: 676px) 100vw, 676px\" \/>\t\t\t\t\t\t\t\t\t\t\t\t\t\t\t\t\t<\/a>\n\t\t\t\t\t\t\t\t\t<\/div>\n\t\t\t\t\t\t\t\t\t\t\t\t\t\t<h3 class=\"services-title\">\n\t\t\t\t\t\t\t\t\t<a href=\"\/es\/tratamientos\/dietetica-y-nutricion\/pronokal\/metodo-pnk-diaprokal\/\" title=\"M\u00c9TODO PNK DIAPROKAL\">M\u00c9TODO PNK DIAPROKAL<\/a>\n\t\t\t\t\t\t\t<\/h3>\n\t\t\t\t\t\t\t<div class=\"services-content\">\n<\/div>\n\t\t\t\t\t<\/div>\n<\/div>\n<\/div>\n<div class=\"wpv-grid grid-1-3  unextended\" style=\"padding-top:0px;padding-bottom:0px\" id=\"wpv-column-954abe99c5d3ae9bda5b2e3f96c89cb1\" ><div class=\"services clearfix fullimage has-image no-icon has-button \" style=\"text-align:justify;\">\n\t<div class=\"services-inside\">\n\t\t\t\t\t\t\t\t\t<div class=\"thumbnail\">\n\t\t\t\t\t\t\t\t\t\t\t<a href=\"\/es\/tratamientos\/dietetica-y-nutricion\/pronokal\/metodo-pnk-mama\/\" title=\"M\u00c9TODO PNK MAM\u00c1\" class=\"has-border\">\n\t\t\t\t\t\t\t\t\t\t\t\t\t\t\t\t\t\t<img width=\"676\" height=\"506\" src=\"https:\/\/grupnexus.com\/wp-content\/uploads\/2019\/05\/imagen-metodo-pn-k-mama.png\" class=\"attachment-full size-full\" alt=\"\" loading=\"lazy\" srcset=\"https:\/\/grupnexus.com\/wp-content\/uploads\/2019\/05\/imagen-metodo-pn-k-mama.png 676w, https:\/\/grupnexus.com\/wp-content\/uploads\/2019\/05\/imagen-metodo-pn-k-mama-510x382.png 510w, https:\/\/grupnexus.com\/wp-content\/uploads\/2019\/05\/imagen-metodo-pn-k-mama-300x225.png 300w, https:\/\/grupnexus.com\/wp-content\/uploads\/2019\/05\/imagen-metodo-pn-k-mama-555x415.png 555w, https:\/\/grupnexus.com\/wp-content\/uploads\/2019\/05\/imagen-metodo-pn-k-mama-360x269.png 360w, https:\/\/grupnexus.com\/wp-content\/uploads\/2019\/05\/imagen-metodo-pn-k-mama-262x196.png 262w\" sizes=\"(max-width: 676px) 100vw, 676px\" \/>\t\t\t\t\t\t\t\t\t\t\t\t\t\t\t\t\t<\/a>\n\t\t\t\t\t\t\t\t\t<\/div>\n\t\t\t\t\t\t\t\t\t\t\t\t\t\t<h3 class=\"services-title\">\n\t\t\t\t\t\t\t\t\t<a href=\"\/es\/tratamientos\/dietetica-y-nutricion\/pronokal\/metodo-pnk-mama\/\" title=\"M\u00c9TODO PNK MAM\u00c1\">M\u00c9TODO PNK MAM\u00c1<\/a>\n\t\t\t\t\t\t\t<\/h3>\n\t\t\t\t\t\t\t<div class=\"services-content\">\n<\/div>\n\t\t\t\t\t<\/div>\n<\/div>\n<\/div><\/div><\/div><\/div><\/div><\/div>\n<div class=\"sep\"><\/div>\n<div class=\"row \"><div class=\"wpv-grid grid-1-1  wpv-first-level first unextended\" style=\"padding-top:0px;padding-bottom:0px\" id=\"wpv-column-ec49d3adc583983b098215c0409b50a4\" ><p><strong><span class=\"buscar\">Potser estava buscant:<\/span><\/strong><\/div><\/div>\n","protected":false},"excerpt":{"rendered":"<p>NEXUS es Centro Autorizado PRONOKAL El M\u00e9todo Pronokal, es un programa m\u00e9dico personalizado para lograr el adelgazamiento y el mantenimiento del peso a largo plazo, que se ha convertido en el referente dentro de su g\u00e9nero. El m\u00e9todo se basa en la dieta proteinada, es decir, en la\u00a0aportaci\u00f3n de prote\u00ednas de alto valor biol\u00f3gico ajustadas&#8230;<\/p>\n","protected":false},"author":6,"featured_media":0,"parent":17961,"menu_order":0,"comment_status":"closed","ping_status":"closed","template":"","meta":[],"yoast_head":"<!-- This site is optimized with the Yoast SEO plugin v18.6 - https:\/\/yoast.com\/wordpress\/plugins\/seo\/ -->\n<title>Pronokal - Cl\u00ednica Nexus<\/title>\n<meta name=\"description\" content=\"A Nexus comptem amb les millors f\u00f3rmules innovadores d&#039;est\u00e8tica avan\u00e7ada i micropigmentaci\u00f3.\" \/>\n<meta name=\"robots\" content=\"index, follow, max-snippet:-1, max-image-preview:large, max-video-preview:-1\" \/>\n<link rel=\"canonical\" href=\"https:\/\/grupnexus.com\/es\/tratamientos\/dietetica-y-nutricion\/pronokal\/\" \/>\n<meta property=\"og:locale\" content=\"es_ES\" \/>\n<meta property=\"og:type\" content=\"article\" \/>\n<meta property=\"og:title\" content=\"Pronokal - Cl\u00ednica Nexus\" \/>\n<meta property=\"og:description\" content=\"A Nexus comptem amb les millors f\u00f3rmules innovadores d&#039;est\u00e8tica avan\u00e7ada i micropigmentaci\u00f3.\" \/>\n<meta property=\"og:url\" content=\"https:\/\/grupnexus.com\/es\/tratamientos\/dietetica-y-nutricion\/pronokal\/\" \/>\n<meta property=\"og:site_name\" content=\"Cl\u00ednica Nexus\" \/>\n<meta property=\"article:modified_time\" content=\"2020-02-20T11:01:08+00:00\" \/>\n<meta property=\"og:image\" content=\"https:\/\/grupnexus.com\/wp-content\/uploads\/2019\/05\/Metodo-PnK_sientete-activo.jpg\" \/>\n<meta name=\"twitter:card\" content=\"summary\" \/>\n<meta name=\"twitter:label1\" content=\"Tiempo de lectura\" \/>\n\t<meta name=\"twitter:data1\" content=\"3 minutos\" \/>\n<script type=\"application\/ld+json\" class=\"yoast-schema-graph\">{\"@context\":\"https:\/\/schema.org\",\"@graph\":[{\"@type\":\"WebSite\",\"@id\":\"https:\/\/grupnexus.com\/es\/#website\",\"url\":\"https:\/\/grupnexus.com\/es\/\",\"name\":\"Cl\u00ednica Nexus\",\"description\":\"L\u00edders en Medicina Est\u00e8tica Avan\u00e7ada\",\"potentialAction\":[{\"@type\":\"SearchAction\",\"target\":{\"@type\":\"EntryPoint\",\"urlTemplate\":\"https:\/\/grupnexus.com\/es\/?s={search_term_string}\"},\"query-input\":\"required name=search_term_string\"}],\"inLanguage\":\"es\"},{\"@type\":\"ImageObject\",\"@id\":\"https:\/\/grupnexus.com\/es\/tratamientos\/dietetica-y-nutricion\/pronokal\/#primaryimage\",\"inLanguage\":\"es\",\"url\":\"https:\/\/grupnexus.com\/wp-content\/uploads\/2019\/05\/Metodo-PnK_sientete-activo.jpg\",\"contentUrl\":\"https:\/\/grupnexus.com\/wp-content\/uploads\/2019\/05\/Metodo-PnK_sientete-activo.jpg\",\"width\":636,\"height\":470},{\"@type\":\"WebPage\",\"@id\":\"https:\/\/grupnexus.com\/es\/tratamientos\/dietetica-y-nutricion\/pronokal\/#webpage\",\"url\":\"https:\/\/grupnexus.com\/es\/tratamientos\/dietetica-y-nutricion\/pronokal\/\",\"name\":\"Pronokal - Cl\u00ednica Nexus\",\"isPartOf\":{\"@id\":\"https:\/\/grupnexus.com\/es\/#website\"},\"primaryImageOfPage\":{\"@id\":\"https:\/\/grupnexus.com\/es\/tratamientos\/dietetica-y-nutricion\/pronokal\/#primaryimage\"},\"datePublished\":\"2018-10-03T10:33:13+00:00\",\"dateModified\":\"2020-02-20T11:01:08+00:00\",\"description\":\"A Nexus comptem amb les millors f\u00f3rmules innovadores d'est\u00e8tica avan\u00e7ada i micropigmentaci\u00f3.\",\"breadcrumb\":{\"@id\":\"https:\/\/grupnexus.com\/es\/tratamientos\/dietetica-y-nutricion\/pronokal\/#breadcrumb\"},\"inLanguage\":\"es\",\"potentialAction\":[{\"@type\":\"ReadAction\",\"target\":[\"https:\/\/grupnexus.com\/es\/tratamientos\/dietetica-y-nutricion\/pronokal\/\"]}]},{\"@type\":\"BreadcrumbList\",\"@id\":\"https:\/\/grupnexus.com\/es\/tratamientos\/dietetica-y-nutricion\/pronokal\/#breadcrumb\",\"itemListElement\":[{\"@type\":\"ListItem\",\"position\":1,\"name\":\"Portada\",\"item\":\"https:\/\/grupnexus.com\/es\/\"},{\"@type\":\"ListItem\",\"position\":2,\"name\":\"Tratamientos\",\"item\":\"https:\/\/grupnexus.com\/es\/tratamientos\/\"},{\"@type\":\"ListItem\",\"position\":3,\"name\":\"Diet\u00e9tica y Nutrici\u00f3n\",\"item\":\"https:\/\/grupnexus.com\/es\/tratamientos\/dietetica-y-nutricion\/\"},{\"@type\":\"ListItem\",\"position\":4,\"name\":\"Pronokal\"}]}]}<\/script>\n<!-- \/ Yoast SEO plugin. -->","yoast_head_json":{"title":"Pronokal - Cl\u00ednica Nexus","description":"A Nexus comptem amb les millors f\u00f3rmules innovadores d'est\u00e8tica avan\u00e7ada i micropigmentaci\u00f3.","robots":{"index":"index","follow":"follow","max-snippet":"max-snippet:-1","max-image-preview":"max-image-preview:large","max-video-preview":"max-video-preview:-1"},"canonical":"https:\/\/grupnexus.com\/es\/tratamientos\/dietetica-y-nutricion\/pronokal\/","og_locale":"es_ES","og_type":"article","og_title":"Pronokal - Cl\u00ednica Nexus","og_description":"A Nexus comptem amb les millors f\u00f3rmules innovadores d'est\u00e8tica avan\u00e7ada i micropigmentaci\u00f3.","og_url":"https:\/\/grupnexus.com\/es\/tratamientos\/dietetica-y-nutricion\/pronokal\/","og_site_name":"Cl\u00ednica Nexus","article_modified_time":"2020-02-20T11:01:08+00:00","og_image":[{"url":"https:\/\/grupnexus.com\/wp-content\/uploads\/2019\/05\/Metodo-PnK_sientete-activo.jpg"}],"twitter_card":"summary","twitter_misc":{"Tiempo de lectura":"3 minutos"},"schema":{"@context":"https:\/\/schema.org","@graph":[{"@type":"WebSite","@id":"https:\/\/grupnexus.com\/es\/#website","url":"https:\/\/grupnexus.com\/es\/","name":"Cl\u00ednica Nexus","description":"L\u00edders en Medicina Est\u00e8tica Avan\u00e7ada","potentialAction":[{"@type":"SearchAction","target":{"@type":"EntryPoint","urlTemplate":"https:\/\/grupnexus.com\/es\/?s={search_term_string}"},"query-input":"required name=search_term_string"}],"inLanguage":"es"},{"@type":"ImageObject","@id":"https:\/\/grupnexus.com\/es\/tratamientos\/dietetica-y-nutricion\/pronokal\/#primaryimage","inLanguage":"es","url":"https:\/\/grupnexus.com\/wp-content\/uploads\/2019\/05\/Metodo-PnK_sientete-activo.jpg","contentUrl":"https:\/\/grupnexus.com\/wp-content\/uploads\/2019\/05\/Metodo-PnK_sientete-activo.jpg","width":636,"height":470},{"@type":"WebPage","@id":"https:\/\/grupnexus.com\/es\/tratamientos\/dietetica-y-nutricion\/pronokal\/#webpage","url":"https:\/\/grupnexus.com\/es\/tratamientos\/dietetica-y-nutricion\/pronokal\/","name":"Pronokal - Cl\u00ednica Nexus","isPartOf":{"@id":"https:\/\/grupnexus.com\/es\/#website"},"primaryImageOfPage":{"@id":"https:\/\/grupnexus.com\/es\/tratamientos\/dietetica-y-nutricion\/pronokal\/#primaryimage"},"datePublished":"2018-10-03T10:33:13+00:00","dateModified":"2020-02-20T11:01:08+00:00","description":"A Nexus comptem amb les millors f\u00f3rmules innovadores d'est\u00e8tica avan\u00e7ada i micropigmentaci\u00f3.","breadcrumb":{"@id":"https:\/\/grupnexus.com\/es\/tratamientos\/dietetica-y-nutricion\/pronokal\/#breadcrumb"},"inLanguage":"es","potentialAction":[{"@type":"ReadAction","target":["https:\/\/grupnexus.com\/es\/tratamientos\/dietetica-y-nutricion\/pronokal\/"]}]},{"@type":"BreadcrumbList","@id":"https:\/\/grupnexus.com\/es\/tratamientos\/dietetica-y-nutricion\/pronokal\/#breadcrumb","itemListElement":[{"@type":"ListItem","position":1,"name":"Portada","item":"https:\/\/grupnexus.com\/es\/"},{"@type":"ListItem","position":2,"name":"Tratamientos","item":"https:\/\/grupnexus.com\/es\/tratamientos\/"},{"@type":"ListItem","position":3,"name":"Diet\u00e9tica y Nutrici\u00f3n","item":"https:\/\/grupnexus.com\/es\/tratamientos\/dietetica-y-nutricion\/"},{"@type":"ListItem","position":4,"name":"Pronokal"}]}]}},"_links":{"self":[{"href":"https:\/\/grupnexus.com\/es\/wp-json\/wp\/v2\/pages\/17949"}],"collection":[{"href":"https:\/\/grupnexus.com\/es\/wp-json\/wp\/v2\/pages"}],"about":[{"href":"https:\/\/grupnexus.com\/es\/wp-json\/wp\/v2\/types\/page"}],"author":[{"embeddable":true,"href":"https:\/\/grupnexus.com\/es\/wp-json\/wp\/v2\/users\/6"}],"replies":[{"embeddable":true,"href":"https:\/\/grupnexus.com\/es\/wp-json\/wp\/v2\/comments?post=17949"}],"version-history":[{"count":8,"href":"https:\/\/grupnexus.com\/es\/wp-json\/wp\/v2\/pages\/17949\/revisions"}],"predecessor-version":[{"id":43223,"href":"https:\/\/grupnexus.com\/es\/wp-json\/wp\/v2\/pages\/17949\/revisions\/43223"}],"up":[{"embeddable":true,"href":"https:\/\/grupnexus.com\/es\/wp-json\/wp\/v2\/pages\/17961"}],"wp:attachment":[{"href":"https:\/\/grupnexus.com\/es\/wp-json\/wp\/v2\/media?parent=17949"}],"curies":[{"name":"wp","href":"https:\/\/api.w.org\/{rel}","templated":true}]}}