{"id":17952,"date":"2018-10-03T10:42:02","date_gmt":"2018-10-03T08:42:02","guid":{"rendered":"https:\/\/www.grupnexus.com\/?page_id=17952\/"},"modified":"2021-05-21T09:35:48","modified_gmt":"2021-05-21T07:35:48","slug":"programas-personalizados","status":"publish","type":"page","link":"https:\/\/grupnexus.com\/es\/tratamientos\/dietetica-y-nutricion\/programas-personalizados\/","title":{"rendered":"Programas Personalizados"},"content":{"rendered":"<div class=\"row \"><div class=\"wpv-grid grid-3-4  wpv-first-level first unextended\" style=\"padding-top:0px;padding-bottom:0px\" id=\"wpv-column-3713250c860a8059cdce7791749b500f\" >\t\t<h2 class=\"text-divider-double\">\t\t\t\nProgramas Personalizados\t\t<\/h2>\t\t<div class=\"sep\"><\/div>\t<\/div>\n<div class=\"wpv-grid grid-1-4  wpv-first-level unextended\" style=\"padding-top:0px;padding-bottom:0px\" id=\"wpv-column-d4ac75ce705c7d0f1496fb738ba48790\" ><div class=\"push\" style='height:44px'><\/div>\n<!-- Widget Shortcode --><div id=\"search-11\" class=\"widget widget_search widget-shortcode area-wpv_sidebar-tractament-est-facial-cat-left \"><form role=\"search\" method=\"get\" class=\"searchform clearfix\" action=\"https:\/\/grupnexus.com\/es\/\">\n\t<label for=\"search-text-widget\" class=\"visuallyhidden\">Search for:<\/label>\n\t<input id=\"search-text-widget\" type=\"text\" value=\"\" name=\"s\" placeholder=\"Buscar\" required=\"required\" \/>\n\t<input type=\"submit\" value=\"Buscar\" \/>\n\t\t\t<input type=\"hidden\" name=\"lang\" value=\"es\"\/>\n\t<\/form><\/div><!-- \/Widget Shortcode --><\/div><\/div>\n<div class=\"row \"><div class=\"wpv-grid grid-1-4  wpv-first-level first unextended\" style=\"padding-top:0px;padding-bottom:0px\" id=\"wpv-column-757951b043d7848b5ef32af0b396a0fc\" ><!-- Widget Shortcode --><div id=\"nav_menu-30\" class=\"widget widget_nav_menu widget-shortcode area-nutricio-cat-left-left \"><h2 class=\"widgettitle\">Diet\u00e9tica y Nutrici\u00f3n<\/h2><div class=\"menu-tratamientos-diet-nutricion-es-container\"><ul id=\"menu-tratamientos-diet-nutricion-es\" class=\"menu\"><li id=\"menu-item-18032\" class=\"menu-item menu-item-type-post_type menu-item-object-page menu-item-18032\"><a href=\"https:\/\/grupnexus.com\/es\/tratamientos\/dietetica-y-nutricion\/programas-personalizados\/\">Programas Personalizados<\/a><\/li>\n<li id=\"menu-item-18031\" class=\"menu-item menu-item-type-post_type menu-item-object-page menu-item-18031\"><a href=\"https:\/\/grupnexus.com\/es\/tratamientos\/dietetica-y-nutricion\/estudios-previos\/\">Estudios Previos<\/a><\/li>\n<li id=\"menu-item-18030\" class=\"menu-item menu-item-type-post_type menu-item-object-page menu-item-18030\"><a href=\"https:\/\/grupnexus.com\/es\/tratamientos\/dietetica-y-nutricion\/tratamientos-360\/\">Tratamientos 360\u00ba<\/a><\/li>\n<li id=\"menu-item-18029\" class=\"menu-item menu-item-type-post_type menu-item-object-page menu-item-18029\"><a href=\"https:\/\/grupnexus.com\/es\/tratamientos\/dietetica-y-nutricion\/pronokal\/\">Pronokal<\/a><\/li>\n<li id=\"menu-item-20184\" class=\"menu-item menu-item-type-post_type menu-item-object-page menu-item-20184\"><a href=\"https:\/\/grupnexus.com\/es\/tratamientos\/dietetica-y-nutricion\/lipodieta\/\">LipoDieta<\/a><\/li>\n<\/ul><\/div><\/div><!-- \/Widget Shortcode --><\/div>\n<div class=\"wpv-grid grid-3-4  wpv-first-level unextended\" style=\"padding-top:0px;padding-bottom:0px\" id=\"wpv-column-dd74695eced96727fd6f3017f38482d8\" ><p><img loading=\"lazy\" class=\"wp-image-25289 alignleft\" src=\"https:\/\/grupnexus.com\/wp-content\/uploads\/2018\/10\/nexus-tractaments-360-1-1024x507.jpg\" alt=\"\" width=\"580\" height=\"287\" srcset=\"https:\/\/grupnexus.com\/wp-content\/uploads\/2018\/10\/nexus-tractaments-360-1-1024x507.jpg 1024w, https:\/\/grupnexus.com\/wp-content\/uploads\/2018\/10\/nexus-tractaments-360-1-510x252.jpg 510w, https:\/\/grupnexus.com\/wp-content\/uploads\/2018\/10\/nexus-tractaments-360-1-300x149.jpg 300w, https:\/\/grupnexus.com\/wp-content\/uploads\/2018\/10\/nexus-tractaments-360-1-768x380.jpg 768w, https:\/\/grupnexus.com\/wp-content\/uploads\/2018\/10\/nexus-tractaments-360-1-1140x564.jpg 1140w, https:\/\/grupnexus.com\/wp-content\/uploads\/2018\/10\/nexus-tractaments-360-1-555x275.jpg 555w, https:\/\/grupnexus.com\/wp-content\/uploads\/2018\/10\/nexus-tractaments-360-1-360x178.jpg 360w, https:\/\/grupnexus.com\/wp-content\/uploads\/2018\/10\/nexus-tractaments-360-1-262x130.jpg 262w, https:\/\/grupnexus.com\/wp-content\/uploads\/2018\/10\/nexus-tractaments-360-1.jpg 1200w\" sizes=\"(max-width: 580px) 100vw, 580px\" \/><\/p>\n<div class=\"row \"><div class=\"wpv-grid grid-1-1  first unextended\" style=\"padding-top:0px;padding-bottom:0px\" id=\"wpv-column-c1d72298aa0be41c23fe86f972a35190\" ><p><strong>\u00bfNecesitas una dieta personalizada para conseguir tu objetivo?<br \/>\nTe explicamos c\u00f3mo son los programas personalizados en Cl\u00ednica Nexus<\/strong><\/p>\n<p>&nbsp;<\/p>\n<p>&nbsp;<\/p>\n<p><strong>Concretar acciones y pautas a seguir:<\/strong><\/p>\n<p>La dietista nutricionista desglosa el objetivo en acciones concretas y definidas, utilizando muchos de los recursos que ya tiene el propio paciente, y bajo la supervisi\u00f3n de m\u00e9dicos, dietistas-nutricionistas, endocrin\u00f3logos y mediante estudios previos establecen programas personalizados.<\/p>\n<p><strong>Programas personalizados:<\/strong><\/p>\n<p>Cada persona es diferente, biol\u00f3gica y f\u00edsicamente. Se deben tener en cuenta m\u00faltiples factores como la gen\u00e9tica, la altura, el sexo, la actividad laboral y actividad f\u00edsica y los horarios, la situaci\u00f3n familiar y compromisos sociales, de ah\u00ed la importancia de hacer una valoraci\u00f3n y diagn\u00f3stico con estudios previos.<br \/>\n<strong>Cl\u00ednica Nexus elabora un programa de tratamientos 360\u00ba que ayuda en la consecuci\u00f3n del \u00e9xito en todos los aspectos.<\/strong><\/p>\n<p style=\"padding-left: 30px;\"><strong>Adelgazar<\/strong><\/p>\n<p style=\"padding-left: 60px;\">Dieta hipocal\u00f3rica y otras estrategias puntuales como dieta cetog\u00e9nica o ayunas intermitente. Sin uso de pastillas ni productos sustitutivos<\/p>\n<p style=\"padding-left: 30px;\"><strong>Adquirir buenos h\u00e1bitos alimentarios en el \u00e1mbito familiar<\/strong><\/p>\n<p style=\"padding-left: 30px;\"><strong>Dieta para deportistas\u00a0<\/strong><\/p>\n<p style=\"padding-left: 60px;\">Cambio de h\u00e1bitos para alcanzar la composici\u00f3n corporal adecuada al deporte.<br \/>\nDieta para antes, durante y despu\u00e9s de cualquier modalidad deportiva.<br \/>\nAsesoramiento en suplementaci\u00f3n y ayudas ergog\u00e9nicas.<\/p>\n<p style=\"padding-left: 30px;\"><strong>Dieta para la mujer en las diferentes etapas: adolescencia, embarazo, lactancia y menopausia\u00a0<\/strong><\/p>\n<p style=\"padding-left: 60px;\">Requerimientos energ\u00e9ticos y necesidades nutricionales.<br \/>\nNecesidades fisiol\u00f3gicas.<\/p>\n<p style=\"padding-left: 30px;\"><strong>Dieta para alergia e intolerancias alimentarias\u00a0<\/strong><\/p>\n<p style=\"padding-left: 60px;\">Adaptaci\u00f3n de la dieta seg\u00fan el previo diagn\u00f3stico m\u00e9dico y sustitutos para evitar carencias.<\/p>\n<p style=\"padding-left: 30px;\"><strong>Dieta para vegetarianos y veganos\u00a0<\/strong><\/p>\n<p style=\"padding-left: 60px;\">Adaptaci\u00f3n, sustitutos y suplementaci\u00f3n para evitar carencias.<\/p>\n<p style=\"padding-left: 30px;\"><strong>Dieta en caso de enfermedad \u00a0\u00a0<\/strong><\/p>\n<p style=\"padding-left: 60px;\">Valoraci\u00f3n del an\u00e1lisis de sangre y recomendaciones diet\u00e9ticas para alcanzar la correcci\u00f3n de los par\u00e1metros.<br \/>\nDietas adaptadas al previo diagn\u00f3stico m\u00e9dico.<br \/>\nObesidad infantil y adolescencia<br \/>\nDietas para colesterol, triglic\u00e9ridos, \u00e1cido \u00farico &#8230;<br \/>\nDieta para problemas digestivos (acidez, hernia de hiato, estre\u00f1imiento, SIBO &#8230;)<br \/>\nDieta para diabetes tipo I o tipo II<\/p>\n<h5><em>Pide una primera visita gratuita de asesoramiento, para que te deriven al profesional que m\u00e1s conviene en tu caso.<\/em><\/h5>\n<p>Si no tienes tiempo, viajas mucho o vives fuera de Lleida, tambi\u00e9n puedes hacer tu programa personalizado a trav\u00e9s de visitas online. <a href=\"https:\/\/grupnexus.com\/es\/producte\/visita-online-dietista-nutricionista\/\">Quiero contratar una visita online<\/a><\/div><\/div><\/div><\/div>\n<div class=\"sep\"><\/div>\n<div class=\"row \"><div class=\"wpv-grid grid-1-1  wpv-first-level first unextended\" style=\"padding-top:0px;padding-bottom:0px\" id=\"wpv-column-bb8308e9e698a5d801eae872dfd261aa\" ><p><strong><span class=\"buscar\">Potser estava buscant:<\/span><\/strong><\/div><\/div>\n","protected":false},"excerpt":{"rendered":"<p>\u00bfNecesitas una dieta personalizada para conseguir tu objetivo? Te explicamos c\u00f3mo son los programas personalizados en Cl\u00ednica Nexus &nbsp; &nbsp; Concretar acciones y pautas a seguir: La dietista nutricionista desglosa el objetivo en acciones concretas y definidas, utilizando muchos de los recursos que ya tiene el propio paciente, y bajo la supervisi\u00f3n de m\u00e9dicos, dietistas-nutricionistas,&#8230;<\/p>\n","protected":false},"author":6,"featured_media":0,"parent":17961,"menu_order":0,"comment_status":"closed","ping_status":"closed","template":"","meta":[],"yoast_head":"<!-- This site is optimized with the Yoast SEO plugin v18.6 - https:\/\/yoast.com\/wordpress\/plugins\/seo\/ -->\n<title>Programas Personalizados - Cl\u00ednica Nexus<\/title>\n<meta name=\"description\" content=\"A Nexus comptem amb les millors f\u00f3rmules innovadores d&#039;est\u00e8tica avan\u00e7ada i micropigmentaci\u00f3.\" \/>\n<meta name=\"robots\" content=\"index, follow, max-snippet:-1, max-image-preview:large, max-video-preview:-1\" \/>\n<link rel=\"canonical\" href=\"https:\/\/grupnexus.com\/es\/tratamientos\/dietetica-y-nutricion\/programas-personalizados\/\" \/>\n<meta property=\"og:locale\" content=\"es_ES\" \/>\n<meta property=\"og:type\" content=\"article\" \/>\n<meta property=\"og:title\" content=\"Programas Personalizados - Cl\u00ednica Nexus\" \/>\n<meta property=\"og:description\" content=\"A Nexus comptem amb les millors f\u00f3rmules innovadores d&#039;est\u00e8tica avan\u00e7ada i micropigmentaci\u00f3.\" \/>\n<meta property=\"og:url\" content=\"https:\/\/grupnexus.com\/es\/tratamientos\/dietetica-y-nutricion\/programas-personalizados\/\" \/>\n<meta property=\"og:site_name\" content=\"Cl\u00ednica Nexus\" \/>\n<meta property=\"article:modified_time\" content=\"2021-05-21T07:35:48+00:00\" \/>\n<meta property=\"og:image\" content=\"https:\/\/grupnexus.com\/wp-content\/uploads\/2018\/10\/nexus-tractaments-360-1-1024x507.jpg\" \/>\n<meta name=\"twitter:card\" content=\"summary\" \/>\n<meta name=\"twitter:label1\" content=\"Tiempo de lectura\" \/>\n\t<meta name=\"twitter:data1\" content=\"4 minutos\" \/>\n<script type=\"application\/ld+json\" class=\"yoast-schema-graph\">{\"@context\":\"https:\/\/schema.org\",\"@graph\":[{\"@type\":\"WebSite\",\"@id\":\"https:\/\/grupnexus.com\/es\/#website\",\"url\":\"https:\/\/grupnexus.com\/es\/\",\"name\":\"Cl\u00ednica Nexus\",\"description\":\"L\u00edders en Medicina Est\u00e8tica Avan\u00e7ada\",\"potentialAction\":[{\"@type\":\"SearchAction\",\"target\":{\"@type\":\"EntryPoint\",\"urlTemplate\":\"https:\/\/grupnexus.com\/es\/?s={search_term_string}\"},\"query-input\":\"required name=search_term_string\"}],\"inLanguage\":\"es\"},{\"@type\":\"ImageObject\",\"@id\":\"https:\/\/grupnexus.com\/es\/tratamientos\/dietetica-y-nutricion\/programas-personalizados\/#primaryimage\",\"inLanguage\":\"es\",\"url\":\"https:\/\/grupnexus.com\/wp-content\/uploads\/2018\/10\/nexus-tractaments-360-1.jpg\",\"contentUrl\":\"https:\/\/grupnexus.com\/wp-content\/uploads\/2018\/10\/nexus-tractaments-360-1.jpg\",\"width\":1200,\"height\":594},{\"@type\":\"WebPage\",\"@id\":\"https:\/\/grupnexus.com\/es\/tratamientos\/dietetica-y-nutricion\/programas-personalizados\/#webpage\",\"url\":\"https:\/\/grupnexus.com\/es\/tratamientos\/dietetica-y-nutricion\/programas-personalizados\/\",\"name\":\"Programas Personalizados - Cl\u00ednica Nexus\",\"isPartOf\":{\"@id\":\"https:\/\/grupnexus.com\/es\/#website\"},\"primaryImageOfPage\":{\"@id\":\"https:\/\/grupnexus.com\/es\/tratamientos\/dietetica-y-nutricion\/programas-personalizados\/#primaryimage\"},\"datePublished\":\"2018-10-03T08:42:02+00:00\",\"dateModified\":\"2021-05-21T07:35:48+00:00\",\"description\":\"A Nexus comptem amb les millors f\u00f3rmules innovadores d'est\u00e8tica avan\u00e7ada i micropigmentaci\u00f3.\",\"breadcrumb\":{\"@id\":\"https:\/\/grupnexus.com\/es\/tratamientos\/dietetica-y-nutricion\/programas-personalizados\/#breadcrumb\"},\"inLanguage\":\"es\",\"potentialAction\":[{\"@type\":\"ReadAction\",\"target\":[\"https:\/\/grupnexus.com\/es\/tratamientos\/dietetica-y-nutricion\/programas-personalizados\/\"]}]},{\"@type\":\"BreadcrumbList\",\"@id\":\"https:\/\/grupnexus.com\/es\/tratamientos\/dietetica-y-nutricion\/programas-personalizados\/#breadcrumb\",\"itemListElement\":[{\"@type\":\"ListItem\",\"position\":1,\"name\":\"Portada\",\"item\":\"https:\/\/grupnexus.com\/es\/\"},{\"@type\":\"ListItem\",\"position\":2,\"name\":\"Tratamientos\",\"item\":\"https:\/\/grupnexus.com\/es\/tratamientos\/\"},{\"@type\":\"ListItem\",\"position\":3,\"name\":\"Diet\u00e9tica y Nutrici\u00f3n\",\"item\":\"https:\/\/grupnexus.com\/es\/tratamientos\/dietetica-y-nutricion\/\"},{\"@type\":\"ListItem\",\"position\":4,\"name\":\"Programas Personalizados\"}]}]}<\/script>\n<!-- \/ Yoast SEO plugin. -->","yoast_head_json":{"title":"Programas Personalizados - Cl\u00ednica Nexus","description":"A Nexus comptem amb les millors f\u00f3rmules innovadores d'est\u00e8tica avan\u00e7ada i micropigmentaci\u00f3.","robots":{"index":"index","follow":"follow","max-snippet":"max-snippet:-1","max-image-preview":"max-image-preview:large","max-video-preview":"max-video-preview:-1"},"canonical":"https:\/\/grupnexus.com\/es\/tratamientos\/dietetica-y-nutricion\/programas-personalizados\/","og_locale":"es_ES","og_type":"article","og_title":"Programas Personalizados - Cl\u00ednica Nexus","og_description":"A Nexus comptem amb les millors f\u00f3rmules innovadores d'est\u00e8tica avan\u00e7ada i micropigmentaci\u00f3.","og_url":"https:\/\/grupnexus.com\/es\/tratamientos\/dietetica-y-nutricion\/programas-personalizados\/","og_site_name":"Cl\u00ednica Nexus","article_modified_time":"2021-05-21T07:35:48+00:00","og_image":[{"url":"https:\/\/grupnexus.com\/wp-content\/uploads\/2018\/10\/nexus-tractaments-360-1-1024x507.jpg"}],"twitter_card":"summary","twitter_misc":{"Tiempo de lectura":"4 minutos"},"schema":{"@context":"https:\/\/schema.org","@graph":[{"@type":"WebSite","@id":"https:\/\/grupnexus.com\/es\/#website","url":"https:\/\/grupnexus.com\/es\/","name":"Cl\u00ednica Nexus","description":"L\u00edders en Medicina Est\u00e8tica Avan\u00e7ada","potentialAction":[{"@type":"SearchAction","target":{"@type":"EntryPoint","urlTemplate":"https:\/\/grupnexus.com\/es\/?s={search_term_string}"},"query-input":"required name=search_term_string"}],"inLanguage":"es"},{"@type":"ImageObject","@id":"https:\/\/grupnexus.com\/es\/tratamientos\/dietetica-y-nutricion\/programas-personalizados\/#primaryimage","inLanguage":"es","url":"https:\/\/grupnexus.com\/wp-content\/uploads\/2018\/10\/nexus-tractaments-360-1.jpg","contentUrl":"https:\/\/grupnexus.com\/wp-content\/uploads\/2018\/10\/nexus-tractaments-360-1.jpg","width":1200,"height":594},{"@type":"WebPage","@id":"https:\/\/grupnexus.com\/es\/tratamientos\/dietetica-y-nutricion\/programas-personalizados\/#webpage","url":"https:\/\/grupnexus.com\/es\/tratamientos\/dietetica-y-nutricion\/programas-personalizados\/","name":"Programas Personalizados - Cl\u00ednica Nexus","isPartOf":{"@id":"https:\/\/grupnexus.com\/es\/#website"},"primaryImageOfPage":{"@id":"https:\/\/grupnexus.com\/es\/tratamientos\/dietetica-y-nutricion\/programas-personalizados\/#primaryimage"},"datePublished":"2018-10-03T08:42:02+00:00","dateModified":"2021-05-21T07:35:48+00:00","description":"A Nexus comptem amb les millors f\u00f3rmules innovadores d'est\u00e8tica avan\u00e7ada i micropigmentaci\u00f3.","breadcrumb":{"@id":"https:\/\/grupnexus.com\/es\/tratamientos\/dietetica-y-nutricion\/programas-personalizados\/#breadcrumb"},"inLanguage":"es","potentialAction":[{"@type":"ReadAction","target":["https:\/\/grupnexus.com\/es\/tratamientos\/dietetica-y-nutricion\/programas-personalizados\/"]}]},{"@type":"BreadcrumbList","@id":"https:\/\/grupnexus.com\/es\/tratamientos\/dietetica-y-nutricion\/programas-personalizados\/#breadcrumb","itemListElement":[{"@type":"ListItem","position":1,"name":"Portada","item":"https:\/\/grupnexus.com\/es\/"},{"@type":"ListItem","position":2,"name":"Tratamientos","item":"https:\/\/grupnexus.com\/es\/tratamientos\/"},{"@type":"ListItem","position":3,"name":"Diet\u00e9tica y Nutrici\u00f3n","item":"https:\/\/grupnexus.com\/es\/tratamientos\/dietetica-y-nutricion\/"},{"@type":"ListItem","position":4,"name":"Programas Personalizados"}]}]}},"_links":{"self":[{"href":"https:\/\/grupnexus.com\/es\/wp-json\/wp\/v2\/pages\/17952"}],"collection":[{"href":"https:\/\/grupnexus.com\/es\/wp-json\/wp\/v2\/pages"}],"about":[{"href":"https:\/\/grupnexus.com\/es\/wp-json\/wp\/v2\/types\/page"}],"author":[{"embeddable":true,"href":"https:\/\/grupnexus.com\/es\/wp-json\/wp\/v2\/users\/6"}],"replies":[{"embeddable":true,"href":"https:\/\/grupnexus.com\/es\/wp-json\/wp\/v2\/comments?post=17952"}],"version-history":[{"count":13,"href":"https:\/\/grupnexus.com\/es\/wp-json\/wp\/v2\/pages\/17952\/revisions"}],"predecessor-version":[{"id":47712,"href":"https:\/\/grupnexus.com\/es\/wp-json\/wp\/v2\/pages\/17952\/revisions\/47712"}],"up":[{"embeddable":true,"href":"https:\/\/grupnexus.com\/es\/wp-json\/wp\/v2\/pages\/17961"}],"wp:attachment":[{"href":"https:\/\/grupnexus.com\/es\/wp-json\/wp\/v2\/media?parent=17952"}],"curies":[{"name":"wp","href":"https:\/\/api.w.org\/{rel}","templated":true}]}}