{"id":17955,"date":"2018-10-03T11:08:14","date_gmt":"2018-10-03T09:08:14","guid":{"rendered":"https:\/\/www.grupnexus.com\/?page_id=17955\/"},"modified":"2020-02-20T13:33:38","modified_gmt":"2020-02-20T11:33:38","slug":"estudios-previos","status":"publish","type":"page","link":"https:\/\/grupnexus.com\/es\/tratamientos\/dietetica-y-nutricion\/estudios-previos\/","title":{"rendered":"Estudios Previos"},"content":{"rendered":"<div class=\"row \"><div class=\"wpv-grid grid-3-4  wpv-first-level first unextended\" style=\"padding-top:0px;padding-bottom:0px\" id=\"wpv-column-e547df45e060ae23eaca056b615543d3\" >\t\t<h2 class=\"text-divider-double\">\t\t\t\nEstudis Previs\t\t<\/h2>\t\t<div class=\"sep\"><\/div>\t<\/div>\n<div class=\"wpv-grid grid-1-4  wpv-first-level unextended\" style=\"padding-top:0px;padding-bottom:0px\" id=\"wpv-column-b2879f65698a9f7c1362d2e24e302da5\" ><div class=\"push\" style='height:44px'><\/div>\n<!-- Widget Shortcode --><div id=\"search-11\" class=\"widget widget_search widget-shortcode area-wpv_sidebar-tractament-est-facial-cat-left \"><form role=\"search\" method=\"get\" class=\"searchform clearfix\" action=\"https:\/\/grupnexus.com\/es\/\">\n\t<label for=\"search-text-widget\" class=\"visuallyhidden\">Search for:<\/label>\n\t<input id=\"search-text-widget\" type=\"text\" value=\"\" name=\"s\" placeholder=\"Buscar\" required=\"required\" \/>\n\t<input type=\"submit\" value=\"Buscar\" \/>\n\t\t\t<input type=\"hidden\" name=\"lang\" value=\"es\"\/>\n\t<\/form><\/div><!-- \/Widget Shortcode --><\/div><\/div>\n<div class=\"row \"><div class=\"wpv-grid grid-1-4  wpv-first-level first unextended\" style=\"padding-top:0px;padding-bottom:0px\" id=\"wpv-column-1febe257ac58187aa99b4f4c6700ba77\" ><!-- Widget Shortcode --><div id=\"nav_menu-30\" class=\"widget widget_nav_menu widget-shortcode area-nutricio-cat-left-left \"><h2 class=\"widgettitle\">Diet\u00e9tica y Nutrici\u00f3n<\/h2><div class=\"menu-tratamientos-diet-nutricion-es-container\"><ul id=\"menu-tratamientos-diet-nutricion-es\" class=\"menu\"><li id=\"menu-item-18032\" class=\"menu-item menu-item-type-post_type menu-item-object-page menu-item-18032\"><a href=\"https:\/\/grupnexus.com\/es\/tratamientos\/dietetica-y-nutricion\/programas-personalizados\/\">Programas Personalizados<\/a><\/li>\n<li id=\"menu-item-18031\" class=\"menu-item menu-item-type-post_type menu-item-object-page menu-item-18031\"><a href=\"https:\/\/grupnexus.com\/es\/tratamientos\/dietetica-y-nutricion\/estudios-previos\/\">Estudios Previos<\/a><\/li>\n<li id=\"menu-item-18030\" class=\"menu-item menu-item-type-post_type menu-item-object-page menu-item-18030\"><a href=\"https:\/\/grupnexus.com\/es\/tratamientos\/dietetica-y-nutricion\/tratamientos-360\/\">Tratamientos 360\u00ba<\/a><\/li>\n<li id=\"menu-item-18029\" class=\"menu-item menu-item-type-post_type menu-item-object-page menu-item-18029\"><a href=\"https:\/\/grupnexus.com\/es\/tratamientos\/dietetica-y-nutricion\/pronokal\/\">Pronokal<\/a><\/li>\n<li id=\"menu-item-20184\" class=\"menu-item menu-item-type-post_type menu-item-object-page menu-item-20184\"><a href=\"https:\/\/grupnexus.com\/es\/tratamientos\/dietetica-y-nutricion\/lipodieta\/\">LipoDieta<\/a><\/li>\n<\/ul><\/div><\/div><!-- \/Widget Shortcode --><\/div>\n<div class=\"wpv-grid grid-3-4  wpv-first-level unextended\" style=\"padding-top:0px;padding-bottom:0px\" id=\"wpv-column-0618f8b45da541f1226f24c66fb82866\" ><p><img loading=\"lazy\" class=\"wp-image-18173 size-full alignleft\" src=\"https:\/\/grupnexus.com\/wp-content\/uploads\/2018\/10\/estudis-previs.jpg\" alt=\"\" width=\"377\" height=\"229\" srcset=\"https:\/\/grupnexus.com\/wp-content\/uploads\/2018\/10\/estudis-previs.jpg 377w, https:\/\/grupnexus.com\/wp-content\/uploads\/2018\/10\/estudis-previs-300x182.jpg 300w, https:\/\/grupnexus.com\/wp-content\/uploads\/2018\/10\/estudis-previs-360x219.jpg 360w, https:\/\/grupnexus.com\/wp-content\/uploads\/2018\/10\/estudis-previs-262x159.jpg 262w\" sizes=\"(max-width: 377px) 100vw, 377px\" \/><\/p>\n<div class=\"row \"><div class=\"wpv-grid grid-1-1  first unextended\" style=\"padding-top:0px;padding-bottom:0px\" id=\"wpv-column-a867f7c084f950ca1bc596a758a29c35\" ><p>En Cl\u00ednica Nexus elaboramos un diagn\u00f3stico rigurosa e integral mediante diferentes t\u00e9cnicas para dise\u00f1ar pautas diet\u00e9ticas personalizadas:<\/p>\n<ol>\n<li><strong>Estudio metab\u00f3lico previo.<\/strong> El an\u00e1lisis de diferentes constantes del paciente, bajo supervisi\u00f3n m\u00e9dica, marca las l\u00edneas fundamentales de un programa diet\u00e9tico.<\/li>\n<li><strong>Estudio Biom\u00e9trico de la composici\u00f3n corporal mediante Bioimpedanciometria.<\/strong> Analiza la composici\u00f3n corporal y permite conocer los par\u00e1metros fundamentales para confeccionar la dieta personalizada.<\/li>\n<li><strong>Test A200 de intolerancia alimentaria.<\/strong> A partir de una simple muestra de sangre, se mide la reacci\u00f3n de las c\u00e9lulas sangu\u00edneas ante algunos alimentos y, se define su comportamiento alimentario porque lo que el cliente coma y no le perjudique.<\/li>\n<\/ol>\n<div class=\"push\" style='height:15px'><\/div>\n<h5>Adem\u00e1s, en Cl\u00ednica Nexus, las posibles reacciones adversas alimentarias son tratadas mediante t\u00e9cnicas de biorresonancia.<\/h5>\n<div class=\"push\" style='height:15px'><\/div>\n<ol start=\"4\">\n<li><strong>Anal\u00edtica sangu\u00ednea y pruebas complementarias.<\/strong> En ciertos casos, se puede solicitar alguna otra prueba complementaria, para descartar alteraciones subyacentes o implementar la informaci\u00f3n para la configuraci\u00f3n de la dieta m\u00e1s adecuada<br \/>\n<div class=\"push\" style='height:5px'><\/div>\nConociendo los genes del paciente, se puede saber qu\u00e9 alimentaci\u00f3n es la m\u00e1s adecuada para su salud, prevenir enfermedades, y en definitiva, llevar una vida m\u00e1s saludable y de mejor calidad.<\/li>\n<li><strong>Test gen\u00e9ticos:<\/strong> Se realiza a partir de una simple muestra de saliva, y podemos estudiar diferentes carencias o riesgos:<\/li>\n<\/ol>\n<ol start=\"4\">\n<li style=\"list-style-type: none;\">\n<ul type=\"disc\">\n<li>Vitaminas y Omega-3: Tener informaci\u00f3n sobre las necesidades individuales de vitaminas y omega-3, nos ayuda a aportar las cantidades personalizadas, por tanto, a optimizar nuestra salud cardiovascular, ocular, inmunol\u00f3gica, respiratoria, y reducir los efectos de la envejecimiento.<\/li>\n<li>Riesgo gen\u00e9tico de sufrir una intolerancia: Analizamos una selecci\u00f3n de variantes gen\u00e9ticas que, seg\u00fan las \u00faltimas evidencias cient\u00edficas, determinan el riesgo gen\u00e9tico de padecer intolerancia a la lactosa, la fructosa y el gluten. Si notas malestar o hinchaz\u00f3n despu\u00e9s de la ingesta de ciertos alimentos puede que tengas alg\u00fan tipo de intolerancia alimentaria. Las intolerancias alimentarias m\u00e1s frecuentes (lactosa, fructosa y gluten) suelen tener una base gen\u00e9tica.<\/li>\n<li>Genes relacionados con la obesidad: nos ayudar\u00e1n a definir cu\u00e1l es la proporci\u00f3n de los nutrientes principales a tener en la dieta.<\/li>\n<\/ul>\n<\/li>\n<\/ol>\n<div class=\"push\" style='height:15px'><\/div>\n<h5><em>Esta metodolog\u00eda de trabajo nos permite confeccionar la dieta m\u00e1s adecuada en cada caso, para mejorar la composici\u00f3n corporal reduciendo la grasa si es necesario, para garantizar la salud del paciente durante la realizaci\u00f3n de la misma y crear h\u00e1bitos de alimentaci\u00f3n sanos y equilibrados.<\/em><\/h5>\n<div class=\"push\" style='height:15px'><\/div>\n<h5><em>Pide una primera visita gratuita de asesoramiento, para que te deriven al profesional que m\u00e1s conviene en tu caso.<\/em><\/h5><\/div><\/div><\/div><\/div>\n<div class=\"sep\"><\/div>\n<div class=\"row \"><div class=\"wpv-grid grid-1-1  wpv-first-level first unextended\" style=\"padding-top:0px;padding-bottom:0px\" id=\"wpv-column-51bf2e774e8b8b13920a13450651103b\" ><p><strong><span class=\"buscar\">Potser estava buscant:<\/span><\/strong><\/div><\/div>\n","protected":false},"excerpt":{"rendered":"<p>En Cl\u00ednica Nexus elaboramos un diagn\u00f3stico rigurosa e integral mediante diferentes t\u00e9cnicas para dise\u00f1ar pautas diet\u00e9ticas personalizadas: Estudio metab\u00f3lico previo. El an\u00e1lisis de diferentes constantes del paciente, bajo supervisi\u00f3n m\u00e9dica, marca las l\u00edneas fundamentales de un programa diet\u00e9tico. Estudio Biom\u00e9trico de la composici\u00f3n corporal mediante Bioimpedanciometria. Analiza la composici\u00f3n corporal y permite conocer los par\u00e1metros&#8230;<\/p>\n","protected":false},"author":6,"featured_media":0,"parent":17961,"menu_order":0,"comment_status":"closed","ping_status":"closed","template":"","meta":[],"yoast_head":"<!-- This site is optimized with the Yoast SEO plugin v18.6 - https:\/\/yoast.com\/wordpress\/plugins\/seo\/ -->\n<title>Estudios Previos - Cl\u00ednica Nexus<\/title>\n<meta name=\"description\" content=\"A Nexus comptem amb les millors f\u00f3rmules innovadores d&#039;est\u00e8tica avan\u00e7ada i micropigmentaci\u00f3.\" \/>\n<meta name=\"robots\" content=\"index, follow, max-snippet:-1, max-image-preview:large, max-video-preview:-1\" \/>\n<link rel=\"canonical\" href=\"https:\/\/grupnexus.com\/es\/tratamientos\/dietetica-y-nutricion\/estudios-previos\/\" \/>\n<meta property=\"og:locale\" content=\"es_ES\" \/>\n<meta property=\"og:type\" content=\"article\" \/>\n<meta property=\"og:title\" content=\"Estudios Previos - Cl\u00ednica Nexus\" \/>\n<meta property=\"og:description\" content=\"A Nexus comptem amb les millors f\u00f3rmules innovadores d&#039;est\u00e8tica avan\u00e7ada i micropigmentaci\u00f3.\" \/>\n<meta property=\"og:url\" content=\"https:\/\/grupnexus.com\/es\/tratamientos\/dietetica-y-nutricion\/estudios-previos\/\" \/>\n<meta property=\"og:site_name\" content=\"Cl\u00ednica Nexus\" \/>\n<meta property=\"article:modified_time\" content=\"2020-02-20T11:33:38+00:00\" \/>\n<meta property=\"og:image\" content=\"https:\/\/grupnexus.com\/wp-content\/uploads\/2018\/10\/estudis-previs.jpg\" \/>\n<meta name=\"twitter:card\" content=\"summary\" \/>\n<meta name=\"twitter:label1\" content=\"Tiempo de lectura\" \/>\n\t<meta name=\"twitter:data1\" content=\"4 minutos\" \/>\n<script type=\"application\/ld+json\" class=\"yoast-schema-graph\">{\"@context\":\"https:\/\/schema.org\",\"@graph\":[{\"@type\":\"WebSite\",\"@id\":\"https:\/\/grupnexus.com\/es\/#website\",\"url\":\"https:\/\/grupnexus.com\/es\/\",\"name\":\"Cl\u00ednica Nexus\",\"description\":\"L\u00edders en Medicina Est\u00e8tica Avan\u00e7ada\",\"potentialAction\":[{\"@type\":\"SearchAction\",\"target\":{\"@type\":\"EntryPoint\",\"urlTemplate\":\"https:\/\/grupnexus.com\/es\/?s={search_term_string}\"},\"query-input\":\"required name=search_term_string\"}],\"inLanguage\":\"es\"},{\"@type\":\"ImageObject\",\"@id\":\"https:\/\/grupnexus.com\/es\/tratamientos\/dietetica-y-nutricion\/estudios-previos\/#primaryimage\",\"inLanguage\":\"es\",\"url\":\"https:\/\/grupnexus.com\/wp-content\/uploads\/2018\/10\/estudis-previs.jpg\",\"contentUrl\":\"https:\/\/grupnexus.com\/wp-content\/uploads\/2018\/10\/estudis-previs.jpg\",\"width\":377,\"height\":229},{\"@type\":\"WebPage\",\"@id\":\"https:\/\/grupnexus.com\/es\/tratamientos\/dietetica-y-nutricion\/estudios-previos\/#webpage\",\"url\":\"https:\/\/grupnexus.com\/es\/tratamientos\/dietetica-y-nutricion\/estudios-previos\/\",\"name\":\"Estudios Previos - Cl\u00ednica Nexus\",\"isPartOf\":{\"@id\":\"https:\/\/grupnexus.com\/es\/#website\"},\"primaryImageOfPage\":{\"@id\":\"https:\/\/grupnexus.com\/es\/tratamientos\/dietetica-y-nutricion\/estudios-previos\/#primaryimage\"},\"datePublished\":\"2018-10-03T09:08:14+00:00\",\"dateModified\":\"2020-02-20T11:33:38+00:00\",\"description\":\"A Nexus comptem amb les millors f\u00f3rmules innovadores d'est\u00e8tica avan\u00e7ada i micropigmentaci\u00f3.\",\"breadcrumb\":{\"@id\":\"https:\/\/grupnexus.com\/es\/tratamientos\/dietetica-y-nutricion\/estudios-previos\/#breadcrumb\"},\"inLanguage\":\"es\",\"potentialAction\":[{\"@type\":\"ReadAction\",\"target\":[\"https:\/\/grupnexus.com\/es\/tratamientos\/dietetica-y-nutricion\/estudios-previos\/\"]}]},{\"@type\":\"BreadcrumbList\",\"@id\":\"https:\/\/grupnexus.com\/es\/tratamientos\/dietetica-y-nutricion\/estudios-previos\/#breadcrumb\",\"itemListElement\":[{\"@type\":\"ListItem\",\"position\":1,\"name\":\"Portada\",\"item\":\"https:\/\/grupnexus.com\/es\/\"},{\"@type\":\"ListItem\",\"position\":2,\"name\":\"Tratamientos\",\"item\":\"https:\/\/grupnexus.com\/es\/tratamientos\/\"},{\"@type\":\"ListItem\",\"position\":3,\"name\":\"Diet\u00e9tica y Nutrici\u00f3n\",\"item\":\"https:\/\/grupnexus.com\/es\/tratamientos\/dietetica-y-nutricion\/\"},{\"@type\":\"ListItem\",\"position\":4,\"name\":\"Estudios Previos\"}]}]}<\/script>\n<!-- \/ Yoast SEO plugin. -->","yoast_head_json":{"title":"Estudios Previos - Cl\u00ednica Nexus","description":"A Nexus comptem amb les millors f\u00f3rmules innovadores d'est\u00e8tica avan\u00e7ada i micropigmentaci\u00f3.","robots":{"index":"index","follow":"follow","max-snippet":"max-snippet:-1","max-image-preview":"max-image-preview:large","max-video-preview":"max-video-preview:-1"},"canonical":"https:\/\/grupnexus.com\/es\/tratamientos\/dietetica-y-nutricion\/estudios-previos\/","og_locale":"es_ES","og_type":"article","og_title":"Estudios Previos - Cl\u00ednica Nexus","og_description":"A Nexus comptem amb les millors f\u00f3rmules innovadores d'est\u00e8tica avan\u00e7ada i micropigmentaci\u00f3.","og_url":"https:\/\/grupnexus.com\/es\/tratamientos\/dietetica-y-nutricion\/estudios-previos\/","og_site_name":"Cl\u00ednica Nexus","article_modified_time":"2020-02-20T11:33:38+00:00","og_image":[{"url":"https:\/\/grupnexus.com\/wp-content\/uploads\/2018\/10\/estudis-previs.jpg"}],"twitter_card":"summary","twitter_misc":{"Tiempo de lectura":"4 minutos"},"schema":{"@context":"https:\/\/schema.org","@graph":[{"@type":"WebSite","@id":"https:\/\/grupnexus.com\/es\/#website","url":"https:\/\/grupnexus.com\/es\/","name":"Cl\u00ednica Nexus","description":"L\u00edders en Medicina Est\u00e8tica Avan\u00e7ada","potentialAction":[{"@type":"SearchAction","target":{"@type":"EntryPoint","urlTemplate":"https:\/\/grupnexus.com\/es\/?s={search_term_string}"},"query-input":"required name=search_term_string"}],"inLanguage":"es"},{"@type":"ImageObject","@id":"https:\/\/grupnexus.com\/es\/tratamientos\/dietetica-y-nutricion\/estudios-previos\/#primaryimage","inLanguage":"es","url":"https:\/\/grupnexus.com\/wp-content\/uploads\/2018\/10\/estudis-previs.jpg","contentUrl":"https:\/\/grupnexus.com\/wp-content\/uploads\/2018\/10\/estudis-previs.jpg","width":377,"height":229},{"@type":"WebPage","@id":"https:\/\/grupnexus.com\/es\/tratamientos\/dietetica-y-nutricion\/estudios-previos\/#webpage","url":"https:\/\/grupnexus.com\/es\/tratamientos\/dietetica-y-nutricion\/estudios-previos\/","name":"Estudios Previos - Cl\u00ednica Nexus","isPartOf":{"@id":"https:\/\/grupnexus.com\/es\/#website"},"primaryImageOfPage":{"@id":"https:\/\/grupnexus.com\/es\/tratamientos\/dietetica-y-nutricion\/estudios-previos\/#primaryimage"},"datePublished":"2018-10-03T09:08:14+00:00","dateModified":"2020-02-20T11:33:38+00:00","description":"A Nexus comptem amb les millors f\u00f3rmules innovadores d'est\u00e8tica avan\u00e7ada i micropigmentaci\u00f3.","breadcrumb":{"@id":"https:\/\/grupnexus.com\/es\/tratamientos\/dietetica-y-nutricion\/estudios-previos\/#breadcrumb"},"inLanguage":"es","potentialAction":[{"@type":"ReadAction","target":["https:\/\/grupnexus.com\/es\/tratamientos\/dietetica-y-nutricion\/estudios-previos\/"]}]},{"@type":"BreadcrumbList","@id":"https:\/\/grupnexus.com\/es\/tratamientos\/dietetica-y-nutricion\/estudios-previos\/#breadcrumb","itemListElement":[{"@type":"ListItem","position":1,"name":"Portada","item":"https:\/\/grupnexus.com\/es\/"},{"@type":"ListItem","position":2,"name":"Tratamientos","item":"https:\/\/grupnexus.com\/es\/tratamientos\/"},{"@type":"ListItem","position":3,"name":"Diet\u00e9tica y Nutrici\u00f3n","item":"https:\/\/grupnexus.com\/es\/tratamientos\/dietetica-y-nutricion\/"},{"@type":"ListItem","position":4,"name":"Estudios Previos"}]}]}},"_links":{"self":[{"href":"https:\/\/grupnexus.com\/es\/wp-json\/wp\/v2\/pages\/17955"}],"collection":[{"href":"https:\/\/grupnexus.com\/es\/wp-json\/wp\/v2\/pages"}],"about":[{"href":"https:\/\/grupnexus.com\/es\/wp-json\/wp\/v2\/types\/page"}],"author":[{"embeddable":true,"href":"https:\/\/grupnexus.com\/es\/wp-json\/wp\/v2\/users\/6"}],"replies":[{"embeddable":true,"href":"https:\/\/grupnexus.com\/es\/wp-json\/wp\/v2\/comments?post=17955"}],"version-history":[{"count":9,"href":"https:\/\/grupnexus.com\/es\/wp-json\/wp\/v2\/pages\/17955\/revisions"}],"predecessor-version":[{"id":43233,"href":"https:\/\/grupnexus.com\/es\/wp-json\/wp\/v2\/pages\/17955\/revisions\/43233"}],"up":[{"embeddable":true,"href":"https:\/\/grupnexus.com\/es\/wp-json\/wp\/v2\/pages\/17961"}],"wp:attachment":[{"href":"https:\/\/grupnexus.com\/es\/wp-json\/wp\/v2\/media?parent=17955"}],"curies":[{"name":"wp","href":"https:\/\/api.w.org\/{rel}","templated":true}]}}