{"id":17958,"date":"2018-10-03T11:44:41","date_gmt":"2018-10-03T09:44:41","guid":{"rendered":"https:\/\/www.grupnexus.com\/?page_id=17958\/"},"modified":"2021-10-26T09:57:37","modified_gmt":"2021-10-26T07:57:37","slug":"tratamientos-360","status":"publish","type":"page","link":"https:\/\/grupnexus.com\/es\/tratamientos\/dietetica-y-nutricion\/tratamientos-360\/","title":{"rendered":"Tratamientos 360\u00ba"},"content":{"rendered":"<div class=\"row \"><div class=\"wpv-grid grid-3-4  wpv-first-level first unextended\" style=\"padding-top:0px;padding-bottom:0px\" id=\"wpv-column-dc1ccab4ea6ec3a56278da4b07652d0a\" >\t\t<h2 class=\"text-divider-double\">\t\t\t\nTratamientos 360\u00ba personalizados\t\t<\/h2>\t\t<div class=\"sep\"><\/div>\t<\/div>\n<div class=\"wpv-grid grid-1-4  wpv-first-level unextended\" style=\"padding-top:0px;padding-bottom:0px\" id=\"wpv-column-68af51f8eaf7e9d331215f3434bc7df9\" ><div class=\"push\" style='height:44px'><\/div>\n<!-- Widget Shortcode --><div id=\"search-11\" class=\"widget widget_search widget-shortcode area-wpv_sidebar-tractament-est-facial-cat-left \"><form role=\"search\" method=\"get\" class=\"searchform clearfix\" action=\"https:\/\/grupnexus.com\/es\/\">\n\t<label for=\"search-text-widget\" class=\"visuallyhidden\">Search for:<\/label>\n\t<input id=\"search-text-widget\" type=\"text\" value=\"\" name=\"s\" placeholder=\"Buscar\" required=\"required\" \/>\n\t<input type=\"submit\" value=\"Buscar\" \/>\n\t\t\t<input type=\"hidden\" name=\"lang\" value=\"es\"\/>\n\t<\/form><\/div><!-- \/Widget Shortcode --><\/div><\/div>\n<div class=\"row \"><div class=\"wpv-grid grid-1-4  wpv-first-level first unextended\" style=\"padding-top:0px;padding-bottom:0px\" id=\"wpv-column-6448548492e6f99c46513871d9b97bc7\" ><!-- Widget Shortcode --><div id=\"nav_menu-30\" class=\"widget widget_nav_menu widget-shortcode area-nutricio-cat-left-left \"><h2 class=\"widgettitle\">Diet\u00e9tica y Nutrici\u00f3n<\/h2><div class=\"menu-tratamientos-diet-nutricion-es-container\"><ul id=\"menu-tratamientos-diet-nutricion-es\" class=\"menu\"><li id=\"menu-item-18032\" class=\"menu-item menu-item-type-post_type menu-item-object-page menu-item-18032\"><a href=\"https:\/\/grupnexus.com\/es\/tratamientos\/dietetica-y-nutricion\/programas-personalizados\/\">Programas Personalizados<\/a><\/li>\n<li id=\"menu-item-18031\" class=\"menu-item menu-item-type-post_type menu-item-object-page menu-item-18031\"><a href=\"https:\/\/grupnexus.com\/es\/tratamientos\/dietetica-y-nutricion\/estudios-previos\/\">Estudios Previos<\/a><\/li>\n<li id=\"menu-item-18030\" class=\"menu-item menu-item-type-post_type menu-item-object-page menu-item-18030\"><a href=\"https:\/\/grupnexus.com\/es\/tratamientos\/dietetica-y-nutricion\/tratamientos-360\/\">Tratamientos 360\u00ba<\/a><\/li>\n<li id=\"menu-item-18029\" class=\"menu-item menu-item-type-post_type menu-item-object-page menu-item-18029\"><a href=\"https:\/\/grupnexus.com\/es\/tratamientos\/dietetica-y-nutricion\/pronokal\/\">Pronokal<\/a><\/li>\n<li id=\"menu-item-20184\" class=\"menu-item menu-item-type-post_type menu-item-object-page menu-item-20184\"><a href=\"https:\/\/grupnexus.com\/es\/tratamientos\/dietetica-y-nutricion\/lipodieta\/\">LipoDieta<\/a><\/li>\n<\/ul><\/div><\/div><!-- \/Widget Shortcode --><\/div>\n<div class=\"wpv-grid grid-3-4  wpv-first-level unextended\" style=\"padding-top:0px;padding-bottom:0px\" id=\"wpv-column-51b7750a9d68213ce3772f769651c0cf\" ><p><img loading=\"lazy\" class=\"alignleft wp-image-25279\" src=\"https:\/\/grupnexus.com\/wp-content\/uploads\/2018\/10\/nexus-tractaments-360.jpg\" alt=\"\" width=\"500\" height=\"304\" srcset=\"https:\/\/grupnexus.com\/wp-content\/uploads\/2018\/10\/nexus-tractaments-360.jpg 377w, https:\/\/grupnexus.com\/wp-content\/uploads\/2018\/10\/nexus-tractaments-360-300x182.jpg 300w, https:\/\/grupnexus.com\/wp-content\/uploads\/2018\/10\/nexus-tractaments-360-360x219.jpg 360w, https:\/\/grupnexus.com\/wp-content\/uploads\/2018\/10\/nexus-tractaments-360-262x159.jpg 262w\" sizes=\"(max-width: 500px) 100vw, 500px\" \/><\/p>\n<div class=\"row \"><div class=\"wpv-grid grid-1-1  first unextended\" style=\"padding-top:0px;padding-bottom:0px\" id=\"wpv-column-c96e97ee35631eb7ea1d7d659ce0bb66\" ><p><strong> Hace tiempo que no te pesas, porque sabes que no te gustar\u00e1 lo que te dir\u00e1 la b\u00e1scula? <\/strong><\/p>\n<p><strong> Obras del armario y ves los vaqueros del a\u00f1o pasado, te metes &#8230; no te metes &#8230; sabes que antes tienes que perder peso para que te queden como te quedaban. <\/strong><\/p>\n<p><strong> \u00bfQui\u00e9n de vosotros no ha comprado una pieza de ropa de una talla menos, pensando: adelgazo un poco y me quedar\u00e1 perfecto! <\/strong><\/p>\n<p>Si has respondido que s\u00ed al menos a una de las anteriores, y est\u00e1s leyendo estas palabras, es que vas por buen camino. Tienes un reto en mente, y nosotros te acompa\u00f1amos para que la consigas.<\/p>\n<p>Mediante nuestros Tratamientos 360\u00ba te guiamos y te asesoramos para que vuelvas a ser t\u00fa:<\/p>\n<ul>\n<li>Diagn\u00f3stico previo<\/li>\n<li>Dieta personalizada<\/li>\n<li>Tecnolog\u00eda avanzada<\/li>\n<li>Nutricosm\u00e9tica natural<\/li>\n<li>Cosm\u00e9tica<\/li>\n<\/ul>\n<p>\u00a1Consulta el<a href=\"https:\/\/grupnexus.com\/es\/tratamientos-360-para-cada-tipo-de-celulitis\/\"> tratamiento 360\u00ba espec\u00edfico para la celulitis<\/a>!<\/p>\n<p>Todo un equipo de profesionales multidisciplinares velando por ti de manera integral: m\u00e9dico, nutricionista, coach, enfermera, personal trainer y t\u00e9cnicas en est\u00e9tica. Con el apoyo de tecnolog\u00eda puntera, cosm\u00e9tica y nutricosm\u00e9tica de las mejores firmas y de eficacia probada.<\/p>\n<p>Disfrutar\u00e1s del proceso y del resultado!<\/p>\n<div class=\"push\" style='height:5px'><\/div>\n<h5><em> Solicitar una primera visita gratuita de asesoramiento, para que te deriven al profesional que m\u00e1s conviene en tu caso. <\/em><\/h5><\/div><\/div><\/div><\/div>\n<div class=\"sep\"><\/div>\n<div class=\"row \"><div class=\"wpv-grid grid-1-1  wpv-first-level first unextended\" style=\"padding-top:0px;padding-bottom:0px\" id=\"wpv-column-24dd9778b5c1a461207eb483965a2177\" ><p><strong><span class=\"buscar\">Potser estava buscant:<\/span><\/strong><\/div><\/div>\n","protected":false},"excerpt":{"rendered":"<p>Hace tiempo que no te pesas, porque sabes que no te gustar\u00e1 lo que te dir\u00e1 la b\u00e1scula? Obras del armario y ves los vaqueros del a\u00f1o pasado, te metes &#8230; no te metes &#8230; sabes que antes tienes que perder peso para que te queden como te quedaban. \u00bfQui\u00e9n de vosotros no ha comprado&#8230;<\/p>\n","protected":false},"author":6,"featured_media":0,"parent":17961,"menu_order":0,"comment_status":"closed","ping_status":"closed","template":"","meta":[],"yoast_head":"<!-- This site is optimized with the Yoast SEO plugin v18.6 - https:\/\/yoast.com\/wordpress\/plugins\/seo\/ -->\n<title>Tratamientos 360\u00ba - Cl\u00ednica Nexus<\/title>\n<meta name=\"description\" content=\"A Nexus comptem amb les millors f\u00f3rmules innovadores d&#039;est\u00e8tica avan\u00e7ada i micropigmentaci\u00f3.\" \/>\n<meta name=\"robots\" content=\"index, follow, max-snippet:-1, max-image-preview:large, max-video-preview:-1\" \/>\n<link rel=\"canonical\" href=\"https:\/\/grupnexus.com\/es\/tratamientos\/dietetica-y-nutricion\/tratamientos-360\/\" \/>\n<meta property=\"og:locale\" content=\"es_ES\" \/>\n<meta property=\"og:type\" content=\"article\" \/>\n<meta property=\"og:title\" content=\"Tratamientos 360\u00ba - Cl\u00ednica Nexus\" \/>\n<meta property=\"og:description\" content=\"A Nexus comptem amb les millors f\u00f3rmules innovadores d&#039;est\u00e8tica avan\u00e7ada i micropigmentaci\u00f3.\" \/>\n<meta property=\"og:url\" content=\"https:\/\/grupnexus.com\/es\/tratamientos\/dietetica-y-nutricion\/tratamientos-360\/\" \/>\n<meta property=\"og:site_name\" content=\"Cl\u00ednica Nexus\" \/>\n<meta property=\"article:modified_time\" content=\"2021-10-26T07:57:37+00:00\" \/>\n<meta property=\"og:image\" content=\"https:\/\/grupnexus.com\/wp-content\/uploads\/2018\/10\/nexus-tractaments-360.jpg\" \/>\n<meta name=\"twitter:card\" content=\"summary\" \/>\n<meta name=\"twitter:label1\" content=\"Tiempo de lectura\" \/>\n\t<meta name=\"twitter:data1\" content=\"3 minutos\" \/>\n<script type=\"application\/ld+json\" class=\"yoast-schema-graph\">{\"@context\":\"https:\/\/schema.org\",\"@graph\":[{\"@type\":\"WebSite\",\"@id\":\"https:\/\/grupnexus.com\/es\/#website\",\"url\":\"https:\/\/grupnexus.com\/es\/\",\"name\":\"Cl\u00ednica Nexus\",\"description\":\"L\u00edders en Medicina Est\u00e8tica Avan\u00e7ada\",\"potentialAction\":[{\"@type\":\"SearchAction\",\"target\":{\"@type\":\"EntryPoint\",\"urlTemplate\":\"https:\/\/grupnexus.com\/es\/?s={search_term_string}\"},\"query-input\":\"required name=search_term_string\"}],\"inLanguage\":\"es\"},{\"@type\":\"ImageObject\",\"@id\":\"https:\/\/grupnexus.com\/es\/tratamientos\/dietetica-y-nutricion\/tratamientos-360\/#primaryimage\",\"inLanguage\":\"es\",\"url\":\"https:\/\/grupnexus.com\/wp-content\/uploads\/2018\/10\/nexus-tractaments-360.jpg\",\"contentUrl\":\"https:\/\/grupnexus.com\/wp-content\/uploads\/2018\/10\/nexus-tractaments-360.jpg\",\"width\":377,\"height\":229},{\"@type\":\"WebPage\",\"@id\":\"https:\/\/grupnexus.com\/es\/tratamientos\/dietetica-y-nutricion\/tratamientos-360\/#webpage\",\"url\":\"https:\/\/grupnexus.com\/es\/tratamientos\/dietetica-y-nutricion\/tratamientos-360\/\",\"name\":\"Tratamientos 360\u00ba - Cl\u00ednica Nexus\",\"isPartOf\":{\"@id\":\"https:\/\/grupnexus.com\/es\/#website\"},\"primaryImageOfPage\":{\"@id\":\"https:\/\/grupnexus.com\/es\/tratamientos\/dietetica-y-nutricion\/tratamientos-360\/#primaryimage\"},\"datePublished\":\"2018-10-03T09:44:41+00:00\",\"dateModified\":\"2021-10-26T07:57:37+00:00\",\"description\":\"A Nexus comptem amb les millors f\u00f3rmules innovadores d'est\u00e8tica avan\u00e7ada i micropigmentaci\u00f3.\",\"breadcrumb\":{\"@id\":\"https:\/\/grupnexus.com\/es\/tratamientos\/dietetica-y-nutricion\/tratamientos-360\/#breadcrumb\"},\"inLanguage\":\"es\",\"potentialAction\":[{\"@type\":\"ReadAction\",\"target\":[\"https:\/\/grupnexus.com\/es\/tratamientos\/dietetica-y-nutricion\/tratamientos-360\/\"]}]},{\"@type\":\"BreadcrumbList\",\"@id\":\"https:\/\/grupnexus.com\/es\/tratamientos\/dietetica-y-nutricion\/tratamientos-360\/#breadcrumb\",\"itemListElement\":[{\"@type\":\"ListItem\",\"position\":1,\"name\":\"Portada\",\"item\":\"https:\/\/grupnexus.com\/es\/\"},{\"@type\":\"ListItem\",\"position\":2,\"name\":\"Tratamientos\",\"item\":\"https:\/\/grupnexus.com\/es\/tratamientos\/\"},{\"@type\":\"ListItem\",\"position\":3,\"name\":\"Diet\u00e9tica y Nutrici\u00f3n\",\"item\":\"https:\/\/grupnexus.com\/es\/tratamientos\/dietetica-y-nutricion\/\"},{\"@type\":\"ListItem\",\"position\":4,\"name\":\"Tratamientos 360\u00ba\"}]}]}<\/script>\n<!-- \/ Yoast SEO plugin. -->","yoast_head_json":{"title":"Tratamientos 360\u00ba - Cl\u00ednica Nexus","description":"A Nexus comptem amb les millors f\u00f3rmules innovadores d'est\u00e8tica avan\u00e7ada i micropigmentaci\u00f3.","robots":{"index":"index","follow":"follow","max-snippet":"max-snippet:-1","max-image-preview":"max-image-preview:large","max-video-preview":"max-video-preview:-1"},"canonical":"https:\/\/grupnexus.com\/es\/tratamientos\/dietetica-y-nutricion\/tratamientos-360\/","og_locale":"es_ES","og_type":"article","og_title":"Tratamientos 360\u00ba - Cl\u00ednica Nexus","og_description":"A Nexus comptem amb les millors f\u00f3rmules innovadores d'est\u00e8tica avan\u00e7ada i micropigmentaci\u00f3.","og_url":"https:\/\/grupnexus.com\/es\/tratamientos\/dietetica-y-nutricion\/tratamientos-360\/","og_site_name":"Cl\u00ednica Nexus","article_modified_time":"2021-10-26T07:57:37+00:00","og_image":[{"url":"https:\/\/grupnexus.com\/wp-content\/uploads\/2018\/10\/nexus-tractaments-360.jpg"}],"twitter_card":"summary","twitter_misc":{"Tiempo de lectura":"3 minutos"},"schema":{"@context":"https:\/\/schema.org","@graph":[{"@type":"WebSite","@id":"https:\/\/grupnexus.com\/es\/#website","url":"https:\/\/grupnexus.com\/es\/","name":"Cl\u00ednica Nexus","description":"L\u00edders en Medicina Est\u00e8tica Avan\u00e7ada","potentialAction":[{"@type":"SearchAction","target":{"@type":"EntryPoint","urlTemplate":"https:\/\/grupnexus.com\/es\/?s={search_term_string}"},"query-input":"required name=search_term_string"}],"inLanguage":"es"},{"@type":"ImageObject","@id":"https:\/\/grupnexus.com\/es\/tratamientos\/dietetica-y-nutricion\/tratamientos-360\/#primaryimage","inLanguage":"es","url":"https:\/\/grupnexus.com\/wp-content\/uploads\/2018\/10\/nexus-tractaments-360.jpg","contentUrl":"https:\/\/grupnexus.com\/wp-content\/uploads\/2018\/10\/nexus-tractaments-360.jpg","width":377,"height":229},{"@type":"WebPage","@id":"https:\/\/grupnexus.com\/es\/tratamientos\/dietetica-y-nutricion\/tratamientos-360\/#webpage","url":"https:\/\/grupnexus.com\/es\/tratamientos\/dietetica-y-nutricion\/tratamientos-360\/","name":"Tratamientos 360\u00ba - Cl\u00ednica Nexus","isPartOf":{"@id":"https:\/\/grupnexus.com\/es\/#website"},"primaryImageOfPage":{"@id":"https:\/\/grupnexus.com\/es\/tratamientos\/dietetica-y-nutricion\/tratamientos-360\/#primaryimage"},"datePublished":"2018-10-03T09:44:41+00:00","dateModified":"2021-10-26T07:57:37+00:00","description":"A Nexus comptem amb les millors f\u00f3rmules innovadores d'est\u00e8tica avan\u00e7ada i micropigmentaci\u00f3.","breadcrumb":{"@id":"https:\/\/grupnexus.com\/es\/tratamientos\/dietetica-y-nutricion\/tratamientos-360\/#breadcrumb"},"inLanguage":"es","potentialAction":[{"@type":"ReadAction","target":["https:\/\/grupnexus.com\/es\/tratamientos\/dietetica-y-nutricion\/tratamientos-360\/"]}]},{"@type":"BreadcrumbList","@id":"https:\/\/grupnexus.com\/es\/tratamientos\/dietetica-y-nutricion\/tratamientos-360\/#breadcrumb","itemListElement":[{"@type":"ListItem","position":1,"name":"Portada","item":"https:\/\/grupnexus.com\/es\/"},{"@type":"ListItem","position":2,"name":"Tratamientos","item":"https:\/\/grupnexus.com\/es\/tratamientos\/"},{"@type":"ListItem","position":3,"name":"Diet\u00e9tica y Nutrici\u00f3n","item":"https:\/\/grupnexus.com\/es\/tratamientos\/dietetica-y-nutricion\/"},{"@type":"ListItem","position":4,"name":"Tratamientos 360\u00ba"}]}]}},"_links":{"self":[{"href":"https:\/\/grupnexus.com\/es\/wp-json\/wp\/v2\/pages\/17958"}],"collection":[{"href":"https:\/\/grupnexus.com\/es\/wp-json\/wp\/v2\/pages"}],"about":[{"href":"https:\/\/grupnexus.com\/es\/wp-json\/wp\/v2\/types\/page"}],"author":[{"embeddable":true,"href":"https:\/\/grupnexus.com\/es\/wp-json\/wp\/v2\/users\/6"}],"replies":[{"embeddable":true,"href":"https:\/\/grupnexus.com\/es\/wp-json\/wp\/v2\/comments?post=17958"}],"version-history":[{"count":9,"href":"https:\/\/grupnexus.com\/es\/wp-json\/wp\/v2\/pages\/17958\/revisions"}],"predecessor-version":[{"id":48376,"href":"https:\/\/grupnexus.com\/es\/wp-json\/wp\/v2\/pages\/17958\/revisions\/48376"}],"up":[{"embeddable":true,"href":"https:\/\/grupnexus.com\/es\/wp-json\/wp\/v2\/pages\/17961"}],"wp:attachment":[{"href":"https:\/\/grupnexus.com\/es\/wp-json\/wp\/v2\/media?parent=17958"}],"curies":[{"name":"wp","href":"https:\/\/api.w.org\/{rel}","templated":true}]}}