{"id":17961,"date":"2018-10-10T09:16:57","date_gmt":"2018-10-10T07:16:57","guid":{"rendered":"https:\/\/www.grupnexus.com\/?page_id=17961\/"},"modified":"2022-11-29T12:48:15","modified_gmt":"2022-11-29T10:48:15","slug":"dietetica-y-nutricion","status":"publish","type":"page","link":"https:\/\/grupnexus.com\/es\/tratamientos\/dietetica-y-nutricion\/","title":{"rendered":"Diet\u00e9tica y Nutrici\u00f3n"},"content":{"rendered":"<div class=\"row \"><div class=\"wpv-grid grid-3-4  wpv-first-level first unextended\" style=\"padding-top:0px;padding-bottom:0px\" id=\"wpv-column-228725517710eef0113d4304f845d59b\" >\t\t<h2 class=\"text-divider-double\">\t\t\t\nDiet\u00e9tica i nutrici\u00f3n\t\t<\/h2>\t\t<div class=\"sep\"><\/div>\t<\/div>\n<div class=\"wpv-grid grid-1-4  wpv-first-level unextended\" style=\"padding-top:0px;padding-bottom:0px\" id=\"wpv-column-72cc4a8cffc67e6f68bb6e25da47fd15\" ><div class=\"push\" style='height:44px'><\/div>\n<!-- Widget Shortcode --><div id=\"search-11\" class=\"widget widget_search widget-shortcode area-wpv_sidebar-tractament-est-facial-cat-left \"><form role=\"search\" method=\"get\" class=\"searchform clearfix\" action=\"https:\/\/grupnexus.com\/es\/\">\n\t<label for=\"search-text-widget\" class=\"visuallyhidden\">Search for:<\/label>\n\t<input id=\"search-text-widget\" type=\"text\" value=\"\" name=\"s\" placeholder=\"Buscar\" required=\"required\" \/>\n\t<input type=\"submit\" value=\"Buscar\" \/>\n\t\t\t<input type=\"hidden\" name=\"lang\" value=\"es\"\/>\n\t<\/form><\/div><!-- \/Widget Shortcode --><\/div><\/div>\n<div class=\"row \"><div class=\"wpv-grid grid-1-1  wpv-first-level first unextended\" style=\"padding-top:0px;padding-bottom:0px\" id=\"wpv-column-c1319e754fe4a2bac14b471f1c9611c2\" ><div class=\"row \"><div class=\"wpv-grid grid-1-3  first unextended\" style=\"padding-top:0px;padding-bottom:0px\" id=\"wpv-column-cde7693cea04ac691639341a266bf577\" ><div class=\"services clearfix fullimage has-image no-icon has-button \" style=\"text-align:center;\">\n\t<div class=\"services-inside\">\n\t\t\t\t\t\t\t\t\t<div class=\"thumbnail\">\n\t\t\t\t\t\t\t\t\t\t\t<a href=\"\/es\/tratamientos\/dietetica-y-nutricion\/programas-personalizados\" title=\"PROGRAMAS PERSONALIZADOS\" class=\"has-border\">\n\t\t\t\t\t\t\t\t\t\t\t\t\t\t\t\t\t\t<img width=\"377\" height=\"229\" src=\"https:\/\/grupnexus.com\/wp-content\/uploads\/2018\/10\/nexus-programes-personalitzats.jpg\" class=\"attachment-full size-full\" alt=\"\" loading=\"lazy\" srcset=\"https:\/\/grupnexus.com\/wp-content\/uploads\/2018\/10\/nexus-programes-personalitzats.jpg 377w, https:\/\/grupnexus.com\/wp-content\/uploads\/2018\/10\/nexus-programes-personalitzats-300x182.jpg 300w, https:\/\/grupnexus.com\/wp-content\/uploads\/2018\/10\/nexus-programes-personalitzats-360x219.jpg 360w, https:\/\/grupnexus.com\/wp-content\/uploads\/2018\/10\/nexus-programes-personalitzats-262x159.jpg 262w\" sizes=\"(max-width: 377px) 100vw, 377px\" \/>\t\t\t\t\t\t\t\t\t\t\t\t\t\t\t\t\t<\/a>\n\t\t\t\t\t\t\t\t\t<\/div>\n\t\t\t\t\t\t\t\t\t\t\t\t\t\t<h3 class=\"services-title\">\n\t\t\t\t\t\t\t\t\t<a href=\"\/es\/tratamientos\/dietetica-y-nutricion\/programas-personalizados\" title=\"PROGRAMAS PERSONALIZADOS\">PROGRAMAS PERSONALIZADOS<\/a>\n\t\t\t\t\t\t\t<\/h3>\n\t\t\t\t\t\t\t<div class=\"services-content\">\n<\/div>\n\t\t\t\t\t<\/div>\n<\/div>\n<\/div>\n<div class=\"wpv-grid grid-1-3  unextended\" style=\"padding-top:0px;padding-bottom:0px\" id=\"wpv-column-067d1ea221032adebfe30b272c9c5f9c\" ><div class=\"services clearfix fullimage has-image no-icon has-button \" style=\"text-align:center;\">\n\t<div class=\"services-inside\">\n\t\t\t\t\t\t\t\t\t<div class=\"thumbnail\">\n\t\t\t\t\t\t\t\t\t\t\t<a href=\"\/es\/tratamientos\/dietetica-y-nutricion\/estudios-previos\" title=\"ESTUDIOS PREVIOS\" class=\"has-border\">\n\t\t\t\t\t\t\t\t\t\t\t\t\t\t\t\t\t\t<img width=\"377\" height=\"229\" src=\"https:\/\/grupnexus.com\/wp-content\/uploads\/2018\/10\/estudis-previs.jpg\" class=\"attachment-full size-full\" alt=\"\" loading=\"lazy\" srcset=\"https:\/\/grupnexus.com\/wp-content\/uploads\/2018\/10\/estudis-previs.jpg 377w, https:\/\/grupnexus.com\/wp-content\/uploads\/2018\/10\/estudis-previs-300x182.jpg 300w, https:\/\/grupnexus.com\/wp-content\/uploads\/2018\/10\/estudis-previs-360x219.jpg 360w, https:\/\/grupnexus.com\/wp-content\/uploads\/2018\/10\/estudis-previs-262x159.jpg 262w\" sizes=\"(max-width: 377px) 100vw, 377px\" \/>\t\t\t\t\t\t\t\t\t\t\t\t\t\t\t\t\t<\/a>\n\t\t\t\t\t\t\t\t\t<\/div>\n\t\t\t\t\t\t\t\t\t\t\t\t\t\t<h3 class=\"services-title\">\n\t\t\t\t\t\t\t\t\t<a href=\"\/es\/tratamientos\/dietetica-y-nutricion\/estudios-previos\" title=\"ESTUDIOS PREVIOS\">ESTUDIOS PREVIOS<\/a>\n\t\t\t\t\t\t\t<\/h3>\n\t\t\t\t\t\t\t<div class=\"services-content\">\n<\/div>\n\t\t\t\t\t<\/div>\n<\/div>\n<\/div>\n<div class=\"wpv-grid grid-1-3  unextended\" style=\"padding-top:0px;padding-bottom:0px\" id=\"wpv-column-01ef2077ec89b01701693ebe9907f7d6\" ><div class=\"services clearfix fullimage has-image no-icon has-button \" style=\"text-align:center;\">\n\t<div class=\"services-inside\">\n\t\t\t\t\t\t\t\t\t<div class=\"thumbnail\">\n\t\t\t\t\t\t\t\t\t\t\t<a href=\"\/es\/tratamientos\/dietetica-y-nutricion\/tratamientos-360\" title=\"TRATAMIENTOS 360\u00ba PERSONALIZADOS\" class=\"has-border\">\n\t\t\t\t\t\t\t\t\t\t\t\t\t\t\t\t\t\t<img width=\"377\" height=\"229\" src=\"https:\/\/grupnexus.com\/wp-content\/uploads\/2018\/10\/nexus-tractaments-360.jpg\" class=\"attachment-full size-full\" alt=\"\" loading=\"lazy\" srcset=\"https:\/\/grupnexus.com\/wp-content\/uploads\/2018\/10\/nexus-tractaments-360.jpg 377w, https:\/\/grupnexus.com\/wp-content\/uploads\/2018\/10\/nexus-tractaments-360-300x182.jpg 300w, https:\/\/grupnexus.com\/wp-content\/uploads\/2018\/10\/nexus-tractaments-360-360x219.jpg 360w, https:\/\/grupnexus.com\/wp-content\/uploads\/2018\/10\/nexus-tractaments-360-262x159.jpg 262w\" sizes=\"(max-width: 377px) 100vw, 377px\" \/>\t\t\t\t\t\t\t\t\t\t\t\t\t\t\t\t\t<\/a>\n\t\t\t\t\t\t\t\t\t<\/div>\n\t\t\t\t\t\t\t\t\t\t\t\t\t\t<h3 class=\"services-title\">\n\t\t\t\t\t\t\t\t\t<a href=\"\/es\/tratamientos\/dietetica-y-nutricion\/tratamientos-360\" title=\"TRATAMIENTOS 360\u00ba PERSONALIZADOS\">TRATAMIENTOS 360\u00ba PERSONALIZADOS<\/a>\n\t\t\t\t\t\t\t<\/h3>\n\t\t\t\t\t\t\t<div class=\"services-content\">\n<\/div>\n\t\t\t\t\t<\/div>\n<\/div>\n<\/div><\/div>\n<div class=\"row \"><div class=\"wpv-grid grid-1-3  first unextended\" style=\"padding-top:0px;padding-bottom:0px\" id=\"wpv-column-6cb79da974e209d62bc5188d644cd4f4\" ><div class=\"services clearfix fullimage has-image no-icon has-button \" style=\"text-align:center;\">\n\t<div class=\"services-inside\">\n\t\t\t\t\t\t\t\t\t<div class=\"thumbnail\">\n\t\t\t\t\t\t\t\t\t\t\t<a href=\"\/es\/tratamientos\/dietetica-y-nutricion\/pronokal\" title=\"PRONOKAL\" class=\"has-border\">\n\t\t\t\t\t\t\t\t\t\t\t\t\t\t\t\t\t\t<img width=\"377\" height=\"229\" src=\"https:\/\/grupnexus.com\/wp-content\/uploads\/2019\/05\/pronokal-nexus.jpg\" class=\"attachment-full size-full\" alt=\"\" loading=\"lazy\" srcset=\"https:\/\/grupnexus.com\/wp-content\/uploads\/2019\/05\/pronokal-nexus.jpg 377w, https:\/\/grupnexus.com\/wp-content\/uploads\/2019\/05\/pronokal-nexus-300x182.jpg 300w, https:\/\/grupnexus.com\/wp-content\/uploads\/2019\/05\/pronokal-nexus-360x219.jpg 360w, https:\/\/grupnexus.com\/wp-content\/uploads\/2019\/05\/pronokal-nexus-262x159.jpg 262w\" sizes=\"(max-width: 377px) 100vw, 377px\" \/>\t\t\t\t\t\t\t\t\t\t\t\t\t\t\t\t\t<\/a>\n\t\t\t\t\t\t\t\t\t<\/div>\n\t\t\t\t\t\t\t\t\t\t\t\t\t\t<h3 class=\"services-title\">\n\t\t\t\t\t\t\t\t\t<a href=\"\/es\/tratamientos\/dietetica-y-nutricion\/pronokal\" title=\"PRONOKAL\">PRONOKAL<\/a>\n\t\t\t\t\t\t\t<\/h3>\n\t\t\t\t\t\t\t<div class=\"services-content\">\n<\/div>\n\t\t\t\t\t<\/div>\n<\/div>\n<\/div>\n<div class=\"wpv-grid grid-1-3  unextended\" style=\"padding-top:0px;padding-bottom:0px\" id=\"wpv-column-6019a420ace4ca4d03d4421dbb0c0aff\" ><div class=\"services clearfix fullimage has-image no-icon has-button \" style=\"text-align:center;\">\n\t<div class=\"services-inside\">\n\t\t\t\t\t\t\t\t\t<div class=\"thumbnail\">\n\t\t\t\t\t\t\t\t\t\t\t<a href=\"\/es\/tratamientos\/dietetica-y-nutricion\/lipodieta\" title=\"LIPODIETA\" class=\"has-border\">\n\t\t\t\t\t\t\t\t\t\t\t\t\t\t\t\t\t\t<img width=\"377\" height=\"229\" src=\"https:\/\/grupnexus.com\/wp-content\/uploads\/2019\/01\/lipodiet.jpg\" class=\"attachment-full size-full\" alt=\"\" loading=\"lazy\" srcset=\"https:\/\/grupnexus.com\/wp-content\/uploads\/2019\/01\/lipodiet.jpg 377w, https:\/\/grupnexus.com\/wp-content\/uploads\/2019\/01\/lipodiet-300x182.jpg 300w, https:\/\/grupnexus.com\/wp-content\/uploads\/2019\/01\/lipodiet-360x219.jpg 360w, https:\/\/grupnexus.com\/wp-content\/uploads\/2019\/01\/lipodiet-262x159.jpg 262w\" sizes=\"(max-width: 377px) 100vw, 377px\" \/>\t\t\t\t\t\t\t\t\t\t\t\t\t\t\t\t\t<\/a>\n\t\t\t\t\t\t\t\t\t<\/div>\n\t\t\t\t\t\t\t\t\t\t\t\t\t\t<h3 class=\"services-title\">\n\t\t\t\t\t\t\t\t\t<a href=\"\/es\/tratamientos\/dietetica-y-nutricion\/lipodieta\" title=\"LIPODIETA\">LIPODIETA<\/a>\n\t\t\t\t\t\t\t<\/h3>\n\t\t\t\t\t\t\t<div class=\"services-content\">\n<\/div>\n\t\t\t\t\t<\/div>\n<\/div>\n<\/div>\n<div class=\"wpv-grid grid-1-3  unextended\" style=\"padding-top:0px;padding-bottom:0px\" id=\"wpv-column-e11d138dc97efe48a7c37c5e062d83be\" ><div class=\"services clearfix fullimage has-image no-icon has-button \" style=\"text-align:center;\">\n\t<div class=\"services-inside\">\n\t\t\t\t\t\t\t\t\t<div class=\"thumbnail\">\n\t\t\t\t\t\t\t\t\t\t\t<a href=\"\/es\/tratamientos\/dietetica-y-nutricion\/programa-integral-de-adelgazamiento-y-mejora-fisica-en-6-meses\/\" title=\"PROGRAMA INTEGRAL DE ADELGAZAMIENTO Y MEJORA F\u00cdSICA EN 6 MESES\" class=\"has-border\">\n\t\t\t\t\t\t\t\t\t\t\t\t\t\t\t\t\t\t<img width=\"377\" height=\"229\" src=\"https:\/\/grupnexus.com\/wp-content\/uploads\/2021\/01\/TRATAMIENTOS-6MESES-1.jpg\" class=\"attachment-full size-full\" alt=\"\" loading=\"lazy\" srcset=\"https:\/\/grupnexus.com\/wp-content\/uploads\/2021\/01\/TRATAMIENTOS-6MESES-1.jpg 377w, https:\/\/grupnexus.com\/wp-content\/uploads\/2021\/01\/TRATAMIENTOS-6MESES-1-300x182.jpg 300w, https:\/\/grupnexus.com\/wp-content\/uploads\/2021\/01\/TRATAMIENTOS-6MESES-1-292x177.jpg 292w\" sizes=\"(max-width: 377px) 100vw, 377px\" \/>\t\t\t\t\t\t\t\t\t\t\t\t\t\t\t\t\t<\/a>\n\t\t\t\t\t\t\t\t\t<\/div>\n\t\t\t\t\t\t\t\t\t\t\t\t\t\t<h3 class=\"services-title\">\n\t\t\t\t\t\t\t\t\t<a href=\"\/es\/tratamientos\/dietetica-y-nutricion\/programa-integral-de-adelgazamiento-y-mejora-fisica-en-6-meses\/\" title=\"PROGRAMA INTEGRAL DE ADELGAZAMIENTO Y MEJORA F\u00cdSICA EN 6 MESES\">PROGRAMA INTEGRAL DE ADELGAZAMIENTO Y MEJORA F\u00cdSICA EN 6 MESES<\/a>\n\t\t\t\t\t\t\t<\/h3>\n\t\t\t\t\t\t\t<div class=\"services-content\">\n<\/div>\n\t\t\t\t\t<\/div>\n<\/div>\n<\/div><\/div><\/div><\/div>\n<div class=\"sep\"><\/div>\n<div class=\"row \"><div class=\"wpv-grid grid-1-1  wpv-first-level first unextended\" style=\"padding-top:0px;padding-bottom:0px\" id=\"wpv-column-e830c23ea0a96c3e087c6339b03e68dd\" ><p><strong><span class=\"buscar\">Potser estava buscant:<\/span><\/strong><br \/>\n<span class=\"paraules\">Centre aprimament Lleida, tractament aprimament Lleida, dieta m\u00e8dica Lleida, millor dieta aprimament Lleida, diet\u00e8tica i nutrici\u00f3 Lleida, Dieta personalitzada Lleida, perdre pes Lleida, Pronokal Lleida, estudi metab\u00f2lic Lleida<\/span><\/div><\/div>\n","protected":false},"excerpt":{"rendered":"<p>Potser estava buscant: Centre aprimament Lleida, tractament aprimament Lleida, dieta m\u00e8dica Lleida, millor dieta aprimament Lleida, diet\u00e8tica i nutrici\u00f3 Lleida, Dieta personalitzada Lleida, perdre pes Lleida, Pronokal Lleida, estudi metab\u00f2lic Lleida<\/p>\n","protected":false},"author":6,"featured_media":0,"parent":1021,"menu_order":0,"comment_status":"closed","ping_status":"closed","template":"","meta":[],"yoast_head":"<!-- This site is optimized with the Yoast SEO plugin v18.6 - https:\/\/yoast.com\/wordpress\/plugins\/seo\/ -->\n<title>Tratamientos de adelgazamiento Lleida<\/title>\n<meta name=\"description\" content=\"Programas diet\u00e9ticos personalizados para conseguir los resultados deseados. Nexus es centro autorizado Pronokal.\" \/>\n<meta name=\"robots\" content=\"index, follow, max-snippet:-1, max-image-preview:large, max-video-preview:-1\" \/>\n<link rel=\"canonical\" href=\"https:\/\/grupnexus.com\/es\/tratamientos\/dietetica-y-nutricion\/\" \/>\n<meta property=\"og:locale\" content=\"es_ES\" \/>\n<meta property=\"og:type\" content=\"article\" \/>\n<meta property=\"og:title\" content=\"Tratamientos de adelgazamiento Lleida\" \/>\n<meta property=\"og:description\" content=\"Programas diet\u00e9ticos personalizados para conseguir los resultados deseados. Nexus es centro autorizado Pronokal.\" \/>\n<meta property=\"og:url\" content=\"https:\/\/grupnexus.com\/es\/tratamientos\/dietetica-y-nutricion\/\" \/>\n<meta property=\"og:site_name\" content=\"Cl\u00ednica Nexus\" \/>\n<meta property=\"article:modified_time\" content=\"2022-11-29T10:48:15+00:00\" \/>\n<meta name=\"twitter:card\" content=\"summary\" \/>\n<meta name=\"twitter:label1\" content=\"Tiempo de lectura\" \/>\n\t<meta name=\"twitter:data1\" content=\"3 minutos\" \/>\n<script type=\"application\/ld+json\" class=\"yoast-schema-graph\">{\"@context\":\"https:\/\/schema.org\",\"@graph\":[{\"@type\":\"WebSite\",\"@id\":\"https:\/\/grupnexus.com\/es\/#website\",\"url\":\"https:\/\/grupnexus.com\/es\/\",\"name\":\"Cl\u00ednica Nexus\",\"description\":\"L\u00edders en Medicina Est\u00e8tica Avan\u00e7ada\",\"potentialAction\":[{\"@type\":\"SearchAction\",\"target\":{\"@type\":\"EntryPoint\",\"urlTemplate\":\"https:\/\/grupnexus.com\/es\/?s={search_term_string}\"},\"query-input\":\"required name=search_term_string\"}],\"inLanguage\":\"es\"},{\"@type\":\"WebPage\",\"@id\":\"https:\/\/grupnexus.com\/es\/tratamientos\/dietetica-y-nutricion\/#webpage\",\"url\":\"https:\/\/grupnexus.com\/es\/tratamientos\/dietetica-y-nutricion\/\",\"name\":\"Tratamientos de adelgazamiento Lleida\",\"isPartOf\":{\"@id\":\"https:\/\/grupnexus.com\/es\/#website\"},\"datePublished\":\"2018-10-10T07:16:57+00:00\",\"dateModified\":\"2022-11-29T10:48:15+00:00\",\"description\":\"Programas diet\u00e9ticos personalizados para conseguir los resultados deseados. Nexus es centro autorizado Pronokal.\",\"breadcrumb\":{\"@id\":\"https:\/\/grupnexus.com\/es\/tratamientos\/dietetica-y-nutricion\/#breadcrumb\"},\"inLanguage\":\"es\",\"potentialAction\":[{\"@type\":\"ReadAction\",\"target\":[\"https:\/\/grupnexus.com\/es\/tratamientos\/dietetica-y-nutricion\/\"]}]},{\"@type\":\"BreadcrumbList\",\"@id\":\"https:\/\/grupnexus.com\/es\/tratamientos\/dietetica-y-nutricion\/#breadcrumb\",\"itemListElement\":[{\"@type\":\"ListItem\",\"position\":1,\"name\":\"Portada\",\"item\":\"https:\/\/grupnexus.com\/es\/\"},{\"@type\":\"ListItem\",\"position\":2,\"name\":\"Tratamientos\",\"item\":\"https:\/\/grupnexus.com\/es\/tratamientos\/\"},{\"@type\":\"ListItem\",\"position\":3,\"name\":\"Diet\u00e9tica y Nutrici\u00f3n\"}]}]}<\/script>\n<!-- \/ Yoast SEO plugin. -->","yoast_head_json":{"title":"Tratamientos de adelgazamiento Lleida","description":"Programas diet\u00e9ticos personalizados para conseguir los resultados deseados. Nexus es centro autorizado Pronokal.","robots":{"index":"index","follow":"follow","max-snippet":"max-snippet:-1","max-image-preview":"max-image-preview:large","max-video-preview":"max-video-preview:-1"},"canonical":"https:\/\/grupnexus.com\/es\/tratamientos\/dietetica-y-nutricion\/","og_locale":"es_ES","og_type":"article","og_title":"Tratamientos de adelgazamiento Lleida","og_description":"Programas diet\u00e9ticos personalizados para conseguir los resultados deseados. Nexus es centro autorizado Pronokal.","og_url":"https:\/\/grupnexus.com\/es\/tratamientos\/dietetica-y-nutricion\/","og_site_name":"Cl\u00ednica Nexus","article_modified_time":"2022-11-29T10:48:15+00:00","twitter_card":"summary","twitter_misc":{"Tiempo de lectura":"3 minutos"},"schema":{"@context":"https:\/\/schema.org","@graph":[{"@type":"WebSite","@id":"https:\/\/grupnexus.com\/es\/#website","url":"https:\/\/grupnexus.com\/es\/","name":"Cl\u00ednica Nexus","description":"L\u00edders en Medicina Est\u00e8tica Avan\u00e7ada","potentialAction":[{"@type":"SearchAction","target":{"@type":"EntryPoint","urlTemplate":"https:\/\/grupnexus.com\/es\/?s={search_term_string}"},"query-input":"required name=search_term_string"}],"inLanguage":"es"},{"@type":"WebPage","@id":"https:\/\/grupnexus.com\/es\/tratamientos\/dietetica-y-nutricion\/#webpage","url":"https:\/\/grupnexus.com\/es\/tratamientos\/dietetica-y-nutricion\/","name":"Tratamientos de adelgazamiento Lleida","isPartOf":{"@id":"https:\/\/grupnexus.com\/es\/#website"},"datePublished":"2018-10-10T07:16:57+00:00","dateModified":"2022-11-29T10:48:15+00:00","description":"Programas diet\u00e9ticos personalizados para conseguir los resultados deseados. Nexus es centro autorizado Pronokal.","breadcrumb":{"@id":"https:\/\/grupnexus.com\/es\/tratamientos\/dietetica-y-nutricion\/#breadcrumb"},"inLanguage":"es","potentialAction":[{"@type":"ReadAction","target":["https:\/\/grupnexus.com\/es\/tratamientos\/dietetica-y-nutricion\/"]}]},{"@type":"BreadcrumbList","@id":"https:\/\/grupnexus.com\/es\/tratamientos\/dietetica-y-nutricion\/#breadcrumb","itemListElement":[{"@type":"ListItem","position":1,"name":"Portada","item":"https:\/\/grupnexus.com\/es\/"},{"@type":"ListItem","position":2,"name":"Tratamientos","item":"https:\/\/grupnexus.com\/es\/tratamientos\/"},{"@type":"ListItem","position":3,"name":"Diet\u00e9tica y Nutrici\u00f3n"}]}]}},"_links":{"self":[{"href":"https:\/\/grupnexus.com\/es\/wp-json\/wp\/v2\/pages\/17961"}],"collection":[{"href":"https:\/\/grupnexus.com\/es\/wp-json\/wp\/v2\/pages"}],"about":[{"href":"https:\/\/grupnexus.com\/es\/wp-json\/wp\/v2\/types\/page"}],"author":[{"embeddable":true,"href":"https:\/\/grupnexus.com\/es\/wp-json\/wp\/v2\/users\/6"}],"replies":[{"embeddable":true,"href":"https:\/\/grupnexus.com\/es\/wp-json\/wp\/v2\/comments?post=17961"}],"version-history":[{"count":17,"href":"https:\/\/grupnexus.com\/es\/wp-json\/wp\/v2\/pages\/17961\/revisions"}],"predecessor-version":[{"id":46505,"href":"https:\/\/grupnexus.com\/es\/wp-json\/wp\/v2\/pages\/17961\/revisions\/46505"}],"up":[{"embeddable":true,"href":"https:\/\/grupnexus.com\/es\/wp-json\/wp\/v2\/pages\/1021"}],"wp:attachment":[{"href":"https:\/\/grupnexus.com\/es\/wp-json\/wp\/v2\/media?parent=17961"}],"curies":[{"name":"wp","href":"https:\/\/api.w.org\/{rel}","templated":true}]}}