{"id":19551,"date":"2018-12-13T16:24:11","date_gmt":"2018-12-13T14:24:11","guid":{"rendered":"https:\/\/www.grupnexus.com\/?page_id=19551\/"},"modified":"2021-04-14T09:42:28","modified_gmt":"2021-04-14T07:42:28","slug":"tarjeta-regalo","status":"publish","type":"page","link":"https:\/\/grupnexus.com\/es\/servicios-al-cliente\/tarjeta-regalo\/","title":{"rendered":"Tarjeta Regalo"},"content":{"rendered":"<div class=\"row \"><div class=\"wpv-grid grid-3-4  wpv-first-level first unextended\" style=\"padding-top:0px;padding-bottom:0px\" id=\"wpv-column-99af69aaef70cf8138853871b673375b\" >\t\t<h2 class=\"text-divider-double\">\t\t\t\nTarjeta Regalo\t\t<\/h2>\t\t<div class=\"sep\"><\/div>\t<\/div>\n<div class=\"wpv-grid grid-1-4  wpv-first-level unextended\" style=\"padding-top:0px;padding-bottom:0px\" id=\"wpv-column-8217ad667a9ca6987c577c795557095a\" ><div class=\"push\" style='height:44px'><\/div>\n<!-- Widget Shortcode --><div id=\"search-11\" class=\"widget widget_search widget-shortcode area-wpv_sidebar-tractament-est-facial-cat-left \"><form role=\"search\" method=\"get\" class=\"searchform clearfix\" action=\"https:\/\/grupnexus.com\/es\/\">\n\t<label for=\"search-text-widget\" class=\"visuallyhidden\">Search for:<\/label>\n\t<input id=\"search-text-widget\" type=\"text\" value=\"\" name=\"s\" placeholder=\"Buscar\" required=\"required\" \/>\n\t<input type=\"submit\" value=\"Buscar\" \/>\n\t\t\t<input type=\"hidden\" name=\"lang\" value=\"es\"\/>\n\t<\/form><\/div><!-- \/Widget Shortcode --><\/div><\/div>\n<div class=\"row \"><div class=\"wpv-grid grid-1-1  wpv-first-level first unextended\" style=\"padding-top:0px;padding-bottom:0px\" id=\"wpv-column-22062ea8c2adacbc2f5cf53afe1bd7fb\" ><div class=\"row \"><div class=\"wpv-grid grid-1-1  first unextended\" style=\"padding-top:0px;padding-bottom:0px\" id=\"wpv-column-2c49d4f779e9cdeab75fb4143419b5c0\" ><h2 style=\"text-align: center;\"><strong>\u00a1EL PLACER DEL BIENESTAR!<\/strong><\/h2>\n<div class=\"row \"><div class=\"wpv-grid grid-1-2  first unextended\" style=\"padding-top:0px;padding-bottom:0px\" id=\"wpv-column-799f6e1e1c57deef3cb233b9faed2470\" ><p style=\"text-align: left;\">La tarjeta regalo Nexus es elegante, unisex y un verdadero lujo para quien la recibe<\/p>\n<p>Elige entre los tratamientos faciales, corporales o wellnes que te proponemos<\/p>\n<p>O personal\u00edzala con un tratamiento espec\u00edfico o un importe<\/p>\n<p>Os aconsejaremos de manera personalizada y adapt\u00e1ndonos a las necesidades y la forma m\u00e1s \u00f3ptima de utilizaci\u00f3n de quien recibe la tarjeta.<\/p>\n<p>En caso de que el regalo sea un tratamiento m\u00e9dico, siempre se realizar\u00e1 un diagn\u00f3stico previo por parte del especialista, quien determinar\u00e1 la idoneidad del tratamiento y la forma de realizarlo, o propondr\u00e1 el m\u00e1s adecuado<\/div>\n<div class=\"wpv-grid grid-1-2  unextended\" style=\"padding-top:0px;padding-bottom:0px\" id=\"wpv-column-a70a63e39411fd4f69ef236acc249552\" ><p>El importe regalado es canjeable por cualquier tratamiento o productos de nuestra Cl\u00ednica<\/p>\n<p>Tambi\u00e9n puede ser utilizada para abonar parte de un tratamiento de mayor importe que la Tarjeta Regalo<\/p>\n<p>La Tarjeta puede usarse tantas veces como se desee hasta que se agote el importe total por el que ha sido emitida<\/p>\n<p>Pueden incluirse tratamientos en promoci\u00f3n<\/p>\n<p>El importe de la Tarjeta no podr\u00e1 reembolsarse ni cambiarse por dinero.<\/div><\/div>\n<h3 style=\"text-align: center;\"><strong>\u00a1Sin duda, el mejor regalo que puedes hacerle!<\/strong><\/h3>\n<div class=\"push\" style='height:20px'><\/div>\n<p><img loading=\"lazy\" class=\"aligncenter wp-image-25389 size-large\" src=\"https:\/\/grupnexus.com\/wp-content\/uploads\/2018\/12\/tarja-regal-1024x683.jpg\" alt=\"\" width=\"1024\" height=\"683\" srcset=\"https:\/\/grupnexus.com\/wp-content\/uploads\/2018\/12\/tarja-regal-1024x683.jpg 1024w, https:\/\/grupnexus.com\/wp-content\/uploads\/2018\/12\/tarja-regal-510x340.jpg 510w, https:\/\/grupnexus.com\/wp-content\/uploads\/2018\/12\/tarja-regal-300x200.jpg 300w, https:\/\/grupnexus.com\/wp-content\/uploads\/2018\/12\/tarja-regal-768x512.jpg 768w, https:\/\/grupnexus.com\/wp-content\/uploads\/2018\/12\/tarja-regal-1140x760.jpg 1140w, https:\/\/grupnexus.com\/wp-content\/uploads\/2018\/12\/tarja-regal-555x370.jpg 555w, https:\/\/grupnexus.com\/wp-content\/uploads\/2018\/12\/tarja-regal-360x240.jpg 360w, https:\/\/grupnexus.com\/wp-content\/uploads\/2018\/12\/tarja-regal-262x175.jpg 262w, https:\/\/grupnexus.com\/wp-content\/uploads\/2018\/12\/tarja-regal.jpg 1151w\" sizes=\"(max-width: 1024px) 100vw, 1024px\" \/><\/div><\/div><\/div><\/div>\n<div class=\"sep\"><\/div>\n","protected":false},"excerpt":{"rendered":"<p>\u00a1EL PLACER DEL BIENESTAR! La tarjeta regalo Nexus es elegante, unisex y un verdadero lujo para quien la recibe Elige entre los tratamientos faciales, corporales o wellnes que te proponemos O personal\u00edzala con un tratamiento espec\u00edfico o un importe Os aconsejaremos de manera personalizada y adapt\u00e1ndonos a las necesidades y la forma m\u00e1s \u00f3ptima de&#8230;<\/p>\n","protected":false},"author":6,"featured_media":0,"parent":8988,"menu_order":0,"comment_status":"closed","ping_status":"closed","template":"","meta":[],"yoast_head":"<!-- This site is optimized with the Yoast SEO plugin v18.6 - https:\/\/yoast.com\/wordpress\/plugins\/seo\/ -->\n<title>Tarjeta Regalo de Nexus<\/title>\n<meta name=\"description\" content=\"En Nexus trabajamos con tecnolog\u00eda de vanguardia para remodelar tu cuerpo. Venta de alta cosm\u00e9tica.\" \/>\n<meta name=\"robots\" content=\"index, follow, max-snippet:-1, max-image-preview:large, max-video-preview:-1\" \/>\n<link rel=\"canonical\" href=\"https:\/\/grupnexus.com\/es\/servicios-al-cliente\/tarjeta-regalo\/\" \/>\n<meta property=\"og:locale\" content=\"es_ES\" \/>\n<meta property=\"og:type\" content=\"article\" \/>\n<meta property=\"og:title\" content=\"Tarjeta Regalo de Nexus\" \/>\n<meta property=\"og:description\" content=\"En Nexus trabajamos con tecnolog\u00eda de vanguardia para remodelar tu cuerpo. Venta de alta cosm\u00e9tica.\" \/>\n<meta property=\"og:url\" content=\"https:\/\/grupnexus.com\/es\/servicios-al-cliente\/tarjeta-regalo\/\" \/>\n<meta property=\"og:site_name\" content=\"Cl\u00ednica Nexus\" \/>\n<meta property=\"article:modified_time\" content=\"2021-04-14T07:42:28+00:00\" \/>\n<meta property=\"og:image\" content=\"https:\/\/grupnexus.com\/wp-content\/uploads\/2018\/12\/tarja-regal-1024x683.jpg\" \/>\n<meta name=\"twitter:card\" content=\"summary\" \/>\n<meta name=\"twitter:label1\" content=\"Tiempo de lectura\" \/>\n\t<meta name=\"twitter:data1\" content=\"2 minutos\" \/>\n<script type=\"application\/ld+json\" class=\"yoast-schema-graph\">{\"@context\":\"https:\/\/schema.org\",\"@graph\":[{\"@type\":\"WebSite\",\"@id\":\"https:\/\/grupnexus.com\/es\/#website\",\"url\":\"https:\/\/grupnexus.com\/es\/\",\"name\":\"Cl\u00ednica Nexus\",\"description\":\"L\u00edders en Medicina Est\u00e8tica Avan\u00e7ada\",\"potentialAction\":[{\"@type\":\"SearchAction\",\"target\":{\"@type\":\"EntryPoint\",\"urlTemplate\":\"https:\/\/grupnexus.com\/es\/?s={search_term_string}\"},\"query-input\":\"required name=search_term_string\"}],\"inLanguage\":\"es\"},{\"@type\":\"ImageObject\",\"@id\":\"https:\/\/grupnexus.com\/es\/servicios-al-cliente\/tarjeta-regalo\/#primaryimage\",\"inLanguage\":\"es\",\"url\":\"https:\/\/grupnexus.com\/wp-content\/uploads\/2018\/12\/tarja-regal.jpg\",\"contentUrl\":\"https:\/\/grupnexus.com\/wp-content\/uploads\/2018\/12\/tarja-regal.jpg\",\"width\":1151,\"height\":768},{\"@type\":\"WebPage\",\"@id\":\"https:\/\/grupnexus.com\/es\/servicios-al-cliente\/tarjeta-regalo\/#webpage\",\"url\":\"https:\/\/grupnexus.com\/es\/servicios-al-cliente\/tarjeta-regalo\/\",\"name\":\"Tarjeta Regalo de Nexus\",\"isPartOf\":{\"@id\":\"https:\/\/grupnexus.com\/es\/#website\"},\"primaryImageOfPage\":{\"@id\":\"https:\/\/grupnexus.com\/es\/servicios-al-cliente\/tarjeta-regalo\/#primaryimage\"},\"datePublished\":\"2018-12-13T14:24:11+00:00\",\"dateModified\":\"2021-04-14T07:42:28+00:00\",\"description\":\"En Nexus trabajamos con tecnolog\u00eda de vanguardia para remodelar tu cuerpo. Venta de alta cosm\u00e9tica.\",\"breadcrumb\":{\"@id\":\"https:\/\/grupnexus.com\/es\/servicios-al-cliente\/tarjeta-regalo\/#breadcrumb\"},\"inLanguage\":\"es\",\"potentialAction\":[{\"@type\":\"ReadAction\",\"target\":[\"https:\/\/grupnexus.com\/es\/servicios-al-cliente\/tarjeta-regalo\/\"]}]},{\"@type\":\"BreadcrumbList\",\"@id\":\"https:\/\/grupnexus.com\/es\/servicios-al-cliente\/tarjeta-regalo\/#breadcrumb\",\"itemListElement\":[{\"@type\":\"ListItem\",\"position\":1,\"name\":\"Portada\",\"item\":\"https:\/\/grupnexus.com\/es\/\"},{\"@type\":\"ListItem\",\"position\":2,\"name\":\"Novedades, ofertas y promociones&#8230;\",\"item\":\"https:\/\/grupnexus.com\/es\/servicios-al-cliente\/\"},{\"@type\":\"ListItem\",\"position\":3,\"name\":\"Tarjeta Regalo\"}]}]}<\/script>\n<!-- \/ Yoast SEO plugin. -->","yoast_head_json":{"title":"Tarjeta Regalo de Nexus","description":"En Nexus trabajamos con tecnolog\u00eda de vanguardia para remodelar tu cuerpo. Venta de alta cosm\u00e9tica.","robots":{"index":"index","follow":"follow","max-snippet":"max-snippet:-1","max-image-preview":"max-image-preview:large","max-video-preview":"max-video-preview:-1"},"canonical":"https:\/\/grupnexus.com\/es\/servicios-al-cliente\/tarjeta-regalo\/","og_locale":"es_ES","og_type":"article","og_title":"Tarjeta Regalo de Nexus","og_description":"En Nexus trabajamos con tecnolog\u00eda de vanguardia para remodelar tu cuerpo. Venta de alta cosm\u00e9tica.","og_url":"https:\/\/grupnexus.com\/es\/servicios-al-cliente\/tarjeta-regalo\/","og_site_name":"Cl\u00ednica Nexus","article_modified_time":"2021-04-14T07:42:28+00:00","og_image":[{"url":"https:\/\/grupnexus.com\/wp-content\/uploads\/2018\/12\/tarja-regal-1024x683.jpg"}],"twitter_card":"summary","twitter_misc":{"Tiempo de lectura":"2 minutos"},"schema":{"@context":"https:\/\/schema.org","@graph":[{"@type":"WebSite","@id":"https:\/\/grupnexus.com\/es\/#website","url":"https:\/\/grupnexus.com\/es\/","name":"Cl\u00ednica Nexus","description":"L\u00edders en Medicina Est\u00e8tica Avan\u00e7ada","potentialAction":[{"@type":"SearchAction","target":{"@type":"EntryPoint","urlTemplate":"https:\/\/grupnexus.com\/es\/?s={search_term_string}"},"query-input":"required name=search_term_string"}],"inLanguage":"es"},{"@type":"ImageObject","@id":"https:\/\/grupnexus.com\/es\/servicios-al-cliente\/tarjeta-regalo\/#primaryimage","inLanguage":"es","url":"https:\/\/grupnexus.com\/wp-content\/uploads\/2018\/12\/tarja-regal.jpg","contentUrl":"https:\/\/grupnexus.com\/wp-content\/uploads\/2018\/12\/tarja-regal.jpg","width":1151,"height":768},{"@type":"WebPage","@id":"https:\/\/grupnexus.com\/es\/servicios-al-cliente\/tarjeta-regalo\/#webpage","url":"https:\/\/grupnexus.com\/es\/servicios-al-cliente\/tarjeta-regalo\/","name":"Tarjeta Regalo de Nexus","isPartOf":{"@id":"https:\/\/grupnexus.com\/es\/#website"},"primaryImageOfPage":{"@id":"https:\/\/grupnexus.com\/es\/servicios-al-cliente\/tarjeta-regalo\/#primaryimage"},"datePublished":"2018-12-13T14:24:11+00:00","dateModified":"2021-04-14T07:42:28+00:00","description":"En Nexus trabajamos con tecnolog\u00eda de vanguardia para remodelar tu cuerpo. Venta de alta cosm\u00e9tica.","breadcrumb":{"@id":"https:\/\/grupnexus.com\/es\/servicios-al-cliente\/tarjeta-regalo\/#breadcrumb"},"inLanguage":"es","potentialAction":[{"@type":"ReadAction","target":["https:\/\/grupnexus.com\/es\/servicios-al-cliente\/tarjeta-regalo\/"]}]},{"@type":"BreadcrumbList","@id":"https:\/\/grupnexus.com\/es\/servicios-al-cliente\/tarjeta-regalo\/#breadcrumb","itemListElement":[{"@type":"ListItem","position":1,"name":"Portada","item":"https:\/\/grupnexus.com\/es\/"},{"@type":"ListItem","position":2,"name":"Novedades, ofertas y promociones&#8230;","item":"https:\/\/grupnexus.com\/es\/servicios-al-cliente\/"},{"@type":"ListItem","position":3,"name":"Tarjeta Regalo"}]}]}},"_links":{"self":[{"href":"https:\/\/grupnexus.com\/es\/wp-json\/wp\/v2\/pages\/19551"}],"collection":[{"href":"https:\/\/grupnexus.com\/es\/wp-json\/wp\/v2\/pages"}],"about":[{"href":"https:\/\/grupnexus.com\/es\/wp-json\/wp\/v2\/types\/page"}],"author":[{"embeddable":true,"href":"https:\/\/grupnexus.com\/es\/wp-json\/wp\/v2\/users\/6"}],"replies":[{"embeddable":true,"href":"https:\/\/grupnexus.com\/es\/wp-json\/wp\/v2\/comments?post=19551"}],"version-history":[{"count":3,"href":"https:\/\/grupnexus.com\/es\/wp-json\/wp\/v2\/pages\/19551\/revisions"}],"predecessor-version":[{"id":19568,"href":"https:\/\/grupnexus.com\/es\/wp-json\/wp\/v2\/pages\/19551\/revisions\/19568"}],"up":[{"embeddable":true,"href":"https:\/\/grupnexus.com\/es\/wp-json\/wp\/v2\/pages\/8988"}],"wp:attachment":[{"href":"https:\/\/grupnexus.com\/es\/wp-json\/wp\/v2\/media?parent=19551"}],"curies":[{"name":"wp","href":"https:\/\/api.w.org\/{rel}","templated":true}]}}