{"id":20163,"date":"2019-01-04T13:40:25","date_gmt":"2019-01-04T11:40:25","guid":{"rendered":"https:\/\/www.grupnexus.com\/?page_id=20163\/"},"modified":"2019-01-04T13:40:25","modified_gmt":"2019-01-04T11:40:25","slug":"lipodieta","status":"publish","type":"page","link":"https:\/\/grupnexus.com\/es\/tratamientos\/dietetica-y-nutricion\/lipodieta\/","title":{"rendered":"LipoDieta"},"content":{"rendered":"<div class=\"row \"><div class=\"wpv-grid grid-3-4  wpv-first-level first unextended\" style=\"padding-top:0px;padding-bottom:0px\" id=\"wpv-column-8a16af1fcec2cc082641302a55fb745f\" >\t\t<h2 class=\"text-divider-double\">\t\t\t\nLipoDieta\t\t<\/h2>\t\t<div class=\"sep\"><\/div>\t<\/div>\n<div class=\"wpv-grid grid-1-4  wpv-first-level unextended\" style=\"padding-top:0px;padding-bottom:0px\" id=\"wpv-column-c22324aabb1eb868ea5d7f8363130a8a\" ><div class=\"push\" style='height:44px'><\/div>\n<!-- Widget Shortcode --><div id=\"search-11\" class=\"widget widget_search widget-shortcode area-wpv_sidebar-tractament-est-facial-cat-left \"><form role=\"search\" method=\"get\" class=\"searchform clearfix\" action=\"https:\/\/grupnexus.com\/es\/\">\n\t<label for=\"search-text-widget\" class=\"visuallyhidden\">Search for:<\/label>\n\t<input id=\"search-text-widget\" type=\"text\" value=\"\" name=\"s\" placeholder=\"Buscar\" required=\"required\" \/>\n\t<input type=\"submit\" value=\"Buscar\" \/>\n\t\t\t<input type=\"hidden\" name=\"lang\" value=\"es\"\/>\n\t<\/form><\/div><!-- \/Widget Shortcode --><\/div><\/div>\n<div class=\"row \"><div class=\"wpv-grid grid-1-4  wpv-first-level first unextended\" style=\"padding-top:0px;padding-bottom:0px\" id=\"wpv-column-379668c23163a3b0df055717a08a67d7\" ><!-- Widget Shortcode --><div id=\"nav_menu-31\" class=\"widget widget_nav_menu widget-shortcode area-wpv_sidebar-tractaments-diet-left \"><h2 class=\"widgettitle\">Diet\u00e8tica i Nutrici\u00f3<\/h2><div class=\"menu-tratamientos-diet-nutricion-es-container\"><ul id=\"menu-tratamientos-diet-nutricion-es\" class=\"menu\"><li id=\"menu-item-18032\" class=\"menu-item menu-item-type-post_type menu-item-object-page menu-item-18032\"><a href=\"https:\/\/grupnexus.com\/es\/tratamientos\/dietetica-y-nutricion\/programas-personalizados\/\">Programas Personalizados<\/a><\/li>\n<li id=\"menu-item-18031\" class=\"menu-item menu-item-type-post_type menu-item-object-page menu-item-18031\"><a href=\"https:\/\/grupnexus.com\/es\/tratamientos\/dietetica-y-nutricion\/estudios-previos\/\">Estudios Previos<\/a><\/li>\n<li id=\"menu-item-18030\" class=\"menu-item menu-item-type-post_type menu-item-object-page menu-item-18030\"><a href=\"https:\/\/grupnexus.com\/es\/tratamientos\/dietetica-y-nutricion\/tratamientos-360\/\">Tratamientos 360\u00ba<\/a><\/li>\n<li id=\"menu-item-18029\" class=\"menu-item menu-item-type-post_type menu-item-object-page menu-item-18029\"><a href=\"https:\/\/grupnexus.com\/es\/tratamientos\/dietetica-y-nutricion\/pronokal\/\">Pronokal<\/a><\/li>\n<li id=\"menu-item-20184\" class=\"menu-item menu-item-type-post_type menu-item-object-page menu-item-20184\"><a href=\"https:\/\/grupnexus.com\/es\/tratamientos\/dietetica-y-nutricion\/lipodieta\/\">LipoDieta<\/a><\/li>\n<\/ul><\/div><\/div><!-- \/Widget Shortcode --><\/div>\n<div class=\"wpv-grid grid-3-4  wpv-first-level unextended\" style=\"padding-top:0px;padding-bottom:0px\" id=\"wpv-column-f08b7aa0668870fbe476e9b4e36abc58\" ><p><img loading=\"lazy\" class=\"wp-image-20169 alignleft\" src=\"https:\/\/grupnexus.com\/wp-content\/uploads\/2019\/01\/lipodieta-1024x599.jpg\" alt=\"\" width=\"579\" height=\"339\" srcset=\"https:\/\/grupnexus.com\/wp-content\/uploads\/2019\/01\/lipodieta-1024x599.jpg 1024w, https:\/\/grupnexus.com\/wp-content\/uploads\/2019\/01\/lipodieta-510x298.jpg 510w, https:\/\/grupnexus.com\/wp-content\/uploads\/2019\/01\/lipodieta-300x176.jpg 300w, https:\/\/grupnexus.com\/wp-content\/uploads\/2019\/01\/lipodieta-768x449.jpg 768w, https:\/\/grupnexus.com\/wp-content\/uploads\/2019\/01\/lipodieta-1140x667.jpg 1140w, https:\/\/grupnexus.com\/wp-content\/uploads\/2019\/01\/lipodieta-555x325.jpg 555w, https:\/\/grupnexus.com\/wp-content\/uploads\/2019\/01\/lipodieta-360x211.jpg 360w, https:\/\/grupnexus.com\/wp-content\/uploads\/2019\/01\/lipodieta-262x153.jpg 262w, https:\/\/grupnexus.com\/wp-content\/uploads\/2019\/01\/lipodieta.jpg 1200w\" sizes=\"(max-width: 579px) 100vw, 579px\" \/><\/p>\n<div class=\"row \"><div class=\"wpv-grid grid-1-1  first unextended\" style=\"padding-top:0px;padding-bottom:0px\" id=\"wpv-column-cc11cffe3fd71ccc39074cbf1f87b8dd\" ><p>El m\u00e9todo Lipodieta se basa en una <strong>dieta cetog\u00e9nica leve que tiene como base la comida natural (sin sobres ni alimentos ya preparados), apoyada por una suplementaci\u00f3n espec\u00edfica aminoproteica<\/strong>, con el fin de perder peso de una forma r\u00e1pida, sana y segura.<\/p>\n<p>Indicado para personas con <strong>sobrepeso, obesidad y grasa localizada<\/strong>.<\/p>\n<p><strong>En 21 d\u00edas se pueden reducir hasta 7 kg sin crear flacidez.<\/strong><\/p>\n<p><strong>Sin ansiedad, sin sensaci\u00f3n de hambre y con m\u00ednimas molestias generales<\/strong>. Adem\u00e1s, es un <strong>m\u00e9todo muy asequible<\/strong> dado que se basa en alimentos (vegetales y prote\u00ednas) que, generalmente, se encuentran en la dieta habitual y complementada con amino\u00e1cidos de alta calidad biol\u00f3gica.<\/p>\n<p>M\u00faltiples estudios cient\u00edficos demuestran que una dieta baja en carbohidratos y rica en prote\u00ednas, acompa\u00f1ada de suplementos diet\u00e9ticos espec\u00edficos, permite r\u00e1pidamente la p\u00e9rdida de peso y evita la temida flacidez posterior.<\/p>\n<p>Durante el proceso no se pasa hambre ni se sufren cambios an\u00edmicos gracias a los complementos diet\u00e9ticos espec\u00edficos. Se afronta la dieta con un \u00e1nimo excelente, debido al tript\u00f3fano, y sin ansiedad ni nerviosismo. Esto hace que seguir la dieta sea f\u00e1cil y que se obtengan resultados inmediatos.<\/p>\n<p><strong>Sin sustituir comidas<\/strong><\/p>\n<p>Tu vida social no se ver\u00e1 limitada ya que podr\u00e1s ir a restaurantes o a comidas familiares.<\/p>\n<p><strong>Evita y elimina la celulitis<\/strong><\/p>\n<p>Mejora la flacidez y la celulitis, as\u00ed como la grasa localizada, ya que el 98% de la p\u00e9rdida de peso se concentra en la grasa corporal, pero se conserva la masa muscular.<\/p>\n<p><strong>Sin efecto rebote <\/strong><\/p>\n<p>La dieta rica en prote\u00ednas activa el metabolismo corporal, esto genera un mayor gasto energ\u00e9tico y, por consiguiente, m\u00e1s dificultad para volver a ganar peso.<\/p>\n<p><strong>Antiaging facial y corporal <\/strong><\/p>\n<p>Los amino\u00e1cidos que aporta Lipodieta Diet21a son amino\u00e1cidos de alta bio-disponibilidad y mejoran la hidrataci\u00f3n d\u00e9rmica, el tejido conectivo subcut\u00e1neo y el tono muscular, as\u00ed pues, a trav\u00e9s de la dieta combates tambi\u00e9n el envejecimiento.<\/p>\n<p>Aconsejamos practicar ejercicio f\u00edsico moderado, seguir una dieta baja en carbohidratos y, a criterio del m\u00e9dico, tomar 1 o 2 sobres al d\u00eda de Lipodieta Diet21a. En pocos d\u00edas observaras una gran mejor\u00eda de la piel y la elasticidad, mientras que aumentas la tonificaci\u00f3n muscular logrando as\u00ed remodelar el contorno facial y corporal.<\/p>\n<p><strong>Seguridad y supervisi\u00f3n m\u00e9dica <\/strong><\/p>\n<p>Antes de empezar la dieta el m\u00e9dico realiza un completo examen, an\u00e1lisis de sangre y orina, impedancia, plicometr\u00eda y electrocardiograma para determinar que el m\u00e9todo es el id\u00f3neo para ti.<\/p>\n<p>Se llevar\u00e1 a cabo un control m\u00e9dico durante las diferentes fases del programa.<\/p>\n<p>Fase 1: cetog\u00e9nica<\/p>\n<p>Fase 2: introducci\u00f3n carbohidratos<\/p>\n<p>Fase 3: dieta mediterr\u00e1nea<\/div><\/div><\/div><\/div>\n<div class=\"sep\"><\/div>\n","protected":false},"excerpt":{"rendered":"<p>El m\u00e9todo Lipodieta se basa en una dieta cetog\u00e9nica leve que tiene como base la comida natural (sin sobres ni alimentos ya preparados), apoyada por una suplementaci\u00f3n espec\u00edfica aminoproteica, con el fin de perder peso de una forma r\u00e1pida, sana y segura. Indicado para personas con sobrepeso, obesidad y grasa localizada. En 21 d\u00edas se&#8230;<\/p>\n","protected":false},"author":6,"featured_media":0,"parent":17961,"menu_order":0,"comment_status":"closed","ping_status":"closed","template":"","meta":[],"yoast_head":"<!-- This site is optimized with the Yoast SEO plugin v18.6 - https:\/\/yoast.com\/wordpress\/plugins\/seo\/ -->\n<title>LipoDieta - Cl\u00ednica Nexus<\/title>\n<meta name=\"description\" content=\"A Nexus comptem amb les millors f\u00f3rmules innovadores d&#039;est\u00e8tica avan\u00e7ada i micropigmentaci\u00f3.\" \/>\n<meta name=\"robots\" content=\"index, follow, max-snippet:-1, max-image-preview:large, max-video-preview:-1\" \/>\n<link rel=\"canonical\" href=\"https:\/\/grupnexus.com\/es\/tratamientos\/dietetica-y-nutricion\/lipodieta\/\" \/>\n<meta property=\"og:locale\" content=\"es_ES\" \/>\n<meta property=\"og:type\" content=\"article\" \/>\n<meta property=\"og:title\" content=\"LipoDieta - Cl\u00ednica Nexus\" \/>\n<meta property=\"og:description\" content=\"A Nexus comptem amb les millors f\u00f3rmules innovadores d&#039;est\u00e8tica avan\u00e7ada i micropigmentaci\u00f3.\" \/>\n<meta property=\"og:url\" content=\"https:\/\/grupnexus.com\/es\/tratamientos\/dietetica-y-nutricion\/lipodieta\/\" \/>\n<meta property=\"og:site_name\" content=\"Cl\u00ednica Nexus\" \/>\n<meta property=\"og:image\" content=\"https:\/\/grupnexus.com\/wp-content\/uploads\/2019\/01\/lipodieta-1024x599.jpg\" \/>\n<meta name=\"twitter:card\" content=\"summary\" \/>\n<meta name=\"twitter:label1\" content=\"Tiempo de lectura\" \/>\n\t<meta name=\"twitter:data1\" content=\"4 minutos\" \/>\n<script type=\"application\/ld+json\" class=\"yoast-schema-graph\">{\"@context\":\"https:\/\/schema.org\",\"@graph\":[{\"@type\":\"WebSite\",\"@id\":\"https:\/\/grupnexus.com\/es\/#website\",\"url\":\"https:\/\/grupnexus.com\/es\/\",\"name\":\"Cl\u00ednica Nexus\",\"description\":\"L\u00edders en Medicina Est\u00e8tica Avan\u00e7ada\",\"potentialAction\":[{\"@type\":\"SearchAction\",\"target\":{\"@type\":\"EntryPoint\",\"urlTemplate\":\"https:\/\/grupnexus.com\/es\/?s={search_term_string}\"},\"query-input\":\"required name=search_term_string\"}],\"inLanguage\":\"es\"},{\"@type\":\"ImageObject\",\"@id\":\"https:\/\/grupnexus.com\/es\/tratamientos\/dietetica-y-nutricion\/lipodieta\/#primaryimage\",\"inLanguage\":\"es\",\"url\":\"https:\/\/grupnexus.com\/wp-content\/uploads\/2019\/01\/lipodieta.jpg\",\"contentUrl\":\"https:\/\/grupnexus.com\/wp-content\/uploads\/2019\/01\/lipodieta.jpg\",\"width\":1200,\"height\":702},{\"@type\":\"WebPage\",\"@id\":\"https:\/\/grupnexus.com\/es\/tratamientos\/dietetica-y-nutricion\/lipodieta\/#webpage\",\"url\":\"https:\/\/grupnexus.com\/es\/tratamientos\/dietetica-y-nutricion\/lipodieta\/\",\"name\":\"LipoDieta - Cl\u00ednica Nexus\",\"isPartOf\":{\"@id\":\"https:\/\/grupnexus.com\/es\/#website\"},\"primaryImageOfPage\":{\"@id\":\"https:\/\/grupnexus.com\/es\/tratamientos\/dietetica-y-nutricion\/lipodieta\/#primaryimage\"},\"datePublished\":\"2019-01-04T11:40:25+00:00\",\"dateModified\":\"2019-01-04T11:40:25+00:00\",\"description\":\"A Nexus comptem amb les millors f\u00f3rmules innovadores d'est\u00e8tica avan\u00e7ada i micropigmentaci\u00f3.\",\"breadcrumb\":{\"@id\":\"https:\/\/grupnexus.com\/es\/tratamientos\/dietetica-y-nutricion\/lipodieta\/#breadcrumb\"},\"inLanguage\":\"es\",\"potentialAction\":[{\"@type\":\"ReadAction\",\"target\":[\"https:\/\/grupnexus.com\/es\/tratamientos\/dietetica-y-nutricion\/lipodieta\/\"]}]},{\"@type\":\"BreadcrumbList\",\"@id\":\"https:\/\/grupnexus.com\/es\/tratamientos\/dietetica-y-nutricion\/lipodieta\/#breadcrumb\",\"itemListElement\":[{\"@type\":\"ListItem\",\"position\":1,\"name\":\"Portada\",\"item\":\"https:\/\/grupnexus.com\/es\/\"},{\"@type\":\"ListItem\",\"position\":2,\"name\":\"Tratamientos\",\"item\":\"https:\/\/grupnexus.com\/es\/tratamientos\/\"},{\"@type\":\"ListItem\",\"position\":3,\"name\":\"Diet\u00e9tica y Nutrici\u00f3n\",\"item\":\"https:\/\/grupnexus.com\/es\/tratamientos\/dietetica-y-nutricion\/\"},{\"@type\":\"ListItem\",\"position\":4,\"name\":\"LipoDieta\"}]}]}<\/script>\n<!-- \/ Yoast SEO plugin. -->","yoast_head_json":{"title":"LipoDieta - Cl\u00ednica Nexus","description":"A Nexus comptem amb les millors f\u00f3rmules innovadores d'est\u00e8tica avan\u00e7ada i micropigmentaci\u00f3.","robots":{"index":"index","follow":"follow","max-snippet":"max-snippet:-1","max-image-preview":"max-image-preview:large","max-video-preview":"max-video-preview:-1"},"canonical":"https:\/\/grupnexus.com\/es\/tratamientos\/dietetica-y-nutricion\/lipodieta\/","og_locale":"es_ES","og_type":"article","og_title":"LipoDieta - Cl\u00ednica Nexus","og_description":"A Nexus comptem amb les millors f\u00f3rmules innovadores d'est\u00e8tica avan\u00e7ada i micropigmentaci\u00f3.","og_url":"https:\/\/grupnexus.com\/es\/tratamientos\/dietetica-y-nutricion\/lipodieta\/","og_site_name":"Cl\u00ednica Nexus","og_image":[{"url":"https:\/\/grupnexus.com\/wp-content\/uploads\/2019\/01\/lipodieta-1024x599.jpg"}],"twitter_card":"summary","twitter_misc":{"Tiempo de lectura":"4 minutos"},"schema":{"@context":"https:\/\/schema.org","@graph":[{"@type":"WebSite","@id":"https:\/\/grupnexus.com\/es\/#website","url":"https:\/\/grupnexus.com\/es\/","name":"Cl\u00ednica Nexus","description":"L\u00edders en Medicina Est\u00e8tica Avan\u00e7ada","potentialAction":[{"@type":"SearchAction","target":{"@type":"EntryPoint","urlTemplate":"https:\/\/grupnexus.com\/es\/?s={search_term_string}"},"query-input":"required name=search_term_string"}],"inLanguage":"es"},{"@type":"ImageObject","@id":"https:\/\/grupnexus.com\/es\/tratamientos\/dietetica-y-nutricion\/lipodieta\/#primaryimage","inLanguage":"es","url":"https:\/\/grupnexus.com\/wp-content\/uploads\/2019\/01\/lipodieta.jpg","contentUrl":"https:\/\/grupnexus.com\/wp-content\/uploads\/2019\/01\/lipodieta.jpg","width":1200,"height":702},{"@type":"WebPage","@id":"https:\/\/grupnexus.com\/es\/tratamientos\/dietetica-y-nutricion\/lipodieta\/#webpage","url":"https:\/\/grupnexus.com\/es\/tratamientos\/dietetica-y-nutricion\/lipodieta\/","name":"LipoDieta - Cl\u00ednica Nexus","isPartOf":{"@id":"https:\/\/grupnexus.com\/es\/#website"},"primaryImageOfPage":{"@id":"https:\/\/grupnexus.com\/es\/tratamientos\/dietetica-y-nutricion\/lipodieta\/#primaryimage"},"datePublished":"2019-01-04T11:40:25+00:00","dateModified":"2019-01-04T11:40:25+00:00","description":"A Nexus comptem amb les millors f\u00f3rmules innovadores d'est\u00e8tica avan\u00e7ada i micropigmentaci\u00f3.","breadcrumb":{"@id":"https:\/\/grupnexus.com\/es\/tratamientos\/dietetica-y-nutricion\/lipodieta\/#breadcrumb"},"inLanguage":"es","potentialAction":[{"@type":"ReadAction","target":["https:\/\/grupnexus.com\/es\/tratamientos\/dietetica-y-nutricion\/lipodieta\/"]}]},{"@type":"BreadcrumbList","@id":"https:\/\/grupnexus.com\/es\/tratamientos\/dietetica-y-nutricion\/lipodieta\/#breadcrumb","itemListElement":[{"@type":"ListItem","position":1,"name":"Portada","item":"https:\/\/grupnexus.com\/es\/"},{"@type":"ListItem","position":2,"name":"Tratamientos","item":"https:\/\/grupnexus.com\/es\/tratamientos\/"},{"@type":"ListItem","position":3,"name":"Diet\u00e9tica y Nutrici\u00f3n","item":"https:\/\/grupnexus.com\/es\/tratamientos\/dietetica-y-nutricion\/"},{"@type":"ListItem","position":4,"name":"LipoDieta"}]}]}},"_links":{"self":[{"href":"https:\/\/grupnexus.com\/es\/wp-json\/wp\/v2\/pages\/20163"}],"collection":[{"href":"https:\/\/grupnexus.com\/es\/wp-json\/wp\/v2\/pages"}],"about":[{"href":"https:\/\/grupnexus.com\/es\/wp-json\/wp\/v2\/types\/page"}],"author":[{"embeddable":true,"href":"https:\/\/grupnexus.com\/es\/wp-json\/wp\/v2\/users\/6"}],"replies":[{"embeddable":true,"href":"https:\/\/grupnexus.com\/es\/wp-json\/wp\/v2\/comments?post=20163"}],"version-history":[{"count":3,"href":"https:\/\/grupnexus.com\/es\/wp-json\/wp\/v2\/pages\/20163\/revisions"}],"predecessor-version":[{"id":20176,"href":"https:\/\/grupnexus.com\/es\/wp-json\/wp\/v2\/pages\/20163\/revisions\/20176"}],"up":[{"embeddable":true,"href":"https:\/\/grupnexus.com\/es\/wp-json\/wp\/v2\/pages\/17961"}],"wp:attachment":[{"href":"https:\/\/grupnexus.com\/es\/wp-json\/wp\/v2\/media?parent=20163"}],"curies":[{"name":"wp","href":"https:\/\/api.w.org\/{rel}","templated":true}]}}