{"id":21396,"date":"2019-02-19T16:06:29","date_gmt":"2019-02-19T14:06:29","guid":{"rendered":"https:\/\/www.grupnexus.com\/?page_id=21396\/"},"modified":"2023-01-05T09:36:43","modified_gmt":"2023-01-05T07:36:43","slug":"empresas-saludables","status":"publish","type":"page","link":"https:\/\/grupnexus.com\/es\/grupo-nexus\/empresas-saludables\/","title":{"rendered":"Empresas Saludables"},"content":{"rendered":"\t\t<h2 class=\"text-divider-double\">\t\t\t\nEmpresas Saludables\t\t<\/h2>\t\t<div class=\"sep\"><\/div>\t\n<div style=\"padding: 10px;\">\n<h2><img loading=\"lazy\" class=\"wp-image-25488 alignnone\" src=\"https:\/\/grupnexus.com\/wp-content\/uploads\/2022\/12\/Programa-FES-Nexus-2.jpg\" alt=\"\" width=\"701\" height=\"526\" \/><\/h2>\n<h2><\/h2>\n<h2>PROGRAMA \u00abFES\u00bb &#8211; Fomentamos Empresas Saludables<\/h2>\n<p><strong>Ser una Empresa Saludable<\/strong> es una ventaja competitiva hoy en d\u00eda. Las personas son el centro de las empresas, actualmente est\u00e1 en alza trabajar en un entorno laboral en el que nos identificamos con los valores, donde se nos reconozca nuestro trabajo y se pueda conciliar con la vida personal.<\/p>\n<p>La Empresa Saludable es proactiva en implementar <strong>herramientas que ponen en valor la salud de sus trabajadores y trabajadoras<\/strong>. Estas herramientas se traducen en un impacto directo en la <strong>consecuci\u00f3n de resultados empresariales<\/strong>. A parte, los clientes y la sociedad te perciben como una empresa altamente responsable.<\/p>\n<p>Si ya eres una Empresa Saludable o lo que acabas de leer encaja con tu filosof\u00eda y valores, te presentamos el <strong>programa FES &#8211; Fomentamos Empresas Saludables<\/strong>.<\/p>\n<ul>\n<li><strong>10 razones para ser una Empresa Saludable- 10 ventajas para tu personal interno<\/strong><\/li>\n<li><strong>Condiciones especiales Nexus dirigidas al cuidado de la salud, el bienestar y la belleza<\/strong><\/li>\n<li><strong>Programa espec\u00edfico Mujer<\/strong><\/li>\n<li><strong>Programa espec\u00edfico Hombre<\/strong><\/li>\n<li><strong>Programa espec\u00edfico Healthy<\/strong><\/li>\n<li><strong>Sin ning\u00fan coste para la empresa<\/strong><\/li>\n<\/ul>\n<p style=\"text-align: center;\"><strong>\u00a1\u00a1ES HORA DE DAR EL PASO!!<\/strong><\/p>\n<p style=\"text-align: center;\"><strong>Hazlo<\/strong> para ti<br \/>\n<strong>Hazlo<\/strong> para ellos<br \/>\n<strong>Hazlo<\/strong> para ellas<br \/>\n<strong>Hazlo<\/strong> para tu empresa<\/p>\n<p>Descarga el Programa FES <a href=\"https:\/\/grupnexus.com\/wp-content\/uploads\/2022\/12\/Programa-FES-Nexus.pdf\" target=\"_blank\" rel=\"noopener noreferrer\">AQUI<\/a><\/p>\n<p>Para poner en marcha el Programa FES en tu empresa o pedir m\u00e1s informaci\u00f3n env\u00edanos un correo a <a href=\"mailto:comunicacio@grupnexus.com\">comunicacio@grupnexus.com<\/a><\/p>\n<\/div>\n\t\t<h2 class=\"text-divider-double\">\t\t\t\nEmpresas Saludables Adheridas\t\t<\/h2>\t\t<div class=\"sep\"><\/div>\t\n<div class=\"row \"><div class=\"wpv-grid grid-1-4  wpv-first-level first unextended animation-fade-in animated-active\" style=\"padding-top:0px;padding-bottom:0px\" id=\"wpv-column-ec2b9d4604453da30bd42dc6f07d569c\" >\n<div  data-href=\"http:\/\/hera.cat\/\" tabindex=\"1\" data-target=\"_blank\" class=\"linkarea clearfix accent1  background-transparent\">\n\t\t\t<div class=\"first\"><img width=\"200\" height=\"200\" src=\"https:\/\/grupnexus.com\/wp-content\/uploads\/2019\/05\/logo-hera-200x200.jpg\" class=\"attachment-full size-full\" alt=\"\" loading=\"lazy\" srcset=\"https:\/\/grupnexus.com\/wp-content\/uploads\/2019\/05\/logo-hera-200x200.jpg 200w, https:\/\/grupnexus.com\/wp-content\/uploads\/2019\/05\/logo-hera-200x200-100x100.jpg 100w, https:\/\/grupnexus.com\/wp-content\/uploads\/2019\/05\/logo-hera-200x200-150x150.jpg 150w, https:\/\/grupnexus.com\/wp-content\/uploads\/2019\/05\/logo-hera-200x200-60x60.jpg 60w, https:\/\/grupnexus.com\/wp-content\/uploads\/2019\/05\/logo-hera-200x200-43x43.jpg 43w\" sizes=\"(max-width: 200px) 100vw, 200px\" \/><\/div>\n\t\t<\/div><\/div>\n<div class=\"wpv-grid grid-1-4  wpv-first-level unextended animation-fade-in animated-active\" style=\"padding-top:0px;padding-bottom:0px\" id=\"wpv-column-a478bcf5c3e27f660c65f716a26aa434\" >\n<div  data-href=\"http:\/\/www.padelindoor.com\" tabindex=\"1\" data-target=\"_blank\" class=\"linkarea clearfix accent1  background-transparent\">\n\t\t\t<div class=\"first\"><img width=\"200\" height=\"200\" src=\"https:\/\/grupnexus.com\/wp-content\/uploads\/2019\/05\/logo-padel-200x200.jpg\" class=\"attachment-full size-full\" alt=\"\" loading=\"lazy\" srcset=\"https:\/\/grupnexus.com\/wp-content\/uploads\/2019\/05\/logo-padel-200x200.jpg 200w, https:\/\/grupnexus.com\/wp-content\/uploads\/2019\/05\/logo-padel-200x200-100x100.jpg 100w, https:\/\/grupnexus.com\/wp-content\/uploads\/2019\/05\/logo-padel-200x200-150x150.jpg 150w, https:\/\/grupnexus.com\/wp-content\/uploads\/2019\/05\/logo-padel-200x200-60x60.jpg 60w, https:\/\/grupnexus.com\/wp-content\/uploads\/2019\/05\/logo-padel-200x200-43x43.jpg 43w\" sizes=\"(max-width: 200px) 100vw, 200px\" \/><\/div>\n\t\t<\/div><\/div>\n<div class=\"wpv-grid grid-1-4  wpv-first-level unextended animation-fade-in animated-active\" style=\"padding-top:0px;padding-bottom:0px\" id=\"wpv-column-3475365700fbd732e4b3b2879ba4bea8\" >\n<div  data-href=\"https:\/\/www.plusfresc.cat\" tabindex=\"1\" data-target=\"_blank\" class=\"linkarea clearfix accent1  background-transparent\">\n\t\t\t<div class=\"first\"><img width=\"200\" height=\"200\" src=\"https:\/\/grupnexus.com\/wp-content\/uploads\/2019\/05\/logo-plus-200x200.jpg\" class=\"attachment-full size-full\" alt=\"\" loading=\"lazy\" srcset=\"https:\/\/grupnexus.com\/wp-content\/uploads\/2019\/05\/logo-plus-200x200.jpg 200w, https:\/\/grupnexus.com\/wp-content\/uploads\/2019\/05\/logo-plus-200x200-100x100.jpg 100w, https:\/\/grupnexus.com\/wp-content\/uploads\/2019\/05\/logo-plus-200x200-150x150.jpg 150w, https:\/\/grupnexus.com\/wp-content\/uploads\/2019\/05\/logo-plus-200x200-60x60.jpg 60w, https:\/\/grupnexus.com\/wp-content\/uploads\/2019\/05\/logo-plus-200x200-43x43.jpg 43w\" sizes=\"(max-width: 200px) 100vw, 200px\" \/><\/div>\n\t\t<\/div><\/div>\n<div class=\"wpv-grid grid-1-4  wpv-first-level unextended animation-fade-in animated-active\" style=\"padding-top:0px;padding-bottom:0px\" id=\"wpv-column-c22f94a94c0b99d5744309863e664e4d\" >\n<div  data-href=\"https:\/\/www.trota.com\/\" tabindex=\"1\" data-target=\"_blank\" class=\"linkarea clearfix accent1  background-transparent\">\n\t\t\t<div class=\"first\"><img width=\"200\" height=\"200\" src=\"https:\/\/grupnexus.com\/wp-content\/uploads\/2023\/01\/trota-logo-200x200-1.png\" class=\"attachment-full size-full\" alt=\"\" loading=\"lazy\" srcset=\"https:\/\/grupnexus.com\/wp-content\/uploads\/2023\/01\/trota-logo-200x200-1.png 200w, https:\/\/grupnexus.com\/wp-content\/uploads\/2023\/01\/trota-logo-200x200-1-150x150.png 150w, https:\/\/grupnexus.com\/wp-content\/uploads\/2023\/01\/trota-logo-200x200-1-60x60.png 60w, https:\/\/grupnexus.com\/wp-content\/uploads\/2023\/01\/trota-logo-200x200-1-43x43.png 43w, https:\/\/grupnexus.com\/wp-content\/uploads\/2023\/01\/trota-logo-200x200-1-100x100.png 100w\" sizes=\"(max-width: 200px) 100vw, 200px\" \/><\/div>\n\t\t<\/div><\/div><\/div>\n<div class=\"sep\"><\/div>\n","protected":false},"excerpt":{"rendered":"<p>PROGRAMA \u00abFES\u00bb &#8211; Fomentamos Empresas Saludables Ser una Empresa Saludable es una ventaja competitiva hoy en d\u00eda. Las personas son el centro de las empresas, actualmente est\u00e1 en alza trabajar en un entorno laboral en el que nos identificamos con los valores, donde se nos reconozca nuestro trabajo y se pueda conciliar con la vida&#8230;<\/p>\n","protected":false},"author":6,"featured_media":0,"parent":962,"menu_order":0,"comment_status":"closed","ping_status":"closed","template":"","meta":[],"yoast_head":"<!-- This site is optimized with the Yoast SEO plugin v18.6 - https:\/\/yoast.com\/wordpress\/plugins\/seo\/ -->\n<title>Empresas Saludables - Cl\u00ednica Nexus<\/title>\n<meta name=\"robots\" content=\"index, follow, max-snippet:-1, max-image-preview:large, max-video-preview:-1\" \/>\n<link rel=\"canonical\" href=\"https:\/\/grupnexus.com\/es\/grupo-nexus\/empresas-saludables\/\" \/>\n<meta property=\"og:locale\" content=\"es_ES\" \/>\n<meta property=\"og:type\" content=\"article\" \/>\n<meta property=\"og:title\" content=\"Empresas Saludables - Cl\u00ednica Nexus\" \/>\n<meta property=\"og:description\" content=\"PROGRAMA \u00abFES\u00bb &#8211; Fomentamos Empresas Saludables Ser una Empresa Saludable es una ventaja competitiva hoy en d\u00eda. Las personas son el centro de las empresas, actualmente est\u00e1 en alza trabajar en un entorno laboral en el que nos identificamos con los valores, donde se nos reconozca nuestro trabajo y se pueda conciliar con la vida...\" \/>\n<meta property=\"og:url\" content=\"https:\/\/grupnexus.com\/es\/grupo-nexus\/empresas-saludables\/\" \/>\n<meta property=\"og:site_name\" content=\"Cl\u00ednica Nexus\" \/>\n<meta property=\"article:modified_time\" content=\"2023-01-05T07:36:43+00:00\" \/>\n<meta property=\"og:image\" content=\"https:\/\/grupnexus.com\/wp-content\/uploads\/2022\/12\/Programa-FES-Nexus-2.jpg\" \/>\n<meta name=\"twitter:card\" content=\"summary\" \/>\n<meta name=\"twitter:label1\" content=\"Tiempo de lectura\" \/>\n\t<meta name=\"twitter:data1\" content=\"2 minutos\" \/>\n<script type=\"application\/ld+json\" class=\"yoast-schema-graph\">{\"@context\":\"https:\/\/schema.org\",\"@graph\":[{\"@type\":\"WebSite\",\"@id\":\"https:\/\/grupnexus.com\/es\/#website\",\"url\":\"https:\/\/grupnexus.com\/es\/\",\"name\":\"Cl\u00ednica Nexus\",\"description\":\"L\u00edders en Medicina Est\u00e8tica Avan\u00e7ada\",\"potentialAction\":[{\"@type\":\"SearchAction\",\"target\":{\"@type\":\"EntryPoint\",\"urlTemplate\":\"https:\/\/grupnexus.com\/es\/?s={search_term_string}\"},\"query-input\":\"required name=search_term_string\"}],\"inLanguage\":\"es\"},{\"@type\":\"ImageObject\",\"@id\":\"https:\/\/grupnexus.com\/es\/grupo-nexus\/empresas-saludables\/#primaryimage\",\"inLanguage\":\"es\",\"url\":\"https:\/\/grupnexus.com\/wp-content\/uploads\/2022\/12\/Programa-FES-Nexus-2.jpg\",\"contentUrl\":\"https:\/\/grupnexus.com\/wp-content\/uploads\/2022\/12\/Programa-FES-Nexus-2.jpg\",\"width\":1024,\"height\":768},{\"@type\":\"WebPage\",\"@id\":\"https:\/\/grupnexus.com\/es\/grupo-nexus\/empresas-saludables\/#webpage\",\"url\":\"https:\/\/grupnexus.com\/es\/grupo-nexus\/empresas-saludables\/\",\"name\":\"Empresas Saludables - Cl\u00ednica Nexus\",\"isPartOf\":{\"@id\":\"https:\/\/grupnexus.com\/es\/#website\"},\"primaryImageOfPage\":{\"@id\":\"https:\/\/grupnexus.com\/es\/grupo-nexus\/empresas-saludables\/#primaryimage\"},\"datePublished\":\"2019-02-19T14:06:29+00:00\",\"dateModified\":\"2023-01-05T07:36:43+00:00\",\"breadcrumb\":{\"@id\":\"https:\/\/grupnexus.com\/es\/grupo-nexus\/empresas-saludables\/#breadcrumb\"},\"inLanguage\":\"es\",\"potentialAction\":[{\"@type\":\"ReadAction\",\"target\":[\"https:\/\/grupnexus.com\/es\/grupo-nexus\/empresas-saludables\/\"]}]},{\"@type\":\"BreadcrumbList\",\"@id\":\"https:\/\/grupnexus.com\/es\/grupo-nexus\/empresas-saludables\/#breadcrumb\",\"itemListElement\":[{\"@type\":\"ListItem\",\"position\":1,\"name\":\"Portada\",\"item\":\"https:\/\/grupnexus.com\/es\/\"},{\"@type\":\"ListItem\",\"position\":2,\"name\":\"Grupo Nexus\",\"item\":\"https:\/\/grupnexus.com\/es\/grupo-nexus\/\"},{\"@type\":\"ListItem\",\"position\":3,\"name\":\"Empresas Saludables\"}]}]}<\/script>\n<!-- \/ Yoast SEO plugin. -->","yoast_head_json":{"title":"Empresas Saludables - Cl\u00ednica Nexus","robots":{"index":"index","follow":"follow","max-snippet":"max-snippet:-1","max-image-preview":"max-image-preview:large","max-video-preview":"max-video-preview:-1"},"canonical":"https:\/\/grupnexus.com\/es\/grupo-nexus\/empresas-saludables\/","og_locale":"es_ES","og_type":"article","og_title":"Empresas Saludables - Cl\u00ednica Nexus","og_description":"PROGRAMA \u00abFES\u00bb &#8211; Fomentamos Empresas Saludables Ser una Empresa Saludable es una ventaja competitiva hoy en d\u00eda. Las personas son el centro de las empresas, actualmente est\u00e1 en alza trabajar en un entorno laboral en el que nos identificamos con los valores, donde se nos reconozca nuestro trabajo y se pueda conciliar con la vida...","og_url":"https:\/\/grupnexus.com\/es\/grupo-nexus\/empresas-saludables\/","og_site_name":"Cl\u00ednica Nexus","article_modified_time":"2023-01-05T07:36:43+00:00","og_image":[{"url":"https:\/\/grupnexus.com\/wp-content\/uploads\/2022\/12\/Programa-FES-Nexus-2.jpg"}],"twitter_card":"summary","twitter_misc":{"Tiempo de lectura":"2 minutos"},"schema":{"@context":"https:\/\/schema.org","@graph":[{"@type":"WebSite","@id":"https:\/\/grupnexus.com\/es\/#website","url":"https:\/\/grupnexus.com\/es\/","name":"Cl\u00ednica Nexus","description":"L\u00edders en Medicina Est\u00e8tica Avan\u00e7ada","potentialAction":[{"@type":"SearchAction","target":{"@type":"EntryPoint","urlTemplate":"https:\/\/grupnexus.com\/es\/?s={search_term_string}"},"query-input":"required name=search_term_string"}],"inLanguage":"es"},{"@type":"ImageObject","@id":"https:\/\/grupnexus.com\/es\/grupo-nexus\/empresas-saludables\/#primaryimage","inLanguage":"es","url":"https:\/\/grupnexus.com\/wp-content\/uploads\/2022\/12\/Programa-FES-Nexus-2.jpg","contentUrl":"https:\/\/grupnexus.com\/wp-content\/uploads\/2022\/12\/Programa-FES-Nexus-2.jpg","width":1024,"height":768},{"@type":"WebPage","@id":"https:\/\/grupnexus.com\/es\/grupo-nexus\/empresas-saludables\/#webpage","url":"https:\/\/grupnexus.com\/es\/grupo-nexus\/empresas-saludables\/","name":"Empresas Saludables - Cl\u00ednica Nexus","isPartOf":{"@id":"https:\/\/grupnexus.com\/es\/#website"},"primaryImageOfPage":{"@id":"https:\/\/grupnexus.com\/es\/grupo-nexus\/empresas-saludables\/#primaryimage"},"datePublished":"2019-02-19T14:06:29+00:00","dateModified":"2023-01-05T07:36:43+00:00","breadcrumb":{"@id":"https:\/\/grupnexus.com\/es\/grupo-nexus\/empresas-saludables\/#breadcrumb"},"inLanguage":"es","potentialAction":[{"@type":"ReadAction","target":["https:\/\/grupnexus.com\/es\/grupo-nexus\/empresas-saludables\/"]}]},{"@type":"BreadcrumbList","@id":"https:\/\/grupnexus.com\/es\/grupo-nexus\/empresas-saludables\/#breadcrumb","itemListElement":[{"@type":"ListItem","position":1,"name":"Portada","item":"https:\/\/grupnexus.com\/es\/"},{"@type":"ListItem","position":2,"name":"Grupo Nexus","item":"https:\/\/grupnexus.com\/es\/grupo-nexus\/"},{"@type":"ListItem","position":3,"name":"Empresas Saludables"}]}]}},"_links":{"self":[{"href":"https:\/\/grupnexus.com\/es\/wp-json\/wp\/v2\/pages\/21396"}],"collection":[{"href":"https:\/\/grupnexus.com\/es\/wp-json\/wp\/v2\/pages"}],"about":[{"href":"https:\/\/grupnexus.com\/es\/wp-json\/wp\/v2\/types\/page"}],"author":[{"embeddable":true,"href":"https:\/\/grupnexus.com\/es\/wp-json\/wp\/v2\/users\/6"}],"replies":[{"embeddable":true,"href":"https:\/\/grupnexus.com\/es\/wp-json\/wp\/v2\/comments?post=21396"}],"version-history":[{"count":18,"href":"https:\/\/grupnexus.com\/es\/wp-json\/wp\/v2\/pages\/21396\/revisions"}],"predecessor-version":[{"id":51821,"href":"https:\/\/grupnexus.com\/es\/wp-json\/wp\/v2\/pages\/21396\/revisions\/51821"}],"up":[{"embeddable":true,"href":"https:\/\/grupnexus.com\/es\/wp-json\/wp\/v2\/pages\/962"}],"wp:attachment":[{"href":"https:\/\/grupnexus.com\/es\/wp-json\/wp\/v2\/media?parent=21396"}],"curies":[{"name":"wp","href":"https:\/\/api.w.org\/{rel}","templated":true}]}}