{"id":21462,"date":"2019-02-20T11:09:32","date_gmt":"2019-02-20T09:09:32","guid":{"rendered":"https:\/\/www.grupnexus.com\/?page_id=21462\/"},"modified":"2023-09-26T07:45:44","modified_gmt":"2023-09-26T05:45:44","slug":"albert-cos","status":"publish","type":"page","link":"https:\/\/grupnexus.com\/es\/nuestro-equipo\/albert-cos\/","title":{"rendered":"Albert Cos"},"content":{"rendered":"<div class=\"row \"><div class=\"wpv-grid grid-1-1  wpv-first-level first unextended\" style=\"padding-top:0px;padding-bottom:0px\" id=\"wpv-column-801a9653a4ac4992acece1305f34c7a0\" >\t\t<h2 class=\"text-divider-double\">\t\t\t\nDoctor Albert Cos<br \/>\n\t\t<\/h2>\t\t<div class=\"sep\"><\/div>\t<\/div><\/div>\n<div class=\"row \"><div class=\"wpv-grid grid-1-4  wpv-first-level first unextended\" style=\"padding-top:0px;padding-bottom:0px\" id=\"wpv-column-3446a24e0766fe1ab470bf2ddb6616e3\" ><p><img loading=\"lazy\" class=\"aligncenter wp-image-53209 size-full\" src=\"https:\/\/grupnexus.com\/wp-content\/uploads\/2023\/09\/albert-cos-473x678-1.jpg\" alt=\"\" width=\"473\" height=\"678\" srcset=\"https:\/\/grupnexus.com\/wp-content\/uploads\/2023\/09\/albert-cos-473x678-1.jpg 473w, https:\/\/grupnexus.com\/wp-content\/uploads\/2023\/09\/albert-cos-473x678-1-209x300.jpg 209w, https:\/\/grupnexus.com\/wp-content\/uploads\/2023\/09\/albert-cos-473x678-1-400x573.jpg 400w, https:\/\/grupnexus.com\/wp-content\/uploads\/2023\/09\/albert-cos-473x678-1-292x419.jpg 292w\" sizes=\"(max-width: 473px) 100vw, 473px\" \/><\/div>\n<div class=\"wpv-grid grid-3-4  wpv-first-level unextended\" style=\"padding-top:0px;padding-bottom:0px\" id=\"wpv-column-a65e9e835be447b3b7f4756a62e31af1\" ><div class=\"row \"><div class=\"wpv-grid grid-1-1  first unextended\" style=\"padding-top:0px;padding-bottom:0px\" id=\"wpv-column-aeae9ee87fdcef60a4bd1866347f7c86\" ><h3>Experiencia Profesional<\/h3>\n<p>Doctor Albert Cos<br \/>\nLicenciado en Medicina y Cirug\u00eda por la Universidad Aut\u00f3noma de Barcelona<br \/>\nEspecialista en Ginecolog\u00eda y Obstetricia<br \/>\nM\u00e1ster en Reproducci\u00f3n Asistida por la Universidad Complutense de Madrid<br \/>\nMiembro de la Sociedad Espa\u00f1ola de Ginecolog\u00eda Est\u00e9tica y Regenerativa<\/div><\/div><\/div><\/div>\n<div class=\"push\" style='height:40px'><\/div>\n","protected":false},"excerpt":{"rendered":"<p>Experiencia Profesional Doctor Albert Cos Licenciado en Medicina y Cirug\u00eda por la Universidad Aut\u00f3noma de Barcelona Especialista en Ginecolog\u00eda y Obstetricia M\u00e1ster en Reproducci\u00f3n Asistida por la Universidad Complutense de Madrid Miembro de la Sociedad Espa\u00f1ola de Ginecolog\u00eda Est\u00e9tica y Regenerativa<\/p>\n","protected":false},"author":6,"featured_media":0,"parent":14354,"menu_order":0,"comment_status":"closed","ping_status":"closed","template":"","meta":[],"yoast_head":"<!-- This site is optimized with the Yoast SEO plugin v18.6 - https:\/\/yoast.com\/wordpress\/plugins\/seo\/ -->\n<title>Albert Cos - Cl\u00ednica Nexus<\/title>\n<meta name=\"robots\" content=\"index, follow, max-snippet:-1, max-image-preview:large, max-video-preview:-1\" \/>\n<link rel=\"canonical\" href=\"https:\/\/grupnexus.com\/es\/nuestro-equipo\/albert-cos\/\" \/>\n<meta property=\"og:locale\" content=\"es_ES\" \/>\n<meta property=\"og:type\" content=\"article\" \/>\n<meta property=\"og:title\" content=\"Albert Cos - Cl\u00ednica Nexus\" \/>\n<meta property=\"og:description\" content=\"Experiencia Profesional Doctor Albert Cos Licenciado en Medicina y Cirug\u00eda por la Universidad Aut\u00f3noma de Barcelona Especialista en Ginecolog\u00eda y Obstetricia M\u00e1ster en Reproducci\u00f3n Asistida por la Universidad Complutense de Madrid Miembro de la Sociedad Espa\u00f1ola de Ginecolog\u00eda Est\u00e9tica y Regenerativa\" \/>\n<meta property=\"og:url\" content=\"https:\/\/grupnexus.com\/es\/nuestro-equipo\/albert-cos\/\" \/>\n<meta property=\"og:site_name\" content=\"Cl\u00ednica Nexus\" \/>\n<meta property=\"article:modified_time\" content=\"2023-09-26T05:45:44+00:00\" \/>\n<meta property=\"og:image\" content=\"https:\/\/grupnexus.com\/wp-content\/uploads\/2023\/09\/albert-cos-473x678-1.jpg\" \/>\n<meta name=\"twitter:card\" content=\"summary\" \/>\n<meta name=\"twitter:label1\" content=\"Tiempo de lectura\" \/>\n\t<meta name=\"twitter:data1\" content=\"1 minuto\" \/>\n<script type=\"application\/ld+json\" class=\"yoast-schema-graph\">{\"@context\":\"https:\/\/schema.org\",\"@graph\":[{\"@type\":\"WebSite\",\"@id\":\"https:\/\/grupnexus.com\/es\/#website\",\"url\":\"https:\/\/grupnexus.com\/es\/\",\"name\":\"Cl\u00ednica Nexus\",\"description\":\"L\u00edders en Medicina Est\u00e8tica Avan\u00e7ada\",\"potentialAction\":[{\"@type\":\"SearchAction\",\"target\":{\"@type\":\"EntryPoint\",\"urlTemplate\":\"https:\/\/grupnexus.com\/es\/?s={search_term_string}\"},\"query-input\":\"required name=search_term_string\"}],\"inLanguage\":\"es\"},{\"@type\":\"ImageObject\",\"@id\":\"https:\/\/grupnexus.com\/es\/nuestro-equipo\/albert-cos\/#primaryimage\",\"inLanguage\":\"es\",\"url\":\"https:\/\/grupnexus.com\/wp-content\/uploads\/2023\/09\/albert-cos-473x678-1.jpg\",\"contentUrl\":\"https:\/\/grupnexus.com\/wp-content\/uploads\/2023\/09\/albert-cos-473x678-1.jpg\",\"width\":473,\"height\":678},{\"@type\":\"WebPage\",\"@id\":\"https:\/\/grupnexus.com\/es\/nuestro-equipo\/albert-cos\/#webpage\",\"url\":\"https:\/\/grupnexus.com\/es\/nuestro-equipo\/albert-cos\/\",\"name\":\"Albert Cos - Cl\u00ednica Nexus\",\"isPartOf\":{\"@id\":\"https:\/\/grupnexus.com\/es\/#website\"},\"primaryImageOfPage\":{\"@id\":\"https:\/\/grupnexus.com\/es\/nuestro-equipo\/albert-cos\/#primaryimage\"},\"datePublished\":\"2019-02-20T09:09:32+00:00\",\"dateModified\":\"2023-09-26T05:45:44+00:00\",\"breadcrumb\":{\"@id\":\"https:\/\/grupnexus.com\/es\/nuestro-equipo\/albert-cos\/#breadcrumb\"},\"inLanguage\":\"es\",\"potentialAction\":[{\"@type\":\"ReadAction\",\"target\":[\"https:\/\/grupnexus.com\/es\/nuestro-equipo\/albert-cos\/\"]}]},{\"@type\":\"BreadcrumbList\",\"@id\":\"https:\/\/grupnexus.com\/es\/nuestro-equipo\/albert-cos\/#breadcrumb\",\"itemListElement\":[{\"@type\":\"ListItem\",\"position\":1,\"name\":\"Portada\",\"item\":\"https:\/\/grupnexus.com\/es\/\"},{\"@type\":\"ListItem\",\"position\":2,\"name\":\"Nuestro equipo\",\"item\":\"https:\/\/grupnexus.com\/es\/nuestro-equipo\/\"},{\"@type\":\"ListItem\",\"position\":3,\"name\":\"Albert Cos\"}]}]}<\/script>\n<!-- \/ Yoast SEO plugin. -->","yoast_head_json":{"title":"Albert Cos - Cl\u00ednica Nexus","robots":{"index":"index","follow":"follow","max-snippet":"max-snippet:-1","max-image-preview":"max-image-preview:large","max-video-preview":"max-video-preview:-1"},"canonical":"https:\/\/grupnexus.com\/es\/nuestro-equipo\/albert-cos\/","og_locale":"es_ES","og_type":"article","og_title":"Albert Cos - Cl\u00ednica Nexus","og_description":"Experiencia Profesional Doctor Albert Cos Licenciado en Medicina y Cirug\u00eda por la Universidad Aut\u00f3noma de Barcelona Especialista en Ginecolog\u00eda y Obstetricia M\u00e1ster en Reproducci\u00f3n Asistida por la Universidad Complutense de Madrid Miembro de la Sociedad Espa\u00f1ola de Ginecolog\u00eda Est\u00e9tica y Regenerativa","og_url":"https:\/\/grupnexus.com\/es\/nuestro-equipo\/albert-cos\/","og_site_name":"Cl\u00ednica Nexus","article_modified_time":"2023-09-26T05:45:44+00:00","og_image":[{"url":"https:\/\/grupnexus.com\/wp-content\/uploads\/2023\/09\/albert-cos-473x678-1.jpg"}],"twitter_card":"summary","twitter_misc":{"Tiempo de lectura":"1 minuto"},"schema":{"@context":"https:\/\/schema.org","@graph":[{"@type":"WebSite","@id":"https:\/\/grupnexus.com\/es\/#website","url":"https:\/\/grupnexus.com\/es\/","name":"Cl\u00ednica Nexus","description":"L\u00edders en Medicina Est\u00e8tica Avan\u00e7ada","potentialAction":[{"@type":"SearchAction","target":{"@type":"EntryPoint","urlTemplate":"https:\/\/grupnexus.com\/es\/?s={search_term_string}"},"query-input":"required name=search_term_string"}],"inLanguage":"es"},{"@type":"ImageObject","@id":"https:\/\/grupnexus.com\/es\/nuestro-equipo\/albert-cos\/#primaryimage","inLanguage":"es","url":"https:\/\/grupnexus.com\/wp-content\/uploads\/2023\/09\/albert-cos-473x678-1.jpg","contentUrl":"https:\/\/grupnexus.com\/wp-content\/uploads\/2023\/09\/albert-cos-473x678-1.jpg","width":473,"height":678},{"@type":"WebPage","@id":"https:\/\/grupnexus.com\/es\/nuestro-equipo\/albert-cos\/#webpage","url":"https:\/\/grupnexus.com\/es\/nuestro-equipo\/albert-cos\/","name":"Albert Cos - Cl\u00ednica Nexus","isPartOf":{"@id":"https:\/\/grupnexus.com\/es\/#website"},"primaryImageOfPage":{"@id":"https:\/\/grupnexus.com\/es\/nuestro-equipo\/albert-cos\/#primaryimage"},"datePublished":"2019-02-20T09:09:32+00:00","dateModified":"2023-09-26T05:45:44+00:00","breadcrumb":{"@id":"https:\/\/grupnexus.com\/es\/nuestro-equipo\/albert-cos\/#breadcrumb"},"inLanguage":"es","potentialAction":[{"@type":"ReadAction","target":["https:\/\/grupnexus.com\/es\/nuestro-equipo\/albert-cos\/"]}]},{"@type":"BreadcrumbList","@id":"https:\/\/grupnexus.com\/es\/nuestro-equipo\/albert-cos\/#breadcrumb","itemListElement":[{"@type":"ListItem","position":1,"name":"Portada","item":"https:\/\/grupnexus.com\/es\/"},{"@type":"ListItem","position":2,"name":"Nuestro equipo","item":"https:\/\/grupnexus.com\/es\/nuestro-equipo\/"},{"@type":"ListItem","position":3,"name":"Albert Cos"}]}]}},"_links":{"self":[{"href":"https:\/\/grupnexus.com\/es\/wp-json\/wp\/v2\/pages\/21462"}],"collection":[{"href":"https:\/\/grupnexus.com\/es\/wp-json\/wp\/v2\/pages"}],"about":[{"href":"https:\/\/grupnexus.com\/es\/wp-json\/wp\/v2\/types\/page"}],"author":[{"embeddable":true,"href":"https:\/\/grupnexus.com\/es\/wp-json\/wp\/v2\/users\/6"}],"replies":[{"embeddable":true,"href":"https:\/\/grupnexus.com\/es\/wp-json\/wp\/v2\/comments?post=21462"}],"version-history":[{"count":5,"href":"https:\/\/grupnexus.com\/es\/wp-json\/wp\/v2\/pages\/21462\/revisions"}],"predecessor-version":[{"id":53212,"href":"https:\/\/grupnexus.com\/es\/wp-json\/wp\/v2\/pages\/21462\/revisions\/53212"}],"up":[{"embeddable":true,"href":"https:\/\/grupnexus.com\/es\/wp-json\/wp\/v2\/pages\/14354"}],"wp:attachment":[{"href":"https:\/\/grupnexus.com\/es\/wp-json\/wp\/v2\/media?parent=21462"}],"curies":[{"name":"wp","href":"https:\/\/api.w.org\/{rel}","templated":true}]}}