{"id":21537,"date":"2019-04-08T11:32:28","date_gmt":"2019-04-08T09:32:28","guid":{"rendered":"https:\/\/www.grupnexus.com\/?page_id=21537\/"},"modified":"2020-07-14T07:55:30","modified_gmt":"2020-07-14T05:55:30","slug":"precios-especiales-para-colectivos","status":"publish","type":"page","link":"https:\/\/grupnexus.com\/es\/servicios-al-cliente\/precios-especiales-para-colectivos\/","title":{"rendered":"Precios especiales para Colectivos"},"content":{"rendered":"<div class=\"row \"><div class=\"wpv-grid grid-1-1  wpv-first-level first unextended\" style=\"padding-top:0px;padding-bottom:0px\" id=\"wpv-column-ee1e9568c47eb1cebe0eaaf491646c2e\" >\t\t<h2 class=\"text-divider-double\">\t\t\t\nPrecios especiales para Colectivos\t\t<\/h2>\t\t<div class=\"sep\"><\/div>\t<\/div><\/div>\n<div class=\"row \"><div class=\"wpv-grid grid-1-1  wpv-first-level first unextended\" style=\"padding-top:0px;padding-bottom:0px\" id=\"wpv-column-f78fedd453a0a4e16648b0ae9d660bcb\" ><div class=\"row \"><div class=\"wpv-grid grid-1-1  first unextended\" style=\"padding-top:0px;padding-bottom:0px\" id=\"wpv-column-cb9b745957f5e6689f025f88b7b38dc4\" ><div class=\"row \"><div class=\"wpv-grid grid-2-3  first unextended\" style=\"padding-top:0px;padding-bottom:0px\" id=\"wpv-column-59f53a7dca9152758a267ffeb4a90a83\" ><p><img loading=\"lazy\" class=\"aligncenter size-full wp-image-23079\" src=\"https:\/\/grupnexus.com\/wp-content\/uploads\/2019\/04\/AVANTATGES_PER_A_COL\u00b7LECTIUS-CAST.png\" alt=\"\" width=\"850\" height=\"560\" srcset=\"https:\/\/grupnexus.com\/wp-content\/uploads\/2019\/04\/AVANTATGES_PER_A_COL\u00b7LECTIUS-CAST.png 850w, https:\/\/grupnexus.com\/wp-content\/uploads\/2019\/04\/AVANTATGES_PER_A_COL\u00b7LECTIUS-CAST-510x336.png 510w, https:\/\/grupnexus.com\/wp-content\/uploads\/2019\/04\/AVANTATGES_PER_A_COL\u00b7LECTIUS-CAST-300x198.png 300w, https:\/\/grupnexus.com\/wp-content\/uploads\/2019\/04\/AVANTATGES_PER_A_COL\u00b7LECTIUS-CAST-768x506.png 768w, https:\/\/grupnexus.com\/wp-content\/uploads\/2019\/04\/AVANTATGES_PER_A_COL\u00b7LECTIUS-CAST-555x366.png 555w, https:\/\/grupnexus.com\/wp-content\/uploads\/2019\/04\/AVANTATGES_PER_A_COL\u00b7LECTIUS-CAST-360x237.png 360w, https:\/\/grupnexus.com\/wp-content\/uploads\/2019\/04\/AVANTATGES_PER_A_COL\u00b7LECTIUS-CAST-262x173.png 262w\" sizes=\"(max-width: 850px) 100vw, 850px\" \/><\/div>\n<div class=\"wpv-grid grid-1-3  unextended\" style=\"padding-top:0px;padding-bottom:0px\" id=\"wpv-column-0909a9c2a13187710fc1a0cab79b1a8a\" ><p>Personas jubiladas<br \/>\nCarnet jove<br \/>\nPersonas en situaci\u00f3n de prestaci\u00f3n por desempleo o ERTE<br \/>\nCorporaciones, empresas y asociaciones:<\/p>\n<ul style=\"padding-left: 30px;\">\n<li><a href=\"http:\/\/www.aplleida.cat\">Ap! Lleida-Associaci\u00f3 Professional Empres\u00e0ries<\/a><\/li>\n<li><a href=\"https:\/\/www.cambralleida.org\/index.php?option=com_content&amp;view=article&amp;id=1116&amp;Itemid=325\">Club Cambra &#8211; Cambra de Comer\u00e7 de Lleida<\/a><\/li>\n<li><a href=\"http:\/\/ekke.cat\/es\/\">Ekke<\/a><\/li>\n<li><a href=\"http:\/\/hera.cat\/col\u00b7laboradors\/\">Hera- Osteoporosi i Menopausa &#8211; Associaci\u00f3 de dones<\/a><\/li>\n<li><a href=\"http:\/\/www.padelindoor.com\">P\u00e0del Indoor Lleida<\/a><\/li>\n<li><a href=\"https:\/\/www.plusfresc.cat\/es\/\">Plus Fresc<\/a><\/li>\n<\/ul><\/div><\/div><\/div><\/div><\/div><\/div>\n<div class=\"sep\"><\/div>\n","protected":false},"excerpt":{"rendered":"<p>Personas jubiladas Carnet jove Personas en situaci\u00f3n de prestaci\u00f3n por desempleo o ERTE Corporaciones, empresas y asociaciones: Ap! Lleida-Associaci\u00f3 Professional Empres\u00e0ries Club Cambra &#8211; Cambra de Comer\u00e7 de Lleida Ekke Hera- Osteoporosi i Menopausa &#8211; Associaci\u00f3 de dones P\u00e0del Indoor Lleida Plus Fresc<\/p>\n","protected":false},"author":6,"featured_media":0,"parent":8988,"menu_order":0,"comment_status":"closed","ping_status":"closed","template":"","meta":[],"yoast_head":"<!-- This site is optimized with the Yoast SEO plugin v18.6 - https:\/\/yoast.com\/wordpress\/plugins\/seo\/ -->\n<title>Precios especiales para Colectivos<\/title>\n<meta name=\"description\" content=\"A Nexus treballem amb tecnologia d&#039;avantguarda per remodelar el teu cos. Venda d&#039;alta cosm\u00e8tica.\" \/>\n<meta name=\"robots\" content=\"index, follow, max-snippet:-1, max-image-preview:large, max-video-preview:-1\" \/>\n<link rel=\"canonical\" href=\"https:\/\/grupnexus.com\/es\/servicios-al-cliente\/precios-especiales-para-colectivos\/\" \/>\n<meta property=\"og:locale\" content=\"es_ES\" \/>\n<meta property=\"og:type\" content=\"article\" \/>\n<meta property=\"og:title\" content=\"Precios especiales para Colectivos\" \/>\n<meta property=\"og:description\" content=\"A Nexus treballem amb tecnologia d&#039;avantguarda per remodelar el teu cos. Venda d&#039;alta cosm\u00e8tica.\" \/>\n<meta property=\"og:url\" content=\"https:\/\/grupnexus.com\/es\/servicios-al-cliente\/precios-especiales-para-colectivos\/\" \/>\n<meta property=\"og:site_name\" content=\"Cl\u00ednica Nexus\" \/>\n<meta property=\"article:modified_time\" content=\"2020-07-14T05:55:30+00:00\" \/>\n<meta property=\"og:image\" content=\"https:\/\/grupnexus.com\/wp-content\/uploads\/2019\/04\/AVANTATGES_PER_A_COL\u00b7LECTIUS-CAST.png\" \/>\n<meta name=\"twitter:card\" content=\"summary\" \/>\n<meta name=\"twitter:label1\" content=\"Tiempo de lectura\" \/>\n\t<meta name=\"twitter:data1\" content=\"1 minuto\" \/>\n<script type=\"application\/ld+json\" class=\"yoast-schema-graph\">{\"@context\":\"https:\/\/schema.org\",\"@graph\":[{\"@type\":\"WebSite\",\"@id\":\"https:\/\/grupnexus.com\/es\/#website\",\"url\":\"https:\/\/grupnexus.com\/es\/\",\"name\":\"Cl\u00ednica Nexus\",\"description\":\"L\u00edders en Medicina Est\u00e8tica Avan\u00e7ada\",\"potentialAction\":[{\"@type\":\"SearchAction\",\"target\":{\"@type\":\"EntryPoint\",\"urlTemplate\":\"https:\/\/grupnexus.com\/es\/?s={search_term_string}\"},\"query-input\":\"required name=search_term_string\"}],\"inLanguage\":\"es\"},{\"@type\":\"WebPage\",\"@id\":\"https:\/\/grupnexus.com\/es\/servicios-al-cliente\/precios-especiales-para-colectivos\/#webpage\",\"url\":\"https:\/\/grupnexus.com\/es\/servicios-al-cliente\/precios-especiales-para-colectivos\/\",\"name\":\"Precios especiales para Colectivos\",\"isPartOf\":{\"@id\":\"https:\/\/grupnexus.com\/es\/#website\"},\"datePublished\":\"2019-04-08T09:32:28+00:00\",\"dateModified\":\"2020-07-14T05:55:30+00:00\",\"description\":\"A Nexus treballem amb tecnologia d'avantguarda per remodelar el teu cos. Venda d'alta cosm\u00e8tica.\",\"breadcrumb\":{\"@id\":\"https:\/\/grupnexus.com\/es\/servicios-al-cliente\/precios-especiales-para-colectivos\/#breadcrumb\"},\"inLanguage\":\"es\",\"potentialAction\":[{\"@type\":\"ReadAction\",\"target\":[\"https:\/\/grupnexus.com\/es\/servicios-al-cliente\/precios-especiales-para-colectivos\/\"]}]},{\"@type\":\"BreadcrumbList\",\"@id\":\"https:\/\/grupnexus.com\/es\/servicios-al-cliente\/precios-especiales-para-colectivos\/#breadcrumb\",\"itemListElement\":[{\"@type\":\"ListItem\",\"position\":1,\"name\":\"Portada\",\"item\":\"https:\/\/grupnexus.com\/es\/\"},{\"@type\":\"ListItem\",\"position\":2,\"name\":\"Novedades, ofertas y promociones&#8230;\",\"item\":\"https:\/\/grupnexus.com\/es\/servicios-al-cliente\/\"},{\"@type\":\"ListItem\",\"position\":3,\"name\":\"Precios especiales para Colectivos\"}]}]}<\/script>\n<!-- \/ Yoast SEO plugin. -->","yoast_head_json":{"title":"Precios especiales para Colectivos","description":"A Nexus treballem amb tecnologia d'avantguarda per remodelar el teu cos. Venda d'alta cosm\u00e8tica.","robots":{"index":"index","follow":"follow","max-snippet":"max-snippet:-1","max-image-preview":"max-image-preview:large","max-video-preview":"max-video-preview:-1"},"canonical":"https:\/\/grupnexus.com\/es\/servicios-al-cliente\/precios-especiales-para-colectivos\/","og_locale":"es_ES","og_type":"article","og_title":"Precios especiales para Colectivos","og_description":"A Nexus treballem amb tecnologia d'avantguarda per remodelar el teu cos. Venda d'alta cosm\u00e8tica.","og_url":"https:\/\/grupnexus.com\/es\/servicios-al-cliente\/precios-especiales-para-colectivos\/","og_site_name":"Cl\u00ednica Nexus","article_modified_time":"2020-07-14T05:55:30+00:00","og_image":[{"url":"https:\/\/grupnexus.com\/wp-content\/uploads\/2019\/04\/AVANTATGES_PER_A_COL\u00b7LECTIUS-CAST.png"}],"twitter_card":"summary","twitter_misc":{"Tiempo de lectura":"1 minuto"},"schema":{"@context":"https:\/\/schema.org","@graph":[{"@type":"WebSite","@id":"https:\/\/grupnexus.com\/es\/#website","url":"https:\/\/grupnexus.com\/es\/","name":"Cl\u00ednica Nexus","description":"L\u00edders en Medicina Est\u00e8tica Avan\u00e7ada","potentialAction":[{"@type":"SearchAction","target":{"@type":"EntryPoint","urlTemplate":"https:\/\/grupnexus.com\/es\/?s={search_term_string}"},"query-input":"required name=search_term_string"}],"inLanguage":"es"},{"@type":"WebPage","@id":"https:\/\/grupnexus.com\/es\/servicios-al-cliente\/precios-especiales-para-colectivos\/#webpage","url":"https:\/\/grupnexus.com\/es\/servicios-al-cliente\/precios-especiales-para-colectivos\/","name":"Precios especiales para Colectivos","isPartOf":{"@id":"https:\/\/grupnexus.com\/es\/#website"},"datePublished":"2019-04-08T09:32:28+00:00","dateModified":"2020-07-14T05:55:30+00:00","description":"A Nexus treballem amb tecnologia d'avantguarda per remodelar el teu cos. Venda d'alta cosm\u00e8tica.","breadcrumb":{"@id":"https:\/\/grupnexus.com\/es\/servicios-al-cliente\/precios-especiales-para-colectivos\/#breadcrumb"},"inLanguage":"es","potentialAction":[{"@type":"ReadAction","target":["https:\/\/grupnexus.com\/es\/servicios-al-cliente\/precios-especiales-para-colectivos\/"]}]},{"@type":"BreadcrumbList","@id":"https:\/\/grupnexus.com\/es\/servicios-al-cliente\/precios-especiales-para-colectivos\/#breadcrumb","itemListElement":[{"@type":"ListItem","position":1,"name":"Portada","item":"https:\/\/grupnexus.com\/es\/"},{"@type":"ListItem","position":2,"name":"Novedades, ofertas y promociones&#8230;","item":"https:\/\/grupnexus.com\/es\/servicios-al-cliente\/"},{"@type":"ListItem","position":3,"name":"Precios especiales para Colectivos"}]}]}},"_links":{"self":[{"href":"https:\/\/grupnexus.com\/es\/wp-json\/wp\/v2\/pages\/21537"}],"collection":[{"href":"https:\/\/grupnexus.com\/es\/wp-json\/wp\/v2\/pages"}],"about":[{"href":"https:\/\/grupnexus.com\/es\/wp-json\/wp\/v2\/types\/page"}],"author":[{"embeddable":true,"href":"https:\/\/grupnexus.com\/es\/wp-json\/wp\/v2\/users\/6"}],"replies":[{"embeddable":true,"href":"https:\/\/grupnexus.com\/es\/wp-json\/wp\/v2\/comments?post=21537"}],"version-history":[{"count":11,"href":"https:\/\/grupnexus.com\/es\/wp-json\/wp\/v2\/pages\/21537\/revisions"}],"predecessor-version":[{"id":45080,"href":"https:\/\/grupnexus.com\/es\/wp-json\/wp\/v2\/pages\/21537\/revisions\/45080"}],"up":[{"embeddable":true,"href":"https:\/\/grupnexus.com\/es\/wp-json\/wp\/v2\/pages\/8988"}],"wp:attachment":[{"href":"https:\/\/grupnexus.com\/es\/wp-json\/wp\/v2\/media?parent=21537"}],"curies":[{"name":"wp","href":"https:\/\/api.w.org\/{rel}","templated":true}]}}