{"id":22584,"date":"2019-03-25T17:00:23","date_gmt":"2019-03-25T15:00:23","guid":{"rendered":"https:\/\/www.grupnexus.com\/?page_id=22584\/"},"modified":"2021-03-01T12:26:34","modified_gmt":"2021-03-01T10:26:34","slug":"estudio-hormonal","status":"publish","type":"page","link":"https:\/\/grupnexus.com\/es\/tratamientos\/medicina-antiaging\/estudio-hormonal\/","title":{"rendered":"Estudio Hormonal"},"content":{"rendered":"<div class=\"row \"><div class=\"wpv-grid grid-3-4  wpv-first-level first unextended\" style=\"padding-top:0px;padding-bottom:0px\" id=\"wpv-column-e5a466b1a1d4647e99d78b84d3b17f02\" >\t\t<h2 class=\"text-divider-double\">\t\t\t\nEstudio Hormonal\t\t<\/h2>\t\t<div class=\"sep\"><\/div>\t<\/div>\n<div class=\"wpv-grid grid-1-4  wpv-first-level unextended\" style=\"padding-top:0px;padding-bottom:0px\" id=\"wpv-column-2a8cd4dc54c8de1df3fe75dec649e817\" ><div class=\"push\" style='height:44px'><\/div>\n<!-- Widget Shortcode --><div id=\"search-11\" class=\"widget widget_search widget-shortcode area-wpv_sidebar-tractament-est-facial-cat-left \"><form role=\"search\" method=\"get\" class=\"searchform clearfix\" action=\"https:\/\/grupnexus.com\/es\/\">\n\t<label for=\"search-text-widget\" class=\"visuallyhidden\">Search for:<\/label>\n\t<input id=\"search-text-widget\" type=\"text\" value=\"\" name=\"s\" placeholder=\"Buscar\" required=\"required\" \/>\n\t<input type=\"submit\" value=\"Buscar\" \/>\n\t\t\t<input type=\"hidden\" name=\"lang\" value=\"es\"\/>\n\t<\/form><\/div><!-- \/Widget Shortcode --><\/div><\/div>\n<div class=\"row \"><div class=\"wpv-grid grid-1-4  wpv-first-level first unextended\" style=\"padding-top:0px;padding-bottom:0px\" id=\"wpv-column-b17ed39e569caeeace327df78819ccbb\" ><!-- Widget Shortcode --><div id=\"nav_menu-19\" class=\"widget widget_nav_menu widget-shortcode area-wpv_sidebar-tractaments-cat-left \"><h2 class=\"widgettitle\">Tratamientos<\/h2><div class=\"menu-menu-tratamientos-es-container\"><ul id=\"menu-menu-tratamientos-es\" class=\"menu\"><li id=\"menu-item-9584\" class=\"menu-item menu-item-type-post_type menu-item-object-page menu-item-9584\"><a href=\"https:\/\/grupnexus.com\/es\/tratamientos\/medicina-estetica-facial\/\">Medicina est\u00e9tica facial<\/a><\/li>\n<li id=\"menu-item-9583\" class=\"menu-item menu-item-type-post_type menu-item-object-page menu-item-9583\"><a href=\"https:\/\/grupnexus.com\/es\/tratamientos\/medicina-estetica-corporal\/\">Medicina est\u00e9tica corporal<\/a><\/li>\n<li id=\"menu-item-9667\" class=\"menu-item menu-item-type-post_type menu-item-object-page menu-item-9667\"><a href=\"https:\/\/grupnexus.com\/es\/tratamientos\/plataforma-laser\/\">Plataforma l\u00e1ser<\/a><\/li>\n<li id=\"menu-item-9578\" class=\"menu-item menu-item-type-post_type menu-item-object-page menu-item-9578\"><a href=\"https:\/\/grupnexus.com\/es\/tratamientos\/cirugia-estetica\/\">Cirug\u00eda est\u00e9tica<\/a><\/li>\n<li id=\"menu-item-9581\" class=\"menu-item menu-item-type-post_type menu-item-object-page menu-item-9581\"><a href=\"https:\/\/grupnexus.com\/es\/tratamientos\/medicina-antiaging\/\">Medicina Antiaging Preventiva<\/a><\/li>\n<li id=\"menu-item-9582\" class=\"menu-item menu-item-type-post_type menu-item-object-page menu-item-9582\"><a href=\"https:\/\/grupnexus.com\/es\/tratamientos\/medicina-biologica\/\">Medicina biol\u00f3gica<\/a><\/li>\n<li id=\"menu-item-9580\" class=\"menu-item menu-item-type-post_type menu-item-object-page menu-item-9580\"><a href=\"https:\/\/grupnexus.com\/es\/tratamientos\/estetica-avanzada\/\">Est\u00e9tica avanzada<\/a><\/li>\n<\/ul><\/div><\/div><!-- \/Widget Shortcode --><\/div>\n<div class=\"wpv-grid grid-3-4  wpv-first-level unextended\" style=\"padding-top:0px;padding-bottom:0px\" id=\"wpv-column-4f99e451949e98f0da16e4bb4bc61a9d\" ><p style=\"text-align: center;\"><img loading=\"lazy\" class=\"aligncenter wp-image-25539 \" src=\"https:\/\/grupnexus.com\/wp-content\/uploads\/2019\/03\/Sistema-endocri\u0301-35036137_s.jpg\" alt=\"\" width=\"483\" height=\"544\" srcset=\"https:\/\/grupnexus.com\/wp-content\/uploads\/2019\/03\/Sistema-endocri\u0301-35036137_s.jpg 652w, https:\/\/grupnexus.com\/wp-content\/uploads\/2019\/03\/Sistema-endocri\u0301-35036137_s-510x574.jpg 510w, https:\/\/grupnexus.com\/wp-content\/uploads\/2019\/03\/Sistema-endocri\u0301-35036137_s-266x300.jpg 266w, https:\/\/grupnexus.com\/wp-content\/uploads\/2019\/03\/Sistema-endocri\u0301-35036137_s-555x625.jpg 555w, https:\/\/grupnexus.com\/wp-content\/uploads\/2019\/03\/Sistema-endocri\u0301-35036137_s-360x405.jpg 360w, https:\/\/grupnexus.com\/wp-content\/uploads\/2019\/03\/Sistema-endocri\u0301-35036137_s-262x295.jpg 262w\" sizes=\"(max-width: 483px) 100vw, 483px\" \/><\/p>\n<div class=\"row \"><div class=\"wpv-grid grid-1-1  first unextended\" style=\"padding-top:0px;padding-bottom:0px\" id=\"wpv-column-7cad599971bc17a866b64a3356d50aee\" ><p>La incidencia de enfermedades relacionadas con la edad se encuentra en gran parte controlado por nuestros sistemas inmune y endocrino, relacionados ambos con el proceso del envejecimiento.<\/p>\n<p>Las hormonas son liberadas desde las gl\u00e1ndulas endocrinas de numerosos \u00f3rganos y sistemas hacia el torrente sangu\u00edneo y ejercen efectos bioqu\u00edmicos en las c\u00e9lulas. Estas tienen la funci\u00f3n de ser mensajeros del sistema nervioso central, ordenando a nuestros \u00f3rganos internos como funcionar.<\/p>\n<p>Hormonas tiroideas, estr\u00f3genos, testosterona, cortisol, DHEA (dehidroepiandrosterona), insulina, melatonina &#8230; cada una tiene unas funciones espec\u00edficas y muchas de ellas interact\u00faan de forma sin\u00e9rgica.<\/p>\n<p>Elaborar un estudio hormonal peri\u00f3dico te ayuda a controlar el proceso de envejecimiento.<\/p>\n<p>Inf\u00f3rmate en Cl\u00ednica Nexus sobre el Plan de Medicina Preventiva Antiaging m\u00e1s adecuado para ti.<\/div><\/div><\/div><\/div>\n<div class=\"sep\"><\/div>\n<div class=\"row \"><div class=\"wpv-grid grid-1-1  wpv-first-level first unextended\" style=\"padding-top:0px;padding-bottom:0px\" id=\"wpv-column-6a7bacb6fc63d56ff135e0e4f4f25fa5\" ><p><span class=\"buscar\"><strong>Potser estava buscant:<\/strong><\/span><br \/>\n<span class=\"paraules\">Estudio Hormonal Lleida, estudio hormonal<\/span><\/div><\/div>\n","protected":false},"excerpt":{"rendered":"<p>La incidencia de enfermedades relacionadas con la edad se encuentra en gran parte controlado por nuestros sistemas inmune y endocrino, relacionados ambos con el proceso del envejecimiento. Las hormonas son liberadas desde las gl\u00e1ndulas endocrinas de numerosos \u00f3rganos y sistemas hacia el torrente sangu\u00edneo y ejercen efectos bioqu\u00edmicos en las c\u00e9lulas. Estas tienen la funci\u00f3n&#8230;<\/p>\n","protected":false},"author":6,"featured_media":0,"parent":1056,"menu_order":0,"comment_status":"closed","ping_status":"closed","template":"","meta":[],"yoast_head":"<!-- This site is optimized with the Yoast SEO plugin v18.6 - https:\/\/yoast.com\/wordpress\/plugins\/seo\/ -->\n<title>Estudio Hormonal Lleida<\/title>\n<meta name=\"description\" content=\"A Nexus trobar\u00e0s les t\u00e8cniques per augmentar la qualitat de vida, obtenir beneficis cel\u00b7lulars, f\u00edsics i mentals i per prevenir el risc de malalties\" \/>\n<meta name=\"robots\" content=\"index, follow, max-snippet:-1, max-image-preview:large, max-video-preview:-1\" \/>\n<link rel=\"canonical\" href=\"https:\/\/grupnexus.com\/es\/tratamientos\/medicina-antiaging\/estudio-hormonal\/\" \/>\n<meta property=\"og:locale\" content=\"es_ES\" \/>\n<meta property=\"og:type\" content=\"article\" \/>\n<meta property=\"og:title\" content=\"Estudio Hormonal Lleida\" \/>\n<meta property=\"og:description\" content=\"A Nexus trobar\u00e0s les t\u00e8cniques per augmentar la qualitat de vida, obtenir beneficis cel\u00b7lulars, f\u00edsics i mentals i per prevenir el risc de malalties\" \/>\n<meta property=\"og:url\" content=\"https:\/\/grupnexus.com\/es\/tratamientos\/medicina-antiaging\/estudio-hormonal\/\" \/>\n<meta property=\"og:site_name\" content=\"Cl\u00ednica Nexus\" \/>\n<meta property=\"article:modified_time\" content=\"2021-03-01T10:26:34+00:00\" \/>\n<meta property=\"og:image\" content=\"https:\/\/grupnexus.com\/wp-content\/uploads\/2019\/03\/Sistema-endocri\u0301-35036137_s.jpg\" \/>\n<meta name=\"twitter:card\" content=\"summary\" \/>\n<meta name=\"twitter:label1\" content=\"Tiempo de lectura\" \/>\n\t<meta name=\"twitter:data1\" content=\"2 minutos\" \/>\n<script type=\"application\/ld+json\" class=\"yoast-schema-graph\">{\"@context\":\"https:\/\/schema.org\",\"@graph\":[{\"@type\":\"WebSite\",\"@id\":\"https:\/\/grupnexus.com\/es\/#website\",\"url\":\"https:\/\/grupnexus.com\/es\/\",\"name\":\"Cl\u00ednica Nexus\",\"description\":\"L\u00edders en Medicina Est\u00e8tica Avan\u00e7ada\",\"potentialAction\":[{\"@type\":\"SearchAction\",\"target\":{\"@type\":\"EntryPoint\",\"urlTemplate\":\"https:\/\/grupnexus.com\/es\/?s={search_term_string}\"},\"query-input\":\"required name=search_term_string\"}],\"inLanguage\":\"es\"},{\"@type\":\"WebPage\",\"@id\":\"https:\/\/grupnexus.com\/es\/tratamientos\/medicina-antiaging\/estudio-hormonal\/#webpage\",\"url\":\"https:\/\/grupnexus.com\/es\/tratamientos\/medicina-antiaging\/estudio-hormonal\/\",\"name\":\"Estudio Hormonal Lleida\",\"isPartOf\":{\"@id\":\"https:\/\/grupnexus.com\/es\/#website\"},\"datePublished\":\"2019-03-25T15:00:23+00:00\",\"dateModified\":\"2021-03-01T10:26:34+00:00\",\"description\":\"A Nexus trobar\u00e0s les t\u00e8cniques per augmentar la qualitat de vida, obtenir beneficis cel\u00b7lulars, f\u00edsics i mentals i per prevenir el risc de malalties\",\"breadcrumb\":{\"@id\":\"https:\/\/grupnexus.com\/es\/tratamientos\/medicina-antiaging\/estudio-hormonal\/#breadcrumb\"},\"inLanguage\":\"es\",\"potentialAction\":[{\"@type\":\"ReadAction\",\"target\":[\"https:\/\/grupnexus.com\/es\/tratamientos\/medicina-antiaging\/estudio-hormonal\/\"]}]},{\"@type\":\"BreadcrumbList\",\"@id\":\"https:\/\/grupnexus.com\/es\/tratamientos\/medicina-antiaging\/estudio-hormonal\/#breadcrumb\",\"itemListElement\":[{\"@type\":\"ListItem\",\"position\":1,\"name\":\"Portada\",\"item\":\"https:\/\/grupnexus.com\/es\/\"},{\"@type\":\"ListItem\",\"position\":2,\"name\":\"Tratamientos\",\"item\":\"https:\/\/grupnexus.com\/es\/tratamientos\/\"},{\"@type\":\"ListItem\",\"position\":3,\"name\":\"Medicina Antiaging Preventiva\",\"item\":\"https:\/\/grupnexus.com\/es\/tratamientos\/medicina-antiaging\/\"},{\"@type\":\"ListItem\",\"position\":4,\"name\":\"Estudio Hormonal\"}]}]}<\/script>\n<!-- \/ Yoast SEO plugin. -->","yoast_head_json":{"title":"Estudio Hormonal Lleida","description":"A Nexus trobar\u00e0s les t\u00e8cniques per augmentar la qualitat de vida, obtenir beneficis cel\u00b7lulars, f\u00edsics i mentals i per prevenir el risc de malalties","robots":{"index":"index","follow":"follow","max-snippet":"max-snippet:-1","max-image-preview":"max-image-preview:large","max-video-preview":"max-video-preview:-1"},"canonical":"https:\/\/grupnexus.com\/es\/tratamientos\/medicina-antiaging\/estudio-hormonal\/","og_locale":"es_ES","og_type":"article","og_title":"Estudio Hormonal Lleida","og_description":"A Nexus trobar\u00e0s les t\u00e8cniques per augmentar la qualitat de vida, obtenir beneficis cel\u00b7lulars, f\u00edsics i mentals i per prevenir el risc de malalties","og_url":"https:\/\/grupnexus.com\/es\/tratamientos\/medicina-antiaging\/estudio-hormonal\/","og_site_name":"Cl\u00ednica Nexus","article_modified_time":"2021-03-01T10:26:34+00:00","og_image":[{"url":"https:\/\/grupnexus.com\/wp-content\/uploads\/2019\/03\/Sistema-endocri\u0301-35036137_s.jpg"}],"twitter_card":"summary","twitter_misc":{"Tiempo de lectura":"2 minutos"},"schema":{"@context":"https:\/\/schema.org","@graph":[{"@type":"WebSite","@id":"https:\/\/grupnexus.com\/es\/#website","url":"https:\/\/grupnexus.com\/es\/","name":"Cl\u00ednica Nexus","description":"L\u00edders en Medicina Est\u00e8tica Avan\u00e7ada","potentialAction":[{"@type":"SearchAction","target":{"@type":"EntryPoint","urlTemplate":"https:\/\/grupnexus.com\/es\/?s={search_term_string}"},"query-input":"required name=search_term_string"}],"inLanguage":"es"},{"@type":"WebPage","@id":"https:\/\/grupnexus.com\/es\/tratamientos\/medicina-antiaging\/estudio-hormonal\/#webpage","url":"https:\/\/grupnexus.com\/es\/tratamientos\/medicina-antiaging\/estudio-hormonal\/","name":"Estudio Hormonal Lleida","isPartOf":{"@id":"https:\/\/grupnexus.com\/es\/#website"},"datePublished":"2019-03-25T15:00:23+00:00","dateModified":"2021-03-01T10:26:34+00:00","description":"A Nexus trobar\u00e0s les t\u00e8cniques per augmentar la qualitat de vida, obtenir beneficis cel\u00b7lulars, f\u00edsics i mentals i per prevenir el risc de malalties","breadcrumb":{"@id":"https:\/\/grupnexus.com\/es\/tratamientos\/medicina-antiaging\/estudio-hormonal\/#breadcrumb"},"inLanguage":"es","potentialAction":[{"@type":"ReadAction","target":["https:\/\/grupnexus.com\/es\/tratamientos\/medicina-antiaging\/estudio-hormonal\/"]}]},{"@type":"BreadcrumbList","@id":"https:\/\/grupnexus.com\/es\/tratamientos\/medicina-antiaging\/estudio-hormonal\/#breadcrumb","itemListElement":[{"@type":"ListItem","position":1,"name":"Portada","item":"https:\/\/grupnexus.com\/es\/"},{"@type":"ListItem","position":2,"name":"Tratamientos","item":"https:\/\/grupnexus.com\/es\/tratamientos\/"},{"@type":"ListItem","position":3,"name":"Medicina Antiaging Preventiva","item":"https:\/\/grupnexus.com\/es\/tratamientos\/medicina-antiaging\/"},{"@type":"ListItem","position":4,"name":"Estudio Hormonal"}]}]}},"_links":{"self":[{"href":"https:\/\/grupnexus.com\/es\/wp-json\/wp\/v2\/pages\/22584"}],"collection":[{"href":"https:\/\/grupnexus.com\/es\/wp-json\/wp\/v2\/pages"}],"about":[{"href":"https:\/\/grupnexus.com\/es\/wp-json\/wp\/v2\/types\/page"}],"author":[{"embeddable":true,"href":"https:\/\/grupnexus.com\/es\/wp-json\/wp\/v2\/users\/6"}],"replies":[{"embeddable":true,"href":"https:\/\/grupnexus.com\/es\/wp-json\/wp\/v2\/comments?post=22584"}],"version-history":[{"count":6,"href":"https:\/\/grupnexus.com\/es\/wp-json\/wp\/v2\/pages\/22584\/revisions"}],"predecessor-version":[{"id":46948,"href":"https:\/\/grupnexus.com\/es\/wp-json\/wp\/v2\/pages\/22584\/revisions\/46948"}],"up":[{"embeddable":true,"href":"https:\/\/grupnexus.com\/es\/wp-json\/wp\/v2\/pages\/1056"}],"wp:attachment":[{"href":"https:\/\/grupnexus.com\/es\/wp-json\/wp\/v2\/media?parent=22584"}],"curies":[{"name":"wp","href":"https:\/\/api.w.org\/{rel}","templated":true}]}}