{"id":26336,"date":"2019-05-24T17:41:47","date_gmt":"2019-05-24T15:41:47","guid":{"rendered":"https:\/\/www.grupnexus.com\/?page_id=26336"},"modified":"2020-02-20T13:18:23","modified_gmt":"2020-02-20T11:18:23","slug":"metodo-pnk-diaprokal","status":"publish","type":"page","link":"https:\/\/grupnexus.com\/es\/tratamientos\/dietetica-y-nutricion\/pronokal\/metodo-pnk-diaprokal\/","title":{"rendered":"M\u00e9todo PNK Diaprokal"},"content":{"rendered":"<div class=\"row \"><div class=\"wpv-grid grid-3-4  wpv-first-level first unextended\" style=\"padding-top:0px;padding-bottom:0px\" id=\"wpv-column-a1790506ba144c41173f33e0e292973c\" >\t\t<h2 class=\"text-divider-double\">\t\t\t\nM\u00e9todo PNK Diaprokal\t\t<\/h2>\t\t<div class=\"sep\"><\/div>\t<\/div>\n<div class=\"wpv-grid grid-1-4  wpv-first-level unextended\" style=\"padding-top:0px;padding-bottom:0px\" id=\"wpv-column-1e8b64a8cf38d6bb9c44dde4c0fc8f4c\" ><div class=\"push\" style='height:44px'><\/div>\n<!-- Widget Shortcode --><div id=\"search-11\" class=\"widget widget_search widget-shortcode area-wpv_sidebar-tractament-est-facial-cat-left \"><form role=\"search\" method=\"get\" class=\"searchform clearfix\" action=\"https:\/\/grupnexus.com\/es\/\">\n\t<label for=\"search-text-widget\" class=\"visuallyhidden\">Search for:<\/label>\n\t<input id=\"search-text-widget\" type=\"text\" value=\"\" name=\"s\" placeholder=\"Buscar\" required=\"required\" \/>\n\t<input type=\"submit\" value=\"Buscar\" \/>\n\t\t\t<input type=\"hidden\" name=\"lang\" value=\"es\"\/>\n\t<\/form><\/div><!-- \/Widget Shortcode --><\/div><\/div>\n<div class=\"row \"><div class=\"wpv-grid grid-1-4  wpv-first-level first unextended\" style=\"padding-top:0px;padding-bottom:0px\" id=\"wpv-column-c52711cc8c61545f1ccdfea231bae558\" ><!-- Widget Shortcode --><div id=\"nav_menu-33\" class=\"widget widget_nav_menu widget-shortcode area-wpv_sidebar-pronokal-cat-right \"><h2 class=\"widgettitle\">Pronokal<\/h2><div class=\"menu-diet-i-nut-pronokal-es-container\"><ul id=\"menu-diet-i-nut-pronokal-es\" class=\"menu\"><li id=\"menu-item-26384\" class=\"menu-item menu-item-type-post_type menu-item-object-page menu-item-26384\"><a href=\"https:\/\/grupnexus.com\/es\/tratamientos\/dietetica-y-nutricion\/pronokal\/metodo-pnk-define\/\">M\u00e9todo PNK Define<\/a><\/li>\n<li id=\"menu-item-26383\" class=\"menu-item menu-item-type-post_type menu-item-object-page menu-item-26383\"><a href=\"https:\/\/grupnexus.com\/es\/tratamientos\/dietetica-y-nutricion\/pronokal\/metodo-pnk-diaprokal\/\">M\u00e9todo PNK Diaprokal<\/a><\/li>\n<li id=\"menu-item-26385\" class=\"menu-item menu-item-type-post_type menu-item-object-page menu-item-26385\"><a href=\"https:\/\/grupnexus.com\/es\/tratamientos\/dietetica-y-nutricion\/pronokal\/metodo-pnk-mama\/\">M\u00e9todo PNK Mam\u00e1<\/a><\/li>\n<\/ul><\/div><\/div><!-- \/Widget Shortcode --><\/div>\n<div class=\"wpv-grid grid-3-4  wpv-first-level unextended\" style=\"padding-top:0px;padding-bottom:0px\" id=\"wpv-column-c391653fdb18076166e49d86953d64dc\" ><p><img loading=\"lazy\" class=\"aligncenter wp-image-26331 size-full\" src=\"https:\/\/grupnexus.com\/wp-content\/uploads\/2019\/05\/pnk-diaprokal-imagen-azul.png\" alt=\"\" width=\"676\" height=\"506\" srcset=\"https:\/\/grupnexus.com\/wp-content\/uploads\/2019\/05\/pnk-diaprokal-imagen-azul.png 676w, https:\/\/grupnexus.com\/wp-content\/uploads\/2019\/05\/pnk-diaprokal-imagen-azul-510x382.png 510w, https:\/\/grupnexus.com\/wp-content\/uploads\/2019\/05\/pnk-diaprokal-imagen-azul-300x225.png 300w, https:\/\/grupnexus.com\/wp-content\/uploads\/2019\/05\/pnk-diaprokal-imagen-azul-555x415.png 555w, https:\/\/grupnexus.com\/wp-content\/uploads\/2019\/05\/pnk-diaprokal-imagen-azul-360x269.png 360w, https:\/\/grupnexus.com\/wp-content\/uploads\/2019\/05\/pnk-diaprokal-imagen-azul-262x196.png 262w\" sizes=\"(max-width: 676px) 100vw, 676px\" \/><b><\/b><\/p>\n<p><b>M\u00c8TODE PNK DIAPROKAL<\/b><\/p>\n<p>Gracias a su eficacia, el m\u00e9todo Pronokal ha sido adaptado tambi\u00e9n para los pacientes diab\u00e9ticos tipo II, en los que la p\u00e9rdida de peso es, en la mayor\u00eda de casos, parte fundamental del tratamiento. As\u00ed ha nacido DIAPROKAL, la dieta proteinada espec\u00edfica y de referencia para personas con este tipo de alteraci\u00f3n metab\u00f3lica.<\/p>\n<h5><em>Pide una primera visita gratuita de asesoramiento, para que te deriven al profesional que m\u00e1s conviene en tu caso.<\/em><\/h5><\/div><\/div>\n<div class=\"sep\"><\/div>\n<div class=\"row \"><div class=\"wpv-grid grid-1-1  wpv-first-level first unextended\" style=\"padding-top:0px;padding-bottom:0px\" id=\"wpv-column-32b9f9e5194b720b275edf16c2d1a827\" ><p><strong><span class=\"buscar\">Potser estava buscant:<\/span><\/strong><\/div><\/div>\n","protected":false},"excerpt":{"rendered":"<p>M\u00c8TODE PNK DIAPROKAL Gracias a su eficacia, el m\u00e9todo Pronokal ha sido adaptado tambi\u00e9n para los pacientes diab\u00e9ticos tipo II, en los que la p\u00e9rdida de peso es, en la mayor\u00eda de casos, parte fundamental del tratamiento. As\u00ed ha nacido DIAPROKAL, la dieta proteinada espec\u00edfica y de referencia para personas con este tipo de alteraci\u00f3n&#8230;<\/p>\n","protected":false},"author":6,"featured_media":0,"parent":17949,"menu_order":0,"comment_status":"closed","ping_status":"closed","template":"","meta":[],"yoast_head":"<!-- This site is optimized with the Yoast SEO plugin v18.6 - https:\/\/yoast.com\/wordpress\/plugins\/seo\/ -->\n<title>M\u00e9todo PNK Diaprokal - Cl\u00ednica Nexus<\/title>\n<meta name=\"description\" content=\"A Nexus comptem amb les millors f\u00f3rmules innovadores d&#039;est\u00e8tica avan\u00e7ada i micropigmentaci\u00f3.\" \/>\n<meta name=\"robots\" content=\"index, follow, max-snippet:-1, max-image-preview:large, max-video-preview:-1\" \/>\n<link rel=\"canonical\" href=\"https:\/\/grupnexus.com\/es\/tratamientos\/dietetica-y-nutricion\/pronokal\/metodo-pnk-diaprokal\/\" \/>\n<meta property=\"og:locale\" content=\"es_ES\" \/>\n<meta property=\"og:type\" content=\"article\" \/>\n<meta property=\"og:title\" content=\"M\u00e9todo PNK Diaprokal - Cl\u00ednica Nexus\" \/>\n<meta property=\"og:description\" content=\"A Nexus comptem amb les millors f\u00f3rmules innovadores d&#039;est\u00e8tica avan\u00e7ada i micropigmentaci\u00f3.\" \/>\n<meta property=\"og:url\" content=\"https:\/\/grupnexus.com\/es\/tratamientos\/dietetica-y-nutricion\/pronokal\/metodo-pnk-diaprokal\/\" \/>\n<meta property=\"og:site_name\" content=\"Cl\u00ednica Nexus\" \/>\n<meta property=\"article:modified_time\" content=\"2020-02-20T11:18:23+00:00\" \/>\n<meta property=\"og:image\" content=\"https:\/\/grupnexus.com\/wp-content\/uploads\/2019\/05\/pnk-diaprokal-imagen-azul.png\" \/>\n<meta name=\"twitter:card\" content=\"summary\" \/>\n<meta name=\"twitter:label1\" content=\"Tiempo de lectura\" \/>\n\t<meta name=\"twitter:data1\" content=\"2 minutos\" \/>\n<script type=\"application\/ld+json\" class=\"yoast-schema-graph\">{\"@context\":\"https:\/\/schema.org\",\"@graph\":[{\"@type\":\"WebSite\",\"@id\":\"https:\/\/grupnexus.com\/es\/#website\",\"url\":\"https:\/\/grupnexus.com\/es\/\",\"name\":\"Cl\u00ednica Nexus\",\"description\":\"L\u00edders en Medicina Est\u00e8tica Avan\u00e7ada\",\"potentialAction\":[{\"@type\":\"SearchAction\",\"target\":{\"@type\":\"EntryPoint\",\"urlTemplate\":\"https:\/\/grupnexus.com\/es\/?s={search_term_string}\"},\"query-input\":\"required name=search_term_string\"}],\"inLanguage\":\"es\"},{\"@type\":\"ImageObject\",\"@id\":\"https:\/\/grupnexus.com\/es\/tratamientos\/dietetica-y-nutricion\/pronokal\/metodo-pnk-diaprokal\/#primaryimage\",\"inLanguage\":\"es\",\"url\":\"https:\/\/grupnexus.com\/wp-content\/uploads\/2019\/05\/pnk-diaprokal-imagen-azul.png\",\"contentUrl\":\"https:\/\/grupnexus.com\/wp-content\/uploads\/2019\/05\/pnk-diaprokal-imagen-azul.png\",\"width\":676,\"height\":506},{\"@type\":\"WebPage\",\"@id\":\"https:\/\/grupnexus.com\/es\/tratamientos\/dietetica-y-nutricion\/pronokal\/metodo-pnk-diaprokal\/#webpage\",\"url\":\"https:\/\/grupnexus.com\/es\/tratamientos\/dietetica-y-nutricion\/pronokal\/metodo-pnk-diaprokal\/\",\"name\":\"M\u00e9todo PNK Diaprokal - Cl\u00ednica Nexus\",\"isPartOf\":{\"@id\":\"https:\/\/grupnexus.com\/es\/#website\"},\"primaryImageOfPage\":{\"@id\":\"https:\/\/grupnexus.com\/es\/tratamientos\/dietetica-y-nutricion\/pronokal\/metodo-pnk-diaprokal\/#primaryimage\"},\"datePublished\":\"2019-05-24T15:41:47+00:00\",\"dateModified\":\"2020-02-20T11:18:23+00:00\",\"description\":\"A Nexus comptem amb les millors f\u00f3rmules innovadores d'est\u00e8tica avan\u00e7ada i micropigmentaci\u00f3.\",\"breadcrumb\":{\"@id\":\"https:\/\/grupnexus.com\/es\/tratamientos\/dietetica-y-nutricion\/pronokal\/metodo-pnk-diaprokal\/#breadcrumb\"},\"inLanguage\":\"es\",\"potentialAction\":[{\"@type\":\"ReadAction\",\"target\":[\"https:\/\/grupnexus.com\/es\/tratamientos\/dietetica-y-nutricion\/pronokal\/metodo-pnk-diaprokal\/\"]}]},{\"@type\":\"BreadcrumbList\",\"@id\":\"https:\/\/grupnexus.com\/es\/tratamientos\/dietetica-y-nutricion\/pronokal\/metodo-pnk-diaprokal\/#breadcrumb\",\"itemListElement\":[{\"@type\":\"ListItem\",\"position\":1,\"name\":\"Portada\",\"item\":\"https:\/\/grupnexus.com\/es\/\"},{\"@type\":\"ListItem\",\"position\":2,\"name\":\"Tratamientos\",\"item\":\"https:\/\/grupnexus.com\/es\/tratamientos\/\"},{\"@type\":\"ListItem\",\"position\":3,\"name\":\"Diet\u00e9tica y Nutrici\u00f3n\",\"item\":\"https:\/\/grupnexus.com\/es\/tratamientos\/dietetica-y-nutricion\/\"},{\"@type\":\"ListItem\",\"position\":4,\"name\":\"Pronokal\",\"item\":\"https:\/\/grupnexus.com\/es\/tratamientos\/dietetica-y-nutricion\/pronokal\/\"},{\"@type\":\"ListItem\",\"position\":5,\"name\":\"M\u00e9todo PNK Diaprokal\"}]}]}<\/script>\n<!-- \/ Yoast SEO plugin. -->","yoast_head_json":{"title":"M\u00e9todo PNK Diaprokal - Cl\u00ednica Nexus","description":"A Nexus comptem amb les millors f\u00f3rmules innovadores d'est\u00e8tica avan\u00e7ada i micropigmentaci\u00f3.","robots":{"index":"index","follow":"follow","max-snippet":"max-snippet:-1","max-image-preview":"max-image-preview:large","max-video-preview":"max-video-preview:-1"},"canonical":"https:\/\/grupnexus.com\/es\/tratamientos\/dietetica-y-nutricion\/pronokal\/metodo-pnk-diaprokal\/","og_locale":"es_ES","og_type":"article","og_title":"M\u00e9todo PNK Diaprokal - Cl\u00ednica Nexus","og_description":"A Nexus comptem amb les millors f\u00f3rmules innovadores d'est\u00e8tica avan\u00e7ada i micropigmentaci\u00f3.","og_url":"https:\/\/grupnexus.com\/es\/tratamientos\/dietetica-y-nutricion\/pronokal\/metodo-pnk-diaprokal\/","og_site_name":"Cl\u00ednica Nexus","article_modified_time":"2020-02-20T11:18:23+00:00","og_image":[{"url":"https:\/\/grupnexus.com\/wp-content\/uploads\/2019\/05\/pnk-diaprokal-imagen-azul.png"}],"twitter_card":"summary","twitter_misc":{"Tiempo de lectura":"2 minutos"},"schema":{"@context":"https:\/\/schema.org","@graph":[{"@type":"WebSite","@id":"https:\/\/grupnexus.com\/es\/#website","url":"https:\/\/grupnexus.com\/es\/","name":"Cl\u00ednica Nexus","description":"L\u00edders en Medicina Est\u00e8tica Avan\u00e7ada","potentialAction":[{"@type":"SearchAction","target":{"@type":"EntryPoint","urlTemplate":"https:\/\/grupnexus.com\/es\/?s={search_term_string}"},"query-input":"required name=search_term_string"}],"inLanguage":"es"},{"@type":"ImageObject","@id":"https:\/\/grupnexus.com\/es\/tratamientos\/dietetica-y-nutricion\/pronokal\/metodo-pnk-diaprokal\/#primaryimage","inLanguage":"es","url":"https:\/\/grupnexus.com\/wp-content\/uploads\/2019\/05\/pnk-diaprokal-imagen-azul.png","contentUrl":"https:\/\/grupnexus.com\/wp-content\/uploads\/2019\/05\/pnk-diaprokal-imagen-azul.png","width":676,"height":506},{"@type":"WebPage","@id":"https:\/\/grupnexus.com\/es\/tratamientos\/dietetica-y-nutricion\/pronokal\/metodo-pnk-diaprokal\/#webpage","url":"https:\/\/grupnexus.com\/es\/tratamientos\/dietetica-y-nutricion\/pronokal\/metodo-pnk-diaprokal\/","name":"M\u00e9todo PNK Diaprokal - Cl\u00ednica Nexus","isPartOf":{"@id":"https:\/\/grupnexus.com\/es\/#website"},"primaryImageOfPage":{"@id":"https:\/\/grupnexus.com\/es\/tratamientos\/dietetica-y-nutricion\/pronokal\/metodo-pnk-diaprokal\/#primaryimage"},"datePublished":"2019-05-24T15:41:47+00:00","dateModified":"2020-02-20T11:18:23+00:00","description":"A Nexus comptem amb les millors f\u00f3rmules innovadores d'est\u00e8tica avan\u00e7ada i micropigmentaci\u00f3.","breadcrumb":{"@id":"https:\/\/grupnexus.com\/es\/tratamientos\/dietetica-y-nutricion\/pronokal\/metodo-pnk-diaprokal\/#breadcrumb"},"inLanguage":"es","potentialAction":[{"@type":"ReadAction","target":["https:\/\/grupnexus.com\/es\/tratamientos\/dietetica-y-nutricion\/pronokal\/metodo-pnk-diaprokal\/"]}]},{"@type":"BreadcrumbList","@id":"https:\/\/grupnexus.com\/es\/tratamientos\/dietetica-y-nutricion\/pronokal\/metodo-pnk-diaprokal\/#breadcrumb","itemListElement":[{"@type":"ListItem","position":1,"name":"Portada","item":"https:\/\/grupnexus.com\/es\/"},{"@type":"ListItem","position":2,"name":"Tratamientos","item":"https:\/\/grupnexus.com\/es\/tratamientos\/"},{"@type":"ListItem","position":3,"name":"Diet\u00e9tica y Nutrici\u00f3n","item":"https:\/\/grupnexus.com\/es\/tratamientos\/dietetica-y-nutricion\/"},{"@type":"ListItem","position":4,"name":"Pronokal","item":"https:\/\/grupnexus.com\/es\/tratamientos\/dietetica-y-nutricion\/pronokal\/"},{"@type":"ListItem","position":5,"name":"M\u00e9todo PNK Diaprokal"}]}]}},"_links":{"self":[{"href":"https:\/\/grupnexus.com\/es\/wp-json\/wp\/v2\/pages\/26336"}],"collection":[{"href":"https:\/\/grupnexus.com\/es\/wp-json\/wp\/v2\/pages"}],"about":[{"href":"https:\/\/grupnexus.com\/es\/wp-json\/wp\/v2\/types\/page"}],"author":[{"embeddable":true,"href":"https:\/\/grupnexus.com\/es\/wp-json\/wp\/v2\/users\/6"}],"replies":[{"embeddable":true,"href":"https:\/\/grupnexus.com\/es\/wp-json\/wp\/v2\/comments?post=26336"}],"version-history":[{"count":5,"href":"https:\/\/grupnexus.com\/es\/wp-json\/wp\/v2\/pages\/26336\/revisions"}],"predecessor-version":[{"id":43227,"href":"https:\/\/grupnexus.com\/es\/wp-json\/wp\/v2\/pages\/26336\/revisions\/43227"}],"up":[{"embeddable":true,"href":"https:\/\/grupnexus.com\/es\/wp-json\/wp\/v2\/pages\/17949"}],"wp:attachment":[{"href":"https:\/\/grupnexus.com\/es\/wp-json\/wp\/v2\/media?parent=26336"}],"curies":[{"name":"wp","href":"https:\/\/api.w.org\/{rel}","templated":true}]}}