{"id":26341,"date":"2019-05-24T17:33:13","date_gmt":"2019-05-24T15:33:13","guid":{"rendered":"https:\/\/www.grupnexus.com\/?page_id=26341"},"modified":"2020-02-20T13:21:53","modified_gmt":"2020-02-20T11:21:53","slug":"metodo-pnk-mama","status":"publish","type":"page","link":"https:\/\/grupnexus.com\/es\/tratamientos\/dietetica-y-nutricion\/pronokal\/metodo-pnk-mama\/","title":{"rendered":"M\u00e9todo PNK Mam\u00e1"},"content":{"rendered":"<div class=\"row \"><div class=\"wpv-grid grid-3-4  wpv-first-level first unextended\" style=\"padding-top:0px;padding-bottom:0px\" id=\"wpv-column-b7fd65f9a41a657df29c03c74710b868\" >\t\t<h2 class=\"text-divider-double\">\t\t\t\nM\u00e9todo PNK Mam\u00e1\t\t<\/h2>\t\t<div class=\"sep\"><\/div>\t<\/div>\n<div class=\"wpv-grid grid-1-4  wpv-first-level unextended\" style=\"padding-top:0px;padding-bottom:0px\" id=\"wpv-column-40f1caf6b030c9639c09197ce779ec95\" ><div class=\"push\" style='height:44px'><\/div>\n<!-- Widget Shortcode --><div id=\"search-11\" class=\"widget widget_search widget-shortcode area-wpv_sidebar-tractament-est-facial-cat-left \"><form role=\"search\" method=\"get\" class=\"searchform clearfix\" action=\"https:\/\/grupnexus.com\/es\/\">\n\t<label for=\"search-text-widget\" class=\"visuallyhidden\">Search for:<\/label>\n\t<input id=\"search-text-widget\" type=\"text\" value=\"\" name=\"s\" placeholder=\"Buscar\" required=\"required\" \/>\n\t<input type=\"submit\" value=\"Buscar\" \/>\n\t\t\t<input type=\"hidden\" name=\"lang\" value=\"es\"\/>\n\t<\/form><\/div><!-- \/Widget Shortcode --><\/div><\/div>\n<div class=\"row \"><div class=\"wpv-grid grid-1-4  wpv-first-level first unextended\" style=\"padding-top:0px;padding-bottom:0px\" id=\"wpv-column-8837d597250f6d256b5e91cb3ff095bc\" ><!-- Widget Shortcode --><div id=\"nav_menu-33\" class=\"widget widget_nav_menu widget-shortcode area-wpv_sidebar-pronokal-cat-right \"><h2 class=\"widgettitle\">Pronokal<\/h2><div class=\"menu-diet-i-nut-pronokal-es-container\"><ul id=\"menu-diet-i-nut-pronokal-es\" class=\"menu\"><li id=\"menu-item-26384\" class=\"menu-item menu-item-type-post_type menu-item-object-page menu-item-26384\"><a href=\"https:\/\/grupnexus.com\/es\/tratamientos\/dietetica-y-nutricion\/pronokal\/metodo-pnk-define\/\">M\u00e9todo PNK Define<\/a><\/li>\n<li id=\"menu-item-26383\" class=\"menu-item menu-item-type-post_type menu-item-object-page menu-item-26383\"><a href=\"https:\/\/grupnexus.com\/es\/tratamientos\/dietetica-y-nutricion\/pronokal\/metodo-pnk-diaprokal\/\">M\u00e9todo PNK Diaprokal<\/a><\/li>\n<li id=\"menu-item-26385\" class=\"menu-item menu-item-type-post_type menu-item-object-page menu-item-26385\"><a href=\"https:\/\/grupnexus.com\/es\/tratamientos\/dietetica-y-nutricion\/pronokal\/metodo-pnk-mama\/\">M\u00e9todo PNK Mam\u00e1<\/a><\/li>\n<\/ul><\/div><\/div><!-- \/Widget Shortcode --><\/div>\n<div class=\"wpv-grid grid-3-4  wpv-first-level unextended\" style=\"padding-top:0px;padding-bottom:0px\" id=\"wpv-column-7e0731b35b64688497ec45f9e0e549ea\" ><p><img loading=\"lazy\" class=\"aligncenter wp-image-26329 size-full\" src=\"https:\/\/grupnexus.com\/wp-content\/uploads\/2019\/05\/imagen-metodo-pn-k-mama.png\" alt=\"\" width=\"676\" height=\"506\" srcset=\"https:\/\/grupnexus.com\/wp-content\/uploads\/2019\/05\/imagen-metodo-pn-k-mama.png 676w, https:\/\/grupnexus.com\/wp-content\/uploads\/2019\/05\/imagen-metodo-pn-k-mama-510x382.png 510w, https:\/\/grupnexus.com\/wp-content\/uploads\/2019\/05\/imagen-metodo-pn-k-mama-300x225.png 300w, https:\/\/grupnexus.com\/wp-content\/uploads\/2019\/05\/imagen-metodo-pn-k-mama-555x415.png 555w, https:\/\/grupnexus.com\/wp-content\/uploads\/2019\/05\/imagen-metodo-pn-k-mama-360x269.png 360w, https:\/\/grupnexus.com\/wp-content\/uploads\/2019\/05\/imagen-metodo-pn-k-mama-262x196.png 262w\" sizes=\"(max-width: 676px) 100vw, 676px\" \/><b>M\u00c8TODE PNK MAM\u00c1<\/b><\/p>\n<p>Conscientes que una de las \u00e9pocas en la vida de una mujer en la que m\u00e1s se solicita recuperar el peso y la figura es la del posparto, Pronokal ha dise\u00f1ado para vosotras un sistema basado en la dieta proteinada y la actividad f\u00edsica personalizada, llamada PRONOKAL MAM\u00c1.<\/p>\n<h5><em>Pide una primera visita gratuita de asesoramiento, para que te deriven al profesional que m\u00e1s conviene en tu caso.<\/em><\/h5><\/div><\/div>\n<div class=\"sep\"><\/div>\n<div class=\"row \"><div class=\"wpv-grid grid-1-1  wpv-first-level first unextended\" style=\"padding-top:0px;padding-bottom:0px\" id=\"wpv-column-e6ee4b64f24611547f99612886efba67\" ><p><strong><span class=\"buscar\">Potser estava buscant:<\/span><\/strong><\/div><\/div>\n","protected":false},"excerpt":{"rendered":"<p>M\u00c8TODE PNK MAM\u00c1 Conscientes que una de las \u00e9pocas en la vida de una mujer en la que m\u00e1s se solicita recuperar el peso y la figura es la del posparto, Pronokal ha dise\u00f1ado para vosotras un sistema basado en la dieta proteinada y la actividad f\u00edsica personalizada, llamada PRONOKAL MAM\u00c1. Pide una primera visita&#8230;<\/p>\n","protected":false},"author":6,"featured_media":0,"parent":17949,"menu_order":0,"comment_status":"closed","ping_status":"closed","template":"","meta":[],"yoast_head":"<!-- This site is optimized with the Yoast SEO plugin v18.6 - https:\/\/yoast.com\/wordpress\/plugins\/seo\/ -->\n<title>M\u00e9todo PNK Mam\u00e1 - Cl\u00ednica Nexus<\/title>\n<meta name=\"description\" content=\"Nexus es centro autorizado Pronokal. Te ayudamos a regular el cuerpo y a perder peso en per\u00edodo posparto con el m\u00e9todo PNK mam\u00e1.\" \/>\n<meta name=\"robots\" content=\"index, follow, max-snippet:-1, max-image-preview:large, max-video-preview:-1\" \/>\n<link rel=\"canonical\" href=\"https:\/\/grupnexus.com\/es\/tratamientos\/dietetica-y-nutricion\/pronokal\/metodo-pnk-mama\/\" \/>\n<meta property=\"og:locale\" content=\"es_ES\" \/>\n<meta property=\"og:type\" content=\"article\" \/>\n<meta property=\"og:title\" content=\"M\u00e9todo PNK Mam\u00e1 - Cl\u00ednica Nexus\" \/>\n<meta property=\"og:description\" content=\"Nexus es centro autorizado Pronokal. Te ayudamos a regular el cuerpo y a perder peso en per\u00edodo posparto con el m\u00e9todo PNK mam\u00e1.\" \/>\n<meta property=\"og:url\" content=\"https:\/\/grupnexus.com\/es\/tratamientos\/dietetica-y-nutricion\/pronokal\/metodo-pnk-mama\/\" \/>\n<meta property=\"og:site_name\" content=\"Cl\u00ednica Nexus\" \/>\n<meta property=\"article:modified_time\" content=\"2020-02-20T11:21:53+00:00\" \/>\n<meta property=\"og:image\" content=\"https:\/\/grupnexus.com\/wp-content\/uploads\/2019\/05\/imagen-metodo-pn-k-mama.png\" \/>\n<meta name=\"twitter:card\" content=\"summary\" \/>\n<meta name=\"twitter:label1\" content=\"Tiempo de lectura\" \/>\n\t<meta name=\"twitter:data1\" content=\"2 minutos\" \/>\n<script type=\"application\/ld+json\" class=\"yoast-schema-graph\">{\"@context\":\"https:\/\/schema.org\",\"@graph\":[{\"@type\":\"WebSite\",\"@id\":\"https:\/\/grupnexus.com\/es\/#website\",\"url\":\"https:\/\/grupnexus.com\/es\/\",\"name\":\"Cl\u00ednica Nexus\",\"description\":\"L\u00edders en Medicina Est\u00e8tica Avan\u00e7ada\",\"potentialAction\":[{\"@type\":\"SearchAction\",\"target\":{\"@type\":\"EntryPoint\",\"urlTemplate\":\"https:\/\/grupnexus.com\/es\/?s={search_term_string}\"},\"query-input\":\"required name=search_term_string\"}],\"inLanguage\":\"es\"},{\"@type\":\"ImageObject\",\"@id\":\"https:\/\/grupnexus.com\/es\/tratamientos\/dietetica-y-nutricion\/pronokal\/metodo-pnk-mama\/#primaryimage\",\"inLanguage\":\"es\",\"url\":\"https:\/\/grupnexus.com\/wp-content\/uploads\/2019\/05\/imagen-metodo-pn-k-mama.png\",\"contentUrl\":\"https:\/\/grupnexus.com\/wp-content\/uploads\/2019\/05\/imagen-metodo-pn-k-mama.png\",\"width\":676,\"height\":506},{\"@type\":\"WebPage\",\"@id\":\"https:\/\/grupnexus.com\/es\/tratamientos\/dietetica-y-nutricion\/pronokal\/metodo-pnk-mama\/#webpage\",\"url\":\"https:\/\/grupnexus.com\/es\/tratamientos\/dietetica-y-nutricion\/pronokal\/metodo-pnk-mama\/\",\"name\":\"M\u00e9todo PNK Mam\u00e1 - Cl\u00ednica Nexus\",\"isPartOf\":{\"@id\":\"https:\/\/grupnexus.com\/es\/#website\"},\"primaryImageOfPage\":{\"@id\":\"https:\/\/grupnexus.com\/es\/tratamientos\/dietetica-y-nutricion\/pronokal\/metodo-pnk-mama\/#primaryimage\"},\"datePublished\":\"2019-05-24T15:33:13+00:00\",\"dateModified\":\"2020-02-20T11:21:53+00:00\",\"description\":\"Nexus es centro autorizado Pronokal. Te ayudamos a regular el cuerpo y a perder peso en per\u00edodo posparto con el m\u00e9todo PNK mam\u00e1.\",\"breadcrumb\":{\"@id\":\"https:\/\/grupnexus.com\/es\/tratamientos\/dietetica-y-nutricion\/pronokal\/metodo-pnk-mama\/#breadcrumb\"},\"inLanguage\":\"es\",\"potentialAction\":[{\"@type\":\"ReadAction\",\"target\":[\"https:\/\/grupnexus.com\/es\/tratamientos\/dietetica-y-nutricion\/pronokal\/metodo-pnk-mama\/\"]}]},{\"@type\":\"BreadcrumbList\",\"@id\":\"https:\/\/grupnexus.com\/es\/tratamientos\/dietetica-y-nutricion\/pronokal\/metodo-pnk-mama\/#breadcrumb\",\"itemListElement\":[{\"@type\":\"ListItem\",\"position\":1,\"name\":\"Portada\",\"item\":\"https:\/\/grupnexus.com\/es\/\"},{\"@type\":\"ListItem\",\"position\":2,\"name\":\"Tratamientos\",\"item\":\"https:\/\/grupnexus.com\/es\/tratamientos\/\"},{\"@type\":\"ListItem\",\"position\":3,\"name\":\"Diet\u00e9tica y Nutrici\u00f3n\",\"item\":\"https:\/\/grupnexus.com\/es\/tratamientos\/dietetica-y-nutricion\/\"},{\"@type\":\"ListItem\",\"position\":4,\"name\":\"Pronokal\",\"item\":\"https:\/\/grupnexus.com\/es\/tratamientos\/dietetica-y-nutricion\/pronokal\/\"},{\"@type\":\"ListItem\",\"position\":5,\"name\":\"M\u00e9todo PNK Mam\u00e1\"}]}]}<\/script>\n<!-- \/ Yoast SEO plugin. -->","yoast_head_json":{"title":"M\u00e9todo PNK Mam\u00e1 - Cl\u00ednica Nexus","description":"Nexus es centro autorizado Pronokal. Te ayudamos a regular el cuerpo y a perder peso en per\u00edodo posparto con el m\u00e9todo PNK mam\u00e1.","robots":{"index":"index","follow":"follow","max-snippet":"max-snippet:-1","max-image-preview":"max-image-preview:large","max-video-preview":"max-video-preview:-1"},"canonical":"https:\/\/grupnexus.com\/es\/tratamientos\/dietetica-y-nutricion\/pronokal\/metodo-pnk-mama\/","og_locale":"es_ES","og_type":"article","og_title":"M\u00e9todo PNK Mam\u00e1 - Cl\u00ednica Nexus","og_description":"Nexus es centro autorizado Pronokal. Te ayudamos a regular el cuerpo y a perder peso en per\u00edodo posparto con el m\u00e9todo PNK mam\u00e1.","og_url":"https:\/\/grupnexus.com\/es\/tratamientos\/dietetica-y-nutricion\/pronokal\/metodo-pnk-mama\/","og_site_name":"Cl\u00ednica Nexus","article_modified_time":"2020-02-20T11:21:53+00:00","og_image":[{"url":"https:\/\/grupnexus.com\/wp-content\/uploads\/2019\/05\/imagen-metodo-pn-k-mama.png"}],"twitter_card":"summary","twitter_misc":{"Tiempo de lectura":"2 minutos"},"schema":{"@context":"https:\/\/schema.org","@graph":[{"@type":"WebSite","@id":"https:\/\/grupnexus.com\/es\/#website","url":"https:\/\/grupnexus.com\/es\/","name":"Cl\u00ednica Nexus","description":"L\u00edders en Medicina Est\u00e8tica Avan\u00e7ada","potentialAction":[{"@type":"SearchAction","target":{"@type":"EntryPoint","urlTemplate":"https:\/\/grupnexus.com\/es\/?s={search_term_string}"},"query-input":"required name=search_term_string"}],"inLanguage":"es"},{"@type":"ImageObject","@id":"https:\/\/grupnexus.com\/es\/tratamientos\/dietetica-y-nutricion\/pronokal\/metodo-pnk-mama\/#primaryimage","inLanguage":"es","url":"https:\/\/grupnexus.com\/wp-content\/uploads\/2019\/05\/imagen-metodo-pn-k-mama.png","contentUrl":"https:\/\/grupnexus.com\/wp-content\/uploads\/2019\/05\/imagen-metodo-pn-k-mama.png","width":676,"height":506},{"@type":"WebPage","@id":"https:\/\/grupnexus.com\/es\/tratamientos\/dietetica-y-nutricion\/pronokal\/metodo-pnk-mama\/#webpage","url":"https:\/\/grupnexus.com\/es\/tratamientos\/dietetica-y-nutricion\/pronokal\/metodo-pnk-mama\/","name":"M\u00e9todo PNK Mam\u00e1 - Cl\u00ednica Nexus","isPartOf":{"@id":"https:\/\/grupnexus.com\/es\/#website"},"primaryImageOfPage":{"@id":"https:\/\/grupnexus.com\/es\/tratamientos\/dietetica-y-nutricion\/pronokal\/metodo-pnk-mama\/#primaryimage"},"datePublished":"2019-05-24T15:33:13+00:00","dateModified":"2020-02-20T11:21:53+00:00","description":"Nexus es centro autorizado Pronokal. Te ayudamos a regular el cuerpo y a perder peso en per\u00edodo posparto con el m\u00e9todo PNK mam\u00e1.","breadcrumb":{"@id":"https:\/\/grupnexus.com\/es\/tratamientos\/dietetica-y-nutricion\/pronokal\/metodo-pnk-mama\/#breadcrumb"},"inLanguage":"es","potentialAction":[{"@type":"ReadAction","target":["https:\/\/grupnexus.com\/es\/tratamientos\/dietetica-y-nutricion\/pronokal\/metodo-pnk-mama\/"]}]},{"@type":"BreadcrumbList","@id":"https:\/\/grupnexus.com\/es\/tratamientos\/dietetica-y-nutricion\/pronokal\/metodo-pnk-mama\/#breadcrumb","itemListElement":[{"@type":"ListItem","position":1,"name":"Portada","item":"https:\/\/grupnexus.com\/es\/"},{"@type":"ListItem","position":2,"name":"Tratamientos","item":"https:\/\/grupnexus.com\/es\/tratamientos\/"},{"@type":"ListItem","position":3,"name":"Diet\u00e9tica y Nutrici\u00f3n","item":"https:\/\/grupnexus.com\/es\/tratamientos\/dietetica-y-nutricion\/"},{"@type":"ListItem","position":4,"name":"Pronokal","item":"https:\/\/grupnexus.com\/es\/tratamientos\/dietetica-y-nutricion\/pronokal\/"},{"@type":"ListItem","position":5,"name":"M\u00e9todo PNK Mam\u00e1"}]}]}},"_links":{"self":[{"href":"https:\/\/grupnexus.com\/es\/wp-json\/wp\/v2\/pages\/26341"}],"collection":[{"href":"https:\/\/grupnexus.com\/es\/wp-json\/wp\/v2\/pages"}],"about":[{"href":"https:\/\/grupnexus.com\/es\/wp-json\/wp\/v2\/types\/page"}],"author":[{"embeddable":true,"href":"https:\/\/grupnexus.com\/es\/wp-json\/wp\/v2\/users\/6"}],"replies":[{"embeddable":true,"href":"https:\/\/grupnexus.com\/es\/wp-json\/wp\/v2\/comments?post=26341"}],"version-history":[{"count":5,"href":"https:\/\/grupnexus.com\/es\/wp-json\/wp\/v2\/pages\/26341\/revisions"}],"predecessor-version":[{"id":43229,"href":"https:\/\/grupnexus.com\/es\/wp-json\/wp\/v2\/pages\/26341\/revisions\/43229"}],"up":[{"embeddable":true,"href":"https:\/\/grupnexus.com\/es\/wp-json\/wp\/v2\/pages\/17949"}],"wp:attachment":[{"href":"https:\/\/grupnexus.com\/es\/wp-json\/wp\/v2\/media?parent=26341"}],"curies":[{"name":"wp","href":"https:\/\/api.w.org\/{rel}","templated":true}]}}