{"id":26347,"date":"2019-05-24T17:41:04","date_gmt":"2019-05-24T15:41:04","guid":{"rendered":"https:\/\/www.grupnexus.com\/?page_id=26347"},"modified":"2020-02-20T13:03:04","modified_gmt":"2020-02-20T11:03:04","slug":"metodo-pnk-define","status":"publish","type":"page","link":"https:\/\/grupnexus.com\/es\/tratamientos\/dietetica-y-nutricion\/pronokal\/metodo-pnk-define\/","title":{"rendered":"M\u00e9todo PNK Define"},"content":{"rendered":"<div class=\"row \"><div class=\"wpv-grid grid-3-4  wpv-first-level first unextended\" style=\"padding-top:0px;padding-bottom:0px\" id=\"wpv-column-93a2c274dc9ccc90ab1cd59b0560d973\" >\t\t<h2 class=\"text-divider-double\">\t\t\t\nM\u00e9todo PNK Define\t\t<\/h2>\t\t<div class=\"sep\"><\/div>\t<\/div>\n<div class=\"wpv-grid grid-1-4  wpv-first-level unextended\" style=\"padding-top:0px;padding-bottom:0px\" id=\"wpv-column-de7ff049824e74ae6dead32906a02369\" ><div class=\"push\" style='height:44px'><\/div>\n<!-- Widget Shortcode --><div id=\"search-11\" class=\"widget widget_search widget-shortcode area-wpv_sidebar-tractament-est-facial-cat-left \"><form role=\"search\" method=\"get\" class=\"searchform clearfix\" action=\"https:\/\/grupnexus.com\/es\/\">\n\t<label for=\"search-text-widget\" class=\"visuallyhidden\">Search for:<\/label>\n\t<input id=\"search-text-widget\" type=\"text\" value=\"\" name=\"s\" placeholder=\"Buscar\" required=\"required\" \/>\n\t<input type=\"submit\" value=\"Buscar\" \/>\n\t\t\t<input type=\"hidden\" name=\"lang\" value=\"es\"\/>\n\t<\/form><\/div><!-- \/Widget Shortcode --><\/div><\/div>\n<div class=\"row \"><div class=\"wpv-grid grid-1-4  wpv-first-level first unextended\" style=\"padding-top:0px;padding-bottom:0px\" id=\"wpv-column-48ce3d036a50320bbd0aef8b0ce77a2a\" ><!-- Widget Shortcode --><div id=\"nav_menu-33\" class=\"widget widget_nav_menu widget-shortcode area-wpv_sidebar-pronokal-cat-right \"><h2 class=\"widgettitle\">Pronokal<\/h2><div class=\"menu-diet-i-nut-pronokal-es-container\"><ul id=\"menu-diet-i-nut-pronokal-es\" class=\"menu\"><li id=\"menu-item-26384\" class=\"menu-item menu-item-type-post_type menu-item-object-page menu-item-26384\"><a href=\"https:\/\/grupnexus.com\/es\/tratamientos\/dietetica-y-nutricion\/pronokal\/metodo-pnk-define\/\">M\u00e9todo PNK Define<\/a><\/li>\n<li id=\"menu-item-26383\" class=\"menu-item menu-item-type-post_type menu-item-object-page menu-item-26383\"><a href=\"https:\/\/grupnexus.com\/es\/tratamientos\/dietetica-y-nutricion\/pronokal\/metodo-pnk-diaprokal\/\">M\u00e9todo PNK Diaprokal<\/a><\/li>\n<li id=\"menu-item-26385\" class=\"menu-item menu-item-type-post_type menu-item-object-page menu-item-26385\"><a href=\"https:\/\/grupnexus.com\/es\/tratamientos\/dietetica-y-nutricion\/pronokal\/metodo-pnk-mama\/\">M\u00e9todo PNK Mam\u00e1<\/a><\/li>\n<\/ul><\/div><\/div><!-- \/Widget Shortcode --><\/div>\n<div class=\"wpv-grid grid-3-4  wpv-first-level unextended\" style=\"padding-top:0px;padding-bottom:0px\" id=\"wpv-column-5c52979e58600e9fb24ac66dd8f5308c\" ><p><img loading=\"lazy\" class=\"aligncenter wp-image-26356\" src=\"https:\/\/grupnexus.com\/wp-content\/uploads\/2019\/05\/PNKL_Define_2-1024x1024.jpg\" alt=\"\" width=\"600\" height=\"600\" srcset=\"https:\/\/grupnexus.com\/wp-content\/uploads\/2019\/05\/PNKL_Define_2-1024x1024.jpg 1024w, https:\/\/grupnexus.com\/wp-content\/uploads\/2019\/05\/PNKL_Define_2-400x400.jpg 400w, https:\/\/grupnexus.com\/wp-content\/uploads\/2019\/05\/PNKL_Define_2-100x100.jpg 100w, https:\/\/grupnexus.com\/wp-content\/uploads\/2019\/05\/PNKL_Define_2-510x510.jpg 510w, https:\/\/grupnexus.com\/wp-content\/uploads\/2019\/05\/PNKL_Define_2-150x150.jpg 150w, https:\/\/grupnexus.com\/wp-content\/uploads\/2019\/05\/PNKL_Define_2-300x300.jpg 300w, https:\/\/grupnexus.com\/wp-content\/uploads\/2019\/05\/PNKL_Define_2-768x768.jpg 768w, https:\/\/grupnexus.com\/wp-content\/uploads\/2019\/05\/PNKL_Define_2-60x60.jpg 60w, https:\/\/grupnexus.com\/wp-content\/uploads\/2019\/05\/PNKL_Define_2-43x43.jpg 43w, https:\/\/grupnexus.com\/wp-content\/uploads\/2019\/05\/PNKL_Define_2-555x555.jpg 555w, https:\/\/grupnexus.com\/wp-content\/uploads\/2019\/05\/PNKL_Define_2-360x360.jpg 360w, https:\/\/grupnexus.com\/wp-content\/uploads\/2019\/05\/PNKL_Define_2-262x262.jpg 262w, https:\/\/grupnexus.com\/wp-content\/uploads\/2019\/05\/PNKL_Define_2.jpg 1080w\" sizes=\"(max-width: 600px) 100vw, 600px\" \/><b><\/b><\/p>\n<p><b>PRONOKAL DEFINE<\/b><\/p>\n<p>El nuevo m\u00e9todo de <strong>Pronokal<\/strong>, l\u00edder en dietas proteicas, est\u00e1 ideado para aquellas personas que desean <strong>perder hasta <u>5 kg de peso<\/u> y remodelar el cuerpo en <u>5 semanas<\/u><\/strong>.<\/p>\n<p>Adaptada a los nuevos tiempos, la dieta se inicia con un <strong>kit de bienvenida<\/strong> que incluye herramientas digitales y herramientas f\u00edsicas que te ayudar\u00e1n en la consecuci\u00f3n de su objetivo:<\/p>\n<ol>\n<li><strong> B\u00e1scula inteligente vinculada a una aplicaci\u00f3n (app) <\/strong>que ofrece:<\/li>\n<\/ol>\n<ul>\n<li style=\"list-style-type: none;\">\n<ul>\n<li>Un seguimiento y evoluci\u00f3n de los datos antropom\u00e9tricos<\/li>\n<li>Plan de entrenamiento f\u00edsico personalizado por zonas y niveles<\/li>\n<\/ul>\n<\/li>\n<\/ul>\n<ol start=\"2\">\n<li><strong>Banda el\u00e1stica para que puedas realizar la tabla de ejercicios f\u00edsicos<\/strong><\/li>\n<li><strong> Batidor Pronokal<\/strong> para preparar tu propia comida<\/li>\n<\/ol>\n<h5><\/h5>\n<p><img loading=\"lazy\" class=\"aligncenter wp-image-26358\" src=\"https:\/\/grupnexus.com\/wp-content\/uploads\/2019\/05\/PNKL_Define-1024x1024.jpg\" alt=\"\" width=\"600\" height=\"600\" srcset=\"https:\/\/grupnexus.com\/wp-content\/uploads\/2019\/05\/PNKL_Define-1024x1024.jpg 1024w, https:\/\/grupnexus.com\/wp-content\/uploads\/2019\/05\/PNKL_Define-400x400.jpg 400w, https:\/\/grupnexus.com\/wp-content\/uploads\/2019\/05\/PNKL_Define-100x100.jpg 100w, https:\/\/grupnexus.com\/wp-content\/uploads\/2019\/05\/PNKL_Define-510x510.jpg 510w, https:\/\/grupnexus.com\/wp-content\/uploads\/2019\/05\/PNKL_Define-150x150.jpg 150w, https:\/\/grupnexus.com\/wp-content\/uploads\/2019\/05\/PNKL_Define-300x300.jpg 300w, https:\/\/grupnexus.com\/wp-content\/uploads\/2019\/05\/PNKL_Define-768x768.jpg 768w, https:\/\/grupnexus.com\/wp-content\/uploads\/2019\/05\/PNKL_Define-60x60.jpg 60w, https:\/\/grupnexus.com\/wp-content\/uploads\/2019\/05\/PNKL_Define-43x43.jpg 43w, https:\/\/grupnexus.com\/wp-content\/uploads\/2019\/05\/PNKL_Define-555x555.jpg 555w, https:\/\/grupnexus.com\/wp-content\/uploads\/2019\/05\/PNKL_Define-360x360.jpg 360w, https:\/\/grupnexus.com\/wp-content\/uploads\/2019\/05\/PNKL_Define-262x262.jpg 262w, https:\/\/grupnexus.com\/wp-content\/uploads\/2019\/05\/PNKL_Define.jpg 1080w\" sizes=\"(max-width: 600px) 100vw, 600px\" \/><\/p>\n<p><strong>Con PNK Define conseguir\u00e1s:<\/strong><\/p>\n<p style=\"padding-left: 40px;\">&#x2714; Perder hasta 5 kg de grasa en 5 semanas<\/p>\n<p style=\"padding-left: 40px;\">&#x2714; Remodelar y tonificar tu cuerpo de forma r\u00e1pida y eficaz, atacando la grasa localizada<\/p>\n<p style=\"padding-left: 40px;\">&#x2714; Mejorar tu composici\u00f3n corporal, es decir, la relaci\u00f3n entre la cantidad de masa magra y masa grasa<\/p>\n<p style=\"padding-left: 40px;\">&#x2714; Medir la evoluci\u00f3n y seguir tu plan de entrenamiento personalizado<\/p>\n<p><img loading=\"lazy\" class=\"aligncenter wp-image-26360\" src=\"https:\/\/grupnexus.com\/wp-content\/uploads\/2019\/05\/Pierde_Grasa_PNKL.jpg\" alt=\"\" width=\"600\" height=\"600\" srcset=\"https:\/\/grupnexus.com\/wp-content\/uploads\/2019\/05\/Pierde_Grasa_PNKL.jpg 800w, https:\/\/grupnexus.com\/wp-content\/uploads\/2019\/05\/Pierde_Grasa_PNKL-400x400.jpg 400w, https:\/\/grupnexus.com\/wp-content\/uploads\/2019\/05\/Pierde_Grasa_PNKL-100x100.jpg 100w, https:\/\/grupnexus.com\/wp-content\/uploads\/2019\/05\/Pierde_Grasa_PNKL-510x510.jpg 510w, https:\/\/grupnexus.com\/wp-content\/uploads\/2019\/05\/Pierde_Grasa_PNKL-150x150.jpg 150w, https:\/\/grupnexus.com\/wp-content\/uploads\/2019\/05\/Pierde_Grasa_PNKL-300x300.jpg 300w, https:\/\/grupnexus.com\/wp-content\/uploads\/2019\/05\/Pierde_Grasa_PNKL-768x768.jpg 768w, https:\/\/grupnexus.com\/wp-content\/uploads\/2019\/05\/Pierde_Grasa_PNKL-60x60.jpg 60w, https:\/\/grupnexus.com\/wp-content\/uploads\/2019\/05\/Pierde_Grasa_PNKL-43x43.jpg 43w, https:\/\/grupnexus.com\/wp-content\/uploads\/2019\/05\/Pierde_Grasa_PNKL-555x555.jpg 555w, https:\/\/grupnexus.com\/wp-content\/uploads\/2019\/05\/Pierde_Grasa_PNKL-360x360.jpg 360w, https:\/\/grupnexus.com\/wp-content\/uploads\/2019\/05\/Pierde_Grasa_PNKL-262x262.jpg 262w\" sizes=\"(max-width: 600px) 100vw, 600px\" \/><\/p>\n<p>Los 36 d\u00edas (5 semanas) de tratamiento se dividen en <strong>dos pasos:<\/strong><\/p>\n<ul>\n<li><strong>21 d\u00edas en Paso Cetogen\u00e9tico<\/strong><\/li>\n<li><strong>15 d\u00edas en Adaptaci\u00f3n Metab\u00f3lica<\/strong><\/li>\n<\/ul>\n<p>Junto con el doctor adaptar\u00e1s la dieta a tu necesidad. <strong>Podr\u00e1s elegir entre un amplio abanico de productos para preparar y otros listos para llevarte al trabajo o fuera de casa.<\/strong><\/p>\n<p>Se complementar\u00e1 la dieta con un <strong>pack de suplementaci\u00f3n nutricional y un gel reductor.<\/strong><\/p>\n<p><strong>\u00bfEsta es tu dieta? Pide una primera visita informativa donde te asesoraremos sin coste ni compromiso.<\/strong><\/div><\/div>\n<div class=\"sep\"><\/div>\n<div class=\"row \"><div class=\"wpv-grid grid-1-1  wpv-first-level first unextended\" style=\"padding-top:0px;padding-bottom:0px\" id=\"wpv-column-6e1e088a5b1cf54f8f5e3d909d23126c\" ><p><strong><span class=\"buscar\">Potser estava buscant:<\/span><\/strong><\/div><\/div>\n","protected":false},"excerpt":{"rendered":"<p>PRONOKAL DEFINE El nuevo m\u00e9todo de Pronokal, l\u00edder en dietas proteicas, est\u00e1 ideado para aquellas personas que desean perder hasta 5 kg de peso y remodelar el cuerpo en 5 semanas. Adaptada a los nuevos tiempos, la dieta se inicia con un kit de bienvenida que incluye herramientas digitales y herramientas f\u00edsicas que te ayudar\u00e1n&#8230;<\/p>\n","protected":false},"author":6,"featured_media":0,"parent":17949,"menu_order":0,"comment_status":"closed","ping_status":"closed","template":"","meta":[],"yoast_head":"<!-- This site is optimized with the Yoast SEO plugin v18.6 - https:\/\/yoast.com\/wordpress\/plugins\/seo\/ -->\n<title>M\u00e9todo PNK Define - Cl\u00ednica Nexus<\/title>\n<meta name=\"description\" content=\"Nexus es centro autorizado Pronokal. Consigue remodelar el cuerpo y perder peso en s\u00f3lo 5 semanas con el m\u00e9todo PNK define.\" \/>\n<meta name=\"robots\" content=\"index, follow, max-snippet:-1, max-image-preview:large, max-video-preview:-1\" \/>\n<link rel=\"canonical\" href=\"https:\/\/grupnexus.com\/es\/tratamientos\/dietetica-y-nutricion\/pronokal\/metodo-pnk-define\/\" \/>\n<meta property=\"og:locale\" content=\"es_ES\" \/>\n<meta property=\"og:type\" content=\"article\" \/>\n<meta property=\"og:title\" content=\"M\u00e9todo PNK Define - Cl\u00ednica Nexus\" \/>\n<meta property=\"og:description\" content=\"Nexus es centro autorizado Pronokal. Consigue remodelar el cuerpo y perder peso en s\u00f3lo 5 semanas con el m\u00e9todo PNK define.\" \/>\n<meta property=\"og:url\" content=\"https:\/\/grupnexus.com\/es\/tratamientos\/dietetica-y-nutricion\/pronokal\/metodo-pnk-define\/\" \/>\n<meta property=\"og:site_name\" content=\"Cl\u00ednica Nexus\" \/>\n<meta property=\"article:modified_time\" content=\"2020-02-20T11:03:04+00:00\" \/>\n<meta property=\"og:image\" content=\"https:\/\/grupnexus.com\/wp-content\/uploads\/2019\/05\/PNKL_Define_2-1024x1024.jpg\" \/>\n<meta name=\"twitter:card\" content=\"summary\" \/>\n<meta name=\"twitter:label1\" content=\"Tiempo de lectura\" \/>\n\t<meta name=\"twitter:data1\" content=\"3 minutos\" \/>\n<script type=\"application\/ld+json\" class=\"yoast-schema-graph\">{\"@context\":\"https:\/\/schema.org\",\"@graph\":[{\"@type\":\"WebSite\",\"@id\":\"https:\/\/grupnexus.com\/es\/#website\",\"url\":\"https:\/\/grupnexus.com\/es\/\",\"name\":\"Cl\u00ednica Nexus\",\"description\":\"L\u00edders en Medicina Est\u00e8tica Avan\u00e7ada\",\"potentialAction\":[{\"@type\":\"SearchAction\",\"target\":{\"@type\":\"EntryPoint\",\"urlTemplate\":\"https:\/\/grupnexus.com\/es\/?s={search_term_string}\"},\"query-input\":\"required name=search_term_string\"}],\"inLanguage\":\"es\"},{\"@type\":\"ImageObject\",\"@id\":\"https:\/\/grupnexus.com\/es\/tratamientos\/dietetica-y-nutricion\/pronokal\/metodo-pnk-define\/#primaryimage\",\"inLanguage\":\"es\",\"url\":\"https:\/\/grupnexus.com\/wp-content\/uploads\/2019\/05\/PNKL_Define_2.jpg\",\"contentUrl\":\"https:\/\/grupnexus.com\/wp-content\/uploads\/2019\/05\/PNKL_Define_2.jpg\",\"width\":1080,\"height\":1080},{\"@type\":\"WebPage\",\"@id\":\"https:\/\/grupnexus.com\/es\/tratamientos\/dietetica-y-nutricion\/pronokal\/metodo-pnk-define\/#webpage\",\"url\":\"https:\/\/grupnexus.com\/es\/tratamientos\/dietetica-y-nutricion\/pronokal\/metodo-pnk-define\/\",\"name\":\"M\u00e9todo PNK Define - Cl\u00ednica Nexus\",\"isPartOf\":{\"@id\":\"https:\/\/grupnexus.com\/es\/#website\"},\"primaryImageOfPage\":{\"@id\":\"https:\/\/grupnexus.com\/es\/tratamientos\/dietetica-y-nutricion\/pronokal\/metodo-pnk-define\/#primaryimage\"},\"datePublished\":\"2019-05-24T15:41:04+00:00\",\"dateModified\":\"2020-02-20T11:03:04+00:00\",\"description\":\"Nexus es centro autorizado Pronokal. Consigue remodelar el cuerpo y perder peso en s\u00f3lo 5 semanas con el m\u00e9todo PNK define.\",\"breadcrumb\":{\"@id\":\"https:\/\/grupnexus.com\/es\/tratamientos\/dietetica-y-nutricion\/pronokal\/metodo-pnk-define\/#breadcrumb\"},\"inLanguage\":\"es\",\"potentialAction\":[{\"@type\":\"ReadAction\",\"target\":[\"https:\/\/grupnexus.com\/es\/tratamientos\/dietetica-y-nutricion\/pronokal\/metodo-pnk-define\/\"]}]},{\"@type\":\"BreadcrumbList\",\"@id\":\"https:\/\/grupnexus.com\/es\/tratamientos\/dietetica-y-nutricion\/pronokal\/metodo-pnk-define\/#breadcrumb\",\"itemListElement\":[{\"@type\":\"ListItem\",\"position\":1,\"name\":\"Portada\",\"item\":\"https:\/\/grupnexus.com\/es\/\"},{\"@type\":\"ListItem\",\"position\":2,\"name\":\"Tratamientos\",\"item\":\"https:\/\/grupnexus.com\/es\/tratamientos\/\"},{\"@type\":\"ListItem\",\"position\":3,\"name\":\"Diet\u00e9tica y Nutrici\u00f3n\",\"item\":\"https:\/\/grupnexus.com\/es\/tratamientos\/dietetica-y-nutricion\/\"},{\"@type\":\"ListItem\",\"position\":4,\"name\":\"Pronokal\",\"item\":\"https:\/\/grupnexus.com\/es\/tratamientos\/dietetica-y-nutricion\/pronokal\/\"},{\"@type\":\"ListItem\",\"position\":5,\"name\":\"M\u00e9todo PNK Define\"}]}]}<\/script>\n<!-- \/ Yoast SEO plugin. -->","yoast_head_json":{"title":"M\u00e9todo PNK Define - Cl\u00ednica Nexus","description":"Nexus es centro autorizado Pronokal. Consigue remodelar el cuerpo y perder peso en s\u00f3lo 5 semanas con el m\u00e9todo PNK define.","robots":{"index":"index","follow":"follow","max-snippet":"max-snippet:-1","max-image-preview":"max-image-preview:large","max-video-preview":"max-video-preview:-1"},"canonical":"https:\/\/grupnexus.com\/es\/tratamientos\/dietetica-y-nutricion\/pronokal\/metodo-pnk-define\/","og_locale":"es_ES","og_type":"article","og_title":"M\u00e9todo PNK Define - Cl\u00ednica Nexus","og_description":"Nexus es centro autorizado Pronokal. Consigue remodelar el cuerpo y perder peso en s\u00f3lo 5 semanas con el m\u00e9todo PNK define.","og_url":"https:\/\/grupnexus.com\/es\/tratamientos\/dietetica-y-nutricion\/pronokal\/metodo-pnk-define\/","og_site_name":"Cl\u00ednica Nexus","article_modified_time":"2020-02-20T11:03:04+00:00","og_image":[{"url":"https:\/\/grupnexus.com\/wp-content\/uploads\/2019\/05\/PNKL_Define_2-1024x1024.jpg"}],"twitter_card":"summary","twitter_misc":{"Tiempo de lectura":"3 minutos"},"schema":{"@context":"https:\/\/schema.org","@graph":[{"@type":"WebSite","@id":"https:\/\/grupnexus.com\/es\/#website","url":"https:\/\/grupnexus.com\/es\/","name":"Cl\u00ednica Nexus","description":"L\u00edders en Medicina Est\u00e8tica Avan\u00e7ada","potentialAction":[{"@type":"SearchAction","target":{"@type":"EntryPoint","urlTemplate":"https:\/\/grupnexus.com\/es\/?s={search_term_string}"},"query-input":"required name=search_term_string"}],"inLanguage":"es"},{"@type":"ImageObject","@id":"https:\/\/grupnexus.com\/es\/tratamientos\/dietetica-y-nutricion\/pronokal\/metodo-pnk-define\/#primaryimage","inLanguage":"es","url":"https:\/\/grupnexus.com\/wp-content\/uploads\/2019\/05\/PNKL_Define_2.jpg","contentUrl":"https:\/\/grupnexus.com\/wp-content\/uploads\/2019\/05\/PNKL_Define_2.jpg","width":1080,"height":1080},{"@type":"WebPage","@id":"https:\/\/grupnexus.com\/es\/tratamientos\/dietetica-y-nutricion\/pronokal\/metodo-pnk-define\/#webpage","url":"https:\/\/grupnexus.com\/es\/tratamientos\/dietetica-y-nutricion\/pronokal\/metodo-pnk-define\/","name":"M\u00e9todo PNK Define - Cl\u00ednica Nexus","isPartOf":{"@id":"https:\/\/grupnexus.com\/es\/#website"},"primaryImageOfPage":{"@id":"https:\/\/grupnexus.com\/es\/tratamientos\/dietetica-y-nutricion\/pronokal\/metodo-pnk-define\/#primaryimage"},"datePublished":"2019-05-24T15:41:04+00:00","dateModified":"2020-02-20T11:03:04+00:00","description":"Nexus es centro autorizado Pronokal. Consigue remodelar el cuerpo y perder peso en s\u00f3lo 5 semanas con el m\u00e9todo PNK define.","breadcrumb":{"@id":"https:\/\/grupnexus.com\/es\/tratamientos\/dietetica-y-nutricion\/pronokal\/metodo-pnk-define\/#breadcrumb"},"inLanguage":"es","potentialAction":[{"@type":"ReadAction","target":["https:\/\/grupnexus.com\/es\/tratamientos\/dietetica-y-nutricion\/pronokal\/metodo-pnk-define\/"]}]},{"@type":"BreadcrumbList","@id":"https:\/\/grupnexus.com\/es\/tratamientos\/dietetica-y-nutricion\/pronokal\/metodo-pnk-define\/#breadcrumb","itemListElement":[{"@type":"ListItem","position":1,"name":"Portada","item":"https:\/\/grupnexus.com\/es\/"},{"@type":"ListItem","position":2,"name":"Tratamientos","item":"https:\/\/grupnexus.com\/es\/tratamientos\/"},{"@type":"ListItem","position":3,"name":"Diet\u00e9tica y Nutrici\u00f3n","item":"https:\/\/grupnexus.com\/es\/tratamientos\/dietetica-y-nutricion\/"},{"@type":"ListItem","position":4,"name":"Pronokal","item":"https:\/\/grupnexus.com\/es\/tratamientos\/dietetica-y-nutricion\/pronokal\/"},{"@type":"ListItem","position":5,"name":"M\u00e9todo PNK Define"}]}]}},"_links":{"self":[{"href":"https:\/\/grupnexus.com\/es\/wp-json\/wp\/v2\/pages\/26347"}],"collection":[{"href":"https:\/\/grupnexus.com\/es\/wp-json\/wp\/v2\/pages"}],"about":[{"href":"https:\/\/grupnexus.com\/es\/wp-json\/wp\/v2\/types\/page"}],"author":[{"embeddable":true,"href":"https:\/\/grupnexus.com\/es\/wp-json\/wp\/v2\/users\/6"}],"replies":[{"embeddable":true,"href":"https:\/\/grupnexus.com\/es\/wp-json\/wp\/v2\/comments?post=26347"}],"version-history":[{"count":5,"href":"https:\/\/grupnexus.com\/es\/wp-json\/wp\/v2\/pages\/26347\/revisions"}],"predecessor-version":[{"id":43225,"href":"https:\/\/grupnexus.com\/es\/wp-json\/wp\/v2\/pages\/26347\/revisions\/43225"}],"up":[{"embeddable":true,"href":"https:\/\/grupnexus.com\/es\/wp-json\/wp\/v2\/pages\/17949"}],"wp:attachment":[{"href":"https:\/\/grupnexus.com\/es\/wp-json\/wp\/v2\/media?parent=26347"}],"curies":[{"name":"wp","href":"https:\/\/api.w.org\/{rel}","templated":true}]}}