{"id":28734,"date":"2019-07-25T10:28:18","date_gmt":"2019-07-25T08:28:18","guid":{"rendered":"https:\/\/www.grupnexus.com\/?page_id=28734"},"modified":"2019-07-29T11:44:22","modified_gmt":"2019-07-29T09:44:22","slug":"bb-glow","status":"publish","type":"page","link":"https:\/\/grupnexus.com\/es\/tratamientos\/estetica-avanzada\/bb-glow\/","title":{"rendered":"BB Glow"},"content":{"rendered":"<div class=\"row \"><div class=\"wpv-grid grid-3-4  wpv-first-level first unextended\" style=\"padding-top:0px;padding-bottom:0px\" id=\"wpv-column-7f1ad607113284f45013638fa3db91d4\" >\t\t<h2 class=\"text-divider-double\">\t\t\t\nBB Glow Maquillaje Semipermanente\t\t<\/h2>\t\t<div class=\"sep\"><\/div>\t<\/div>\n<div class=\"wpv-grid grid-1-4  wpv-first-level unextended\" style=\"padding-top:0px;padding-bottom:0px\" id=\"wpv-column-862b5f49899dd20e208dbfe5d9c24ec0\" ><div class=\"push\" style='height:44px'><\/div>\n<!-- Widget Shortcode --><div id=\"search-11\" class=\"widget widget_search widget-shortcode area-wpv_sidebar-tractament-est-facial-cat-left \"><form role=\"search\" method=\"get\" class=\"searchform clearfix\" action=\"https:\/\/grupnexus.com\/es\/\">\n\t<label for=\"search-text-widget\" class=\"visuallyhidden\">Search for:<\/label>\n\t<input id=\"search-text-widget\" type=\"text\" value=\"\" name=\"s\" placeholder=\"Buscar\" required=\"required\" \/>\n\t<input type=\"submit\" value=\"Buscar\" \/>\n\t\t\t<input type=\"hidden\" name=\"lang\" value=\"es\"\/>\n\t<\/form><\/div><!-- \/Widget Shortcode --><\/div><\/div>\n<div class=\"row \"><div class=\"wpv-grid grid-1-4  wpv-first-level first unextended\" style=\"padding-top:0px;padding-bottom:0px\" id=\"wpv-column-e45e65e7e103283379a3aa35fe7b6297\" ><!-- Widget Shortcode --><div id=\"nav_menu-14\" class=\"widget widget_nav_menu widget-shortcode area-wpv_sidebar-tractaments-estetica-avancada-cat-left \"><h2 class=\"widgettitle\">Est\u00e9tica avanzada<\/h2><div class=\"menu-tractaments-med-est-avan-es-container\"><ul id=\"menu-tractaments-med-est-avan-es\" class=\"menu\"><li id=\"menu-item-9613\" class=\"menu-item menu-item-type-post_type menu-item-object-page menu-item-9613\"><a href=\"https:\/\/grupnexus.com\/es\/tratamientos\/estetica-avanzada\/dermocosmetica\/\">Dermocosm\u00e9tica<\/a><\/li>\n<li id=\"menu-item-9614\" class=\"menu-item menu-item-type-post_type menu-item-object-page menu-item-9614\"><a href=\"https:\/\/grupnexus.com\/es\/tratamientos\/estetica-avanzada\/energia-vital\/\">Energ\u00eda vital<\/a><\/li>\n<li id=\"menu-item-9616\" class=\"menu-item menu-item-type-post_type menu-item-object-page menu-item-9616\"><a href=\"https:\/\/grupnexus.com\/es\/tratamientos\/estetica-avanzada\/packs-corporales\/\">Packs corporales<\/a><\/li>\n<li id=\"menu-item-9617\" class=\"menu-item menu-item-type-post_type menu-item-object-page menu-item-9617\"><a href=\"https:\/\/grupnexus.com\/es\/tratamientos\/estetica-avanzada\/packs-faciales\/\">Packs faciales<\/a><\/li>\n<li id=\"menu-item-9618\" class=\"menu-item menu-item-type-post_type menu-item-object-page menu-item-9618\"><a href=\"https:\/\/grupnexus.com\/es\/tratamientos\/estetica-avanzada\/spa-termal\/\">Spa-termal<\/a><\/li>\n<\/ul><\/div><\/div><!-- \/Widget Shortcode --><\/div>\n<div class=\"wpv-grid grid-3-4  wpv-first-level unextended\" style=\"padding-top:0px;padding-bottom:0px\" id=\"wpv-column-5da101a5685348af8afbf5122b89912c\" ><p><img loading=\"lazy\" class=\"aligncenter wp-image-28731 size-full\" src=\"https:\/\/grupnexus.com\/wp-content\/uploads\/2019\/07\/108457378_s-2.jpg\" alt=\"\" width=\"600\" height=\"400\" srcset=\"https:\/\/grupnexus.com\/wp-content\/uploads\/2019\/07\/108457378_s-2.jpg 600w, https:\/\/grupnexus.com\/wp-content\/uploads\/2019\/07\/108457378_s-2-510x340.jpg 510w, https:\/\/grupnexus.com\/wp-content\/uploads\/2019\/07\/108457378_s-2-300x200.jpg 300w, https:\/\/grupnexus.com\/wp-content\/uploads\/2019\/07\/108457378_s-2-555x370.jpg 555w, https:\/\/grupnexus.com\/wp-content\/uploads\/2019\/07\/108457378_s-2-360x240.jpg 360w, https:\/\/grupnexus.com\/wp-content\/uploads\/2019\/07\/108457378_s-2-262x175.jpg 262w\" sizes=\"(max-width: 600px) 100vw, 600px\" \/><\/p>\n<div class=\"row \"><div class=\"wpv-grid grid-1-1  first unextended\" style=\"padding-top:0px;padding-bottom:0px\" id=\"wpv-column-a4635ad231d9729c404da49f31424c54\" ><h3 style=\"text-align: center;\">El placer de despertarse perfecta, sin tener que maquillarte.<\/h3>\n<p><strong>BB Glow. El efecto flash 24\/365<\/strong><\/p>\n<p>Est\u00e1 revolucionando las redes mundialmente. Vivimos en una era visual y social que estipula unos c\u00e1nones de belleza natural, que debe perdurar durante todo el d\u00eda.<\/p>\n<p>En cualquier momento te haces una foto, un selfie o grabas un v\u00eddeo, por motivos laborales o por capricho personal. Esta tendencia te reclama tener siempre \u00abbuena cara\u00bb. Quieres transmitir un aspecto fresco, descansado y luminoso, pero no tienes tiempo para retoques de maquillaje.<\/p>\n<p>Imagina levantarse cada ma\u00f1ana sin manchas, ojeras, cicatrices de acn\u00e9 y con un cutis hidratado y resplandeciente. Este es el resultado de la nueva t\u00e9cnica BB Glow, que llega directamente desde Corea.<\/p>\n<p><div id=\"attachment_28936\" style=\"width: 410px\" class=\"wp-caption aligncenter\"><img aria-describedby=\"caption-attachment-28936\" loading=\"lazy\" class=\"wp-image-28936\" src=\"https:\/\/grupnexus.com\/wp-content\/uploads\/2019\/07\/13148566_s.jpg\" alt=\"\" width=\"400\" height=\"600\" srcset=\"https:\/\/grupnexus.com\/wp-content\/uploads\/2019\/07\/13148566_s.jpg 565w, https:\/\/grupnexus.com\/wp-content\/uploads\/2019\/07\/13148566_s-510x765.jpg 510w, https:\/\/grupnexus.com\/wp-content\/uploads\/2019\/07\/13148566_s-200x300.jpg 200w, https:\/\/grupnexus.com\/wp-content\/uploads\/2019\/07\/13148566_s-512x768.jpg 512w, https:\/\/grupnexus.com\/wp-content\/uploads\/2019\/07\/13148566_s-555x832.jpg 555w, https:\/\/grupnexus.com\/wp-content\/uploads\/2019\/07\/13148566_s-360x540.jpg 360w, https:\/\/grupnexus.com\/wp-content\/uploads\/2019\/07\/13148566_s-262x393.jpg 262w\" sizes=\"(max-width: 400px) 100vw, 400px\" \/><p id=\"caption-attachment-28936\" class=\"wp-caption-text\">Es ideal tambi\u00e9n para cuando vas a la playa, la piscina o practicas deporte.<\/p><\/div><\/p>\n<p>Mediante el microneedling (peque\u00f1as agujas) inducimos col\u00e1geno en la dermis con lo que conseguimos que los principios penetren de manera m\u00e1s eficaz.<\/p>\n<p>Principios activos, \u00e1cido hialur\u00f3nico, p\u00e9ptidos y pigmentos en diferentes tonalidades se inyectan a trav\u00e9s de las microagujas consiguiendo un efecto antiaging y maquillaje semipermanente.<\/p>\n<p>Los resultados son visibles desde la primera sesi\u00f3n. Sin embargo, se aconseja realizar entre 3 y 5 sesiones para conseguir difuminar las imperfecciones de manera progresiva y obtener un resultado \u00f3ptimo durante 1 a\u00f1o.<\/p>\n<p>Resultados:<\/p>\n<ul>\n<li>Difumina las ojeras<\/li>\n<li>Disimula las manchas de la piel y cicatrices de acn\u00e9<\/li>\n<li>Hidrata la piel en profundidad<\/li>\n<li>Aporta luminosidad<\/li>\n<li>Ofrece uniformidad en el tono y mejora la textura de la piel<\/li>\n<li>En los d\u00edas posteriores al tratamiento, se recomienda evitar el sol y utilizar factor de protecci\u00f3n solar alto.<\/li>\n<\/ul>\n<p>Est\u00e1 contraindicado en caso de embarazo, diabetes y personas con problemas cardiovasculares. Si sufres de acn\u00e9, tienes tendencia a generar peque\u00f1os quistes o <em>miliums<\/em> hay que preparar la piel antes con peelings o limpiezas profundas.<\/p>\n<h3 style=\"text-align: center;\">Olv\u00eddate de maquillajes en la playa o piscina. Eso s\u00ed, nunca de tu factor de protecci\u00f3n solar.<\/h3><\/div><\/div><\/div><\/div>\n<p>&nbsp;<\/p>\n<p style=\"text-align: center;\"><a href=\"https:\/\/grupnexus.com\/wp-content\/uploads\/2019\/07\/publireportatge-NEXUS-agost-2019-CASTELL\u00c0.pdf\" target=\"_blank\" rel=\"noopener noreferrer\">Descargar publicaci\u00f3n en pdf<\/a><\/p>\n<div class=\"sep\"><\/div>\n<div class=\"row \"><div class=\"wpv-grid grid-1-1  wpv-first-level first unextended\" style=\"padding-top:0px;padding-bottom:0px\" id=\"wpv-column-7977ee118e807ca4ef7ff87b74ced451\" ><p><strong><span class=\"buscar\">Potser estava buscant:<\/span><\/strong><br \/>\n<span class=\"paraules\">Renovar pell cara Lleida, tractament poros dilatat Lleida, fototer\u00e0pia l\u00e0ser Lleida, Mesoter\u00e0pia Lleida, infiltracions cara Lleida<\/span><\/div><\/div>\n","protected":false},"excerpt":{"rendered":"<p>El placer de despertarse perfecta, sin tener que maquillarte. BB Glow. El efecto flash 24\/365 Est\u00e1 revolucionando las redes mundialmente. Vivimos en una era visual y social que estipula unos c\u00e1nones de belleza natural, que debe perdurar durante todo el d\u00eda. En cualquier momento te haces una foto, un selfie o grabas un v\u00eddeo, por&#8230;<\/p>\n","protected":false},"author":6,"featured_media":28732,"parent":1055,"menu_order":0,"comment_status":"closed","ping_status":"closed","template":"","meta":[],"yoast_head":"<!-- This site is optimized with the Yoast SEO plugin v18.6 - https:\/\/yoast.com\/wordpress\/plugins\/seo\/ -->\n<title>BB Glow Maquillaje Semipermanente Lleida<\/title>\n<meta name=\"description\" content=\"A Nexus eliminem les maques d&#039;acn\u00e9 amb t\u00e8cniques innovadores (IPL, Fototer\u00e0pia LED, Terapia Fotodin\u00e0mica, etc)\" \/>\n<meta name=\"robots\" content=\"index, follow, max-snippet:-1, max-image-preview:large, max-video-preview:-1\" \/>\n<link rel=\"canonical\" href=\"https:\/\/grupnexus.com\/es\/tratamientos\/estetica-avanzada\/bb-glow\/\" \/>\n<meta property=\"og:locale\" content=\"es_ES\" \/>\n<meta property=\"og:type\" content=\"article\" \/>\n<meta property=\"og:title\" content=\"BB Glow Maquillaje Semipermanente Lleida\" \/>\n<meta property=\"og:description\" content=\"A Nexus eliminem les maques d&#039;acn\u00e9 amb t\u00e8cniques innovadores (IPL, Fototer\u00e0pia LED, Terapia Fotodin\u00e0mica, etc)\" \/>\n<meta property=\"og:url\" content=\"https:\/\/grupnexus.com\/es\/tratamientos\/estetica-avanzada\/bb-glow\/\" \/>\n<meta property=\"og:site_name\" content=\"Cl\u00ednica Nexus\" \/>\n<meta property=\"article:modified_time\" content=\"2019-07-29T09:44:22+00:00\" \/>\n<meta property=\"og:image\" content=\"https:\/\/i0.wp.com\/grupnexus.com\/wp-content\/uploads\/2019\/07\/108457378_s-2.jpg?fit=600%2C400&#038;ssl=1\" \/>\n\t<meta property=\"og:image:width\" content=\"600\" \/>\n\t<meta property=\"og:image:height\" content=\"400\" \/>\n\t<meta property=\"og:image:type\" content=\"image\/jpeg\" \/>\n<meta name=\"twitter:card\" content=\"summary\" \/>\n<meta name=\"twitter:label1\" content=\"Tiempo de lectura\" \/>\n\t<meta name=\"twitter:data1\" content=\"4 minutos\" \/>\n<script type=\"application\/ld+json\" class=\"yoast-schema-graph\">{\"@context\":\"https:\/\/schema.org\",\"@graph\":[{\"@type\":\"WebSite\",\"@id\":\"https:\/\/grupnexus.com\/es\/#website\",\"url\":\"https:\/\/grupnexus.com\/es\/\",\"name\":\"Cl\u00ednica Nexus\",\"description\":\"L\u00edders en Medicina Est\u00e8tica Avan\u00e7ada\",\"potentialAction\":[{\"@type\":\"SearchAction\",\"target\":{\"@type\":\"EntryPoint\",\"urlTemplate\":\"https:\/\/grupnexus.com\/es\/?s={search_term_string}\"},\"query-input\":\"required name=search_term_string\"}],\"inLanguage\":\"es\"},{\"@type\":\"ImageObject\",\"@id\":\"https:\/\/grupnexus.com\/es\/tratamientos\/estetica-avanzada\/bb-glow\/#primaryimage\",\"inLanguage\":\"es\",\"url\":\"https:\/\/grupnexus.com\/wp-content\/uploads\/2019\/07\/108457378_s-2.jpg\",\"contentUrl\":\"https:\/\/grupnexus.com\/wp-content\/uploads\/2019\/07\/108457378_s-2.jpg\",\"width\":600,\"height\":400},{\"@type\":\"WebPage\",\"@id\":\"https:\/\/grupnexus.com\/es\/tratamientos\/estetica-avanzada\/bb-glow\/#webpage\",\"url\":\"https:\/\/grupnexus.com\/es\/tratamientos\/estetica-avanzada\/bb-glow\/\",\"name\":\"BB Glow Maquillaje Semipermanente Lleida\",\"isPartOf\":{\"@id\":\"https:\/\/grupnexus.com\/es\/#website\"},\"primaryImageOfPage\":{\"@id\":\"https:\/\/grupnexus.com\/es\/tratamientos\/estetica-avanzada\/bb-glow\/#primaryimage\"},\"datePublished\":\"2019-07-25T08:28:18+00:00\",\"dateModified\":\"2019-07-29T09:44:22+00:00\",\"description\":\"A Nexus eliminem les maques d'acn\u00e9 amb t\u00e8cniques innovadores (IPL, Fototer\u00e0pia LED, Terapia Fotodin\u00e0mica, etc)\",\"breadcrumb\":{\"@id\":\"https:\/\/grupnexus.com\/es\/tratamientos\/estetica-avanzada\/bb-glow\/#breadcrumb\"},\"inLanguage\":\"es\",\"potentialAction\":[{\"@type\":\"ReadAction\",\"target\":[\"https:\/\/grupnexus.com\/es\/tratamientos\/estetica-avanzada\/bb-glow\/\"]}]},{\"@type\":\"BreadcrumbList\",\"@id\":\"https:\/\/grupnexus.com\/es\/tratamientos\/estetica-avanzada\/bb-glow\/#breadcrumb\",\"itemListElement\":[{\"@type\":\"ListItem\",\"position\":1,\"name\":\"Portada\",\"item\":\"https:\/\/grupnexus.com\/es\/\"},{\"@type\":\"ListItem\",\"position\":2,\"name\":\"Tratamientos\",\"item\":\"https:\/\/grupnexus.com\/es\/tratamientos\/\"},{\"@type\":\"ListItem\",\"position\":3,\"name\":\"Est\u00e9tica avanzada\",\"item\":\"https:\/\/grupnexus.com\/es\/tratamientos\/estetica-avanzada\/\"},{\"@type\":\"ListItem\",\"position\":4,\"name\":\"BB Glow\"}]}]}<\/script>\n<!-- \/ Yoast SEO plugin. -->","yoast_head_json":{"title":"BB Glow Maquillaje Semipermanente Lleida","description":"A Nexus eliminem les maques d'acn\u00e9 amb t\u00e8cniques innovadores (IPL, Fototer\u00e0pia LED, Terapia Fotodin\u00e0mica, etc)","robots":{"index":"index","follow":"follow","max-snippet":"max-snippet:-1","max-image-preview":"max-image-preview:large","max-video-preview":"max-video-preview:-1"},"canonical":"https:\/\/grupnexus.com\/es\/tratamientos\/estetica-avanzada\/bb-glow\/","og_locale":"es_ES","og_type":"article","og_title":"BB Glow Maquillaje Semipermanente Lleida","og_description":"A Nexus eliminem les maques d'acn\u00e9 amb t\u00e8cniques innovadores (IPL, Fototer\u00e0pia LED, Terapia Fotodin\u00e0mica, etc)","og_url":"https:\/\/grupnexus.com\/es\/tratamientos\/estetica-avanzada\/bb-glow\/","og_site_name":"Cl\u00ednica Nexus","article_modified_time":"2019-07-29T09:44:22+00:00","og_image":[{"width":600,"height":400,"url":"https:\/\/i0.wp.com\/grupnexus.com\/wp-content\/uploads\/2019\/07\/108457378_s-2.jpg?fit=600%2C400&ssl=1","type":"image\/jpeg"}],"twitter_card":"summary","twitter_misc":{"Tiempo de lectura":"4 minutos"},"schema":{"@context":"https:\/\/schema.org","@graph":[{"@type":"WebSite","@id":"https:\/\/grupnexus.com\/es\/#website","url":"https:\/\/grupnexus.com\/es\/","name":"Cl\u00ednica Nexus","description":"L\u00edders en Medicina Est\u00e8tica Avan\u00e7ada","potentialAction":[{"@type":"SearchAction","target":{"@type":"EntryPoint","urlTemplate":"https:\/\/grupnexus.com\/es\/?s={search_term_string}"},"query-input":"required name=search_term_string"}],"inLanguage":"es"},{"@type":"ImageObject","@id":"https:\/\/grupnexus.com\/es\/tratamientos\/estetica-avanzada\/bb-glow\/#primaryimage","inLanguage":"es","url":"https:\/\/grupnexus.com\/wp-content\/uploads\/2019\/07\/108457378_s-2.jpg","contentUrl":"https:\/\/grupnexus.com\/wp-content\/uploads\/2019\/07\/108457378_s-2.jpg","width":600,"height":400},{"@type":"WebPage","@id":"https:\/\/grupnexus.com\/es\/tratamientos\/estetica-avanzada\/bb-glow\/#webpage","url":"https:\/\/grupnexus.com\/es\/tratamientos\/estetica-avanzada\/bb-glow\/","name":"BB Glow Maquillaje Semipermanente Lleida","isPartOf":{"@id":"https:\/\/grupnexus.com\/es\/#website"},"primaryImageOfPage":{"@id":"https:\/\/grupnexus.com\/es\/tratamientos\/estetica-avanzada\/bb-glow\/#primaryimage"},"datePublished":"2019-07-25T08:28:18+00:00","dateModified":"2019-07-29T09:44:22+00:00","description":"A Nexus eliminem les maques d'acn\u00e9 amb t\u00e8cniques innovadores (IPL, Fototer\u00e0pia LED, Terapia Fotodin\u00e0mica, etc)","breadcrumb":{"@id":"https:\/\/grupnexus.com\/es\/tratamientos\/estetica-avanzada\/bb-glow\/#breadcrumb"},"inLanguage":"es","potentialAction":[{"@type":"ReadAction","target":["https:\/\/grupnexus.com\/es\/tratamientos\/estetica-avanzada\/bb-glow\/"]}]},{"@type":"BreadcrumbList","@id":"https:\/\/grupnexus.com\/es\/tratamientos\/estetica-avanzada\/bb-glow\/#breadcrumb","itemListElement":[{"@type":"ListItem","position":1,"name":"Portada","item":"https:\/\/grupnexus.com\/es\/"},{"@type":"ListItem","position":2,"name":"Tratamientos","item":"https:\/\/grupnexus.com\/es\/tratamientos\/"},{"@type":"ListItem","position":3,"name":"Est\u00e9tica avanzada","item":"https:\/\/grupnexus.com\/es\/tratamientos\/estetica-avanzada\/"},{"@type":"ListItem","position":4,"name":"BB Glow"}]}]}},"_links":{"self":[{"href":"https:\/\/grupnexus.com\/es\/wp-json\/wp\/v2\/pages\/28734"}],"collection":[{"href":"https:\/\/grupnexus.com\/es\/wp-json\/wp\/v2\/pages"}],"about":[{"href":"https:\/\/grupnexus.com\/es\/wp-json\/wp\/v2\/types\/page"}],"author":[{"embeddable":true,"href":"https:\/\/grupnexus.com\/es\/wp-json\/wp\/v2\/users\/6"}],"replies":[{"embeddable":true,"href":"https:\/\/grupnexus.com\/es\/wp-json\/wp\/v2\/comments?post=28734"}],"version-history":[{"count":8,"href":"https:\/\/grupnexus.com\/es\/wp-json\/wp\/v2\/pages\/28734\/revisions"}],"predecessor-version":[{"id":29431,"href":"https:\/\/grupnexus.com\/es\/wp-json\/wp\/v2\/pages\/28734\/revisions\/29431"}],"up":[{"embeddable":true,"href":"https:\/\/grupnexus.com\/es\/wp-json\/wp\/v2\/pages\/1055"}],"wp:featuredmedia":[{"embeddable":true,"href":"https:\/\/grupnexus.com\/es\/wp-json\/wp\/v2\/media\/28732"}],"wp:attachment":[{"href":"https:\/\/grupnexus.com\/es\/wp-json\/wp\/v2\/media?parent=28734"}],"curies":[{"name":"wp","href":"https:\/\/api.w.org\/{rel}","templated":true}]}}