{"id":41635,"date":"2019-12-09T11:06:47","date_gmt":"2019-12-09T09:06:47","guid":{"rendered":"https:\/\/www.grupnexus.com\/?page_id=41635"},"modified":"2021-04-14T09:43:27","modified_gmt":"2021-04-14T07:43:27","slug":"trichotest-tm","status":"publish","type":"page","link":"https:\/\/grupnexus.com\/es\/tratamientos\/medicina-antiaging\/trichotest-tm\/","title":{"rendered":"Trichotest TM"},"content":{"rendered":"<div class=\"row \"><div class=\"wpv-grid grid-3-4  wpv-first-level first unextended\" style=\"padding-top:0px;padding-bottom:0px\" id=\"wpv-column-44241d2d1cefec87d936911964659bb0\" >\t\t<h2 class=\"text-divider-double\">\t\t\t\nTrichotest TM\t\t<\/h2>\t\t<div class=\"sep\"><\/div>\t<\/div>\n<div class=\"wpv-grid grid-1-4  wpv-first-level unextended\" style=\"padding-top:0px;padding-bottom:0px\" id=\"wpv-column-e26fce79d1a42b0f699015fd589c4604\" ><div class=\"push\" style='height:44px'><\/div>\n<!-- Widget Shortcode --><div id=\"search-11\" class=\"widget widget_search widget-shortcode area-wpv_sidebar-tractament-est-facial-cat-left \"><form role=\"search\" method=\"get\" class=\"searchform clearfix\" action=\"https:\/\/grupnexus.com\/es\/\">\n\t<label for=\"search-text-widget\" class=\"visuallyhidden\">Search for:<\/label>\n\t<input id=\"search-text-widget\" type=\"text\" value=\"\" name=\"s\" placeholder=\"Buscar\" required=\"required\" \/>\n\t<input type=\"submit\" value=\"Buscar\" \/>\n\t\t\t<input type=\"hidden\" name=\"lang\" value=\"es\"\/>\n\t<\/form><\/div><!-- \/Widget Shortcode --><\/div><\/div>\n<div class=\"row \"><div class=\"wpv-grid grid-1-4  wpv-first-level first unextended\" style=\"padding-top:0px;padding-bottom:0px\" id=\"wpv-column-3caec93c42756827dd8ad57046d82de1\" ><!-- Widget Shortcode --><div id=\"nav_menu-19\" class=\"widget widget_nav_menu widget-shortcode area-wpv_sidebar-tractaments-cat-left \"><h2 class=\"widgettitle\">Tratamientos<\/h2><div class=\"menu-menu-tratamientos-es-container\"><ul id=\"menu-menu-tratamientos-es\" class=\"menu\"><li id=\"menu-item-9584\" class=\"menu-item menu-item-type-post_type menu-item-object-page menu-item-9584\"><a href=\"https:\/\/grupnexus.com\/es\/tratamientos\/medicina-estetica-facial\/\">Medicina est\u00e9tica facial<\/a><\/li>\n<li id=\"menu-item-9583\" class=\"menu-item menu-item-type-post_type menu-item-object-page menu-item-9583\"><a href=\"https:\/\/grupnexus.com\/es\/tratamientos\/medicina-estetica-corporal\/\">Medicina est\u00e9tica corporal<\/a><\/li>\n<li id=\"menu-item-9667\" class=\"menu-item menu-item-type-post_type menu-item-object-page menu-item-9667\"><a href=\"https:\/\/grupnexus.com\/es\/tratamientos\/plataforma-laser\/\">Plataforma l\u00e1ser<\/a><\/li>\n<li id=\"menu-item-9578\" class=\"menu-item menu-item-type-post_type menu-item-object-page menu-item-9578\"><a href=\"https:\/\/grupnexus.com\/es\/tratamientos\/cirugia-estetica\/\">Cirug\u00eda est\u00e9tica<\/a><\/li>\n<li id=\"menu-item-9581\" class=\"menu-item menu-item-type-post_type menu-item-object-page menu-item-9581\"><a href=\"https:\/\/grupnexus.com\/es\/tratamientos\/medicina-antiaging\/\">Medicina Antiaging Preventiva<\/a><\/li>\n<li id=\"menu-item-9582\" class=\"menu-item menu-item-type-post_type menu-item-object-page menu-item-9582\"><a href=\"https:\/\/grupnexus.com\/es\/tratamientos\/medicina-biologica\/\">Medicina biol\u00f3gica<\/a><\/li>\n<li id=\"menu-item-9580\" class=\"menu-item menu-item-type-post_type menu-item-object-page menu-item-9580\"><a href=\"https:\/\/grupnexus.com\/es\/tratamientos\/estetica-avanzada\/\">Est\u00e9tica avanzada<\/a><\/li>\n<\/ul><\/div><\/div><!-- \/Widget Shortcode --><\/div>\n<div class=\"wpv-grid grid-3-4  wpv-first-level unextended\" style=\"padding-top:0px;padding-bottom:0px\" id=\"wpv-column-6a753159ca28d8ffd91e0f9d65ea7e5c\" ><h3 style=\"color: #000;\"><strong>TRICHOTEST<sup>TM\u00a0 <\/sup>la soluci\u00f3n eficaz para tratar la alopecia <\/strong><\/h3>\n<p><img loading=\"lazy\" class=\"aligncenter size-full wp-image-41637\" src=\"https:\/\/grupnexus.com\/wp-content\/uploads\/2019\/12\/Trichotestdona.jpg\" alt=\"\" width=\"848\" height=\"565\" srcset=\"https:\/\/grupnexus.com\/wp-content\/uploads\/2019\/12\/Trichotestdona.jpg 848w, https:\/\/grupnexus.com\/wp-content\/uploads\/2019\/12\/Trichotestdona-510x340.jpg 510w, https:\/\/grupnexus.com\/wp-content\/uploads\/2019\/12\/Trichotestdona-300x200.jpg 300w, https:\/\/grupnexus.com\/wp-content\/uploads\/2019\/12\/Trichotestdona-768x512.jpg 768w, https:\/\/grupnexus.com\/wp-content\/uploads\/2019\/12\/Trichotestdona-555x370.jpg 555w, https:\/\/grupnexus.com\/wp-content\/uploads\/2019\/12\/Trichotestdona-360x240.jpg 360w, https:\/\/grupnexus.com\/wp-content\/uploads\/2019\/12\/Trichotestdona-262x175.jpg 262w\" sizes=\"(max-width: 848px) 100vw, 848px\" \/><\/p>\n<div class=\"row \"><div class=\"wpv-grid grid-1-1  first unextended\" style=\"padding-top:0px;padding-bottom:0px\" id=\"wpv-column-80a561e42e79e6fb7796601a857bd077\" ><p><strong>TrichoTestTM<\/strong> es un <strong>test gen\u00e9tico<\/strong> que analiza 48 variaciones gen\u00e9ticas en los 13 genes relacionados con la <strong>alopecia<\/strong>. Con el resultado de este, en el que adem\u00e1s se tienen en cuenta tu historia cl\u00ednica y estilo de vida, <strong>podemos saber exactamente la causa de tu p\u00e9rdida de cabello<\/strong>. Ello nos permite un diagn\u00f3stico y tratamiento personalizado.<\/p>\n<p>Con dicho resultado te proponemos un <strong>plan de tratamiento mediante f\u00f3rmulas personalizadas<\/strong> con:<\/p>\n<ul>\n<li>Tratamiento oral<\/li>\n<li>Tratamiento t\u00f3pico<\/li>\n<li>Tratamientos m\u00e9dico-est\u00e9ticos<\/li>\n<\/ul>\n<p><strong>\u00bfPara qui\u00e9n est\u00e1 indicado?<\/strong><\/p>\n<ul>\n<li>Es efectivo tanto para <strong>hombres<\/strong> c\u00f3mo para <strong>mujeres<\/strong><\/li>\n<li>Si tienes <strong>antecedentes familiares de alopecia<\/strong><\/li>\n<li>Si padeces <strong>cambios hormonales, problemas circulatorios, estr\u00e9s o d\u00e9ficit de vitaminas y minerales<\/strong><\/li>\n<li>Si has probado diferentes tratamientos sin resultado, y <strong>quieres un tratamiento efectivo. <\/strong><\/li>\n<\/ul>\n<p><strong>\u00bfComo funciona el test? <\/strong><\/p>\n<ul>\n<li>Te realizamos una <strong>anamnesis<\/strong> (toma de medicamentos, patolog\u00edas, estado emocional, actividad f\u00edsica, h\u00e1bitos y antecedentes m\u00e9dicos y familiares) <strong>y recogemos una muestra de tu saliva<\/strong>. Este proceso dura 1 minuto<\/li>\n<li>En <strong>2-3 semanas<\/strong> te citaremos de nuevo para <strong>analizar tus resultados<\/strong> <strong>e iniciar su plan de tratamiento t\u00f3pico y oral.<\/strong> Un algoritmo patentado realiza una formulaci\u00f3n personalizada bas\u00e1ndose en qu\u00e9 principios activos son los m\u00e1s indicados en tu caso<\/li>\n<li>Durante estas semanas de espera podemos iniciar ya <strong>tratamientos m\u00e9dico-est\u00e9ticos<\/strong>, porque sabemos que <strong>quieres resultados r\u00e1pidos<\/strong><\/li>\n<li>Este test tiene un <strong>99% de eficacia<\/strong>.<\/li>\n<\/ul>\n<p><img loading=\"lazy\" class=\"aligncenter size-full wp-image-41639\" src=\"https:\/\/grupnexus.com\/wp-content\/uploads\/2019\/12\/TrichotestHome.jpg\" alt=\"\" width=\"937\" height=\"511\" srcset=\"https:\/\/grupnexus.com\/wp-content\/uploads\/2019\/12\/TrichotestHome.jpg 937w, https:\/\/grupnexus.com\/wp-content\/uploads\/2019\/12\/TrichotestHome-510x278.jpg 510w, https:\/\/grupnexus.com\/wp-content\/uploads\/2019\/12\/TrichotestHome-300x164.jpg 300w, https:\/\/grupnexus.com\/wp-content\/uploads\/2019\/12\/TrichotestHome-768x419.jpg 768w, https:\/\/grupnexus.com\/wp-content\/uploads\/2019\/12\/TrichotestHome-555x303.jpg 555w, https:\/\/grupnexus.com\/wp-content\/uploads\/2019\/12\/TrichotestHome-360x196.jpg 360w, https:\/\/grupnexus.com\/wp-content\/uploads\/2019\/12\/TrichotestHome-262x143.jpg 262w\" sizes=\"(max-width: 937px) 100vw, 937px\" \/><\/p>\n<p>El 70% de la poblaci\u00f3n padece alg\u00fan tipo de <strong>p\u00e9rdida de cabello<\/strong>. Una afecci\u00f3n causada por <strong>factores gen\u00e9ticos y extr\u00ednsecos<\/strong>. Ambos factores <strong>deben abordarse como un todo<\/strong>.<\/p>\n<p>Adem\u00e1s, con TrichoTest podemos anticiparnos. \u00a0Es muy com\u00fan no alarmarnos hasta haber perdido entre un 30-50% de nuestro volumen capilar. Si tienes antecedentes familiares, no esperes a que esto pase. <strong>Al m\u00e1s m\u00ednimo indicio, acude a nosotros y frena la ca\u00edda de ra\u00edz.<\/strong><\/div><\/div><\/div><\/div>\n<div class=\"sep\"><\/div>\n<div class=\"row \"><div class=\"wpv-grid grid-1-1  wpv-first-level first unextended\" style=\"padding-top:0px;padding-bottom:0px\" id=\"wpv-column-b968baeb783411282b102ca44ed04bf3\" ><p><strong><span class=\"buscar\">Potser estava buscant:<\/span><\/strong><br \/>\n<span class=\"paraules\">Trichotest, Trichotest Lleida<\/span><\/div><\/div>\n","protected":false},"excerpt":{"rendered":"<p>TRICHOTESTTM\u00a0 la soluci\u00f3n eficaz para tratar la alopecia TrichoTestTM es un test gen\u00e9tico que analiza 48 variaciones gen\u00e9ticas en los 13 genes relacionados con la alopecia. Con el resultado de este, en el que adem\u00e1s se tienen en cuenta tu historia cl\u00ednica y estilo de vida, podemos saber exactamente la causa de tu p\u00e9rdida de&#8230;<\/p>\n","protected":false},"author":6,"featured_media":0,"parent":1056,"menu_order":0,"comment_status":"closed","ping_status":"closed","template":"","meta":[],"yoast_head":"<!-- This site is optimized with the Yoast SEO plugin v18.6 - https:\/\/yoast.com\/wordpress\/plugins\/seo\/ -->\n<title>Trichotest TM - Nexus<\/title>\n<meta name=\"description\" content=\"Los tratamientos nutricosm\u00e9tica de Nexus te ayudar\u00e1n a recuperar la salud de tus cabellos. Consulta con nuestros especialistas.\" \/>\n<meta name=\"robots\" content=\"index, follow, max-snippet:-1, max-image-preview:large, max-video-preview:-1\" \/>\n<link rel=\"canonical\" href=\"https:\/\/grupnexus.com\/es\/tratamientos\/medicina-antiaging\/trichotest-tm\/\" \/>\n<meta property=\"og:locale\" content=\"es_ES\" \/>\n<meta property=\"og:type\" content=\"article\" \/>\n<meta property=\"og:title\" content=\"Trichotest TM - Nexus\" \/>\n<meta property=\"og:description\" content=\"Los tratamientos nutricosm\u00e9tica de Nexus te ayudar\u00e1n a recuperar la salud de tus cabellos. Consulta con nuestros especialistas.\" \/>\n<meta property=\"og:url\" content=\"https:\/\/grupnexus.com\/es\/tratamientos\/medicina-antiaging\/trichotest-tm\/\" \/>\n<meta property=\"og:site_name\" content=\"Cl\u00ednica Nexus\" \/>\n<meta property=\"article:modified_time\" content=\"2021-04-14T07:43:27+00:00\" \/>\n<meta property=\"og:image\" content=\"https:\/\/grupnexus.com\/wp-content\/uploads\/2019\/12\/Trichotestdona.jpg\" \/>\n<meta name=\"twitter:card\" content=\"summary\" \/>\n<meta name=\"twitter:label1\" content=\"Tiempo de lectura\" \/>\n\t<meta name=\"twitter:data1\" content=\"3 minutos\" \/>\n<script type=\"application\/ld+json\" class=\"yoast-schema-graph\">{\"@context\":\"https:\/\/schema.org\",\"@graph\":[{\"@type\":\"WebSite\",\"@id\":\"https:\/\/grupnexus.com\/es\/#website\",\"url\":\"https:\/\/grupnexus.com\/es\/\",\"name\":\"Cl\u00ednica Nexus\",\"description\":\"L\u00edders en Medicina Est\u00e8tica Avan\u00e7ada\",\"potentialAction\":[{\"@type\":\"SearchAction\",\"target\":{\"@type\":\"EntryPoint\",\"urlTemplate\":\"https:\/\/grupnexus.com\/es\/?s={search_term_string}\"},\"query-input\":\"required name=search_term_string\"}],\"inLanguage\":\"es\"},{\"@type\":\"ImageObject\",\"@id\":\"https:\/\/grupnexus.com\/es\/tratamientos\/medicina-antiaging\/trichotest-tm\/#primaryimage\",\"inLanguage\":\"es\",\"url\":\"https:\/\/grupnexus.com\/wp-content\/uploads\/2019\/12\/Trichotestdona.jpg\",\"contentUrl\":\"https:\/\/grupnexus.com\/wp-content\/uploads\/2019\/12\/Trichotestdona.jpg\",\"width\":848,\"height\":565,\"caption\":\"Hair Care. Closeup Of Beautiful Woman Hairbrushing Hair With Brush. Portrait Of Sexy Female Woman Brushing Long Straight Healthy Hair With Hairbrush. Health And Beauty Concept. High Resolution Image\"},{\"@type\":\"WebPage\",\"@id\":\"https:\/\/grupnexus.com\/es\/tratamientos\/medicina-antiaging\/trichotest-tm\/#webpage\",\"url\":\"https:\/\/grupnexus.com\/es\/tratamientos\/medicina-antiaging\/trichotest-tm\/\",\"name\":\"Trichotest TM - Nexus\",\"isPartOf\":{\"@id\":\"https:\/\/grupnexus.com\/es\/#website\"},\"primaryImageOfPage\":{\"@id\":\"https:\/\/grupnexus.com\/es\/tratamientos\/medicina-antiaging\/trichotest-tm\/#primaryimage\"},\"datePublished\":\"2019-12-09T09:06:47+00:00\",\"dateModified\":\"2021-04-14T07:43:27+00:00\",\"description\":\"Los tratamientos nutricosm\u00e9tica de Nexus te ayudar\u00e1n a recuperar la salud de tus cabellos. Consulta con nuestros especialistas.\",\"breadcrumb\":{\"@id\":\"https:\/\/grupnexus.com\/es\/tratamientos\/medicina-antiaging\/trichotest-tm\/#breadcrumb\"},\"inLanguage\":\"es\",\"potentialAction\":[{\"@type\":\"ReadAction\",\"target\":[\"https:\/\/grupnexus.com\/es\/tratamientos\/medicina-antiaging\/trichotest-tm\/\"]}]},{\"@type\":\"BreadcrumbList\",\"@id\":\"https:\/\/grupnexus.com\/es\/tratamientos\/medicina-antiaging\/trichotest-tm\/#breadcrumb\",\"itemListElement\":[{\"@type\":\"ListItem\",\"position\":1,\"name\":\"Portada\",\"item\":\"https:\/\/grupnexus.com\/es\/\"},{\"@type\":\"ListItem\",\"position\":2,\"name\":\"Tratamientos\",\"item\":\"https:\/\/grupnexus.com\/es\/tratamientos\/\"},{\"@type\":\"ListItem\",\"position\":3,\"name\":\"Medicina Antiaging Preventiva\",\"item\":\"https:\/\/grupnexus.com\/es\/tratamientos\/medicina-antiaging\/\"},{\"@type\":\"ListItem\",\"position\":4,\"name\":\"Trichotest TM\"}]}]}<\/script>\n<!-- \/ Yoast SEO plugin. -->","yoast_head_json":{"title":"Trichotest TM - Nexus","description":"Los tratamientos nutricosm\u00e9tica de Nexus te ayudar\u00e1n a recuperar la salud de tus cabellos. Consulta con nuestros especialistas.","robots":{"index":"index","follow":"follow","max-snippet":"max-snippet:-1","max-image-preview":"max-image-preview:large","max-video-preview":"max-video-preview:-1"},"canonical":"https:\/\/grupnexus.com\/es\/tratamientos\/medicina-antiaging\/trichotest-tm\/","og_locale":"es_ES","og_type":"article","og_title":"Trichotest TM - Nexus","og_description":"Los tratamientos nutricosm\u00e9tica de Nexus te ayudar\u00e1n a recuperar la salud de tus cabellos. Consulta con nuestros especialistas.","og_url":"https:\/\/grupnexus.com\/es\/tratamientos\/medicina-antiaging\/trichotest-tm\/","og_site_name":"Cl\u00ednica Nexus","article_modified_time":"2021-04-14T07:43:27+00:00","og_image":[{"url":"https:\/\/grupnexus.com\/wp-content\/uploads\/2019\/12\/Trichotestdona.jpg"}],"twitter_card":"summary","twitter_misc":{"Tiempo de lectura":"3 minutos"},"schema":{"@context":"https:\/\/schema.org","@graph":[{"@type":"WebSite","@id":"https:\/\/grupnexus.com\/es\/#website","url":"https:\/\/grupnexus.com\/es\/","name":"Cl\u00ednica Nexus","description":"L\u00edders en Medicina Est\u00e8tica Avan\u00e7ada","potentialAction":[{"@type":"SearchAction","target":{"@type":"EntryPoint","urlTemplate":"https:\/\/grupnexus.com\/es\/?s={search_term_string}"},"query-input":"required name=search_term_string"}],"inLanguage":"es"},{"@type":"ImageObject","@id":"https:\/\/grupnexus.com\/es\/tratamientos\/medicina-antiaging\/trichotest-tm\/#primaryimage","inLanguage":"es","url":"https:\/\/grupnexus.com\/wp-content\/uploads\/2019\/12\/Trichotestdona.jpg","contentUrl":"https:\/\/grupnexus.com\/wp-content\/uploads\/2019\/12\/Trichotestdona.jpg","width":848,"height":565,"caption":"Hair Care. Closeup Of Beautiful Woman Hairbrushing Hair With Brush. Portrait Of Sexy Female Woman Brushing Long Straight Healthy Hair With Hairbrush. Health And Beauty Concept. High Resolution Image"},{"@type":"WebPage","@id":"https:\/\/grupnexus.com\/es\/tratamientos\/medicina-antiaging\/trichotest-tm\/#webpage","url":"https:\/\/grupnexus.com\/es\/tratamientos\/medicina-antiaging\/trichotest-tm\/","name":"Trichotest TM - Nexus","isPartOf":{"@id":"https:\/\/grupnexus.com\/es\/#website"},"primaryImageOfPage":{"@id":"https:\/\/grupnexus.com\/es\/tratamientos\/medicina-antiaging\/trichotest-tm\/#primaryimage"},"datePublished":"2019-12-09T09:06:47+00:00","dateModified":"2021-04-14T07:43:27+00:00","description":"Los tratamientos nutricosm\u00e9tica de Nexus te ayudar\u00e1n a recuperar la salud de tus cabellos. Consulta con nuestros especialistas.","breadcrumb":{"@id":"https:\/\/grupnexus.com\/es\/tratamientos\/medicina-antiaging\/trichotest-tm\/#breadcrumb"},"inLanguage":"es","potentialAction":[{"@type":"ReadAction","target":["https:\/\/grupnexus.com\/es\/tratamientos\/medicina-antiaging\/trichotest-tm\/"]}]},{"@type":"BreadcrumbList","@id":"https:\/\/grupnexus.com\/es\/tratamientos\/medicina-antiaging\/trichotest-tm\/#breadcrumb","itemListElement":[{"@type":"ListItem","position":1,"name":"Portada","item":"https:\/\/grupnexus.com\/es\/"},{"@type":"ListItem","position":2,"name":"Tratamientos","item":"https:\/\/grupnexus.com\/es\/tratamientos\/"},{"@type":"ListItem","position":3,"name":"Medicina Antiaging Preventiva","item":"https:\/\/grupnexus.com\/es\/tratamientos\/medicina-antiaging\/"},{"@type":"ListItem","position":4,"name":"Trichotest TM"}]}]}},"_links":{"self":[{"href":"https:\/\/grupnexus.com\/es\/wp-json\/wp\/v2\/pages\/41635"}],"collection":[{"href":"https:\/\/grupnexus.com\/es\/wp-json\/wp\/v2\/pages"}],"about":[{"href":"https:\/\/grupnexus.com\/es\/wp-json\/wp\/v2\/types\/page"}],"author":[{"embeddable":true,"href":"https:\/\/grupnexus.com\/es\/wp-json\/wp\/v2\/users\/6"}],"replies":[{"embeddable":true,"href":"https:\/\/grupnexus.com\/es\/wp-json\/wp\/v2\/comments?post=41635"}],"version-history":[{"count":8,"href":"https:\/\/grupnexus.com\/es\/wp-json\/wp\/v2\/pages\/41635\/revisions"}],"predecessor-version":[{"id":41824,"href":"https:\/\/grupnexus.com\/es\/wp-json\/wp\/v2\/pages\/41635\/revisions\/41824"}],"up":[{"embeddable":true,"href":"https:\/\/grupnexus.com\/es\/wp-json\/wp\/v2\/pages\/1056"}],"wp:attachment":[{"href":"https:\/\/grupnexus.com\/es\/wp-json\/wp\/v2\/media?parent=41635"}],"curies":[{"name":"wp","href":"https:\/\/api.w.org\/{rel}","templated":true}]}}