{"id":43182,"date":"2020-02-18T12:45:15","date_gmt":"2020-02-18T10:45:15","guid":{"rendered":"https:\/\/www.grupnexus.com\/?page_id=43182"},"modified":"2021-08-27T09:08:40","modified_gmt":"2021-08-27T07:08:40","slug":"dr-felix-chavarria","status":"publish","type":"page","link":"https:\/\/grupnexus.com\/es\/nuestro-equipo\/dr-felix-chavarria\/","title":{"rendered":"Dr. F\u00e8lix Chavarr\u00eda"},"content":{"rendered":"<div class=\"row \"><div class=\"wpv-grid grid-1-1  wpv-first-level first unextended\" style=\"padding-top:0px;padding-bottom:0px\" id=\"wpv-column-49bcedd115d2325a52fd5372b64119c9\" >\t\t<h2 class=\"text-divider-double\">\t\t\t\nDr. F\u00e8lix Chavarr\u00eda\t\t<\/h2>\t\t<div class=\"sep\"><\/div>\t<\/div><\/div>\n<div class=\"row \"><div class=\"wpv-grid grid-1-4  wpv-first-level first unextended\" style=\"padding-top:0px;padding-bottom:0px\" id=\"wpv-column-b66562f3623bb8360ceb34bb7d45bf68\" ><p><img loading=\"lazy\" class=\"aligncenter wp-image-43464 size-full\" src=\"https:\/\/grupnexus.com\/wp-content\/uploads\/2021\/08\/dr-felix-2021.jpg\" alt=\"\" width=\"473\" height=\"678\" \/><\/div>\n<div class=\"wpv-grid grid-3-4  wpv-first-level unextended\" style=\"padding-top:0px;padding-bottom:0px\" id=\"wpv-column-595b40a10f0026f04fb1a220652e7731\" ><div class=\"row \"><div class=\"wpv-grid grid-1-1  first unextended\" style=\"padding-top:0px;padding-bottom:0px\" id=\"wpv-column-88c7b8acbe4feacba8156e83bc623a38\" ><h3>Formaci\u00f3n y Trayectoria<\/h3>\n<p>Licenciado en Medicina. Universitat de Barcelona (Hospital Cl\u00ednic). Especializaci\u00f3n v\u00eda MIR en Cirug\u00eda pl\u00e1stica, est\u00e9tica y reparadora en Hospital Universitario Bellvitge<br \/>\nUnidad Funcional de la Mama. Institut Catal\u00e0 Oncologia (realizando reconstrucciones con microcirug\u00eda)<br \/>\nHa colaborado con los mejores cirujanos a nivel mundial durante su estancia en la Universidad de Sao Paulo.<br \/>\nHospital Das Clinica<br \/>\nColabora en diferentes cl\u00ednicas de Barcelona: Instituto de Benito, Cl\u00ednica Cima, Cl\u00ednica Diagonal, entre otras<\/p>\n<h3>Art\u00edculos relacionados<\/h3>\n<p class=\"entry-title\">El Dr F\u00e9lix Chavarr\u00eda destaca por su filosof\u00eda emp\u00e1tica &#8211; Fuente: <a href=\"http:\/\/complexcomolake.it\/el-dr-felix-chavarria-destaca-por-su-filosofia-empatica\/\" target=\"_blank\" rel=\"noopener noreferrer\">Complex como Lake<\/a><\/div><\/div><\/div><\/div>\n<div class=\"push\" style='height:40px'><\/div>\n","protected":false},"excerpt":{"rendered":"<p>Formaci\u00f3n y Trayectoria Licenciado en Medicina. Universitat de Barcelona (Hospital Cl\u00ednic). Especializaci\u00f3n v\u00eda MIR en Cirug\u00eda pl\u00e1stica, est\u00e9tica y reparadora en Hospital Universitario Bellvitge Unidad Funcional de la Mama. Institut Catal\u00e0 Oncologia (realizando reconstrucciones con microcirug\u00eda) Ha colaborado con los mejores cirujanos a nivel mundial durante su estancia en la Universidad de Sao Paulo. Hospital&#8230;<\/p>\n","protected":false},"author":6,"featured_media":0,"parent":14354,"menu_order":0,"comment_status":"closed","ping_status":"closed","template":"","meta":[],"yoast_head":"<!-- This site is optimized with the Yoast SEO plugin v18.6 - https:\/\/yoast.com\/wordpress\/plugins\/seo\/ -->\n<title>Dr. F\u00e8lix Chavarr\u00eda - Cl\u00ednica Nexus<\/title>\n<meta name=\"robots\" content=\"index, follow, max-snippet:-1, max-image-preview:large, max-video-preview:-1\" \/>\n<link rel=\"canonical\" href=\"https:\/\/grupnexus.com\/es\/nuestro-equipo\/dr-felix-chavarria\/\" \/>\n<meta property=\"og:locale\" content=\"es_ES\" \/>\n<meta property=\"og:type\" content=\"article\" \/>\n<meta property=\"og:title\" content=\"Dr. F\u00e8lix Chavarr\u00eda - Cl\u00ednica Nexus\" \/>\n<meta property=\"og:description\" content=\"Formaci\u00f3n y Trayectoria Licenciado en Medicina. Universitat de Barcelona (Hospital Cl\u00ednic). Especializaci\u00f3n v\u00eda MIR en Cirug\u00eda pl\u00e1stica, est\u00e9tica y reparadora en Hospital Universitario Bellvitge Unidad Funcional de la Mama. Institut Catal\u00e0 Oncologia (realizando reconstrucciones con microcirug\u00eda) Ha colaborado con los mejores cirujanos a nivel mundial durante su estancia en la Universidad de Sao Paulo. Hospital...\" \/>\n<meta property=\"og:url\" content=\"https:\/\/grupnexus.com\/es\/nuestro-equipo\/dr-felix-chavarria\/\" \/>\n<meta property=\"og:site_name\" content=\"Cl\u00ednica Nexus\" \/>\n<meta property=\"article:modified_time\" content=\"2021-08-27T07:08:40+00:00\" \/>\n<meta property=\"og:image\" content=\"https:\/\/grupnexus.com\/wp-content\/uploads\/2021\/08\/dr-felix-2021.jpg\" \/>\n<meta name=\"twitter:card\" content=\"summary\" \/>\n<meta name=\"twitter:label1\" content=\"Tiempo de lectura\" \/>\n\t<meta name=\"twitter:data1\" content=\"2 minutos\" \/>\n<script type=\"application\/ld+json\" class=\"yoast-schema-graph\">{\"@context\":\"https:\/\/schema.org\",\"@graph\":[{\"@type\":\"WebSite\",\"@id\":\"https:\/\/grupnexus.com\/es\/#website\",\"url\":\"https:\/\/grupnexus.com\/es\/\",\"name\":\"Cl\u00ednica Nexus\",\"description\":\"L\u00edders en Medicina Est\u00e8tica Avan\u00e7ada\",\"potentialAction\":[{\"@type\":\"SearchAction\",\"target\":{\"@type\":\"EntryPoint\",\"urlTemplate\":\"https:\/\/grupnexus.com\/es\/?s={search_term_string}\"},\"query-input\":\"required name=search_term_string\"}],\"inLanguage\":\"es\"},{\"@type\":\"ImageObject\",\"@id\":\"https:\/\/grupnexus.com\/es\/nuestro-equipo\/dr-felix-chavarria\/#primaryimage\",\"inLanguage\":\"es\",\"url\":\"https:\/\/grupnexus.com\/wp-content\/uploads\/2021\/08\/dr-felix-2021.jpg\",\"contentUrl\":\"https:\/\/grupnexus.com\/wp-content\/uploads\/2021\/08\/dr-felix-2021.jpg\",\"width\":473,\"height\":678},{\"@type\":\"WebPage\",\"@id\":\"https:\/\/grupnexus.com\/es\/nuestro-equipo\/dr-felix-chavarria\/#webpage\",\"url\":\"https:\/\/grupnexus.com\/es\/nuestro-equipo\/dr-felix-chavarria\/\",\"name\":\"Dr. F\u00e8lix Chavarr\u00eda - Cl\u00ednica Nexus\",\"isPartOf\":{\"@id\":\"https:\/\/grupnexus.com\/es\/#website\"},\"primaryImageOfPage\":{\"@id\":\"https:\/\/grupnexus.com\/es\/nuestro-equipo\/dr-felix-chavarria\/#primaryimage\"},\"datePublished\":\"2020-02-18T10:45:15+00:00\",\"dateModified\":\"2021-08-27T07:08:40+00:00\",\"breadcrumb\":{\"@id\":\"https:\/\/grupnexus.com\/es\/nuestro-equipo\/dr-felix-chavarria\/#breadcrumb\"},\"inLanguage\":\"es\",\"potentialAction\":[{\"@type\":\"ReadAction\",\"target\":[\"https:\/\/grupnexus.com\/es\/nuestro-equipo\/dr-felix-chavarria\/\"]}]},{\"@type\":\"BreadcrumbList\",\"@id\":\"https:\/\/grupnexus.com\/es\/nuestro-equipo\/dr-felix-chavarria\/#breadcrumb\",\"itemListElement\":[{\"@type\":\"ListItem\",\"position\":1,\"name\":\"Portada\",\"item\":\"https:\/\/grupnexus.com\/es\/\"},{\"@type\":\"ListItem\",\"position\":2,\"name\":\"Nuestro equipo\",\"item\":\"https:\/\/grupnexus.com\/es\/nuestro-equipo\/\"},{\"@type\":\"ListItem\",\"position\":3,\"name\":\"Dr. F\u00e8lix Chavarr\u00eda\"}]}]}<\/script>\n<!-- \/ Yoast SEO plugin. -->","yoast_head_json":{"title":"Dr. F\u00e8lix Chavarr\u00eda - Cl\u00ednica Nexus","robots":{"index":"index","follow":"follow","max-snippet":"max-snippet:-1","max-image-preview":"max-image-preview:large","max-video-preview":"max-video-preview:-1"},"canonical":"https:\/\/grupnexus.com\/es\/nuestro-equipo\/dr-felix-chavarria\/","og_locale":"es_ES","og_type":"article","og_title":"Dr. F\u00e8lix Chavarr\u00eda - Cl\u00ednica Nexus","og_description":"Formaci\u00f3n y Trayectoria Licenciado en Medicina. Universitat de Barcelona (Hospital Cl\u00ednic). Especializaci\u00f3n v\u00eda MIR en Cirug\u00eda pl\u00e1stica, est\u00e9tica y reparadora en Hospital Universitario Bellvitge Unidad Funcional de la Mama. Institut Catal\u00e0 Oncologia (realizando reconstrucciones con microcirug\u00eda) Ha colaborado con los mejores cirujanos a nivel mundial durante su estancia en la Universidad de Sao Paulo. Hospital...","og_url":"https:\/\/grupnexus.com\/es\/nuestro-equipo\/dr-felix-chavarria\/","og_site_name":"Cl\u00ednica Nexus","article_modified_time":"2021-08-27T07:08:40+00:00","og_image":[{"url":"https:\/\/grupnexus.com\/wp-content\/uploads\/2021\/08\/dr-felix-2021.jpg"}],"twitter_card":"summary","twitter_misc":{"Tiempo de lectura":"2 minutos"},"schema":{"@context":"https:\/\/schema.org","@graph":[{"@type":"WebSite","@id":"https:\/\/grupnexus.com\/es\/#website","url":"https:\/\/grupnexus.com\/es\/","name":"Cl\u00ednica Nexus","description":"L\u00edders en Medicina Est\u00e8tica Avan\u00e7ada","potentialAction":[{"@type":"SearchAction","target":{"@type":"EntryPoint","urlTemplate":"https:\/\/grupnexus.com\/es\/?s={search_term_string}"},"query-input":"required name=search_term_string"}],"inLanguage":"es"},{"@type":"ImageObject","@id":"https:\/\/grupnexus.com\/es\/nuestro-equipo\/dr-felix-chavarria\/#primaryimage","inLanguage":"es","url":"https:\/\/grupnexus.com\/wp-content\/uploads\/2021\/08\/dr-felix-2021.jpg","contentUrl":"https:\/\/grupnexus.com\/wp-content\/uploads\/2021\/08\/dr-felix-2021.jpg","width":473,"height":678},{"@type":"WebPage","@id":"https:\/\/grupnexus.com\/es\/nuestro-equipo\/dr-felix-chavarria\/#webpage","url":"https:\/\/grupnexus.com\/es\/nuestro-equipo\/dr-felix-chavarria\/","name":"Dr. F\u00e8lix Chavarr\u00eda - Cl\u00ednica Nexus","isPartOf":{"@id":"https:\/\/grupnexus.com\/es\/#website"},"primaryImageOfPage":{"@id":"https:\/\/grupnexus.com\/es\/nuestro-equipo\/dr-felix-chavarria\/#primaryimage"},"datePublished":"2020-02-18T10:45:15+00:00","dateModified":"2021-08-27T07:08:40+00:00","breadcrumb":{"@id":"https:\/\/grupnexus.com\/es\/nuestro-equipo\/dr-felix-chavarria\/#breadcrumb"},"inLanguage":"es","potentialAction":[{"@type":"ReadAction","target":["https:\/\/grupnexus.com\/es\/nuestro-equipo\/dr-felix-chavarria\/"]}]},{"@type":"BreadcrumbList","@id":"https:\/\/grupnexus.com\/es\/nuestro-equipo\/dr-felix-chavarria\/#breadcrumb","itemListElement":[{"@type":"ListItem","position":1,"name":"Portada","item":"https:\/\/grupnexus.com\/es\/"},{"@type":"ListItem","position":2,"name":"Nuestro equipo","item":"https:\/\/grupnexus.com\/es\/nuestro-equipo\/"},{"@type":"ListItem","position":3,"name":"Dr. F\u00e8lix Chavarr\u00eda"}]}]}},"_links":{"self":[{"href":"https:\/\/grupnexus.com\/es\/wp-json\/wp\/v2\/pages\/43182"}],"collection":[{"href":"https:\/\/grupnexus.com\/es\/wp-json\/wp\/v2\/pages"}],"about":[{"href":"https:\/\/grupnexus.com\/es\/wp-json\/wp\/v2\/types\/page"}],"author":[{"embeddable":true,"href":"https:\/\/grupnexus.com\/es\/wp-json\/wp\/v2\/users\/6"}],"replies":[{"embeddable":true,"href":"https:\/\/grupnexus.com\/es\/wp-json\/wp\/v2\/comments?post=43182"}],"version-history":[{"count":8,"href":"https:\/\/grupnexus.com\/es\/wp-json\/wp\/v2\/pages\/43182\/revisions"}],"predecessor-version":[{"id":48161,"href":"https:\/\/grupnexus.com\/es\/wp-json\/wp\/v2\/pages\/43182\/revisions\/48161"}],"up":[{"embeddable":true,"href":"https:\/\/grupnexus.com\/es\/wp-json\/wp\/v2\/pages\/14354"}],"wp:attachment":[{"href":"https:\/\/grupnexus.com\/es\/wp-json\/wp\/v2\/media?parent=43182"}],"curies":[{"name":"wp","href":"https:\/\/api.w.org\/{rel}","templated":true}]}}