{"id":44483,"date":"2020-05-25T16:53:51","date_gmt":"2020-05-25T14:53:51","guid":{"rendered":"https:\/\/www.grupnexus.com\/?page_id=44483"},"modified":"2022-04-20T10:41:15","modified_gmt":"2022-04-20T08:41:15","slug":"medidas-covid-19","status":"publish","type":"page","link":"https:\/\/grupnexus.com\/es\/medidas-covid-19\/","title":{"rendered":"Medidas COVID-19"},"content":{"rendered":"<h1>Medidas COVID-19<\/h1>\n<p>&#8211; Cl\u00ednica Nexus es un espacio donde se realizan tratamientos m\u00e9dico-est\u00e9ticos, por lo que, recomendamos el uso responsable de la mascarilla en su interior (espacios comunes como sala de espera, ba\u00f1os, etc.)<br \/>\n&#8211; Recomendamos el uso de gel hidroalcoh\u00f3lico para desinfecci\u00f3n de las manos<br \/>\n&#8211; En el momento de realizar la recepci\u00f3n, los profesionales le realizar\u00e1n un cuestionario breve para mantener las medidas de precauci\u00f3n frente a la Covid-19<br \/>\n&#8211; Agradecemos su colaboraci\u00f3n<\/p>\n","protected":false},"excerpt":{"rendered":"<p>Medidas COVID-19 &#8211; Cl\u00ednica Nexus es un espacio donde se realizan tratamientos m\u00e9dico-est\u00e9ticos, por lo que, recomendamos el uso responsable de la mascarilla en su interior (espacios comunes como sala de espera, ba\u00f1os, etc.) &#8211; Recomendamos el uso de gel hidroalcoh\u00f3lico para desinfecci\u00f3n de las manos &#8211; En el momento de realizar la recepci\u00f3n, los&#8230;<\/p>\n","protected":false},"author":5,"featured_media":0,"parent":0,"menu_order":0,"comment_status":"closed","ping_status":"closed","template":"","meta":[],"yoast_head":"<!-- This site is optimized with the Yoast SEO plugin v18.6 - https:\/\/yoast.com\/wordpress\/plugins\/seo\/ -->\n<title>Medidas COVID-19 - Cl\u00ednica Nexus<\/title>\n<meta name=\"robots\" content=\"index, follow, max-snippet:-1, max-image-preview:large, max-video-preview:-1\" \/>\n<link rel=\"canonical\" href=\"https:\/\/grupnexus.com\/es\/medidas-covid-19\/\" \/>\n<meta property=\"og:locale\" content=\"es_ES\" \/>\n<meta property=\"og:type\" content=\"article\" \/>\n<meta property=\"og:title\" content=\"Medidas COVID-19 - Cl\u00ednica Nexus\" \/>\n<meta property=\"og:description\" content=\"Medidas COVID-19 &#8211; Cl\u00ednica Nexus es un espacio donde se realizan tratamientos m\u00e9dico-est\u00e9ticos, por lo que, recomendamos el uso responsable de la mascarilla en su interior (espacios comunes como sala de espera, ba\u00f1os, etc.) &#8211; Recomendamos el uso de gel hidroalcoh\u00f3lico para desinfecci\u00f3n de las manos &#8211; En el momento de realizar la recepci\u00f3n, los...\" \/>\n<meta property=\"og:url\" content=\"https:\/\/grupnexus.com\/es\/medidas-covid-19\/\" \/>\n<meta property=\"og:site_name\" content=\"Cl\u00ednica Nexus\" \/>\n<meta property=\"article:modified_time\" content=\"2022-04-20T08:41:15+00:00\" \/>\n<meta name=\"twitter:card\" content=\"summary\" \/>\n<meta name=\"twitter:label1\" content=\"Tiempo de lectura\" \/>\n\t<meta name=\"twitter:data1\" content=\"1 minuto\" \/>\n<script type=\"application\/ld+json\" class=\"yoast-schema-graph\">{\"@context\":\"https:\/\/schema.org\",\"@graph\":[{\"@type\":\"WebSite\",\"@id\":\"https:\/\/grupnexus.com\/es\/#website\",\"url\":\"https:\/\/grupnexus.com\/es\/\",\"name\":\"Cl\u00ednica Nexus\",\"description\":\"L\u00edders en Medicina Est\u00e8tica Avan\u00e7ada\",\"potentialAction\":[{\"@type\":\"SearchAction\",\"target\":{\"@type\":\"EntryPoint\",\"urlTemplate\":\"https:\/\/grupnexus.com\/es\/?s={search_term_string}\"},\"query-input\":\"required name=search_term_string\"}],\"inLanguage\":\"es\"},{\"@type\":\"WebPage\",\"@id\":\"https:\/\/grupnexus.com\/es\/medidas-covid-19\/#webpage\",\"url\":\"https:\/\/grupnexus.com\/es\/medidas-covid-19\/\",\"name\":\"Medidas COVID-19 - Cl\u00ednica Nexus\",\"isPartOf\":{\"@id\":\"https:\/\/grupnexus.com\/es\/#website\"},\"datePublished\":\"2020-05-25T14:53:51+00:00\",\"dateModified\":\"2022-04-20T08:41:15+00:00\",\"breadcrumb\":{\"@id\":\"https:\/\/grupnexus.com\/es\/medidas-covid-19\/#breadcrumb\"},\"inLanguage\":\"es\",\"potentialAction\":[{\"@type\":\"ReadAction\",\"target\":[\"https:\/\/grupnexus.com\/es\/medidas-covid-19\/\"]}]},{\"@type\":\"BreadcrumbList\",\"@id\":\"https:\/\/grupnexus.com\/es\/medidas-covid-19\/#breadcrumb\",\"itemListElement\":[{\"@type\":\"ListItem\",\"position\":1,\"name\":\"Portada\",\"item\":\"https:\/\/grupnexus.com\/es\/\"},{\"@type\":\"ListItem\",\"position\":2,\"name\":\"Medidas COVID-19\"}]}]}<\/script>\n<!-- \/ Yoast SEO plugin. -->","yoast_head_json":{"title":"Medidas COVID-19 - Cl\u00ednica Nexus","robots":{"index":"index","follow":"follow","max-snippet":"max-snippet:-1","max-image-preview":"max-image-preview:large","max-video-preview":"max-video-preview:-1"},"canonical":"https:\/\/grupnexus.com\/es\/medidas-covid-19\/","og_locale":"es_ES","og_type":"article","og_title":"Medidas COVID-19 - Cl\u00ednica Nexus","og_description":"Medidas COVID-19 &#8211; Cl\u00ednica Nexus es un espacio donde se realizan tratamientos m\u00e9dico-est\u00e9ticos, por lo que, recomendamos el uso responsable de la mascarilla en su interior (espacios comunes como sala de espera, ba\u00f1os, etc.) &#8211; Recomendamos el uso de gel hidroalcoh\u00f3lico para desinfecci\u00f3n de las manos &#8211; En el momento de realizar la recepci\u00f3n, los...","og_url":"https:\/\/grupnexus.com\/es\/medidas-covid-19\/","og_site_name":"Cl\u00ednica Nexus","article_modified_time":"2022-04-20T08:41:15+00:00","twitter_card":"summary","twitter_misc":{"Tiempo de lectura":"1 minuto"},"schema":{"@context":"https:\/\/schema.org","@graph":[{"@type":"WebSite","@id":"https:\/\/grupnexus.com\/es\/#website","url":"https:\/\/grupnexus.com\/es\/","name":"Cl\u00ednica Nexus","description":"L\u00edders en Medicina Est\u00e8tica Avan\u00e7ada","potentialAction":[{"@type":"SearchAction","target":{"@type":"EntryPoint","urlTemplate":"https:\/\/grupnexus.com\/es\/?s={search_term_string}"},"query-input":"required name=search_term_string"}],"inLanguage":"es"},{"@type":"WebPage","@id":"https:\/\/grupnexus.com\/es\/medidas-covid-19\/#webpage","url":"https:\/\/grupnexus.com\/es\/medidas-covid-19\/","name":"Medidas COVID-19 - Cl\u00ednica Nexus","isPartOf":{"@id":"https:\/\/grupnexus.com\/es\/#website"},"datePublished":"2020-05-25T14:53:51+00:00","dateModified":"2022-04-20T08:41:15+00:00","breadcrumb":{"@id":"https:\/\/grupnexus.com\/es\/medidas-covid-19\/#breadcrumb"},"inLanguage":"es","potentialAction":[{"@type":"ReadAction","target":["https:\/\/grupnexus.com\/es\/medidas-covid-19\/"]}]},{"@type":"BreadcrumbList","@id":"https:\/\/grupnexus.com\/es\/medidas-covid-19\/#breadcrumb","itemListElement":[{"@type":"ListItem","position":1,"name":"Portada","item":"https:\/\/grupnexus.com\/es\/"},{"@type":"ListItem","position":2,"name":"Medidas COVID-19"}]}]}},"_links":{"self":[{"href":"https:\/\/grupnexus.com\/es\/wp-json\/wp\/v2\/pages\/44483"}],"collection":[{"href":"https:\/\/grupnexus.com\/es\/wp-json\/wp\/v2\/pages"}],"about":[{"href":"https:\/\/grupnexus.com\/es\/wp-json\/wp\/v2\/types\/page"}],"author":[{"embeddable":true,"href":"https:\/\/grupnexus.com\/es\/wp-json\/wp\/v2\/users\/5"}],"replies":[{"embeddable":true,"href":"https:\/\/grupnexus.com\/es\/wp-json\/wp\/v2\/comments?post=44483"}],"version-history":[{"count":14,"href":"https:\/\/grupnexus.com\/es\/wp-json\/wp\/v2\/pages\/44483\/revisions"}],"predecessor-version":[{"id":50235,"href":"https:\/\/grupnexus.com\/es\/wp-json\/wp\/v2\/pages\/44483\/revisions\/50235"}],"wp:attachment":[{"href":"https:\/\/grupnexus.com\/es\/wp-json\/wp\/v2\/media?parent=44483"}],"curies":[{"name":"wp","href":"https:\/\/api.w.org\/{rel}","templated":true}]}}