{"id":45809,"date":"2020-11-10T13:40:49","date_gmt":"2020-11-10T11:40:49","guid":{"rendered":"https:\/\/www.grupnexus.com\/?page_id=45809"},"modified":"2020-11-10T13:40:49","modified_gmt":"2020-11-10T11:40:49","slug":"terminos-y-condiciones-de-compra","status":"publish","type":"page","link":"https:\/\/grupnexus.com\/es\/terminos-y-condiciones-de-compra\/","title":{"rendered":"T\u00e9rminos y Condiciones de Compra"},"content":{"rendered":"<p>Las presentes condiciones generales de contrataci\u00f3n se aplican a todas las transacciones comerciales realizadas en nuestra tienda online de www.grupnexus.com , en adelante Cl\u00ednica Nexus. Puede consultar m\u00e1s informaci\u00f3n sobre nosotros en nuestra pol\u00edtica de privacidad.<br \/>\nAntes de realizar cualquier pedido, por favor lea atentamente las Condiciones de Compra y nuestra Pol\u00edtica de Privacidad. Si no est\u00e1 de acuerdo con alguno de los siguientes apartados, no debe realizar ning\u00fan pedido.<br \/>\nLe recordamos que el acceso a la web es de car\u00e1cter libre y gratuito, la utilizaci\u00f3n de la web supone la aceptaci\u00f3n sin reservas de la totalidad de las Condiciones de uso. Si no estuviera de acuerdo con estas condiciones debe abstenerse de utilizar esta p\u00e1gina.<\/p>\n<h3>\u00bfQui\u00e9nes somos?<\/h3>\n<p>Cl\u00ednica Nexus es el nombre comercial de la sociedad mercantil Nexlaser, S.L., provista de CIF\/NIF B25416033, domiciliada en calle Segri\u00e0, 26 &#8211; 25006 de Lleida. Para cualquier comunicaci\u00f3n se puede dirigir a nuestro domicilio social, llamar por tel\u00e9fono al 973279810 o bien mandarnos un mail a info@grupnexus.com<\/p>\n<h3>\u00bfA qu\u00e9 nos dedicamos?<\/h3>\n<p>Cl\u00ednica Nexus est\u00e1 especializada en la realizaci\u00f3n de tratamientos m\u00e9dico-est\u00e9ticos y est\u00e9tica avanzada. En parte, se dedica a la venta a distancia, preferentemente por internet, de cualquier tipo de producto cosm\u00e9tico, nutricional o nutricosm\u00e9tico y servicio o tratamiento relacionado con el sector de la medicina est\u00e9tica, la imagen, belleza, salud y bienestar.<\/p>\n<h3>Informaci\u00f3n de inter\u00e9s sobre el uso de nuestra p\u00e1gina web<\/h3>\n<p>Cl\u00ednica Nexus tiene el compromiso de ofrecer informaci\u00f3n veraz y contrastada sobre sus servicios y tratamientos. Ante cualquier error tipogr\u00e1fico, de contenido o ajeno a su voluntad, Cl\u00ednica Nexus se reserva el derecho a cancelar, eliminar, actualizar y\/o modificar la informaci\u00f3n publicada en esta web. Si el error se produce en un precio de la tienda online o de una promoci\u00f3n, de inmediato se informar\u00e1 al cliente quien tendr\u00e1 el pleno derecho a rescindir el contrato de venta, si\u00e9ndole devuelto el importe si ya procedi\u00f3 a su pago, o aceptar el precio correcto, realizando un nuevo ingreso por la diferencia.<\/p>\n<p>Cl\u00ednica Nexus act\u00faa como comercializador o distribuidor de los productos publicitados en esta web, motivo por el cual no se hace responsable de la informaci\u00f3n que contengan dichos productos comercializados. Dicha responsabilidad recaer\u00e1 directamente sobre el fabricante o distribuidor directo en su caso.<\/p>\n<h3>\u00bfDebo registrarme como usuario\/a?<\/h3>\n<p>S\u00ed. La utilizaci\u00f3n de los servicios prestados por Cl\u00ednica Nexus y la compra en la web requiere el registro como usuario en la web. Con la finalidad de completar el registro se deber\u00e1n aportar una serie de datos personales que deber\u00e1n ser veraces y exactos. Consulta nuestra pol\u00edtica de privacidad.<\/p>\n<h3>\u00bfCu\u00e1l es el procedimiento de compra?<\/h3>\n<p>Para realizar una compra, el usuario puede elegir entre diversas formas de hacernos llegar su pedido:<\/p>\n<ul>\n<li>A trav\u00e9s del carrito de compra de la tienda online (Internet)<\/li>\n<li>Telef\u00f3nicamente al 973279810<\/li>\n<li>Enviando un whatsapp a 680315500<\/li>\n<li>V\u00eda mail a info@grupnexus.com<\/li>\n<\/ul>\n<h3>Impuestos aplicables<\/h3>\n<p>Los precios de los productos expuestos en la p\u00e1gina web de Cl\u00ednica Nexus, incluyen el Impuesto sobre el Valor A\u00f1adido (IVA) que, en su caso, sea procedente aplicar.<\/p>\n<p>Las compras que vayan a ser entregadas dentro del territorio de cualquiera de los estados miembros de la Uni\u00f3n Europea estar\u00e1n sujetas a IVA.<\/p>\n<p>Las compras que deban ser entregadas en territorios de Estados no miembros de la Uni\u00f3n Europea, o en Canarias, Ceuta o Melilla estar\u00e1n exentas del IVA.<\/p>\n<h3>Forma de pago y pedidos<\/h3>\n<p>Al formular el pedido, el cliente puede elegir libremente abonar las compras que realice mediante:<\/p>\n<ul>\n<li>Tarjeta VISA \/MASTERCARD<\/li>\n<li>Transferencia bancaria<\/li>\n<li>Bizum<\/li>\n<\/ul>\n<p>En determinados casos y para prevenir posibles fraudes, Cl\u00ednica Nexus se reserva la posibilidad de solicitar a un cliente una forma de pago concreta en el caso de que no se acredite fehacientemente la identidad del comprador.<\/p>\n<p>Una vez realizado un pedido, el cliente recibir\u00e1 un mensaje (WhatsApp o mail) confirmando la recepci\u00f3n del mismo as\u00ed como informaci\u00f3n sobre el env\u00edo y la facturaci\u00f3n del pedido realizado.<\/p>\n<h3>Condiciones de env\u00edo<\/h3>\n<p>Cl\u00ednica Nexus \u00fanicamente env\u00eda sus productos a Espa\u00f1a (pen\u00ednsula).<\/p>\n<p>La compra est\u00e1 sujeta a gastos de env\u00edo, a cuenta del comprador, salvo que el importe supere los 100\u20ac, en este caso los gastos de env\u00edo ser\u00e1n gratuitos.<\/p>\n<p>Los plazos de env\u00edo son orientativos, entre 24\/48 horas en d\u00edas h\u00e1biles (sin contar festivos ni fines de semana) y los gastos son de 6,5\u20ac, salvo cambios por volumen o peso en pedidos grandes.<\/p>\n<p>La reserva de tratamientos m\u00e9dico-est\u00e9tico por supuesto no conlleva gastos de env\u00edo.<\/p>\n<p>Cl\u00ednica Nexus no se har\u00e1 responsable de la demora en la entrega de los pedidos por causas no imputables a la misma, as\u00ed como por casos fortuitos o de fuerza mayor.<\/p>\n<h3>Devoluci\u00f3n y cancelaci\u00f3n<\/h3>\n<p>A pesar de nuestros estrictos controles de calidad, por causas ajenas a nuestra voluntad, podr\u00eda recibir un art\u00edculo no deseado, con un defecto de f\u00e1brica o en mal estado. Cl\u00ednica Nexus se responsabiliza de ello en los t\u00e9rminos establecidos en la legislaci\u00f3n de protecci\u00f3n al consumidor.<\/p>\n<p>Le rogamos que tan pronto advierta que el producto no es conforme, se ponga en contacto con nosotros, antes de transcurrir los 7 d\u00edas h\u00e1biles posteriores a recibir los productos, a trav\u00e9s de los medios de comunicaci\u00f3n habituales ( 973279810 o enviando un mail a info@grupnexus.com)<\/p>\n<p>Cl\u00ednica Nexus no responde por un uso negligente o indebido del producto adquirido.<\/p>\n<p>En caso de producto defectuoso o en mal estado, el consumidor podr\u00e1 optar por la sustituci\u00f3n del mismo o reembolso del dinero. En general, nuestros productos solo admiten su sustituci\u00f3n. Nuestro transportista se encargar\u00e1 de recoger el producto defectuoso. Es imprescindible que acompa\u00f1e copia de la factura de venta.<\/p>\n<p>Verificadas las condiciones para la sustituci\u00f3n del producto, se le enviar\u00e1 uno nuevo sin m\u00e1s demora. Todas las gestiones ser\u00e1n totalmente gratuitas para el consumidor.<\/p>\n<p>Los productos devueltos no pueden haber sido manipulados, abiertos ni usados, a excepci\u00f3n de un producto que est\u00e9 en mal estado.<\/p>\n<p>Cl\u00ednica Nexus no puede garantizar la disponibilidad o el plazo de entrega de los productos comercializados en esta web, al estar sometido a la disponibilidad del fabricante y de la empresa de transporte subcontratada. Pudiendo anular su pedido de compra sin ning\u00fan coste, y devolviendo \u00edntegramente su importe, siempre y cuando el pedido no est\u00e9 ya de camino.<\/p>\n<h3>Compromiso del cliente<\/h3>\n<p>En caso de realizar una compra de un producto o contrataci\u00f3n de servicio mediante esta web, est\u00e1 manifestando ser mayor de edad y estar facultado de la capacidad legal suficiente para vincularse a los t\u00e9rminos y condiciones presentes.<\/p>\n<p>Como cliente de Cl\u00ednica Nexus se compromete a aceptar todas las disposiciones y condiciones recogidas en las presentes Condiciones de Compra. Asimismo, se compromete a guardar de forma confidencial y con la m\u00e1xima diligencia sus claves de acceso personal a nuestro sitio web. As\u00ed como a facilitar informaci\u00f3n veraz sobre sus datos solicitados, y actualizarlos en su caso. Si sus datos son err\u00f3neos o no est\u00e1n actualizados, Cl\u00ednica Nexus no se responsabiliza del posible retraso o imposibilidad en su entrega.<\/p>\n<h3>Legislaci\u00f3n aplicable y jurisdicci\u00f3n competente<\/h3>\n<p>Las compraventas realizadas con Cl\u00ednica Nexus se someten a la legislaci\u00f3n de Espa\u00f1a.<br \/>\nEn caso de cualquier conflicto o discrepancia, el fuero aplicable ser\u00e1 el de los Juzgados o Tribunales de la provincia de Lleida.<\/p>\n<div class=\"sep\"><\/div>\n","protected":false},"excerpt":{"rendered":"<p>Las presentes condiciones generales de contrataci\u00f3n se aplican a todas las transacciones comerciales realizadas en nuestra tienda online de www.grupnexus.com , en adelante Cl\u00ednica Nexus. Puede consultar m\u00e1s informaci\u00f3n sobre nosotros en nuestra pol\u00edtica de privacidad. Antes de realizar cualquier pedido, por favor lea atentamente las Condiciones de Compra y nuestra Pol\u00edtica de Privacidad. Si&#8230;<\/p>\n","protected":false},"author":5,"featured_media":0,"parent":0,"menu_order":0,"comment_status":"closed","ping_status":"closed","template":"","meta":[],"yoast_head":"<!-- This site is optimized with the Yoast SEO plugin v18.6 - https:\/\/yoast.com\/wordpress\/plugins\/seo\/ -->\n<title>T\u00e9rminos y Condiciones de Compra - Cl\u00ednica Nexus<\/title>\n<meta name=\"robots\" content=\"index, follow, max-snippet:-1, max-image-preview:large, max-video-preview:-1\" \/>\n<link rel=\"canonical\" href=\"https:\/\/grupnexus.com\/es\/terminos-y-condiciones-de-compra\/\" \/>\n<meta property=\"og:locale\" content=\"es_ES\" \/>\n<meta property=\"og:type\" content=\"article\" \/>\n<meta property=\"og:title\" content=\"T\u00e9rminos y Condiciones de Compra - Cl\u00ednica Nexus\" \/>\n<meta property=\"og:description\" content=\"Las presentes condiciones generales de contrataci\u00f3n se aplican a todas las transacciones comerciales realizadas en nuestra tienda online de www.grupnexus.com , en adelante Cl\u00ednica Nexus. Puede consultar m\u00e1s informaci\u00f3n sobre nosotros en nuestra pol\u00edtica de privacidad. Antes de realizar cualquier pedido, por favor lea atentamente las Condiciones de Compra y nuestra Pol\u00edtica de Privacidad. Si...\" \/>\n<meta property=\"og:url\" content=\"https:\/\/grupnexus.com\/es\/terminos-y-condiciones-de-compra\/\" \/>\n<meta property=\"og:site_name\" content=\"Cl\u00ednica Nexus\" \/>\n<meta name=\"twitter:card\" content=\"summary\" \/>\n<meta name=\"twitter:label1\" content=\"Tiempo de lectura\" \/>\n\t<meta name=\"twitter:data1\" content=\"6 minutos\" \/>\n<script type=\"application\/ld+json\" class=\"yoast-schema-graph\">{\"@context\":\"https:\/\/schema.org\",\"@graph\":[{\"@type\":\"WebSite\",\"@id\":\"https:\/\/grupnexus.com\/es\/#website\",\"url\":\"https:\/\/grupnexus.com\/es\/\",\"name\":\"Cl\u00ednica Nexus\",\"description\":\"L\u00edders en Medicina Est\u00e8tica Avan\u00e7ada\",\"potentialAction\":[{\"@type\":\"SearchAction\",\"target\":{\"@type\":\"EntryPoint\",\"urlTemplate\":\"https:\/\/grupnexus.com\/es\/?s={search_term_string}\"},\"query-input\":\"required name=search_term_string\"}],\"inLanguage\":\"es\"},{\"@type\":\"WebPage\",\"@id\":\"https:\/\/grupnexus.com\/es\/terminos-y-condiciones-de-compra\/#webpage\",\"url\":\"https:\/\/grupnexus.com\/es\/terminos-y-condiciones-de-compra\/\",\"name\":\"T\u00e9rminos y Condiciones de Compra - Cl\u00ednica Nexus\",\"isPartOf\":{\"@id\":\"https:\/\/grupnexus.com\/es\/#website\"},\"datePublished\":\"2020-11-10T11:40:49+00:00\",\"dateModified\":\"2020-11-10T11:40:49+00:00\",\"breadcrumb\":{\"@id\":\"https:\/\/grupnexus.com\/es\/terminos-y-condiciones-de-compra\/#breadcrumb\"},\"inLanguage\":\"es\",\"potentialAction\":[{\"@type\":\"ReadAction\",\"target\":[\"https:\/\/grupnexus.com\/es\/terminos-y-condiciones-de-compra\/\"]}]},{\"@type\":\"BreadcrumbList\",\"@id\":\"https:\/\/grupnexus.com\/es\/terminos-y-condiciones-de-compra\/#breadcrumb\",\"itemListElement\":[{\"@type\":\"ListItem\",\"position\":1,\"name\":\"Portada\",\"item\":\"https:\/\/grupnexus.com\/es\/\"},{\"@type\":\"ListItem\",\"position\":2,\"name\":\"T\u00e9rminos y Condiciones de Compra\"}]}]}<\/script>\n<!-- \/ Yoast SEO plugin. -->","yoast_head_json":{"title":"T\u00e9rminos y Condiciones de Compra - Cl\u00ednica Nexus","robots":{"index":"index","follow":"follow","max-snippet":"max-snippet:-1","max-image-preview":"max-image-preview:large","max-video-preview":"max-video-preview:-1"},"canonical":"https:\/\/grupnexus.com\/es\/terminos-y-condiciones-de-compra\/","og_locale":"es_ES","og_type":"article","og_title":"T\u00e9rminos y Condiciones de Compra - Cl\u00ednica Nexus","og_description":"Las presentes condiciones generales de contrataci\u00f3n se aplican a todas las transacciones comerciales realizadas en nuestra tienda online de www.grupnexus.com , en adelante Cl\u00ednica Nexus. Puede consultar m\u00e1s informaci\u00f3n sobre nosotros en nuestra pol\u00edtica de privacidad. Antes de realizar cualquier pedido, por favor lea atentamente las Condiciones de Compra y nuestra Pol\u00edtica de Privacidad. Si...","og_url":"https:\/\/grupnexus.com\/es\/terminos-y-condiciones-de-compra\/","og_site_name":"Cl\u00ednica Nexus","twitter_card":"summary","twitter_misc":{"Tiempo de lectura":"6 minutos"},"schema":{"@context":"https:\/\/schema.org","@graph":[{"@type":"WebSite","@id":"https:\/\/grupnexus.com\/es\/#website","url":"https:\/\/grupnexus.com\/es\/","name":"Cl\u00ednica Nexus","description":"L\u00edders en Medicina Est\u00e8tica Avan\u00e7ada","potentialAction":[{"@type":"SearchAction","target":{"@type":"EntryPoint","urlTemplate":"https:\/\/grupnexus.com\/es\/?s={search_term_string}"},"query-input":"required name=search_term_string"}],"inLanguage":"es"},{"@type":"WebPage","@id":"https:\/\/grupnexus.com\/es\/terminos-y-condiciones-de-compra\/#webpage","url":"https:\/\/grupnexus.com\/es\/terminos-y-condiciones-de-compra\/","name":"T\u00e9rminos y Condiciones de Compra - Cl\u00ednica Nexus","isPartOf":{"@id":"https:\/\/grupnexus.com\/es\/#website"},"datePublished":"2020-11-10T11:40:49+00:00","dateModified":"2020-11-10T11:40:49+00:00","breadcrumb":{"@id":"https:\/\/grupnexus.com\/es\/terminos-y-condiciones-de-compra\/#breadcrumb"},"inLanguage":"es","potentialAction":[{"@type":"ReadAction","target":["https:\/\/grupnexus.com\/es\/terminos-y-condiciones-de-compra\/"]}]},{"@type":"BreadcrumbList","@id":"https:\/\/grupnexus.com\/es\/terminos-y-condiciones-de-compra\/#breadcrumb","itemListElement":[{"@type":"ListItem","position":1,"name":"Portada","item":"https:\/\/grupnexus.com\/es\/"},{"@type":"ListItem","position":2,"name":"T\u00e9rminos y Condiciones de Compra"}]}]}},"_links":{"self":[{"href":"https:\/\/grupnexus.com\/es\/wp-json\/wp\/v2\/pages\/45809"}],"collection":[{"href":"https:\/\/grupnexus.com\/es\/wp-json\/wp\/v2\/pages"}],"about":[{"href":"https:\/\/grupnexus.com\/es\/wp-json\/wp\/v2\/types\/page"}],"author":[{"embeddable":true,"href":"https:\/\/grupnexus.com\/es\/wp-json\/wp\/v2\/users\/5"}],"replies":[{"embeddable":true,"href":"https:\/\/grupnexus.com\/es\/wp-json\/wp\/v2\/comments?post=45809"}],"version-history":[{"count":2,"href":"https:\/\/grupnexus.com\/es\/wp-json\/wp\/v2\/pages\/45809\/revisions"}],"predecessor-version":[{"id":45812,"href":"https:\/\/grupnexus.com\/es\/wp-json\/wp\/v2\/pages\/45809\/revisions\/45812"}],"wp:attachment":[{"href":"https:\/\/grupnexus.com\/es\/wp-json\/wp\/v2\/media?parent=45809"}],"curies":[{"name":"wp","href":"https:\/\/api.w.org\/{rel}","templated":true}]}}